{"id":2671,"date":"2022-12-30T10:42:38","date_gmt":"2022-12-30T09:42:38","guid":{"rendered":"https:\/\/wp-dev.space\/zn\/transparency-center\/master\/integritet\/"},"modified":"2023-03-27T18:35:07","modified_gmt":"2023-03-27T18:35:07","slug":"sekretesspolicy","status":"publish","type":"page","link":"https:\/\/test2.disinfocode.eu\/sv\/sekretesspolicy\/","title":{"rendered":"Integritet"},"content":{"rendered":"<section class=\"title-block title-block-m gutenberg-block  indigo-800\" >\n  <div class=\"sk-container sk-container--fl\">\n\n    <div class=\"title-block-content sk-container\">\n\n      \n            <h1 class=\"title-block-title\">Integritet<\/h1>\n    <\/div>\n\n  <\/div>\n<\/section>\n<section data-aos=\"fade-up\" data-aos-duration=\"1500\" class=\"text-block text-block-m gutenberg-block \" >\n  <div class=\"sk-container sk-container--fl\">\n\n    <div class=\"text-block-content sk-container\">\n\n              <div class=\"text-block-text\"><p><strong>Ikrafttr\u00e4dande: 9 februari 2023<\/strong><\/p>\n<p>Transparency Centre (&#8221;vi&#8221;, &#8221;vi&#8221;, &#8221;v\u00e5r&#8221; eller &#8221;organisationen&#8221;) har \u00e5tagit sig att skydda integriteten f\u00f6r de personer som bes\u00f6ker v\u00e5ra webbplatser. Vi har \u00e5tagit oss att skydda integriteten f\u00f6r juridiska personer endast om det kan vara till\u00e4mpligt enligt g\u00e4llande lag. Den h\u00e4r sekretesspolicyn \u00e4r till f\u00f6r att informera om v\u00e5r policy f\u00f6r insamling, anv\u00e4ndning och utl\u00e4mnande av personuppgifter n\u00e4r du surfar p\u00e5 v\u00e5ra webbplatser och de val du har i samband med dessa uppgifter.<\/p>\n<p>Genom att anv\u00e4nda v\u00e5r webbplats godk\u00e4nner du att vi samlar in och anv\u00e4nder information i enlighet med denna policy.<\/p>\n<p>Om du har n\u00e5gra fr\u00e5gor eller klagom\u00e5l om organisationens sekretessrutiner kan du kontakta oss via detta e-postmeddelande.<\/p>\n<p>Denna integritetspolicy omfattar f\u00f6ljande webbplats: https:\/\/test2.disinfocode.eu\/<\/p>\n<h2>Vad samlar vi in?<\/h2>\n<p>Vi samlar in f\u00f6ljande typer av information f\u00f6r olika \u00e4ndam\u00e5l (listade nedan) f\u00f6r att tillhandah\u00e5lla och f\u00f6rb\u00e4ttra v\u00e5r service till dig:<\/p>\n<ul>\n<li>Personuppgifter<\/li>\n<li>Anv\u00e4ndningsuppgifter<\/li>\n<li>Platsuppgifter<\/li>\n<li>Sp\u00e5rning av kakor Uppgifter<\/li>\n<\/ul>\n<h3>Personuppgifter<\/h3>\n<p>N\u00e4r du kontaktar oss f\u00f6r att f\u00e5 information om v\u00e5ra tj\u00e4nster, n\u00e4r du registrerar dig f\u00f6r att delta i v\u00e5ra evenemang eller n\u00e4r du ans\u00f6ker om att arbeta f\u00f6r oss, kr\u00e4ver Transparency Centre att du l\u00e4mnar personlig kontaktinformation som kan anv\u00e4ndas f\u00f6r att kontakta eller identifiera dig. Personligt identifierbar information kan inkludera, men \u00e4r inte begr\u00e4nsad till:<\/p>\n<ul>\n<li>F\u00f6rnamn och efternamn<\/li>\n<li>E-postadress<\/li>\n<\/ul>\n<h3>Anv\u00e4ndningsuppgifter<\/h3>\n<p>Vi kan ocks\u00e5 samla in information om hur tj\u00e4nsten n\u00e5s och anv\u00e4nds (&#8221;anv\u00e4ndningsdata&#8221;). Dessa anv\u00e4ndningsuppgifter kan inneh\u00e5lla information som din dators Internet Protocol-adress (t.ex. IP-adress), webbl\u00e4sartyp, webbl\u00e4sarversion, de sidor p\u00e5 v\u00e5ra webbplatser som du bes\u00f6ker, tid och datum f\u00f6r ditt bes\u00f6k, den tid du spenderar p\u00e5 dessa sidor, unika enhetsidentifierare och andra diagnostiska uppgifter.<\/p>\n<h3>Platsuppgifter<\/h3>\n<p>Vi kan anv\u00e4nda och lagra information om din plats om du ger oss till\u00e5telse att g\u00f6ra det (&#8221;Platsuppgifter&#8221;). Vi anv\u00e4nder dessa uppgifter f\u00f6r att tillhandah\u00e5lla funktioner i v\u00e5r tj\u00e4nst och f\u00f6r att f\u00f6rb\u00e4ttra och anpassa den tj\u00e4nst vi erbjuder.<\/p>\n<p>Du kan n\u00e4r som helst aktivera eller inaktivera lokaliseringstj\u00e4nster n\u00e4r du anv\u00e4nder v\u00e5ra webbplatser genom inst\u00e4llningarna p\u00e5 din enhet.<\/p>\n<h3>Sp\u00e5rning av kakor Uppgifter<\/h3>\n<p>Vi anv\u00e4nder cookies och liknande sp\u00e5rningsteknik f\u00f6r att sp\u00e5ra aktiviteten p\u00e5 v\u00e5ra webbplatser och f\u00f6r att spara viss information.<\/p>\n<p>Mer information om cookies och exempel p\u00e5 cookies som vi anv\u00e4nder finns p\u00e5 <a href=\"https:\/\/test2.disinfocode.eu\/sv\/cookies\/\">sidan Cookie Policy<\/a>.<\/p>\n<h2>Hur anv\u00e4nder vi dina uppgifter?<\/h2>\n<p>Transparenscentrumet anv\u00e4nder de insamlade uppgifterna f\u00f6r olika \u00e4ndam\u00e5l som beskrivs nedan.<\/p>\n<p>Transparency Centre anv\u00e4nder personuppgifter om v\u00e5ra (potentiella) undertecknare f\u00f6r att utf\u00f6ra de beg\u00e4rda tj\u00e4nsterna. Om du t.ex. skickar in en ans\u00f6kan f\u00f6r att informera oss om ditt intresse f\u00f6r att bli undertecknare kommer vi att anv\u00e4nda den information du l\u00e4mnat f\u00f6r att skicka dig meddelanden om ytterligare steg f\u00f6r att bli undertecknare och information om v\u00e5r grupp.<\/p>\n<h2>Lagring av uppgifter<\/h2>\n<p>Transparency Centre kommer att beh\u00e5lla dina personuppgifter endast s\u00e5 l\u00e4nge som det \u00e4r n\u00f6dv\u00e4ndigt f\u00f6r de \u00e4ndam\u00e5l som anges i denna sekretesspolicy. Vi kommer att beh\u00e5lla och anv\u00e4nda dina personuppgifter i den utstr\u00e4ckning som kr\u00e4vs f\u00f6r att uppfylla v\u00e5ra juridiska skyldigheter (till exempel om vi m\u00e5ste beh\u00e5lla dina uppgifter f\u00f6r att f\u00f6lja g\u00e4llande lagar), l\u00f6sa tvister och uppr\u00e4tth\u00e5lla v\u00e5ra juridiska avtal och policyer.<\/p>\n<p>Transparency Centre kommer ocks\u00e5 att beh\u00e5lla anv\u00e4ndningsuppgifter f\u00f6r interna analys\u00e4ndam\u00e5l. Anv\u00e4ndningsuppgifter sparas i allm\u00e4nhet under en kortare period, utom n\u00e4r dessa uppgifter anv\u00e4nds f\u00f6r att st\u00e4rka s\u00e4kerheten eller f\u00f6rb\u00e4ttra funktionaliteten hos v\u00e5r tj\u00e4nst, eller n\u00e4r vi \u00e4r juridiskt skyldiga att spara dessa uppgifter under l\u00e4ngre tidsperioder.<\/p>\n<h3>\u00d6verf\u00f6ring av uppgifter<\/h3>\n<p>Din information, inklusive personuppgifter, kan \u00f6verf\u00f6ras till &#8211; och underh\u00e5llas p\u00e5 &#8211; datorer som finns utanf\u00f6r din stat, provins, land eller annan statlig jurisdiktion d\u00e4r dataskyddslagarna kan skilja sig fr\u00e5n dem i din jurisdiktion.<\/p>\n<p>Observera att vi \u00f6verf\u00f6r uppgifterna, inklusive personuppgifter, till Belgien och behandlar dem d\u00e4r. V\u00e5ra webbhotellsservrar och datacenter finns i Belgien.<\/p>\n<p>Ditt samtycke till denna sekretesspolicy f\u00f6ljt av att du l\u00e4mnar s\u00e5dan information utg\u00f6r ditt samtycke till denna \u00f6verf\u00f6ring.<\/p>\n<p>Transparency Centre kommer att vidta alla \u00e5tg\u00e4rder som rimligen \u00e4r n\u00f6dv\u00e4ndiga f\u00f6r att s\u00e4kerst\u00e4lla att dina uppgifter behandlas p\u00e5 ett s\u00e4kert s\u00e4tt och i enlighet med denna sekretesspolicy, och ingen \u00f6verf\u00f6ring av dina personuppgifter till en organisation eller ett land kommer att \u00e4ga rum om det inte finns adekvata kontroller p\u00e5 plats, inklusive s\u00e4kerheten f\u00f6r dina uppgifter och annan personlig information.<\/p>\n<h3>Uppgifternas s\u00e4kerhet<\/h3>\n<p>S\u00e4kerheten f\u00f6r dina uppgifter \u00e4r viktig f\u00f6r oss, men kom ih\u00e5g att ingen \u00f6verf\u00f6ringsmetod via Internet eller elektronisk lagring \u00e4r 100 % s\u00e4ker. \u00c4ven om vi str\u00e4var efter att anv\u00e4nda kommersiellt acceptabla metoder f\u00f6r att skydda dina personuppgifter kan vi inte garantera absolut s\u00e4kerhet.<\/p>\n<p>Du godk\u00e4nner och accepterar de risker som \u00e4r f\u00f6rknippade med anv\u00e4ndningen av Internet.<\/p>\n<h3>Dina r\u00e4ttigheter<\/h3>\n<p>Transparency Centre str\u00e4var efter att vidta rimliga \u00e5tg\u00e4rder f\u00f6r att du ska kunna korrigera, \u00e4ndra, radera eller begr\u00e4nsa anv\u00e4ndningen av dina personuppgifter.<\/p>\n<p>Om du vill veta vilka personuppgifter vi har om dig och om du vill att de ska tas bort fr\u00e5n v\u00e5ra system, v\u00e4nligen kontakta oss.<\/p>\n<p>Under vissa omst\u00e4ndigheter har du r\u00e4tt att:<\/p>\n<ul>\n<li>Att f\u00e5 tillg\u00e5ng till och f\u00e5 en kopia av de personuppgifter som vi har om dig.<\/li>\n<li>Att korrigera felaktiga personuppgifter som finns om dig.<\/li>\n<li>Att l\u00e4mna in ett klagom\u00e5l till en beh\u00f6rig tillsynsmyndighet.<\/li>\n<li>Att beg\u00e4ra att personuppgifter om dig raderas (&#8221;r\u00e4tten att bli bortgl\u00f6md&#8221;).<\/li>\n<\/ul>\n<p>Du kan ha r\u00e4tt till dataportabilitet, om det \u00e4r till\u00e4mpligt p\u00e5 din situation enligt g\u00e4llande lag, f\u00f6r den information som du l\u00e4mnar till \u00f6ppenhetscentret.Om vi \u00e4r skyldiga att f\u00f6lja portabiliteten kan du beg\u00e4ra att f\u00e5 en kopia av dina personuppgifter i ett vanligt f\u00f6rekommande elektroniskt format s\u00e5 att du kan hantera och flytta dem.<\/p>\n<p>Observera att vi kan be dig bekr\u00e4fta din identitet innan vi svarar p\u00e5 s\u00e5dana f\u00f6rfr\u00e5gningar.<\/p>\n<h3>Tj\u00e4nsteleverant\u00f6rer<\/h3>\n<p>Vi kan anlita tredjepartsf\u00f6retag och enskilda personer f\u00f6r att underl\u00e4tta den tj\u00e4nst vi tillhandah\u00e5ller (&#8221;tj\u00e4nsteleverant\u00f6rer&#8221;), f\u00f6r att tillhandah\u00e5lla tj\u00e4nsten f\u00f6r v\u00e5r r\u00e4kning, f\u00f6r att utf\u00f6ra tj\u00e4nsterelaterade tj\u00e4nster eller f\u00f6r att hj\u00e4lpa oss att analysera hur v\u00e5r tj\u00e4nst anv\u00e4nds. I synnerhet kan vi anv\u00e4nda oss av st\u00f6d fr\u00e5n tredje part f\u00f6r att tillhandah\u00e5lla hosting och underh\u00e5ll av denna webbplats.<\/p>\n<p>Dessa tredje parter har tillg\u00e5ng till dina personuppgifter endast f\u00f6r att utf\u00f6ra dessa uppgifter f\u00f6r v\u00e5r r\u00e4kning och \u00e4r skyldiga att inte avsl\u00f6ja eller anv\u00e4nda dem i n\u00e5got annat syfte.<\/p>\n<p>Vi avvisar v\u00e5rt ansvar och \u00e4r inte ansvariga f\u00f6r kostnader och\/eller skador som kan orsakas av tj\u00e4nsteleverant\u00f6rer.<\/p>\n<h2>Analyser<\/h2>\n<p>Vi kan anv\u00e4nda tredjepartsleverant\u00f6rer f\u00f6r att \u00f6vervaka och analysera anv\u00e4ndningen av v\u00e5r tj\u00e4nst.<\/p>\n<h3>Google Analytics<\/h3>\n<p>Google Analytics \u00e4r en webbanalystj\u00e4nst som erbjuds av Google och som sp\u00e5rar och rapporterar trafiken p\u00e5 webbplatsen. Google anv\u00e4nder de insamlade uppgifterna f\u00f6r att sp\u00e5ra och \u00f6vervaka anv\u00e4ndningen av v\u00e5r tj\u00e4nst. Dessa uppgifter delas med andra Google-tj\u00e4nster. Google kan anv\u00e4nda de insamlade uppgifterna f\u00f6r att kontextualisera och anpassa annonserna i sitt eget annonsn\u00e4tverk.<\/p>\n<p>Du kan v\u00e4lja att inte g\u00f6ra din aktivitet p\u00e5 tj\u00e4nsten tillg\u00e4nglig f\u00f6r Google Analytics genom att installera webbl\u00e4sartill\u00e4gget Google Analytics opt-out. Till\u00e4gget f\u00f6rhindrar att Google Analytics JavaScript (ga.js, analytics.js och dc.js) delar information med Google Analytics om bes\u00f6ksaktivitet.<\/p>\n<p>Mer information om Googles sekretesspolicy finns p\u00e5 Googles webbsida om sekretessvillkor: http:\/\/www.google.com\/intl\/en\/policies\/privacy<\/p>\n<h2>L\u00e4nkar till andra webbplatser<\/h2>\n<p>V\u00e5r tj\u00e4nst kan inneh\u00e5lla l\u00e4nkar till andra webbplatser som inte drivs av oss. Om du klickar p\u00e5 en l\u00e4nk fr\u00e5n en tredje part kommer du att h\u00e4nvisas till den tredje partens webbplats. Vi rekommenderar starkt att du l\u00e4ser sekretesspolicyn f\u00f6r varje webbplats du bes\u00f6ker.<\/p>\n<p>Vi har ingen kontroll \u00f6ver och tar inget ansvar f\u00f6r inneh\u00e5llet, sekretesspolicyn eller praxis p\u00e5 webbplatser eller tj\u00e4nster fr\u00e5n tredje part.<\/p>\n<h2>Barns integritet<\/h2>\n<p>V\u00e5r tj\u00e4nst riktar sig inte till personer under 13 \u00e5r, eller en yngre \u00e5lder om det \u00e4r till\u00e4mpligt enligt en specifik lag som kan g\u00e4lla, men inte yngre \u00e4n 13 \u00e5r (&#8221;barn&#8221;).<\/p>\n<p>Vi samlar inte medvetet in personligt identifierbar information fr\u00e5n personer under 13 \u00e5r. Om du \u00e4r f\u00f6r\u00e4lder eller v\u00e5rdnadshavare och k\u00e4nner till att ditt barn har l\u00e4mnat personuppgifter till oss, v\u00e4nligen kontakta oss. Om vi f\u00e5r k\u00e4nnedom om att vi har samlat in personuppgifter fr\u00e5n barn utan att ha kontrollerat f\u00f6r\u00e4ldrarnas samtycke vidtar vi \u00e5tg\u00e4rder f\u00f6r att ta bort informationen fr\u00e5n v\u00e5ra servrar.<\/p>\n<h2>Utl\u00e4mnande f\u00f6r brottsbek\u00e4mpning<\/h2>\n<p>Under vissa omst\u00e4ndigheter kan \u00f6ppenhetscentret vara skyldigt att l\u00e4mna ut dina personuppgifter om det kr\u00e4vs enligt lag eller som svar p\u00e5 giltiga f\u00f6rfr\u00e5gningar fr\u00e5n offentliga myndigheter (t.ex. en domstol eller ett statligt organ).<\/p>\n<h2>R\u00e4ttsliga krav och ansvarsgr\u00e4nser<\/h2>\n<p>Transparency Centre kan avsl\u00f6ja dina personuppgifter i god tro att en s\u00e5dan \u00e5tg\u00e4rd \u00e4r n\u00f6dv\u00e4ndig f\u00f6r att:<\/p>\n<ul>\n<li>F\u00f6r att uppfylla en r\u00e4ttslig f\u00f6rpliktelse<\/li>\n<li>F\u00f6r att skydda och f\u00f6rsvara Transparency Centre:s r\u00e4ttigheter eller egendom.<\/li>\n<li>F\u00f6r att f\u00f6rhindra eller utreda eventuella oegentligheter i samband med tj\u00e4nsten.<\/li>\n<li>F\u00f6r att skydda den personliga s\u00e4kerheten f\u00f6r tj\u00e4nstens anv\u00e4ndare eller allm\u00e4nheten.<\/li>\n<li>F\u00f6r att skydda sig mot juridiskt ansvar<\/li>\n<\/ul>\n<h2>\u00c4ndringar i denna integritetspolicy<\/h2>\n<p>Vi kan komma att uppdatera v\u00e5r sekretesspolicy fr\u00e5n tid till annan. Vi kommer att meddela dig om eventuella \u00e4ndringar genom att publicera den nya sekretesspolicyn p\u00e5 den h\u00e4r sidan.<\/p>\n<p>Du rekommenderas att regelbundet l\u00e4sa igenom denna sekretesspolicy f\u00f6r att se om den har \u00e4ndrats. \u00c4ndringar i denna sekretesspolicy tr\u00e4der i kraft n\u00e4r de publiceras p\u00e5 denna sida.<\/p>\n<h2>E-postbedr\u00e4geri<\/h2>\n<p>E-postbedr\u00e4gerier har \u00f6kat dramatiskt de senaste \u00e5ren, cyberkriminella blir allt smartare och vi beh\u00f6ver din hj\u00e4lp f\u00f6r att bek\u00e4mpa dem.<\/p>\n<p>Cyberkriminella anv\u00e4nder alla medel de kan f\u00f6r att lura dig att dela med dig av din personliga information, din ekonomiska information eller till och med beg\u00e4ra att du g\u00f6r o\u00f6nskade och kriminella betalningar. De flesta cyberbrottslingar f\u00f6rs\u00f6ker kontakta h\u00f6ga f\u00f6retr\u00e4dare f\u00f6r f\u00f6retaget och f\u00f6rs\u00f6ker skapa en k\u00e4nsla av br\u00e5dska.<\/p>\n<p>Kom ih\u00e5g att det finns m\u00e5nga bedr\u00e4geritekniker och \u00e4ven med dagens teknik kan m\u00e5nga e-postbedr\u00e4gerier kringg\u00e5 de s\u00e4kerhets\u00e5tg\u00e4rder som f\u00f6retag har inf\u00f6rt.<\/p>\n<h3>Vad g\u00f6r man i tveksamma fall?<\/h3>\n<p>Om du \u00e4r os\u00e4ker p\u00e5 om e-postmeddelandet \u00e4r legitimt \u00e4r din b\u00e4sta v\u00e4n din IKT-, IT- eller s\u00e4kerhetsavdelning. De kan hj\u00e4lpa till att unders\u00f6ka e-postmeddelandets ursprung och legitimitet.<\/p>\n<h3>Hur rapporterar jag bedr\u00e4gliga e-postmeddelanden?<\/h3>\n<p>Du kan kontakta oss p\u00e5 <a href=\"mailto:contact@disinfocode.vost.pt\">contact@disinfocode.vost.pt<\/a> f\u00f6r att rapportera ett bedr\u00e4gligt e-postmeddelande eller f\u00f6r att f\u00e5 hj\u00e4lp med att skydda dina uppgifter. Vi g\u00f6r v\u00e5rt b\u00e4sta f\u00f6r att garantera maximalt skydd.<\/p>\n<h2>Kontakta oss<\/h2>\n<p>Om du har n\u00e5gra fr\u00e5gor om denna sekretesspolicy <a href=\"mailto:contact@disinfocode.vost.pt\">kan du kontakta oss via detta e-postmeddelande<\/a>.<\/p>\n<\/div>\n      \n          <\/div>\n\n  <\/div>\n<\/section>\n","protected":false},"excerpt":{"rendered":"","protected":false},"author":62,"featured_media":0,"parent":0,"menu_order":0,"comment_status":"closed","ping_status":"closed","template":"","meta":{"_acf_changed":false,"footnotes":""},"class_list":["post-2671","page","type-page","status-publish","hentry"],"acf":[],"yoast_head":"<!-- This site is optimized with the Yoast SEO plugin v24.5 - https:\/\/yoast.com\/wordpress\/plugins\/seo\/ -->\n<title>Integritet - Transparency Centre<\/title>\n<meta name=\"robots\" content=\"index, follow, max-snippet:-1, max-image-preview:large, max-video-preview:-1\" \/>\n<link rel=\"canonical\" href=\"https:\/\/test2.disinfocode.eu\/sv\/sekretesspolicy\/\" \/>\n<meta property=\"og:locale\" content=\"sv_SE\" \/>\n<meta property=\"og:type\" content=\"article\" \/>\n<meta property=\"og:title\" content=\"Integritet - Transparency Centre\" \/>\n<meta property=\"og:url\" content=\"https:\/\/test2.disinfocode.eu\/sv\/sekretesspolicy\/\" \/>\n<meta property=\"og:site_name\" content=\"Transparency Centre\" \/>\n<meta property=\"article:modified_time\" content=\"2023-03-27T18:35:07+00:00\" \/>\n<meta name=\"twitter:card\" content=\"summary_large_image\" \/>\n<script type=\"application\/ld+json\" class=\"yoast-schema-graph\">{\"@context\":\"https:\/\/schema.org\",\"@graph\":[{\"@type\":\"WebPage\",\"@id\":\"https:\/\/test2.disinfocode.eu\/sv\/sekretesspolicy\/\",\"url\":\"https:\/\/test2.disinfocode.eu\/sv\/sekretesspolicy\/\",\"name\":\"Integritet - Transparency Centre\",\"isPartOf\":{\"@id\":\"https:\/\/disinfocode.eu\/#website\"},\"datePublished\":\"2022-12-30T09:42:38+00:00\",\"dateModified\":\"2023-03-27T18:35:07+00:00\",\"inLanguage\":\"sv-SE\",\"potentialAction\":[{\"@type\":\"ReadAction\",\"target\":[\"https:\/\/test2.disinfocode.eu\/sv\/sekretesspolicy\/\"]}]},{\"@type\":\"WebSite\",\"@id\":\"https:\/\/disinfocode.eu\/#website\",\"url\":\"https:\/\/disinfocode.eu\/\",\"name\":\"Transparency Centre\",\"description\":\"Discover the Code of Practice on Disinformation\",\"potentialAction\":[{\"@type\":\"SearchAction\",\"target\":{\"@type\":\"EntryPoint\",\"urlTemplate\":\"https:\/\/disinfocode.eu\/?s={search_term_string}\"},\"query-input\":{\"@type\":\"PropertyValueSpecification\",\"valueRequired\":true,\"valueName\":\"search_term_string\"}}],\"inLanguage\":\"sv-SE\"}]}<\/script>\n<!-- \/ Yoast SEO plugin. -->","yoast_head_json":{"title":"Integritet - Transparency Centre","robots":{"index":"index","follow":"follow","max-snippet":"max-snippet:-1","max-image-preview":"max-image-preview:large","max-video-preview":"max-video-preview:-1"},"canonical":"https:\/\/test2.disinfocode.eu\/sv\/sekretesspolicy\/","og_locale":"sv_SE","og_type":"article","og_title":"Integritet - Transparency Centre","og_url":"https:\/\/test2.disinfocode.eu\/sv\/sekretesspolicy\/","og_site_name":"Transparency Centre","article_modified_time":"2023-03-27T18:35:07+00:00","twitter_card":"summary_large_image","schema":{"@context":"https:\/\/schema.org","@graph":[{"@type":"WebPage","@id":"https:\/\/test2.disinfocode.eu\/sv\/sekretesspolicy\/","url":"https:\/\/test2.disinfocode.eu\/sv\/sekretesspolicy\/","name":"Integritet - Transparency Centre","isPartOf":{"@id":"https:\/\/disinfocode.eu\/#website"},"datePublished":"2022-12-30T09:42:38+00:00","dateModified":"2023-03-27T18:35:07+00:00","inLanguage":"sv-SE","potentialAction":[{"@type":"ReadAction","target":["https:\/\/test2.disinfocode.eu\/sv\/sekretesspolicy\/"]}]},{"@type":"WebSite","@id":"https:\/\/disinfocode.eu\/#website","url":"https:\/\/disinfocode.eu\/","name":"Transparency Centre","description":"Discover the Code of Practice on Disinformation","potentialAction":[{"@type":"SearchAction","target":{"@type":"EntryPoint","urlTemplate":"https:\/\/disinfocode.eu\/?s={search_term_string}"},"query-input":{"@type":"PropertyValueSpecification","valueRequired":true,"valueName":"search_term_string"}}],"inLanguage":"sv-SE"}]}},"_links":{"self":[{"href":"https:\/\/test2.disinfocode.eu\/sv\/wp-json\/wp\/v2\/pages\/2671","targetHints":{"allow":["GET"]}}],"collection":[{"href":"https:\/\/test2.disinfocode.eu\/sv\/wp-json\/wp\/v2\/pages"}],"about":[{"href":"https:\/\/test2.disinfocode.eu\/sv\/wp-json\/wp\/v2\/types\/page"}],"author":[{"embeddable":true,"href":"https:\/\/test2.disinfocode.eu\/sv\/wp-json\/wp\/v2\/users\/62"}],"replies":[{"embeddable":true,"href":"https:\/\/test2.disinfocode.eu\/sv\/wp-json\/wp\/v2\/comments?post=2671"}],"version-history":[{"count":0,"href":"https:\/\/test2.disinfocode.eu\/sv\/wp-json\/wp\/v2\/pages\/2671\/revisions"}],"wp:attachment":[{"href":"https:\/\/test2.disinfocode.eu\/sv\/wp-json\/wp\/v2\/media?parent=2671"}],"curies":[{"name":"wp","href":"https:\/\/api.w.org\/{rel}","templated":true}]}}