{"id":2648,"date":"2023-01-20T11:04:00","date_gmt":"2023-01-20T09:04:00","guid":{"rendered":"https:\/\/wp-dev.space\/zn\/transparency-center\/master\/tillganglighetsforklaring\/"},"modified":"2023-02-20T12:58:16","modified_gmt":"2023-02-20T12:58:16","slug":"tillganglighetsforklaring","status":"publish","type":"page","link":"https:\/\/test2.disinfocode.eu\/sv\/tillganglighetsforklaring\/","title":{"rendered":"Tillg\u00e4nglighetsf\u00f6rklaring"},"content":{"rendered":"\n<p><\/p>\n<section class=\"title-block title-block-m gutenberg-block  indigo-800\" >\n  <div class=\"sk-container sk-container--fl\">\n\n    <div class=\"title-block-content sk-container\">\n\n      \n            <h1 class=\"title-block-title\">Tillg\u00e4nglighetsf\u00f6rklaring<\/h1>\n    <\/div>\n\n  <\/div>\n<\/section>\n<section data-aos=\"fade-up\" data-aos-duration=\"1500\" class=\"text-block text-block-m gutenberg-block \" >\n  <div class=\"sk-container sk-container--fl\">\n\n    <div class=\"text-block-content sk-container\">\n\n              <div class=\"text-block-text\"><p>Transparency Centre har \u00e5tagit sig att s\u00e4kerst\u00e4lla digital tillg\u00e4nglighet f\u00f6r personer med funktionshinder. Vi f\u00f6rb\u00e4ttrar st\u00e4ndigt anv\u00e4ndarupplevelsen f\u00f6r alla och till\u00e4mpar relevanta tillg\u00e4nglighetsstandarder.<\/p>\n<h2>\u00c5tg\u00e4rder f\u00f6r att st\u00f6dja tillg\u00e4ngligheten<\/h2>\n<p>Transparency Centre vidtar f\u00f6ljande \u00e5tg\u00e4rder f\u00f6r att s\u00e4kerst\u00e4lla tillg\u00e4ngligheten till https:\/\/test2.disinfocode.eu\/:<\/p>\n<ul>\n<li>Bilderna har meningsfull alt-text<\/li>\n<li>L\u00e4nkarna \u00e4r visuellt identifierbara<\/li>\n<li>Anv\u00e4nda beskrivande rubriker f\u00f6r avsnitt<\/li>\n<li>Anv\u00e4nda korrekt semantisk HTML-elementstruktur<\/li>\n<li>Formul\u00e4ren har beskrivande etiketter<\/li>\n<li>Information \u00e4r inte beroende av f\u00e4rg, ljud, form, storlek eller visuell plats.<\/li>\n<li>Texten och bakgrundsf\u00e4rgen har tillr\u00e4cklig kontrast<\/li>\n<li>Inneh\u00e5llet skalas korrekt n\u00e4r det zoomas\/f\u00f6rstoras<\/li>\n<li>Anv\u00e4nd en beskrivande titel-tagg<\/li>\n<li>St\u00f6d f\u00f6r tangentbordsnavigering<\/li>\n<li>Fokustillst\u00e5nd som \u00e4r synliga f\u00f6r tangentbordsanv\u00e4ndare<\/li>\n<li>Korrekta inmatningstyper i HTML5<\/li>\n<li>Webbplatsen tar inte slut ov\u00e4ntat<\/li>\n<li>Multimedia har alternativa s\u00e4tt att konsumeras<\/li>\n<li>Anv\u00e4ndning av HTML-attributet &#8217;lang&#8217;<\/li>\n<li>Anv\u00e4nda begripliga etiketter f\u00f6r insatsvaror<\/li>\n<li>Formul\u00e4ren har anv\u00e4ndbara och l\u00e4ttillg\u00e4ngliga fel- och kontrollmeddelanden.<\/li>\n<li>L\u00e4nkarna \u00e4r beskrivande och ger en avsikt<\/li>\n<li>Sidorna \u00e4r begripliga utan att stilar \u00e4r aktiverade<\/li>\n<li>HTML \u00e4r korrekt och felfri<\/li>\n<li>CSV-filer och JSON-filer \u00e4r r\u00e5datam\u00e4ngder.<\/li>\n<\/ul>\n<h2>Status f\u00f6r \u00f6verensst\u00e4mmelse<\/h2>\n<p>Riktlinjerna f\u00f6r tillg\u00e4nglighet till webbinneh\u00e5ll (WCAG) definierar krav f\u00f6r designers och utvecklare f\u00f6r att f\u00f6rb\u00e4ttra tillg\u00e4ngligheten f\u00f6r personer med funktionshinder. Den definierar tre niv\u00e5er av \u00f6verensst\u00e4mmelse: Niv\u00e5 A, niv\u00e5 AA och niv\u00e5 AAA. Transparency Centre \u00e4r delvis f\u00f6renligt med WCAG 2.1 niv\u00e5 AA. Delvis \u00f6verensst\u00e4mmande inneb\u00e4r att vissa delar av inneh\u00e5llet inte helt \u00f6verensst\u00e4mmer med tillg\u00e4nglighetsstandarden.<\/p>\n<h3>Ytterligare \u00f6verv\u00e4ganden om tillg\u00e4nglighet<\/h3>\n<p class=\"basic-information conformance-additions\">\u00c4ven om v\u00e5rt m\u00e5l \u00e4r WCAG 2.1 niv\u00e5 AA-\u00f6verensst\u00e4mmelse har vi ocks\u00e5 till\u00e4mpat n\u00e5gra framg\u00e5ngskriterier p\u00e5 niv\u00e5 AAA:<\/p>\n<ul>\n<li>Vi anv\u00e4nder inte bilder av text.<\/li>\n<li>Alla funktioner \u00e4r tillg\u00e4ngliga med tangentbord utan undantag.<\/li>\n<li>Inga tidsgr\u00e4nser p\u00e5 webbplatsen.<\/li>\n<li>Inget inneh\u00e5ll blinkar mer \u00e4n tre g\u00e5nger per sekund.<\/li>\n<li>Vi informerar anv\u00e4ndarna om var de befinner sig p\u00e5 webbplatsen.<\/li>\n<li>Syftet med varje l\u00e4nk framg\u00e5r tydligt av dess text.<\/li>\n<li>Organiserat inneh\u00e5ll med rubriker.<\/li>\n<\/ul>\n<h2>Tekniska specifikationer<\/h2>\n<p>Tillg\u00e4ngligheten till Transparency Centre \u00e4r beroende av f\u00f6ljande tekniker f\u00f6r att fungera med den s\u00e4rskilda kombinationen av webbl\u00e4sare och eventuella hj\u00e4lpmedel eller plugins som \u00e4r installerade p\u00e5 din dator:<\/p>\n<ul class=\"technical-information technologies-used\">\n<li>HTML<\/li>\n<li>WAI-ARIA<\/li>\n<li>CSS<\/li>\n<li>JavaScript<\/li>\n<li>PHP<\/li>\n<\/ul>\n<p>Dessa tekniker \u00e4r beroende av att de \u00f6verensst\u00e4mmer med de standarder f\u00f6r tillg\u00e4nglighet som anv\u00e4nds.<\/p>\n<h2>Begr\u00e4nsningar och alternativ<\/h2>\n<p>Trots att vi g\u00f6r v\u00e5rt b\u00e4sta f\u00f6r att s\u00e4kerst\u00e4lla tillg\u00e4ngligheten till Transparency Centre kan det finnas vissa begr\u00e4nsningar. Nedan f\u00f6ljer en beskrivning av k\u00e4nda begr\u00e4nsningar och m\u00f6jliga l\u00f6sningar. V\u00e4nligen kontakta oss om du uppt\u00e4cker ett problem som inte anges nedan.<\/p>\n<p>K\u00e4nda begr\u00e4nsningar f\u00f6r Transparency Centre:<\/p>\n<ol class=\"technical-information accessibility-limitations\">\n<li>Automatiskt genererade PDF-filer fr\u00e5n rapporter kanske inte \u00e4r helt kompatibla<\/li>\n<li>Uppladdade PDF-filer fr\u00e5n undertecknarna kanske inte \u00e4r helt kompatibla.<\/li>\n<\/ol>\n<h2>Feedback<\/h2>\n<p>Vi v\u00e4lkomnar din feedback om tillg\u00e4ngligheten till Transparency Centre. Meddela oss om du st\u00f6ter p\u00e5 hinder f\u00f6r tillg\u00e4nglighet p\u00e5 Transparency Centre:<\/p>\n<p>E-post: contact@disinfocode.vost.pt<\/p>\n<\/div>\n      \n          <\/div>\n\n  <\/div>\n<\/section>\n\n<p><\/p>\n","protected":false},"excerpt":{"rendered":"","protected":false},"author":93,"featured_media":0,"parent":0,"menu_order":0,"comment_status":"closed","ping_status":"closed","template":"","meta":{"_acf_changed":false,"footnotes":""},"class_list":["post-2648","page","type-page","status-publish","hentry"],"acf":[],"yoast_head":"<!-- This site is optimized with the Yoast SEO plugin v24.5 - https:\/\/yoast.com\/wordpress\/plugins\/seo\/ -->\n<title>Tillg\u00e4nglighetsf\u00f6rklaring - Transparency Centre<\/title>\n<meta name=\"robots\" content=\"index, follow, max-snippet:-1, max-image-preview:large, max-video-preview:-1\" \/>\n<link rel=\"canonical\" href=\"https:\/\/test2.disinfocode.eu\/sv\/tillganglighetsforklaring\/\" \/>\n<meta property=\"og:locale\" content=\"sv_SE\" \/>\n<meta property=\"og:type\" content=\"article\" \/>\n<meta property=\"og:title\" content=\"Tillg\u00e4nglighetsf\u00f6rklaring - Transparency Centre\" \/>\n<meta property=\"og:url\" content=\"https:\/\/test2.disinfocode.eu\/sv\/tillganglighetsforklaring\/\" \/>\n<meta property=\"og:site_name\" content=\"Transparency Centre\" \/>\n<meta property=\"article:modified_time\" content=\"2023-02-20T12:58:16+00:00\" \/>\n<meta name=\"twitter:card\" content=\"summary_large_image\" \/>\n<script type=\"application\/ld+json\" class=\"yoast-schema-graph\">{\"@context\":\"https:\/\/schema.org\",\"@graph\":[{\"@type\":\"WebPage\",\"@id\":\"https:\/\/test2.disinfocode.eu\/sv\/tillganglighetsforklaring\/\",\"url\":\"https:\/\/test2.disinfocode.eu\/sv\/tillganglighetsforklaring\/\",\"name\":\"Tillg\u00e4nglighetsf\u00f6rklaring - Transparency Centre\",\"isPartOf\":{\"@id\":\"https:\/\/disinfocode.eu\/#website\"},\"datePublished\":\"2023-01-20T09:04:00+00:00\",\"dateModified\":\"2023-02-20T12:58:16+00:00\",\"inLanguage\":\"sv-SE\",\"potentialAction\":[{\"@type\":\"ReadAction\",\"target\":[\"https:\/\/test2.disinfocode.eu\/sv\/tillganglighetsforklaring\/\"]}]},{\"@type\":\"WebSite\",\"@id\":\"https:\/\/disinfocode.eu\/#website\",\"url\":\"https:\/\/disinfocode.eu\/\",\"name\":\"Transparency Centre\",\"description\":\"Discover the Code of Practice on Disinformation\",\"potentialAction\":[{\"@type\":\"SearchAction\",\"target\":{\"@type\":\"EntryPoint\",\"urlTemplate\":\"https:\/\/disinfocode.eu\/?s={search_term_string}\"},\"query-input\":{\"@type\":\"PropertyValueSpecification\",\"valueRequired\":true,\"valueName\":\"search_term_string\"}}],\"inLanguage\":\"sv-SE\"}]}<\/script>\n<!-- \/ Yoast SEO plugin. -->","yoast_head_json":{"title":"Tillg\u00e4nglighetsf\u00f6rklaring - Transparency Centre","robots":{"index":"index","follow":"follow","max-snippet":"max-snippet:-1","max-image-preview":"max-image-preview:large","max-video-preview":"max-video-preview:-1"},"canonical":"https:\/\/test2.disinfocode.eu\/sv\/tillganglighetsforklaring\/","og_locale":"sv_SE","og_type":"article","og_title":"Tillg\u00e4nglighetsf\u00f6rklaring - Transparency Centre","og_url":"https:\/\/test2.disinfocode.eu\/sv\/tillganglighetsforklaring\/","og_site_name":"Transparency Centre","article_modified_time":"2023-02-20T12:58:16+00:00","twitter_card":"summary_large_image","schema":{"@context":"https:\/\/schema.org","@graph":[{"@type":"WebPage","@id":"https:\/\/test2.disinfocode.eu\/sv\/tillganglighetsforklaring\/","url":"https:\/\/test2.disinfocode.eu\/sv\/tillganglighetsforklaring\/","name":"Tillg\u00e4nglighetsf\u00f6rklaring - Transparency Centre","isPartOf":{"@id":"https:\/\/disinfocode.eu\/#website"},"datePublished":"2023-01-20T09:04:00+00:00","dateModified":"2023-02-20T12:58:16+00:00","inLanguage":"sv-SE","potentialAction":[{"@type":"ReadAction","target":["https:\/\/test2.disinfocode.eu\/sv\/tillganglighetsforklaring\/"]}]},{"@type":"WebSite","@id":"https:\/\/disinfocode.eu\/#website","url":"https:\/\/disinfocode.eu\/","name":"Transparency Centre","description":"Discover the Code of Practice on Disinformation","potentialAction":[{"@type":"SearchAction","target":{"@type":"EntryPoint","urlTemplate":"https:\/\/disinfocode.eu\/?s={search_term_string}"},"query-input":{"@type":"PropertyValueSpecification","valueRequired":true,"valueName":"search_term_string"}}],"inLanguage":"sv-SE"}]}},"_links":{"self":[{"href":"https:\/\/test2.disinfocode.eu\/sv\/wp-json\/wp\/v2\/pages\/2648","targetHints":{"allow":["GET"]}}],"collection":[{"href":"https:\/\/test2.disinfocode.eu\/sv\/wp-json\/wp\/v2\/pages"}],"about":[{"href":"https:\/\/test2.disinfocode.eu\/sv\/wp-json\/wp\/v2\/types\/page"}],"author":[{"embeddable":true,"href":"https:\/\/test2.disinfocode.eu\/sv\/wp-json\/wp\/v2\/users\/93"}],"replies":[{"embeddable":true,"href":"https:\/\/test2.disinfocode.eu\/sv\/wp-json\/wp\/v2\/comments?post=2648"}],"version-history":[{"count":2,"href":"https:\/\/test2.disinfocode.eu\/sv\/wp-json\/wp\/v2\/pages\/2648\/revisions"}],"predecessor-version":[{"id":2739,"href":"https:\/\/test2.disinfocode.eu\/sv\/wp-json\/wp\/v2\/pages\/2648\/revisions\/2739"}],"wp:attachment":[{"href":"https:\/\/test2.disinfocode.eu\/sv\/wp-json\/wp\/v2\/media?parent=2648"}],"curies":[{"name":"wp","href":"https:\/\/api.w.org\/{rel}","templated":true}]}}