{"id":2691,"date":"2023-01-23T14:17:37","date_gmt":"2023-01-23T14:17:37","guid":{"rendered":"https:\/\/wp-dev.space\/zn\/transparency-center\/master\/cookies\/"},"modified":"2023-02-09T03:18:44","modified_gmt":"2023-02-09T03:18:44","slug":"cookies","status":"publish","type":"page","link":"https:\/\/test2.disinfocode.eu\/sk\/cookies\/","title":{"rendered":"Cookies"},"content":{"rendered":"<section class=\"title-block title-block-m gutenberg-block  indigo-800\" >\n  <div class=\"sk-container sk-container--fl\">\n\n    <div class=\"title-block-content sk-container\">\n\n      \n            <h1 class=\"title-block-title\">Cookies<\/h1>\n    <\/div>\n\n  <\/div>\n<\/section>\n<section data-aos=\"fade-up\" data-aos-duration=\"1500\" class=\"text-block text-block-m gutenberg-block \" >\n  <div class=\"sk-container sk-container--fl\">\n\n    <div class=\"text-block-content sk-container\">\n\n              <div class=\"text-block-text\"><p>Na sledovanie aktivity na na\u0161ich webov\u00fdch str\u00e1nkach a uchov\u00e1vanie ur\u010dit\u00fdch inform\u00e1ci\u00ed pou\u017e\u00edvame s\u00fabory cookie a podobn\u00e9 technol\u00f3gie sledovania.<\/p>\n<p>S\u00fabory cookie s\u00fa s\u00fabory s mal\u00fdm mno\u017estvom \u00fadajov, ktor\u00e9 m\u00f4\u017eu obsahova\u0165 anonymn\u00fd jedine\u010dn\u00fd identifik\u00e1tor. S\u00fabory cookie sa odosielaj\u00fa do v\u00e1\u0161ho prehliada\u010da z webovej str\u00e1nky a ukladaj\u00fa sa vo va\u0161om zariaden\u00ed. Na zhroma\u017e\u010fovanie a sledovanie inform\u00e1ci\u00ed a na zlep\u0161ovanie a anal\u00fdzu nami poskytovan\u00fdch slu\u017eieb sa pou\u017e\u00edvaj\u00fa aj sledovacie technol\u00f3gie, ako s\u00fa maj\u00e1ky, zna\u010dky a skripty.<\/p>\n<p>Svojmu prehliada\u010du m\u00f4\u017eete da\u0165 pokyn, aby odmietol v\u0161etky s\u00fabory cookie alebo aby informoval o odoslan\u00ed s\u00faboru cookie. Ak v\u0161ak s\u00fabory cookie neprijmete, mo\u017eno nebudete m\u00f4c\u0165 pou\u017e\u00edva\u0165 niektor\u00e9 \u010dasti na\u0161ich webov\u00fdch str\u00e1nok.<\/p>\n<p>Na tejto webovej lokalite sa pou\u017e\u00edvaj\u00fa tieto s\u00fabory cookie:<\/p>\n<p><strong><div id=\"cmplz-cookies-overview\"><\/div><\/strong><\/p>\n<div><\/div>\n<\/div>\n      \n          <\/div>\n\n  <\/div>\n<\/section>\n","protected":false},"excerpt":{"rendered":"","protected":false},"author":93,"featured_media":0,"parent":0,"menu_order":0,"comment_status":"closed","ping_status":"closed","template":"","meta":{"_acf_changed":false,"footnotes":""},"class_list":["post-2691","page","type-page","status-publish","hentry"],"acf":[],"yoast_head":"<!-- This site is optimized with the Yoast SEO plugin v24.5 - https:\/\/yoast.com\/wordpress\/plugins\/seo\/ -->\n<title>Cookies - Transparency Centre<\/title>\n<meta name=\"robots\" content=\"index, follow, max-snippet:-1, max-image-preview:large, max-video-preview:-1\" \/>\n<link rel=\"canonical\" href=\"https:\/\/test2.disinfocode.eu\/sk\/cookies\/\" \/>\n<meta property=\"og:locale\" content=\"sk_SK\" \/>\n<meta property=\"og:type\" content=\"article\" \/>\n<meta property=\"og:title\" content=\"Cookies - Transparency Centre\" \/>\n<meta property=\"og:url\" content=\"https:\/\/test2.disinfocode.eu\/sk\/cookies\/\" \/>\n<meta property=\"og:site_name\" content=\"Transparency Centre\" \/>\n<meta property=\"article:modified_time\" content=\"2023-02-09T03:18:44+00:00\" \/>\n<meta name=\"twitter:card\" content=\"summary_large_image\" \/>\n<script type=\"application\/ld+json\" class=\"yoast-schema-graph\">{\"@context\":\"https:\/\/schema.org\",\"@graph\":[{\"@type\":\"WebPage\",\"@id\":\"https:\/\/test2.disinfocode.eu\/sk\/cookies\/\",\"url\":\"https:\/\/test2.disinfocode.eu\/sk\/cookies\/\",\"name\":\"Cookies - Transparency Centre\",\"isPartOf\":{\"@id\":\"https:\/\/disinfocode.eu\/#website\"},\"datePublished\":\"2023-01-23T14:17:37+00:00\",\"dateModified\":\"2023-02-09T03:18:44+00:00\",\"inLanguage\":\"sk-SK\",\"potentialAction\":[{\"@type\":\"ReadAction\",\"target\":[\"https:\/\/test2.disinfocode.eu\/sk\/cookies\/\"]}]},{\"@type\":\"WebSite\",\"@id\":\"https:\/\/disinfocode.eu\/#website\",\"url\":\"https:\/\/disinfocode.eu\/\",\"name\":\"Transparency Centre\",\"description\":\"Discover the Code of Practice on Disinformation\",\"potentialAction\":[{\"@type\":\"SearchAction\",\"target\":{\"@type\":\"EntryPoint\",\"urlTemplate\":\"https:\/\/disinfocode.eu\/?s={search_term_string}\"},\"query-input\":{\"@type\":\"PropertyValueSpecification\",\"valueRequired\":true,\"valueName\":\"search_term_string\"}}],\"inLanguage\":\"sk-SK\"}]}<\/script>\n<!-- \/ Yoast SEO plugin. -->","yoast_head_json":{"title":"Cookies - Transparency Centre","robots":{"index":"index","follow":"follow","max-snippet":"max-snippet:-1","max-image-preview":"max-image-preview:large","max-video-preview":"max-video-preview:-1"},"canonical":"https:\/\/test2.disinfocode.eu\/sk\/cookies\/","og_locale":"sk_SK","og_type":"article","og_title":"Cookies - Transparency Centre","og_url":"https:\/\/test2.disinfocode.eu\/sk\/cookies\/","og_site_name":"Transparency Centre","article_modified_time":"2023-02-09T03:18:44+00:00","twitter_card":"summary_large_image","schema":{"@context":"https:\/\/schema.org","@graph":[{"@type":"WebPage","@id":"https:\/\/test2.disinfocode.eu\/sk\/cookies\/","url":"https:\/\/test2.disinfocode.eu\/sk\/cookies\/","name":"Cookies - Transparency Centre","isPartOf":{"@id":"https:\/\/disinfocode.eu\/#website"},"datePublished":"2023-01-23T14:17:37+00:00","dateModified":"2023-02-09T03:18:44+00:00","inLanguage":"sk-SK","potentialAction":[{"@type":"ReadAction","target":["https:\/\/test2.disinfocode.eu\/sk\/cookies\/"]}]},{"@type":"WebSite","@id":"https:\/\/disinfocode.eu\/#website","url":"https:\/\/disinfocode.eu\/","name":"Transparency Centre","description":"Discover the Code of Practice on Disinformation","potentialAction":[{"@type":"SearchAction","target":{"@type":"EntryPoint","urlTemplate":"https:\/\/disinfocode.eu\/?s={search_term_string}"},"query-input":{"@type":"PropertyValueSpecification","valueRequired":true,"valueName":"search_term_string"}}],"inLanguage":"sk-SK"}]}},"_links":{"self":[{"href":"https:\/\/test2.disinfocode.eu\/sk\/wp-json\/wp\/v2\/pages\/2691","targetHints":{"allow":["GET"]}}],"collection":[{"href":"https:\/\/test2.disinfocode.eu\/sk\/wp-json\/wp\/v2\/pages"}],"about":[{"href":"https:\/\/test2.disinfocode.eu\/sk\/wp-json\/wp\/v2\/types\/page"}],"author":[{"embeddable":true,"href":"https:\/\/test2.disinfocode.eu\/sk\/wp-json\/wp\/v2\/users\/93"}],"replies":[{"embeddable":true,"href":"https:\/\/test2.disinfocode.eu\/sk\/wp-json\/wp\/v2\/comments?post=2691"}],"version-history":[{"count":0,"href":"https:\/\/test2.disinfocode.eu\/sk\/wp-json\/wp\/v2\/pages\/2691\/revisions"}],"wp:attachment":[{"href":"https:\/\/test2.disinfocode.eu\/sk\/wp-json\/wp\/v2\/media?parent=2691"}],"curies":[{"name":"wp","href":"https:\/\/api.w.org\/{rel}","templated":true}]}}