{"id":2668,"date":"2022-12-30T10:42:38","date_gmt":"2022-12-30T09:42:38","guid":{"rendered":"https:\/\/wp-dev.space\/zn\/transparency-center\/master\/ochrana-osobnych-udajov\/"},"modified":"2023-03-27T18:35:10","modified_gmt":"2023-03-27T18:35:10","slug":"zasady-ochrany-osobnych-udajov","status":"publish","type":"page","link":"https:\/\/test2.disinfocode.eu\/sk\/zasady-ochrany-osobnych-udajov\/","title":{"rendered":"Ochrana osobn\u00fdch \u00fadajov"},"content":{"rendered":"<section class=\"title-block title-block-m gutenberg-block  indigo-800\" >\n  <div class=\"sk-container sk-container--fl\">\n\n    <div class=\"title-block-content sk-container\">\n\n      \n            <h1 class=\"title-block-title\">Ochrana osobn\u00fdch \u00fadajov<\/h1>\n    <\/div>\n\n  <\/div>\n<\/section>\n<section data-aos=\"fade-up\" data-aos-duration=\"1500\" class=\"text-block text-block-m gutenberg-block \" >\n  <div class=\"sk-container sk-container--fl\">\n\n    <div class=\"text-block-content sk-container\">\n\n              <div class=\"text-block-text\"><p><strong>D\u00e1tum \u00fa\u010dinnosti: 9. febru\u00e1r 2023<\/strong><\/p>\n<p>Centrum pre transparentnos\u0165 (\u010falej len &#8222;my&#8220;, &#8222;n\u00e1s&#8220;, &#8222;na\u0161e&#8220; alebo &#8222;organiz\u00e1cia&#8220;) sa zav\u00e4zuje chr\u00e1ni\u0165 s\u00fakromie os\u00f4b, ktor\u00e9 nav\u0161t\u00edvia na\u0161e webov\u00e9 str\u00e1nky. Zav\u00e4zujeme sa chr\u00e1ni\u0165 s\u00fakromie pr\u00e1vnick\u00fdch os\u00f4b len vtedy, ak sa to m\u00f4\u017ee uplatni\u0165 pod\u013ea platn\u00e9ho z\u00e1kona. Cie\u013eom tohto vyhl\u00e1senia o ochrane osobn\u00fdch \u00fadajov je informova\u0165 o na\u0161ich z\u00e1sad\u00e1ch t\u00fdkaj\u00facich sa zhroma\u017e\u010fovania, pou\u017e\u00edvania a zverej\u0148ovania osobn\u00fdch \u00fadajov pri prehliadan\u00ed na\u0161ich webov\u00fdch str\u00e1nok a o mo\u017enostiach, ktor\u00e9 m\u00e1te v s\u00favislosti s t\u00fdmito \u00fadajmi.<\/p>\n<p>Pou\u017e\u00edvan\u00edm na\u0161ej webovej str\u00e1nky s\u00fahlas\u00edte so zhroma\u017e\u010fovan\u00edm a pou\u017e\u00edvan\u00edm inform\u00e1ci\u00ed v s\u00falade s t\u00fdmito z\u00e1sadami.<\/p>\n<p>Ak m\u00e1te ak\u00e9ko\u013evek ot\u00e1zky alebo s\u0165a\u017enosti t\u00fdkaj\u00face sa postupov organiz\u00e1cie v oblasti ochrany osobn\u00fdch \u00fadajov, kontaktujte n\u00e1s prostredn\u00edctvom tohto e-mailu.<\/p>\n<p>Toto vyhl\u00e1senie o ochrane osobn\u00fdch \u00fadajov sa vz\u0165ahuje na tieto webov\u00e9 str\u00e1nky: https:\/\/test2.disinfocode.eu\/<\/p>\n<h2>\u010co zbierame?<\/h2>\n<p>Zhroma\u017e\u010fujeme nasleduj\u00face typy inform\u00e1ci\u00ed na r\u00f4zne \u00fa\u010dely (uveden\u00e9 ni\u017e\u0161ie), aby sme v\u00e1m mohli poskytova\u0165 a zlep\u0161ova\u0165 na\u0161e slu\u017eby:<\/p>\n<ul>\n<li>Osobn\u00e9 \u00fadaje<\/li>\n<li>\u00dadaje o pou\u017e\u00edvan\u00ed<\/li>\n<li>\u00dadaje o polohe<\/li>\n<li>Sledovanie \u00fadajov s\u00faborov cookie<\/li>\n<\/ul>\n<h3>Osobn\u00e9 \u00fadaje<\/h3>\n<p>Ke\u010f n\u00e1s kontaktujete v s\u00favislosti so z\u00edskan\u00edm inform\u00e1ci\u00ed o na\u0161ich slu\u017eb\u00e1ch, ke\u010f sa zaregistrujete na na\u0161e podujatia alebo ke\u010f sa uch\u00e1dzate o pr\u00e1cu v Transparency Centre, mus\u00edte poskytn\u00fa\u0165 osobn\u00e9 kontaktn\u00e9 \u00fadaje, ktor\u00e9 sa daj\u00fa pou\u017ei\u0165 na kontaktovanie alebo identifik\u00e1ciu va\u0161ej osoby. Osobne identifikovate\u013en\u00e9 inform\u00e1cie m\u00f4\u017eu okrem in\u00e9ho zah\u0155\u0148a\u0165:<\/p>\n<ul>\n<li>Meno a priezvisko<\/li>\n<li>E-mailov\u00e1 adresa<\/li>\n<\/ul>\n<h3>\u00dadaje o pou\u017e\u00edvan\u00ed<\/h3>\n<p>M\u00f4\u017eeme tie\u017e zhroma\u017e\u010fova\u0165 inform\u00e1cie o tom, ako sa slu\u017eba vyu\u017e\u00edva (&#8222;\u00fadaje o pou\u017e\u00edvan\u00ed&#8220;). Tieto \u00fadaje o pou\u017e\u00edvan\u00ed m\u00f4\u017eu zah\u0155\u0148a\u0165 inform\u00e1cie, ako je adresa internetov\u00e9ho protokolu v\u00e1\u0161ho po\u010d\u00edta\u010da (napr. IP adresa), typ prehliada\u010da, verzia prehliada\u010da, str\u00e1nky na\u0161ich webov\u00fdch lokal\u00edt, ktor\u00e9 ste nav\u0161t\u00edvili, \u010das a d\u00e1tum va\u0161ej n\u00e1v\u0161tevy, \u010das str\u00e1ven\u00fd na t\u00fdchto str\u00e1nkach, jedine\u010dn\u00e9 identifik\u00e1tory zariadenia a in\u00e9 diagnostick\u00e9 \u00fadaje.<\/p>\n<h3>\u00dadaje o polohe<\/h3>\n<p>M\u00f4\u017eeme pou\u017e\u00edva\u0165 a uklada\u0165 inform\u00e1cie o va\u0161ej polohe, ak n\u00e1m na to d\u00e1te s\u00fahlas (&#8222;\u00fadaje o polohe&#8220;). Tieto \u00fadaje pou\u017e\u00edvame na poskytovanie funkci\u00ed na\u0161ej slu\u017eby a na zlep\u0161ovanie a prisp\u00f4sobovanie pon\u00fakan\u00fdch slu\u017eieb.<\/p>\n<p>Pri pou\u017e\u00edvan\u00ed na\u0161ich webov\u00fdch str\u00e1nok m\u00f4\u017eete kedyko\u013evek povoli\u0165 alebo zak\u00e1za\u0165 lokaliza\u010dn\u00e9 slu\u017eby prostredn\u00edctvom nastaven\u00ed zariadenia.<\/p>\n<h3>Sledovanie \u00fadajov s\u00faborov cookie<\/h3>\n<p>Na sledovanie aktivity na na\u0161ich webov\u00fdch str\u00e1nkach a uchov\u00e1vanie ur\u010dit\u00fdch inform\u00e1ci\u00ed pou\u017e\u00edvame s\u00fabory cookie a podobn\u00e9 technol\u00f3gie sledovania.<\/p>\n<p>\u010eal\u0161ie inform\u00e1cie o s\u00faboroch cookie a pr\u00edklady s\u00faborov cookie, ktor\u00e9 pou\u017e\u00edvame, n\u00e1jdete na <a href=\"https:\/\/test2.disinfocode.eu\/sk\/cookies\/\">str\u00e1nke Z\u00e1sady pou\u017e\u00edvania s\u00faborov cookie<\/a>.<\/p>\n<h2>Ako pou\u017e\u00edvame va\u0161e \u00fadaje?<\/h2>\n<p>Centrum pre transparentnos\u0165 pou\u017e\u00edva zhroma\u017eden\u00e9 \u00fadaje na r\u00f4zne \u00fa\u010dely, ktor\u00e9 s\u00fa podrobne op\u00edsan\u00e9 ni\u017e\u0161ie.<\/p>\n<p>Transparency Centre pou\u017e\u00edva osobn\u00e9 \u00fadaje na\u0161ich (potenci\u00e1lnych) signat\u00e1rov na vykon\u00e1vanie po\u017eadovan\u00fdch slu\u017eieb. Ak napr\u00edklad odo\u0161lete \u017eiados\u0165, aby ste n\u00e1s informovali o svojom z\u00e1ujme sta\u0165 sa signat\u00e1rom, pou\u017eijeme vami poskytnut\u00e9 inform\u00e1cie na zasielanie ozn\u00e1men\u00ed o \u010fal\u0161\u00edch krokoch, ktor\u00e9 v\u00e1m pom\u00f4\u017eu sta\u0165 sa signat\u00e1rom, a inform\u00e1ci\u00ed o na\u0161ej skupine.<\/p>\n<h2>Uchov\u00e1vanie \u00fadajov<\/h2>\n<p>Centrum transparentnosti bude uchov\u00e1va\u0165 va\u0161e osobn\u00e9 \u00fadaje len tak dlho, ako je to potrebn\u00e9 na \u00fa\u010dely uveden\u00e9 v t\u00fdchto z\u00e1sad\u00e1ch ochrany osobn\u00fdch \u00fadajov. Va\u0161e osobn\u00e9 \u00fadaje budeme uchov\u00e1va\u0165 a pou\u017e\u00edva\u0165 v rozsahu potrebnom na splnenie na\u0161ich z\u00e1konn\u00fdch povinnost\u00ed (napr\u00edklad ak sme povinn\u00ed uchov\u00e1va\u0165 va\u0161e \u00fadaje na splnenie platn\u00fdch z\u00e1konov), na rie\u0161enie sporov a na presadzovanie na\u0161ich pr\u00e1vnych doh\u00f4d a z\u00e1sad.<\/p>\n<p>Centrum transparentnosti bude uchov\u00e1va\u0165 \u00fadaje o pou\u017e\u00edvan\u00ed aj na \u00fa\u010dely internej anal\u00fdzy. \u00dadaje o pou\u017e\u00edvan\u00ed sa vo v\u0161eobecnosti uchov\u00e1vaj\u00fa krat\u0161iu dobu, okrem pr\u00edpadov, ke\u010f sa tieto \u00fadaje pou\u017e\u00edvaj\u00fa na posilnenie bezpe\u010dnosti alebo zlep\u0161enie funk\u010dnosti na\u0161ej slu\u017eby, alebo ak sme zo z\u00e1kona povinn\u00ed uchov\u00e1va\u0165 tieto \u00fadaje dlh\u0161ie.<\/p>\n<h3>Prenos \u00fadajov<\/h3>\n<p>Va\u0161e inform\u00e1cie vr\u00e1tane osobn\u00fdch \u00fadajov sa m\u00f4\u017eu pren\u00e1\u0161a\u0165 do po\u010d\u00edta\u010dov umiestnen\u00fdch mimo v\u00e1\u0161ho \u0161t\u00e1tu, provincie, krajiny alebo inej vl\u00e1dnej jurisdikcie, kde sa z\u00e1kony o ochrane \u00fadajov m\u00f4\u017eu l\u00ed\u0161i\u0165 od z\u00e1konov va\u0161ej jurisdikcie.<\/p>\n<p>Upozor\u0148ujeme, \u017ee \u00fadaje vr\u00e1tane osobn\u00fdch \u00fadajov pren\u00e1\u0161ame do Belgicka a sprac\u00favame ich tam. Na\u0161e webhostingov\u00e9 servery a d\u00e1tov\u00e9 centr\u00e1 sa nach\u00e1dzaj\u00fa v Belgicku.<\/p>\n<p>V\u00e1\u0161 s\u00fahlas s t\u00fdmito z\u00e1sadami ochrany osobn\u00fdch \u00fadajov, po ktorom nasleduje odoslanie tak\u00fdchto inform\u00e1ci\u00ed, predstavuje v\u00e1\u0161 s\u00fahlas s t\u00fdmto prenosom.<\/p>\n<p>Centrum transparentnosti podnikne v\u0161etky kroky potrebn\u00e9 na zabezpe\u010denie bezpe\u010dn\u00e9ho zaobch\u00e1dzania s va\u0161imi \u00fadajmi v s\u00falade s t\u00fdmito z\u00e1sadami ochrany osobn\u00fdch \u00fadajov a \u017eiadny prenos va\u0161ich osobn\u00fdch \u00fadajov do organiz\u00e1cie alebo krajiny sa neuskuto\u010dn\u00ed, pokia\u013e nebud\u00fa zaveden\u00e9 primeran\u00e9 kontroly vr\u00e1tane zabezpe\u010denia va\u0161ich \u00fadajov a in\u00fdch osobn\u00fdch inform\u00e1ci\u00ed.<\/p>\n<h3>Bezpe\u010dnos\u0165 \u00fadajov<\/h3>\n<p>Bezpe\u010dnos\u0165 va\u0161ich \u00fadajov je pre n\u00e1s d\u00f4le\u017eit\u00e1, ale nezab\u00fadajte, \u017ee \u017eiadny sp\u00f4sob prenosu cez internet ani sp\u00f4sob elektronick\u00e9ho ukladania nie je stopercentne bezpe\u010dn\u00fd. Hoci sa sna\u017e\u00edme pou\u017e\u00edva\u0165 komer\u010dne prijate\u013en\u00e9 prostriedky na ochranu va\u0161ich osobn\u00fdch \u00fadajov, nem\u00f4\u017eeme zaru\u010di\u0165 ich absol\u00fatnu bezpe\u010dnos\u0165.<\/p>\n<p>S\u00fahlas\u00edte a prij\u00edmate rizik\u00e1 spojen\u00e9 s pou\u017e\u00edvan\u00edm internetu.<\/p>\n<h3>Va\u0161e pr\u00e1va<\/h3>\n<p>Centrum pre transparentnos\u0165 sa sna\u017e\u00ed prija\u0165 primeran\u00e9 kroky, aby v\u00e1m umo\u017enilo opravi\u0165, zmeni\u0165, vymaza\u0165 alebo obmedzi\u0165 pou\u017e\u00edvanie va\u0161ich osobn\u00fdch \u00fadajov.<\/p>\n<p>Ak chcete by\u0165 informovan\u00ed o tom, ak\u00e9 osobn\u00e9 \u00fadaje o v\u00e1s uchov\u00e1vame, a ak chcete, aby boli z na\u0161ich syst\u00e9mov odstr\u00e1nen\u00e9, kontaktujte n\u00e1s.<\/p>\n<p>Za ur\u010dit\u00fdch okolnost\u00ed m\u00e1te pr\u00e1vo:<\/p>\n<ul>\n<li>Pr\u00edstup k osobn\u00fdm \u00fadajom, ktor\u00e9 o v\u00e1s uchov\u00e1vame, a z\u00edskanie ich k\u00f3pie<\/li>\n<li>opravi\u0165 ak\u00e9ko\u013evek osobn\u00e9 \u00fadaje, ktor\u00e9 o v\u00e1s uchov\u00e1vame a ktor\u00e9 s\u00fa nepresn\u00e9.<\/li>\n<li>Podanie s\u0165a\u017enosti pr\u00edslu\u0161n\u00e9mu dozorn\u00e9mu org\u00e1nu<\/li>\n<li>Po\u017eiada\u0165 o vymazanie osobn\u00fdch \u00fadajov, ktor\u00e9 sa v\u00e1s t\u00fdkaj\u00fa (&#8222;pr\u00e1vo by\u0165 zabudnut\u00fd&#8220;).<\/li>\n<\/ul>\n<p>Ak sa to vz\u0165ahuje na va\u0161u situ\u00e1ciu pod\u013ea platn\u00fdch pr\u00e1vnych predpisov, m\u00f4\u017eete ma\u0165 pr\u00e1vo na prenosnos\u0165 \u00fadajov, pokia\u013e ide o inform\u00e1cie, ktor\u00e9 ste poskytli centru Transparency.Ak m\u00e1me povinnos\u0165 splni\u0165 prenosnos\u0165, m\u00f4\u017eete po\u017eiada\u0165 o z\u00edskanie k\u00f3pie va\u0161ich osobn\u00fdch \u00fadajov v be\u017ene pou\u017e\u00edvanom elektronickom form\u00e1te, aby ste ich mohli spravova\u0165 a pres\u00fava\u0165.<\/p>\n<p>Upozor\u0148ujeme, \u017ee pred odpove\u010fou na tak\u00e9to \u017eiadosti v\u00e1s m\u00f4\u017eeme po\u017eiada\u0165 o overenie va\u0161ej toto\u017enosti.<\/p>\n<h3>Poskytovatelia slu\u017eieb<\/h3>\n<p>Na u\u013eah\u010denie poskytovania slu\u017eieb m\u00f4\u017eeme vyu\u017e\u00edva\u0165 spolo\u010dnosti a jednotlivcov tret\u00edch str\u00e1n (\u010falej len &#8222;poskytovatelia slu\u017eieb&#8220;), ktor\u00ed poskytuj\u00fa slu\u017eby v na\u0161om mene, vykon\u00e1vaj\u00fa slu\u017eby s\u00favisiace so slu\u017ebami alebo n\u00e1m pom\u00e1haj\u00fa pri anal\u00fdze pou\u017e\u00edvania na\u0161ich slu\u017eieb. Najm\u00e4 na hosting a \u00fadr\u017ebu tejto webovej str\u00e1nky m\u00f4\u017eeme vyu\u017e\u00edva\u0165 podporu tret\u00edch str\u00e1n.<\/p>\n<p>Tieto tretie strany maj\u00fa pr\u00edstup k va\u0161im osobn\u00fdm \u00fadajom len na vykon\u00e1vanie t\u00fdchto \u00faloh v na\u0161om mene a s\u00fa povinn\u00e9 ich nezverej\u0148ova\u0165 ani nepou\u017e\u00edva\u0165 na in\u00e9 \u00fa\u010dely.<\/p>\n<p>Odmietame na\u0161u zodpovednos\u0165 a nenesieme zodpovednos\u0165 za \u017eiadne n\u00e1klady a\/alebo \u0161kody, ktor\u00e9 v\u00e1m m\u00f4\u017eu sp\u00f4sobi\u0165 poskytovatelia slu\u017eieb.<\/p>\n<h2>Analytika<\/h2>\n<p>Na monitorovanie a anal\u00fdzu pou\u017e\u00edvania na\u0161ich slu\u017eieb m\u00f4\u017eeme vyu\u017e\u00edva\u0165 slu\u017eby tret\u00edch str\u00e1n.<\/p>\n<h3>Slu\u017eba Google Analytics<\/h3>\n<p>Slu\u017eba Google Analytics je webov\u00e1 analytick\u00e1 slu\u017eba spolo\u010dnosti Google, ktor\u00e1 sleduje a informuje o n\u00e1v\u0161tevnosti webov\u00fdch str\u00e1nok. Spolo\u010dnos\u0165 Google pou\u017e\u00edva zhroma\u017eden\u00e9 \u00fadaje na sledovanie a monitorovanie pou\u017e\u00edvania na\u0161ej slu\u017eby. Tieto \u00fadaje sa zdie\u013eaj\u00fa s in\u00fdmi slu\u017ebami spolo\u010dnosti Google. Spolo\u010dnos\u0165 Google m\u00f4\u017ee zhroma\u017eden\u00e9 \u00fadaje pou\u017ei\u0165 na kontextov\u00e9 prisp\u00f4sobenie a personaliz\u00e1ciu rekl\u00e1m svojej vlastnej reklamnej siete.<\/p>\n<p>Svoju aktivitu na Slu\u017ebe m\u00f4\u017eete odmietnu\u0165 a spr\u00edstupni\u0165 slu\u017ebe Google Analytics nain\u0161talovan\u00edm doplnku prehliada\u010da Google Analytics na odmietnutie. Tento doplnok zabra\u0148uje JavaScriptu Google Analytics (ga.js, analytics.js a dc.js) zdie\u013ea\u0165 inform\u00e1cie o aktivit\u00e1ch n\u00e1v\u0161tev so slu\u017ebou Google Analytics.<\/p>\n<p>\u010eal\u0161ie inform\u00e1cie o postupoch ochrany osobn\u00fdch \u00fadajov spolo\u010dnosti Google n\u00e1jdete na webovej str\u00e1nke s podmienkami ochrany osobn\u00fdch \u00fadajov spolo\u010dnosti Google: http:\/\/www.google.com\/intl\/en\/policies\/privacy.<\/p>\n<h2>Odkazy na in\u00e9 str\u00e1nky<\/h2>\n<p>Na\u0161a slu\u017eba m\u00f4\u017ee obsahova\u0165 odkazy na in\u00e9 str\u00e1nky, ktor\u00e9 nie s\u00fa prev\u00e1dzkovan\u00e9 nami. Ak kliknete na odkaz tretej strany, budete presmerovan\u00ed na str\u00e1nku tejto tretej strany. D\u00f4razne v\u00e1m odpor\u00fa\u010dame, aby ste si pre\u010d\u00edtali z\u00e1sady ochrany osobn\u00fdch \u00fadajov ka\u017edej nav\u0161t\u00edvenej str\u00e1nky.<\/p>\n<p>Nem\u00e1me \u017eiadnu kontrolu nad obsahom, z\u00e1sadami ochrany osobn\u00fdch \u00fadajov alebo postupmi ak\u00fdchko\u013evek str\u00e1nok alebo slu\u017eieb tret\u00edch str\u00e1n a nenesieme za ne \u017eiadnu zodpovednos\u0165.<\/p>\n<h2>Ochrana s\u00fakromia det\u00ed<\/h2>\n<p>Na\u0161a slu\u017eba nie je ur\u010den\u00e1 osob\u00e1m mlad\u0161\u00edm ako 13 rokov, pr\u00edpadne mlad\u0161\u00edm ako 13 rokov pod\u013ea osobitn\u00e9ho z\u00e1kona, ktor\u00fd sa m\u00f4\u017ee uplat\u0148ova\u0165, ale nie mlad\u0161\u00edm ako 13 rokov (&#8222;deti&#8220;).<\/p>\n<p>Vedome nezhroma\u017e\u010fujeme osobn\u00e9 \u00fadaje od os\u00f4b mlad\u0161\u00edch ako 13 rokov. Ak ste rodi\u010d alebo opatrovn\u00edk a viete, \u017ee n\u00e1m va\u0161e die\u0165a poskytlo osobn\u00e9 \u00fadaje, kontaktujte n\u00e1s. Ak zist\u00edme, \u017ee sme zhroma\u017e\u010fovali osobn\u00e9 \u00fadaje det\u00ed bez overenia s\u00fahlasu rodi\u010dov, podnikneme kroky na odstr\u00e1nenie t\u00fdchto inform\u00e1ci\u00ed z na\u0161ich serverov.<\/p>\n<h2>Zverejnenie pre org\u00e1ny \u010dinn\u00e9 v trestnom konan\u00ed<\/h2>\n<p>Za ur\u010dit\u00fdch okolnost\u00ed m\u00f4\u017ee by\u0165 Transparency Centre povinn\u00e9 zverejni\u0165 va\u0161e osobn\u00e9 \u00fadaje, ak to vy\u017eaduje z\u00e1kon alebo ak ide o odpove\u010f na platn\u00fa \u017eiados\u0165 org\u00e1nov verejnej moci (napr. s\u00fadu alebo vl\u00e1dneho org\u00e1nu).<\/p>\n<h2>Pr\u00e1vne po\u017eiadavky a hranice zodpovednosti<\/h2>\n<p>Centrum pre transparentnos\u0165 m\u00f4\u017ee zverejni\u0165 va\u0161e osobn\u00e9 \u00fadaje v dobrej viere, \u017ee tak\u00e9to konanie je nevyhnutn\u00e9 na:<\/p>\n<ul>\n<li>Splnenie z\u00e1konnej povinnosti<\/li>\n<li>Ochrana a obrana pr\u00e1v alebo majetku Transparency Centre<\/li>\n<li>predch\u00e1dzanie alebo vy\u0161etrovanie mo\u017en\u00e9ho protipr\u00e1vneho konania v s\u00favislosti so slu\u017ebou.<\/li>\n<li>ochrana osobnej bezpe\u010dnosti pou\u017e\u00edvate\u013eov slu\u017eby alebo verejnosti<\/li>\n<li>Na ochranu pred pr\u00e1vnou zodpovednos\u0165ou<\/li>\n<\/ul>\n<h2>Zmeny t\u00fdchto z\u00e1sad ochrany osobn\u00fdch \u00fadajov<\/h2>\n<p>Na\u0161e z\u00e1sady ochrany osobn\u00fdch \u00fadajov m\u00f4\u017eeme z \u010dasu na \u010das aktualizova\u0165. O v\u0161etk\u00fdch zmen\u00e1ch v\u00e1s budeme informova\u0165 zverejnen\u00edm nov\u00fdch z\u00e1sad ochrany osobn\u00fdch \u00fadajov na tejto str\u00e1nke.<\/p>\n<p>Odpor\u00fa\u010dame v\u00e1m, aby ste pravidelne kontrolovali tieto z\u00e1sady ochrany osobn\u00fdch \u00fadajov a zis\u0165ovali ich pr\u00edpadn\u00e9 zmeny. Zmeny t\u00fdchto z\u00e1sad ochrany osobn\u00fdch \u00fadajov s\u00fa \u00fa\u010dinn\u00e9 od ich zverejnenia na tejto str\u00e1nke.<\/p>\n<h2>E-mailov\u00fd podvod<\/h2>\n<p>Po\u010det e-mailov\u00fdch podvodov v posledn\u00fdch rokoch v\u00fdrazne vzr\u00e1stol, kyberzlo\u010dinci s\u00fa \u010doraz inteligentnej\u0161\u00ed a v boji proti nim potrebujeme va\u0161u pomoc.<\/p>\n<p>Kyberzlo\u010dinci vyu\u017eij\u00fa v\u0161etky prostriedky, aby v\u00e1s oklamali a prin\u00fatili zdie\u013ea\u0165 va\u0161e osobn\u00e9 \u00fadaje, finan\u010dn\u00e9 inform\u00e1cie alebo dokonca od v\u00e1s po\u017eadovali nevy\u017eiadan\u00e9 a trestn\u00e9 platby. V\u00e4\u010d\u0161ina kyberzlo\u010dincov sa pok\u00fasi kontaktova\u0165 vysokopostaven\u00fdch predstavite\u013eov spolo\u010dnosti a vytvor\u00ed pocit naliehavosti.<\/p>\n<p>Nezabudnite, \u017ee existuje mnoho podvodn\u00fdch techn\u00edk a aj pri s\u00fa\u010dasn\u00fdch technol\u00f3gi\u00e1ch mnoh\u00e9 e-mailov\u00e9 podvody obch\u00e1dzaj\u00fa bezpe\u010dnostn\u00e9 opatrenia zaveden\u00e9 spolo\u010dnos\u0165ami.<\/p>\n<h3>\u010co robi\u0165 v pr\u00edpade pochybnost\u00ed?<\/h3>\n<p>Ak si nie ste ist\u00ed, \u010di je e-mail legit\u00edmny, va\u0161\u00edm najlep\u0161\u00edm priate\u013eom je oddelenie IKT\/IT\/bezpe\u010dnosti. M\u00f4\u017eu pom\u00f4c\u0165 pri vy\u0161etrovan\u00ed p\u00f4vodu a opr\u00e1vnenosti e-mailu.<\/p>\n<h3>Ako nahl\u00e1si\u0165 podvodn\u00e9 e-maily?<\/h3>\n<p>Ak chcete nahl\u00e1si\u0165 podvodn\u00fd e-mail alebo z\u00edska\u0165 pomoc pri ochrane svojich \u00fadajov, m\u00f4\u017eete n\u00e1s kontaktova\u0165 na <a href=\"mailto:contact@disinfocode.vost.pt\">adrese contact@disinfocode.vost.pt<\/a>. Budeme sa sna\u017ei\u0165 zabezpe\u010di\u0165 maxim\u00e1lnu ochranu.<\/p>\n<h2>Kontaktujte n\u00e1s<\/h2>\n<p>Ak m\u00e1te ak\u00e9ko\u013evek ot\u00e1zky t\u00fdkaj\u00face sa t\u00fdchto z\u00e1sad ochrany osobn\u00fdch \u00fadajov, <a href=\"mailto:contact@disinfocode.vost.pt\">kontaktujte n\u00e1s prostredn\u00edctvom tohto e-mailu<\/a>.<\/p>\n<\/div>\n      \n          <\/div>\n\n  <\/div>\n<\/section>\n","protected":false},"excerpt":{"rendered":"","protected":false},"author":62,"featured_media":0,"parent":0,"menu_order":0,"comment_status":"closed","ping_status":"closed","template":"","meta":{"_acf_changed":false,"footnotes":""},"class_list":["post-2668","page","type-page","status-publish","hentry"],"acf":[],"yoast_head":"<!-- This site is optimized with the Yoast SEO plugin v24.5 - https:\/\/yoast.com\/wordpress\/plugins\/seo\/ -->\n<title>Ochrana osobn\u00fdch \u00fadajov - Transparency Centre<\/title>\n<meta name=\"robots\" content=\"index, follow, max-snippet:-1, max-image-preview:large, max-video-preview:-1\" \/>\n<link rel=\"canonical\" href=\"https:\/\/test2.disinfocode.eu\/sk\/zasady-ochrany-osobnych-udajov\/\" \/>\n<meta property=\"og:locale\" content=\"sk_SK\" \/>\n<meta property=\"og:type\" content=\"article\" \/>\n<meta property=\"og:title\" content=\"Ochrana osobn\u00fdch \u00fadajov - Transparency Centre\" \/>\n<meta property=\"og:url\" content=\"https:\/\/test2.disinfocode.eu\/sk\/zasady-ochrany-osobnych-udajov\/\" \/>\n<meta property=\"og:site_name\" content=\"Transparency Centre\" \/>\n<meta property=\"article:modified_time\" content=\"2023-03-27T18:35:10+00:00\" \/>\n<meta name=\"twitter:card\" content=\"summary_large_image\" \/>\n<script type=\"application\/ld+json\" class=\"yoast-schema-graph\">{\"@context\":\"https:\/\/schema.org\",\"@graph\":[{\"@type\":\"WebPage\",\"@id\":\"https:\/\/test2.disinfocode.eu\/sk\/zasady-ochrany-osobnych-udajov\/\",\"url\":\"https:\/\/test2.disinfocode.eu\/sk\/zasady-ochrany-osobnych-udajov\/\",\"name\":\"Ochrana osobn\u00fdch \u00fadajov - Transparency Centre\",\"isPartOf\":{\"@id\":\"https:\/\/disinfocode.eu\/#website\"},\"datePublished\":\"2022-12-30T09:42:38+00:00\",\"dateModified\":\"2023-03-27T18:35:10+00:00\",\"inLanguage\":\"sk-SK\",\"potentialAction\":[{\"@type\":\"ReadAction\",\"target\":[\"https:\/\/test2.disinfocode.eu\/sk\/zasady-ochrany-osobnych-udajov\/\"]}]},{\"@type\":\"WebSite\",\"@id\":\"https:\/\/disinfocode.eu\/#website\",\"url\":\"https:\/\/disinfocode.eu\/\",\"name\":\"Transparency Centre\",\"description\":\"Discover the Code of Practice on Disinformation\",\"potentialAction\":[{\"@type\":\"SearchAction\",\"target\":{\"@type\":\"EntryPoint\",\"urlTemplate\":\"https:\/\/disinfocode.eu\/?s={search_term_string}\"},\"query-input\":{\"@type\":\"PropertyValueSpecification\",\"valueRequired\":true,\"valueName\":\"search_term_string\"}}],\"inLanguage\":\"sk-SK\"}]}<\/script>\n<!-- \/ Yoast SEO plugin. -->","yoast_head_json":{"title":"Ochrana osobn\u00fdch \u00fadajov - Transparency Centre","robots":{"index":"index","follow":"follow","max-snippet":"max-snippet:-1","max-image-preview":"max-image-preview:large","max-video-preview":"max-video-preview:-1"},"canonical":"https:\/\/test2.disinfocode.eu\/sk\/zasady-ochrany-osobnych-udajov\/","og_locale":"sk_SK","og_type":"article","og_title":"Ochrana osobn\u00fdch \u00fadajov - Transparency Centre","og_url":"https:\/\/test2.disinfocode.eu\/sk\/zasady-ochrany-osobnych-udajov\/","og_site_name":"Transparency Centre","article_modified_time":"2023-03-27T18:35:10+00:00","twitter_card":"summary_large_image","schema":{"@context":"https:\/\/schema.org","@graph":[{"@type":"WebPage","@id":"https:\/\/test2.disinfocode.eu\/sk\/zasady-ochrany-osobnych-udajov\/","url":"https:\/\/test2.disinfocode.eu\/sk\/zasady-ochrany-osobnych-udajov\/","name":"Ochrana osobn\u00fdch \u00fadajov - Transparency Centre","isPartOf":{"@id":"https:\/\/disinfocode.eu\/#website"},"datePublished":"2022-12-30T09:42:38+00:00","dateModified":"2023-03-27T18:35:10+00:00","inLanguage":"sk-SK","potentialAction":[{"@type":"ReadAction","target":["https:\/\/test2.disinfocode.eu\/sk\/zasady-ochrany-osobnych-udajov\/"]}]},{"@type":"WebSite","@id":"https:\/\/disinfocode.eu\/#website","url":"https:\/\/disinfocode.eu\/","name":"Transparency Centre","description":"Discover the Code of Practice on Disinformation","potentialAction":[{"@type":"SearchAction","target":{"@type":"EntryPoint","urlTemplate":"https:\/\/disinfocode.eu\/?s={search_term_string}"},"query-input":{"@type":"PropertyValueSpecification","valueRequired":true,"valueName":"search_term_string"}}],"inLanguage":"sk-SK"}]}},"_links":{"self":[{"href":"https:\/\/test2.disinfocode.eu\/sk\/wp-json\/wp\/v2\/pages\/2668","targetHints":{"allow":["GET"]}}],"collection":[{"href":"https:\/\/test2.disinfocode.eu\/sk\/wp-json\/wp\/v2\/pages"}],"about":[{"href":"https:\/\/test2.disinfocode.eu\/sk\/wp-json\/wp\/v2\/types\/page"}],"author":[{"embeddable":true,"href":"https:\/\/test2.disinfocode.eu\/sk\/wp-json\/wp\/v2\/users\/62"}],"replies":[{"embeddable":true,"href":"https:\/\/test2.disinfocode.eu\/sk\/wp-json\/wp\/v2\/comments?post=2668"}],"version-history":[{"count":0,"href":"https:\/\/test2.disinfocode.eu\/sk\/wp-json\/wp\/v2\/pages\/2668\/revisions"}],"wp:attachment":[{"href":"https:\/\/test2.disinfocode.eu\/sk\/wp-json\/wp\/v2\/media?parent=2668"}],"curies":[{"name":"wp","href":"https:\/\/api.w.org\/{rel}","templated":true}]}}