{"id":2645,"date":"2023-01-20T11:04:00","date_gmt":"2023-01-20T09:04:00","guid":{"rendered":"https:\/\/wp-dev.space\/zn\/transparency-center\/master\/vyhlasenie-o-pristupnosti\/"},"modified":"2023-02-20T12:58:33","modified_gmt":"2023-02-20T12:58:33","slug":"vyhlasenie-o-pristupnosti","status":"publish","type":"page","link":"https:\/\/test2.disinfocode.eu\/sk\/vyhlasenie-o-pristupnosti\/","title":{"rendered":"Vyhl\u00e1senie o pr\u00edstupnosti"},"content":{"rendered":"\n<p><\/p>\n<section class=\"title-block title-block-m gutenberg-block  indigo-800\" >\n  <div class=\"sk-container sk-container--fl\">\n\n    <div class=\"title-block-content sk-container\">\n\n      \n            <h1 class=\"title-block-title\">Vyhl\u00e1senie o pr\u00edstupnosti<\/h1>\n    <\/div>\n\n  <\/div>\n<\/section>\n<section data-aos=\"fade-up\" data-aos-duration=\"1500\" class=\"text-block text-block-m gutenberg-block \" >\n  <div class=\"sk-container sk-container--fl\">\n\n    <div class=\"text-block-content sk-container\">\n\n              <div class=\"text-block-text\"><p>Centrum pre transparentnos\u0165 sa zaviazalo zabezpe\u010di\u0165 digit\u00e1lnu dostupnos\u0165 pre osoby so zdravotn\u00fdm postihnut\u00edm. Neust\u00e1le zlep\u0161ujeme pou\u017e\u00edvate\u013esk\u00fa sk\u00fasenos\u0165 pre v\u0161etk\u00fdch a uplat\u0148ujeme pr\u00edslu\u0161n\u00e9 normy pr\u00edstupnosti.<\/p>\n<h2>Opatrenia na podporu pr\u00edstupnosti<\/h2>\n<p>Centrum pre transparentnos\u0165 prij\u00edma nasleduj\u00face opatrenia na zabezpe\u010denie dostupnosti str\u00e1nky https:\/\/test2.disinfocode.eu\/:<\/p>\n<ul>\n<li>Obr\u00e1zky maj\u00fa zmyslupln\u00fd alt text<\/li>\n<li>Odkazy s\u00fa vizu\u00e1lne identifikovate\u013en\u00e9<\/li>\n<li>Pou\u017e\u00edvanie opisn\u00fdch nadpisov oddielov<\/li>\n<li>Pou\u017e\u00edvanie spr\u00e1vnej s\u00e9mantickej \u0161trukt\u00fary prvkov HTML<\/li>\n<li>Formul\u00e1re maj\u00fa popisn\u00e9 \u0161t\u00edtky<\/li>\n<li>Inform\u00e1cie nez\u00e1visia od farby, zvuku, tvaru, ve\u013ekosti alebo vizu\u00e1lneho umiestnenia<\/li>\n<li>Text a farba pozadia s\u00fa dostato\u010dne kontrastn\u00e9<\/li>\n<li>Spr\u00e1vne \u0161k\u00e1lovanie obsahu pri zv\u00e4\u010d\u0161en\u00ed\/zv\u00fd\u0161en\u00ed<\/li>\n<li>Pou\u017e\u00edvanie popisnej zna\u010dky n\u00e1zvu<\/li>\n<li>Podpora navig\u00e1cie pomocou kl\u00e1vesnice<\/li>\n<li>Stavy zaostrenia vidite\u013en\u00e9 pre pou\u017e\u00edvate\u013eov kl\u00e1vesnice<\/li>\n<li>Spr\u00e1vne typy vstupov HTML5<\/li>\n<li>Str\u00e1nka sa neo\u010dak\u00e1vane nevyp\u00edna<\/li>\n<li>Multim\u00e9di\u00e1 sa daj\u00fa konzumova\u0165 alternat\u00edvnymi sp\u00f4sobmi<\/li>\n<li>Pou\u017e\u00edvanie atrib\u00fatu &#8218;lang&#8216; jazyka HTML<\/li>\n<li>Pou\u017e\u00edvanie zrozumite\u013en\u00fdch vstupn\u00fdch \u0161t\u00edtkov<\/li>\n<li>Formul\u00e1re maj\u00fa u\u017eito\u010dn\u00e9 a dostupn\u00e9 chybov\u00e9 a overovacie hl\u00e1senia<\/li>\n<li>Odkazy s\u00fa opisn\u00e9 a poskytuj\u00fa z\u00e1mer<\/li>\n<li>Str\u00e1nky s\u00fa zrozumite\u013en\u00e9 bez zapnut\u00fdch \u0161t\u00fdlov<\/li>\n<li>HTML je spr\u00e1vne a bez ch\u00fdb<\/li>\n<li>S\u00fabory CSV na stiahnutie a s\u00fabory JSON na stiahnutie s\u00fa s\u00fabory nespracovan\u00fdch \u00fadajov<\/li>\n<\/ul>\n<h2>Stav zhody<\/h2>\n<p>V usmerneniach pre pr\u00edstupnos\u0165 webov\u00e9ho obsahu (WCAG) s\u00fa definovan\u00e9 po\u017eiadavky pre dizajn\u00e9rov a v\u00fdvoj\u00e1rov na zlep\u0161enie pr\u00edstupnosti pre osoby so zdravotn\u00fdm postihnut\u00edm. Definuje tri \u00farovne zhody: \u00darove\u0148 A, \u00farove\u0148 AA a \u00farove\u0148 AAA. Centrum transparentnosti je \u010diasto\u010dne v s\u00falade s WCAG 2.1 \u00farove\u0148 AA. \u010ciasto\u010dn\u00e1 zhoda znamen\u00e1, \u017ee niektor\u00e9 \u010dasti obsahu nie s\u00fa \u00faplne v s\u00falade s normou pr\u00edstupnosti.<\/p>\n<h3>\u010eal\u0161ie aspekty pr\u00edstupnosti<\/h3>\n<p class=\"basic-information conformance-additions\">Hoci na\u0161\u00edm cie\u013eom je zhoda s WCAG 2.1 na \u00farovni AA, pou\u017eili sme aj niektor\u00e9 krit\u00e9ri\u00e1 \u00faspe\u0161nosti na \u00farovni AAA:<\/p>\n<ul>\n<li>Nepou\u017e\u00edvame obr\u00e1zky textu.<\/li>\n<li>V\u0161etky funkcie s\u00fa bez v\u00fdnimky pr\u00edstupn\u00e9 pomocou kl\u00e1vesnice.<\/li>\n<li>Na webovej str\u00e1nke nie s\u00fa \u017eiadne \u010dasov\u00e9 obmedzenia.<\/li>\n<li>\u017diadny obsah neblik\u00e1 viac ako trikr\u00e1t za sekundu.<\/li>\n<li>Pou\u017e\u00edvate\u013eov informujeme o tom, kde sa na str\u00e1nke pr\u00e1ve nach\u00e1dzaj\u00fa.<\/li>\n<li>\u00da\u010del ka\u017ed\u00e9ho odkazu je jasn\u00fd z jeho textu.<\/li>\n<li>Usporiadan\u00fd obsah s nadpismi.<\/li>\n<\/ul>\n<h2>Technick\u00e9 \u0161pecifik\u00e1cie<\/h2>\n<p>Pr\u00edstupnos\u0165 Centra transparentnosti z\u00e1vis\u00ed od nasleduj\u00facich technol\u00f3gi\u00ed, ktor\u00e9 funguj\u00fa s konkr\u00e9tnou kombin\u00e1ciou webov\u00e9ho prehliada\u010da a ak\u00fdchko\u013evek asisten\u010dn\u00fdch technol\u00f3gi\u00ed alebo doplnkov nain\u0161talovan\u00fdch vo va\u0161om po\u010d\u00edta\u010di:<\/p>\n<ul class=\"technical-information technologies-used\">\n<li>HTML<\/li>\n<li>WAI-ARIA<\/li>\n<li>CSS<\/li>\n<li>JavaScript<\/li>\n<li>PHP<\/li>\n<\/ul>\n<p>Tieto technol\u00f3gie sa spoliehaj\u00fa na s\u00falad s pou\u017e\u00edvan\u00fdmi normami pr\u00edstupnosti.<\/p>\n<h2>Obmedzenia a alternat\u00edvy<\/h2>\n<p>Napriek n\u00e1\u0161mu \u00fasiliu o zabezpe\u010denie pr\u00edstupnosti Centra pre transparentnos\u0165 sa m\u00f4\u017eu vyskytn\u00fa\u0165 ur\u010dit\u00e9 obmedzenia. Ni\u017e\u0161ie je uveden\u00fd opis zn\u00e1mych obmedzen\u00ed a potenci\u00e1lnych rie\u0161en\u00ed. Ak spozorujete probl\u00e9m, ktor\u00fd nie je uveden\u00fd ni\u017e\u0161ie, kontaktujte n\u00e1s.<\/p>\n<p>Zn\u00e1me obmedzenia pre stredisko Transparency Centre:<\/p>\n<ol class=\"technical-information accessibility-limitations\">\n<li>Automaticky generovan\u00e9 s\u00fabory PDF zo spr\u00e1v nemusia by\u0165 \u00faplne v s\u00falade s predpismi<\/li>\n<li>Nahran\u00e9 s\u00fabory PDF od signat\u00e1rov nemusia by\u0165 \u00faplne kompatibiln\u00e9<\/li>\n<\/ol>\n<h2>Sp\u00e4tn\u00e1 v\u00e4zba<\/h2>\n<p>Uv\u00edtame va\u0161u sp\u00e4tn\u00fa v\u00e4zbu o pr\u00edstupnosti centra Transparency. Dajte n\u00e1m vedie\u0165, ak naraz\u00edte na prek\u00e1\u017eky v pr\u00edstupnosti v centre Transparency Centre:<\/p>\n<p>E-mail: contact@disinfocode.vost.pt<\/p>\n<\/div>\n      \n          <\/div>\n\n  <\/div>\n<\/section>\n\n<p><\/p>\n","protected":false},"excerpt":{"rendered":"","protected":false},"author":93,"featured_media":0,"parent":0,"menu_order":0,"comment_status":"closed","ping_status":"closed","template":"","meta":{"_acf_changed":false,"footnotes":""},"class_list":["post-2645","page","type-page","status-publish","hentry"],"acf":[],"yoast_head":"<!-- This site is optimized with the Yoast SEO plugin v24.5 - https:\/\/yoast.com\/wordpress\/plugins\/seo\/ -->\n<title>Vyhl\u00e1senie o pr\u00edstupnosti - Transparency Centre<\/title>\n<meta name=\"robots\" content=\"index, follow, max-snippet:-1, max-image-preview:large, max-video-preview:-1\" \/>\n<link rel=\"canonical\" href=\"https:\/\/test2.disinfocode.eu\/sk\/vyhlasenie-o-pristupnosti\/\" \/>\n<meta property=\"og:locale\" content=\"sk_SK\" \/>\n<meta property=\"og:type\" content=\"article\" \/>\n<meta property=\"og:title\" content=\"Vyhl\u00e1senie o pr\u00edstupnosti - Transparency Centre\" \/>\n<meta property=\"og:url\" content=\"https:\/\/test2.disinfocode.eu\/sk\/vyhlasenie-o-pristupnosti\/\" \/>\n<meta property=\"og:site_name\" content=\"Transparency Centre\" \/>\n<meta property=\"article:modified_time\" content=\"2023-02-20T12:58:33+00:00\" \/>\n<meta name=\"twitter:card\" content=\"summary_large_image\" \/>\n<script type=\"application\/ld+json\" class=\"yoast-schema-graph\">{\"@context\":\"https:\/\/schema.org\",\"@graph\":[{\"@type\":\"WebPage\",\"@id\":\"https:\/\/test2.disinfocode.eu\/sk\/vyhlasenie-o-pristupnosti\/\",\"url\":\"https:\/\/test2.disinfocode.eu\/sk\/vyhlasenie-o-pristupnosti\/\",\"name\":\"Vyhl\u00e1senie o pr\u00edstupnosti - Transparency Centre\",\"isPartOf\":{\"@id\":\"https:\/\/disinfocode.eu\/#website\"},\"datePublished\":\"2023-01-20T09:04:00+00:00\",\"dateModified\":\"2023-02-20T12:58:33+00:00\",\"inLanguage\":\"sk-SK\",\"potentialAction\":[{\"@type\":\"ReadAction\",\"target\":[\"https:\/\/test2.disinfocode.eu\/sk\/vyhlasenie-o-pristupnosti\/\"]}]},{\"@type\":\"WebSite\",\"@id\":\"https:\/\/disinfocode.eu\/#website\",\"url\":\"https:\/\/disinfocode.eu\/\",\"name\":\"Transparency Centre\",\"description\":\"Discover the Code of Practice on Disinformation\",\"potentialAction\":[{\"@type\":\"SearchAction\",\"target\":{\"@type\":\"EntryPoint\",\"urlTemplate\":\"https:\/\/disinfocode.eu\/?s={search_term_string}\"},\"query-input\":{\"@type\":\"PropertyValueSpecification\",\"valueRequired\":true,\"valueName\":\"search_term_string\"}}],\"inLanguage\":\"sk-SK\"}]}<\/script>\n<!-- \/ Yoast SEO plugin. -->","yoast_head_json":{"title":"Vyhl\u00e1senie o pr\u00edstupnosti - Transparency Centre","robots":{"index":"index","follow":"follow","max-snippet":"max-snippet:-1","max-image-preview":"max-image-preview:large","max-video-preview":"max-video-preview:-1"},"canonical":"https:\/\/test2.disinfocode.eu\/sk\/vyhlasenie-o-pristupnosti\/","og_locale":"sk_SK","og_type":"article","og_title":"Vyhl\u00e1senie o pr\u00edstupnosti - Transparency Centre","og_url":"https:\/\/test2.disinfocode.eu\/sk\/vyhlasenie-o-pristupnosti\/","og_site_name":"Transparency Centre","article_modified_time":"2023-02-20T12:58:33+00:00","twitter_card":"summary_large_image","schema":{"@context":"https:\/\/schema.org","@graph":[{"@type":"WebPage","@id":"https:\/\/test2.disinfocode.eu\/sk\/vyhlasenie-o-pristupnosti\/","url":"https:\/\/test2.disinfocode.eu\/sk\/vyhlasenie-o-pristupnosti\/","name":"Vyhl\u00e1senie o pr\u00edstupnosti - Transparency Centre","isPartOf":{"@id":"https:\/\/disinfocode.eu\/#website"},"datePublished":"2023-01-20T09:04:00+00:00","dateModified":"2023-02-20T12:58:33+00:00","inLanguage":"sk-SK","potentialAction":[{"@type":"ReadAction","target":["https:\/\/test2.disinfocode.eu\/sk\/vyhlasenie-o-pristupnosti\/"]}]},{"@type":"WebSite","@id":"https:\/\/disinfocode.eu\/#website","url":"https:\/\/disinfocode.eu\/","name":"Transparency Centre","description":"Discover the Code of Practice on Disinformation","potentialAction":[{"@type":"SearchAction","target":{"@type":"EntryPoint","urlTemplate":"https:\/\/disinfocode.eu\/?s={search_term_string}"},"query-input":{"@type":"PropertyValueSpecification","valueRequired":true,"valueName":"search_term_string"}}],"inLanguage":"sk-SK"}]}},"_links":{"self":[{"href":"https:\/\/test2.disinfocode.eu\/sk\/wp-json\/wp\/v2\/pages\/2645","targetHints":{"allow":["GET"]}}],"collection":[{"href":"https:\/\/test2.disinfocode.eu\/sk\/wp-json\/wp\/v2\/pages"}],"about":[{"href":"https:\/\/test2.disinfocode.eu\/sk\/wp-json\/wp\/v2\/types\/page"}],"author":[{"embeddable":true,"href":"https:\/\/test2.disinfocode.eu\/sk\/wp-json\/wp\/v2\/users\/93"}],"replies":[{"embeddable":true,"href":"https:\/\/test2.disinfocode.eu\/sk\/wp-json\/wp\/v2\/comments?post=2645"}],"version-history":[{"count":2,"href":"https:\/\/test2.disinfocode.eu\/sk\/wp-json\/wp\/v2\/pages\/2645\/revisions"}],"predecessor-version":[{"id":2741,"href":"https:\/\/test2.disinfocode.eu\/sk\/wp-json\/wp\/v2\/pages\/2645\/revisions\/2741"}],"wp:attachment":[{"href":"https:\/\/test2.disinfocode.eu\/sk\/wp-json\/wp\/v2\/media?parent=2645"}],"curies":[{"name":"wp","href":"https:\/\/api.w.org\/{rel}","templated":true}]}}