{"id":2534,"date":"2023-01-25T11:41:28","date_gmt":"2023-01-25T10:41:28","guid":{"rendered":"https:\/\/wp-dev.space\/zn\/transparency-center\/master\/strukturalne-ukazovatele\/"},"modified":"2023-02-20T01:29:47","modified_gmt":"2023-02-20T01:29:47","slug":"strukturalne-ukazovatele","status":"publish","type":"page","link":"https:\/\/test2.disinfocode.eu\/sk\/strukturalne-ukazovatele\/","title":{"rendered":"\u0160truktur\u00e1lne ukazovatele"},"content":{"rendered":"<section class=\"title-block title-block-m gutenberg-block  indigo-800\" >\n  <div class=\"sk-container sk-container--fl\">\n\n    <div class=\"title-block-content sk-container\">\n\n      \n            <h1 class=\"title-block-title\">\u0160truktur\u00e1lne ukazovatele<\/h1>\n    <\/div>\n\n  <\/div>\n<\/section>\n\n\n<section data-aos=\"fade-up\" data-aos-duration=\"1500\" class=\"text-block text-block-m gutenberg-block \" >\n  <div class=\"sk-container sk-container--fl\">\n\n    <div class=\"text-block-content sk-container\">\n\n              <div class=\"text-block-text\"><p style=\"text-align: center;\">V r\u00e1mci z\u00e1v\u00e4zku 41 k\u00f3dexu sa signat\u00e1ri zav\u00e4zuj\u00fa spolupracova\u0165 v r\u00e1mci pracovnej skupiny na vypracovan\u00ed \u0161truktur\u00e1lnych ukazovate\u013eov ur\u010den\u00fdch na hodnotenie \u00fa\u010dinnosti k\u00f3dexu pri zni\u017eovan\u00ed \u0161\u00edrenia online dezinform\u00e1ci\u00ed pre ka\u017ed\u00e9ho z pr\u00edslu\u0161n\u00fdch signat\u00e1rov a pre cel\u00fd online ekosyst\u00e9m v E\u00da a na \u00farovni \u010dlensk\u00fdch \u0161t\u00e1tov. Signat\u00e1ri bud\u00fa v tejto s\u00favislosti spolupracova\u0165 s pr\u00edslu\u0161n\u00fdmi akt\u00e9rmi vr\u00e1tane ERGA a EDMO.<\/p>\n<p style=\"text-align: center;\">Na tento \u00fa\u010del signat\u00e1ri v j\u00fani 2022 po predlo\u017een\u00ed posilnen\u00e9ho k\u00f3dexu zriadili pracovn\u00fa skupinu. Pracovn\u00e1 skupina bude pracovnej skupine pod\u00e1va\u0165 spr\u00e1vy o svojom pokroku ka\u017ed\u00e9 tri mesiace a bude sa radi\u0165 s odborn\u00edkmi vr\u00e1tane EDMO a ERGA.<\/p>\n<p style=\"text-align: center;\">Pracovn\u00e1 skupina zverejn\u00ed svoje merania \u0161truktur\u00e1lnych ukazovate\u013eov v s\u00falade s prvou \u00faplnou spr\u00e1vou signat\u00e1rov, ako aj ich \u00fapln\u00fa metodiku, pri\u010dom si uvedomuje, \u017ee tieto ukazovatele si m\u00f4\u017eu \u010dasom e\u0161te vy\u017eadova\u0165 spresnenia.<\/p>\n<\/div>\n      \n          <\/div>\n\n  <\/div>\n<\/section>\n","protected":false},"excerpt":{"rendered":"","protected":false},"author":93,"featured_media":0,"parent":0,"menu_order":0,"comment_status":"closed","ping_status":"closed","template":"","meta":{"_acf_changed":false,"footnotes":""},"class_list":["post-2534","page","type-page","status-publish","hentry"],"acf":[],"yoast_head":"<!-- This site is optimized with the Yoast SEO plugin v24.5 - https:\/\/yoast.com\/wordpress\/plugins\/seo\/ -->\n<title>\u0160truktur\u00e1lne ukazovatele - Transparency Centre<\/title>\n<meta name=\"robots\" content=\"index, follow, max-snippet:-1, max-image-preview:large, max-video-preview:-1\" \/>\n<link rel=\"canonical\" href=\"https:\/\/test2.disinfocode.eu\/sk\/strukturalne-ukazovatele\/\" \/>\n<meta property=\"og:locale\" content=\"sk_SK\" \/>\n<meta property=\"og:type\" content=\"article\" \/>\n<meta property=\"og:title\" content=\"\u0160truktur\u00e1lne ukazovatele - Transparency Centre\" \/>\n<meta property=\"og:url\" content=\"https:\/\/test2.disinfocode.eu\/sk\/strukturalne-ukazovatele\/\" \/>\n<meta property=\"og:site_name\" content=\"Transparency Centre\" \/>\n<meta property=\"article:modified_time\" content=\"2023-02-20T01:29:47+00:00\" \/>\n<meta name=\"twitter:card\" content=\"summary_large_image\" \/>\n<script type=\"application\/ld+json\" class=\"yoast-schema-graph\">{\"@context\":\"https:\/\/schema.org\",\"@graph\":[{\"@type\":\"WebPage\",\"@id\":\"https:\/\/test2.disinfocode.eu\/sk\/strukturalne-ukazovatele\/\",\"url\":\"https:\/\/test2.disinfocode.eu\/sk\/strukturalne-ukazovatele\/\",\"name\":\"\u0160truktur\u00e1lne ukazovatele - Transparency Centre\",\"isPartOf\":{\"@id\":\"https:\/\/disinfocode.eu\/#website\"},\"datePublished\":\"2023-01-25T10:41:28+00:00\",\"dateModified\":\"2023-02-20T01:29:47+00:00\",\"inLanguage\":\"sk-SK\",\"potentialAction\":[{\"@type\":\"ReadAction\",\"target\":[\"https:\/\/test2.disinfocode.eu\/sk\/strukturalne-ukazovatele\/\"]}]},{\"@type\":\"WebSite\",\"@id\":\"https:\/\/disinfocode.eu\/#website\",\"url\":\"https:\/\/disinfocode.eu\/\",\"name\":\"Transparency Centre\",\"description\":\"Discover the Code of Practice on Disinformation\",\"potentialAction\":[{\"@type\":\"SearchAction\",\"target\":{\"@type\":\"EntryPoint\",\"urlTemplate\":\"https:\/\/disinfocode.eu\/?s={search_term_string}\"},\"query-input\":{\"@type\":\"PropertyValueSpecification\",\"valueRequired\":true,\"valueName\":\"search_term_string\"}}],\"inLanguage\":\"sk-SK\"}]}<\/script>\n<!-- \/ Yoast SEO plugin. -->","yoast_head_json":{"title":"\u0160truktur\u00e1lne ukazovatele - Transparency Centre","robots":{"index":"index","follow":"follow","max-snippet":"max-snippet:-1","max-image-preview":"max-image-preview:large","max-video-preview":"max-video-preview:-1"},"canonical":"https:\/\/test2.disinfocode.eu\/sk\/strukturalne-ukazovatele\/","og_locale":"sk_SK","og_type":"article","og_title":"\u0160truktur\u00e1lne ukazovatele - Transparency Centre","og_url":"https:\/\/test2.disinfocode.eu\/sk\/strukturalne-ukazovatele\/","og_site_name":"Transparency Centre","article_modified_time":"2023-02-20T01:29:47+00:00","twitter_card":"summary_large_image","schema":{"@context":"https:\/\/schema.org","@graph":[{"@type":"WebPage","@id":"https:\/\/test2.disinfocode.eu\/sk\/strukturalne-ukazovatele\/","url":"https:\/\/test2.disinfocode.eu\/sk\/strukturalne-ukazovatele\/","name":"\u0160truktur\u00e1lne ukazovatele - Transparency Centre","isPartOf":{"@id":"https:\/\/disinfocode.eu\/#website"},"datePublished":"2023-01-25T10:41:28+00:00","dateModified":"2023-02-20T01:29:47+00:00","inLanguage":"sk-SK","potentialAction":[{"@type":"ReadAction","target":["https:\/\/test2.disinfocode.eu\/sk\/strukturalne-ukazovatele\/"]}]},{"@type":"WebSite","@id":"https:\/\/disinfocode.eu\/#website","url":"https:\/\/disinfocode.eu\/","name":"Transparency Centre","description":"Discover the Code of Practice on Disinformation","potentialAction":[{"@type":"SearchAction","target":{"@type":"EntryPoint","urlTemplate":"https:\/\/disinfocode.eu\/?s={search_term_string}"},"query-input":{"@type":"PropertyValueSpecification","valueRequired":true,"valueName":"search_term_string"}}],"inLanguage":"sk-SK"}]}},"_links":{"self":[{"href":"https:\/\/test2.disinfocode.eu\/sk\/wp-json\/wp\/v2\/pages\/2534","targetHints":{"allow":["GET"]}}],"collection":[{"href":"https:\/\/test2.disinfocode.eu\/sk\/wp-json\/wp\/v2\/pages"}],"about":[{"href":"https:\/\/test2.disinfocode.eu\/sk\/wp-json\/wp\/v2\/types\/page"}],"author":[{"embeddable":true,"href":"https:\/\/test2.disinfocode.eu\/sk\/wp-json\/wp\/v2\/users\/93"}],"replies":[{"embeddable":true,"href":"https:\/\/test2.disinfocode.eu\/sk\/wp-json\/wp\/v2\/comments?post=2534"}],"version-history":[{"count":2,"href":"https:\/\/test2.disinfocode.eu\/sk\/wp-json\/wp\/v2\/pages\/2534\/revisions"}],"predecessor-version":[{"id":2580,"href":"https:\/\/test2.disinfocode.eu\/sk\/wp-json\/wp\/v2\/pages\/2534\/revisions\/2580"}],"wp:attachment":[{"href":"https:\/\/test2.disinfocode.eu\/sk\/wp-json\/wp\/v2\/media?parent=2534"}],"curies":[{"name":"wp","href":"https:\/\/api.w.org\/{rel}","templated":true}]}}