{"id":2667,"date":"2022-12-30T10:42:38","date_gmt":"2022-12-30T09:42:38","guid":{"rendered":"https:\/\/wp-dev.space\/zn\/transparency-center\/master\/confidentialitate\/"},"modified":"2023-03-27T18:35:10","modified_gmt":"2023-03-27T18:35:10","slug":"politica-de-confidentialitate","status":"publish","type":"page","link":"https:\/\/test2.disinfocode.eu\/ro\/politica-de-confidentialitate\/","title":{"rendered":"Confiden\u021bialitate"},"content":{"rendered":"<section class=\"title-block title-block-m gutenberg-block  indigo-800\" >\n  <div class=\"sk-container sk-container--fl\">\n\n    <div class=\"title-block-content sk-container\">\n\n      \n            <h1 class=\"title-block-title\">Confiden\u021bialitate<\/h1>\n    <\/div>\n\n  <\/div>\n<\/section>\n<section data-aos=\"fade-up\" data-aos-duration=\"1500\" class=\"text-block text-block-m gutenberg-block \" >\n  <div class=\"sk-container sk-container--fl\">\n\n    <div class=\"text-block-content sk-container\">\n\n              <div class=\"text-block-text\"><p><strong>Data intr\u0103rii \u00een vigoare: 9 februarie 2023<\/strong><\/p>\n<p>Centrul pentru Transparen\u021b\u0103 (&#8222;noi&#8221;, &#8222;noi&#8221;, &#8222;al nostru&#8221; sau &#8222;Organiza\u021bia&#8221;) se angajeaz\u0103 s\u0103 protejeze confiden\u021bialitatea persoanelor care viziteaz\u0103 site-urile noastre web. Ne angaj\u0103m s\u0103 protej\u0103m confiden\u021bialitatea pentru persoanele juridice numai dac\u0103 se poate aplica \u00een conformitate cu o lege aplicabil\u0103 \u00een vigoare. Aceast\u0103 declara\u021bie de confiden\u021bialitate are rolul de a v\u0103 informa cu privire la politicile noastre privind colectarea, utilizarea \u0219i dezv\u0103luirea datelor cu caracter personal atunci c\u00e2nd naviga\u021bi pe site-urile noastre web, precum \u0219i cu privire la op\u021biunile pe care le ave\u021bi \u00een leg\u0103tur\u0103 cu aceste date.<\/p>\n<p>Prin utilizarea site-ului nostru, sunte\u021bi de acord cu colectarea \u0219i utilizarea informa\u021biilor \u00een conformitate cu aceast\u0103 politic\u0103.<\/p>\n<p>Dac\u0103 ave\u021bi \u00eentreb\u0103ri sau reclama\u021bii cu privire la practicile de confiden\u021bialitate ale Organiza\u021biei, v\u0103 rug\u0103m s\u0103 ne contacta\u021bi prin intermediul acestui e-mail.<\/p>\n<p>Aceast\u0103 declara\u021bie de confiden\u021bialitate se refer\u0103 la urm\u0103torul site web: https:\/\/test2.disinfocode.eu\/<\/p>\n<h2>Ce colect\u0103m?<\/h2>\n<p>Colect\u0103m urm\u0103toarele tipuri de informa\u021bii \u00een diverse scopuri (enumerate mai jos) pentru a v\u0103 oferi \u0219i \u00eembun\u0103t\u0103\u021bi serviciile noastre:<\/p>\n<ul>\n<li>Date cu caracter personal<\/li>\n<li>Date de utilizare<\/li>\n<li>Date de localizare<\/li>\n<li>Urm\u0103rirea datelor cookie-urilor<\/li>\n<\/ul>\n<h3>Date cu caracter personal<\/h3>\n<p>Atunci c\u00e2nd ne contacta\u021bi pentru a primi informa\u021bii despre serviciile noastre, c\u00e2nd v\u0103 \u00eenregistra\u021bi pentru a participa la evenimentele noastre sau c\u00e2nd solicita\u021bi s\u0103 lucra\u021bi pentru noi, Centrul pentru Transparen\u021b\u0103 v\u0103 solicit\u0103 s\u0103 furniza\u021bi informa\u021bii personale de contact care pot fi utilizate pentru a v\u0103 contacta sau identifica. Informa\u021biile personale identificabile pot include, dar nu se limiteaz\u0103 la:<\/p>\n<ul>\n<li>Numele \u0219i prenumele<\/li>\n<li>Adresa de e-mail<\/li>\n<\/ul>\n<h3>Date de utilizare<\/h3>\n<p>De asemenea, este posibil s\u0103 colect\u0103m informa\u021bii despre modul \u00een care este accesat \u0219i utilizat serviciul (&#8222;Date de utilizare&#8221;). Aceste date de utilizare pot include informa\u021bii cum ar fi adresa de protocol internet a computerului dumneavoastr\u0103 (de exemplu, adresa IP), tipul de browser, versiunea browserului, paginile site-urilor noastre web pe care le vizita\u021bi, data \u0219i ora vizitei, timpul petrecut pe acele pagini, identificatorii unici ai dispozitivului \u0219i alte date de diagnosticare.<\/p>\n<h3>Date de localizare<\/h3>\n<p>Este posibil s\u0103 folosim \u0219i s\u0103 stoc\u0103m informa\u021bii despre loca\u021bia dvs. dac\u0103 ne da\u021bi permisiunea s\u0103 facem acest lucru (&#8222;Date de loca\u021bie&#8221;). Utiliz\u0103m aceste date pentru a furniza caracteristici ale serviciului nostru \u0219i pentru a \u00eembun\u0103t\u0103\u021bi \u0219i personaliza serviciul pe care \u00eel oferim.<\/p>\n<p>Pute\u021bi activa sau dezactiva serviciile de localizare atunci c\u00e2nd utiliza\u021bi site-urile noastre web \u00een orice moment, prin intermediul set\u0103rilor dispozitivului dumneavoastr\u0103.<\/p>\n<h3>Urm\u0103rirea datelor cookie-urilor<\/h3>\n<p>Utiliz\u0103m cookie-uri \u0219i tehnologii de urm\u0103rire similare pentru a urm\u0103ri activitatea pe site-urile noastre web \u0219i pentru a p\u0103stra anumite informa\u021bii.<\/p>\n<p>Mai multe informa\u021bii despre modulele cookie \u0219i exemple de module cookie pe care le folosim pot fi g\u0103site pe <a href=\"https:\/\/test2.disinfocode.eu\/ro\/cookie-uri\/\">pagina Politica privind modulele cookie<\/a>.<\/p>\n<h2>Cum folosim datele dumneavoastr\u0103?<\/h2>\n<p>Centrul pentru Transparen\u021b\u0103 utilizeaz\u0103 datele colectate \u00een diverse scopuri detaliate mai jos.<\/p>\n<p>Centrul pentru Transparen\u021b\u0103 utilizeaz\u0103 date cu caracter personal despre semnatarii no\u0219tri (poten\u021biali) pentru a efectua serviciile solicitate. De exemplu, dac\u0103 trimite\u021bi un formular pentru a ne informa despre interesul dvs. de a deveni semnatar, vom folosi informa\u021biile pe care le-a\u021bi furnizat pentru a v\u0103 trimite comunic\u0103ri cu privire la etapele ulterioare pentru a deveni semnatar \u0219i informa\u021bii despre grupul nostru.<\/p>\n<h2>P\u0103strarea datelor<\/h2>\n<p>Centrul pentru Transparen\u021b\u0103 va p\u0103stra datele dumneavoastr\u0103 cu caracter personal doar at\u00e2t timp c\u00e2t este necesar pentru scopurile stabilite \u00een prezenta politic\u0103 de confiden\u021bialitate. Vom p\u0103stra \u0219i utiliza datele dvs. cu caracter personal \u00een m\u0103sura \u00een care este necesar pentru a ne respecta obliga\u021biile legale (de exemplu, dac\u0103 suntem obliga\u021bi s\u0103 p\u0103str\u0103m datele dvs. pentru a ne conforma legilor aplicabile), pentru a rezolva litigiile \u0219i pentru a aplica acordurile \u0219i politicile noastre legale.<\/p>\n<p>Centrul de Transparen\u021b\u0103 va p\u0103stra, de asemenea, datele de utilizare \u00een scopuri de analiz\u0103 intern\u0103. Datele de utilizare sunt, \u00een general, p\u0103strate pentru o perioad\u0103 mai scurt\u0103, cu excep\u021bia cazului \u00een care aceste date sunt utilizate pentru a consolida securitatea sau pentru a \u00eembun\u0103t\u0103\u021bi func\u021bionalitatea serviciului nostru sau suntem obliga\u021bi din punct de vedere legal s\u0103 p\u0103str\u0103m aceste date pentru perioade mai lungi.<\/p>\n<h3>Transferul de date<\/h3>\n<p>Informa\u021biile dumneavoastr\u0103, inclusiv datele cu caracter personal, pot fi transferate \u0219i p\u0103strate pe computere situate \u00een afara statului, provinciei, \u021b\u0103rii sau altei jurisdic\u021bii guvernamentale \u00een care legile privind protec\u021bia datelor pot fi diferite de cele din jurisdic\u021bia dumneavoastr\u0103.<\/p>\n<p>V\u0103 rug\u0103m s\u0103 re\u021bine\u021bi c\u0103 transfer\u0103m datele, inclusiv datele cu caracter personal, \u00een Belgia \u0219i le prelucr\u0103m acolo. Serverele noastre de g\u0103zduire web \u0219i centrele de date sunt situate \u00een Belgia.<\/p>\n<p>Consim\u021b\u0103m\u00e2ntul dvs. cu privire la aceast\u0103 politic\u0103 de confiden\u021bialitate, urmat de transmiterea acestor informa\u021bii, reprezint\u0103 acordul dvs. cu privire la acest transfer.<\/p>\n<p>Centrul de Transparen\u021b\u0103 va lua toate m\u0103surile necesare \u00een mod rezonabil pentru a se asigura c\u0103 datele dvs. sunt tratate \u00een siguran\u021b\u0103 \u0219i \u00een conformitate cu aceast\u0103 politic\u0103 de confiden\u021bialitate \u0219i nu va avea loc niciun transfer al datelor dvs. personale c\u0103tre o organiza\u021bie sau o \u021bar\u0103, cu excep\u021bia cazului \u00een care exist\u0103 controale adecvate, inclusiv securitatea datelor dvs. \u0219i a altor informa\u021bii personale.<\/p>\n<h3>Securitatea datelor<\/h3>\n<p>Securitatea datelor dvs. este important\u0103 pentru noi, dar nu uita\u021bi c\u0103 nicio metod\u0103 de transmitere pe internet sau metod\u0103 de stocare electronic\u0103 nu este 100% sigur\u0103. De\u0219i ne str\u0103duim s\u0103 folosim mijloace acceptabile din punct de vedere comercial pentru a v\u0103 proteja datele personale, nu putem garanta securitatea absolut\u0103 a acestora.<\/p>\n<p>Sunte\u021bi de acord \u0219i accepta\u021bi riscurile asociate cu utilizarea internetului.<\/p>\n<h3>Drepturile dumneavoastr\u0103<\/h3>\n<p>Centrul pentru Transparen\u021b\u0103 \u00ee\u0219i propune s\u0103 ia m\u0103suri rezonabile pentru a v\u0103 permite s\u0103 corecta\u021bi, s\u0103 modifica\u021bi, s\u0103 \u0219terge\u021bi sau s\u0103 limita\u021bi utilizarea datelor dumneavoastr\u0103 cu caracter personal.<\/p>\n<p>Dac\u0103 dori\u021bi s\u0103 fi\u021bi informat cu privire la datele cu caracter personal pe care le de\u021binem despre dumneavoastr\u0103 \u0219i dac\u0103 dori\u021bi s\u0103 le \u0219tergem din sistemele noastre, v\u0103 rug\u0103m s\u0103 ne contacta\u021bi.<\/p>\n<p>\u00cen anumite circumstan\u021be, ave\u021bi dreptul:<\/p>\n<ul>\n<li>S\u0103 accesa\u021bi \u0219i s\u0103 primi\u021bi o copie a datelor cu caracter personal pe care le de\u021binem despre dvs.<\/li>\n<li>Pentru a rectifica orice date cu caracter personal de\u021binute despre dumneavoastr\u0103 care sunt inexacte.<\/li>\n<li>Pentru a depune o pl\u00e2ngere la o autoritate de supraveghere competent\u0103<\/li>\n<li>Pentru a solicita \u0219tergerea datelor cu caracter personal de\u021binute despre dumneavoastr\u0103 (&#8222;dreptul de a fi uitat&#8221;)<\/li>\n<\/ul>\n<p>Este posibil s\u0103 ave\u021bi dreptul la portabilitatea datelor, dac\u0103 se aplic\u0103 situa\u021biei dumneavoastr\u0103 \u00een conformitate cu legisla\u021bia \u00een vigoare, pentru informa\u021biile pe care le furniza\u021bi Centrului pentru Transparen\u021b\u0103.\u00cen cazul \u00een care avem obliga\u021bia de a ne conforma portabilit\u0103\u021bii, pute\u021bi solicita s\u0103 ob\u021bine\u021bi o copie a datelor dumneavoastr\u0103 cu caracter personal \u00eentr-un format electronic utilizat \u00een mod obi\u0219nuit, astfel \u00eenc\u00e2t s\u0103 le pute\u021bi gestiona \u0219i muta.<\/p>\n<p>V\u0103 rug\u0103m s\u0103 re\u021bine\u021bi c\u0103 este posibil s\u0103 v\u0103 cerem s\u0103 v\u0103 verifica\u021bi identitatea \u00eenainte de a r\u0103spunde la astfel de solicit\u0103ri.<\/p>\n<h3>Furnizori de servicii<\/h3>\n<p>Este posibil s\u0103 angaj\u0103m companii ter\u021be \u0219i persoane fizice pentru a facilita serviciul pe care \u00eel furniz\u0103m (&#8222;Furnizori de servicii&#8221;), pentru a furniza serviciul \u00een numele nostru, pentru a efectua servicii legate de serviciu sau pentru a ne asista \u00een analizarea modului \u00een care este utilizat serviciul nostru. \u00cen special, este posibil s\u0103 folosim sprijinul unor ter\u021be p\u0103r\u021bi pentru g\u0103zduirea \u0219i \u00eentre\u021binerea acestui site web.<\/p>\n<p>Aceste ter\u021be p\u0103r\u021bi au acces la datele dumneavoastr\u0103 personale doar pentru a \u00eendeplini aceste sarcini \u00een numele nostru \u0219i sunt obligate s\u0103 nu le divulge sau s\u0103 le utilizeze \u00een niciun alt scop.<\/p>\n<p>Ne declin\u0103m r\u0103spunderea \u0219i nu suntem r\u0103spunz\u0103tori pentru costurile \u0219i\/sau daunele care v-ar putea fi cauzate de c\u0103tre Furnizorii de servicii.<\/p>\n<h2>Analize<\/h2>\n<p>Este posibil s\u0103 folosim furnizori de servicii ter\u021bi pentru a monitoriza \u0219i analiza utilizarea serviciului nostru.<\/p>\n<h3>Google Analytics<\/h3>\n<p>Google Analytics este un serviciu de analiz\u0103 web oferit de Google, care urm\u0103re\u0219te \u0219i raporteaz\u0103 traficul de pe site-ul web. Google utilizeaz\u0103 datele colectate pentru a urm\u0103ri \u0219i monitoriza utilizarea Serviciului nostru. Aceste date sunt partajate cu alte servicii Google. Google poate utiliza datele colectate pentru a contextualiza \u0219i personaliza anun\u021burile din propria re\u021bea de publicitate.<\/p>\n<p>Pute\u021bi renun\u021ba la punerea la dispozi\u021bia Google Analytics a activit\u0103\u021bii dvs. \u00een cadrul Serviciului prin instalarea add-on-ului pentru browser Google Analytics opt-out. Acest add-on \u00eempiedic\u0103 JavaScript-ul Google Analytics (ga.js, analytics.js \u0219i dc.js) s\u0103 partajeze informa\u021bii cu Google Analytics despre activitatea vizitelor.<\/p>\n<p>Pentru mai multe informa\u021bii despre practicile de confiden\u021bialitate ale Google, v\u0103 rug\u0103m s\u0103 vizita\u021bi pagina web Google Privacy Terms: http:\/\/www.google.com\/intl\/en\/policies\/privacy.<\/p>\n<h2>Leg\u0103turi c\u0103tre alte site-uri<\/h2>\n<p>Serviciul nostru poate con\u021bine linkuri c\u0103tre alte site-uri care nu sunt operate de noi. Dac\u0103 face\u021bi clic pe un link al unei ter\u021be p\u0103r\u021bi, ve\u021bi fi direc\u021bionat c\u0103tre site-ul acelei ter\u021be p\u0103r\u021bi. V\u0103 sf\u0103tuim s\u0103 consulta\u021bi politica de confiden\u021bialitate a fiec\u0103rui site pe care \u00eel vizita\u021bi.<\/p>\n<p>Nu avem niciun control asupra con\u021binutului, politicilor de confiden\u021bialitate sau practicilor site-urilor sau serviciilor ter\u021bilor \u0219i nu ne asum\u0103m nicio responsabilitate pentru acestea.<\/p>\n<h2>Confiden\u021bialitatea copiilor<\/h2>\n<p>Serviciul nostru nu se adreseaz\u0103 persoanelor cu v\u00e2rsta sub 13 ani, sau o v\u00e2rst\u0103 mai mic\u0103, dac\u0103 este cazul, \u00een conformitate cu o lege specific\u0103 care se poate aplica, dar nu mai mic\u0103 de 13 ani (&#8222;Copii&#8221;).<\/p>\n<p>Nu colect\u0103m cu bun\u0103 \u0219tiin\u021b\u0103 informa\u021bii de identificare personal\u0103 de la persoane cu v\u00e2rsta sub 13 ani. Dac\u0103 sunte\u021bi p\u0103rinte sau tutore \u0219i sunte\u021bi con\u0219tient de faptul c\u0103 copilul dumneavoastr\u0103 ne-a furnizat date cu caracter personal, v\u0103 rug\u0103m s\u0103 ne contacta\u021bi. \u00cen cazul \u00een care afl\u0103m c\u0103 am colectat date cu caracter personal de la copii f\u0103r\u0103 verificarea consim\u021b\u0103m\u00e2ntului p\u0103rin\u021bilor, lu\u0103m m\u0103suri pentru a elimina informa\u021biile respective de pe serverele noastre.<\/p>\n<h2>Dezv\u0103luirea pentru aplicarea legii<\/h2>\n<p>\u00cen anumite circumstan\u021be, Centrul pentru Transparen\u021b\u0103 poate fi obligat s\u0103 v\u0103 dezv\u0103luie datele cu caracter personal \u00een cazul \u00een care acest lucru este impus prin lege sau ca r\u0103spuns la solicit\u0103ri valabile din partea autorit\u0103\u021bilor publice (de exemplu, o instan\u021b\u0103 sau o agen\u021bie guvernamental\u0103).<\/p>\n<h2>Cerin\u021be legale \u0219i limita de responsabilitate<\/h2>\n<p>Centrul pentru Transparen\u021b\u0103 poate dezv\u0103lui datele dvs. cu caracter personal \u00een cazul \u00een care crede cu bun\u0103 credin\u021b\u0103 c\u0103 o astfel de ac\u021biune este necesar\u0103 pentru:<\/p>\n<ul>\n<li>Pentru a respecta o obliga\u021bie legal\u0103<\/li>\n<li>Pentru a proteja \u0219i ap\u0103ra drepturile sau proprietatea Centrului pentru Transparen\u021b\u0103<\/li>\n<li>Pentru a preveni sau investiga posibilele abateri \u00een leg\u0103tur\u0103 cu serviciul<\/li>\n<li>Pentru a proteja siguran\u021ba personal\u0103 a utilizatorilor serviciului sau a publicului.<\/li>\n<li>Pentru a se proteja \u00eempotriva r\u0103spunderii juridice<\/li>\n<\/ul>\n<h2>Modific\u0103ri ale acestei politici de confiden\u021bialitate<\/h2>\n<p>Este posibil s\u0103 ne actualiz\u0103m politica de confiden\u021bialitate din c\u00e2nd \u00een c\u00e2nd. V\u0103 vom informa cu privire la orice modific\u0103ri prin publicarea noii Politici de confiden\u021bialitate pe aceast\u0103 pagin\u0103.<\/p>\n<p>V\u0103 sf\u0103tuim s\u0103 revizui\u021bi periodic aceast\u0103 Politic\u0103 de confiden\u021bialitate pentru orice modific\u0103ri. Modific\u0103rile la aceast\u0103 politic\u0103 de confiden\u021bialitate intr\u0103 \u00een vigoare \u00een momentul \u00een care sunt publicate pe aceast\u0103 pagin\u0103.<\/p>\n<h2>Fraud\u0103 prin e-mail<\/h2>\n<p>Frauda prin e-mail a crescut dramatic \u00een ultimii ani, infractorii cibernetici sunt din ce \u00een ce mai inteligen\u021bi \u0219i avem nevoie de ajutorul dumneavoastr\u0103 pentru a-i combate.<\/p>\n<p>Infractorii cibernetici se vor folosi de orice mijloace pentru a v\u0103 p\u0103c\u0103li s\u0103 v\u0103 \u00eemp\u0103rt\u0103\u0219i\u021bi informa\u021biile personale, informa\u021biile financiare sau chiar s\u0103 v\u0103 solicite s\u0103 face\u021bi pl\u0103\u021bi nesolicitate \u0219i criminale. Majoritatea infractorilor cibernetici vor \u00eencerca s\u0103 contacteze reprezentan\u021bi de nivel \u00eenalt ai companiei \u0219i vor \u00eencerca s\u0103 creeze un sentiment de urgen\u021b\u0103.<\/p>\n<p>V\u0103 rug\u0103m s\u0103 re\u021bine\u021bi c\u0103 exist\u0103 multe tehnici frauduloase \u0219i chiar \u0219i cu tehnologiile actuale, multe dintre fraudele prin e-mail vor ocoli m\u0103surile de securitate puse \u00een aplicare de companii.<\/p>\n<h3>Ce trebuie f\u0103cut \u00een caz de \u00eendoial\u0103?<\/h3>\n<p>Dac\u0103 nu sunte\u021bi sigur c\u0103 e-mailul este legitim, cel mai bun prieten al dumneavoastr\u0103 este departamentul TIC \/ IT \/ Securitate. Acestea pot ajuta la investigarea originii \u0219i legitimit\u0103\u021bii e-mailului.<\/p>\n<h3>Cum s\u0103 raporta\u021bi e-mailurile frauduloase?<\/h3>\n<p>Ne pute\u021bi contacta la <a href=\"mailto:contact@disinfocode.vost.pt\">contact@disinfocode.vost.pt<\/a> pentru a raporta un e-mail fraudulos sau pentru a ob\u021bine ajutor \u00een protejarea datelor dumneavoastr\u0103. Vom face tot posibilul pentru a asigura o protec\u021bie maxim\u0103.<\/p>\n<h2>Contacta\u021bi-ne<\/h2>\n<p>Dac\u0103 ave\u021bi \u00eentreb\u0103ri cu privire la aceast\u0103 politic\u0103 de confiden\u021bialitate, <a href=\"mailto:contact@disinfocode.vost.pt\">v\u0103 rug\u0103m s\u0103 ne contacta\u021bi prin intermediul acestui e-mail<\/a>.<\/p>\n<\/div>\n      \n          <\/div>\n\n  <\/div>\n<\/section>\n","protected":false},"excerpt":{"rendered":"","protected":false},"author":62,"featured_media":0,"parent":0,"menu_order":0,"comment_status":"closed","ping_status":"closed","template":"","meta":{"_acf_changed":false,"footnotes":""},"class_list":["post-2667","page","type-page","status-publish","hentry"],"acf":[],"yoast_head":"<!-- This site is optimized with the Yoast SEO plugin v24.5 - https:\/\/yoast.com\/wordpress\/plugins\/seo\/ -->\n<title>Confiden\u021bialitate - Transparency Centre<\/title>\n<meta name=\"robots\" content=\"index, follow, max-snippet:-1, max-image-preview:large, max-video-preview:-1\" \/>\n<link rel=\"canonical\" href=\"https:\/\/test2.disinfocode.eu\/ro\/politica-de-confidentialitate\/\" \/>\n<meta property=\"og:locale\" content=\"ro_RO\" \/>\n<meta property=\"og:type\" content=\"article\" \/>\n<meta property=\"og:title\" content=\"Confiden\u021bialitate - Transparency Centre\" \/>\n<meta property=\"og:url\" content=\"https:\/\/test2.disinfocode.eu\/ro\/politica-de-confidentialitate\/\" \/>\n<meta property=\"og:site_name\" content=\"Transparency Centre\" \/>\n<meta property=\"article:modified_time\" content=\"2023-03-27T18:35:10+00:00\" \/>\n<meta name=\"twitter:card\" content=\"summary_large_image\" \/>\n<script type=\"application\/ld+json\" class=\"yoast-schema-graph\">{\"@context\":\"https:\/\/schema.org\",\"@graph\":[{\"@type\":\"WebPage\",\"@id\":\"https:\/\/test2.disinfocode.eu\/ro\/politica-de-confidentialitate\/\",\"url\":\"https:\/\/test2.disinfocode.eu\/ro\/politica-de-confidentialitate\/\",\"name\":\"Confiden\u021bialitate - Transparency Centre\",\"isPartOf\":{\"@id\":\"https:\/\/disinfocode.eu\/#website\"},\"datePublished\":\"2022-12-30T09:42:38+00:00\",\"dateModified\":\"2023-03-27T18:35:10+00:00\",\"inLanguage\":\"ro-RO\",\"potentialAction\":[{\"@type\":\"ReadAction\",\"target\":[\"https:\/\/test2.disinfocode.eu\/ro\/politica-de-confidentialitate\/\"]}]},{\"@type\":\"WebSite\",\"@id\":\"https:\/\/disinfocode.eu\/#website\",\"url\":\"https:\/\/disinfocode.eu\/\",\"name\":\"Transparency Centre\",\"description\":\"Discover the Code of Practice on Disinformation\",\"potentialAction\":[{\"@type\":\"SearchAction\",\"target\":{\"@type\":\"EntryPoint\",\"urlTemplate\":\"https:\/\/disinfocode.eu\/?s={search_term_string}\"},\"query-input\":{\"@type\":\"PropertyValueSpecification\",\"valueRequired\":true,\"valueName\":\"search_term_string\"}}],\"inLanguage\":\"ro-RO\"}]}<\/script>\n<!-- \/ Yoast SEO plugin. -->","yoast_head_json":{"title":"Confiden\u021bialitate - Transparency Centre","robots":{"index":"index","follow":"follow","max-snippet":"max-snippet:-1","max-image-preview":"max-image-preview:large","max-video-preview":"max-video-preview:-1"},"canonical":"https:\/\/test2.disinfocode.eu\/ro\/politica-de-confidentialitate\/","og_locale":"ro_RO","og_type":"article","og_title":"Confiden\u021bialitate - Transparency Centre","og_url":"https:\/\/test2.disinfocode.eu\/ro\/politica-de-confidentialitate\/","og_site_name":"Transparency Centre","article_modified_time":"2023-03-27T18:35:10+00:00","twitter_card":"summary_large_image","schema":{"@context":"https:\/\/schema.org","@graph":[{"@type":"WebPage","@id":"https:\/\/test2.disinfocode.eu\/ro\/politica-de-confidentialitate\/","url":"https:\/\/test2.disinfocode.eu\/ro\/politica-de-confidentialitate\/","name":"Confiden\u021bialitate - Transparency Centre","isPartOf":{"@id":"https:\/\/disinfocode.eu\/#website"},"datePublished":"2022-12-30T09:42:38+00:00","dateModified":"2023-03-27T18:35:10+00:00","inLanguage":"ro-RO","potentialAction":[{"@type":"ReadAction","target":["https:\/\/test2.disinfocode.eu\/ro\/politica-de-confidentialitate\/"]}]},{"@type":"WebSite","@id":"https:\/\/disinfocode.eu\/#website","url":"https:\/\/disinfocode.eu\/","name":"Transparency Centre","description":"Discover the Code of Practice on Disinformation","potentialAction":[{"@type":"SearchAction","target":{"@type":"EntryPoint","urlTemplate":"https:\/\/disinfocode.eu\/?s={search_term_string}"},"query-input":{"@type":"PropertyValueSpecification","valueRequired":true,"valueName":"search_term_string"}}],"inLanguage":"ro-RO"}]}},"_links":{"self":[{"href":"https:\/\/test2.disinfocode.eu\/ro\/wp-json\/wp\/v2\/pages\/2667","targetHints":{"allow":["GET"]}}],"collection":[{"href":"https:\/\/test2.disinfocode.eu\/ro\/wp-json\/wp\/v2\/pages"}],"about":[{"href":"https:\/\/test2.disinfocode.eu\/ro\/wp-json\/wp\/v2\/types\/page"}],"author":[{"embeddable":true,"href":"https:\/\/test2.disinfocode.eu\/ro\/wp-json\/wp\/v2\/users\/62"}],"replies":[{"embeddable":true,"href":"https:\/\/test2.disinfocode.eu\/ro\/wp-json\/wp\/v2\/comments?post=2667"}],"version-history":[{"count":0,"href":"https:\/\/test2.disinfocode.eu\/ro\/wp-json\/wp\/v2\/pages\/2667\/revisions"}],"wp:attachment":[{"href":"https:\/\/test2.disinfocode.eu\/ro\/wp-json\/wp\/v2\/media?parent=2667"}],"curies":[{"name":"wp","href":"https:\/\/api.w.org\/{rel}","templated":true}]}}