{"id":2533,"date":"2023-01-25T11:41:28","date_gmt":"2023-01-25T10:41:28","guid":{"rendered":"https:\/\/wp-dev.space\/zn\/transparency-center\/master\/indicatori-structurali\/"},"modified":"2023-02-20T01:27:16","modified_gmt":"2023-02-20T01:27:16","slug":"indicatori-structurali","status":"publish","type":"page","link":"https:\/\/test2.disinfocode.eu\/ro\/indicatori-structurali\/","title":{"rendered":"Indicatori structurali"},"content":{"rendered":"<section class=\"title-block title-block-m gutenberg-block  indigo-800\" >\n  <div class=\"sk-container sk-container--fl\">\n\n    <div class=\"title-block-content sk-container\">\n\n      \n            <h1 class=\"title-block-title\">Indicatori structurali<\/h1>\n    <\/div>\n\n  <\/div>\n<\/section>\n\n\n<section data-aos=\"fade-up\" data-aos-duration=\"1500\" class=\"text-block text-block-m gutenberg-block \" >\n  <div class=\"sk-container sk-container--fl\">\n\n    <div class=\"text-block-content sk-container\">\n\n              <div class=\"text-block-text\"><p style=\"text-align: center;\">\u00cen conformitate cu angajamentul 41 din Cod, semnatarii se angajeaz\u0103 s\u0103 lucreze \u00een cadrul grupului operativ la elaborarea unor indicatori structurali, concepu\u021bi pentru a evalua eficacitatea Codului \u00een ceea ce prive\u0219te reducerea r\u0103sp\u00e2ndirii dezinform\u0103rii online pentru fiecare dintre semnatarii relevan\u021bi \u0219i pentru \u00eentregul ecosistem online \u00een UE \u0219i la nivelul statelor membre. Semnatarii vor colabora cu actorii relevan\u021bi \u00een aceast\u0103 privin\u021b\u0103, inclusiv cu ERGA \u0219i EDMO.<\/p>\n<p style=\"text-align: center;\">\u00cen acest scop, semnatarii au \u00eenfiin\u021bat un grup de lucru \u00een iunie 2022, \u00een urma prezent\u0103rii Codului consolidat. Grupul de lucru va raporta trimestrial grupului operativ cu privire la progresele sale \u0219i se va consulta cu exper\u021bi, inclusiv cu EDMO \u0219i ERGA.<\/p>\n<p style=\"text-align: center;\">Grupul de lucru va publica m\u0103sur\u0103torile pentru indicatorii structurali \u00een conformitate cu primul raport complet al semnatarilor, precum \u0219i metodologia complet\u0103 a acestuia, \u00een\u021beleg\u00e2nd c\u0103 acestea pot necesita \u00een continuare \u00eembun\u0103t\u0103\u021biri \u00een timp.<\/p>\n<\/div>\n      \n          <\/div>\n\n  <\/div>\n<\/section>\n","protected":false},"excerpt":{"rendered":"","protected":false},"author":93,"featured_media":0,"parent":0,"menu_order":0,"comment_status":"closed","ping_status":"closed","template":"","meta":{"_acf_changed":false,"footnotes":""},"class_list":["post-2533","page","type-page","status-publish","hentry"],"acf":[],"yoast_head":"<!-- This site is optimized with the Yoast SEO plugin v24.5 - https:\/\/yoast.com\/wordpress\/plugins\/seo\/ -->\n<title>Indicatori structurali - Transparency Centre<\/title>\n<meta name=\"robots\" content=\"index, follow, max-snippet:-1, max-image-preview:large, max-video-preview:-1\" \/>\n<link rel=\"canonical\" href=\"https:\/\/test2.disinfocode.eu\/ro\/indicatori-structurali\/\" \/>\n<meta property=\"og:locale\" content=\"ro_RO\" \/>\n<meta property=\"og:type\" content=\"article\" \/>\n<meta property=\"og:title\" content=\"Indicatori structurali - Transparency Centre\" \/>\n<meta property=\"og:url\" content=\"https:\/\/test2.disinfocode.eu\/ro\/indicatori-structurali\/\" \/>\n<meta property=\"og:site_name\" content=\"Transparency Centre\" \/>\n<meta property=\"article:modified_time\" content=\"2023-02-20T01:27:16+00:00\" \/>\n<meta name=\"twitter:card\" content=\"summary_large_image\" \/>\n<script type=\"application\/ld+json\" class=\"yoast-schema-graph\">{\"@context\":\"https:\/\/schema.org\",\"@graph\":[{\"@type\":\"WebPage\",\"@id\":\"https:\/\/test2.disinfocode.eu\/ro\/indicatori-structurali\/\",\"url\":\"https:\/\/test2.disinfocode.eu\/ro\/indicatori-structurali\/\",\"name\":\"Indicatori structurali - Transparency Centre\",\"isPartOf\":{\"@id\":\"https:\/\/disinfocode.eu\/#website\"},\"datePublished\":\"2023-01-25T10:41:28+00:00\",\"dateModified\":\"2023-02-20T01:27:16+00:00\",\"inLanguage\":\"ro-RO\",\"potentialAction\":[{\"@type\":\"ReadAction\",\"target\":[\"https:\/\/test2.disinfocode.eu\/ro\/indicatori-structurali\/\"]}]},{\"@type\":\"WebSite\",\"@id\":\"https:\/\/disinfocode.eu\/#website\",\"url\":\"https:\/\/disinfocode.eu\/\",\"name\":\"Transparency Centre\",\"description\":\"Discover the Code of Practice on Disinformation\",\"potentialAction\":[{\"@type\":\"SearchAction\",\"target\":{\"@type\":\"EntryPoint\",\"urlTemplate\":\"https:\/\/disinfocode.eu\/?s={search_term_string}\"},\"query-input\":{\"@type\":\"PropertyValueSpecification\",\"valueRequired\":true,\"valueName\":\"search_term_string\"}}],\"inLanguage\":\"ro-RO\"}]}<\/script>\n<!-- \/ Yoast SEO plugin. -->","yoast_head_json":{"title":"Indicatori structurali - Transparency Centre","robots":{"index":"index","follow":"follow","max-snippet":"max-snippet:-1","max-image-preview":"max-image-preview:large","max-video-preview":"max-video-preview:-1"},"canonical":"https:\/\/test2.disinfocode.eu\/ro\/indicatori-structurali\/","og_locale":"ro_RO","og_type":"article","og_title":"Indicatori structurali - Transparency Centre","og_url":"https:\/\/test2.disinfocode.eu\/ro\/indicatori-structurali\/","og_site_name":"Transparency Centre","article_modified_time":"2023-02-20T01:27:16+00:00","twitter_card":"summary_large_image","schema":{"@context":"https:\/\/schema.org","@graph":[{"@type":"WebPage","@id":"https:\/\/test2.disinfocode.eu\/ro\/indicatori-structurali\/","url":"https:\/\/test2.disinfocode.eu\/ro\/indicatori-structurali\/","name":"Indicatori structurali - Transparency Centre","isPartOf":{"@id":"https:\/\/disinfocode.eu\/#website"},"datePublished":"2023-01-25T10:41:28+00:00","dateModified":"2023-02-20T01:27:16+00:00","inLanguage":"ro-RO","potentialAction":[{"@type":"ReadAction","target":["https:\/\/test2.disinfocode.eu\/ro\/indicatori-structurali\/"]}]},{"@type":"WebSite","@id":"https:\/\/disinfocode.eu\/#website","url":"https:\/\/disinfocode.eu\/","name":"Transparency Centre","description":"Discover the Code of Practice on Disinformation","potentialAction":[{"@type":"SearchAction","target":{"@type":"EntryPoint","urlTemplate":"https:\/\/disinfocode.eu\/?s={search_term_string}"},"query-input":{"@type":"PropertyValueSpecification","valueRequired":true,"valueName":"search_term_string"}}],"inLanguage":"ro-RO"}]}},"_links":{"self":[{"href":"https:\/\/test2.disinfocode.eu\/ro\/wp-json\/wp\/v2\/pages\/2533","targetHints":{"allow":["GET"]}}],"collection":[{"href":"https:\/\/test2.disinfocode.eu\/ro\/wp-json\/wp\/v2\/pages"}],"about":[{"href":"https:\/\/test2.disinfocode.eu\/ro\/wp-json\/wp\/v2\/types\/page"}],"author":[{"embeddable":true,"href":"https:\/\/test2.disinfocode.eu\/ro\/wp-json\/wp\/v2\/users\/93"}],"replies":[{"embeddable":true,"href":"https:\/\/test2.disinfocode.eu\/ro\/wp-json\/wp\/v2\/comments?post=2533"}],"version-history":[{"count":2,"href":"https:\/\/test2.disinfocode.eu\/ro\/wp-json\/wp\/v2\/pages\/2533\/revisions"}],"predecessor-version":[{"id":2578,"href":"https:\/\/test2.disinfocode.eu\/ro\/wp-json\/wp\/v2\/pages\/2533\/revisions\/2578"}],"wp:attachment":[{"href":"https:\/\/test2.disinfocode.eu\/ro\/wp-json\/wp\/v2\/media?parent=2533"}],"curies":[{"name":"wp","href":"https:\/\/api.w.org\/{rel}","templated":true}]}}