{"id":2689,"date":"2023-01-23T14:17:37","date_gmt":"2023-01-23T14:17:37","guid":{"rendered":"https:\/\/wp-dev.space\/zn\/transparency-center\/master\/cookies\/"},"modified":"2023-02-09T03:18:46","modified_gmt":"2023-02-09T03:18:46","slug":"cookies","status":"publish","type":"page","link":"https:\/\/test2.disinfocode.eu\/pt-pt\/cookies\/","title":{"rendered":"Cookies"},"content":{"rendered":"<section class=\"title-block title-block-m gutenberg-block  indigo-800\" >\n  <div class=\"sk-container sk-container--fl\">\n\n    <div class=\"title-block-content sk-container\">\n\n      \n            <h1 class=\"title-block-title\">Cookies<\/h1>\n    <\/div>\n\n  <\/div>\n<\/section>\n<section data-aos=\"fade-up\" data-aos-duration=\"1500\" class=\"text-block text-block-m gutenberg-block \" >\n  <div class=\"sk-container sk-container--fl\">\n\n    <div class=\"text-block-content sk-container\">\n\n              <div class=\"text-block-text\"><p>Utilizamos cookies e tecnologias de rastreio semelhantes para rastrear a actividade nos nossos s\u00edtios na Internet e para guardar certas informa\u00e7\u00f5es.<\/p>\n<p>Os cookies s\u00e3o ficheiros com uma pequena quantidade de dados que podem incluir um identificador an\u00f3nimo \u00fanico. Os cookies s\u00e3o enviados para o seu navegador a partir de um website e armazenados no seu dispositivo. As tecnologias de rastreio tamb\u00e9m s\u00e3o utilizadas como far\u00f3is, etiquetas e gui\u00f5es para recolher e rastrear informa\u00e7\u00e3o e para melhorar e analisar o servi\u00e7o que prestamos.<\/p>\n<p>Pode instruir o seu navegador a recusar todos os cookies ou a indicar quando um cookie est\u00e1 a ser enviado. No entanto, se n\u00e3o aceitar cookies, poder\u00e1 n\u00e3o ser poss\u00edvel utilizar algumas partes dos nossos s\u00edtios Web.<\/p>\n<p>Os cookies utilizados neste website s\u00e3o:<\/p>\n<p><strong><div id=\"cmplz-cookies-overview\"><\/div><\/strong><\/p>\n<div><\/div>\n<\/div>\n      \n          <\/div>\n\n  <\/div>\n<\/section>\n","protected":false},"excerpt":{"rendered":"","protected":false},"author":93,"featured_media":0,"parent":0,"menu_order":0,"comment_status":"closed","ping_status":"closed","template":"","meta":{"_acf_changed":false,"footnotes":""},"class_list":["post-2689","page","type-page","status-publish","hentry"],"acf":[],"yoast_head":"<!-- This site is optimized with the Yoast SEO plugin v24.5 - https:\/\/yoast.com\/wordpress\/plugins\/seo\/ -->\n<title>Cookies - Transparency Centre<\/title>\n<meta name=\"robots\" content=\"index, follow, max-snippet:-1, max-image-preview:large, max-video-preview:-1\" \/>\n<link rel=\"canonical\" href=\"https:\/\/test2.disinfocode.eu\/pt-pt\/cookies\/\" \/>\n<meta property=\"og:locale\" content=\"pt_PT\" \/>\n<meta property=\"og:type\" content=\"article\" \/>\n<meta property=\"og:title\" content=\"Cookies - Transparency Centre\" \/>\n<meta property=\"og:url\" content=\"https:\/\/test2.disinfocode.eu\/pt-pt\/cookies\/\" \/>\n<meta property=\"og:site_name\" content=\"Transparency Centre\" \/>\n<meta property=\"article:modified_time\" content=\"2023-02-09T03:18:46+00:00\" \/>\n<meta name=\"twitter:card\" content=\"summary_large_image\" \/>\n<script type=\"application\/ld+json\" class=\"yoast-schema-graph\">{\"@context\":\"https:\/\/schema.org\",\"@graph\":[{\"@type\":\"WebPage\",\"@id\":\"https:\/\/test2.disinfocode.eu\/pt-pt\/cookies\/\",\"url\":\"https:\/\/test2.disinfocode.eu\/pt-pt\/cookies\/\",\"name\":\"Cookies - Transparency Centre\",\"isPartOf\":{\"@id\":\"https:\/\/disinfocode.eu\/#website\"},\"datePublished\":\"2023-01-23T14:17:37+00:00\",\"dateModified\":\"2023-02-09T03:18:46+00:00\",\"inLanguage\":\"pt-PT\",\"potentialAction\":[{\"@type\":\"ReadAction\",\"target\":[\"https:\/\/test2.disinfocode.eu\/pt-pt\/cookies\/\"]}]},{\"@type\":\"WebSite\",\"@id\":\"https:\/\/disinfocode.eu\/#website\",\"url\":\"https:\/\/disinfocode.eu\/\",\"name\":\"Transparency Centre\",\"description\":\"Discover the Code of Practice on Disinformation\",\"potentialAction\":[{\"@type\":\"SearchAction\",\"target\":{\"@type\":\"EntryPoint\",\"urlTemplate\":\"https:\/\/disinfocode.eu\/?s={search_term_string}\"},\"query-input\":{\"@type\":\"PropertyValueSpecification\",\"valueRequired\":true,\"valueName\":\"search_term_string\"}}],\"inLanguage\":\"pt-PT\"}]}<\/script>\n<!-- \/ Yoast SEO plugin. -->","yoast_head_json":{"title":"Cookies - Transparency Centre","robots":{"index":"index","follow":"follow","max-snippet":"max-snippet:-1","max-image-preview":"max-image-preview:large","max-video-preview":"max-video-preview:-1"},"canonical":"https:\/\/test2.disinfocode.eu\/pt-pt\/cookies\/","og_locale":"pt_PT","og_type":"article","og_title":"Cookies - Transparency Centre","og_url":"https:\/\/test2.disinfocode.eu\/pt-pt\/cookies\/","og_site_name":"Transparency Centre","article_modified_time":"2023-02-09T03:18:46+00:00","twitter_card":"summary_large_image","schema":{"@context":"https:\/\/schema.org","@graph":[{"@type":"WebPage","@id":"https:\/\/test2.disinfocode.eu\/pt-pt\/cookies\/","url":"https:\/\/test2.disinfocode.eu\/pt-pt\/cookies\/","name":"Cookies - Transparency Centre","isPartOf":{"@id":"https:\/\/disinfocode.eu\/#website"},"datePublished":"2023-01-23T14:17:37+00:00","dateModified":"2023-02-09T03:18:46+00:00","inLanguage":"pt-PT","potentialAction":[{"@type":"ReadAction","target":["https:\/\/test2.disinfocode.eu\/pt-pt\/cookies\/"]}]},{"@type":"WebSite","@id":"https:\/\/disinfocode.eu\/#website","url":"https:\/\/disinfocode.eu\/","name":"Transparency Centre","description":"Discover the Code of Practice on Disinformation","potentialAction":[{"@type":"SearchAction","target":{"@type":"EntryPoint","urlTemplate":"https:\/\/disinfocode.eu\/?s={search_term_string}"},"query-input":{"@type":"PropertyValueSpecification","valueRequired":true,"valueName":"search_term_string"}}],"inLanguage":"pt-PT"}]}},"_links":{"self":[{"href":"https:\/\/test2.disinfocode.eu\/pt-pt\/wp-json\/wp\/v2\/pages\/2689","targetHints":{"allow":["GET"]}}],"collection":[{"href":"https:\/\/test2.disinfocode.eu\/pt-pt\/wp-json\/wp\/v2\/pages"}],"about":[{"href":"https:\/\/test2.disinfocode.eu\/pt-pt\/wp-json\/wp\/v2\/types\/page"}],"author":[{"embeddable":true,"href":"https:\/\/test2.disinfocode.eu\/pt-pt\/wp-json\/wp\/v2\/users\/93"}],"replies":[{"embeddable":true,"href":"https:\/\/test2.disinfocode.eu\/pt-pt\/wp-json\/wp\/v2\/comments?post=2689"}],"version-history":[{"count":0,"href":"https:\/\/test2.disinfocode.eu\/pt-pt\/wp-json\/wp\/v2\/pages\/2689\/revisions"}],"wp:attachment":[{"href":"https:\/\/test2.disinfocode.eu\/pt-pt\/wp-json\/wp\/v2\/media?parent=2689"}],"curies":[{"name":"wp","href":"https:\/\/api.w.org\/{rel}","templated":true}]}}