{"id":2531,"date":"2023-01-25T11:41:28","date_gmt":"2023-01-25T10:41:28","guid":{"rendered":"https:\/\/wp-dev.space\/zn\/transparency-center\/master\/wskazniki-strukturalne\/"},"modified":"2023-02-20T01:28:01","modified_gmt":"2023-02-20T01:28:01","slug":"wskazniki-strukturalne","status":"publish","type":"page","link":"https:\/\/test2.disinfocode.eu\/pl\/wskazniki-strukturalne\/","title":{"rendered":"Wska\u017aniki strukturalne"},"content":{"rendered":"<section class=\"title-block title-block-m gutenberg-block  indigo-800\" >\n  <div class=\"sk-container sk-container--fl\">\n\n    <div class=\"title-block-content sk-container\">\n\n      \n            <h1 class=\"title-block-title\">Wska\u017aniki strukturalne<\/h1>\n    <\/div>\n\n  <\/div>\n<\/section>\n\n\n<section data-aos=\"fade-up\" data-aos-duration=\"1500\" class=\"text-block text-block-m gutenberg-block \" >\n  <div class=\"sk-container sk-container--fl\">\n\n    <div class=\"text-block-content sk-container\">\n\n              <div class=\"text-block-text\"><p style=\"text-align: center;\">Zgodnie z Zobowi\u0105zaniem 41 Kodeksu, sygnatariusze zobowi\u0105zuj\u0105 si\u0119 do pracy w ramach Grupy roboczej w celu opracowania Wska\u017anik\u00f3w strukturalnych, maj\u0105cych za zadanie ocen\u0119 skuteczno\u015bci Kodeksu w ograniczaniu szerzenia dezinformacji w Internecie dla ka\u017cdego z odpowiednich sygnatariuszy oraz dla ca\u0142ego \u015brodowiska internetowego w UE i na poziomie pa\u0144stw cz\u0142onkowskich. Sygnatariusze b\u0119d\u0105 wsp\u00f3\u0142pracowa\u0107 w tym zakresie z odpowiednimi podmiotami, w tym z ERGA i EDMO.<\/p>\n<p style=\"text-align: center;\">W tym celu sygnatariusze powo\u0142ali w czerwcu 2022 roku Grup\u0119 robocz\u0105 po prezentacji wzmocnionego Kodeksu. Grupa robocza b\u0119dzie sk\u0142ada\u0107 grupie zadaniowej sprawozdania z post\u0119pu prac co trzy lata i b\u0119dzie konsultowa\u0107 si\u0119 z ekspertami, w tym z EDMO i ERGA.<\/p>\n<p style=\"text-align: center;\">Grupa robocza opublikuje swoje pomiary wska\u017anik\u00f3w strukturalnych wraz z pierwszym pe\u0142nym sprawozdaniem sygnatariuszy, jak r\u00f3wnie\u017c pe\u0142n\u0105 metodologi\u0119, ze \u015bwiadomo\u015bci\u0105, \u017ce z czasem mog\u0105 one wymaga\u0107 dopracowania.<\/p>\n<\/div>\n      \n          <\/div>\n\n  <\/div>\n<\/section>\n","protected":false},"excerpt":{"rendered":"","protected":false},"author":93,"featured_media":0,"parent":0,"menu_order":0,"comment_status":"closed","ping_status":"closed","template":"","meta":{"_acf_changed":false,"footnotes":""},"class_list":["post-2531","page","type-page","status-publish","hentry"],"acf":[],"yoast_head":"<!-- This site is optimized with the Yoast SEO plugin v24.5 - https:\/\/yoast.com\/wordpress\/plugins\/seo\/ -->\n<title>Wska\u017aniki strukturalne - Transparency Centre<\/title>\n<meta name=\"robots\" content=\"index, follow, max-snippet:-1, max-image-preview:large, max-video-preview:-1\" \/>\n<link rel=\"canonical\" href=\"https:\/\/test2.disinfocode.eu\/pl\/wskazniki-strukturalne\/\" \/>\n<meta property=\"og:locale\" content=\"pl_PL\" \/>\n<meta property=\"og:type\" content=\"article\" \/>\n<meta property=\"og:title\" content=\"Wska\u017aniki strukturalne - Transparency Centre\" \/>\n<meta property=\"og:url\" content=\"https:\/\/test2.disinfocode.eu\/pl\/wskazniki-strukturalne\/\" \/>\n<meta property=\"og:site_name\" content=\"Transparency Centre\" \/>\n<meta property=\"article:modified_time\" content=\"2023-02-20T01:28:01+00:00\" \/>\n<meta name=\"twitter:card\" content=\"summary_large_image\" \/>\n<script type=\"application\/ld+json\" class=\"yoast-schema-graph\">{\"@context\":\"https:\/\/schema.org\",\"@graph\":[{\"@type\":\"WebPage\",\"@id\":\"https:\/\/test2.disinfocode.eu\/pl\/wskazniki-strukturalne\/\",\"url\":\"https:\/\/test2.disinfocode.eu\/pl\/wskazniki-strukturalne\/\",\"name\":\"Wska\u017aniki strukturalne - Transparency Centre\",\"isPartOf\":{\"@id\":\"https:\/\/disinfocode.eu\/#website\"},\"datePublished\":\"2023-01-25T10:41:28+00:00\",\"dateModified\":\"2023-02-20T01:28:01+00:00\",\"inLanguage\":\"pl-PL\",\"potentialAction\":[{\"@type\":\"ReadAction\",\"target\":[\"https:\/\/test2.disinfocode.eu\/pl\/wskazniki-strukturalne\/\"]}]},{\"@type\":\"WebSite\",\"@id\":\"https:\/\/disinfocode.eu\/#website\",\"url\":\"https:\/\/disinfocode.eu\/\",\"name\":\"Transparency Centre\",\"description\":\"Discover the Code of Practice on Disinformation\",\"potentialAction\":[{\"@type\":\"SearchAction\",\"target\":{\"@type\":\"EntryPoint\",\"urlTemplate\":\"https:\/\/disinfocode.eu\/?s={search_term_string}\"},\"query-input\":{\"@type\":\"PropertyValueSpecification\",\"valueRequired\":true,\"valueName\":\"search_term_string\"}}],\"inLanguage\":\"pl-PL\"}]}<\/script>\n<!-- \/ Yoast SEO plugin. -->","yoast_head_json":{"title":"Wska\u017aniki strukturalne - Transparency Centre","robots":{"index":"index","follow":"follow","max-snippet":"max-snippet:-1","max-image-preview":"max-image-preview:large","max-video-preview":"max-video-preview:-1"},"canonical":"https:\/\/test2.disinfocode.eu\/pl\/wskazniki-strukturalne\/","og_locale":"pl_PL","og_type":"article","og_title":"Wska\u017aniki strukturalne - Transparency Centre","og_url":"https:\/\/test2.disinfocode.eu\/pl\/wskazniki-strukturalne\/","og_site_name":"Transparency Centre","article_modified_time":"2023-02-20T01:28:01+00:00","twitter_card":"summary_large_image","schema":{"@context":"https:\/\/schema.org","@graph":[{"@type":"WebPage","@id":"https:\/\/test2.disinfocode.eu\/pl\/wskazniki-strukturalne\/","url":"https:\/\/test2.disinfocode.eu\/pl\/wskazniki-strukturalne\/","name":"Wska\u017aniki strukturalne - Transparency Centre","isPartOf":{"@id":"https:\/\/disinfocode.eu\/#website"},"datePublished":"2023-01-25T10:41:28+00:00","dateModified":"2023-02-20T01:28:01+00:00","inLanguage":"pl-PL","potentialAction":[{"@type":"ReadAction","target":["https:\/\/test2.disinfocode.eu\/pl\/wskazniki-strukturalne\/"]}]},{"@type":"WebSite","@id":"https:\/\/disinfocode.eu\/#website","url":"https:\/\/disinfocode.eu\/","name":"Transparency Centre","description":"Discover the Code of Practice on Disinformation","potentialAction":[{"@type":"SearchAction","target":{"@type":"EntryPoint","urlTemplate":"https:\/\/disinfocode.eu\/?s={search_term_string}"},"query-input":{"@type":"PropertyValueSpecification","valueRequired":true,"valueName":"search_term_string"}}],"inLanguage":"pl-PL"}]}},"_links":{"self":[{"href":"https:\/\/test2.disinfocode.eu\/pl\/wp-json\/wp\/v2\/pages\/2531","targetHints":{"allow":["GET"]}}],"collection":[{"href":"https:\/\/test2.disinfocode.eu\/pl\/wp-json\/wp\/v2\/pages"}],"about":[{"href":"https:\/\/test2.disinfocode.eu\/pl\/wp-json\/wp\/v2\/types\/page"}],"author":[{"embeddable":true,"href":"https:\/\/test2.disinfocode.eu\/pl\/wp-json\/wp\/v2\/users\/93"}],"replies":[{"embeddable":true,"href":"https:\/\/test2.disinfocode.eu\/pl\/wp-json\/wp\/v2\/comments?post=2531"}],"version-history":[{"count":2,"href":"https:\/\/test2.disinfocode.eu\/pl\/wp-json\/wp\/v2\/pages\/2531\/revisions"}],"predecessor-version":[{"id":2574,"href":"https:\/\/test2.disinfocode.eu\/pl\/wp-json\/wp\/v2\/pages\/2531\/revisions\/2574"}],"wp:attachment":[{"href":"https:\/\/test2.disinfocode.eu\/pl\/wp-json\/wp\/v2\/media?parent=2531"}],"curies":[{"name":"wp","href":"https:\/\/api.w.org\/{rel}","templated":true}]}}