{"id":2616,"date":"2023-01-20T11:04:00","date_gmt":"2023-01-20T09:04:00","guid":{"rendered":"https:\/\/wp-dev.space\/zn\/transparency-center\/master\/toegankelijkheidsverklaring\/"},"modified":"2023-02-20T12:58:31","modified_gmt":"2023-02-20T12:58:31","slug":"toegankelijkheidsverklaring","status":"publish","type":"page","link":"https:\/\/test2.disinfocode.eu\/nl\/toegankelijkheidsverklaring\/","title":{"rendered":"Toegankelijkheidsverklaring"},"content":{"rendered":"\n<p><\/p>\n<section class=\"title-block title-block-m gutenberg-block  indigo-800\" >\n  <div class=\"sk-container sk-container--fl\">\n\n    <div class=\"title-block-content sk-container\">\n\n      \n            <h1 class=\"title-block-title\">Toegankelijkheidsverklaring<\/h1>\n    <\/div>\n\n  <\/div>\n<\/section>\n<section data-aos=\"fade-up\" data-aos-duration=\"1500\" class=\"text-block text-block-m gutenberg-block \" >\n  <div class=\"sk-container sk-container--fl\">\n\n    <div class=\"text-block-content sk-container\">\n\n              <div class=\"text-block-text\"><p>Het Transparantiecentrum zet zich in voor digitale toegankelijkheid voor mensen met een handicap. Wij verbeteren voortdurend de gebruikerservaring voor iedereen en passen de relevante toegankelijkheidsnormen toe.<\/p>\n<h2>Maatregelen ter ondersteuning van de toegankelijkheid<\/h2>\n<p>Het Transparantiecentrum neemt de volgende maatregelen om de toegankelijkheid van https:\/\/test2.disinfocode.eu\/ te waarborgen:<\/p>\n<ul>\n<li>Afbeeldingen hebben zinvolle alt-tekst<\/li>\n<li>Links zijn visueel herkenbaar<\/li>\n<li>Gebruik van beschrijvende sectiekoppen<\/li>\n<li>Gebruik van correcte semantische HTML-elementstructuur<\/li>\n<li>Formulieren hebben beschrijvende labels<\/li>\n<li>Informatie hangt niet af van kleur, geluid, vorm, grootte of visuele locatie<\/li>\n<li>Tekst en achtergrondkleur hebben voldoende contrast<\/li>\n<li>Inhoud schaalt goed wanneer ingezoomd\/vergroot<\/li>\n<li>Een beschrijvende title-tag gebruiken<\/li>\n<li>Ondersteuning toetsenbordnavigatie<\/li>\n<li>Focustoestanden zichtbaar voor toetsenbordgebruikers<\/li>\n<li>Correcte HTML5-invoertypes<\/li>\n<li>De site loopt niet onverwachts uit<\/li>\n<li>Multimedia heeft alternatieve manieren om geconsumeerd te worden<\/li>\n<li>Het HTML-attribuut &#8220;lang&#8221; gebruiken<\/li>\n<li>Gebruik van begrijpelijke invoerlabels<\/li>\n<li>Formulieren hebben nuttige en toegankelijke fout- en verificatiemeldingen<\/li>\n<li>Links zijn beschrijvend en geven intentie<\/li>\n<li>Pagina&#8217;s zijn begrijpelijk zonder ingeschakelde stijlen<\/li>\n<li>HTML is correct en foutloos<\/li>\n<li>downloads van CSV-bestanden en JSON-bestanden zijn ruwe gegevensreeksen<\/li>\n<\/ul>\n<h2>Conformiteitsstatus<\/h2>\n<p>De Web Content Accessibility Guidelines (WCAG) stellen eisen aan ontwerpers en ontwikkelaars om de toegankelijkheid voor mensen met een handicap te verbeteren. Het definieert drie niveaus van conformiteit: Niveau A, niveau AA en niveau AAA. Transparant Centrum is gedeeltelijk in overeenstemming met WCAG 2.1 niveau AA. Gedeeltelijk conform betekent dat sommige delen van de inhoud niet volledig voldoen aan de toegankelijkheidsnorm.<\/p>\n<h3>Aanvullende toegankelijkheidsoverwegingen<\/h3>\n<p class=\"basic-information conformance-additions\">Hoewel ons doel WCAG 2.1 Niveau AA conformiteit is, hebben we ook enkele Niveau AAA Succescriteria toegepast:<\/p>\n<ul>\n<li>We gebruiken geen afbeeldingen van tekst.<\/li>\n<li>Alle functies zijn toegankelijk via het toetsenbord, zonder uitzonderingen.<\/li>\n<li>Geen tijdslimieten op de website.<\/li>\n<li>Geen enkele inhoud knippert meer dan drie keer per seconde.<\/li>\n<li>We informeren gebruikers waar ze zich nu bevinden op de site.<\/li>\n<li>Het doel van elke link blijkt duidelijk uit de tekst.<\/li>\n<li>Georganiseerde inhoud met rubrieken.<\/li>\n<\/ul>\n<h2>Technische specificaties<\/h2>\n<p>De toegankelijkheid van het Transparantiecentrum is afhankelijk van de volgende technologie\u00ebn om te kunnen werken met de specifieke combinatie van webbrowser en eventuele ondersteunende technologie\u00ebn of plug-ins die op uw computer zijn ge\u00efnstalleerd:<\/p>\n<ul class=\"technical-information technologies-used\">\n<li>HTML<\/li>\n<li>WAI-ARIA<\/li>\n<li>CSS<\/li>\n<li>JavaScript<\/li>\n<li>PHP<\/li>\n<\/ul>\n<p>Op deze technologie\u00ebn wordt vertrouwd voor conformiteit met de gebruikte toegankelijkheidsnormen.<\/p>\n<h2>Beperkingen en alternatieven<\/h2>\n<p>Ondanks onze inspanningen om de toegankelijkheid van het Transparantiecentrum te waarborgen, kunnen er enkele beperkingen zijn. Hieronder volgt een beschrijving van bekende beperkingen en mogelijke oplossingen. Neem contact met ons op als u een probleem constateert dat hieronder niet is vermeld.<\/p>\n<p>Bekende beperkingen voor het Transparantiecentrum:<\/p>\n<ol class=\"technical-information accessibility-limitations\">\n<li>Automatisch gegenereerde PDF-bestanden uit rapporten voldoen mogelijk niet volledig aan de voorschriften<\/li>\n<li>De ge\u00fcploade PDF-bestanden van de ondertekenaars voldoen mogelijk niet volledig aan de voorschriften.<\/li>\n<\/ol>\n<h2>Feedback<\/h2>\n<p>Wij ontvangen graag uw feedback over de toegankelijkheid van het Transparantiecentrum. Laat het ons weten als u toegankelijkheidsproblemen ondervindt op het Transparantiecentrum:<\/p>\n<p>E-mail: contact@disinfocode.vost.pt<\/p>\n<\/div>\n      \n          <\/div>\n\n  <\/div>\n<\/section>\n\n<p><\/p>\n","protected":false},"excerpt":{"rendered":"","protected":false},"author":93,"featured_media":0,"parent":0,"menu_order":0,"comment_status":"closed","ping_status":"closed","template":"","meta":{"_acf_changed":false,"footnotes":""},"class_list":["post-2616","page","type-page","status-publish","hentry"],"acf":[],"yoast_head":"<!-- This site is optimized with the Yoast SEO plugin v24.5 - https:\/\/yoast.com\/wordpress\/plugins\/seo\/ -->\n<title>Toegankelijkheidsverklaring - Transparency Centre<\/title>\n<meta name=\"robots\" content=\"index, follow, max-snippet:-1, max-image-preview:large, max-video-preview:-1\" \/>\n<link rel=\"canonical\" href=\"https:\/\/test2.disinfocode.eu\/nl\/toegankelijkheidsverklaring\/\" \/>\n<meta property=\"og:locale\" content=\"nl_NL\" \/>\n<meta property=\"og:type\" content=\"article\" \/>\n<meta property=\"og:title\" content=\"Toegankelijkheidsverklaring - Transparency Centre\" \/>\n<meta property=\"og:url\" content=\"https:\/\/test2.disinfocode.eu\/nl\/toegankelijkheidsverklaring\/\" \/>\n<meta property=\"og:site_name\" content=\"Transparency Centre\" \/>\n<meta property=\"article:modified_time\" content=\"2023-02-20T12:58:31+00:00\" \/>\n<meta name=\"twitter:card\" content=\"summary_large_image\" \/>\n<script type=\"application\/ld+json\" class=\"yoast-schema-graph\">{\"@context\":\"https:\/\/schema.org\",\"@graph\":[{\"@type\":\"WebPage\",\"@id\":\"https:\/\/test2.disinfocode.eu\/nl\/toegankelijkheidsverklaring\/\",\"url\":\"https:\/\/test2.disinfocode.eu\/nl\/toegankelijkheidsverklaring\/\",\"name\":\"Toegankelijkheidsverklaring - Transparency Centre\",\"isPartOf\":{\"@id\":\"https:\/\/disinfocode.eu\/#website\"},\"datePublished\":\"2023-01-20T09:04:00+00:00\",\"dateModified\":\"2023-02-20T12:58:31+00:00\",\"inLanguage\":\"nl-NL\",\"potentialAction\":[{\"@type\":\"ReadAction\",\"target\":[\"https:\/\/test2.disinfocode.eu\/nl\/toegankelijkheidsverklaring\/\"]}]},{\"@type\":\"WebSite\",\"@id\":\"https:\/\/disinfocode.eu\/#website\",\"url\":\"https:\/\/disinfocode.eu\/\",\"name\":\"Transparency Centre\",\"description\":\"Discover the Code of Practice on Disinformation\",\"potentialAction\":[{\"@type\":\"SearchAction\",\"target\":{\"@type\":\"EntryPoint\",\"urlTemplate\":\"https:\/\/disinfocode.eu\/?s={search_term_string}\"},\"query-input\":{\"@type\":\"PropertyValueSpecification\",\"valueRequired\":true,\"valueName\":\"search_term_string\"}}],\"inLanguage\":\"nl-NL\"}]}<\/script>\n<!-- \/ Yoast SEO plugin. -->","yoast_head_json":{"title":"Toegankelijkheidsverklaring - Transparency Centre","robots":{"index":"index","follow":"follow","max-snippet":"max-snippet:-1","max-image-preview":"max-image-preview:large","max-video-preview":"max-video-preview:-1"},"canonical":"https:\/\/test2.disinfocode.eu\/nl\/toegankelijkheidsverklaring\/","og_locale":"nl_NL","og_type":"article","og_title":"Toegankelijkheidsverklaring - Transparency Centre","og_url":"https:\/\/test2.disinfocode.eu\/nl\/toegankelijkheidsverklaring\/","og_site_name":"Transparency Centre","article_modified_time":"2023-02-20T12:58:31+00:00","twitter_card":"summary_large_image","schema":{"@context":"https:\/\/schema.org","@graph":[{"@type":"WebPage","@id":"https:\/\/test2.disinfocode.eu\/nl\/toegankelijkheidsverklaring\/","url":"https:\/\/test2.disinfocode.eu\/nl\/toegankelijkheidsverklaring\/","name":"Toegankelijkheidsverklaring - Transparency Centre","isPartOf":{"@id":"https:\/\/disinfocode.eu\/#website"},"datePublished":"2023-01-20T09:04:00+00:00","dateModified":"2023-02-20T12:58:31+00:00","inLanguage":"nl-NL","potentialAction":[{"@type":"ReadAction","target":["https:\/\/test2.disinfocode.eu\/nl\/toegankelijkheidsverklaring\/"]}]},{"@type":"WebSite","@id":"https:\/\/disinfocode.eu\/#website","url":"https:\/\/disinfocode.eu\/","name":"Transparency Centre","description":"Discover the Code of Practice on Disinformation","potentialAction":[{"@type":"SearchAction","target":{"@type":"EntryPoint","urlTemplate":"https:\/\/disinfocode.eu\/?s={search_term_string}"},"query-input":{"@type":"PropertyValueSpecification","valueRequired":true,"valueName":"search_term_string"}}],"inLanguage":"nl-NL"}]}},"_links":{"self":[{"href":"https:\/\/test2.disinfocode.eu\/nl\/wp-json\/wp\/v2\/pages\/2616","targetHints":{"allow":["GET"]}}],"collection":[{"href":"https:\/\/test2.disinfocode.eu\/nl\/wp-json\/wp\/v2\/pages"}],"about":[{"href":"https:\/\/test2.disinfocode.eu\/nl\/wp-json\/wp\/v2\/types\/page"}],"author":[{"embeddable":true,"href":"https:\/\/test2.disinfocode.eu\/nl\/wp-json\/wp\/v2\/users\/93"}],"replies":[{"embeddable":true,"href":"https:\/\/test2.disinfocode.eu\/nl\/wp-json\/wp\/v2\/comments?post=2616"}],"version-history":[{"count":2,"href":"https:\/\/test2.disinfocode.eu\/nl\/wp-json\/wp\/v2\/pages\/2616\/revisions"}],"predecessor-version":[{"id":2732,"href":"https:\/\/test2.disinfocode.eu\/nl\/wp-json\/wp\/v2\/pages\/2616\/revisions\/2732"}],"wp:attachment":[{"href":"https:\/\/test2.disinfocode.eu\/nl\/wp-json\/wp\/v2\/media?parent=2616"}],"curies":[{"name":"wp","href":"https:\/\/api.w.org\/{rel}","templated":true}]}}