{"id":2664,"date":"2022-12-30T10:42:38","date_gmt":"2022-12-30T09:42:38","guid":{"rendered":"https:\/\/wp-dev.space\/zn\/transparency-center\/master\/privatezza\/"},"modified":"2023-03-27T18:35:10","modified_gmt":"2023-03-27T18:35:10","slug":"regoli-tal-privatezza","status":"publish","type":"page","link":"https:\/\/test2.disinfocode.eu\/mt\/regoli-tal-privatezza\/","title":{"rendered":"Privatezza"},"content":{"rendered":"<section class=\"title-block title-block-m gutenberg-block  indigo-800\" >\n  <div class=\"sk-container sk-container--fl\">\n\n    <div class=\"title-block-content sk-container\">\n\n      \n            <h1 class=\"title-block-title\">Privatezza<\/h1>\n    <\/div>\n\n  <\/div>\n<\/section>\n<section data-aos=\"fade-up\" data-aos-duration=\"1500\" class=\"text-block text-block-m gutenberg-block \" >\n  <div class=\"sk-container sk-container--fl\">\n\n    <div class=\"text-block-content sk-container\">\n\n              <div class=\"text-block-text\"><p><strong>Data effettiva: 9 ta\u2019 Frar 2023<\/strong><\/p>\n<p>I\u010b-\u010aentru tat-Trasparenza (\u201ca\u0127na\u201d, \u201ca\u0127na\u201d, \u201ctag\u0127na\u201d, jew l-\u201cOrganizzazzjoni\u201d) huwa impenjat li jipprote\u0121i l-privatezza tal-individwi li j\u017curu l-websajts tag\u0127na. A\u0127na impenjati li nipprote\u0121u l-privatezza g\u0127al entitajiet legali biss jekk din tista&#8217; tapplika skont li\u0121i applikabbli fis-se\u0127\u0127. Din id-dikjarazzjoni ta&#8217; privatezza hija biex tinforma dwar il-politiki tag\u0127na dwar il-\u0121bir, l-u\u017cu u l-i\u017cvelar ta&#8217; data personali meta tkun qed tibbraw\u017cja l-websajts tag\u0127na u l-g\u0127a\u017cliet li tkun asso\u010bjat ma&#8217; dik id-data.<\/p>\n<p>Billi tu\u017ca l-websajt tag\u0127na, taqbel mal-\u0121bir u l-u\u017cu tal-informazzjoni skont din il-politika.<\/p>\n<p>Jekk g\u0127andek xi mistoqsijiet jew ilmenti dwar il-prattiki tal-privatezza tal-Organizzazzjoni, jekk jog\u0127\u0121bok ikkuntattjana billi tu\u017ca din l-email.<\/p>\n<p>Din id-dikjarazzjoni tal-privatezza tkopri l-websajt li \u0121ejja: https:\/\/test2.disinfocode.eu\/<\/p>\n<h2>X&#8217;ni\u0121bru?<\/h2>\n<p>A\u0127na ni\u0121bru t-tipi ta&#8217; informazzjoni li \u0121ejjin g\u0127al diversi skopijiet (elenkati hawn ta\u0127t) biex nipprovdu u ntejbu s-servizz tag\u0127na lilek:<\/p>\n<ul>\n<li>Data Personali<\/li>\n<li>Dejta dwar l-U\u017cu<\/li>\n<li>Data tal-Post<\/li>\n<li>Tra\u010b\u010bar tad-Data tal-Cookies<\/li>\n<\/ul>\n<h3>Data Personali<\/h3>\n<p>Meta tikkuntattjana biex tir\u010bievi informazzjoni dwar is-servizzi tag\u0127na, meta tirre\u0121istra biex tattendi l-avvenimenti tag\u0127na jew meta tapplika biex ta\u0127dem g\u0127alina, i\u010b-\u010aentru ta\u2019 Trasparenza je\u0127tie\u0121 li tipprovdi informazzjoni ta\u2019 kuntatt personali li tista\u2019 tintu\u017ca biex tikkuntattjak jew tidentifika. Informazzjoni identifikabbli personalment tista&#8217; tinkludi, i\u017cda mhix limitata g\u0127al:<\/p>\n<ul>\n<li>L-isem u l-kunjom<\/li>\n<li>Indirizz elettroniku<\/li>\n<\/ul>\n<h3>Dejta dwar l-U\u017cu<\/h3>\n<p>Nistg\u0127u wkoll ni\u0121bru informazzjoni dwar kif is-servizz ji\u0121i a\u010b\u010bessat u u\u017cat (\u201cData dwar l-U\u017cu\u201d). Din id-dejta tal-u\u017cu tista\u2019 tinkludi informazzjoni b\u0127all-indirizz tal-Protokoll tal-Internet tal-kompjuter tieg\u0127ek (e\u017c. l-indirizz IP), it-tip tal-braw\u017cer, il-ver\u017cjoni tal-braw\u017cer, il-pa\u0121ni tal-websajts tag\u0127na li \u017c\u017cur, il-\u0127in u d-data ta\u017c-\u017cjara tieg\u0127ek, il-\u0127in imqatta\u2019 fuq dawk il-pa\u0121ni, uniku identifikaturi tal-apparat u data dijanjostika o\u0127ra.<\/p>\n<h3>Data tal-Post<\/h3>\n<p>Nistg\u0127u nu\u017caw u na\u0127\u017cnu informazzjoni dwar il-lokalit\u00e0 tieg\u0127ek jekk tag\u0127tina permess biex nag\u0127mlu dan (\u201cDejta tal-Post\u201d). A\u0127na nu\u017caw din id-dejta biex nipprovdu karatteristi\u010bi tas-servizz tag\u0127na u biex intejbu u nippersonalizzaw is-servizz li noffru.<\/p>\n<p>Tista&#8217; tattiva jew tiddi\u017cattiva s-servizzi tal-lokazzjoni meta tu\u017ca l-websajts tag\u0127na fi kwalunkwe \u0127in, permezz tas-settings tat-tag\u0127mir tieg\u0127ek.<\/p>\n<h3>Tra\u010b\u010bar tad-Data tal-Cookies<\/h3>\n<p>A\u0127na nu\u017caw cookies u teknolo\u0121iji ta\u2019 tra\u010b\u010bar simili biex insegwu l-attivit\u00e0 fuq il-websajts tag\u0127na u n\u017commu \u010berta informazzjoni.<\/p>\n<p>Aktar informazzjoni dwar il-Cookies u e\u017cempji ta\u2019 cookies li nu\u017caw jistg\u0127u jinstabu fuq il <a href=\"https:\/\/test2.disinfocode.eu\/mt\/cookies\/\">-pa\u0121na tal-Politika dwar il-Cookies<\/a> .<\/p>\n<h2>Kif nu\u017caw id-dejta tieg\u0127ek?<\/h2>\n<p>I\u010b-\u010aentru tat-Trasparenza ju\u017ca d-dejta mi\u0121bura g\u0127al diversi skopijiet dettaljati hawn ta\u0127t.<\/p>\n<p>I\u010b-\u010aentru tat-Trasparenza ju\u017ca data personali dwar il-Firmatarji (prospettivi) tag\u0127na biex iwettaq is-servizzi mitluba. Pere\u017cempju, jekk tibg\u0127at minn biex tinfurmana bl-interess tieg\u0127ek biex issir Firmatarju, a\u0127na nu\u017caw l-informazzjoni li pprovdejt biex nibag\u0127tulek komunikazzjonijiet dwar passi ulterjuri biex issir Firmatarju, u informazzjoni dwar il-grupp tag\u0127na.<\/p>\n<h2>\u017bamma tad-Data<\/h2>\n<p>I\u010b-\u010aentru tat-Trasparenza se j\u017comm id-dejta personali tieg\u0127ek biss sakemm ikun me\u0127tie\u0121 g\u0127all-finijiet stabbiliti f&#8217;din il-Politika ta&#8217; Privatezza. A\u0127na se n\u017commu u nu\u017caw id-dejta personali tieg\u0127ek sal-punt me\u0127tie\u0121 biex nikkonformaw mal-obbligi legali tag\u0127na (pere\u017cempju, jekk inkunu me\u0127tie\u0121a li n\u017commu d-dejta tieg\u0127ek biex inkunu konformi mal-li\u0121ijiet applikabbli), insolvu tilwim, u ninfurzaw il-ftehimiet u l-politiki legali tag\u0127na.<\/p>\n<p>I\u010b-\u010aentru ta&#8217; Trasparenza se j\u017comm ukoll id-dejta tal-u\u017cu g\u0127al skopijiet ta&#8217; anali\u017ci interna. Id-dejta tal-u\u017cu \u0121eneralment tin\u017camm g\u0127al perjodu iqsar, \u0127lief meta din id-dejta tintu\u017ca biex issa\u0127\u0127a\u0127 is-sigurt\u00e0 jew biex ittejjeb il-funzjonalit\u00e0 tas-servizz tag\u0127na, jew a\u0127na legalment obbligati li n\u017commu din id-dejta g\u0127al perjodi ta\u2019 \u017cmien itwal.<\/p>\n<h3>Trasferiment ta&#8217; Data<\/h3>\n<p>L-informazzjoni tieg\u0127ek, inklu\u017ca d-dejta personali, tista\u2019 ti\u0121i trasferita g\u0127al \u2014 u mi\u017cmuma fuq \u2014 kompjuters li jinsabu barra mill-istat, provin\u010bja, pajji\u017c jew \u0121urisdizzjoni governattiva o\u0127ra tieg\u0127ek fejn il-li\u0121ijiet tal-protezzjoni tad-dejta jistg\u0127u jkunu differenti minn dawk mill-\u0121urisdizzjoni tieg\u0127ek.<\/p>\n<p>Jekk jog\u0127\u0121bok innota li nittrasferixxu d-dejta, inklu\u017ca d-dejta personali, lill-Bel\u0121ju u nippro\u010bessawha hemmhekk. Is-servers tal-webhosting u \u010b-\u010bentri tad-dejta tag\u0127na jinsabu fil-Bel\u0121ju.<\/p>\n<p>Il-kunsens tieg\u0127ek g\u0127al din il-Politika ta&#8217; Privatezza segwit mis-sottomissjoni tieg\u0127ek ta&#8217; tali informazzjoni jirrappre\u017centa l-qbil tieg\u0127ek g\u0127al dak it-trasferiment.<\/p>\n<p>I\u010b-\u010aentru ta\u2019 Trasparenza se jie\u0127u l-passi kollha ra\u0121onevolment me\u0127tie\u0121a biex ji\u017cgura li d-dejta tieg\u0127ek ti\u0121i ttrattata b\u2019mod sigur u skont din il-Politika ta\u2019 Privatezza u ma jsir l-ebda trasferiment tad-dejta personali tieg\u0127ek lil organizzazzjoni jew pajji\u017c sakemm ma jkunx hemm kontrolli adegwati fis-se\u0127\u0127 inklu\u017c is-sigurt\u00e0. tad-data tieg\u0127ek u informazzjoni personali o\u0127ra.<\/p>\n<h3>Sigurt\u00e0 tad-Data<\/h3>\n<p>Is-sigurt\u00e0 tad-data tieg\u0127ek hija importanti g\u0127alina imma ftakar li l-ebda metodu ta &#8216;tra\u017cmissjoni fuq l-Internet, jew metodu ta&#8217; \u0127a\u017cna elettronika mhu 100% sigur. Filwaqt li nistinkaw biex nu\u017caw mezzi kummer\u010bjalment a\u010b\u010bettabbli biex nipprote\u0121u d-dejta personali tieg\u0127ek, ma nistg\u0127ux niggarantixxu s-sigurt\u00e0 assoluta tag\u0127ha.<\/p>\n<p>Inti taqbel u ta\u010b\u010betta r-riskji asso\u010bjati mal-u\u017cu tal-internet.<\/p>\n<h3>Drittijiet Tieg\u0127ek<\/h3>\n<p>I\u010b-\u010aentru ta&#8217; Trasparenza g\u0127andu l-g\u0127an li jie\u0127u passi ra\u0121onevoli biex jippermettilek tikkore\u0121i, temenda, t\u0127assar jew tillimita l-u\u017cu tad-dejta personali tieg\u0127ek.<\/p>\n<p>Jekk tixtieq tkun infurmat x&#8217;dejta personali n\u017commu dwarek u jekk trid li titne\u0127\u0127a mis-sistemi tag\u0127na, jekk jog\u0127\u0121bok ikkuntattjana.<\/p>\n<p>F&#8217;\u010berti \u010birkostanzi, g\u0127andek id-dritt:<\/p>\n<ul>\n<li>Biex ta\u010b\u010bessa u tir\u010bievi kopja tad-dejta personali li n\u017commu dwarek<\/li>\n<li>Biex tirrettifika kwalunkwe data personali mi\u017cmuma dwarek li mhix e\u017catta<\/li>\n<li>Biex tressaq ilment ma&#8217; awtorit\u00e0 supervi\u017corja kompetenti<\/li>\n<li>Biex titlob it-t\u0127assir ta\u2019 data personali mi\u017cmuma dwarek (\u201cdritt li tinsa\u201d)<\/li>\n<\/ul>\n<p>Jista&#8217; jkollok id-dritt g\u0127all-portabbilt\u00e0 tad-data, jekk applikabbli g\u0127as-sitwazzjoni tieg\u0127ek skont il-li\u0121i fis-se\u0127\u0127, g\u0127all-informazzjoni li tipprovdi li\u010b-\u010aentru tat-Trasparenza. Jekk ikollna d-dmir li nikkonformaw mal-portabbilt\u00e0, tista&#8217; titlob li tikseb kopja ta&#8217; id-data personali tieg\u0127ek f&#8217;format elettroniku u\u017cat b&#8217;mod komuni sabiex tkun tista&#8217; timmani\u0121\u0121jaha u \u010b\u010baqlaqha.<\/p>\n<p>Jekk jog\u0127\u0121bok innota li nistg\u0127u nitolbuk tivverifika l-identit\u00e0 tieg\u0127ek qabel ma tirrispondi g\u0127al tali talbiet.<\/p>\n<h3>Fornituri tas-Servizz<\/h3>\n<p>Nistg\u0127u nimpjegaw kumpaniji u individwi terzi biex niffa\u010bilitaw is-servizz li nipprovdu (&#8220;Fornituri tas-Servizzi&#8221;), biex nipprovdu s-servizz f&#8217;isimna, biex iwettqu servizzi relatati mas-servizz jew biex jg\u0127inuna nanalizzaw kif jintu\u017ca s-servizz tag\u0127na. B&#8217;mod partikolari, nistg\u0127u nu\u017caw l-appo\u0121\u0121 ta &#8216;partijiet terzi g\u0127all-hosting u l-manutenzjoni ta&#8217; din il-websajt.<\/p>\n<p>Dawn il-partijiet terzi g\u0127andhom a\u010b\u010bess g\u0127ad-dejta personali tieg\u0127ek biss biex iwettqu dawn il-kompiti f&#8217;isimna u huma obbligati li ma ji\u017cvelawhiex jew ju\u017cawha g\u0127al xi skop ie\u0127or.<\/p>\n<p>A\u0127na nirrifjutaw ir-responsabbilt\u00e0 tag\u0127na u m&#8217;a\u0127niex responsabbli g\u0127al kwalunkwe spejje\u017c u\/jew danni li jistg\u0127u ji\u0121u kkaw\u017cati lilek minn Fornituri tas-Servizz.<\/p>\n<h2>Analytics<\/h2>\n<p>Nistg\u0127u nu\u017caw fornituri ta&#8217; servizzi ta&#8217; partijiet terzi biex jimmonitorjaw u janalizzaw l-u\u017cu tas-servizz tag\u0127na.<\/p>\n<h3>Google Analytics<\/h3>\n<p>Google Analytics huwa servizz analitiku tal-web offrut minn Google li jsegwi u jirrapporta t-traffiku tal-websajt. Google tu\u017ca d-dejta mi\u0121bura biex issegwi u timmonitorja l-u\u017cu tas-Servizz tag\u0127na. Din id-dejta hija kondivi\u017ca ma&#8217; servizzi o\u0127ra ta&#8217; Google. Google jista&#8217; ju\u017ca d-dejta mi\u0121bura biex jikkontestwalizza u jippersonalizza r-reklami tan-netwerk tar-reklamar tieg\u0127u stess.<\/p>\n<p>Tista&#8217; tag\u0127\u017cel li ma tag\u0127milx l-attivit\u00e0 tieg\u0127ek fuq is-Servizz disponibbli g\u0127al Google Analytics billi tinstalla l-add-on tal-braw\u017cer ta&#8217; Google Analytics opt-out. Is-add-on jipprevjeni lill-Google Analytics JavaScript (ga.js, analytics.js, u dc.js) milli jaqsam informazzjoni ma&#8217; Google Analytics dwar l-attivit\u00e0 ta\u017c-\u017cjarat.<\/p>\n<p>G\u0127al aktar informazzjoni dwar il-prattiki tal-privatezza ta&#8217; Google, jekk jog\u0127\u0121bok \u017cur il-pa\u0121na web tat-Termini tal-Privatezza ta&#8217; Google: http:\/\/www.google.com\/intl\/en\/policies\/privacy<\/p>\n<h2>Links g\u0127al Siti O\u0127ra<\/h2>\n<p>Is-servizz tag\u0127na jista\u2019 jkun fih links g\u0127al siti o\u0127ra li mhumiex operati minna. Jekk tikklikkja fuq link ta&#8217; parti terza, tkun dirett lejn is-sit ta&#8217; dik il-parti terza. A\u0127na nag\u0127tuk parir bil-qawwa biex tirrevedi l-Politika ta\u2019 Privatezza ta\u2019 kull sit li \u017c\u017cur.<\/p>\n<p>A\u0127na m&#8217;g\u0127andna l-ebda kontroll fuq u ma nassumu l-ebda responsabbilt\u00e0 g\u0127all-kontenut, il-politiki tal-privatezza jew il-prattiki ta &#8216;kwalunkwe siti jew servizzi ta&#8217; partijiet terzi.<\/p>\n<h2>Privatezza tat-Tfal<\/h2>\n<p>Is-servizz tag\u0127na ma jindirizza lil \u0127add ta\u0127t it-13-il sena, jew et\u00e0 i\u017cg\u0127ar jekk applikabbli skont li\u0121i spe\u010bifika li tista\u2019 tapplika i\u017cda mhux i\u017cg\u0127ar minn 13-il sena (\u201cTfal\u201d).<\/p>\n<p>A\u0127na ma ni\u0121brux xjentement informazzjoni identifikabbli personalment ming\u0127and xi \u0127add ta\u0127t it-13-il sena. Jekk inti \u0121enitur jew tutur u taf li t-tifel\/tifla tieg\u0127ek ipprovdilna data personali, jekk jog\u0127\u0121bok ikkuntattjana. Jekk insiru konxji li \u0121barna dejta personali minn tfal ming\u0127ajr verifika tal-kunsens tal-\u0121enituri, nie\u0127du passi biex inne\u0127\u0127u dik l-informazzjoni mis-servers tag\u0127na.<\/p>\n<h2>\u017bvelar g\u0127all-Infurzar tal-Li\u0121i<\/h2>\n<p>Ta\u0127t \u010berti \u010birkostanzi, i\u010b-\u010aentru ta&#8217; Trasparenza jista&#8217; jkun me\u0127tie\u0121 li ji\u017cvela d-dejta personali tieg\u0127ek jekk me\u0127tie\u0121 li jag\u0127mel dan bil-li\u0121i jew bi twe\u0121iba g\u0127al talbiet validi minn awtoritajiet pubbli\u010bi (e\u017c. qorti jew a\u0121enzija tal-gvern).<\/p>\n<h2>\u0126ti\u0121iet Legali u limitu ta&#8217; responsabbilt\u00e0<\/h2>\n<p>I\u010b-\u010aentru ta&#8217; Trasparenza jista&#8217; ji\u017cvela d-dejta personali tieg\u0127ek b&#8217;bona fede jemmen li tali azzjoni hija me\u0127tie\u0121a biex:<\/p>\n<ul>\n<li>Biex tikkonforma ma&#8217; obbligu legali<\/li>\n<li>Biex tipprote\u0121i u tiddefendi d-drittijiet jew il-proprjet\u00e0 ta\u010b-\u010aentru tat-Trasparenza<\/li>\n<li>Biex tipprevjeni jew tinvestiga l-possibilit\u00e0 ta&#8217; m\u0121ieba \u0127a\u017cina b&#8217;rabta mas-servizz<\/li>\n<li>Biex tipprote\u0121i s-sigurt\u00e0 personali tal-utenti tas-servizz jew tal-pubbliku<\/li>\n<li>Biex tipprote\u0121i kontra r-responsabbilt\u00e0 legali<\/li>\n<\/ul>\n<h2>Bidliet g\u0127al Din il-Politika ta&#8217; Privatezza<\/h2>\n<p>Nistg\u0127u na\u0121\u0121ornaw il-Politika ta&#8217; Privatezza tag\u0127na minn \u017cmien g\u0127al \u017cmien. A\u0127na ninnotifikawk bi kwalunkwe tibdil billi nippubblikaw il-Politika ta&#8217; Privatezza l-\u0121dida f&#8217;din il-pa\u0121na.<\/p>\n<p>Inti av\u017cat li tirrevedi din il-Politika ta&#8217; Privatezza perjodikament g\u0127al kwalunkwe tibdil. Bidliet f&#8217;din il-Politika ta&#8217; Privatezza huma effettivi meta jitpo\u0121\u0121ew f&#8217;din il-pa\u0121na.<\/p>\n<h2>Frodi bl-email<\/h2>\n<p>Il-frodi bl-email kibret b&#8217;mod drammatiku f&#8217;dawn l-a\u0127\u0127ar snin, i\u010b-\u010biberkriminali qed isiru aktar intelli\u0121enti u g\u0127andna b\u017conn l-g\u0127ajnuna tieg\u0127ek biex ni\u0121\u0121ielduhom.<\/p>\n<p>I\u010b-\u010biberkriminali se ju\u017caw kull mezz li jistg\u0127u biex iqarquk biex taqsam l-informazzjoni personali tieg\u0127ek, l-informazzjoni finanzjarja tieg\u0127ek jew sa\u0127ansitra jitolbuk tag\u0127mel pagamenti mhux mitluba u kriminali. Il-bi\u010b\u010ba l-kbira ta\u010b-\u010biberkriminali jipprovaw jikkuntattjaw rappre\u017centanti ta&#8217; livell g\u0127oli tal-kumpanija u jipprovaw jo\u0127olqu sens ta&#8217; ur\u0121enza.<\/p>\n<p>Jekk jog\u0127\u0121bok ftakar li hemm \u0127afna tekniki frawdolenti u anke bit-teknolo\u0121iji attwali \u0127afna frodi tal-email se taqbe\u017c il-mi\u017curi ta &#8216;sigurt\u00e0 stabbiliti mill-kumpaniji.<\/p>\n<h3>X&#8217;tag\u0127mel f&#8217;ka\u017c ta&#8217; dubju?<\/h3>\n<p>Jekk m&#8217;intix \u010bert jekk l-email hijiex le\u0121ittima, l-aqwa \u0127abib tieg\u0127ek huwa d-dipartiment tal-ICT\/IT\/Sigurt\u00e0 tieg\u0127ek. Jistg\u0127u jg\u0127inu fl-investigazzjoni tal-ori\u0121ini u l-le\u0121ittimit\u00e0 tal-email.<\/p>\n<h3>Kif tirrapporta emails frawdolenti?<\/h3>\n<p>Tista&#8217; tikkuntattjana fuq <a href=\"mailto:contact@disinfocode.vost.pt\">contact@disinfocode.vost.pt<\/a> biex tirrapporta email frawdolenti jew biex tikseb g\u0127ajnuna biex tipprote\u0121i d-dejta tieg\u0127ek. A\u0127na nippruvaw nag\u0127mlu l-almu tag\u0127na biex ni\u017cguraw protezzjoni massima.<\/p>\n<h2>Ikkuntatjana<\/h2>\n<p>Jekk g\u0127andek xi mistoqsijiet dwar din il-Politika ta&#8217; Privatezza, <a href=\"mailto:contact@disinfocode.vost.pt\">jekk jog\u0127\u0121bok ikkuntattjana permezz ta&#8217; din l-email<\/a> .<\/p>\n<\/div>\n      \n          <\/div>\n\n  <\/div>\n<\/section>\n","protected":false},"excerpt":{"rendered":"","protected":false},"author":62,"featured_media":0,"parent":0,"menu_order":0,"comment_status":"closed","ping_status":"closed","template":"","meta":{"_acf_changed":false,"footnotes":""},"class_list":["post-2664","page","type-page","status-publish","hentry"],"acf":[],"yoast_head":"<!-- This site is optimized with the Yoast SEO plugin v24.5 - https:\/\/yoast.com\/wordpress\/plugins\/seo\/ -->\n<title>Privatezza - Transparency Centre<\/title>\n<meta name=\"robots\" content=\"index, follow, max-snippet:-1, max-image-preview:large, max-video-preview:-1\" \/>\n<link rel=\"canonical\" href=\"https:\/\/test2.disinfocode.eu\/mt\/regoli-tal-privatezza\/\" \/>\n<meta property=\"og:locale\" content=\"mt_MT\" \/>\n<meta property=\"og:type\" content=\"article\" \/>\n<meta property=\"og:title\" content=\"Privatezza - Transparency Centre\" \/>\n<meta property=\"og:url\" content=\"https:\/\/test2.disinfocode.eu\/mt\/regoli-tal-privatezza\/\" \/>\n<meta property=\"og:site_name\" content=\"Transparency Centre\" \/>\n<meta property=\"article:modified_time\" content=\"2023-03-27T18:35:10+00:00\" \/>\n<meta name=\"twitter:card\" content=\"summary_large_image\" \/>\n<script type=\"application\/ld+json\" class=\"yoast-schema-graph\">{\"@context\":\"https:\/\/schema.org\",\"@graph\":[{\"@type\":\"WebPage\",\"@id\":\"https:\/\/test2.disinfocode.eu\/mt\/regoli-tal-privatezza\/\",\"url\":\"https:\/\/test2.disinfocode.eu\/mt\/regoli-tal-privatezza\/\",\"name\":\"Privatezza - Transparency Centre\",\"isPartOf\":{\"@id\":\"https:\/\/disinfocode.eu\/#website\"},\"datePublished\":\"2022-12-30T09:42:38+00:00\",\"dateModified\":\"2023-03-27T18:35:10+00:00\",\"inLanguage\":\"mt-MT\",\"potentialAction\":[{\"@type\":\"ReadAction\",\"target\":[\"https:\/\/test2.disinfocode.eu\/mt\/regoli-tal-privatezza\/\"]}]},{\"@type\":\"WebSite\",\"@id\":\"https:\/\/disinfocode.eu\/#website\",\"url\":\"https:\/\/disinfocode.eu\/\",\"name\":\"Transparency Centre\",\"description\":\"Discover the Code of Practice on Disinformation\",\"potentialAction\":[{\"@type\":\"SearchAction\",\"target\":{\"@type\":\"EntryPoint\",\"urlTemplate\":\"https:\/\/disinfocode.eu\/?s={search_term_string}\"},\"query-input\":{\"@type\":\"PropertyValueSpecification\",\"valueRequired\":true,\"valueName\":\"search_term_string\"}}],\"inLanguage\":\"mt-MT\"}]}<\/script>\n<!-- \/ Yoast SEO plugin. -->","yoast_head_json":{"title":"Privatezza - Transparency Centre","robots":{"index":"index","follow":"follow","max-snippet":"max-snippet:-1","max-image-preview":"max-image-preview:large","max-video-preview":"max-video-preview:-1"},"canonical":"https:\/\/test2.disinfocode.eu\/mt\/regoli-tal-privatezza\/","og_locale":"mt_MT","og_type":"article","og_title":"Privatezza - Transparency Centre","og_url":"https:\/\/test2.disinfocode.eu\/mt\/regoli-tal-privatezza\/","og_site_name":"Transparency Centre","article_modified_time":"2023-03-27T18:35:10+00:00","twitter_card":"summary_large_image","schema":{"@context":"https:\/\/schema.org","@graph":[{"@type":"WebPage","@id":"https:\/\/test2.disinfocode.eu\/mt\/regoli-tal-privatezza\/","url":"https:\/\/test2.disinfocode.eu\/mt\/regoli-tal-privatezza\/","name":"Privatezza - Transparency Centre","isPartOf":{"@id":"https:\/\/disinfocode.eu\/#website"},"datePublished":"2022-12-30T09:42:38+00:00","dateModified":"2023-03-27T18:35:10+00:00","inLanguage":"mt-MT","potentialAction":[{"@type":"ReadAction","target":["https:\/\/test2.disinfocode.eu\/mt\/regoli-tal-privatezza\/"]}]},{"@type":"WebSite","@id":"https:\/\/disinfocode.eu\/#website","url":"https:\/\/disinfocode.eu\/","name":"Transparency Centre","description":"Discover the Code of Practice on Disinformation","potentialAction":[{"@type":"SearchAction","target":{"@type":"EntryPoint","urlTemplate":"https:\/\/disinfocode.eu\/?s={search_term_string}"},"query-input":{"@type":"PropertyValueSpecification","valueRequired":true,"valueName":"search_term_string"}}],"inLanguage":"mt-MT"}]}},"_links":{"self":[{"href":"https:\/\/test2.disinfocode.eu\/mt\/wp-json\/wp\/v2\/pages\/2664","targetHints":{"allow":["GET"]}}],"collection":[{"href":"https:\/\/test2.disinfocode.eu\/mt\/wp-json\/wp\/v2\/pages"}],"about":[{"href":"https:\/\/test2.disinfocode.eu\/mt\/wp-json\/wp\/v2\/types\/page"}],"author":[{"embeddable":true,"href":"https:\/\/test2.disinfocode.eu\/mt\/wp-json\/wp\/v2\/users\/62"}],"replies":[{"embeddable":true,"href":"https:\/\/test2.disinfocode.eu\/mt\/wp-json\/wp\/v2\/comments?post=2664"}],"version-history":[{"count":0,"href":"https:\/\/test2.disinfocode.eu\/mt\/wp-json\/wp\/v2\/pages\/2664\/revisions"}],"wp:attachment":[{"href":"https:\/\/test2.disinfocode.eu\/mt\/wp-json\/wp\/v2\/media?parent=2664"}],"curies":[{"name":"wp","href":"https:\/\/api.w.org\/{rel}","templated":true}]}}