{"id":2641,"date":"2023-01-20T11:04:00","date_gmt":"2023-01-20T09:04:00","guid":{"rendered":"https:\/\/wp-dev.space\/zn\/transparency-center\/master\/dikjarazzjoni-dwar-l-accessibbilta\/"},"modified":"2023-02-20T12:58:29","modified_gmt":"2023-02-20T12:58:29","slug":"dikjarazzjoni-accessibbilta","status":"publish","type":"page","link":"https:\/\/test2.disinfocode.eu\/mt\/dikjarazzjoni-accessibbilta\/","title":{"rendered":"Dikjarazzjoni dwar l-A\u010b\u010bessibbilt\u00e0"},"content":{"rendered":"\n<p><\/p>\n<section class=\"title-block title-block-m gutenberg-block  indigo-800\" >\n  <div class=\"sk-container sk-container--fl\">\n\n    <div class=\"title-block-content sk-container\">\n\n      \n            <h1 class=\"title-block-title\">Dikjarazzjoni dwar l-A\u010b\u010bessibbilt\u00e0<\/h1>\n    <\/div>\n\n  <\/div>\n<\/section>\n<section data-aos=\"fade-up\" data-aos-duration=\"1500\" class=\"text-block text-block-m gutenberg-block \" >\n  <div class=\"sk-container sk-container--fl\">\n\n    <div class=\"text-block-content sk-container\">\n\n              <div class=\"text-block-text\"><p>I\u010b-\u010aentru tat-Trasparenza huwa impenjat li ji\u017cgura a\u010b\u010bessibbilt\u00e0 di\u0121itali g\u0127all-persuni b&#8217;di\u017cabilit\u00e0. Qed intejbu kontinwament l-esperjenza tal-utent g\u0127al kul\u0127add, u napplikaw l-istandards rilevanti tal-a\u010b\u010bessibbilt\u00e0.<\/p>\n<h2>Mi\u017curi li jappo\u0121\u0121aw l-a\u010b\u010bessibbilt\u00e0<\/h2>\n<p>I\u010b-\u010aentru ta&#8217; Trasparenza jie\u0127u l-mi\u017curi li \u0121ejjin biex ji\u017cgura l-a\u010b\u010bessibbilt\u00e0 ta&#8217; https:\/\/test2.disinfocode.eu\/:<\/p>\n<ul>\n<li>L-imma\u0121ini g\u0127andhom test alternattiv sinifikanti<\/li>\n<li>Il-links huma identifikabbli vi\u017cwalment<\/li>\n<li>Bl-u\u017cu ta&#8217; intestaturi ta&#8217; sezzjoni deskrittiva<\/li>\n<li>Bl-u\u017cu ta&#8217; struttura semantika ta&#8217; element HTML korretta<\/li>\n<li>Il-formoli g\u0127andhom tikketti deskrittivi<\/li>\n<li>L-informazzjoni ma tiddependix fuq il-kulur, il-\u0127oss, il-forma, id-daqs, jew il-post vi\u017cwali<\/li>\n<li>It-test u l-kulur tal-isfond g\u0127andhom kuntrast suffi\u010bjenti<\/li>\n<li>Il-kontenut jiskala sew meta \u017c\u017comjat\/imkabbar<\/li>\n<li>Bl-u\u017cu ta&#8217; tag titolu deskrittiv<\/li>\n<li>Appo\u0121\u0121 tan-navigazzjoni tat-tastiera<\/li>\n<li>L-istati tal-fokus vi\u017cibbli g\u0127all-utenti tat-tastiera<\/li>\n<li>Tipi ta&#8217; input korretti HTML5<\/li>\n<li>Is-sit ma jispi\u010b\u010bax bla mistenni<\/li>\n<li>Multimedia g\u0127andha modi alternattivi biex ji\u0121i kkunsmat<\/li>\n<li>Bl-u\u017cu tal-attribut HTML &#8216;lang&#8217;<\/li>\n<li>U\u017cu ta &#8216;tikketti ta&#8217; inputs li jinftiehmu<\/li>\n<li>Il-formoli g\u0127andhom messa\u0121\u0121i ta\u2019 \u017cball u ta\u2019 verifika utli u a\u010b\u010bessibbli<\/li>\n<li>Il-links huma deskrittivi u jipprovdu intenzjoni<\/li>\n<li>Il-pa\u0121ni jinftiehmu ming\u0127ajr stili ppermettiet<\/li>\n<li>HTML huwa korrett u ming\u0127ajr \u017cbalji<\/li>\n<li>It-tni\u017c\u017cil tal-fajls CSV u t-tni\u017c\u017cil tal-fajls JSON huma settijiet ta &#8216;dejta mhux ma\u0127duma<\/li>\n<\/ul>\n<h2>Status ta&#8217; konformit\u00e0<\/h2>\n<p>Il-Linji Gwida g\u0127all-A\u010b\u010bessibilit\u00e0 tal-Kontenut tal-Web (WCAG) jiddefinixxu rekwi\u017citi g\u0127ad-disinjaturi u l-i\u017cviluppaturi biex itejbu l-a\u010b\u010bessibbilt\u00e0 g\u0127al persuni b&#8217;di\u017cabilit\u00e0. Jiddefinixxi tliet livelli ta&#8217; konformit\u00e0: Livell A, Livell AA, u Livell AAA. I\u010b-\u010aentru ta&#8217; Trasparenza huwa parzjalment konformi mal-livell AA tal-WCAG 2.1. Parzjalment konformi tfisser li xi partijiet tal-kontenut ma jikkonformawx bis-s\u0127i\u0127 mal-istandard tal-a\u010b\u010bessibbilt\u00e0.<\/p>\n<h3>Konsiderazzjonijiet addizzjonali dwar l-a\u010b\u010bessibbilt\u00e0<\/h3>\n<p class=\"basic-information conformance-additions\">G\u0127alkemm l-g\u0127an tag\u0127na huwa l-konformit\u00e0 WCAG 2.1 Livell AA, applikajna wkoll xi Kriterji ta\u2019 Su\u010b\u010bess tal-Livell AAA:<\/p>\n<ul>\n<li>A\u0127na ma nu\u017cawx stampi tat-test.<\/li>\n<li>Il-funzjonalit\u00e0 kollha hija a\u010b\u010bessibbli bit-tastiera ming\u0127ajr e\u010b\u010bezzjonijiet.<\/li>\n<li>L-ebda limitu ta\u2019 \u017cmien fuq il-websajt.<\/li>\n<li>L-ebda kontenut ma jteptep aktar minn tliet darbiet kull sekonda.<\/li>\n<li>Ninfurmaw lill-utenti fejn qeg\u0127din issa fuq is-sit.<\/li>\n<li>L-iskop ta&#8217; kull link huwa \u010bar mit-test tag\u0127ha.<\/li>\n<li>Kontenut organizzat b&#8217;intestaturi.<\/li>\n<\/ul>\n<h2>Spe\u010bifikazzjonijiet tekni\u010bi<\/h2>\n<p>L-a\u010b\u010bessibbilt\u00e0 ta\u010b-\u010aentru tat-Trasparenza tiddependi fuq it-teknolo\u0121iji li \u0121ejjin biex ta\u0127dem mal-kombinazzjoni partikolari ta&#8217; web browser u kwalunkwe teknolo\u0121ija ta&#8217; assistenza jew plugins installati fuq il-kompjuter tieg\u0127ek:<\/p>\n<ul class=\"technical-information technologies-used\">\n<li>HTML<\/li>\n<li>WAI-ARIA<\/li>\n<li>CSS<\/li>\n<li>JavaScript<\/li>\n<li>PHP<\/li>\n<\/ul>\n<p>Dawn it-teknolo\u0121iji huma invokati g\u0127all-konformit\u00e0 mal-istandards tal-a\u010b\u010bessibbilt\u00e0 u\u017cati.<\/p>\n<h2>Limitazzjonijiet u alternattivi<\/h2>\n<p>Minkejja l-almu tag\u0127na biex ni\u017cguraw l-a\u010b\u010bessibbilt\u00e0 ta\u010b-\u010aentru ta&#8217; Trasparenza, jista&#8217; jkun hemm xi limitazzjonijiet. Hawn ta\u0127t hawn deskrizzjoni ta &#8216;limitazzjonijiet mag\u0127rufa, u soluzzjonijiet potenzjali. Jekk jog\u0127\u0121bok ikkuntattjana jekk tosserva kwistjoni mhux elenkata hawn ta\u0127t.<\/p>\n<p>Limitazzjonijiet mag\u0127rufa g\u0127a\u010b-\u010aentru ta&#8217; Trasparenza:<\/p>\n<ol class=\"technical-information accessibility-limitations\">\n<li>Fajls PDF i\u0121\u0121enerati awtomatikament minn rapporti jistg\u0127u ma jkunux kompletament konformi<\/li>\n<li>Fajls PDF imtellg\u0127in mill-Firmatarji jistg\u0127u ma jkunux konformi g\u0127al kollox<\/li>\n<\/ol>\n<h2>Feedback<\/h2>\n<p>Nilqg\u0127u l-feedback tieg\u0127ek dwar l-a\u010b\u010bessibbilt\u00e0 ta\u010b-\u010aentru tat-Trasparenza. Jekk jog\u0127\u0121bok g\u0127arrafna jekk tiltaqa&#8217; ma&#8217; ostakli ta&#8217; a\u010b\u010bessibbilt\u00e0 fuq i\u010b-\u010aentru ta&#8217; Trasparenza:<\/p>\n<p>E-mail: contact@disinfocode.vost.pt<\/p>\n<\/div>\n      \n          <\/div>\n\n  <\/div>\n<\/section>\n\n<p><\/p>\n","protected":false},"excerpt":{"rendered":"","protected":false},"author":93,"featured_media":0,"parent":0,"menu_order":0,"comment_status":"closed","ping_status":"closed","template":"","meta":{"_acf_changed":false,"footnotes":""},"class_list":["post-2641","page","type-page","status-publish","hentry"],"acf":[],"yoast_head":"<!-- This site is optimized with the Yoast SEO plugin v24.5 - https:\/\/yoast.com\/wordpress\/plugins\/seo\/ -->\n<title>Dikjarazzjoni dwar l-A\u010b\u010bessibbilt\u00e0 - Transparency Centre<\/title>\n<meta name=\"robots\" content=\"index, follow, max-snippet:-1, max-image-preview:large, max-video-preview:-1\" \/>\n<link rel=\"canonical\" href=\"https:\/\/test2.disinfocode.eu\/mt\/dikjarazzjoni-accessibbilta\/\" \/>\n<meta property=\"og:locale\" content=\"mt_MT\" \/>\n<meta property=\"og:type\" content=\"article\" \/>\n<meta property=\"og:title\" content=\"Dikjarazzjoni dwar l-A\u010b\u010bessibbilt\u00e0 - Transparency Centre\" \/>\n<meta property=\"og:url\" content=\"https:\/\/test2.disinfocode.eu\/mt\/dikjarazzjoni-accessibbilta\/\" \/>\n<meta property=\"og:site_name\" content=\"Transparency Centre\" \/>\n<meta property=\"article:modified_time\" content=\"2023-02-20T12:58:29+00:00\" \/>\n<meta name=\"twitter:card\" content=\"summary_large_image\" \/>\n<script type=\"application\/ld+json\" class=\"yoast-schema-graph\">{\"@context\":\"https:\/\/schema.org\",\"@graph\":[{\"@type\":\"WebPage\",\"@id\":\"https:\/\/test2.disinfocode.eu\/mt\/dikjarazzjoni-accessibbilta\/\",\"url\":\"https:\/\/test2.disinfocode.eu\/mt\/dikjarazzjoni-accessibbilta\/\",\"name\":\"Dikjarazzjoni dwar l-A\u010b\u010bessibbilt\u00e0 - Transparency Centre\",\"isPartOf\":{\"@id\":\"https:\/\/disinfocode.eu\/#website\"},\"datePublished\":\"2023-01-20T09:04:00+00:00\",\"dateModified\":\"2023-02-20T12:58:29+00:00\",\"inLanguage\":\"mt-MT\",\"potentialAction\":[{\"@type\":\"ReadAction\",\"target\":[\"https:\/\/test2.disinfocode.eu\/mt\/dikjarazzjoni-accessibbilta\/\"]}]},{\"@type\":\"WebSite\",\"@id\":\"https:\/\/disinfocode.eu\/#website\",\"url\":\"https:\/\/disinfocode.eu\/\",\"name\":\"Transparency Centre\",\"description\":\"Discover the Code of Practice on Disinformation\",\"potentialAction\":[{\"@type\":\"SearchAction\",\"target\":{\"@type\":\"EntryPoint\",\"urlTemplate\":\"https:\/\/disinfocode.eu\/?s={search_term_string}\"},\"query-input\":{\"@type\":\"PropertyValueSpecification\",\"valueRequired\":true,\"valueName\":\"search_term_string\"}}],\"inLanguage\":\"mt-MT\"}]}<\/script>\n<!-- \/ Yoast SEO plugin. -->","yoast_head_json":{"title":"Dikjarazzjoni dwar l-A\u010b\u010bessibbilt\u00e0 - Transparency Centre","robots":{"index":"index","follow":"follow","max-snippet":"max-snippet:-1","max-image-preview":"max-image-preview:large","max-video-preview":"max-video-preview:-1"},"canonical":"https:\/\/test2.disinfocode.eu\/mt\/dikjarazzjoni-accessibbilta\/","og_locale":"mt_MT","og_type":"article","og_title":"Dikjarazzjoni dwar l-A\u010b\u010bessibbilt\u00e0 - Transparency Centre","og_url":"https:\/\/test2.disinfocode.eu\/mt\/dikjarazzjoni-accessibbilta\/","og_site_name":"Transparency Centre","article_modified_time":"2023-02-20T12:58:29+00:00","twitter_card":"summary_large_image","schema":{"@context":"https:\/\/schema.org","@graph":[{"@type":"WebPage","@id":"https:\/\/test2.disinfocode.eu\/mt\/dikjarazzjoni-accessibbilta\/","url":"https:\/\/test2.disinfocode.eu\/mt\/dikjarazzjoni-accessibbilta\/","name":"Dikjarazzjoni dwar l-A\u010b\u010bessibbilt\u00e0 - Transparency Centre","isPartOf":{"@id":"https:\/\/disinfocode.eu\/#website"},"datePublished":"2023-01-20T09:04:00+00:00","dateModified":"2023-02-20T12:58:29+00:00","inLanguage":"mt-MT","potentialAction":[{"@type":"ReadAction","target":["https:\/\/test2.disinfocode.eu\/mt\/dikjarazzjoni-accessibbilta\/"]}]},{"@type":"WebSite","@id":"https:\/\/disinfocode.eu\/#website","url":"https:\/\/disinfocode.eu\/","name":"Transparency Centre","description":"Discover the Code of Practice on Disinformation","potentialAction":[{"@type":"SearchAction","target":{"@type":"EntryPoint","urlTemplate":"https:\/\/disinfocode.eu\/?s={search_term_string}"},"query-input":{"@type":"PropertyValueSpecification","valueRequired":true,"valueName":"search_term_string"}}],"inLanguage":"mt-MT"}]}},"_links":{"self":[{"href":"https:\/\/test2.disinfocode.eu\/mt\/wp-json\/wp\/v2\/pages\/2641","targetHints":{"allow":["GET"]}}],"collection":[{"href":"https:\/\/test2.disinfocode.eu\/mt\/wp-json\/wp\/v2\/pages"}],"about":[{"href":"https:\/\/test2.disinfocode.eu\/mt\/wp-json\/wp\/v2\/types\/page"}],"author":[{"embeddable":true,"href":"https:\/\/test2.disinfocode.eu\/mt\/wp-json\/wp\/v2\/users\/93"}],"replies":[{"embeddable":true,"href":"https:\/\/test2.disinfocode.eu\/mt\/wp-json\/wp\/v2\/comments?post=2641"}],"version-history":[{"count":0,"href":"https:\/\/test2.disinfocode.eu\/mt\/wp-json\/wp\/v2\/pages\/2641\/revisions"}],"wp:attachment":[{"href":"https:\/\/test2.disinfocode.eu\/mt\/wp-json\/wp\/v2\/media?parent=2641"}],"curies":[{"name":"wp","href":"https:\/\/api.w.org\/{rel}","templated":true}]}}