{"id":2685,"date":"2023-01-23T14:17:37","date_gmt":"2023-01-23T14:17:37","guid":{"rendered":"https:\/\/wp-dev.space\/zn\/transparency-center\/master\/sikfaili\/"},"modified":"2023-02-09T03:18:39","modified_gmt":"2023-02-09T03:18:39","slug":"sikfaili","status":"publish","type":"page","link":"https:\/\/test2.disinfocode.eu\/lv\/sikfaili\/","title":{"rendered":"S\u012bkfaili"},"content":{"rendered":"<section class=\"title-block title-block-m gutenberg-block  indigo-800\" >\n  <div class=\"sk-container sk-container--fl\">\n\n    <div class=\"title-block-content sk-container\">\n\n      \n            <h1 class=\"title-block-title\">S\u012bkfaili<\/h1>\n    <\/div>\n\n  <\/div>\n<\/section>\n<section data-aos=\"fade-up\" data-aos-duration=\"1500\" class=\"text-block text-block-m gutenberg-block \" >\n  <div class=\"sk-container sk-container--fl\">\n\n    <div class=\"text-block-content sk-container\">\n\n              <div class=\"text-block-text\"><p>M\u0113s izmantojam s\u012bkfailus un l\u012bdz\u012bgas izseko\u0161anas tehnolo\u0123ijas, lai izsekotu darb\u012bbu m\u016bsu vietn\u0113s un saglab\u0101tu noteiktu inform\u0101ciju.<\/p>\n<p>S\u012bkfaili ir faili ar nelielu datu apjomu, kas var ietvert anon\u012bmu unik\u0101lu identifikatoru. S\u012bkfaili tiek nos\u016bt\u012bti uz j\u016bsu p\u0101rl\u016bkprogrammu no t\u012bmek\u013ca vietnes un saglab\u0101ti j\u016bsu ier\u012bc\u0113. Izseko\u0161anas tehnolo\u0123ijas tiek izmantotas ar\u012b b\u0101kas, tagi un skripti, lai apkopotu un izsekotu inform\u0101ciju un uzlabotu un analiz\u0113tu m\u016bsu sniegtos pakalpojumus.<\/p>\n<p>Varat uzdot p\u0101rl\u016bkprogrammai atteikt visus s\u012bkfailus vai nor\u0101d\u012bt, kad tiek nos\u016bt\u012bts s\u012bkfails. Tom\u0113r, ja nepie\u0146emat s\u012bkfailus, iesp\u0113jams, nevar\u0113siet izmantot da\u017eas m\u016bsu viet\u0146u da\u013cas.<\/p>\n<p>\u0160aj\u0101 vietn\u0113 izmantot\u0101s s\u012bkdatnes ir:<\/p>\n<p><strong><div id=\"cmplz-cookies-overview\"><\/div><\/strong><\/p>\n<div><\/div>\n<\/div>\n      \n          <\/div>\n\n  <\/div>\n<\/section>\n","protected":false},"excerpt":{"rendered":"","protected":false},"author":93,"featured_media":0,"parent":0,"menu_order":0,"comment_status":"closed","ping_status":"closed","template":"","meta":{"_acf_changed":false,"footnotes":""},"class_list":["post-2685","page","type-page","status-publish","hentry"],"acf":[],"yoast_head":"<!-- This site is optimized with the Yoast SEO plugin v24.5 - https:\/\/yoast.com\/wordpress\/plugins\/seo\/ -->\n<title>S\u012bkfaili - Transparency Centre<\/title>\n<meta name=\"robots\" content=\"index, follow, max-snippet:-1, max-image-preview:large, max-video-preview:-1\" \/>\n<link rel=\"canonical\" href=\"https:\/\/test2.disinfocode.eu\/lv\/sikfaili\/\" \/>\n<meta property=\"og:locale\" content=\"lv_LV\" \/>\n<meta property=\"og:type\" content=\"article\" \/>\n<meta property=\"og:title\" content=\"S\u012bkfaili - Transparency Centre\" \/>\n<meta property=\"og:url\" content=\"https:\/\/test2.disinfocode.eu\/lv\/sikfaili\/\" \/>\n<meta property=\"og:site_name\" content=\"Transparency Centre\" \/>\n<meta property=\"article:modified_time\" content=\"2023-02-09T03:18:39+00:00\" \/>\n<meta name=\"twitter:card\" content=\"summary_large_image\" \/>\n<script type=\"application\/ld+json\" class=\"yoast-schema-graph\">{\"@context\":\"https:\/\/schema.org\",\"@graph\":[{\"@type\":\"WebPage\",\"@id\":\"https:\/\/test2.disinfocode.eu\/lv\/sikfaili\/\",\"url\":\"https:\/\/test2.disinfocode.eu\/lv\/sikfaili\/\",\"name\":\"S\u012bkfaili - Transparency Centre\",\"isPartOf\":{\"@id\":\"https:\/\/disinfocode.eu\/#website\"},\"datePublished\":\"2023-01-23T14:17:37+00:00\",\"dateModified\":\"2023-02-09T03:18:39+00:00\",\"inLanguage\":\"lv-LV\",\"potentialAction\":[{\"@type\":\"ReadAction\",\"target\":[\"https:\/\/test2.disinfocode.eu\/lv\/sikfaili\/\"]}]},{\"@type\":\"WebSite\",\"@id\":\"https:\/\/disinfocode.eu\/#website\",\"url\":\"https:\/\/disinfocode.eu\/\",\"name\":\"Transparency Centre\",\"description\":\"Discover the Code of Practice on Disinformation\",\"potentialAction\":[{\"@type\":\"SearchAction\",\"target\":{\"@type\":\"EntryPoint\",\"urlTemplate\":\"https:\/\/disinfocode.eu\/?s={search_term_string}\"},\"query-input\":{\"@type\":\"PropertyValueSpecification\",\"valueRequired\":true,\"valueName\":\"search_term_string\"}}],\"inLanguage\":\"lv-LV\"}]}<\/script>\n<!-- \/ Yoast SEO plugin. -->","yoast_head_json":{"title":"S\u012bkfaili - Transparency Centre","robots":{"index":"index","follow":"follow","max-snippet":"max-snippet:-1","max-image-preview":"max-image-preview:large","max-video-preview":"max-video-preview:-1"},"canonical":"https:\/\/test2.disinfocode.eu\/lv\/sikfaili\/","og_locale":"lv_LV","og_type":"article","og_title":"S\u012bkfaili - Transparency Centre","og_url":"https:\/\/test2.disinfocode.eu\/lv\/sikfaili\/","og_site_name":"Transparency Centre","article_modified_time":"2023-02-09T03:18:39+00:00","twitter_card":"summary_large_image","schema":{"@context":"https:\/\/schema.org","@graph":[{"@type":"WebPage","@id":"https:\/\/test2.disinfocode.eu\/lv\/sikfaili\/","url":"https:\/\/test2.disinfocode.eu\/lv\/sikfaili\/","name":"S\u012bkfaili - Transparency Centre","isPartOf":{"@id":"https:\/\/disinfocode.eu\/#website"},"datePublished":"2023-01-23T14:17:37+00:00","dateModified":"2023-02-09T03:18:39+00:00","inLanguage":"lv-LV","potentialAction":[{"@type":"ReadAction","target":["https:\/\/test2.disinfocode.eu\/lv\/sikfaili\/"]}]},{"@type":"WebSite","@id":"https:\/\/disinfocode.eu\/#website","url":"https:\/\/disinfocode.eu\/","name":"Transparency Centre","description":"Discover the Code of Practice on Disinformation","potentialAction":[{"@type":"SearchAction","target":{"@type":"EntryPoint","urlTemplate":"https:\/\/disinfocode.eu\/?s={search_term_string}"},"query-input":{"@type":"PropertyValueSpecification","valueRequired":true,"valueName":"search_term_string"}}],"inLanguage":"lv-LV"}]}},"_links":{"self":[{"href":"https:\/\/test2.disinfocode.eu\/lv\/wp-json\/wp\/v2\/pages\/2685","targetHints":{"allow":["GET"]}}],"collection":[{"href":"https:\/\/test2.disinfocode.eu\/lv\/wp-json\/wp\/v2\/pages"}],"about":[{"href":"https:\/\/test2.disinfocode.eu\/lv\/wp-json\/wp\/v2\/types\/page"}],"author":[{"embeddable":true,"href":"https:\/\/test2.disinfocode.eu\/lv\/wp-json\/wp\/v2\/users\/93"}],"replies":[{"embeddable":true,"href":"https:\/\/test2.disinfocode.eu\/lv\/wp-json\/wp\/v2\/comments?post=2685"}],"version-history":[{"count":0,"href":"https:\/\/test2.disinfocode.eu\/lv\/wp-json\/wp\/v2\/pages\/2685\/revisions"}],"wp:attachment":[{"href":"https:\/\/test2.disinfocode.eu\/lv\/wp-json\/wp\/v2\/media?parent=2685"}],"curies":[{"name":"wp","href":"https:\/\/api.w.org\/{rel}","templated":true}]}}