{"id":2662,"date":"2022-12-30T10:42:38","date_gmt":"2022-12-30T09:42:38","guid":{"rendered":"https:\/\/wp-dev.space\/zn\/transparency-center\/master\/konfidencialitate\/"},"modified":"2023-03-27T18:35:10","modified_gmt":"2023-03-27T18:35:10","slug":"privatuma-politika","status":"publish","type":"page","link":"https:\/\/test2.disinfocode.eu\/lv\/privatuma-politika\/","title":{"rendered":"Konfidencialit\u0101te"},"content":{"rendered":"<section class=\"title-block title-block-m gutenberg-block  indigo-800\" >\n  <div class=\"sk-container sk-container--fl\">\n\n    <div class=\"title-block-content sk-container\">\n\n      \n            <h1 class=\"title-block-title\">Konfidencialit\u0101te<\/h1>\n    <\/div>\n\n  <\/div>\n<\/section>\n<section data-aos=\"fade-up\" data-aos-duration=\"1500\" class=\"text-block text-block-m gutenberg-block \" >\n  <div class=\"sk-container sk-container--fl\">\n\n    <div class=\"text-block-content sk-container\">\n\n              <div class=\"text-block-text\"><p><strong>Sp\u0113k\u0101 st\u0101\u0161an\u0101s datums: 2023. gada 9. febru\u0101ris<\/strong><\/p>\n<p>P\u0101rredzam\u012bbas centrs (&#8220;m\u0113s&#8221;, &#8220;m\u016bs&#8221;, &#8220;m\u016bsu&#8221; vai &#8220;Organiz\u0101cija&#8221;) ir ap\u0146\u0113mies aizsarg\u0101t to personu priv\u0101tumu, kuras apmekl\u0113 m\u016bsu vietnes. M\u0113s esam ap\u0146\u0113mu\u0161ies aizsarg\u0101t juridisko personu priv\u0101tumu tikai tad, ja tas ir piem\u0113rojams saska\u0146\u0101 ar sp\u0113k\u0101 eso\u0161ajiem ties\u012bbu aktiem. \u0160\u012b konfidencialit\u0101tes deklar\u0101cija ir paredz\u0113ta, lai inform\u0113tu par m\u016bsu politiku attiec\u012bb\u0101 uz personas datu v\u0101k\u0161anu, izmanto\u0161anu un izpau\u0161anu, kad j\u016bs p\u0101rl\u016bkojat m\u016bsu vietnes, un par j\u016bsu iesp\u0113j\u0101m, kas saist\u012btas ar \u0161iem datiem.<\/p>\n<p>Izmantojot m\u016bsu vietni, j\u016bs piekr\u012btat inform\u0101cijas v\u0101k\u0161anai un izmanto\u0161anai saska\u0146\u0101 ar \u0161o politiku.<\/p>\n<p>Ja jums ir k\u0101di jaut\u0101jumi vai s\u016bdz\u012bbas par Organiz\u0101cijas konfidencialit\u0101tes praksi, l\u016bdzu, sazinieties ar mums, izmantojot \u0161o e-pastu.<\/p>\n<p>\u0160is priv\u0101tuma pazi\u0146ojums attiecas uz \u0161\u0101du t\u012bmek\u013ca vietni: https:\/\/test2.disinfocode.eu\/<\/p>\n<h2>Ko m\u0113s v\u0101cam?<\/h2>\n<p>M\u0113s apkopojam \u0161\u0101da veida inform\u0101ciju da\u017e\u0101diem m\u0113r\u0137iem (uzskait\u012bti turpm\u0101k), lai sniegtu un uzlabotu jums sniegtos pakalpojumus:<\/p>\n<ul>\n<li>Personas dati<\/li>\n<li>Lieto\u0161anas dati<\/li>\n<li>Atra\u0161an\u0101s vietas dati<\/li>\n<li>Izseko\u0161anas s\u012bkfailu dati<\/li>\n<\/ul>\n<h3>Personas dati<\/h3>\n<p>Kad sazin\u0101ties ar mums, lai sa\u0146emtu inform\u0101ciju par m\u016bsu pakalpojumiem, re\u0123istr\u0113jaties m\u016bsu pas\u0101kumu apmekl\u0113jumam vai piesak\u0101ties darbam m\u016bsu uz\u0146\u0113mum\u0101, P\u0101rredzam\u012bbas centrs pieprasa, lai j\u016bs sniedzat personisko kontaktinform\u0101ciju, ko var izmantot, lai ar jums sazin\u0101tos vai j\u016bs identific\u0113tu. Personu identific\u0113jo\u0161\u0101 inform\u0101cija var ietvert, bet ne tikai:<\/p>\n<ul>\n<li>V\u0101rds un uzv\u0101rds<\/li>\n<li>E-pasta adrese<\/li>\n<\/ul>\n<h3>Lieto\u0161anas dati<\/h3>\n<p>M\u0113s varam ar\u012b v\u0101kt inform\u0101ciju par to, k\u0101 pakalpojumam tiek piek\u013c\u016bts un k\u0101 tas tiek izmantots (&#8220;Lieto\u0161anas dati&#8221;). \u0160ie lieto\u0161anas dati var ietvert t\u0101du inform\u0101ciju k\u0101 j\u016bsu datora interneta protokola adrese (piem\u0113ram, IP adrese), p\u0101rl\u016bkprogrammas tips, p\u0101rl\u016bkprogrammas versija, j\u016bsu apmekl\u0113t\u0101s m\u016bsu viet\u0146u lapas, apmekl\u0113juma laiks un datums, \u0161aj\u0101s lap\u0101s pavad\u012btais laiks, unik\u0101lie ier\u012bces identifikatori un citi diagnostikas dati.<\/p>\n<h3>Atra\u0161an\u0101s vietas dati<\/h3>\n<p>M\u0113s varam izmantot un glab\u0101t inform\u0101ciju par j\u016bsu atra\u0161an\u0101s vietu, ja esat devis mums at\u013cauju to dar\u012bt (&#8220;atra\u0161an\u0101s vietas dati&#8221;). M\u0113s izmantojam \u0161os datus, lai nodro\u0161in\u0101tu m\u016bsu pakalpojuma funkcijas un uzlabotu un piel\u0101gotu m\u016bsu pied\u0101v\u0101to pakalpojumu.<\/p>\n<p>Izmantojot m\u016bsu vietnes, jebkur\u0101 laik\u0101 varat iesp\u0113jot vai atsp\u0113jot atra\u0161an\u0101s vietas pakalpojumus, izmantojot ier\u012bces iestat\u012bjumus.<\/p>\n<h3>Izseko\u0161anas s\u012bkfailu dati<\/h3>\n<p>M\u0113s izmantojam s\u012bkfailus un l\u012bdz\u012bgas izseko\u0161anas tehnolo\u0123ijas, lai izsekotu darb\u012bbu m\u016bsu vietn\u0113s un saglab\u0101tu noteiktu inform\u0101ciju.<\/p>\n<p>Vair\u0101k inform\u0101cijas par s\u012bkfailiem un m\u016bsu izmantoto s\u012bkfailu piem\u0113rus var atrast <a href=\"https:\/\/test2.disinfocode.eu\/lv\/sikfaili\/\">S\u012bkfailu politikas lap\u0101<\/a>.<\/p>\n<h2>K\u0101 m\u0113s izmantojam j\u016bsu datus?<\/h2>\n<p>P\u0101rredzam\u012bbas centrs izmanto sav\u0101ktos datus da\u017e\u0101diem turpm\u0101k izkl\u0101st\u012btiem m\u0113r\u0137iem.<\/p>\n<p>Transparency Centre izmanto m\u016bsu (potenci\u0101lo) Parakst\u012bt\u0101ju personas datus, lai sniegtu piepras\u012btos pakalpojumus. Piem\u0113ram, ja iesniegsiet pieteikumu, lai inform\u0113tu m\u016bs par savu interesi k\u013c\u016bt par parakst\u012bt\u0101ju, m\u0113s izmantosim j\u016bsu sniegto inform\u0101ciju, lai nos\u016bt\u012btu jums pazi\u0146ojumus par turpm\u0101kajiem pas\u0101kumiem, lai k\u013c\u016btu par parakst\u012bt\u0101ju, un inform\u0101ciju par m\u016bsu grupu.<\/p>\n<h2>Datu saglab\u0101\u0161ana<\/h2>\n<p>P\u0101rredzam\u012bbas centrs saglab\u0101s j\u016bsu personas datus tikai tik ilgi, cik tas ir nepiecie\u0161ams \u0161aj\u0101 konfidencialit\u0101tes politik\u0101 izkl\u0101st\u012btajiem m\u0113r\u0137iem. M\u0113s saglab\u0101sim un izmantosim j\u016bsu personas datus, cikt\u0101l tas nepiecie\u0161ams, lai izpild\u012btu savas juridisk\u0101s saist\u012bbas (piem\u0113ram, ja mums ir pien\u0101kums saglab\u0101t j\u016bsu datus, lai iev\u0113rotu piem\u0113rojamos ties\u012bbu aktus), risin\u0101tu str\u012bdus un \u012bstenotu savus juridiskos l\u012bgumus un politikas.<\/p>\n<p>Transparency Centre saglab\u0101s ar\u012b lieto\u0161anas datus iek\u0161\u0113j\u0101s anal\u012bzes vajadz\u012bb\u0101m. Lieto\u0161anas dati parasti tiek glab\u0101ti \u012bs\u0101ku laiku, iz\u0146emot gad\u012bjumus, kad \u0161ie dati tiek izmantoti, lai stiprin\u0101tu m\u016bsu pakalpojuma dro\u0161\u012bbu vai uzlabotu t\u0101 funkcionalit\u0101ti, vai kad mums ir juridisks pien\u0101kums glab\u0101t \u0161os datus ilg\u0101ku laiku.<\/p>\n<h3>Datu p\u0101rs\u016bt\u012b\u0161ana<\/h3>\n<p>J\u016bsu inform\u0101cija, tostarp personas dati, var tikt p\u0101rs\u016bt\u012bta uz datoriem, kas atrodas \u0101rpus j\u016bsu valsts, provinces, valsts vai citas valsts jurisdikcijas, kur datu aizsardz\u012bbas likumi var at\u0161\u0137irties no j\u016bsu jurisdikcijas likumiem.<\/p>\n<p>L\u016bdzu, \u0146emiet v\u0113r\u0101, ka m\u0113s p\u0101rs\u016bt\u0101m datus, tostarp personas datus, uz Be\u013c\u0123iju un apstr\u0101d\u0101jam tos tur. M\u016bsu t\u012bmek\u013ca mitin\u0101\u0161anas serveri un datu centri atrodas Be\u013c\u0123ij\u0101.<\/p>\n<p>J\u016bsu piekri\u0161ana \u0161ai konfidencialit\u0101tes politikai, kam seko \u0161\u0101das inform\u0101cijas iesnieg\u0161ana, ir j\u016bsu piekri\u0161ana \u0161\u0101dai p\u0101rs\u016bt\u012b\u0161anai.<\/p>\n<p>Transparency Centre veiks visus nepiecie\u0161amos pas\u0101kumus, lai nodro\u0161in\u0101tu, ka j\u016bsu dati tiek apstr\u0101d\u0101ti dro\u0161i un saska\u0146\u0101 ar \u0161o konfidencialit\u0101tes politiku, un j\u016bsu personas dati netiks nodoti organiz\u0101cijai vai valstij, ja netiks \u012bstenota atbilsto\u0161a kontrole, tostarp j\u016bsu datu un citas personas inform\u0101cijas dro\u0161\u012bba.<\/p>\n<h3>Datu dro\u0161\u012bba<\/h3>\n<p>Mums ir svar\u012bga j\u016bsu datu dro\u0161\u012bba, ta\u010du atcerieties, ka neviena datu p\u0101rraides pa internetu metode vai elektronisk\u0101s uzglab\u0101\u0161anas metode nav 100% dro\u0161a. Lai gan m\u0113s cen\u0161amies izmantot komerci\u0101li pie\u0146emamus l\u012bdzek\u013cus, lai aizsarg\u0101tu j\u016bsu personas datus, m\u0113s nevaram garant\u0113t to piln\u012bgu dro\u0161\u012bbu.<\/p>\n<p>J\u016bs piekr\u012btat un uz\u0146ematies ar interneta lieto\u0161anu saist\u012btos riskus.<\/p>\n<h3>J\u016bsu ties\u012bbas<\/h3>\n<p>P\u0101rredzam\u012bbas centra m\u0113r\u0137is ir veikt sapr\u0101t\u012bgus pas\u0101kumus, lai j\u016bs var\u0113tu labot, groz\u012bt, dz\u0113st vai ierobe\u017eot savu personas datu izmanto\u0161anu.<\/p>\n<p>Ja v\u0113laties sa\u0146emt inform\u0101ciju par to, k\u0101di personas dati par jums ir m\u016bsu r\u012bc\u012bb\u0101 un vai v\u0113laties, lai tie tiktu dz\u0113sti no m\u016bsu sist\u0113m\u0101m, l\u016bdzu, sazinieties ar mums.<\/p>\n<p>Noteiktos apst\u0101k\u013cos jums ir ties\u012bbas:<\/p>\n<ul>\n<li>Piek\u013c\u016bt m\u016bsu r\u012bc\u012bb\u0101 eso\u0161ajiem j\u016bsu personas datiem un sa\u0146emt to kopiju.<\/li>\n<li>Lai labotu visus par jums glab\u0101tos personas datus, kas ir neprec\u012bzi.<\/li>\n<li>Lai iesniegtu s\u016bdz\u012bbu kompetentajai uzraudz\u012bbas iest\u0101dei.<\/li>\n<li>piepras\u012bt dz\u0113st par jums glab\u0101tos personas datus (&#8220;ties\u012bbas tikt aizmirstam&#8221;).<\/li>\n<\/ul>\n<p>Jums var b\u016bt ties\u012bbas uz datu p\u0101rnesam\u012bbu, ja tas ir piem\u0113rojams j\u016bsu situ\u0101cijai saska\u0146\u0101 ar sp\u0113k\u0101 eso\u0161ajiem ties\u012bbu aktiem, attiec\u012bb\u0101 uz inform\u0101ciju, ko sniedzat P\u0101rredzam\u012bbas centram.Ja mums ir pien\u0101kums iev\u0113rot p\u0101rnesam\u012bbas pras\u012bbas, j\u016bs varat piepras\u012bt sa\u0146emt savu personas datu kopiju pla\u0161i izmantot\u0101 elektronisk\u0101 form\u0101t\u0101, lai j\u016bs var\u0113tu tos p\u0101rvald\u012bt un p\u0101rvietot.<\/p>\n<p>L\u016bdzu, \u0146emiet v\u0113r\u0101, ka, pirms atbild\u0113t uz \u0161\u0101diem piepras\u012bjumiem, m\u0113s varam l\u016bgt jums p\u0101rbaud\u012bt savu identit\u0101ti.<\/p>\n<h3>Pakalpojumu sniedz\u0113ji<\/h3>\n<p>M\u0113s varam izmantot tre\u0161o pu\u0161u uz\u0146\u0113mumus un priv\u0101tpersonas, lai atvieglotu m\u016bsu sniegto pakalpojumu (&#8220;Pakalpojumu sniedz\u0113ji&#8221;), sniegtu pakalpojumu m\u016bsu v\u0101rd\u0101, veiktu ar pakalpojumu saist\u012btos pakalpojumus vai pal\u012bdz\u0113tu mums analiz\u0113t, k\u0101 tiek izmantots m\u016bsu pakalpojums. Konkr\u0113ti, m\u0113s varam izmantot tre\u0161o pu\u0161u atbalstu \u0161\u012bs vietnes mitin\u0101\u0161anai un uztur\u0113\u0161anai.<\/p>\n<p>\u0160\u012bm tre\u0161aj\u0101m pus\u0113m ir piek\u013cuve j\u016bsu personas datiem tikai t\u0101d\u0113\u013c, lai veiktu \u0161os uzdevumus m\u016bsu uzdevum\u0101, un t\u0101m ir pien\u0101kums tos neizpaust vai neizmantot citiem m\u0113r\u0137iem.<\/p>\n<p>M\u0113s atsak\u0101mies no atbild\u012bbas un neesam atbild\u012bgi par jebk\u0101d\u0101m izmaks\u0101m un\/vai zaud\u0113jumiem, ko jums var rad\u012bt Pakalpojumu sniedz\u0113ji.<\/p>\n<h2>Anal\u012btika<\/h2>\n<p>M\u0113s varam izmantot tre\u0161o pu\u0161u pakalpojumu sniedz\u0113jus, lai uzraudz\u012btu un analiz\u0113tu m\u016bsu pakalpojumu izmanto\u0161anu.<\/p>\n<h3>Google Analytics<\/h3>\n<p>Google Analytics ir Google pied\u0101v\u0101tais t\u012bmek\u013ca anal\u012bzes pakalpojums, kas \u013cauj izsekot viet\u0146u datpl\u016bsmu un zi\u0146ot par to. Google izmanto sav\u0101ktos datus, lai izsekotu un uzraudz\u012btu m\u016bsu Pakalpojuma izmanto\u0161anu. \u0160ie dati tiek kop\u012bgoti ar citiem Google pakalpojumiem. Google var izmantot sav\u0101ktos datus, lai kontekstualiz\u0113tu un personaliz\u0113tu sava rekl\u0101mas t\u012bkla rekl\u0101mas.<\/p>\n<p>J\u016bs varat atteikties no savas darb\u012bbas Pakalpojum\u0101 padar\u012b\u0161anas pieejamu Google Analytics, instal\u0113jot Google Analytics atteik\u0161an\u0101s p\u0101rl\u016bkprogrammas papildin\u0101jumu. Papildin\u0101jums ne\u013cauj Google Analytics JavaScript (ga.js, analytics.js un dc.js) kop\u012bgot inform\u0101ciju ar Google Analytics par apmekl\u0113jumu aktivit\u0101ti.<\/p>\n<p>Lai ieg\u016btu vair\u0101k inform\u0101cijas par Google konfidencialit\u0101tes praksi, l\u016bdzu, apmekl\u0113jiet Google konfidencialit\u0101tes noteikumu t\u012bmek\u013ca vietni: http:\/\/www.google.com\/intl\/en\/policies\/privacy.<\/p>\n<h2>Saites uz cit\u0101m vietn\u0113m<\/h2>\n<p>M\u016bsu pakalpojums var ietvert saites uz cit\u0101m vietn\u0113m, kuras m\u0113s neapsaimniekojam. Ja noklik\u0161\u0137in\u0101siet uz tre\u0161\u0101s puses saites, tiksiet novirz\u012bts uz \u0161\u012bs tre\u0161\u0101s puses vietni. Iesak\u0101m iepaz\u012bties ar katras apmekl\u0113t\u0101s vietnes konfidencialit\u0101tes politiku.<\/p>\n<p>M\u0113s nekontrol\u0113jam un neuz\u0146emamies atbild\u012bbu par tre\u0161o pu\u0161u viet\u0146u vai pakalpojumu saturu, konfidencialit\u0101tes politiku vai praksi.<\/p>\n<h2>B\u0113rnu priv\u0101tums<\/h2>\n<p>M\u016bsu pakalpojums nav paredz\u0113ts person\u0101m, kas jaun\u0101kas par 13 gadiem vai jaun\u0101k\u0101m person\u0101m, ja tas ir piem\u0113rojams saska\u0146\u0101 ar konkr\u0113tiem ties\u012bbu aktiem, bet ne jaun\u0101k\u0101m par 13 gadiem (&#8220;b\u0113rni&#8221;).<\/p>\n<p>M\u0113s apzin\u0101ti nev\u0101cam personiski identific\u0113jamu inform\u0101ciju no person\u0101m, kas jaun\u0101kas par 13 gadiem. Ja esat vec\u0101ks vai aizbildnis un zin\u0101t, ka j\u016bsu b\u0113rns ir sniedzis mums personas datus, l\u016bdzu, sazinieties ar mums. Ja m\u0113s uzzin\u0101m, ka esam apkopoju\u0161i b\u0113rnu personas datus bez vec\u0101ku piekri\u0161anas p\u0101rbaudes, m\u0113s veicam pas\u0101kumus, lai \u0161o inform\u0101ciju no\u0146emtu no saviem serveriem.<\/p>\n<h2>Inform\u0101cijas izpau\u0161ana ties\u012bbaizsardz\u012bbas iest\u0101d\u0113m<\/h2>\n<p>Noteiktos apst\u0101k\u013cos Transparency Centre var b\u016bt pien\u0101kums izpaust j\u016bsu personas datus, ja to pieprasa likums vai valsts iest\u0101des (piem\u0113ram, tiesa vai valsts a\u0123ent\u016bra), atbildot uz pamatotiem piepras\u012bjumiem.<\/p>\n<h2>Juridisk\u0101s pras\u012bbas un atbild\u012bbas robe\u017eas<\/h2>\n<p>P\u0101rredzam\u012bbas centrs var izpaust j\u016bsu personas datus, ja ir godpr\u0101t\u012bgi p\u0101rliecin\u0101ts, ka \u0161\u0101da r\u012bc\u012bba ir nepiecie\u0161ama, lai:<\/p>\n<ul>\n<li>Lai izpild\u012btu juridisku pien\u0101kumu<\/li>\n<li>Lai aizsarg\u0101tu un aizst\u0101v\u0113tu Transparency Centre ties\u012bbas vai \u012bpa\u0161umu.<\/li>\n<li>Lai nov\u0113rstu vai izmekl\u0113tu iesp\u0113jamus p\u0101rk\u0101pumus saist\u012bb\u0101 ar pakalpojumu.<\/li>\n<li>lai aizsarg\u0101tu pakalpojuma lietot\u0101ju vai sabiedr\u012bbas personisko dro\u0161\u012bbu.<\/li>\n<li>Lai pasarg\u0101tu no juridisk\u0101s atbild\u012bbas<\/li>\n<\/ul>\n<h2>Izmai\u0146as \u0161aj\u0101 konfidencialit\u0101tes politik\u0101<\/h2>\n<p>M\u0113s laiku pa laikam varam atjaunin\u0101t savu konfidencialit\u0101tes politiku. Par jebk\u0101d\u0101m izmai\u0146\u0101m m\u0113s j\u016bs inform\u0113sim, public\u0113jot jauno konfidencialit\u0101tes politiku \u0161aj\u0101 lap\u0101.<\/p>\n<p>Iesak\u0101m periodiski p\u0101rskat\u012bt \u0161o konfidencialit\u0101tes politiku, lai uzzin\u0101tu par jebk\u0101d\u0101m izmai\u0146\u0101m. Izmai\u0146as \u0161aj\u0101 konfidencialit\u0101tes politik\u0101 st\u0101jas sp\u0113k\u0101, kad t\u0101s tiek public\u0113tas \u0161aj\u0101 lap\u0101.<\/p>\n<h2>Kr\u0101p\u0161ana ar e-pastu<\/h2>\n<p>P\u0113d\u0113jos gados kr\u0101p\u0161ana ar e-pasta zi\u0146ojumiem ir iev\u0113rojami pieaugusi, kibernoziedznieki k\u013c\u016bst gudr\u0101ki, un mums ir nepiecie\u0161ama j\u016bsu pal\u012bdz\u012bba, lai c\u012bn\u012btos pret tiem.<\/p>\n<p>Kibernoziedznieki izmantos visus iesp\u0113jamos l\u012bdzek\u013cus, lai ar viltu piespiestu j\u016bs dal\u012bties ar savu personisko inform\u0101ciju, finan\u0161u inform\u0101ciju vai pat piepras\u012btu veikt nev\u0113lamus un noziedz\u012bgus maks\u0101jumus. Liel\u0101k\u0101 da\u013ca kibernoziedznieku m\u0113\u0123in\u0101s sazin\u0101ties ar uz\u0146\u0113muma augsta l\u012bme\u0146a p\u0101rst\u0101vjiem un cent\u012bsies rad\u012bt steidzam\u012bbas saj\u016btu.<\/p>\n<p>L\u016bdzu, atcerieties, ka ir daudz kr\u0101p\u0161anas pa\u0146\u0113mienu, un pat ar pa\u0161reiz\u0113j\u0101m tehnolo\u0123ij\u0101m daudzi e-pasta kr\u0101p\u0161anas gad\u012bjumi tiek veikti, apejot uz\u0146\u0113mumu ieviestos dro\u0161\u012bbas pas\u0101kumus.<\/p>\n<h3>Ko dar\u012bt \u0161aubu gad\u012bjum\u0101?<\/h3>\n<p>Ja neesat p\u0101rliecin\u0101ts, vai e-pasta v\u0113stule ir leg\u0101la, j\u016bsu lab\u0101kais draugs ir j\u016bsu IKT \/ IT \/ dro\u0161\u012bbas departaments. Tie var pal\u012bdz\u0113t noskaidrot e-pasta izcelsmi un le\u0123itimit\u0101ti.<\/p>\n<h3>K\u0101 zi\u0146ot par kr\u0101pnieciskiem e-pasta zi\u0146ojumiem?<\/h3>\n<p>Lai zi\u0146otu par kr\u0101pniecisku e-pasta v\u0113stuli vai sa\u0146emtu pal\u012bdz\u012bbu savu datu aizsardz\u012bb\u0101, varat sazin\u0101ties ar mums pa e-pastu <a href=\"mailto:contact@disinfocode.vost.pt\">contact@disinfocode.vost.pt<\/a>. M\u0113s dar\u012bsim visu iesp\u0113jamo, lai nodro\u0161in\u0101tu maksim\u0101lu aizsardz\u012bbu.<\/p>\n<h2>Sazinieties ar mums<\/h2>\n<p>Ja jums ir k\u0101di jaut\u0101jumi par \u0161o konfidencialit\u0101tes politiku, <a href=\"mailto:contact@disinfocode.vost.pt\">l\u016bdzu, sazinieties ar mums, izmantojot \u0161o e-pastu<\/a>.<\/p>\n<\/div>\n      \n          <\/div>\n\n  <\/div>\n<\/section>\n","protected":false},"excerpt":{"rendered":"","protected":false},"author":62,"featured_media":0,"parent":0,"menu_order":0,"comment_status":"closed","ping_status":"closed","template":"","meta":{"_acf_changed":false,"footnotes":""},"class_list":["post-2662","page","type-page","status-publish","hentry"],"acf":[],"yoast_head":"<!-- This site is optimized with the Yoast SEO plugin v24.5 - https:\/\/yoast.com\/wordpress\/plugins\/seo\/ -->\n<title>Konfidencialit\u0101te - Transparency Centre<\/title>\n<meta name=\"robots\" content=\"index, follow, max-snippet:-1, max-image-preview:large, max-video-preview:-1\" \/>\n<link rel=\"canonical\" href=\"https:\/\/test2.disinfocode.eu\/lv\/privatuma-politika\/\" \/>\n<meta property=\"og:locale\" content=\"lv_LV\" \/>\n<meta property=\"og:type\" content=\"article\" \/>\n<meta property=\"og:title\" content=\"Konfidencialit\u0101te - Transparency Centre\" \/>\n<meta property=\"og:url\" content=\"https:\/\/test2.disinfocode.eu\/lv\/privatuma-politika\/\" \/>\n<meta property=\"og:site_name\" content=\"Transparency Centre\" \/>\n<meta property=\"article:modified_time\" content=\"2023-03-27T18:35:10+00:00\" \/>\n<meta name=\"twitter:card\" content=\"summary_large_image\" \/>\n<script type=\"application\/ld+json\" class=\"yoast-schema-graph\">{\"@context\":\"https:\/\/schema.org\",\"@graph\":[{\"@type\":\"WebPage\",\"@id\":\"https:\/\/test2.disinfocode.eu\/lv\/privatuma-politika\/\",\"url\":\"https:\/\/test2.disinfocode.eu\/lv\/privatuma-politika\/\",\"name\":\"Konfidencialit\u0101te - Transparency Centre\",\"isPartOf\":{\"@id\":\"https:\/\/disinfocode.eu\/#website\"},\"datePublished\":\"2022-12-30T09:42:38+00:00\",\"dateModified\":\"2023-03-27T18:35:10+00:00\",\"inLanguage\":\"lv-LV\",\"potentialAction\":[{\"@type\":\"ReadAction\",\"target\":[\"https:\/\/test2.disinfocode.eu\/lv\/privatuma-politika\/\"]}]},{\"@type\":\"WebSite\",\"@id\":\"https:\/\/disinfocode.eu\/#website\",\"url\":\"https:\/\/disinfocode.eu\/\",\"name\":\"Transparency Centre\",\"description\":\"Discover the Code of Practice on Disinformation\",\"potentialAction\":[{\"@type\":\"SearchAction\",\"target\":{\"@type\":\"EntryPoint\",\"urlTemplate\":\"https:\/\/disinfocode.eu\/?s={search_term_string}\"},\"query-input\":{\"@type\":\"PropertyValueSpecification\",\"valueRequired\":true,\"valueName\":\"search_term_string\"}}],\"inLanguage\":\"lv-LV\"}]}<\/script>\n<!-- \/ Yoast SEO plugin. -->","yoast_head_json":{"title":"Konfidencialit\u0101te - Transparency Centre","robots":{"index":"index","follow":"follow","max-snippet":"max-snippet:-1","max-image-preview":"max-image-preview:large","max-video-preview":"max-video-preview:-1"},"canonical":"https:\/\/test2.disinfocode.eu\/lv\/privatuma-politika\/","og_locale":"lv_LV","og_type":"article","og_title":"Konfidencialit\u0101te - Transparency Centre","og_url":"https:\/\/test2.disinfocode.eu\/lv\/privatuma-politika\/","og_site_name":"Transparency Centre","article_modified_time":"2023-03-27T18:35:10+00:00","twitter_card":"summary_large_image","schema":{"@context":"https:\/\/schema.org","@graph":[{"@type":"WebPage","@id":"https:\/\/test2.disinfocode.eu\/lv\/privatuma-politika\/","url":"https:\/\/test2.disinfocode.eu\/lv\/privatuma-politika\/","name":"Konfidencialit\u0101te - Transparency Centre","isPartOf":{"@id":"https:\/\/disinfocode.eu\/#website"},"datePublished":"2022-12-30T09:42:38+00:00","dateModified":"2023-03-27T18:35:10+00:00","inLanguage":"lv-LV","potentialAction":[{"@type":"ReadAction","target":["https:\/\/test2.disinfocode.eu\/lv\/privatuma-politika\/"]}]},{"@type":"WebSite","@id":"https:\/\/disinfocode.eu\/#website","url":"https:\/\/disinfocode.eu\/","name":"Transparency Centre","description":"Discover the Code of Practice on Disinformation","potentialAction":[{"@type":"SearchAction","target":{"@type":"EntryPoint","urlTemplate":"https:\/\/disinfocode.eu\/?s={search_term_string}"},"query-input":{"@type":"PropertyValueSpecification","valueRequired":true,"valueName":"search_term_string"}}],"inLanguage":"lv-LV"}]}},"_links":{"self":[{"href":"https:\/\/test2.disinfocode.eu\/lv\/wp-json\/wp\/v2\/pages\/2662","targetHints":{"allow":["GET"]}}],"collection":[{"href":"https:\/\/test2.disinfocode.eu\/lv\/wp-json\/wp\/v2\/pages"}],"about":[{"href":"https:\/\/test2.disinfocode.eu\/lv\/wp-json\/wp\/v2\/types\/page"}],"author":[{"embeddable":true,"href":"https:\/\/test2.disinfocode.eu\/lv\/wp-json\/wp\/v2\/users\/62"}],"replies":[{"embeddable":true,"href":"https:\/\/test2.disinfocode.eu\/lv\/wp-json\/wp\/v2\/comments?post=2662"}],"version-history":[{"count":0,"href":"https:\/\/test2.disinfocode.eu\/lv\/wp-json\/wp\/v2\/pages\/2662\/revisions"}],"wp:attachment":[{"href":"https:\/\/test2.disinfocode.eu\/lv\/wp-json\/wp\/v2\/media?parent=2662"}],"curies":[{"name":"wp","href":"https:\/\/api.w.org\/{rel}","templated":true}]}}