{"id":2639,"date":"2023-01-20T11:04:00","date_gmt":"2023-01-20T09:04:00","guid":{"rendered":"https:\/\/wp-dev.space\/zn\/transparency-center\/master\/pazinojums-par-pieejamibu\/"},"modified":"2023-02-20T12:58:32","modified_gmt":"2023-02-20T12:58:32","slug":"pieejamibas-pazinojums","status":"publish","type":"page","link":"https:\/\/test2.disinfocode.eu\/lv\/pieejamibas-pazinojums\/","title":{"rendered":"Pazi\u0146ojums par pieejam\u012bbu"},"content":{"rendered":"\n<p><\/p>\n<section class=\"title-block title-block-m gutenberg-block  indigo-800\" >\n  <div class=\"sk-container sk-container--fl\">\n\n    <div class=\"title-block-content sk-container\">\n\n      \n            <h1 class=\"title-block-title\">Pazi\u0146ojums par pieejam\u012bbu<\/h1>\n    <\/div>\n\n  <\/div>\n<\/section>\n<section data-aos=\"fade-up\" data-aos-duration=\"1500\" class=\"text-block text-block-m gutenberg-block \" >\n  <div class=\"sk-container sk-container--fl\">\n\n    <div class=\"text-block-content sk-container\">\n\n              <div class=\"text-block-text\"><p>Transparency Centre ir ap\u0146\u0113mies nodro\u0161in\u0101t digit\u0101lo pieejam\u012bbu cilv\u0113kiem ar invalidit\u0101ti. M\u0113s nep\u0101rtraukti uzlabojam lieto\u0161anas pieredzi ikvienam un piem\u0113rojam attiec\u012bgos pieejam\u012bbas standartus.<\/p>\n<h2>Pieejam\u012bbas atbalsta pas\u0101kumi<\/h2>\n<p>P\u0101rredzam\u012bbas centrs veic \u0161\u0101dus pas\u0101kumus, lai nodro\u0161in\u0101tu https:\/\/test2.disinfocode.eu\/ pieejam\u012bbu:<\/p>\n<ul>\n<li>Att\u0113liem ir j\u0113gpilns alt teksts<\/li>\n<li>Saites ir vizu\u0101li atpaz\u012bstamas<\/li>\n<li>Apraksto\u0161u sada\u013cu virsrakstu lieto\u0161ana<\/li>\n<li>Pareiza semantisko HTML elementu strukt\u016bras lieto\u0161ana<\/li>\n<li>Veidlap\u0101m ir apraksto\u0161as eti\u0137etes<\/li>\n<li>Inform\u0101cija nav atkar\u012bga no kr\u0101sas, ska\u0146as, formas, izm\u0113ra vai vizu\u0101l\u0101s atra\u0161an\u0101s vietas.<\/li>\n<li>Teksta un fona kr\u0101sa ir pietiekami kontrast\u0113jo\u0161a<\/li>\n<li>Satura m\u0113rogo\u0161ana pareizi, kad tas ir palielin\u0101ts\/pietuvin\u0101ts<\/li>\n<li>Apraksto\u0161as virsraksta birkas lieto\u0161ana<\/li>\n<li>Atbalsta tastat\u016bras navig\u0101ciju<\/li>\n<li>Fokusa st\u0101vok\u013ci, kas redzami tastat\u016bras lietot\u0101jiem<\/li>\n<li>Pareizi HTML5 ievades tipi<\/li>\n<li>Vietne negaid\u012bti neiziet uz laiku<\/li>\n<li>Multimediju var lietot alternat\u012bvos veidos<\/li>\n<li>HTML atrib\u016bta &#8216;lang&#8217; izmanto\u0161ana<\/li>\n<li>Saprotamu ievades mar\u0137\u0113jumu lieto\u0161ana<\/li>\n<li>Veidlap\u0101s ir noder\u012bgi un pieejami k\u013c\u016bdu un verifik\u0101cijas zi\u0146ojumi.<\/li>\n<li>Saites ir apraksto\u0161as un sniedz nol\u016bku<\/li>\n<li>Lapas ir saprotamas, ja nav iesp\u0113joti stili<\/li>\n<li>HTML ir pareizs un bez k\u013c\u016bd\u0101m<\/li>\n<li>CSV failu lejupiel\u0101des un JSON failu lejupiel\u0101des ir neapstr\u0101d\u0101tu datu kopas.<\/li>\n<\/ul>\n<h2>Atbilst\u012bbas statuss<\/h2>\n<p>T\u012bmek\u013ca satura pieejam\u012bbas vadl\u012bnij\u0101s (WCAG) ir noteiktas pras\u012bbas, kas j\u0101iev\u0113ro dizaineriem un izstr\u0101d\u0101t\u0101jiem, lai uzlabotu pieejam\u012bbu cilv\u0113kiem ar invalidit\u0101ti. Taj\u0101 defin\u0113ti tr\u012bs atbilst\u012bbas l\u012bme\u0146i: A l\u012bmenis, AA l\u012bmenis un AAA l\u012bmenis. P\u0101rredzam\u012bbas centrs da\u013c\u0113ji atbilst WCAG 2.1 AA l\u012bmenim. Da\u013c\u0113ja atbilst\u012bba noz\u012bm\u0113, ka da\u017eas satura da\u013cas piln\u012bb\u0101 neatbilst pieejam\u012bbas standartam.<\/p>\n<h3>Papildu apsv\u0113rumi par pieejam\u012bbu<\/h3>\n<p class=\"basic-information conformance-additions\">Lai gan m\u016bsu m\u0113r\u0137is ir atbilst\u012bba WCAG 2.1 AA l\u012bmenim, esam piem\u0113roju\u0161i ar\u012b da\u017eus AAA l\u012bme\u0146a veiksmes krit\u0113rijus:<\/p>\n<ul>\n<li>M\u0113s neizmantojam teksta att\u0113lus.<\/li>\n<li>Visas funkcijas bez iz\u0146\u0113mumiem ir pieejamas ar tastat\u016bru.<\/li>\n<li>T\u012bmek\u013ca vietn\u0113 nav laika ierobe\u017eojumu.<\/li>\n<li>Neviens saturs nemirgo bie\u017e\u0101k k\u0101 tr\u012bs reizes sekund\u0113.<\/li>\n<li>M\u0113s inform\u0113jam lietot\u0101jus par to, kur vi\u0146i \u0161obr\u012bd atrodas vietn\u0113.<\/li>\n<li>Katras saites m\u0113r\u0137is ir skaidrs no t\u0101s teksta.<\/li>\n<li>Organiz\u0113ts saturs ar virsrakstiem.<\/li>\n<\/ul>\n<h2>Tehnisk\u0101s specifik\u0101cijas<\/h2>\n<p>P\u0101rredzam\u012bbas centra pieejam\u012bba ir atkar\u012bga no \u0161\u0101d\u0101m tehnolo\u0123ij\u0101m, kas darbojas ar konkr\u0113tu t\u012bmek\u013ca p\u0101rl\u016bkprogrammas un j\u016bsu dator\u0101 instal\u0113to pal\u012bgtehnolo\u0123iju vai spraud\u0146u kombin\u0101ciju:<\/p>\n<ul class=\"technical-information technologies-used\">\n<li>HTML<\/li>\n<li>WAI-ARIA<\/li>\n<li>CSS<\/li>\n<li>JavaScript<\/li>\n<li>PHP<\/li>\n<\/ul>\n<p>Uz \u0161\u012bm tehnolo\u0123ij\u0101m pa\u013caujas, lai nodro\u0161in\u0101tu atbilst\u012bbu izmantotajiem pieejam\u012bbas standartiem.<\/p>\n<h2>Ierobe\u017eojumi un alternat\u012bvas<\/h2>\n<p>Neraugoties uz m\u016bsu centieniem nodro\u0161in\u0101t P\u0101rredzam\u012bbas centra pieejam\u012bbu, var b\u016bt da\u017ei ierobe\u017eojumi. T\u0101l\u0101k ir aprakst\u012bti zin\u0101mie ierobe\u017eojumi un iesp\u0113jamie risin\u0101jumi. L\u016bdzu, sazinieties ar mums, ja nov\u0113rojat probl\u0113mu, kas nav min\u0113ta turpm\u0101k.<\/p>\n<p>P\u0101rredzam\u012bbas centra zin\u0101mie ierobe\u017eojumi:<\/p>\n<ol class=\"technical-information accessibility-limitations\">\n<li>Autom\u0101tiski \u0123ener\u0113tie PDF faili no zi\u0146ojumiem var neb\u016bt piln\u012bb\u0101 atbilsto\u0161i pras\u012bb\u0101m.<\/li>\n<li>Iesp\u0113jams, ka no parakst\u012bt\u0101jiem aug\u0161upiel\u0101d\u0113tie PDF faili nav piln\u012bb\u0101 atbilsto\u0161i pras\u012bb\u0101m.<\/li>\n<\/ol>\n<h2>Atsauksmes<\/h2>\n<p>Gaid\u0101m j\u016bsu atsauksmes par p\u0101rredzam\u012bbas centra pieejam\u012bbu. L\u016bdzu, inform\u0113jiet m\u016bs, ja sastopaties ar pieejam\u012bbas \u0161\u0137\u0113r\u0161\u013ciem P\u0101rredzam\u012bbas centr\u0101:<\/p>\n<p>E-pasts: contact@disinfocode.vost.pt<\/p>\n<\/div>\n      \n          <\/div>\n\n  <\/div>\n<\/section>\n\n<p><\/p>\n","protected":false},"excerpt":{"rendered":"","protected":false},"author":93,"featured_media":0,"parent":0,"menu_order":0,"comment_status":"closed","ping_status":"closed","template":"","meta":{"_acf_changed":false,"footnotes":""},"class_list":["post-2639","page","type-page","status-publish","hentry"],"acf":[],"yoast_head":"<!-- This site is optimized with the Yoast SEO plugin v24.5 - https:\/\/yoast.com\/wordpress\/plugins\/seo\/ -->\n<title>Pazi\u0146ojums par pieejam\u012bbu - Transparency Centre<\/title>\n<meta name=\"robots\" content=\"index, follow, max-snippet:-1, max-image-preview:large, max-video-preview:-1\" \/>\n<link rel=\"canonical\" href=\"https:\/\/test2.disinfocode.eu\/lv\/pieejamibas-pazinojums\/\" \/>\n<meta property=\"og:locale\" content=\"lv_LV\" \/>\n<meta property=\"og:type\" content=\"article\" \/>\n<meta property=\"og:title\" content=\"Pazi\u0146ojums par pieejam\u012bbu - Transparency Centre\" \/>\n<meta property=\"og:url\" content=\"https:\/\/test2.disinfocode.eu\/lv\/pieejamibas-pazinojums\/\" \/>\n<meta property=\"og:site_name\" content=\"Transparency Centre\" \/>\n<meta property=\"article:modified_time\" content=\"2023-02-20T12:58:32+00:00\" \/>\n<meta name=\"twitter:card\" content=\"summary_large_image\" \/>\n<script type=\"application\/ld+json\" class=\"yoast-schema-graph\">{\"@context\":\"https:\/\/schema.org\",\"@graph\":[{\"@type\":\"WebPage\",\"@id\":\"https:\/\/test2.disinfocode.eu\/lv\/pieejamibas-pazinojums\/\",\"url\":\"https:\/\/test2.disinfocode.eu\/lv\/pieejamibas-pazinojums\/\",\"name\":\"Pazi\u0146ojums par pieejam\u012bbu - Transparency Centre\",\"isPartOf\":{\"@id\":\"https:\/\/disinfocode.eu\/#website\"},\"datePublished\":\"2023-01-20T09:04:00+00:00\",\"dateModified\":\"2023-02-20T12:58:32+00:00\",\"inLanguage\":\"lv-LV\",\"potentialAction\":[{\"@type\":\"ReadAction\",\"target\":[\"https:\/\/test2.disinfocode.eu\/lv\/pieejamibas-pazinojums\/\"]}]},{\"@type\":\"WebSite\",\"@id\":\"https:\/\/disinfocode.eu\/#website\",\"url\":\"https:\/\/disinfocode.eu\/\",\"name\":\"Transparency Centre\",\"description\":\"Discover the Code of Practice on Disinformation\",\"potentialAction\":[{\"@type\":\"SearchAction\",\"target\":{\"@type\":\"EntryPoint\",\"urlTemplate\":\"https:\/\/disinfocode.eu\/?s={search_term_string}\"},\"query-input\":{\"@type\":\"PropertyValueSpecification\",\"valueRequired\":true,\"valueName\":\"search_term_string\"}}],\"inLanguage\":\"lv-LV\"}]}<\/script>\n<!-- \/ Yoast SEO plugin. -->","yoast_head_json":{"title":"Pazi\u0146ojums par pieejam\u012bbu - Transparency Centre","robots":{"index":"index","follow":"follow","max-snippet":"max-snippet:-1","max-image-preview":"max-image-preview:large","max-video-preview":"max-video-preview:-1"},"canonical":"https:\/\/test2.disinfocode.eu\/lv\/pieejamibas-pazinojums\/","og_locale":"lv_LV","og_type":"article","og_title":"Pazi\u0146ojums par pieejam\u012bbu - Transparency Centre","og_url":"https:\/\/test2.disinfocode.eu\/lv\/pieejamibas-pazinojums\/","og_site_name":"Transparency Centre","article_modified_time":"2023-02-20T12:58:32+00:00","twitter_card":"summary_large_image","schema":{"@context":"https:\/\/schema.org","@graph":[{"@type":"WebPage","@id":"https:\/\/test2.disinfocode.eu\/lv\/pieejamibas-pazinojums\/","url":"https:\/\/test2.disinfocode.eu\/lv\/pieejamibas-pazinojums\/","name":"Pazi\u0146ojums par pieejam\u012bbu - Transparency Centre","isPartOf":{"@id":"https:\/\/disinfocode.eu\/#website"},"datePublished":"2023-01-20T09:04:00+00:00","dateModified":"2023-02-20T12:58:32+00:00","inLanguage":"lv-LV","potentialAction":[{"@type":"ReadAction","target":["https:\/\/test2.disinfocode.eu\/lv\/pieejamibas-pazinojums\/"]}]},{"@type":"WebSite","@id":"https:\/\/disinfocode.eu\/#website","url":"https:\/\/disinfocode.eu\/","name":"Transparency Centre","description":"Discover the Code of Practice on Disinformation","potentialAction":[{"@type":"SearchAction","target":{"@type":"EntryPoint","urlTemplate":"https:\/\/disinfocode.eu\/?s={search_term_string}"},"query-input":{"@type":"PropertyValueSpecification","valueRequired":true,"valueName":"search_term_string"}}],"inLanguage":"lv-LV"}]}},"_links":{"self":[{"href":"https:\/\/test2.disinfocode.eu\/lv\/wp-json\/wp\/v2\/pages\/2639","targetHints":{"allow":["GET"]}}],"collection":[{"href":"https:\/\/test2.disinfocode.eu\/lv\/wp-json\/wp\/v2\/pages"}],"about":[{"href":"https:\/\/test2.disinfocode.eu\/lv\/wp-json\/wp\/v2\/types\/page"}],"author":[{"embeddable":true,"href":"https:\/\/test2.disinfocode.eu\/lv\/wp-json\/wp\/v2\/users\/93"}],"replies":[{"embeddable":true,"href":"https:\/\/test2.disinfocode.eu\/lv\/wp-json\/wp\/v2\/comments?post=2639"}],"version-history":[{"count":2,"href":"https:\/\/test2.disinfocode.eu\/lv\/wp-json\/wp\/v2\/pages\/2639\/revisions"}],"predecessor-version":[{"id":2753,"href":"https:\/\/test2.disinfocode.eu\/lv\/wp-json\/wp\/v2\/pages\/2639\/revisions\/2753"}],"wp:attachment":[{"href":"https:\/\/test2.disinfocode.eu\/lv\/wp-json\/wp\/v2\/media?parent=2639"}],"curies":[{"name":"wp","href":"https:\/\/api.w.org\/{rel}","templated":true}]}}