{"id":2686,"date":"2023-01-23T14:17:37","date_gmt":"2023-01-23T14:17:37","guid":{"rendered":"https:\/\/wp-dev.space\/zn\/transparency-center\/master\/slapukai\/"},"modified":"2023-02-09T03:18:46","modified_gmt":"2023-02-09T03:18:46","slug":"slapukai","status":"publish","type":"page","link":"https:\/\/test2.disinfocode.eu\/lt\/slapukai\/","title":{"rendered":"Slapukai"},"content":{"rendered":"<section class=\"title-block title-block-m gutenberg-block  indigo-800\" >\n  <div class=\"sk-container sk-container--fl\">\n\n    <div class=\"title-block-content sk-container\">\n\n      \n            <h1 class=\"title-block-title\">Slapukai<\/h1>\n    <\/div>\n\n  <\/div>\n<\/section>\n<section data-aos=\"fade-up\" data-aos-duration=\"1500\" class=\"text-block text-block-m gutenberg-block \" >\n  <div class=\"sk-container sk-container--fl\">\n\n    <div class=\"text-block-content sk-container\">\n\n              <div class=\"text-block-text\"><p>Naudojame slapukus ir pana\u0161ias sekimo technologijas, kad gal\u0117tume steb\u0117ti veikl\u0105 savo svetain\u0117se ir saugoti tam tikr\u0105 informacij\u0105.<\/p>\n<p>Slapukai yra failai su nedideliu kiekiu duomen\u0173, tarp kuri\u0173 gali b\u016bti anoniminis unikalus identifikatorius. Slapukai siun\u010diami \u012f j\u016bs\u0173 nar\u0161ykl\u0119 i\u0161 svetain\u0117s ir i\u0161saugomi j\u016bs\u0173 \u012frenginyje. Taip pat naudojamos sekimo technologijos &#8211; tai \u0161vytur\u0117liai, \u017eymos ir scenarijai, skirti informacijai rinkti ir sekti bei m\u016bs\u0173 teikiamoms paslaugoms gerinti ir analizuoti.<\/p>\n<p>Galite nurodyti nar\u0161yklei atsisakyti vis\u0173 slapuk\u0173 arba nurodyti, kada slapukas siun\u010diamas. Ta\u010diau, jei nesutinkate su slapukais, gali b\u016bti, kad negal\u0117site naudotis kai kuriomis m\u016bs\u0173 svetaini\u0173 dalimis.<\/p>\n<p>\u0160ioje svetain\u0117je naudojami \u0161ie slapukai:<\/p>\n<p><strong><div id=\"cmplz-cookies-overview\"><\/div><\/strong><\/p>\n<div><\/div>\n<\/div>\n      \n          <\/div>\n\n  <\/div>\n<\/section>\n","protected":false},"excerpt":{"rendered":"","protected":false},"author":93,"featured_media":0,"parent":0,"menu_order":0,"comment_status":"closed","ping_status":"closed","template":"","meta":{"_acf_changed":false,"footnotes":""},"class_list":["post-2686","page","type-page","status-publish","hentry"],"acf":[],"yoast_head":"<!-- This site is optimized with the Yoast SEO plugin v24.5 - https:\/\/yoast.com\/wordpress\/plugins\/seo\/ -->\n<title>Slapukai - Transparency Centre<\/title>\n<meta name=\"robots\" content=\"index, follow, max-snippet:-1, max-image-preview:large, max-video-preview:-1\" \/>\n<link rel=\"canonical\" href=\"https:\/\/test2.disinfocode.eu\/lt\/slapukai\/\" \/>\n<meta property=\"og:locale\" content=\"lt_LT\" \/>\n<meta property=\"og:type\" content=\"article\" \/>\n<meta property=\"og:title\" content=\"Slapukai - Transparency Centre\" \/>\n<meta property=\"og:url\" content=\"https:\/\/test2.disinfocode.eu\/lt\/slapukai\/\" \/>\n<meta property=\"og:site_name\" content=\"Transparency Centre\" \/>\n<meta property=\"article:modified_time\" content=\"2023-02-09T03:18:46+00:00\" \/>\n<meta name=\"twitter:card\" content=\"summary_large_image\" \/>\n<script type=\"application\/ld+json\" class=\"yoast-schema-graph\">{\"@context\":\"https:\/\/schema.org\",\"@graph\":[{\"@type\":\"WebPage\",\"@id\":\"https:\/\/test2.disinfocode.eu\/lt\/slapukai\/\",\"url\":\"https:\/\/test2.disinfocode.eu\/lt\/slapukai\/\",\"name\":\"Slapukai - Transparency Centre\",\"isPartOf\":{\"@id\":\"https:\/\/disinfocode.eu\/#website\"},\"datePublished\":\"2023-01-23T14:17:37+00:00\",\"dateModified\":\"2023-02-09T03:18:46+00:00\",\"inLanguage\":\"lt-LT\",\"potentialAction\":[{\"@type\":\"ReadAction\",\"target\":[\"https:\/\/test2.disinfocode.eu\/lt\/slapukai\/\"]}]},{\"@type\":\"WebSite\",\"@id\":\"https:\/\/disinfocode.eu\/#website\",\"url\":\"https:\/\/disinfocode.eu\/\",\"name\":\"Transparency Centre\",\"description\":\"Discover the Code of Practice on Disinformation\",\"potentialAction\":[{\"@type\":\"SearchAction\",\"target\":{\"@type\":\"EntryPoint\",\"urlTemplate\":\"https:\/\/disinfocode.eu\/?s={search_term_string}\"},\"query-input\":{\"@type\":\"PropertyValueSpecification\",\"valueRequired\":true,\"valueName\":\"search_term_string\"}}],\"inLanguage\":\"lt-LT\"}]}<\/script>\n<!-- \/ Yoast SEO plugin. -->","yoast_head_json":{"title":"Slapukai - Transparency Centre","robots":{"index":"index","follow":"follow","max-snippet":"max-snippet:-1","max-image-preview":"max-image-preview:large","max-video-preview":"max-video-preview:-1"},"canonical":"https:\/\/test2.disinfocode.eu\/lt\/slapukai\/","og_locale":"lt_LT","og_type":"article","og_title":"Slapukai - Transparency Centre","og_url":"https:\/\/test2.disinfocode.eu\/lt\/slapukai\/","og_site_name":"Transparency Centre","article_modified_time":"2023-02-09T03:18:46+00:00","twitter_card":"summary_large_image","schema":{"@context":"https:\/\/schema.org","@graph":[{"@type":"WebPage","@id":"https:\/\/test2.disinfocode.eu\/lt\/slapukai\/","url":"https:\/\/test2.disinfocode.eu\/lt\/slapukai\/","name":"Slapukai - Transparency Centre","isPartOf":{"@id":"https:\/\/disinfocode.eu\/#website"},"datePublished":"2023-01-23T14:17:37+00:00","dateModified":"2023-02-09T03:18:46+00:00","inLanguage":"lt-LT","potentialAction":[{"@type":"ReadAction","target":["https:\/\/test2.disinfocode.eu\/lt\/slapukai\/"]}]},{"@type":"WebSite","@id":"https:\/\/disinfocode.eu\/#website","url":"https:\/\/disinfocode.eu\/","name":"Transparency Centre","description":"Discover the Code of Practice on Disinformation","potentialAction":[{"@type":"SearchAction","target":{"@type":"EntryPoint","urlTemplate":"https:\/\/disinfocode.eu\/?s={search_term_string}"},"query-input":{"@type":"PropertyValueSpecification","valueRequired":true,"valueName":"search_term_string"}}],"inLanguage":"lt-LT"}]}},"_links":{"self":[{"href":"https:\/\/test2.disinfocode.eu\/lt\/wp-json\/wp\/v2\/pages\/2686","targetHints":{"allow":["GET"]}}],"collection":[{"href":"https:\/\/test2.disinfocode.eu\/lt\/wp-json\/wp\/v2\/pages"}],"about":[{"href":"https:\/\/test2.disinfocode.eu\/lt\/wp-json\/wp\/v2\/types\/page"}],"author":[{"embeddable":true,"href":"https:\/\/test2.disinfocode.eu\/lt\/wp-json\/wp\/v2\/users\/93"}],"replies":[{"embeddable":true,"href":"https:\/\/test2.disinfocode.eu\/lt\/wp-json\/wp\/v2\/comments?post=2686"}],"version-history":[{"count":0,"href":"https:\/\/test2.disinfocode.eu\/lt\/wp-json\/wp\/v2\/pages\/2686\/revisions"}],"wp:attachment":[{"href":"https:\/\/test2.disinfocode.eu\/lt\/wp-json\/wp\/v2\/media?parent=2686"}],"curies":[{"name":"wp","href":"https:\/\/api.w.org\/{rel}","templated":true}]}}