{"id":2663,"date":"2022-12-30T10:42:38","date_gmt":"2022-12-30T09:42:38","guid":{"rendered":"https:\/\/wp-dev.space\/zn\/transparency-center\/master\/privatumas\/"},"modified":"2023-03-27T18:35:10","modified_gmt":"2023-03-27T18:35:10","slug":"privatumo-politika","status":"publish","type":"page","link":"https:\/\/test2.disinfocode.eu\/lt\/privatumo-politika\/","title":{"rendered":"Privatumas"},"content":{"rendered":"<section class=\"title-block title-block-m gutenberg-block  indigo-800\" >\n  <div class=\"sk-container sk-container--fl\">\n\n    <div class=\"title-block-content sk-container\">\n\n      \n            <h1 class=\"title-block-title\">Privatumas<\/h1>\n    <\/div>\n\n  <\/div>\n<\/section>\n<section data-aos=\"fade-up\" data-aos-duration=\"1500\" class=\"text-block text-block-m gutenberg-block \" >\n  <div class=\"sk-container sk-container--fl\">\n\n    <div class=\"text-block-content sk-container\">\n\n              <div class=\"text-block-text\"><p><strong>\u012esigaliojimo data: 2023 m. vasario 9 d.<\/strong><\/p>\n<p>&#8222;Skaidrumo centras&#8221; (toliau &#8211; mes, &#8222;mus&#8221;, &#8222;m\u016bs\u0173&#8221; arba &#8222;Organizacija&#8221;) yra \u012fsipareigoj\u0119s saugoti m\u016bs\u0173 svetain\u0117se besilankan\u010di\u0173 asmen\u0173 privatum\u0105. Esame \u012fsipareigoj\u0119 saugoti juridini\u0173 asmen\u0173 privatum\u0105 tik tuo atveju, jei tai gali b\u016bti taikoma pagal galiojan\u010dius \u012fstatymus. \u0160is privatumo parei\u0161kimas skirtas informuoti apie m\u016bs\u0173 politik\u0105, susijusi\u0105 su asmens duomen\u0173 rinkimu, naudojimu ir atskleidimu, kai nar\u0161ote m\u016bs\u0173 svetain\u0117se, ir apie pasirinkimus, susijusius su \u0161iais duomenimis.<\/p>\n<p>Naudodamiesi m\u016bs\u0173 svetaine sutinkate, kad informacija b\u016bt\u0173 renkama ir naudojama pagal \u0161i\u0105 politik\u0105.<\/p>\n<p>Jei turite klausim\u0173 ar skund\u0173 d\u0117l Organizacijos privatumo praktikos, susisiekite su mumis \u0161iuo el. pa\u0161tu.<\/p>\n<p>\u0160is privatumo parei\u0161kimas taikomas \u0161iai svetainei: https:\/\/test2.disinfocode.eu\/<\/p>\n<h2>K\u0105 renkame?<\/h2>\n<p>\u012evairiais tikslais (i\u0161vardytais toliau) renkame toliau nurodytus informacijos tipus, kad gal\u0117tume teikti ir tobulinti jums teikiamas paslaugas:<\/p>\n<ul>\n<li>Asmens duomenys<\/li>\n<li>Naudojimo duomenys<\/li>\n<li>Duomenys apie buvimo viet\u0105<\/li>\n<li>Sekimo slapukai Duomenys<\/li>\n<\/ul>\n<h3>Asmens duomenys<\/h3>\n<p>Kai kreipiat\u0117s \u012f mus d\u0117l informacijos apie m\u016bs\u0173 paslaugas gavimo, registruojat\u0117s \u012f m\u016bs\u0173 renginius arba kreipiat\u0117s d\u0117l darbo pas mus, &#8222;Transparency Centre&#8221; reikalauja, kad pateiktum\u0117te asmenin\u0119 kontaktin\u0119 informacij\u0105, kuri gali b\u016bti naudojama susisiekti su jumis arba nustatyti j\u016bs\u0173 tapatyb\u0119. Asmen\u012f identifikuojanti informacija gali apimti, bet neapsiriboti:<\/p>\n<ul>\n<li>Vardas ir pavard\u0117<\/li>\n<li>El. pa\u0161to adresas<\/li>\n<\/ul>\n<h3>Naudojimo duomenys<\/h3>\n<p>Taip pat galime rinkti informacij\u0105 apie tai, kaip pasiekiama ir naudojama paslauga (&#8222;Naudojimo duomenys&#8221;). \u0160ie naudojimo duomenys gali apimti toki\u0105 informacij\u0105 kaip j\u016bs\u0173 kompiuterio interneto protokolo adresas (pvz., IP adresas), nar\u0161ykl\u0117s tipas, nar\u0161ykl\u0117s versija, m\u016bs\u0173 svetaini\u0173 puslapiai, kuriuose lankot\u0117s, apsilankymo laikas ir data, \u0161iuose puslapiuose praleistas laikas, unikal\u016bs \u012frenginio identifikatoriai ir kiti diagnostiniai duomenys.<\/p>\n<h3>Duomenys apie buvimo viet\u0105<\/h3>\n<p>Galime naudoti ir saugoti informacij\u0105 apie j\u016bs\u0173 buvimo viet\u0105, jei suteikiate mums leidim\u0105 tai daryti (&#8222;buvimo vietos duomenys&#8221;). \u0160iuos duomenis naudojame savo paslaug\u0173 funkcijoms teikti, si\u016blomoms paslaugoms tobulinti ir pritaikyti.<\/p>\n<p>Naudodamiesi m\u016bs\u0173 svetain\u0117mis bet kada galite \u012fjungti arba i\u0161jungti vietos nustatymo paslaugas naudodamiesi savo \u012frenginio nustatymais.<\/p>\n<h3>Sekimo slapukai Duomenys<\/h3>\n<p>Naudojame slapukus ir pana\u0161ias sekimo technologijas, kad gal\u0117tume steb\u0117ti veikl\u0105 savo svetain\u0117se ir saugoti tam tikr\u0105 informacij\u0105.<\/p>\n<p>Daugiau informacijos apie slapukus ir m\u016bs\u0173 naudojam\u0173 slapuk\u0173 pavyzd\u017eius rasite <a href=\"https:\/\/test2.disinfocode.eu\/lt\/slapukai\/\">slapuk\u0173 politikos puslapyje<\/a>.<\/p>\n<h2>Kaip naudojame j\u016bs\u0173 duomenis?<\/h2>\n<p>Surinktus duomenis &#8222;Transparency Centre&#8221; naudoja \u012fvairiais toliau apra\u0161ytais tikslais.<\/p>\n<p>&#8222;Transparency Centre&#8221; naudoja m\u016bs\u0173 (b\u016bsim\u0173) Pasira\u0161an\u010di\u0173j\u0173 asmen\u0173 asmens duomenis pra\u0161omoms paslaugoms teikti. Pavyzd\u017eiui, jei pateiksite pra\u0161ym\u0105, kad prane\u0161tum\u0117te mums apie savo nor\u0105 tapti pasira\u0161iusiuoju, j\u016bs\u0173 pateikt\u0105 informacij\u0105 naudosime si\u0173sdami jums prane\u0161imus apie tolesnius \u017eingsnius siekiant tapti pasira\u0161iusiuoju ir informacij\u0105 apie m\u016bs\u0173 grup\u0119.<\/p>\n<h2>Duomen\u0173 saugojimas<\/h2>\n<p>&#8222;Transparency Centre&#8221; saugos j\u016bs\u0173 asmens duomenis tik tiek, kiek tai bus b\u016btina \u0161ioje privatumo politikoje nurodytiems tikslams pasiekti. J\u016bs\u0173 asmens duomenis saugosime ir naudosime tiek, kiek tai b\u016btina, kad gal\u0117tume laikytis savo teisini\u0173 \u012fsipareigojim\u0173 (pavyzd\u017eiui, jei privalome saugoti j\u016bs\u0173 duomenis, kad laikytum\u0117m\u0117s galiojan\u010di\u0173 \u012fstatym\u0173), spr\u0119sti gin\u010dus ir vykdyti savo teisinius susitarimus ir politik\u0105.<\/p>\n<p>&#8222;Transparency Centre&#8221; taip pat i\u0161saugos naudojimo duomenis vidaus analiz\u0117s tikslais. Naudojimo duomenys paprastai saugomi trumpesn\u012f laik\u0105, i\u0161skyrus atvejus, kai \u0161ie duomenys naudojami m\u016bs\u0173 paslaugos saugumui stiprinti arba jos funkcionalumui gerinti arba kai esame teisi\u0161kai \u012fpareigoti saugoti \u0161iuos duomenis ilgesn\u012f laik\u0105.<\/p>\n<h3>Duomen\u0173 perdavimas<\/h3>\n<p>J\u016bs\u0173 informacija, \u012fskaitant asmens duomenis, gali b\u016bti perduodama \u012f kompiuterius, esan\u010dius u\u017e j\u016bs\u0173 valstyb\u0117s, provincijos, \u0161alies ar kitos valstybin\u0117s jurisdikcijos rib\u0173, kur duomen\u0173 apsaugos \u012fstatymai gali skirtis nuo j\u016bs\u0173 jurisdikcijos \u012fstatym\u0173.<\/p>\n<p>Atkreipkite d\u0117mes\u012f, kad duomenis, \u012fskaitant asmens duomenis, perduodame \u012f Belgij\u0105 ir ten juos tvarkome. M\u016bs\u0173 svetaini\u0173 prieglobos serveriai ir duomen\u0173 centrai yra Belgijoje.<\/p>\n<p>J\u016bs\u0173 sutikimas su \u0161ia privatumo politika ir tokios informacijos pateikimas rei\u0161kia j\u016bs\u0173 sutikim\u0105 su tokiu perdavimu.<\/p>\n<p>&#8222;Transparency Centre&#8221; imsis vis\u0173 pagr\u012fstai b\u016btin\u0173 veiksm\u0173, kad u\u017etikrint\u0173, jog j\u016bs\u0173 duomenys b\u016bt\u0173 tvarkomi saugiai ir laikantis \u0161ios privatumo politikos, ir joks j\u016bs\u0173 asmens duomen\u0173 perdavimas \u012f organizacij\u0105 ar \u0161al\u012f nebus vykdomas, jei nebus \u012fdiegtos tinkamos kontrol\u0117s priemon\u0117s, \u012fskaitant j\u016bs\u0173 duomen\u0173 ir kitos asmenin\u0117s informacijos saugum\u0105.<\/p>\n<h3>Duomen\u0173 saugumas<\/h3>\n<p>Mums svarbus j\u016bs\u0173 duomen\u0173 saugumas, ta\u010diau nepamir\u0161kite, kad joks perdavimo internetu ar elektroninio saugojimo b\u016bdas n\u0117ra 100 % saugus. Nors stengiam\u0117s naudoti komerci\u0161kai priimtinas priemones, kad apsaugotume j\u016bs\u0173 asmens duomenis, negalime garantuoti visi\u0161ko j\u0173 saugumo.<\/p>\n<p>J\u016bs sutinkate ir prisiimate su interneto naudojimu susijusi\u0105 rizik\u0105.<\/p>\n<h3>J\u016bs\u0173 teis\u0117s<\/h3>\n<p>&#8222;Transparency Centre&#8221; siekia imtis pagr\u012fst\u0173 veiksm\u0173, kad gal\u0117tum\u0117te i\u0161taisyti, pakeisti, i\u0161trinti arba apriboti savo asmens duomen\u0173 naudojim\u0105.<\/p>\n<p>Jei norite gauti informacij\u0105 apie tai, kokius asmens duomenis apie jus turime, ir jei norite, kad jie b\u016bt\u0173 pa\u0161alinti i\u0161 m\u016bs\u0173 sistem\u0173, susisiekite su mumis.<\/p>\n<p>Tam tikromis aplinkyb\u0117mis turite teis\u0119:<\/p>\n<ul>\n<li>susipa\u017einti su m\u016bs\u0173 turimais j\u016bs\u0173 asmens duomenimis ir gauti j\u0173 kopij\u0105.<\/li>\n<li>I\u0161taisyti bet kokius netikslius j\u016bs\u0173 asmens duomenis.<\/li>\n<li>pateikti skund\u0105 kompetentingai prie\u017ei\u016bros institucijai<\/li>\n<li>Pra\u0161yti i\u0161trinti turimus j\u016bs\u0173 asmens duomenis (&#8222;teis\u0117 b\u016bti pamir\u0161tam&#8221;).<\/li>\n<\/ul>\n<p>Galite tur\u0117ti teis\u0119 \u012f duomen\u0173 perkeliamum\u0105, jei tai taikytina j\u016bs\u0173 situacijai pagal galiojan\u010dius teis\u0117s aktus, kai informacij\u0105, kuri\u0105 pateikiate Skaidrumo centrui, norite perkelti.Jei privalome laikytis perk\u0117limo reikalavim\u0173, galite papra\u0161yti gauti savo asmens duomen\u0173 kopij\u0105 \u012fprastai naudojamu elektroniniu formatu, kad gal\u0117tum\u0117te juos tvarkyti ir perkelti.<\/p>\n<p>Atkreipkite d\u0117mes\u012f, kad prie\u0161 atsakydami \u012f tokius pra\u0161ymus galime papra\u0161yti patvirtinti savo tapatyb\u0119.<\/p>\n<h3>Paslaug\u0173 teik\u0117jai<\/h3>\n<p>Galime samdyti tre\u010di\u0173j\u0173 \u0161ali\u0173 \u012fmones ir asmenis, kad palengvintume m\u016bs\u0173 teikiam\u0173 paslaug\u0173 teikim\u0105 (toliau &#8211; Paslaug\u0173 teik\u0117jai), teikt\u0173 paslaugas m\u016bs\u0173 vardu, teikt\u0173 su paslaugomis susijusias paslaugas arba pad\u0117t\u0173 mums analizuoti, kaip naudojamasi m\u016bs\u0173 paslaugomis. Vis\u0173 pirma, \u0161ios svetain\u0117s prieglobai ir prie\u017ei\u016brai galime pasitelkti tre\u010di\u0173j\u0173 \u0161ali\u0173 pagalb\u0105.<\/p>\n<p>\u0160ios tre\u010diosios \u0161alys turi prieig\u0105 prie j\u016bs\u0173 asmens duomen\u0173 tik tam, kad gal\u0117t\u0173 atlikti \u0161ias u\u017eduotis m\u016bs\u0173 vardu, ir yra \u012fpareigotos j\u0173 neatskleisti ir nenaudoti jokiais kitais tikslais.<\/p>\n<p>Mes atsisakome savo atsakomyb\u0117s ir neatsakome u\u017e jokias i\u0161laidas ir (arba) \u017eal\u0105, kuri\u0105 jums gali padaryti Paslaug\u0173 teik\u0117jai.<\/p>\n<h2>Analiz\u0117<\/h2>\n<p>Galime naudotis tre\u010di\u0173j\u0173 \u0161ali\u0173 paslaug\u0173 teik\u0117j\u0173 paslaugomis, kad gal\u0117tume steb\u0117ti ir analizuoti naudojim\u0105si m\u016bs\u0173 paslaugomis.<\/p>\n<h3>&#8222;Google Analytics<\/h3>\n<p>&#8222;Google Analytics&#8221; yra &#8222;Google&#8221; si\u016bloma \u017einiatinklio analiz\u0117s paslauga, kuria stebimas svetain\u0117s srautas ir teikiamos ataskaitos. &#8222;Google&#8221; naudoja surinktus duomenis m\u016bs\u0173 Paslaugos naudojimui steb\u0117ti ir steb\u0117ti. \u0160iais duomenimis dalijamasi su kitomis &#8222;Google&#8221; paslaugomis. &#8222;Google&#8221; gali naudoti surinktus duomenis savo reklamos tinklo skelbimams kontekstualizuoti ir personalizuoti.<\/p>\n<p>Galite atsisakyti, kad j\u016bs\u0173 veikla Paslaugoje b\u016bt\u0173 prieinama &#8222;Google Analytics&#8221;, \u012fdieg\u0119 &#8222;Google Analytics&#8221; atsisakymo nar\u0161ykl\u0117s pried\u0105. \u0160is priedas neleid\u017eia &#8222;Google Analytics&#8221; JavaScript (ga.js, analytics.js ir dc.js) dalytis informacija su &#8222;Google Analytics&#8221; apie apsilankym\u0173 aktyvum\u0105.<\/p>\n<p>Daugiau informacijos apie &#8222;Google&#8221; privatumo praktik\u0105 rasite &#8222;Google&#8221; privatumo s\u0105lyg\u0173 tinklalapyje: http:\/\/www.google.com\/intl\/en\/policies\/privacy.<\/p>\n<h2>Nuorodos \u012f kitas svetaines<\/h2>\n<p>M\u016bs\u0173 paslaugoje gali b\u016bti nuorod\u0173 \u012f kitas svetaines, kuri\u0173 mes nevaldome. Jei spustel\u0117site tre\u010diosios \u0161alies nuorod\u0105, b\u016bsite nukreipti \u012f tos tre\u010diosios \u0161alies svetain\u0119. Rekomenduojame per\u017ei\u016br\u0117ti kiekvienos svetain\u0117s, kurioje lankot\u0117s, privatumo politik\u0105.<\/p>\n<p>Mes nekontroliuojame ir neprisiimame jokios atsakomyb\u0117s u\u017e tre\u010di\u0173j\u0173 \u0161ali\u0173 svetaini\u0173 ar paslaug\u0173 turin\u012f, privatumo politik\u0105 ar praktik\u0105.<\/p>\n<h2>Vaik\u0173 privatumas<\/h2>\n<p>M\u016bs\u0173 paslauga neskirta jaunesniems nei 13 met\u0173 asmenims arba jaunesnio am\u017eiaus asmenims, jei taikoma pagal konkret\u0173 \u012fstatym\u0105, bet ne jaunesniems nei 13 met\u0173 (toliau &#8211; vaikai).<\/p>\n<p>Mes s\u0105moningai nerenkame asmenin\u0117s informacijos i\u0161 jaunesni\u0173 nei 13 met\u0173 asmen\u0173. Jei esate vienas i\u0161 t\u0117v\u0173 arba glob\u0117j\u0173 ir \u017einote, kad j\u016bs\u0173 vaikas pateik\u0117 mums asmens duomenis, susisiekite su mumis. Jei su\u017einome, kad rinkome vaik\u0173 asmens duomenis nepatikrin\u0119 t\u0117v\u0173 sutikimo, imam\u0117s priemoni\u0173 pa\u0161alinti \u0161i\u0105 informacij\u0105 i\u0161 savo serveri\u0173.<\/p>\n<h2>Informacijos atskleidimas teis\u0117saugos institucijoms<\/h2>\n<p>Tam tikromis aplinkyb\u0117mis &#8222;Transparency Centre&#8221; gali tekti atskleisti j\u016bs\u0173 asmens duomenis, jei to reikalauja \u012fstatymai arba valstyb\u0117s institucijos (pvz., teismas ar vyriausybin\u0117 agent\u016bra), reaguodamos \u012f pagr\u012fstus pra\u0161ymus.<\/p>\n<h2>Teisiniai reikalavimai ir atsakomyb\u0117s ribos<\/h2>\n<p>&#8222;Transparency Centre&#8221; gali atskleisti j\u016bs\u0173 asmens duomenis s\u0105\u017einingai tik\u0117damas, kad tokie veiksmai yra b\u016btini:<\/p>\n<ul>\n<li>Nor\u0117dami \u012fvykdyti teisin\u012f \u012fsipareigojim\u0105.<\/li>\n<li>Saugoti ir ginti &#8222;Transparency Centre&#8221; teises ar nuosavyb\u0119.<\/li>\n<li>siekiant u\u017ekirsti keli\u0105 galimiems su paslauga susijusiems pa\u017eeidimams arba juos i\u0161tirti.<\/li>\n<li>siekiant apsaugoti paslaug\u0173 naudotoj\u0173 ar visuomen\u0117s asmenin\u012f saugum\u0105.<\/li>\n<li>Siekiant apsisaugoti nuo teisin\u0117s atsakomyb\u0117s<\/li>\n<\/ul>\n<h2>\u0160ios privatumo politikos pakeitimai<\/h2>\n<p>Laikas nuo laiko galime atnaujinti savo privatumo politik\u0105. Apie bet kokius pakeitimus jus informuosime paskelbdami nauj\u0105 privatumo politik\u0105 \u0161iame puslapyje.<\/p>\n<p>Patariama periodi\u0161kai per\u017ei\u016br\u0117ti \u0161i\u0105 privatumo politik\u0105, kad su\u017einotum\u0117te apie bet kokius jos pakeitimus. \u0160ios privatumo politikos pakeitimai \u012fsigalioja, kai jie paskelbiami \u0161iame puslapyje.<\/p>\n<h2>Suk\u010diavimas elektroniniu pa\u0161tu<\/h2>\n<p>Pastaraisiais metais labai padaug\u0117jo el. pa\u0161to suk\u010diavimo atvej\u0173, kibernetiniai nusikalt\u0117liai darosi vis gudresni, tod\u0117l mums reikia j\u016bs\u0173 pagalbos kovojant su jais.<\/p>\n<p>Kibernetiniai nusikalt\u0117liai pasinaudos bet kokiomis priemon\u0117mis, kad apgaule priverst\u0173 jus pasidalyti savo asmenine ir finansine informacija arba net papra\u0161yt\u0173 atlikti nepra\u0161ytus ir nusikalstamus mok\u0117jimus. Dauguma kibernetini\u0173 nusikalt\u0117li\u0173 bandys susisiekti su auk\u0161to lygio \u012fmon\u0117s atstovais ir bandys sukurti skubos jausm\u0105.<\/p>\n<p>Atminkite, kad yra daug suk\u010diavimo b\u016bd\u0173 ir net naudojant dabartines technologijas daug el. pa\u0161to suk\u010diavimo atvej\u0173 apeina bendrovi\u0173 \u012fdiegtas saugumo priemones.<\/p>\n<h3>K\u0105 daryti kilus abejoni\u0173?<\/h3>\n<p>Jei nesate tikri, ar el. lai\u0161kas yra teis\u0117tas, geriausias draugas yra j\u016bs\u0173 IRT \/ IT \/ saugumo skyrius. Jie gali pad\u0117ti i\u0161tirti el. lai\u0161ko kilm\u0119 ir teis\u0117tum\u0105.<\/p>\n<h3>Kaip prane\u0161ti apie apgaulingus el. lai\u0161kus?<\/h3>\n<p>Galite susisiekti su mumis adresu <a href=\"mailto:contact@disinfocode.vost.pt\">contact@disinfocode.vost.pt<\/a> ir prane\u0161ti apie apgauling\u0105 el. lai\u0161k\u0105 arba gauti pagalbos, kaip apsaugoti savo duomenis. Stengsim\u0117s u\u017etikrinti maksimali\u0105 apsaug\u0105.<\/p>\n<h2>Susisiekite su mumis<\/h2>\n<p>Jei turite klausim\u0173 apie \u0161i\u0105 privatumo politik\u0105, <a href=\"mailto:contact@disinfocode.vost.pt\">susisiekite su mumis \u0161iuo el. pa\u0161tu<\/a>.<\/p>\n<\/div>\n      \n          <\/div>\n\n  <\/div>\n<\/section>\n","protected":false},"excerpt":{"rendered":"","protected":false},"author":62,"featured_media":0,"parent":0,"menu_order":0,"comment_status":"closed","ping_status":"closed","template":"","meta":{"_acf_changed":false,"footnotes":""},"class_list":["post-2663","page","type-page","status-publish","hentry"],"acf":[],"yoast_head":"<!-- This site is optimized with the Yoast SEO plugin v24.5 - https:\/\/yoast.com\/wordpress\/plugins\/seo\/ -->\n<title>Privatumas - Transparency Centre<\/title>\n<meta name=\"robots\" content=\"index, follow, max-snippet:-1, max-image-preview:large, max-video-preview:-1\" \/>\n<link rel=\"canonical\" href=\"https:\/\/test2.disinfocode.eu\/lt\/privatumo-politika\/\" \/>\n<meta property=\"og:locale\" content=\"lt_LT\" \/>\n<meta property=\"og:type\" content=\"article\" \/>\n<meta property=\"og:title\" content=\"Privatumas - Transparency Centre\" \/>\n<meta property=\"og:url\" content=\"https:\/\/test2.disinfocode.eu\/lt\/privatumo-politika\/\" \/>\n<meta property=\"og:site_name\" content=\"Transparency Centre\" \/>\n<meta property=\"article:modified_time\" content=\"2023-03-27T18:35:10+00:00\" \/>\n<meta name=\"twitter:card\" content=\"summary_large_image\" \/>\n<script type=\"application\/ld+json\" class=\"yoast-schema-graph\">{\"@context\":\"https:\/\/schema.org\",\"@graph\":[{\"@type\":\"WebPage\",\"@id\":\"https:\/\/test2.disinfocode.eu\/lt\/privatumo-politika\/\",\"url\":\"https:\/\/test2.disinfocode.eu\/lt\/privatumo-politika\/\",\"name\":\"Privatumas - Transparency Centre\",\"isPartOf\":{\"@id\":\"https:\/\/disinfocode.eu\/#website\"},\"datePublished\":\"2022-12-30T09:42:38+00:00\",\"dateModified\":\"2023-03-27T18:35:10+00:00\",\"inLanguage\":\"lt-LT\",\"potentialAction\":[{\"@type\":\"ReadAction\",\"target\":[\"https:\/\/test2.disinfocode.eu\/lt\/privatumo-politika\/\"]}]},{\"@type\":\"WebSite\",\"@id\":\"https:\/\/disinfocode.eu\/#website\",\"url\":\"https:\/\/disinfocode.eu\/\",\"name\":\"Transparency Centre\",\"description\":\"Discover the Code of Practice on Disinformation\",\"potentialAction\":[{\"@type\":\"SearchAction\",\"target\":{\"@type\":\"EntryPoint\",\"urlTemplate\":\"https:\/\/disinfocode.eu\/?s={search_term_string}\"},\"query-input\":{\"@type\":\"PropertyValueSpecification\",\"valueRequired\":true,\"valueName\":\"search_term_string\"}}],\"inLanguage\":\"lt-LT\"}]}<\/script>\n<!-- \/ Yoast SEO plugin. -->","yoast_head_json":{"title":"Privatumas - Transparency Centre","robots":{"index":"index","follow":"follow","max-snippet":"max-snippet:-1","max-image-preview":"max-image-preview:large","max-video-preview":"max-video-preview:-1"},"canonical":"https:\/\/test2.disinfocode.eu\/lt\/privatumo-politika\/","og_locale":"lt_LT","og_type":"article","og_title":"Privatumas - Transparency Centre","og_url":"https:\/\/test2.disinfocode.eu\/lt\/privatumo-politika\/","og_site_name":"Transparency Centre","article_modified_time":"2023-03-27T18:35:10+00:00","twitter_card":"summary_large_image","schema":{"@context":"https:\/\/schema.org","@graph":[{"@type":"WebPage","@id":"https:\/\/test2.disinfocode.eu\/lt\/privatumo-politika\/","url":"https:\/\/test2.disinfocode.eu\/lt\/privatumo-politika\/","name":"Privatumas - Transparency Centre","isPartOf":{"@id":"https:\/\/disinfocode.eu\/#website"},"datePublished":"2022-12-30T09:42:38+00:00","dateModified":"2023-03-27T18:35:10+00:00","inLanguage":"lt-LT","potentialAction":[{"@type":"ReadAction","target":["https:\/\/test2.disinfocode.eu\/lt\/privatumo-politika\/"]}]},{"@type":"WebSite","@id":"https:\/\/disinfocode.eu\/#website","url":"https:\/\/disinfocode.eu\/","name":"Transparency Centre","description":"Discover the Code of Practice on Disinformation","potentialAction":[{"@type":"SearchAction","target":{"@type":"EntryPoint","urlTemplate":"https:\/\/disinfocode.eu\/?s={search_term_string}"},"query-input":{"@type":"PropertyValueSpecification","valueRequired":true,"valueName":"search_term_string"}}],"inLanguage":"lt-LT"}]}},"_links":{"self":[{"href":"https:\/\/test2.disinfocode.eu\/lt\/wp-json\/wp\/v2\/pages\/2663","targetHints":{"allow":["GET"]}}],"collection":[{"href":"https:\/\/test2.disinfocode.eu\/lt\/wp-json\/wp\/v2\/pages"}],"about":[{"href":"https:\/\/test2.disinfocode.eu\/lt\/wp-json\/wp\/v2\/types\/page"}],"author":[{"embeddable":true,"href":"https:\/\/test2.disinfocode.eu\/lt\/wp-json\/wp\/v2\/users\/62"}],"replies":[{"embeddable":true,"href":"https:\/\/test2.disinfocode.eu\/lt\/wp-json\/wp\/v2\/comments?post=2663"}],"version-history":[{"count":0,"href":"https:\/\/test2.disinfocode.eu\/lt\/wp-json\/wp\/v2\/pages\/2663\/revisions"}],"wp:attachment":[{"href":"https:\/\/test2.disinfocode.eu\/lt\/wp-json\/wp\/v2\/media?parent=2663"}],"curies":[{"name":"wp","href":"https:\/\/api.w.org\/{rel}","templated":true}]}}