{"id":2640,"date":"2023-01-20T11:04:00","date_gmt":"2023-01-20T09:04:00","guid":{"rendered":"https:\/\/wp-dev.space\/zn\/transparency-center\/master\/prieinamumo-pareiskimas\/"},"modified":"2023-02-20T12:58:33","modified_gmt":"2023-02-20T12:58:33","slug":"prieinamumo-pareiskimas","status":"publish","type":"page","link":"https:\/\/test2.disinfocode.eu\/lt\/prieinamumo-pareiskimas\/","title":{"rendered":"Prieinamumo parei\u0161kimas"},"content":{"rendered":"\n<p><\/p>\n<section class=\"title-block title-block-m gutenberg-block  indigo-800\" >\n  <div class=\"sk-container sk-container--fl\">\n\n    <div class=\"title-block-content sk-container\">\n\n      \n            <h1 class=\"title-block-title\">Prieinamumo parei\u0161kimas<\/h1>\n    <\/div>\n\n  <\/div>\n<\/section>\n<section data-aos=\"fade-up\" data-aos-duration=\"1500\" class=\"text-block text-block-m gutenberg-block \" >\n  <div class=\"sk-container sk-container--fl\">\n\n    <div class=\"text-block-content sk-container\">\n\n              <div class=\"text-block-text\"><p>&#8222;Transparency Centre&#8221; \u012fsipareigoja u\u017etikrinti skaitmenin\u012f prieinamum\u0105 \u017emon\u0117ms su negalia. Nuolat tobuliname naudotoj\u0173 patirt\u012f ir taikome atitinkamus prieinamumo standartus.<\/p>\n<h2>Priemon\u0117s prieinamumui palaikyti<\/h2>\n<p>Skaidrumo centras imasi \u0161i\u0173 priemoni\u0173, kad u\u017etikrint\u0173 https:\/\/test2.disinfocode.eu\/ prieinamum\u0105:<\/p>\n<ul>\n<li>Paveiksl\u0117liuose yra prasmingas alt tekstas<\/li>\n<li>Nuorodos yra vizualiai atpa\u017e\u012fstamos<\/li>\n<li>Apra\u0161om\u0173j\u0173 skyri\u0173 antra\u0161\u010di\u0173 naudojimas<\/li>\n<li>Teisingos semantin\u0117s HTML element\u0173 strukt\u016bros naudojimas<\/li>\n<li>Formos turi apra\u0161om\u0105sias etiketes<\/li>\n<li>Informacija nepriklauso nuo spalvos, garso, formos, dyd\u017eio ar regimosios vietos.<\/li>\n<li>Teksto ir fono spalvos yra pakankamai kontrastingos<\/li>\n<li>Turinys tinkamai kei\u010diamas, kai jis priartinamas ir (arba) padidinamas<\/li>\n<li>Apra\u0161omosios antra\u0161t\u0117s \u017eymos naudojimas<\/li>\n<li>Palaikykite navigacij\u0105 klaviat\u016bra<\/li>\n<li>Klaviat\u016bros naudotojams matomos fokusavimo b\u016bsenos<\/li>\n<li>Teisingi HTML5 \u012fvesties tipai<\/li>\n<li>Svetain\u0117 netik\u0117tai nenutr\u016bksta<\/li>\n<li>Daugialyp\u0117 terp\u0117 gali b\u016bti vartojama alternatyviais b\u016bdais<\/li>\n<li>HTML atributo &#8222;lang&#8221; naudojimas<\/li>\n<li>Suprantam\u0173 \u012fvesties etike\u010di\u0173 naudojimas<\/li>\n<li>Formos turi naudingus ir prieinamus klaid\u0173 ir patikros prane\u0161imus.<\/li>\n<li>Nuorodos yra apra\u0161omojo pob\u016bd\u017eio ir nurodo tiksl\u0105<\/li>\n<li>Puslapiai suprantami be \u012fjungt\u0173 stili\u0173<\/li>\n<li>HTML yra teisingas ir be klaid\u0173<\/li>\n<li>Atsisiun\u010diami CSV failai ir JSON failai yra neapdoroti duomen\u0173 rinkiniai<\/li>\n<\/ul>\n<h2>Atitikties statusas<\/h2>\n<p>\u017diniatinklio turinio prieinamumo gair\u0117se (WCAG) apibr\u0117\u017eiami reikalavimai dizaineriams ir k\u016br\u0117jams, kuriais siekiama pagerinti prieinamum\u0105 \u017emon\u0117ms su negalia. Jame apibr\u0117\u017eti trys atitikties lygiai: A lygis, AA lygis ir AAA lygis. Skaidrumo centras i\u0161 dalies atitinka WCAG 2.1 AA lyg\u012f. I\u0161 dalies atitinka rei\u0161kia, kad kai kurios turinio dalys nevisi\u0161kai atitinka prieinamumo standart\u0105.<\/p>\n<h3>Papildomi prieinamumo aspektai<\/h3>\n<p class=\"basic-information conformance-additions\">Nors m\u016bs\u0173 tikslas yra WCAG 2.1 AA lygio atitiktis, taip pat taik\u0117me kai kuriuos AAA lygio s\u0117km\u0117s kriterijus:<\/p>\n<ul>\n<li>Nenaudojame teksto vaizd\u0173.<\/li>\n<li>Visos funkcijos be joki\u0173 i\u0161im\u010di\u0173 pasiekiamos klaviat\u016bra.<\/li>\n<li>Svetain\u0117je n\u0117ra joki\u0173 laiko apribojim\u0173.<\/li>\n<li>Joks turinys nemirksi da\u017eniau nei tris kartus per sekund\u0119.<\/li>\n<li>Informuojame naudotojus, kur jie dabar yra svetain\u0117je.<\/li>\n<li>Kiekvienos nuorodos paskirtis ai\u0161ki i\u0161 jos teksto.<\/li>\n<li>Organizuotas turinys su antra\u0161t\u0117mis.<\/li>\n<\/ul>\n<h2>Technin\u0117s specifikacijos<\/h2>\n<p>&#8222;Transparency Centre&#8221; prieinamumas priklauso nuo toliau nurodyt\u0173 technologij\u0173, kurios veikia su tam tikru interneto nar\u0161ykl\u0117s ir bet koki\u0173 j\u016bs\u0173 kompiuteryje \u012fdiegt\u0173 pagalbini\u0173 technologij\u0173 ar \u012fskiepi\u0173 deriniu:<\/p>\n<ul class=\"technical-information technologies-used\">\n<li>HTML<\/li>\n<li>WAI-ARIA<\/li>\n<li>CSS<\/li>\n<li>JavaScript<\/li>\n<li>PHP<\/li>\n<\/ul>\n<p>\u0160iomis technologijomis remiamasi siekiant u\u017etikrinti atitikt\u012f naudojamiems prieinamumo standartams.<\/p>\n<h2>Apribojimai ir alternatyvos<\/h2>\n<p>Nepaisant vis\u0173 m\u016bs\u0173 pastang\u0173 u\u017etikrinti &#8222;Transparency Centre&#8221; prieinamum\u0105, gali b\u016bti tam tikr\u0173 apribojim\u0173. Toliau apra\u0161omi \u017einomi apribojimai ir galimi sprendimai. Jei pasteb\u0117jote toliau nenurodyt\u0105 problem\u0105, susisiekite su mumis.<\/p>\n<p>\u017dinomi &#8222;Transparency Centre&#8221; apribojimai:<\/p>\n<ol class=\"technical-information accessibility-limitations\">\n<li>Automati\u0161kai i\u0161 ataskait\u0173 sugeneruoti PDF failai gali b\u016bti ne visi\u0161kai atitinkantys reikalavimus<\/li>\n<li>Pasira\u0161iusi\u0173j\u0173 \u0161ali\u0173 \u012fkelti PDF failai gali nevisi\u0161kai atitikti reikalavimus<\/li>\n<\/ol>\n<h2>Atsiliepimai<\/h2>\n<p>Laukiame j\u016bs\u0173 atsiliepim\u0173 apie &#8222;Transparency Centre&#8221; prieinamum\u0105. Prane\u0161kite mums, jei susid\u016br\u0117te su prieinamumo kli\u016btimis &#8222;Transparency Centre&#8221;:<\/p>\n<p>El. pa\u0161tas: contact@disinfocode.vost.pt<\/p>\n<\/div>\n      \n          <\/div>\n\n  <\/div>\n<\/section>\n\n<p><\/p>\n","protected":false},"excerpt":{"rendered":"","protected":false},"author":93,"featured_media":0,"parent":0,"menu_order":0,"comment_status":"closed","ping_status":"closed","template":"","meta":{"_acf_changed":false,"footnotes":""},"class_list":["post-2640","page","type-page","status-publish","hentry"],"acf":[],"yoast_head":"<!-- This site is optimized with the Yoast SEO plugin v24.5 - https:\/\/yoast.com\/wordpress\/plugins\/seo\/ -->\n<title>Prieinamumo parei\u0161kimas - Transparency Centre<\/title>\n<meta name=\"robots\" content=\"index, follow, max-snippet:-1, max-image-preview:large, max-video-preview:-1\" \/>\n<link rel=\"canonical\" href=\"https:\/\/test2.disinfocode.eu\/lt\/prieinamumo-pareiskimas\/\" \/>\n<meta property=\"og:locale\" content=\"lt_LT\" \/>\n<meta property=\"og:type\" content=\"article\" \/>\n<meta property=\"og:title\" content=\"Prieinamumo parei\u0161kimas - Transparency Centre\" \/>\n<meta property=\"og:url\" content=\"https:\/\/test2.disinfocode.eu\/lt\/prieinamumo-pareiskimas\/\" \/>\n<meta property=\"og:site_name\" content=\"Transparency Centre\" \/>\n<meta property=\"article:modified_time\" content=\"2023-02-20T12:58:33+00:00\" \/>\n<meta name=\"twitter:card\" content=\"summary_large_image\" \/>\n<script type=\"application\/ld+json\" class=\"yoast-schema-graph\">{\"@context\":\"https:\/\/schema.org\",\"@graph\":[{\"@type\":\"WebPage\",\"@id\":\"https:\/\/test2.disinfocode.eu\/lt\/prieinamumo-pareiskimas\/\",\"url\":\"https:\/\/test2.disinfocode.eu\/lt\/prieinamumo-pareiskimas\/\",\"name\":\"Prieinamumo parei\u0161kimas - Transparency Centre\",\"isPartOf\":{\"@id\":\"https:\/\/disinfocode.eu\/#website\"},\"datePublished\":\"2023-01-20T09:04:00+00:00\",\"dateModified\":\"2023-02-20T12:58:33+00:00\",\"inLanguage\":\"lt-LT\",\"potentialAction\":[{\"@type\":\"ReadAction\",\"target\":[\"https:\/\/test2.disinfocode.eu\/lt\/prieinamumo-pareiskimas\/\"]}]},{\"@type\":\"WebSite\",\"@id\":\"https:\/\/disinfocode.eu\/#website\",\"url\":\"https:\/\/disinfocode.eu\/\",\"name\":\"Transparency Centre\",\"description\":\"Discover the Code of Practice on Disinformation\",\"potentialAction\":[{\"@type\":\"SearchAction\",\"target\":{\"@type\":\"EntryPoint\",\"urlTemplate\":\"https:\/\/disinfocode.eu\/?s={search_term_string}\"},\"query-input\":{\"@type\":\"PropertyValueSpecification\",\"valueRequired\":true,\"valueName\":\"search_term_string\"}}],\"inLanguage\":\"lt-LT\"}]}<\/script>\n<!-- \/ Yoast SEO plugin. -->","yoast_head_json":{"title":"Prieinamumo parei\u0161kimas - Transparency Centre","robots":{"index":"index","follow":"follow","max-snippet":"max-snippet:-1","max-image-preview":"max-image-preview:large","max-video-preview":"max-video-preview:-1"},"canonical":"https:\/\/test2.disinfocode.eu\/lt\/prieinamumo-pareiskimas\/","og_locale":"lt_LT","og_type":"article","og_title":"Prieinamumo parei\u0161kimas - Transparency Centre","og_url":"https:\/\/test2.disinfocode.eu\/lt\/prieinamumo-pareiskimas\/","og_site_name":"Transparency Centre","article_modified_time":"2023-02-20T12:58:33+00:00","twitter_card":"summary_large_image","schema":{"@context":"https:\/\/schema.org","@graph":[{"@type":"WebPage","@id":"https:\/\/test2.disinfocode.eu\/lt\/prieinamumo-pareiskimas\/","url":"https:\/\/test2.disinfocode.eu\/lt\/prieinamumo-pareiskimas\/","name":"Prieinamumo parei\u0161kimas - Transparency Centre","isPartOf":{"@id":"https:\/\/disinfocode.eu\/#website"},"datePublished":"2023-01-20T09:04:00+00:00","dateModified":"2023-02-20T12:58:33+00:00","inLanguage":"lt-LT","potentialAction":[{"@type":"ReadAction","target":["https:\/\/test2.disinfocode.eu\/lt\/prieinamumo-pareiskimas\/"]}]},{"@type":"WebSite","@id":"https:\/\/disinfocode.eu\/#website","url":"https:\/\/disinfocode.eu\/","name":"Transparency Centre","description":"Discover the Code of Practice on Disinformation","potentialAction":[{"@type":"SearchAction","target":{"@type":"EntryPoint","urlTemplate":"https:\/\/disinfocode.eu\/?s={search_term_string}"},"query-input":{"@type":"PropertyValueSpecification","valueRequired":true,"valueName":"search_term_string"}}],"inLanguage":"lt-LT"}]}},"_links":{"self":[{"href":"https:\/\/test2.disinfocode.eu\/lt\/wp-json\/wp\/v2\/pages\/2640","targetHints":{"allow":["GET"]}}],"collection":[{"href":"https:\/\/test2.disinfocode.eu\/lt\/wp-json\/wp\/v2\/pages"}],"about":[{"href":"https:\/\/test2.disinfocode.eu\/lt\/wp-json\/wp\/v2\/types\/page"}],"author":[{"embeddable":true,"href":"https:\/\/test2.disinfocode.eu\/lt\/wp-json\/wp\/v2\/users\/93"}],"replies":[{"embeddable":true,"href":"https:\/\/test2.disinfocode.eu\/lt\/wp-json\/wp\/v2\/comments?post=2640"}],"version-history":[{"count":2,"href":"https:\/\/test2.disinfocode.eu\/lt\/wp-json\/wp\/v2\/pages\/2640\/revisions"}],"predecessor-version":[{"id":2751,"href":"https:\/\/test2.disinfocode.eu\/lt\/wp-json\/wp\/v2\/pages\/2640\/revisions\/2751"}],"wp:attachment":[{"href":"https:\/\/test2.disinfocode.eu\/lt\/wp-json\/wp\/v2\/media?parent=2640"}],"curies":[{"name":"wp","href":"https:\/\/api.w.org\/{rel}","templated":true}]}}