{"id":2529,"date":"2023-01-25T11:41:28","date_gmt":"2023-01-25T10:41:28","guid":{"rendered":"https:\/\/wp-dev.space\/zn\/transparency-center\/master\/strukturiniai-rodikliai\/"},"modified":"2023-02-20T01:26:44","modified_gmt":"2023-02-20T01:26:44","slug":"strukturiniai-rodikliai","status":"publish","type":"page","link":"https:\/\/test2.disinfocode.eu\/lt\/strukturiniai-rodikliai\/","title":{"rendered":"Strukt\u016briniai rodikliai"},"content":{"rendered":"<section class=\"title-block title-block-m gutenberg-block  indigo-800\" >\n  <div class=\"sk-container sk-container--fl\">\n\n    <div class=\"title-block-content sk-container\">\n\n      \n            <h1 class=\"title-block-title\">Strukt\u016briniai rodikliai<\/h1>\n    <\/div>\n\n  <\/div>\n<\/section>\n\n\n<section data-aos=\"fade-up\" data-aos-duration=\"1500\" class=\"text-block text-block-m gutenberg-block \" >\n  <div class=\"sk-container sk-container--fl\">\n\n    <div class=\"text-block-content sk-container\">\n\n              <div class=\"text-block-text\"><p style=\"text-align: center;\">Pagal kodekso 41 \u012fsipareigojim\u0105 pasira\u0161iusiosios \u0161alys \u012fsipareigoja darbo grup\u0117je parengti strukt\u016brinius rodiklius, kuri\u0173 paskirtis \u2013 \u012fvertinti kodekso veiksmingum\u0105 ma\u017einant internetin\u0117s dezinformacijos plitim\u0105 kiekvienai atitinkamai pasira\u0161iusiajai \u0161aliai ir visai internetinei ekosistemai ES ir valstybi\u0173 nari\u0173 lygmeniu. Pasira\u0161iusiosios \u0161alys bendradarbiaus su atitinkamais subjektais, \u012fskaitant ERGA ir EDMO.<\/p>\n<p style=\"text-align: center;\">\u0160iuo tikslu 2022\u00a0m. bir\u017eelio m\u0117n., po to, kai buvo pristatytas sugrie\u017etintas kodeksas, pasira\u0161iusiosios \u0161alys \u012fsteig\u0117 darbo grup\u0117s pogrup\u012f. Pogrupis kas tris m\u0117nesius teiks darbo grupei pa\u017eangos ataskaitas ir konsultuosis su ekspertais, \u012fskaitant EDMO ir ERGA.<\/p>\n<p style=\"text-align: center;\">Pogrupis paskelbs strukt\u016brini\u0173 rodikli\u0173 matavimus pagal pirm\u0105j\u0105 i\u0161sami\u0105 pasira\u0161iusi\u0173j\u0173 \u0161ali\u0173 ataskait\u0105 ir vis\u0105 metodik\u0105, suprasdamas, kad laikui b\u0117gant juos dar gali tekti tobulinti.<\/p>\n<\/div>\n      \n          <\/div>\n\n  <\/div>\n<\/section>\n","protected":false},"excerpt":{"rendered":"","protected":false},"author":93,"featured_media":0,"parent":0,"menu_order":0,"comment_status":"closed","ping_status":"closed","template":"","meta":{"_acf_changed":false,"footnotes":""},"class_list":["post-2529","page","type-page","status-publish","hentry"],"acf":[],"yoast_head":"<!-- This site is optimized with the Yoast SEO plugin v24.5 - https:\/\/yoast.com\/wordpress\/plugins\/seo\/ -->\n<title>Strukt\u016briniai rodikliai - Transparency Centre<\/title>\n<meta name=\"robots\" content=\"index, follow, max-snippet:-1, max-image-preview:large, max-video-preview:-1\" \/>\n<link rel=\"canonical\" href=\"https:\/\/test2.disinfocode.eu\/lt\/strukturiniai-rodikliai\/\" \/>\n<meta property=\"og:locale\" content=\"lt_LT\" \/>\n<meta property=\"og:type\" content=\"article\" \/>\n<meta property=\"og:title\" content=\"Strukt\u016briniai rodikliai - Transparency Centre\" \/>\n<meta property=\"og:url\" content=\"https:\/\/test2.disinfocode.eu\/lt\/strukturiniai-rodikliai\/\" \/>\n<meta property=\"og:site_name\" content=\"Transparency Centre\" \/>\n<meta property=\"article:modified_time\" content=\"2023-02-20T01:26:44+00:00\" \/>\n<meta name=\"twitter:card\" content=\"summary_large_image\" \/>\n<script type=\"application\/ld+json\" class=\"yoast-schema-graph\">{\"@context\":\"https:\/\/schema.org\",\"@graph\":[{\"@type\":\"WebPage\",\"@id\":\"https:\/\/test2.disinfocode.eu\/lt\/strukturiniai-rodikliai\/\",\"url\":\"https:\/\/test2.disinfocode.eu\/lt\/strukturiniai-rodikliai\/\",\"name\":\"Strukt\u016briniai rodikliai - Transparency Centre\",\"isPartOf\":{\"@id\":\"https:\/\/disinfocode.eu\/#website\"},\"datePublished\":\"2023-01-25T10:41:28+00:00\",\"dateModified\":\"2023-02-20T01:26:44+00:00\",\"inLanguage\":\"lt-LT\",\"potentialAction\":[{\"@type\":\"ReadAction\",\"target\":[\"https:\/\/test2.disinfocode.eu\/lt\/strukturiniai-rodikliai\/\"]}]},{\"@type\":\"WebSite\",\"@id\":\"https:\/\/disinfocode.eu\/#website\",\"url\":\"https:\/\/disinfocode.eu\/\",\"name\":\"Transparency Centre\",\"description\":\"Discover the Code of Practice on Disinformation\",\"potentialAction\":[{\"@type\":\"SearchAction\",\"target\":{\"@type\":\"EntryPoint\",\"urlTemplate\":\"https:\/\/disinfocode.eu\/?s={search_term_string}\"},\"query-input\":{\"@type\":\"PropertyValueSpecification\",\"valueRequired\":true,\"valueName\":\"search_term_string\"}}],\"inLanguage\":\"lt-LT\"}]}<\/script>\n<!-- \/ Yoast SEO plugin. -->","yoast_head_json":{"title":"Strukt\u016briniai rodikliai - Transparency Centre","robots":{"index":"index","follow":"follow","max-snippet":"max-snippet:-1","max-image-preview":"max-image-preview:large","max-video-preview":"max-video-preview:-1"},"canonical":"https:\/\/test2.disinfocode.eu\/lt\/strukturiniai-rodikliai\/","og_locale":"lt_LT","og_type":"article","og_title":"Strukt\u016briniai rodikliai - Transparency Centre","og_url":"https:\/\/test2.disinfocode.eu\/lt\/strukturiniai-rodikliai\/","og_site_name":"Transparency Centre","article_modified_time":"2023-02-20T01:26:44+00:00","twitter_card":"summary_large_image","schema":{"@context":"https:\/\/schema.org","@graph":[{"@type":"WebPage","@id":"https:\/\/test2.disinfocode.eu\/lt\/strukturiniai-rodikliai\/","url":"https:\/\/test2.disinfocode.eu\/lt\/strukturiniai-rodikliai\/","name":"Strukt\u016briniai rodikliai - Transparency Centre","isPartOf":{"@id":"https:\/\/disinfocode.eu\/#website"},"datePublished":"2023-01-25T10:41:28+00:00","dateModified":"2023-02-20T01:26:44+00:00","inLanguage":"lt-LT","potentialAction":[{"@type":"ReadAction","target":["https:\/\/test2.disinfocode.eu\/lt\/strukturiniai-rodikliai\/"]}]},{"@type":"WebSite","@id":"https:\/\/disinfocode.eu\/#website","url":"https:\/\/disinfocode.eu\/","name":"Transparency Centre","description":"Discover the Code of Practice on Disinformation","potentialAction":[{"@type":"SearchAction","target":{"@type":"EntryPoint","urlTemplate":"https:\/\/disinfocode.eu\/?s={search_term_string}"},"query-input":{"@type":"PropertyValueSpecification","valueRequired":true,"valueName":"search_term_string"}}],"inLanguage":"lt-LT"}]}},"_links":{"self":[{"href":"https:\/\/test2.disinfocode.eu\/lt\/wp-json\/wp\/v2\/pages\/2529","targetHints":{"allow":["GET"]}}],"collection":[{"href":"https:\/\/test2.disinfocode.eu\/lt\/wp-json\/wp\/v2\/pages"}],"about":[{"href":"https:\/\/test2.disinfocode.eu\/lt\/wp-json\/wp\/v2\/types\/page"}],"author":[{"embeddable":true,"href":"https:\/\/test2.disinfocode.eu\/lt\/wp-json\/wp\/v2\/users\/93"}],"replies":[{"embeddable":true,"href":"https:\/\/test2.disinfocode.eu\/lt\/wp-json\/wp\/v2\/comments?post=2529"}],"version-history":[{"count":2,"href":"https:\/\/test2.disinfocode.eu\/lt\/wp-json\/wp\/v2\/pages\/2529\/revisions"}],"predecessor-version":[{"id":2570,"href":"https:\/\/test2.disinfocode.eu\/lt\/wp-json\/wp\/v2\/pages\/2529\/revisions\/2570"}],"wp:attachment":[{"href":"https:\/\/test2.disinfocode.eu\/lt\/wp-json\/wp\/v2\/media?parent=2529"}],"curies":[{"name":"wp","href":"https:\/\/api.w.org\/{rel}","templated":true}]}}