{"id":2244,"date":"2023-01-12T19:04:24","date_gmt":"2023-01-12T19:04:24","guid":{"rendered":"https:\/\/wp-dev.space\/zn\/transparency-center\/master\/potencialus-pasirasytojai\/"},"modified":"2023-02-06T01:26:59","modified_gmt":"2023-02-06T01:26:59","slug":"potencialus-pasirasytojai","status":"publish","type":"page","link":"https:\/\/test2.disinfocode.eu\/lt\/potencialus-pasirasytojai\/","title":{"rendered":"Potencial\u016bs pasira\u0161ytojai"},"content":{"rendered":"<section class=\"title-block title-block-m gutenberg-block  indigo-800\" >\n  <div class=\"sk-container sk-container--fl\">\n\n    <div class=\"title-block-content sk-container\">\n\n            <div class=\"title-block-description\">PRISIJUNKITE PRIE M\u016aS\u0172<\/div>\n      \n            <h1 class=\"title-block-title\">Potencial\u016bs pasira\u0161ytojai<\/h1>\n    <\/div>\n\n  <\/div>\n<\/section>\n\n\n<section data-aos=\"fade-up\" data-aos-duration=\"1500\" class=\"text-block text-block-m gutenberg-block \" >\n  <div class=\"sk-container sk-container--fl\">\n\n    <div class=\"text-block-content sk-container\">\n\n              <div class=\"text-block-text\"><div class=\"ewa-rteLine\">2022\u00a0m. bir\u017eelio 16\u00a0d. pristatytas naujasis 2022\u00a0m. Kovos su dezinformacija praktikos kodeksas yra novatori\u0161ka, savanori\u0161ka bendro reguliavimo priemon\u0117, kuri\u0105 pareng\u0117 ir pasira\u0161\u0117 34 pasira\u0161iusiosios \u0161alys. Dabartin\u0117s pasira\u0161iusiosios \u0161alys kartu su Komisija, Europos i\u0161or\u0117s veiksm\u0173 tarnyba (EIVT), Europos audiovizualin\u0117s \u017einiasklaidos paslaug\u0173 reguliuotoj\u0173 grupe (ERGA) ir Europos skaitmenin\u0117s \u017einiasklaidos observatorija (EDMO) skelbia kvietim\u0105 prisijungti prie kodekso naujiems ES veikiantiems internetin\u0117s informacijos ekosistemos dalyviams.<\/div>\n<div class=\"ewa-rteLine\"><\/div>\n<div class=\"ewa-rteLine\">Suinteresuotieji subjektai, norintys pasira\u0161yti kodeks\u0105, tur\u0117t\u0173 el.\u00a0pa\u0161tu pateikti darbo grupei trump\u0105 informacij\u0105 apie savo organizacij\u0105, jos teikiamas paslaugas ir apra\u0161yti, kokius \u012fsipareigojimus ir priemones jos nor\u0117t\u0173 remti pagal nauj\u0105j\u012f kodeks\u0105.<\/div>\n<\/div>\n      \n            <div class=\"text-block-buttons\">\n                    <a class=\"sk-btn sk-btn--primary sk-btn--2xl\" href=\"#form\"\n             target=\"_self\">Tapkite pasira\u0161iusi\u0105ja \u0161alimi<\/a>\n      <\/div>\n          <\/div>\n\n  <\/div>\n<\/section>\n\n\n<section class=\"left-text left-text-m left-text \" >\n \n\n    <div class=\"left-text-content\">\n      <div class=\"left-text-row\">\n\n\n        <div class=\"left-text-column left-text-column-left\" data-aos=\"fade-right\" data-aos-duration=\"1500\">\n\n            <div class=\"left-text-item-image circle-icon\">\n        \n\n\t\n\t\n\t\n\t\t<?xml version=\"1.0\" encoding=\"UTF-8\"?> <svg xmlns=\"http:\/\/www.w3.org\/2000\/svg\" width=\"19\" height=\"22\" viewBox=\"0 0 19 22\" fill=\"none\"><path d=\"M17 11.5V5.8C17 4.11984 17 3.27976 16.673 2.63803C16.3854 2.07354 15.9265 1.6146 15.362 1.32698C14.7202 1 13.8802 1 12.2 1H5.8C4.11984 1 3.27976 1 2.63803 1.32698C2.07354 1.6146 1.6146 2.07354 1.32698 2.63803C1 3.27976 1 4.11984 1 5.8V16.2C1 17.8802 1 18.7202 1.32698 19.362C1.6146 19.9265 2.07354 20.3854 2.63803 20.673C3.27976 21 4.11984 21 5.8 21H9M11 10H5M7 14H5M13 6H5M11.5 18L13.5 20L18 15.5\" stroke=\"#444CE7\" stroke-width=\"2\" stroke-linecap=\"round\" stroke-linejoin=\"round\"><\/path><\/svg> \n\n\t\n\n      <\/div>\n    \n    <div class=\"left-text-text\">\n              <h2 class=\"left-text-title\">Kam skirtas kvietimas?<\/h2>\n      \n              <div class=\"left-text-description\"><div class=\"ewa-rteLine\">Kvietimas skirtas \u012fvairiems suinteresuotiesiems subjektams, \u012fskaitant interneto paslaug\u0173, kuriomis visuomenei platinamas turinys (pavyzd\u017eiui, socialin\u0117s \u017einiasklaidos, priva\u010di\u0173 \u017einu\u010di\u0173 siuntimo program\u0173 ir paie\u0161kos sistem\u0173), teik\u0117jus; interneto reklamos srities atstovus; e.\u00a0mok\u0117jimo paslaug\u0173, e.\u00a0prekybos platform\u0173, sutelktinio finansavimo ir (arba) aukojimo sistem\u0173, kurios gali b\u016bti naudojamos dezinformacijai skleisti, teik\u0117jus; suinteresuotuosius subjektus, teikian\u010dius technologinius kovos su dezinformacija sprendimus; fakt\u0173 tikrintojus ir pilietin\u0117s visuomen\u0117s organizacijas, kuri\u0173 specializacija yra kova su dezinformacija.<\/div>\n<div class=\"ewa-rteLine\"><\/div>\n<div class=\"ewa-rteLine\">Prisijungusios prie 2022\u00a0m. kodekso, naujos pasira\u0161iusiosios \u0161alys taps ES masto forumo, vienijan\u010dio \u012fvairius subjektus, kurie siekia stiprinti savo veiksmus, dalytis ger\u0105ja patirtimi ir gerinti bendradarbiavim\u0105, kad suma\u017eint\u0173 dezinformacijos keliam\u0105 rizik\u0105 ES, dalimi.<\/div>\n<\/div>\n          <\/div>\n\n    <\/div>\n        \n\t\t<div class=\"left-text-column left-text-column-right\" data-aos=\"fade-left\" data-aos-duration=\"1500\">\n\n      <div class=\"left-text-container-image\">\n                  <div class=\"left-text-wrap-image sk-only-d\">\n            \n\n\t\n\t\n\t\n\t\t\t\t\t\t\t\t\t\t\t\t\t\t\t\t\t\t\t\t\t\t\t\t\t\t\t\t\t\t\t\t\t\t\n\t\t\t\t\n\t\t<picture>\n\t\t\t<source type=\"image\/webp\" sizes=\"(max-width: 991px) 710px, (max-width: 1279px) 940px, 1216px\" srcset=\"https:\/\/test2.disinfocode.eu\/wp-content\/uploads\/2023\/01\/signatory_desktop-100x0-c-default.webp 100w, https:\/\/test2.disinfocode.eu\/wp-content\/uploads\/2023\/01\/signatory_desktop-200x0-c-default.webp 200w, https:\/\/test2.disinfocode.eu\/wp-content\/uploads\/2023\/01\/signatory_desktop-400x0-c-default.webp 400w, https:\/\/test2.disinfocode.eu\/wp-content\/uploads\/2023\/01\/signatory_desktop-600x0-c-default.webp 600w, https:\/\/test2.disinfocode.eu\/wp-content\/uploads\/2023\/01\/signatory_desktop.webp 720w\">\n\t\t\t<source type=\"image\/jpeg\" sizes=\"(max-width: 991px) 710px, (max-width: 1279px) 940px, 1216px\" srcset=\"https:\/\/test2.disinfocode.eu\/wp-content\/uploads\/2023\/01\/signatory_desktop-100x0-c-default.jpg 100w, https:\/\/test2.disinfocode.eu\/wp-content\/uploads\/2023\/01\/signatory_desktop-200x0-c-default.jpg 200w, https:\/\/test2.disinfocode.eu\/wp-content\/uploads\/2023\/01\/signatory_desktop-400x0-c-default.jpg 400w, https:\/\/test2.disinfocode.eu\/wp-content\/uploads\/2023\/01\/signatory_desktop-600x0-c-default.jpg 600w, https:\/\/test2.disinfocode.eu\/wp-content\/uploads\/2023\/01\/signatory_desktop.jpg 720w\">\n\t\t\t<img loading=\"lazy\" decoding=\"async\" class=\"\" width=\"720\" height=\"560\" alt=\"Fono vaizdas su geltonomis geometrin\u0117mis fig\u016bromis\" src=\"https:\/\/test2.disinfocode.eu\/wp-content\/uploads\/2023\/01\/signatory_desktop.jpg\" loading=\"lazy\">\n\t\t<\/picture>\n\n\t\n\n          <\/div>\n                          <div class=\"left-text-wrap-image sk-only-m\">\n            \n\n\t\n\t\n\t\n\t\t\t\t\t\t\t\t\t\t\t\t\t\t\t\t\t\t\n\t\t\t\t\n\t\t<picture>\n\t\t\t<source type=\"image\/webp\" sizes=\"100vw\" srcset=\"https:\/\/test2.disinfocode.eu\/wp-content\/uploads\/2023\/01\/signatory_mobile-100x0-c-default.webp 100w, https:\/\/test2.disinfocode.eu\/wp-content\/uploads\/2023\/01\/signatory_mobile-200x0-c-default.webp 200w, https:\/\/test2.disinfocode.eu\/wp-content\/uploads\/2023\/01\/signatory_mobile.webp 375w\">\n\t\t\t<source type=\"image\/jpeg\" sizes=\"100vw\" srcset=\"https:\/\/test2.disinfocode.eu\/wp-content\/uploads\/2023\/01\/signatory_mobile-100x0-c-default.jpg 100w, https:\/\/test2.disinfocode.eu\/wp-content\/uploads\/2023\/01\/signatory_mobile-200x0-c-default.jpg 200w, https:\/\/test2.disinfocode.eu\/wp-content\/uploads\/2023\/01\/signatory_mobile.jpg 375w\">\n\t\t\t<img loading=\"lazy\" decoding=\"async\" class=\"\" width=\"375\" height=\"200\" alt=\"Fono vaizdas su geltonomis geometrin\u0117mis fig\u016bromis\" src=\"https:\/\/test2.disinfocode.eu\/wp-content\/uploads\/2023\/01\/signatory_mobile.jpg\" loading=\"lazy\">\n\t\t<\/picture>\n\n\t\n\n          <\/div>\n              <\/div>\n    <\/div>\n    \n    <\/div>\n\n\n\n\n    <\/div>\n\n\n<\/section>\n\n\n<section data-aos=\"fade-up\" data-aos-duration=\"1500\" id=\"form\" class=\"form form-m gutenberg-block \" >\n  <div class=\"sk-container\">\n\n    <div class=\"form-content\">\n      <div class=\"form-left-col\">\n              <div class=\"form-title\">Prisijunkite prie Skaidrumo centro pasira\u0161iusi\u0173j\u0173 \u0161ali\u0173<\/div>\n      \n              <div class=\"form-description\">Praktikos kodekso darbo grup\u0117 laukia norin\u010di\u0173j\u0173 pasira\u0161yti kodeks\u0105 parai\u0161k\u0173.<\/div>\n      \n              <div class=\"form-signatories_form_id\"><div class=\"wpforms-container \" id=\"wpforms-5218\"><form id=\"wpforms-form-5218\" class=\"wpforms-validate wpforms-form wpforms-ajax-form\" data-formid=\"5218\" method=\"post\" enctype=\"multipart\/form-data\" action=\"\/lt\/wp-json\/wp\/v2\/pages\/2244\" data-token=\"b93b766ce43138313c4b3b733b42fc91\" data-token-time=\"1776471752\"><noscript class=\"wpforms-error-noscript\">Please enable JavaScript in your browser to complete this form.<\/noscript><div class=\"wpforms-field-container\"><div id=\"wpforms-5218-field_1-container\" class=\"wpforms-field wpforms-field-text sk-form-field\" data-field-id=\"1\"><label class=\"wpforms-field-label\" for=\"wpforms-5218-field_1\">Signatory Name <span class=\"wpforms-required-label\">*<\/span><\/label><input type=\"text\" id=\"wpforms-5218-field_1\" class=\"wpforms-field-medium wpforms-field-required\" name=\"wpforms[fields][1]\" placeholder=\"Signatory Name\" required><\/div><div id=\"wpforms-5218-field_2-container\" class=\"wpforms-field wpforms-field-email sk-form-field\" data-field-id=\"2\"><label class=\"wpforms-field-label\" for=\"wpforms-5218-field_2\">Contact email address <span class=\"wpforms-required-label\">*<\/span><\/label><input type=\"email\" id=\"wpforms-5218-field_2\" class=\"wpforms-field-medium wpforms-field-required\" name=\"wpforms[fields][2]\" placeholder=\"you@company.com\" spellcheck=\"false\" required><\/div><div id=\"wpforms-5218-field_3-container\" class=\"wpforms-field wpforms-field-textarea sk-form-field\" data-field-id=\"3\"><label class=\"wpforms-field-label\" for=\"wpforms-5218-field_3\">List the Commitments and measures that are relevant <span class=\"wpforms-required-label\">*<\/span><\/label><textarea id=\"wpforms-5218-field_3\" class=\"wpforms-field-medium wpforms-field-required\" name=\"wpforms[fields][3]\" placeholder=\"Leave us a message...\" required><\/textarea><\/div><div id=\"wpforms-5218-field_4-container\" class=\"wpforms-field wpforms-field-textarea sk-form-field\" data-field-id=\"4\"><label class=\"wpforms-field-label\" for=\"wpforms-5218-field_4\">Reasoning for the choice of commitments and measures, as well as future plans <span class=\"wpforms-required-label\">*<\/span><\/label><textarea id=\"wpforms-5218-field_4\" class=\"wpforms-field-medium wpforms-field-required\" name=\"wpforms[fields][4]\" placeholder=\"Leave us a message...\" required><\/textarea><\/div><div id=\"wpforms-5218-field_5-container\" class=\"wpforms-field wpforms-field-checkbox sk-form-field\" data-field-id=\"5\"><label class=\"wpforms-field-label wpforms-label-hide\">Privacy Policy <span class=\"wpforms-required-label\">*<\/span><\/label><ul id=\"wpforms-5218-field_5\" class=\"wpforms-field-required\"><li class=\"choice-1 depth-1\"><input type=\"checkbox\" id=\"wpforms-5218-field_5_1\" name=\"wpforms[fields][5][]\" value=\"I have read and agree to the &lt;a target=&quot;_blanc&quot; href=&quot;\/privacy-policy\/&quot;&gt;Privacy Policy&lt;\/a&gt;\" required ><label class=\"wpforms-field-label-inline\" for=\"wpforms-5218-field_5_1\">I have read and agree to the <a target=\"_blanc\" href=\"\/privacy-policy\/\">Privacy Policy<\/a><\/label><\/li><\/ul><\/div><\/div><!-- .wpforms-field-container --><div class=\"wpforms-recaptcha-container wpforms-is-recaptcha wpforms-is-recaptcha-type-invisible\" ><div class=\"g-recaptcha\" data-sitekey=\"6LcnVi0kAAAAACxwmlGG6JJvBrUg6pP7MfhtORJu\" data-size=\"invisible\"><\/div><\/div><div class=\"wpforms-submit-container\" ><input type=\"hidden\" name=\"wpforms[id]\" value=\"5218\"><input type=\"hidden\" name=\"page_title\" value=\"\"><input type=\"hidden\" name=\"page_url\" value=\"https:\/\/test2.disinfocode.eu\/lt\/wp-json\/wp\/v2\/pages\/2244\"><button type=\"submit\" name=\"wpforms[submit]\" id=\"wpforms-submit-5218\" class=\"wpforms-submit sk-form-field sk-btn sk-btn--secondary sk-btn--full-w\" data-alt-text=\"Sending...\" data-submit-text=\"Submit\" aria-live=\"assertive\" value=\"wpforms-submit\">Submit<\/button><img decoding=\"async\" src=\"https:\/\/test2.disinfocode.eu\/wp-content\/plugins\/wpforms-lite\/assets\/images\/submit-spin.svg\" class=\"wpforms-submit-spinner\" style=\"display: none;\" width=\"26\" height=\"26\" alt=\"Loading\"><\/div><\/form><\/div>  <!-- .wpforms-container --><\/div>\n      \n    <\/div>\n    <div  class=\"form-right-col\">\n              \n\n\t\n\t\n\t\n\t\t\t\t\t\t\t\t\t\t\t\t\t\t\t\t\t\t\t\t\t\t\t\t\t\t\n\t\t\t\t\n\t\t<picture>\n\t\t\t<source type=\"image\/webp\" sizes=\"(max-width: 991px) 710px, (max-width: 1279px) 940px, 1216px\" srcset=\"https:\/\/test2.disinfocode.eu\/wp-content\/uploads\/2023\/01\/form_side-100x0-c-default.webp 100w, https:\/\/test2.disinfocode.eu\/wp-content\/uploads\/2023\/01\/form_side-200x0-c-default.webp 200w, https:\/\/test2.disinfocode.eu\/wp-content\/uploads\/2023\/01\/form_side-400x0-c-default.webp 400w, https:\/\/test2.disinfocode.eu\/wp-content\/uploads\/2023\/01\/form_side.webp 500w\">\n\t\t\t<source type=\"image\/jpeg\" sizes=\"(max-width: 991px) 710px, (max-width: 1279px) 940px, 1216px\" srcset=\"https:\/\/test2.disinfocode.eu\/wp-content\/uploads\/2023\/01\/form_side-100x0-c-default.jpg 100w, https:\/\/test2.disinfocode.eu\/wp-content\/uploads\/2023\/01\/form_side-200x0-c-default.jpg 200w, https:\/\/test2.disinfocode.eu\/wp-content\/uploads\/2023\/01\/form_side-400x0-c-default.jpg 400w, https:\/\/test2.disinfocode.eu\/wp-content\/uploads\/2023\/01\/form_side.jpg 500w\">\n\t\t\t<img loading=\"lazy\" decoding=\"async\" class=\"\" width=\"500\" height=\"944\" alt=\"Fono vaizdas su m\u0117lynomis geometrin\u0117mis fig\u016bromis\" src=\"https:\/\/test2.disinfocode.eu\/wp-content\/uploads\/2023\/01\/form_side.jpg\" loading=\"lazy\">\n\t\t<\/picture>\n\n\t\n\n          <\/div>\n<\/div>\n<\/div>\n<\/section>\n","protected":false},"excerpt":{"rendered":"","protected":false},"author":93,"featured_media":0,"parent":0,"menu_order":0,"comment_status":"closed","ping_status":"closed","template":"","meta":{"_acf_changed":false,"footnotes":""},"class_list":["post-2244","page","type-page","status-publish","hentry"],"acf":[],"yoast_head":"<!-- This site is optimized with the Yoast SEO plugin v24.5 - https:\/\/yoast.com\/wordpress\/plugins\/seo\/ -->\n<title>Potencial\u016bs pasira\u0161ytojai - Transparency Centre<\/title>\n<meta name=\"robots\" content=\"index, follow, max-snippet:-1, max-image-preview:large, max-video-preview:-1\" \/>\n<link rel=\"canonical\" href=\"https:\/\/test2.disinfocode.eu\/lt\/potencialus-pasirasytojai\/\" \/>\n<meta property=\"og:locale\" content=\"lt_LT\" \/>\n<meta property=\"og:type\" content=\"article\" \/>\n<meta property=\"og:title\" content=\"Potencial\u016bs pasira\u0161ytojai - Transparency Centre\" \/>\n<meta property=\"og:url\" content=\"https:\/\/test2.disinfocode.eu\/lt\/potencialus-pasirasytojai\/\" \/>\n<meta property=\"og:site_name\" content=\"Transparency Centre\" \/>\n<meta property=\"article:modified_time\" content=\"2023-02-06T01:26:59+00:00\" \/>\n<meta name=\"twitter:card\" content=\"summary_large_image\" \/>\n<script type=\"application\/ld+json\" class=\"yoast-schema-graph\">{\"@context\":\"https:\/\/schema.org\",\"@graph\":[{\"@type\":\"WebPage\",\"@id\":\"https:\/\/test2.disinfocode.eu\/lt\/potencialus-pasirasytojai\/\",\"url\":\"https:\/\/test2.disinfocode.eu\/lt\/potencialus-pasirasytojai\/\",\"name\":\"Potencial\u016bs pasira\u0161ytojai - Transparency Centre\",\"isPartOf\":{\"@id\":\"https:\/\/disinfocode.eu\/#website\"},\"datePublished\":\"2023-01-12T19:04:24+00:00\",\"dateModified\":\"2023-02-06T01:26:59+00:00\",\"inLanguage\":\"lt-LT\",\"potentialAction\":[{\"@type\":\"ReadAction\",\"target\":[\"https:\/\/test2.disinfocode.eu\/lt\/potencialus-pasirasytojai\/\"]}]},{\"@type\":\"WebSite\",\"@id\":\"https:\/\/disinfocode.eu\/#website\",\"url\":\"https:\/\/disinfocode.eu\/\",\"name\":\"Transparency Centre\",\"description\":\"Discover the Code of Practice on Disinformation\",\"potentialAction\":[{\"@type\":\"SearchAction\",\"target\":{\"@type\":\"EntryPoint\",\"urlTemplate\":\"https:\/\/disinfocode.eu\/?s={search_term_string}\"},\"query-input\":{\"@type\":\"PropertyValueSpecification\",\"valueRequired\":true,\"valueName\":\"search_term_string\"}}],\"inLanguage\":\"lt-LT\"}]}<\/script>\n<!-- \/ Yoast SEO plugin. -->","yoast_head_json":{"title":"Potencial\u016bs pasira\u0161ytojai - Transparency Centre","robots":{"index":"index","follow":"follow","max-snippet":"max-snippet:-1","max-image-preview":"max-image-preview:large","max-video-preview":"max-video-preview:-1"},"canonical":"https:\/\/test2.disinfocode.eu\/lt\/potencialus-pasirasytojai\/","og_locale":"lt_LT","og_type":"article","og_title":"Potencial\u016bs pasira\u0161ytojai - Transparency Centre","og_url":"https:\/\/test2.disinfocode.eu\/lt\/potencialus-pasirasytojai\/","og_site_name":"Transparency Centre","article_modified_time":"2023-02-06T01:26:59+00:00","twitter_card":"summary_large_image","schema":{"@context":"https:\/\/schema.org","@graph":[{"@type":"WebPage","@id":"https:\/\/test2.disinfocode.eu\/lt\/potencialus-pasirasytojai\/","url":"https:\/\/test2.disinfocode.eu\/lt\/potencialus-pasirasytojai\/","name":"Potencial\u016bs pasira\u0161ytojai - Transparency Centre","isPartOf":{"@id":"https:\/\/disinfocode.eu\/#website"},"datePublished":"2023-01-12T19:04:24+00:00","dateModified":"2023-02-06T01:26:59+00:00","inLanguage":"lt-LT","potentialAction":[{"@type":"ReadAction","target":["https:\/\/test2.disinfocode.eu\/lt\/potencialus-pasirasytojai\/"]}]},{"@type":"WebSite","@id":"https:\/\/disinfocode.eu\/#website","url":"https:\/\/disinfocode.eu\/","name":"Transparency Centre","description":"Discover the Code of Practice on Disinformation","potentialAction":[{"@type":"SearchAction","target":{"@type":"EntryPoint","urlTemplate":"https:\/\/disinfocode.eu\/?s={search_term_string}"},"query-input":{"@type":"PropertyValueSpecification","valueRequired":true,"valueName":"search_term_string"}}],"inLanguage":"lt-LT"}]}},"_links":{"self":[{"href":"https:\/\/test2.disinfocode.eu\/lt\/wp-json\/wp\/v2\/pages\/2244","targetHints":{"allow":["GET"]}}],"collection":[{"href":"https:\/\/test2.disinfocode.eu\/lt\/wp-json\/wp\/v2\/pages"}],"about":[{"href":"https:\/\/test2.disinfocode.eu\/lt\/wp-json\/wp\/v2\/types\/page"}],"author":[{"embeddable":true,"href":"https:\/\/test2.disinfocode.eu\/lt\/wp-json\/wp\/v2\/users\/93"}],"replies":[{"embeddable":true,"href":"https:\/\/test2.disinfocode.eu\/lt\/wp-json\/wp\/v2\/comments?post=2244"}],"version-history":[{"count":2,"href":"https:\/\/test2.disinfocode.eu\/lt\/wp-json\/wp\/v2\/pages\/2244\/revisions"}],"predecessor-version":[{"id":2246,"href":"https:\/\/test2.disinfocode.eu\/lt\/wp-json\/wp\/v2\/pages\/2244\/revisions\/2246"}],"wp:attachment":[{"href":"https:\/\/test2.disinfocode.eu\/lt\/wp-json\/wp\/v2\/media?parent=2244"}],"curies":[{"name":"wp","href":"https:\/\/api.w.org\/{rel}","templated":true}]}}