{"id":2638,"date":"2023-01-20T11:04:00","date_gmt":"2023-01-20T09:04:00","guid":{"rendered":"https:\/\/wp-dev.space\/zn\/transparency-center\/master\/dichiarazione-di-accessibilita\/"},"modified":"2023-02-20T12:58:32","modified_gmt":"2023-02-20T12:58:32","slug":"dichiarazione-di-accessibilita","status":"publish","type":"page","link":"https:\/\/test2.disinfocode.eu\/it\/dichiarazione-di-accessibilita\/","title":{"rendered":"Dichiarazione di accessibilit\u00e0"},"content":{"rendered":"\n<p><\/p>\n<section class=\"title-block title-block-m gutenberg-block  indigo-800\" >\n  <div class=\"sk-container sk-container--fl\">\n\n    <div class=\"title-block-content sk-container\">\n\n      \n            <h1 class=\"title-block-title\">Dichiarazione di accessibilit\u00e0<\/h1>\n    <\/div>\n\n  <\/div>\n<\/section>\n<section data-aos=\"fade-up\" data-aos-duration=\"1500\" class=\"text-block text-block-m gutenberg-block \" >\n  <div class=\"sk-container sk-container--fl\">\n\n    <div class=\"text-block-content sk-container\">\n\n              <div class=\"text-block-text\"><p>Il Centro per la trasparenza si impegna a garantire l&#8217;accessibilit\u00e0 digitale alle persone con disabilit\u00e0. Miglioriamo continuamente l&#8217;esperienza dell&#8217;utente per tutti e applichiamo gli standard di accessibilit\u00e0 pertinenti.<\/p>\n<h2>Misure a sostegno dell&#8217;accessibilit\u00e0<\/h2>\n<p>Il Centro per la trasparenza adotta le seguenti misure per garantire l&#8217;accessibilit\u00e0 del sito https:\/\/test2.disinfocode.eu\/:<\/p>\n<ul>\n<li>Le immagini hanno un testo alt significativo<\/li>\n<li>I link sono visivamente identificabili<\/li>\n<li>Utilizzo di titoli di sezione descrittivi<\/li>\n<li>Utilizzo della corretta struttura semantica degli elementi HTML<\/li>\n<li>I moduli hanno etichette descrittive<\/li>\n<li>Le informazioni non dipendono dal colore, dal suono, dalla forma, dalle dimensioni o dalla posizione visiva.<\/li>\n<li>Il testo e il colore dello sfondo hanno un contrasto sufficiente<\/li>\n<li>Il contenuto si ridimensiona correttamente quando viene ingrandito\/ingrandito<\/li>\n<li>Utilizzo di un tag title descrittivo<\/li>\n<li>Supportare la navigazione da tastiera<\/li>\n<li>Stati di messa a fuoco visibili per gli utenti della tastiera<\/li>\n<li>Tipi di input HTML5 corretti<\/li>\n<li>Il sito non va in timeout inaspettato<\/li>\n<li>Il multimediale ha modi alternativi di essere consumato<\/li>\n<li>Utilizzo dell&#8217;attributo HTML &#8216;lang<\/li>\n<li>Utilizzo di etichette di input comprensibili<\/li>\n<li>I moduli presentano messaggi di errore e di verifica utili e accessibili<\/li>\n<li>I link sono descrittivi e forniscono l&#8217;intento<\/li>\n<li>Le pagine sono comprensibili senza stili abilitati<\/li>\n<li>L&#8217;HTML \u00e8 corretto e privo di errori<\/li>\n<li>I download dei file CSV e JSON sono set di dati grezzi.<\/li>\n<\/ul>\n<h2>Stato di conformit\u00e0<\/h2>\n<p>Le linee guida per l&#8217;accessibilit\u00e0 dei contenuti web (WCAG) definiscono i requisiti per i progettisti e gli sviluppatori al fine di migliorare l&#8217;accessibilit\u00e0 per le persone con disabilit\u00e0. Definisce tre livelli di conformit\u00e0: Livello A, Livello AA e Livello AAA. Il Centro per la trasparenza \u00e8 parzialmente conforme alle WCAG 2.1 livello AA. Parzialmente conforme significa che alcune parti del contenuto non sono completamente conformi allo standard di accessibilit\u00e0.<\/p>\n<h3>Ulteriori considerazioni sull&#8217;accessibilit\u00e0<\/h3>\n<p class=\"basic-information conformance-additions\">Sebbene il nostro obiettivo sia la conformit\u00e0 alle WCAG 2.1 di livello AA, abbiamo applicato anche alcuni criteri di successo di livello AAA:<\/p>\n<ul>\n<li>Non utilizziamo immagini di testo.<\/li>\n<li>Tutte le funzionalit\u00e0 sono accessibili da tastiera, senza eccezioni.<\/li>\n<li>Nessun limite di tempo sul sito web.<\/li>\n<li>Nessun contenuto lampeggia pi\u00f9 di tre volte al secondo.<\/li>\n<li>Informiamo gli utenti sulla loro posizione all&#8217;interno del sito.<\/li>\n<li>Lo scopo di ogni link \u00e8 chiaro dal suo testo.<\/li>\n<li>Contenuto organizzato con titoli.<\/li>\n<\/ul>\n<h2>Specifiche tecniche<\/h2>\n<p>L&#8217;accessibilit\u00e0 del Centro per la trasparenza si basa sulle seguenti tecnologie per funzionare con la particolare combinazione di browser web ed eventuali tecnologie assistive o plugin installati sul vostro computer:<\/p>\n<ul class=\"technical-information technologies-used\">\n<li>HTML<\/li>\n<li>WAI-ARIA<\/li>\n<li>CSS<\/li>\n<li>JavaScript<\/li>\n<li>PHP<\/li>\n<\/ul>\n<p>Queste tecnologie si basano sulla conformit\u00e0 agli standard di accessibilit\u00e0 utilizzati.<\/p>\n<h2>Limiti e alternative<\/h2>\n<p>Nonostante i nostri sforzi per garantire l&#8217;accessibilit\u00e0 del Centro per la trasparenza, potrebbero esserci alcune limitazioni. Di seguito vengono descritte le limitazioni note e le potenziali soluzioni. Contattateci se osservate un problema non elencato di seguito.<\/p>\n<p>Limitazioni note per il Centro per la trasparenza:<\/p>\n<ol class=\"technical-information accessibility-limitations\">\n<li>I file PDF generati automaticamente dai report potrebbero non essere completamente conformi<\/li>\n<li>I file PDF caricati dai Firmatari potrebbero non essere completamente conformi.<\/li>\n<\/ol>\n<h2>Feedback<\/h2>\n<p>Siamo lieti di ricevere il vostro feedback sull&#8217;accessibilit\u00e0 del Centro per la trasparenza. Vi preghiamo di comunicarci se incontrate barriere di accessibilit\u00e0 sul Centro per la trasparenza:<\/p>\n<p>E-mail: contact@disinfocode.vost.pt<\/p>\n<\/div>\n      \n          <\/div>\n\n  <\/div>\n<\/section>\n\n<p><\/p>\n","protected":false},"excerpt":{"rendered":"","protected":false},"author":93,"featured_media":0,"parent":0,"menu_order":0,"comment_status":"closed","ping_status":"closed","template":"","meta":{"_acf_changed":false,"footnotes":""},"class_list":["post-2638","page","type-page","status-publish","hentry"],"acf":[],"yoast_head":"<!-- This site is optimized with the Yoast SEO plugin v24.5 - https:\/\/yoast.com\/wordpress\/plugins\/seo\/ -->\n<title>Dichiarazione di accessibilit\u00e0 - Transparency Centre<\/title>\n<meta name=\"robots\" content=\"index, follow, max-snippet:-1, max-image-preview:large, max-video-preview:-1\" \/>\n<link rel=\"canonical\" href=\"https:\/\/test2.disinfocode.eu\/it\/dichiarazione-di-accessibilita\/\" \/>\n<meta property=\"og:locale\" content=\"it_IT\" \/>\n<meta property=\"og:type\" content=\"article\" \/>\n<meta property=\"og:title\" content=\"Dichiarazione di accessibilit\u00e0 - Transparency Centre\" \/>\n<meta property=\"og:url\" content=\"https:\/\/test2.disinfocode.eu\/it\/dichiarazione-di-accessibilita\/\" \/>\n<meta property=\"og:site_name\" content=\"Transparency Centre\" \/>\n<meta property=\"article:modified_time\" content=\"2023-02-20T12:58:32+00:00\" \/>\n<meta name=\"twitter:card\" content=\"summary_large_image\" \/>\n<script type=\"application\/ld+json\" class=\"yoast-schema-graph\">{\"@context\":\"https:\/\/schema.org\",\"@graph\":[{\"@type\":\"WebPage\",\"@id\":\"https:\/\/test2.disinfocode.eu\/it\/dichiarazione-di-accessibilita\/\",\"url\":\"https:\/\/test2.disinfocode.eu\/it\/dichiarazione-di-accessibilita\/\",\"name\":\"Dichiarazione di accessibilit\u00e0 - Transparency Centre\",\"isPartOf\":{\"@id\":\"https:\/\/disinfocode.eu\/#website\"},\"datePublished\":\"2023-01-20T09:04:00+00:00\",\"dateModified\":\"2023-02-20T12:58:32+00:00\",\"inLanguage\":\"it-IT\",\"potentialAction\":[{\"@type\":\"ReadAction\",\"target\":[\"https:\/\/test2.disinfocode.eu\/it\/dichiarazione-di-accessibilita\/\"]}]},{\"@type\":\"WebSite\",\"@id\":\"https:\/\/disinfocode.eu\/#website\",\"url\":\"https:\/\/disinfocode.eu\/\",\"name\":\"Transparency Centre\",\"description\":\"Discover the Code of Practice on Disinformation\",\"potentialAction\":[{\"@type\":\"SearchAction\",\"target\":{\"@type\":\"EntryPoint\",\"urlTemplate\":\"https:\/\/disinfocode.eu\/?s={search_term_string}\"},\"query-input\":{\"@type\":\"PropertyValueSpecification\",\"valueRequired\":true,\"valueName\":\"search_term_string\"}}],\"inLanguage\":\"it-IT\"}]}<\/script>\n<!-- \/ Yoast SEO plugin. -->","yoast_head_json":{"title":"Dichiarazione di accessibilit\u00e0 - Transparency Centre","robots":{"index":"index","follow":"follow","max-snippet":"max-snippet:-1","max-image-preview":"max-image-preview:large","max-video-preview":"max-video-preview:-1"},"canonical":"https:\/\/test2.disinfocode.eu\/it\/dichiarazione-di-accessibilita\/","og_locale":"it_IT","og_type":"article","og_title":"Dichiarazione di accessibilit\u00e0 - Transparency Centre","og_url":"https:\/\/test2.disinfocode.eu\/it\/dichiarazione-di-accessibilita\/","og_site_name":"Transparency Centre","article_modified_time":"2023-02-20T12:58:32+00:00","twitter_card":"summary_large_image","schema":{"@context":"https:\/\/schema.org","@graph":[{"@type":"WebPage","@id":"https:\/\/test2.disinfocode.eu\/it\/dichiarazione-di-accessibilita\/","url":"https:\/\/test2.disinfocode.eu\/it\/dichiarazione-di-accessibilita\/","name":"Dichiarazione di accessibilit\u00e0 - Transparency Centre","isPartOf":{"@id":"https:\/\/disinfocode.eu\/#website"},"datePublished":"2023-01-20T09:04:00+00:00","dateModified":"2023-02-20T12:58:32+00:00","inLanguage":"it-IT","potentialAction":[{"@type":"ReadAction","target":["https:\/\/test2.disinfocode.eu\/it\/dichiarazione-di-accessibilita\/"]}]},{"@type":"WebSite","@id":"https:\/\/disinfocode.eu\/#website","url":"https:\/\/disinfocode.eu\/","name":"Transparency Centre","description":"Discover the Code of Practice on Disinformation","potentialAction":[{"@type":"SearchAction","target":{"@type":"EntryPoint","urlTemplate":"https:\/\/disinfocode.eu\/?s={search_term_string}"},"query-input":{"@type":"PropertyValueSpecification","valueRequired":true,"valueName":"search_term_string"}}],"inLanguage":"it-IT"}]}},"_links":{"self":[{"href":"https:\/\/test2.disinfocode.eu\/it\/wp-json\/wp\/v2\/pages\/2638","targetHints":{"allow":["GET"]}}],"collection":[{"href":"https:\/\/test2.disinfocode.eu\/it\/wp-json\/wp\/v2\/pages"}],"about":[{"href":"https:\/\/test2.disinfocode.eu\/it\/wp-json\/wp\/v2\/types\/page"}],"author":[{"embeddable":true,"href":"https:\/\/test2.disinfocode.eu\/it\/wp-json\/wp\/v2\/users\/93"}],"replies":[{"embeddable":true,"href":"https:\/\/test2.disinfocode.eu\/it\/wp-json\/wp\/v2\/comments?post=2638"}],"version-history":[{"count":0,"href":"https:\/\/test2.disinfocode.eu\/it\/wp-json\/wp\/v2\/pages\/2638\/revisions"}],"wp:attachment":[{"href":"https:\/\/test2.disinfocode.eu\/it\/wp-json\/wp\/v2\/media?parent=2638"}],"curies":[{"name":"wp","href":"https:\/\/api.w.org\/{rel}","templated":true}]}}