{"id":2682,"date":"2023-01-23T14:17:37","date_gmt":"2023-01-23T14:17:37","guid":{"rendered":"https:\/\/wp-dev.space\/zn\/transparency-center\/master\/sutik-cookie\/"},"modified":"2023-02-09T03:18:39","modified_gmt":"2023-02-09T03:18:39","slug":"sutik-cookie","status":"publish","type":"page","link":"https:\/\/test2.disinfocode.eu\/hu\/sutik-cookie\/","title":{"rendered":"S\u00fctik (cookie)"},"content":{"rendered":"<section class=\"title-block title-block-m gutenberg-block  indigo-800\" >\n  <div class=\"sk-container sk-container--fl\">\n\n    <div class=\"title-block-content sk-container\">\n\n      \n            <h1 class=\"title-block-title\">S\u00fctik (cookie)<\/h1>\n    <\/div>\n\n  <\/div>\n<\/section>\n<section data-aos=\"fade-up\" data-aos-duration=\"1500\" class=\"text-block text-block-m gutenberg-block \" >\n  <div class=\"sk-container sk-container--fl\">\n\n    <div class=\"text-block-content sk-container\">\n\n              <div class=\"text-block-text\"><p>S\u00fctiket \u00e9s hasonl\u00f3 nyomk\u00f6vet\u0151 technol\u00f3gi\u00e1kat haszn\u00e1lunk a weboldalainkon v\u00e9gzett tev\u00e9kenys\u00e9gek nyomon k\u00f6vet\u00e9s\u00e9re \u00e9s bizonyos inform\u00e1ci\u00f3k t\u00e1rol\u00e1s\u00e1ra.<\/p>\n<p>A s\u00fctik kis mennyis\u00e9g\u0171 adatot tartalmaz\u00f3 f\u00e1jlok, amelyek tartalmazhatnak egy n\u00e9vtelen egyedi azonos\u00edt\u00f3t. A s\u00fctiket egy weboldal k\u00fcldi el a b\u00f6ng\u00e9sz\u0151j\u00e9nek, \u00e9s az \u00d6n eszk\u00f6z\u00e9n t\u00e1rolj\u00e1k. A nyomk\u00f6vet\u0151 technol\u00f3gi\u00e1k k\u00f6z\u00e9 tartoznak a jelz\u0151k, c\u00edmk\u00e9k \u00e9s szkriptek is, amelyeket az inform\u00e1ci\u00f3k gy\u0171jt\u00e9se \u00e9s nyomon k\u00f6vet\u00e9se, valamint az \u00e1ltalunk ny\u00fajtott szolg\u00e1ltat\u00e1s jav\u00edt\u00e1sa \u00e9s elemz\u00e9se \u00e9rdek\u00e9ben haszn\u00e1lunk.<\/p>\n<p>\u00d6n utas\u00edthatja b\u00f6ng\u00e9sz\u0151j\u00e9t, hogy utas\u00edtsa vissza az \u00f6sszes cookie-t, vagy jelezze, ha cookie-t k\u00fcld. Ha azonban nem fogadja el a s\u00fctiket, el\u0151fordulhat, hogy nem tudja haszn\u00e1lni weboldalaink egyes r\u00e9szeit.<\/p>\n<p>A weboldalon haszn\u00e1lt s\u00fctik a k\u00f6vetkez\u0151k:<\/p>\n<p><strong><div id=\"cmplz-cookies-overview\"><\/div><\/strong><\/p>\n<div><\/div>\n<\/div>\n      \n          <\/div>\n\n  <\/div>\n<\/section>\n","protected":false},"excerpt":{"rendered":"","protected":false},"author":93,"featured_media":0,"parent":0,"menu_order":0,"comment_status":"closed","ping_status":"closed","template":"","meta":{"_acf_changed":false,"footnotes":""},"class_list":["post-2682","page","type-page","status-publish","hentry"],"acf":[],"yoast_head":"<!-- This site is optimized with the Yoast SEO plugin v24.5 - https:\/\/yoast.com\/wordpress\/plugins\/seo\/ -->\n<title>S\u00fctik (cookie) - Transparency Centre<\/title>\n<meta name=\"robots\" content=\"index, follow, max-snippet:-1, max-image-preview:large, max-video-preview:-1\" \/>\n<link rel=\"canonical\" href=\"https:\/\/test2.disinfocode.eu\/hu\/sutik-cookie\/\" \/>\n<meta property=\"og:locale\" content=\"hu_HU\" \/>\n<meta property=\"og:type\" content=\"article\" \/>\n<meta property=\"og:title\" content=\"S\u00fctik (cookie) - Transparency Centre\" \/>\n<meta property=\"og:url\" content=\"https:\/\/test2.disinfocode.eu\/hu\/sutik-cookie\/\" \/>\n<meta property=\"og:site_name\" content=\"Transparency Centre\" \/>\n<meta property=\"article:modified_time\" content=\"2023-02-09T03:18:39+00:00\" \/>\n<meta name=\"twitter:card\" content=\"summary_large_image\" \/>\n<script type=\"application\/ld+json\" class=\"yoast-schema-graph\">{\"@context\":\"https:\/\/schema.org\",\"@graph\":[{\"@type\":\"WebPage\",\"@id\":\"https:\/\/test2.disinfocode.eu\/hu\/sutik-cookie\/\",\"url\":\"https:\/\/test2.disinfocode.eu\/hu\/sutik-cookie\/\",\"name\":\"S\u00fctik (cookie) - Transparency Centre\",\"isPartOf\":{\"@id\":\"https:\/\/disinfocode.eu\/#website\"},\"datePublished\":\"2023-01-23T14:17:37+00:00\",\"dateModified\":\"2023-02-09T03:18:39+00:00\",\"inLanguage\":\"hu\",\"potentialAction\":[{\"@type\":\"ReadAction\",\"target\":[\"https:\/\/test2.disinfocode.eu\/hu\/sutik-cookie\/\"]}]},{\"@type\":\"WebSite\",\"@id\":\"https:\/\/disinfocode.eu\/#website\",\"url\":\"https:\/\/disinfocode.eu\/\",\"name\":\"Transparency Centre\",\"description\":\"Discover the Code of Practice on Disinformation\",\"potentialAction\":[{\"@type\":\"SearchAction\",\"target\":{\"@type\":\"EntryPoint\",\"urlTemplate\":\"https:\/\/disinfocode.eu\/?s={search_term_string}\"},\"query-input\":{\"@type\":\"PropertyValueSpecification\",\"valueRequired\":true,\"valueName\":\"search_term_string\"}}],\"inLanguage\":\"hu\"}]}<\/script>\n<!-- \/ Yoast SEO plugin. -->","yoast_head_json":{"title":"S\u00fctik (cookie) - Transparency Centre","robots":{"index":"index","follow":"follow","max-snippet":"max-snippet:-1","max-image-preview":"max-image-preview:large","max-video-preview":"max-video-preview:-1"},"canonical":"https:\/\/test2.disinfocode.eu\/hu\/sutik-cookie\/","og_locale":"hu_HU","og_type":"article","og_title":"S\u00fctik (cookie) - Transparency Centre","og_url":"https:\/\/test2.disinfocode.eu\/hu\/sutik-cookie\/","og_site_name":"Transparency Centre","article_modified_time":"2023-02-09T03:18:39+00:00","twitter_card":"summary_large_image","schema":{"@context":"https:\/\/schema.org","@graph":[{"@type":"WebPage","@id":"https:\/\/test2.disinfocode.eu\/hu\/sutik-cookie\/","url":"https:\/\/test2.disinfocode.eu\/hu\/sutik-cookie\/","name":"S\u00fctik (cookie) - Transparency Centre","isPartOf":{"@id":"https:\/\/disinfocode.eu\/#website"},"datePublished":"2023-01-23T14:17:37+00:00","dateModified":"2023-02-09T03:18:39+00:00","inLanguage":"hu","potentialAction":[{"@type":"ReadAction","target":["https:\/\/test2.disinfocode.eu\/hu\/sutik-cookie\/"]}]},{"@type":"WebSite","@id":"https:\/\/disinfocode.eu\/#website","url":"https:\/\/disinfocode.eu\/","name":"Transparency Centre","description":"Discover the Code of Practice on Disinformation","potentialAction":[{"@type":"SearchAction","target":{"@type":"EntryPoint","urlTemplate":"https:\/\/disinfocode.eu\/?s={search_term_string}"},"query-input":{"@type":"PropertyValueSpecification","valueRequired":true,"valueName":"search_term_string"}}],"inLanguage":"hu"}]}},"_links":{"self":[{"href":"https:\/\/test2.disinfocode.eu\/hu\/wp-json\/wp\/v2\/pages\/2682","targetHints":{"allow":["GET"]}}],"collection":[{"href":"https:\/\/test2.disinfocode.eu\/hu\/wp-json\/wp\/v2\/pages"}],"about":[{"href":"https:\/\/test2.disinfocode.eu\/hu\/wp-json\/wp\/v2\/types\/page"}],"author":[{"embeddable":true,"href":"https:\/\/test2.disinfocode.eu\/hu\/wp-json\/wp\/v2\/users\/93"}],"replies":[{"embeddable":true,"href":"https:\/\/test2.disinfocode.eu\/hu\/wp-json\/wp\/v2\/comments?post=2682"}],"version-history":[{"count":0,"href":"https:\/\/test2.disinfocode.eu\/hu\/wp-json\/wp\/v2\/pages\/2682\/revisions"}],"wp:attachment":[{"href":"https:\/\/test2.disinfocode.eu\/hu\/wp-json\/wp\/v2\/media?parent=2682"}],"curies":[{"name":"wp","href":"https:\/\/api.w.org\/{rel}","templated":true}]}}