{"id":2622,"date":"2023-01-20T11:04:00","date_gmt":"2023-01-20T09:04:00","guid":{"rendered":"https:\/\/wp-dev.space\/zn\/transparency-center\/master\/akadalymentes-hozzaferesrol-szolo-nyilatkozat\/"},"modified":"2023-02-20T12:58:30","modified_gmt":"2023-02-20T12:58:30","slug":"hozzaferhetosegi-nyilatkozat","status":"publish","type":"page","link":"https:\/\/test2.disinfocode.eu\/hu\/hozzaferhetosegi-nyilatkozat\/","title":{"rendered":"Akad\u00e1lymentes hozz\u00e1f\u00e9r\u00e9sr\u0151l sz\u00f3l\u00f3 nyilatkozat"},"content":{"rendered":"\n<p><\/p>\n<section class=\"title-block title-block-m gutenberg-block  indigo-800\" >\n  <div class=\"sk-container sk-container--fl\">\n\n    <div class=\"title-block-content sk-container\">\n\n      \n            <h1 class=\"title-block-title\">Akad\u00e1lymentes hozz\u00e1f\u00e9r\u00e9sr\u0151l sz\u00f3l\u00f3 nyilatkozat<\/h1>\n    <\/div>\n\n  <\/div>\n<\/section>\n<section data-aos=\"fade-up\" data-aos-duration=\"1500\" class=\"text-block text-block-m gutenberg-block \" >\n  <div class=\"sk-container sk-container--fl\">\n\n    <div class=\"text-block-content sk-container\">\n\n              <div class=\"text-block-text\"><p>Az \u00c1tl\u00e1that\u00f3s\u00e1gi K\u00f6zpont elk\u00f6telezett a fogyat\u00e9kkal \u00e9l\u0151k digit\u00e1lis hozz\u00e1f\u00e9rhet\u0151s\u00e9g\u00e9nek biztos\u00edt\u00e1sa mellett. Folyamatosan jav\u00edtjuk a felhaszn\u00e1l\u00f3i \u00e9lm\u00e9nyt mindenki sz\u00e1m\u00e1ra, \u00e9s alkalmazzuk a vonatkoz\u00f3 hozz\u00e1f\u00e9rhet\u0151s\u00e9gi szabv\u00e1nyokat.<\/p>\n<h2>A hozz\u00e1f\u00e9rhet\u0151s\u00e9get t\u00e1mogat\u00f3 int\u00e9zked\u00e9sek<\/h2>\n<p>Az \u00c1tl\u00e1that\u00f3s\u00e1gi K\u00f6zpont a k\u00f6vetkez\u0151 int\u00e9zked\u00e9seket teszi a https:\/\/test2.disinfocode.eu\/ el\u00e9rhet\u0151s\u00e9g\u00e9nek biztos\u00edt\u00e1sa \u00e9rdek\u00e9ben:<\/p>\n<ul>\n<li>A k\u00e9pek \u00e9rtelmes alt sz\u00f6veggel rendelkeznek<\/li>\n<li>A linkek vizu\u00e1lisan azonos\u00edthat\u00f3k<\/li>\n<li>Le\u00edr\u00f3 szakaszc\u00edmek haszn\u00e1lata<\/li>\n<li>A helyes szemantikus HTML elemszerkezet haszn\u00e1lata<\/li>\n<li>Az \u0171rlapok le\u00edr\u00f3 c\u00edmk\u00e9kkel rendelkeznek<\/li>\n<li>Az inform\u00e1ci\u00f3 nem f\u00fcgg a sz\u00ednt\u0151l, hangt\u00f3l, form\u00e1t\u00f3l, m\u00e9rett\u0151l vagy vizu\u00e1lis helyt\u0151l.<\/li>\n<li>A sz\u00f6veg \u00e9s a h\u00e1tt\u00e9r sz\u00edne kell\u0151 kontraszttal rendelkezik<\/li>\n<li>A tartalom megfelel\u0151en sk\u00e1l\u00e1z\u00f3dik nagy\u00edt\u00e1skor\/nagy\u00edt\u00e1skor<\/li>\n<li>Le\u00edr\u00f3 c\u00edmsor haszn\u00e1lata<\/li>\n<li>T\u00e1mogatja a billenty\u0171zetes navig\u00e1ci\u00f3t<\/li>\n<li>A billenty\u0171zetet haszn\u00e1l\u00f3k sz\u00e1m\u00e1ra l\u00e1that\u00f3 f\u00f3kusz\u00e1llapotok<\/li>\n<li>Helyes HTML5 bemeneti t\u00edpusok<\/li>\n<li>A webhely nem \u00e1ll le v\u00e1ratlanul<\/li>\n<li>A multim\u00e9dia fogyaszt\u00e1s\u00e1nak alternat\u00edv m\u00f3djai<\/li>\n<li>A HTML &#8216;lang&#8217; attrib\u00fatum haszn\u00e1lata<\/li>\n<li>\u00c9rthet\u0151 bemeneti c\u00edmk\u00e9k haszn\u00e1lata<\/li>\n<li>Az \u0171rlapok hasznos \u00e9s el\u00e9rhet\u0151 hiba- \u00e9s ellen\u0151rz\u0151 \u00fczenetekkel rendelkeznek<\/li>\n<li>A linkek le\u00edr\u00f3ak \u00e9s sz\u00e1nd\u00e9kot mutatnak<\/li>\n<li>Az oldalak st\u00edlusok n\u00e9lk\u00fcl is \u00e9rthet\u0151ek<\/li>\n<li>A HTML helyes \u00e9s hib\u00e1tlan<\/li>\n<li>A CSV f\u00e1jl let\u00f6lt\u00e9sek \u00e9s a JSON f\u00e1jl let\u00f6lt\u00e9sek nyers adatk\u00e9szletek.<\/li>\n<\/ul>\n<h2>Megfelel\u0151s\u00e9gi st\u00e1tusz<\/h2>\n<p>A Web Content Accessibility Guidelines (WCAG) a tervez\u0151k \u00e9s fejleszt\u0151k sz\u00e1m\u00e1ra hat\u00e1rozza meg a fogyat\u00e9kkal \u00e9l\u0151k hozz\u00e1f\u00e9rhet\u0151s\u00e9g\u00e9nek jav\u00edt\u00e1s\u00e1ra vonatkoz\u00f3 k\u00f6vetelm\u00e9nyeket. H\u00e1rom megfelel\u0151s\u00e9gi szintet hat\u00e1roz meg: szint, AA szint \u00e9s AAA szint. Az \u00c1tl\u00e1that\u00f3s\u00e1gi k\u00f6zpont r\u00e9szben megfelel a WCAG 2.1 AA szintnek. A r\u00e9szlegesen megfelel\u0151 azt jelenti, hogy a tartalom egyes r\u00e9szei nem felelnek meg teljes m\u00e9rt\u00e9kben az akad\u00e1lymentes\u00edt\u00e9si szabv\u00e1nynak.<\/p>\n<h3>Tov\u00e1bbi hozz\u00e1f\u00e9rhet\u0151s\u00e9gi megfontol\u00e1sok<\/h3>\n<p class=\"basic-information conformance-additions\">B\u00e1r c\u00e9lunk a WCAG 2.1 AA szint\u0171 megfelel\u00e9s, n\u00e9h\u00e1ny AAA szint\u0171 sikerkrit\u00e9riumot is alkalmaztunk:<\/p>\n<ul>\n<li>Nem haszn\u00e1lunk sz\u00f6veges k\u00e9peket.<\/li>\n<li>Minden funkci\u00f3 kiv\u00e9tel n\u00e9lk\u00fcl el\u00e9rhet\u0151 billenty\u0171zettel.<\/li>\n<li>Nincs id\u0151korl\u00e1toz\u00e1s a weboldalon.<\/li>\n<li>Egyetlen tartalom sem villan fel m\u00e1sodpercenk\u00e9nt h\u00e1romn\u00e1l t\u00f6bbsz\u00f6r.<\/li>\n<li>T\u00e1j\u00e9koztatjuk a felhaszn\u00e1l\u00f3kat arr\u00f3l, hogy \u00e9ppen hol tart\u00f3zkodnak az oldalon.<\/li>\n<li>Minden link c\u00e9lja egy\u00e9rtelm\u0171 a sz\u00f6veg\u00e9b\u0151l.<\/li>\n<li>Szervezett tartalom c\u00edmszavakkal.<\/li>\n<\/ul>\n<h2>M\u0171szaki specifik\u00e1ci\u00f3k<\/h2>\n<p>Az \u00c1tl\u00e1that\u00f3s\u00e1gi K\u00f6zpont hozz\u00e1f\u00e9rhet\u0151s\u00e9ge a k\u00f6vetkez\u0151 technol\u00f3gi\u00e1kon alapul, hogy a webb\u00f6ng\u00e9sz\u0151 \u00e9s az \u00d6n sz\u00e1m\u00edt\u00f3g\u00e9p\u00e9re telep\u00edtett seg\u00edt\u0151 technol\u00f3gi\u00e1k vagy b\u0151v\u00edtm\u00e9nyek adott kombin\u00e1ci\u00f3j\u00e1val m\u0171k\u00f6dj\u00f6n:<\/p>\n<ul class=\"technical-information technologies-used\">\n<li>HTML<\/li>\n<li>WAI-ARIA<\/li>\n<li>CSS<\/li>\n<li>JavaScript<\/li>\n<li>PHP<\/li>\n<\/ul>\n<p>Ezekre a technol\u00f3gi\u00e1kra t\u00e1maszkodnak az alkalmazott hozz\u00e1f\u00e9rhet\u0151s\u00e9gi szabv\u00e1nyoknak val\u00f3 megfelel\u00e9s tekintet\u00e9ben.<\/p>\n<h2>Korl\u00e1toz\u00e1sok \u00e9s alternat\u00edv\u00e1k<\/h2>\n<p>Az \u00c1tl\u00e1that\u00f3s\u00e1gi K\u00f6zpont hozz\u00e1f\u00e9rhet\u0151s\u00e9g\u00e9nek biztos\u00edt\u00e1sa \u00e9rdek\u00e9ben tett er\u0151fesz\u00edt\u00e9seink ellen\u00e9re el\u0151fordulhatnak bizonyos korl\u00e1toz\u00e1sok. Az al\u00e1bbiakban ismert korl\u00e1toz\u00e1sok \u00e9s lehets\u00e9ges megold\u00e1sok le\u00edr\u00e1sa k\u00f6vetkezik. K\u00e9rj\u00fck, l\u00e9pjen kapcsolatba vel\u00fcnk, ha olyan probl\u00e9m\u00e1t \u00e9szlel, amely nem szerepel az al\u00e1bbiakban.<\/p>\n<p>Az \u00c1tl\u00e1that\u00f3s\u00e1gi K\u00f6zpont ismert korl\u00e1tai:<\/p>\n<ol class=\"technical-information accessibility-limitations\">\n<li>A jelent\u00e9sekb\u0151l automatikusan gener\u00e1lt PDF-f\u00e1jlok nem felt\u00e9tlen\u00fcl felelnek meg teljesen a k\u00f6vetelm\u00e9nyeknek<\/li>\n<li>Az al\u00e1\u00edr\u00f3kt\u00f3l felt\u00f6lt\u00f6tt PDF-f\u00e1jlok nem biztos, hogy teljes m\u00e9rt\u00e9kben megfelelnek a k\u00f6vetelm\u00e9nyeknek.<\/li>\n<\/ol>\n<h2>Visszajelz\u00e9s<\/h2>\n<p>\u00d6r\u00f6mmel fogadjuk visszajelz\u00e9seit az \u00c1tl\u00e1that\u00f3s\u00e1gi K\u00f6zpont hozz\u00e1f\u00e9rhet\u0151s\u00e9g\u00e9vel kapcsolatban. K\u00e9rj\u00fck, \u00e9rtes\u00edtsen minket, ha akad\u00e1lyokba \u00fctk\u00f6zik az \u00c1tl\u00e1that\u00f3s\u00e1gi K\u00f6zpontban:<\/p>\n<p>E-mail: contact@disinfocode.vost.pt<\/p>\n<\/div>\n      \n          <\/div>\n\n  <\/div>\n<\/section>\n\n<p><\/p>\n","protected":false},"excerpt":{"rendered":"","protected":false},"author":93,"featured_media":0,"parent":0,"menu_order":0,"comment_status":"closed","ping_status":"closed","template":"","meta":{"_acf_changed":false,"footnotes":""},"class_list":["post-2622","page","type-page","status-publish","hentry"],"acf":[],"yoast_head":"<!-- This site is optimized with the Yoast SEO plugin v24.5 - https:\/\/yoast.com\/wordpress\/plugins\/seo\/ -->\n<title>Akad\u00e1lymentes hozz\u00e1f\u00e9r\u00e9sr\u0151l sz\u00f3l\u00f3 nyilatkozat - Transparency Centre<\/title>\n<meta name=\"robots\" content=\"index, follow, max-snippet:-1, max-image-preview:large, max-video-preview:-1\" \/>\n<link rel=\"canonical\" href=\"https:\/\/test2.disinfocode.eu\/hu\/hozzaferhetosegi-nyilatkozat\/\" \/>\n<meta property=\"og:locale\" content=\"hu_HU\" \/>\n<meta property=\"og:type\" content=\"article\" \/>\n<meta property=\"og:title\" content=\"Akad\u00e1lymentes hozz\u00e1f\u00e9r\u00e9sr\u0151l sz\u00f3l\u00f3 nyilatkozat - Transparency Centre\" \/>\n<meta property=\"og:url\" content=\"https:\/\/test2.disinfocode.eu\/hu\/hozzaferhetosegi-nyilatkozat\/\" \/>\n<meta property=\"og:site_name\" content=\"Transparency Centre\" \/>\n<meta property=\"article:modified_time\" content=\"2023-02-20T12:58:30+00:00\" \/>\n<meta name=\"twitter:card\" content=\"summary_large_image\" \/>\n<script type=\"application\/ld+json\" class=\"yoast-schema-graph\">{\"@context\":\"https:\/\/schema.org\",\"@graph\":[{\"@type\":\"WebPage\",\"@id\":\"https:\/\/test2.disinfocode.eu\/hu\/hozzaferhetosegi-nyilatkozat\/\",\"url\":\"https:\/\/test2.disinfocode.eu\/hu\/hozzaferhetosegi-nyilatkozat\/\",\"name\":\"Akad\u00e1lymentes hozz\u00e1f\u00e9r\u00e9sr\u0151l sz\u00f3l\u00f3 nyilatkozat - Transparency Centre\",\"isPartOf\":{\"@id\":\"https:\/\/disinfocode.eu\/#website\"},\"datePublished\":\"2023-01-20T09:04:00+00:00\",\"dateModified\":\"2023-02-20T12:58:30+00:00\",\"inLanguage\":\"hu\",\"potentialAction\":[{\"@type\":\"ReadAction\",\"target\":[\"https:\/\/test2.disinfocode.eu\/hu\/hozzaferhetosegi-nyilatkozat\/\"]}]},{\"@type\":\"WebSite\",\"@id\":\"https:\/\/disinfocode.eu\/#website\",\"url\":\"https:\/\/disinfocode.eu\/\",\"name\":\"Transparency Centre\",\"description\":\"Discover the Code of Practice on Disinformation\",\"potentialAction\":[{\"@type\":\"SearchAction\",\"target\":{\"@type\":\"EntryPoint\",\"urlTemplate\":\"https:\/\/disinfocode.eu\/?s={search_term_string}\"},\"query-input\":{\"@type\":\"PropertyValueSpecification\",\"valueRequired\":true,\"valueName\":\"search_term_string\"}}],\"inLanguage\":\"hu\"}]}<\/script>\n<!-- \/ Yoast SEO plugin. -->","yoast_head_json":{"title":"Akad\u00e1lymentes hozz\u00e1f\u00e9r\u00e9sr\u0151l sz\u00f3l\u00f3 nyilatkozat - Transparency Centre","robots":{"index":"index","follow":"follow","max-snippet":"max-snippet:-1","max-image-preview":"max-image-preview:large","max-video-preview":"max-video-preview:-1"},"canonical":"https:\/\/test2.disinfocode.eu\/hu\/hozzaferhetosegi-nyilatkozat\/","og_locale":"hu_HU","og_type":"article","og_title":"Akad\u00e1lymentes hozz\u00e1f\u00e9r\u00e9sr\u0151l sz\u00f3l\u00f3 nyilatkozat - Transparency Centre","og_url":"https:\/\/test2.disinfocode.eu\/hu\/hozzaferhetosegi-nyilatkozat\/","og_site_name":"Transparency Centre","article_modified_time":"2023-02-20T12:58:30+00:00","twitter_card":"summary_large_image","schema":{"@context":"https:\/\/schema.org","@graph":[{"@type":"WebPage","@id":"https:\/\/test2.disinfocode.eu\/hu\/hozzaferhetosegi-nyilatkozat\/","url":"https:\/\/test2.disinfocode.eu\/hu\/hozzaferhetosegi-nyilatkozat\/","name":"Akad\u00e1lymentes hozz\u00e1f\u00e9r\u00e9sr\u0151l sz\u00f3l\u00f3 nyilatkozat - Transparency Centre","isPartOf":{"@id":"https:\/\/disinfocode.eu\/#website"},"datePublished":"2023-01-20T09:04:00+00:00","dateModified":"2023-02-20T12:58:30+00:00","inLanguage":"hu","potentialAction":[{"@type":"ReadAction","target":["https:\/\/test2.disinfocode.eu\/hu\/hozzaferhetosegi-nyilatkozat\/"]}]},{"@type":"WebSite","@id":"https:\/\/disinfocode.eu\/#website","url":"https:\/\/disinfocode.eu\/","name":"Transparency Centre","description":"Discover the Code of Practice on Disinformation","potentialAction":[{"@type":"SearchAction","target":{"@type":"EntryPoint","urlTemplate":"https:\/\/disinfocode.eu\/?s={search_term_string}"},"query-input":{"@type":"PropertyValueSpecification","valueRequired":true,"valueName":"search_term_string"}}],"inLanguage":"hu"}]}},"_links":{"self":[{"href":"https:\/\/test2.disinfocode.eu\/hu\/wp-json\/wp\/v2\/pages\/2622","targetHints":{"allow":["GET"]}}],"collection":[{"href":"https:\/\/test2.disinfocode.eu\/hu\/wp-json\/wp\/v2\/pages"}],"about":[{"href":"https:\/\/test2.disinfocode.eu\/hu\/wp-json\/wp\/v2\/types\/page"}],"author":[{"embeddable":true,"href":"https:\/\/test2.disinfocode.eu\/hu\/wp-json\/wp\/v2\/users\/93"}],"replies":[{"embeddable":true,"href":"https:\/\/test2.disinfocode.eu\/hu\/wp-json\/wp\/v2\/comments?post=2622"}],"version-history":[{"count":0,"href":"https:\/\/test2.disinfocode.eu\/hu\/wp-json\/wp\/v2\/pages\/2622\/revisions"}],"wp:attachment":[{"href":"https:\/\/test2.disinfocode.eu\/hu\/wp-json\/wp\/v2\/media?parent=2622"}],"curies":[{"name":"wp","href":"https:\/\/api.w.org\/{rel}","templated":true}]}}