{"id":2217,"date":"2023-01-12T19:04:24","date_gmt":"2023-01-12T19:04:24","guid":{"rendered":"https:\/\/wp-dev.space\/zn\/transparency-center\/master\/leendo-alairok\/"},"modified":"2023-02-06T01:25:53","modified_gmt":"2023-02-06T01:25:53","slug":"leendo-alairok","status":"publish","type":"page","link":"https:\/\/test2.disinfocode.eu\/hu\/leendo-alairok\/","title":{"rendered":"Leend\u0151 Al\u00e1\u00edr\u00f3k"},"content":{"rendered":"<section class=\"title-block title-block-m gutenberg-block  indigo-800\" >\n  <div class=\"sk-container sk-container--fl\">\n\n    <div class=\"title-block-content sk-container\">\n\n            <div class=\"title-block-description\">CSATLAKOZZON HOZZ\u00c1NK<\/div>\n      \n            <h1 class=\"title-block-title\">Leend\u0151 Al\u00e1\u00edr\u00f3k<\/h1>\n    <\/div>\n\n  <\/div>\n<\/section>\n\n\n<section data-aos=\"fade-up\" data-aos-duration=\"1500\" class=\"text-block text-block-m gutenberg-block \" >\n  <div class=\"sk-container sk-container--fl\">\n\n    <div class=\"text-block-content sk-container\">\n\n              <div class=\"text-block-text\"><div class=\"ewa-rteLine\">A 2022. j\u00fanius 16-\u00e1n el\u0151terjesztett \u00faj, 2022-es F\u00e9lret\u00e1j\u00e9koztat\u00e1ssal kapcsolatos gyakorlati k\u00f3dex egy innovat\u00edv, \u00f6nk\u00e9ntes, egy\u00fcttesen szab\u00e1lyozott eszk\u00f6z, melyet 34 Al\u00e1\u00edr\u00f3 alkotott meg \u00e9s \u00edrt al\u00e1. A K\u00f3dex jelenlegi Al\u00e1\u00edr\u00f3i a Bizotts\u00e1ggal, az Eur\u00f3pai K\u00fcl\u00fcgyi Szolg\u00e1lattal (EKSZ), az Audiovizu\u00e1lis M\u00e9diaszolg\u00e1ltat\u00e1sokat Szab\u00e1lyoz\u00f3 Hat\u00f3s\u00e1gok Eur\u00f3pai Csoportj\u00e1val (ERGA) \u00e9s a Digit\u00e1lis M\u00e9dia Eur\u00f3pai Megfigyel\u0151k\u00f6zpontj\u00e1val (EDMO) egy\u00fctt r\u00e9szv\u00e9teli sz\u00e1nd\u00e9k kifejez\u00e9s\u00e9re val\u00f3 felh\u00edv\u00e1st tesznek k\u00f6zz\u00e9, tov\u00e1bbi szerepl\u0151ket \u00f6szt\u00f6n\u00f6zve az EU-ban m\u0171k\u00f6d\u0151 online inform\u00e1ci\u00f3s \u00f6kosziszt\u00e9m\u00e1b\u00f3l a K\u00f3dexhez val\u00f3 csatlakoz\u00e1sra.<\/div>\n<div class=\"ewa-rteLine\"><\/div>\n<div class=\"ewa-rteLine\">Az al\u00e1\u00edr\u00e1sban \u00e9rdekelt felek k\u00fcldjenek e-mailt a Munkacsoport r\u00e9sz\u00e9re, melyben r\u00f6viden bemutatj\u00e1k a szervezet\u00fcket \u00e9s az \u00e1ltaluk ny\u00fajtott szolg\u00e1ltat\u00e1sokat, valamint azt is megadj\u00e1k, hogy az \u00faj K\u00f3dexben szerepl\u0151 mely v\u00e1llal\u00e1sokban \u00e9s int\u00e9zked\u00e9sekben k\u00edv\u00e1nnak r\u00e9szt venni.<\/div>\n<\/div>\n      \n            <div class=\"text-block-buttons\">\n                    <a class=\"sk-btn sk-btn--primary sk-btn--2xl\" href=\"#form\"\n             target=\"_self\">\u00cdrja al\u00e1 \u00d6n is<\/a>\n      <\/div>\n          <\/div>\n\n  <\/div>\n<\/section>\n\n\n<section class=\"left-text left-text-m left-text \" >\n \n\n    <div class=\"left-text-content\">\n      <div class=\"left-text-row\">\n\n\n        <div class=\"left-text-column left-text-column-left\" data-aos=\"fade-right\" data-aos-duration=\"1500\">\n\n            <div class=\"left-text-item-image circle-icon\">\n        \n\n\t\n\t\n\t\n\t\t<?xml version=\"1.0\" encoding=\"UTF-8\"?> <svg xmlns=\"http:\/\/www.w3.org\/2000\/svg\" width=\"19\" height=\"22\" viewBox=\"0 0 19 22\" fill=\"none\"><path d=\"M17 11.5V5.8C17 4.11984 17 3.27976 16.673 2.63803C16.3854 2.07354 15.9265 1.6146 15.362 1.32698C14.7202 1 13.8802 1 12.2 1H5.8C4.11984 1 3.27976 1 2.63803 1.32698C2.07354 1.6146 1.6146 2.07354 1.32698 2.63803C1 3.27976 1 4.11984 1 5.8V16.2C1 17.8802 1 18.7202 1.32698 19.362C1.6146 19.9265 2.07354 20.3854 2.63803 20.673C3.27976 21 4.11984 21 5.8 21H9M11 10H5M7 14H5M13 6H5M11.5 18L13.5 20L18 15.5\" stroke=\"#444CE7\" stroke-width=\"2\" stroke-linecap=\"round\" stroke-linejoin=\"round\"><\/path><\/svg> \n\n\t\n\n      <\/div>\n    \n    <div class=\"left-text-text\">\n              <h2 class=\"left-text-title\">Kikhez sz\u00f3l a Felh\u00edv\u00e1s?<\/h2>\n      \n              <div class=\"left-text-description\"><div class=\"ewa-rteLine\">A Felh\u00edv\u00e1s a t\u00e9m\u00e1ban \u00e9rintett szerepl\u0151k sz\u00e9les k\u00f6r\u00e9hez sz\u00f3l, t\u00f6bbek k\u00f6z\u00f6tt olyan online szolg\u00e1ltat\u00f3khoz, amelyek tartalmak nyilv\u00e1nos terjeszt\u00e9s\u00e9ben vesznek r\u00e9szt, mint p\u00e9ld\u00e1ul a k\u00f6z\u00f6ss\u00e9gi m\u00e9dia, a priv\u00e1t \u00fczenetk\u00fcld\u0151 alkalmaz\u00e1sok \u00e9s a keres\u0151motorok, az online rekl\u00e1mipar r\u00e9sztvev\u0151i, az elektronikus fizet\u00e9si szolg\u00e1ltat\u00f3k, az online kereskedelmi platformok, a k\u00f6z\u00f6ss\u00e9gi finansz\u00edroz\u00e1si\/adom\u00e1nyoz\u00e1si rendszerek, melyek mind felhaszn\u00e1lhat\u00f3k hamis inform\u00e1ci\u00f3k terjeszt\u00e9s\u00e9re. Tov\u00e1bb\u00e1 a f\u00e9lret\u00e1j\u00e9koztat\u00e1s elleni harcot c\u00e9lz\u00f3 technol\u00f3giai megold\u00e1sokat ny\u00fajt\u00f3 szerepl\u0151kh\u00f6z, a t\u00e9nyellen\u0151r\u00f6kh\u00f6z \u00e9s a f\u00e9lret\u00e1j\u00e9koztat\u00e1s visszaszor\u00edt\u00e1s\u00e1ra specializ\u00e1l\u00f3dott civil t\u00e1rsadalmi szervezetekhez.<\/div>\n<div class=\"ewa-rteLine\"><\/div>\n<div class=\"ewa-rteLine\">A 2022-es K\u00f3dexhez val\u00f3 csatlakoz\u00e1ssal az \u00faj Al\u00e1\u00edr\u00f3k egy EU-szint\u0171 f\u00f3rum r\u00e9sz\u00e9v\u00e9 v\u00e1lnak, amely \u00f6sszehozza azokat a legk\u00fcl\u00f6nf\u00e9l\u00e9bb meghat\u00e1roz\u00f3 szerepl\u0151ket, akik hathat\u00f3sabb l\u00e9p\u00e9seket k\u00edv\u00e1nnak tenni, hogy megoszthass\u00e1k egym\u00e1ssal j\u00f3 gyakorlataikat \u00e9s fejlessz\u00e9k egy\u00fcttm\u0171k\u00f6d\u00e9s\u00fcket a f\u00e9lret\u00e1j\u00e9koztat\u00e1sb\u00f3l ered\u0151 kock\u00e1zatok m\u00e9rs\u00e9kl\u00e9se \u00e9rdek\u00e9ben az EU-n bel\u00fcl.<\/div>\n<\/div>\n          <\/div>\n\n    <\/div>\n        \n\t\t<div class=\"left-text-column left-text-column-right\" data-aos=\"fade-left\" data-aos-duration=\"1500\">\n\n      <div class=\"left-text-container-image\">\n                  <div class=\"left-text-wrap-image sk-only-d\">\n            \n\n\t\n\t\n\t\n\t\t\t\t\t\t\t\t\t\t\t\t\t\t\t\t\t\t\t\t\t\t\t\t\t\t\t\t\t\t\t\t\t\t\n\t\t\t\t\n\t\t<picture>\n\t\t\t<source type=\"image\/webp\" sizes=\"(max-width: 991px) 710px, (max-width: 1279px) 940px, 1216px\" srcset=\"https:\/\/test2.disinfocode.eu\/wp-content\/uploads\/2023\/01\/signatory_desktop-100x0-c-default.webp 100w, https:\/\/test2.disinfocode.eu\/wp-content\/uploads\/2023\/01\/signatory_desktop-200x0-c-default.webp 200w, https:\/\/test2.disinfocode.eu\/wp-content\/uploads\/2023\/01\/signatory_desktop-400x0-c-default.webp 400w, https:\/\/test2.disinfocode.eu\/wp-content\/uploads\/2023\/01\/signatory_desktop-600x0-c-default.webp 600w, https:\/\/test2.disinfocode.eu\/wp-content\/uploads\/2023\/01\/signatory_desktop.webp 720w\">\n\t\t\t<source type=\"image\/jpeg\" sizes=\"(max-width: 991px) 710px, (max-width: 1279px) 940px, 1216px\" srcset=\"https:\/\/test2.disinfocode.eu\/wp-content\/uploads\/2023\/01\/signatory_desktop-100x0-c-default.jpg 100w, https:\/\/test2.disinfocode.eu\/wp-content\/uploads\/2023\/01\/signatory_desktop-200x0-c-default.jpg 200w, https:\/\/test2.disinfocode.eu\/wp-content\/uploads\/2023\/01\/signatory_desktop-400x0-c-default.jpg 400w, https:\/\/test2.disinfocode.eu\/wp-content\/uploads\/2023\/01\/signatory_desktop-600x0-c-default.jpg 600w, https:\/\/test2.disinfocode.eu\/wp-content\/uploads\/2023\/01\/signatory_desktop.jpg 720w\">\n\t\t\t<img loading=\"lazy\" decoding=\"async\" class=\"\" width=\"720\" height=\"560\" alt=\"H\u00e1tt\u00e9r k\u00e9p s\u00e1rga geometriai alakzatokkal\" src=\"https:\/\/test2.disinfocode.eu\/wp-content\/uploads\/2023\/01\/signatory_desktop.jpg\" loading=\"lazy\">\n\t\t<\/picture>\n\n\t\n\n          <\/div>\n                          <div class=\"left-text-wrap-image sk-only-m\">\n            \n\n\t\n\t\n\t\n\t\t\t\t\t\t\t\t\t\t\t\t\t\t\t\t\t\t\n\t\t\t\t\n\t\t<picture>\n\t\t\t<source type=\"image\/webp\" sizes=\"100vw\" srcset=\"https:\/\/test2.disinfocode.eu\/wp-content\/uploads\/2023\/01\/signatory_mobile-100x0-c-default.webp 100w, https:\/\/test2.disinfocode.eu\/wp-content\/uploads\/2023\/01\/signatory_mobile-200x0-c-default.webp 200w, https:\/\/test2.disinfocode.eu\/wp-content\/uploads\/2023\/01\/signatory_mobile.webp 375w\">\n\t\t\t<source type=\"image\/jpeg\" sizes=\"100vw\" srcset=\"https:\/\/test2.disinfocode.eu\/wp-content\/uploads\/2023\/01\/signatory_mobile-100x0-c-default.jpg 100w, https:\/\/test2.disinfocode.eu\/wp-content\/uploads\/2023\/01\/signatory_mobile-200x0-c-default.jpg 200w, https:\/\/test2.disinfocode.eu\/wp-content\/uploads\/2023\/01\/signatory_mobile.jpg 375w\">\n\t\t\t<img loading=\"lazy\" decoding=\"async\" class=\"\" width=\"375\" height=\"200\" alt=\"H\u00e1tt\u00e9r k\u00e9p s\u00e1rga geometriai alakzatokkal\" src=\"https:\/\/test2.disinfocode.eu\/wp-content\/uploads\/2023\/01\/signatory_mobile.jpg\" loading=\"lazy\">\n\t\t<\/picture>\n\n\t\n\n          <\/div>\n              <\/div>\n    <\/div>\n    \n    <\/div>\n\n\n\n\n    <\/div>\n\n\n<\/section>\n\n\n<section data-aos=\"fade-up\" data-aos-duration=\"1500\" id=\"form\" class=\"form form-m gutenberg-block \" >\n  <div class=\"sk-container\">\n\n    <div class=\"form-content\">\n      <div class=\"form-left-col\">\n              <div class=\"form-title\">Csatlakozzon az Inform\u00e1ci\u00f3s k\u00f6zpont Al\u00e1\u00edr\u00f3ihoz<\/div>\n      \n              <div class=\"form-description\">A gyakorlati K\u00f3dex Munkacsoportja \u00f6r\u00f6mmel v\u00e1rja, hogy a potenci\u00e1lis Al\u00e1\u00edr\u00f3k kifejezz\u00e9k r\u00e9szv\u00e9teli sz\u00e1nd\u00e9kukat.<\/div>\n      \n              <div class=\"form-signatories_form_id\"><div class=\"wpforms-container \" id=\"wpforms-5218\"><form id=\"wpforms-form-5218\" class=\"wpforms-validate wpforms-form wpforms-ajax-form\" data-formid=\"5218\" method=\"post\" enctype=\"multipart\/form-data\" action=\"\/hu\/wp-json\/wp\/v2\/pages\/2217\" data-token=\"994a482bc60e9329e8ab01f8d426b209\" data-token-time=\"1776933420\"><noscript class=\"wpforms-error-noscript\">Please enable JavaScript in your browser to complete this form.<\/noscript><div class=\"wpforms-field-container\"><div id=\"wpforms-5218-field_1-container\" class=\"wpforms-field wpforms-field-text sk-form-field\" data-field-id=\"1\"><label class=\"wpforms-field-label\" for=\"wpforms-5218-field_1\">Signatory Name <span class=\"wpforms-required-label\">*<\/span><\/label><input type=\"text\" id=\"wpforms-5218-field_1\" class=\"wpforms-field-medium wpforms-field-required\" name=\"wpforms[fields][1]\" placeholder=\"Signatory Name\" required><\/div><div id=\"wpforms-5218-field_2-container\" class=\"wpforms-field wpforms-field-email sk-form-field\" data-field-id=\"2\"><label class=\"wpforms-field-label\" for=\"wpforms-5218-field_2\">Contact email address <span class=\"wpforms-required-label\">*<\/span><\/label><input type=\"email\" id=\"wpforms-5218-field_2\" class=\"wpforms-field-medium wpforms-field-required\" name=\"wpforms[fields][2]\" placeholder=\"you@company.com\" spellcheck=\"false\" required><\/div><div id=\"wpforms-5218-field_3-container\" class=\"wpforms-field wpforms-field-textarea sk-form-field\" data-field-id=\"3\"><label class=\"wpforms-field-label\" for=\"wpforms-5218-field_3\">List the Commitments and measures that are relevant <span class=\"wpforms-required-label\">*<\/span><\/label><textarea id=\"wpforms-5218-field_3\" class=\"wpforms-field-medium wpforms-field-required\" name=\"wpforms[fields][3]\" placeholder=\"Leave us a message...\" required><\/textarea><\/div><div id=\"wpforms-5218-field_4-container\" class=\"wpforms-field wpforms-field-textarea sk-form-field\" data-field-id=\"4\"><label class=\"wpforms-field-label\" for=\"wpforms-5218-field_4\">Reasoning for the choice of commitments and measures, as well as future plans <span class=\"wpforms-required-label\">*<\/span><\/label><textarea id=\"wpforms-5218-field_4\" class=\"wpforms-field-medium wpforms-field-required\" name=\"wpforms[fields][4]\" placeholder=\"Leave us a message...\" required><\/textarea><\/div><div id=\"wpforms-5218-field_5-container\" class=\"wpforms-field wpforms-field-checkbox sk-form-field\" data-field-id=\"5\"><label class=\"wpforms-field-label wpforms-label-hide\">Privacy Policy <span class=\"wpforms-required-label\">*<\/span><\/label><ul id=\"wpforms-5218-field_5\" class=\"wpforms-field-required\"><li class=\"choice-1 depth-1\"><input type=\"checkbox\" id=\"wpforms-5218-field_5_1\" name=\"wpforms[fields][5][]\" value=\"I have read and agree to the &lt;a target=&quot;_blanc&quot; href=&quot;\/privacy-policy\/&quot;&gt;Privacy Policy&lt;\/a&gt;\" required ><label class=\"wpforms-field-label-inline\" for=\"wpforms-5218-field_5_1\">I have read and agree to the <a target=\"_blanc\" href=\"\/privacy-policy\/\">Privacy Policy<\/a><\/label><\/li><\/ul><\/div><\/div><!-- .wpforms-field-container --><div class=\"wpforms-recaptcha-container wpforms-is-recaptcha wpforms-is-recaptcha-type-invisible\" ><div class=\"g-recaptcha\" data-sitekey=\"6LcnVi0kAAAAACxwmlGG6JJvBrUg6pP7MfhtORJu\" data-size=\"invisible\"><\/div><\/div><div class=\"wpforms-submit-container\" ><input type=\"hidden\" name=\"wpforms[id]\" value=\"5218\"><input type=\"hidden\" name=\"page_title\" value=\"\"><input type=\"hidden\" name=\"page_url\" value=\"https:\/\/test2.disinfocode.eu\/hu\/wp-json\/wp\/v2\/pages\/2217\"><button type=\"submit\" name=\"wpforms[submit]\" id=\"wpforms-submit-5218\" class=\"wpforms-submit sk-form-field sk-btn sk-btn--secondary sk-btn--full-w\" data-alt-text=\"Sending...\" data-submit-text=\"Submit\" aria-live=\"assertive\" value=\"wpforms-submit\">Submit<\/button><img decoding=\"async\" src=\"https:\/\/test2.disinfocode.eu\/wp-content\/plugins\/wpforms-lite\/assets\/images\/submit-spin.svg\" class=\"wpforms-submit-spinner\" style=\"display: none;\" width=\"26\" height=\"26\" alt=\"Loading\"><\/div><\/form><\/div>  <!-- .wpforms-container --><\/div>\n      \n    <\/div>\n    <div  class=\"form-right-col\">\n              \n\n\t\n\t\n\t\n\t\t\t\t\t\t\t\t\t\t\t\t\t\t\t\t\t\t\t\t\t\t\t\t\t\t\n\t\t\t\t\n\t\t<picture>\n\t\t\t<source type=\"image\/webp\" sizes=\"(max-width: 991px) 710px, (max-width: 1279px) 940px, 1216px\" srcset=\"https:\/\/test2.disinfocode.eu\/wp-content\/uploads\/2023\/01\/form_side-100x0-c-default.webp 100w, https:\/\/test2.disinfocode.eu\/wp-content\/uploads\/2023\/01\/form_side-200x0-c-default.webp 200w, https:\/\/test2.disinfocode.eu\/wp-content\/uploads\/2023\/01\/form_side-400x0-c-default.webp 400w, https:\/\/test2.disinfocode.eu\/wp-content\/uploads\/2023\/01\/form_side.webp 500w\">\n\t\t\t<source type=\"image\/jpeg\" sizes=\"(max-width: 991px) 710px, (max-width: 1279px) 940px, 1216px\" srcset=\"https:\/\/test2.disinfocode.eu\/wp-content\/uploads\/2023\/01\/form_side-100x0-c-default.jpg 100w, https:\/\/test2.disinfocode.eu\/wp-content\/uploads\/2023\/01\/form_side-200x0-c-default.jpg 200w, https:\/\/test2.disinfocode.eu\/wp-content\/uploads\/2023\/01\/form_side-400x0-c-default.jpg 400w, https:\/\/test2.disinfocode.eu\/wp-content\/uploads\/2023\/01\/form_side.jpg 500w\">\n\t\t\t<img loading=\"lazy\" decoding=\"async\" class=\"\" width=\"500\" height=\"944\" alt=\"H\u00e1tt\u00e9r k\u00e9p k\u00e9k geometriai alakzatokkal\" src=\"https:\/\/test2.disinfocode.eu\/wp-content\/uploads\/2023\/01\/form_side.jpg\" loading=\"lazy\">\n\t\t<\/picture>\n\n\t\n\n          <\/div>\n<\/div>\n<\/div>\n<\/section>\n","protected":false},"excerpt":{"rendered":"","protected":false},"author":93,"featured_media":0,"parent":0,"menu_order":0,"comment_status":"closed","ping_status":"closed","template":"","meta":{"_acf_changed":false,"footnotes":""},"class_list":["post-2217","page","type-page","status-publish","hentry"],"acf":[],"yoast_head":"<!-- This site is optimized with the Yoast SEO plugin v24.5 - https:\/\/yoast.com\/wordpress\/plugins\/seo\/ -->\n<title>Leend\u0151 Al\u00e1\u00edr\u00f3k - Transparency Centre<\/title>\n<meta name=\"robots\" content=\"index, follow, max-snippet:-1, max-image-preview:large, max-video-preview:-1\" \/>\n<link rel=\"canonical\" href=\"https:\/\/test2.disinfocode.eu\/hu\/leendo-alairok\/\" \/>\n<meta property=\"og:locale\" content=\"hu_HU\" \/>\n<meta property=\"og:type\" content=\"article\" \/>\n<meta property=\"og:title\" content=\"Leend\u0151 Al\u00e1\u00edr\u00f3k - Transparency Centre\" \/>\n<meta property=\"og:url\" content=\"https:\/\/test2.disinfocode.eu\/hu\/leendo-alairok\/\" \/>\n<meta property=\"og:site_name\" content=\"Transparency Centre\" \/>\n<meta property=\"article:modified_time\" content=\"2023-02-06T01:25:53+00:00\" \/>\n<meta name=\"twitter:card\" content=\"summary_large_image\" \/>\n<script type=\"application\/ld+json\" class=\"yoast-schema-graph\">{\"@context\":\"https:\/\/schema.org\",\"@graph\":[{\"@type\":\"WebPage\",\"@id\":\"https:\/\/test2.disinfocode.eu\/hu\/leendo-alairok\/\",\"url\":\"https:\/\/test2.disinfocode.eu\/hu\/leendo-alairok\/\",\"name\":\"Leend\u0151 Al\u00e1\u00edr\u00f3k - Transparency Centre\",\"isPartOf\":{\"@id\":\"https:\/\/disinfocode.eu\/#website\"},\"datePublished\":\"2023-01-12T19:04:24+00:00\",\"dateModified\":\"2023-02-06T01:25:53+00:00\",\"inLanguage\":\"hu\",\"potentialAction\":[{\"@type\":\"ReadAction\",\"target\":[\"https:\/\/test2.disinfocode.eu\/hu\/leendo-alairok\/\"]}]},{\"@type\":\"WebSite\",\"@id\":\"https:\/\/disinfocode.eu\/#website\",\"url\":\"https:\/\/disinfocode.eu\/\",\"name\":\"Transparency Centre\",\"description\":\"Discover the Code of Practice on Disinformation\",\"potentialAction\":[{\"@type\":\"SearchAction\",\"target\":{\"@type\":\"EntryPoint\",\"urlTemplate\":\"https:\/\/disinfocode.eu\/?s={search_term_string}\"},\"query-input\":{\"@type\":\"PropertyValueSpecification\",\"valueRequired\":true,\"valueName\":\"search_term_string\"}}],\"inLanguage\":\"hu\"}]}<\/script>\n<!-- \/ Yoast SEO plugin. -->","yoast_head_json":{"title":"Leend\u0151 Al\u00e1\u00edr\u00f3k - Transparency Centre","robots":{"index":"index","follow":"follow","max-snippet":"max-snippet:-1","max-image-preview":"max-image-preview:large","max-video-preview":"max-video-preview:-1"},"canonical":"https:\/\/test2.disinfocode.eu\/hu\/leendo-alairok\/","og_locale":"hu_HU","og_type":"article","og_title":"Leend\u0151 Al\u00e1\u00edr\u00f3k - Transparency Centre","og_url":"https:\/\/test2.disinfocode.eu\/hu\/leendo-alairok\/","og_site_name":"Transparency Centre","article_modified_time":"2023-02-06T01:25:53+00:00","twitter_card":"summary_large_image","schema":{"@context":"https:\/\/schema.org","@graph":[{"@type":"WebPage","@id":"https:\/\/test2.disinfocode.eu\/hu\/leendo-alairok\/","url":"https:\/\/test2.disinfocode.eu\/hu\/leendo-alairok\/","name":"Leend\u0151 Al\u00e1\u00edr\u00f3k - Transparency Centre","isPartOf":{"@id":"https:\/\/disinfocode.eu\/#website"},"datePublished":"2023-01-12T19:04:24+00:00","dateModified":"2023-02-06T01:25:53+00:00","inLanguage":"hu","potentialAction":[{"@type":"ReadAction","target":["https:\/\/test2.disinfocode.eu\/hu\/leendo-alairok\/"]}]},{"@type":"WebSite","@id":"https:\/\/disinfocode.eu\/#website","url":"https:\/\/disinfocode.eu\/","name":"Transparency Centre","description":"Discover the Code of Practice on Disinformation","potentialAction":[{"@type":"SearchAction","target":{"@type":"EntryPoint","urlTemplate":"https:\/\/disinfocode.eu\/?s={search_term_string}"},"query-input":{"@type":"PropertyValueSpecification","valueRequired":true,"valueName":"search_term_string"}}],"inLanguage":"hu"}]}},"_links":{"self":[{"href":"https:\/\/test2.disinfocode.eu\/hu\/wp-json\/wp\/v2\/pages\/2217","targetHints":{"allow":["GET"]}}],"collection":[{"href":"https:\/\/test2.disinfocode.eu\/hu\/wp-json\/wp\/v2\/pages"}],"about":[{"href":"https:\/\/test2.disinfocode.eu\/hu\/wp-json\/wp\/v2\/types\/page"}],"author":[{"embeddable":true,"href":"https:\/\/test2.disinfocode.eu\/hu\/wp-json\/wp\/v2\/users\/93"}],"replies":[{"embeddable":true,"href":"https:\/\/test2.disinfocode.eu\/hu\/wp-json\/wp\/v2\/comments?post=2217"}],"version-history":[{"count":2,"href":"https:\/\/test2.disinfocode.eu\/hu\/wp-json\/wp\/v2\/pages\/2217\/revisions"}],"predecessor-version":[{"id":2219,"href":"https:\/\/test2.disinfocode.eu\/hu\/wp-json\/wp\/v2\/pages\/2217\/revisions\/2219"}],"wp:attachment":[{"href":"https:\/\/test2.disinfocode.eu\/hu\/wp-json\/wp\/v2\/media?parent=2217"}],"curies":[{"name":"wp","href":"https:\/\/api.w.org\/{rel}","templated":true}]}}