{"id":2650,"date":"2022-12-30T10:42:38","date_gmt":"2022-12-30T09:42:38","guid":{"rendered":"https:\/\/wp-dev.space\/zn\/transparency-center\/master\/privatnost\/"},"modified":"2023-03-27T18:24:37","modified_gmt":"2023-03-27T18:24:37","slug":"politika-privatnosti","status":"publish","type":"page","link":"https:\/\/test2.disinfocode.eu\/hr\/politika-privatnosti\/","title":{"rendered":"Privatnost"},"content":{"rendered":"<section class=\"title-block title-block-m gutenberg-block  indigo-800\" >\n  <div class=\"sk-container sk-container--fl\">\n\n    <div class=\"title-block-content sk-container\">\n\n      \n            <h1 class=\"title-block-title\">Privatnost<\/h1>\n    <\/div>\n\n  <\/div>\n<\/section>\n<section data-aos=\"fade-up\" data-aos-duration=\"1500\" class=\"text-block text-block-m gutenberg-block \" >\n  <div class=\"sk-container sk-container--fl\">\n\n    <div class=\"text-block-content sk-container\">\n\n              <div class=\"text-block-text\"><p><strong>Datum stupanja na snagu: 9. velja\u010de 2023<\/strong><\/p>\n<p>Centar za transparentnost (&#8220;mi&#8221;, &#8220;mi&#8221;, &#8220;na\u0161&#8221; ili &#8220;Organizacija&#8221;) posve\u0107en je za\u0161titi privatnosti pojedinaca koji posje\u0107uju na\u0161e web stranice. Predani smo za\u0161titi privatnosti pravnih osoba samo ako se to mo\u017ee primijeniti prema primjenjivom zakonu na snazi. Ovom izjavom o privatnosti informiramo se o na\u0161im pravilima u vezi s prikupljanjem, kori\u0161tenjem i otkrivanjem osobnih podataka kada pregledavate na\u0161e web stranice i odabirima koje ste povezali s tim podacima.<\/p>\n<p>Kori\u0161tenjem na\u0161e web stranice pristajete na prikupljanje i kori\u0161tenje informacija u skladu s ovom politikom.<\/p>\n<p>Ako imate bilo kakvih pitanja ili pritu\u017ebi u vezi s praksama privatnosti Organizacije, obratite nam se putem ove e-po\u0161te.<\/p>\n<p>Ova izjava o privatnosti pokriva sljede\u0107u web stranicu: https:\/\/test2.disinfocode.eu\/<\/p>\n<h2>\u0160to skupljamo?<\/h2>\n<p>Prikupljamo sljede\u0107e vrste informacija u razli\u010dite svrhe (navedene u nastavku) kako bismo vam pru\u017eili i pobolj\u0161ali na\u0161u uslugu:<\/p>\n<ul>\n<li>Osobni podaci<\/li>\n<li>Podaci o kori\u0161tenju<\/li>\n<li>Podaci o lokaciji<\/li>\n<li>Podaci o kola\u010di\u0107ima za pra\u0107enje<\/li>\n<\/ul>\n<h3>Osobni podaci<\/h3>\n<p>Kada nas kontaktirate u vezi primanja informacija o na\u0161im uslugama, kada se registrirate za sudjelovanje na na\u0161im doga\u0111ajima ili kada se prijavljujete za rad za nas, Centar za transparentnost od vas zahtijeva da date osobne podatke za kontakt koji se mogu koristiti za kontaktiranje ili identifikaciju. Podaci koji mogu identificirati osobu mogu uklju\u010divati, ali nisu ograni\u010deni na:<\/p>\n<ul>\n<li>Ime i prezime<\/li>\n<li>Email adresa<\/li>\n<\/ul>\n<h3>Podaci o kori\u0161tenju<\/h3>\n<p>Tako\u0111er mo\u017eemo prikupljati informacije o tome kako se usluzi pristupa i koristi (\u201ePodaci o kori\u0161tenju\u201d). Ovi podaci o kori\u0161tenju mogu uklju\u010divati informacije kao \u0161to su adresa internetskog protokola va\u0161eg ra\u010dunala (npr. IP adresa), vrsta preglednika, verzija preglednika, stranice na\u0161ih web stranica koje posje\u0107ujete, vrijeme i datum va\u0161eg posjeta, vrijeme provedeno na tim stranicama, jedinstveni identifikatore ure\u0111aja i druge dijagnosti\u010dke podatke.<\/p>\n<h3>Podaci o lokaciji<\/h3>\n<p>Mo\u017eemo koristiti i pohraniti podatke o va\u0161oj lokaciji ako nam date dopu\u0161tenje za to (&#8220;Podaci o lokaciji&#8221;). Te podatke koristimo za pru\u017eanje zna\u010dajki na\u0161e usluge te za pobolj\u0161anje i prilagodbu usluge koju nudimo.<\/p>\n<p>Mo\u017eete omogu\u0107iti ili onemogu\u0107iti usluge lokacije kada koristite na\u0161e web stranice u bilo kojem trenutku, putem postavki va\u0161eg ure\u0111aja.<\/p>\n<h3>Podaci o kola\u010di\u0107ima za pra\u0107enje<\/h3>\n<p>Koristimo kola\u010di\u0107e i sli\u010dne tehnologije pra\u0107enja za pra\u0107enje aktivnosti na na\u0161im web stranicama i \u010duvanje odre\u0111enih informacija.<\/p>\n<p>Vi\u0161e informacija o kola\u010di\u0107ima i primjerima kola\u010di\u0107a koje koristimo mo\u017eete prona\u0107i na <a href=\"https:\/\/test2.disinfocode.eu\/hr\/kolacici\/\">stranici Pravila o kola\u010di\u0107ima<\/a> .<\/p>\n<h2>Kako koristimo va\u0161e podatke?<\/h2>\n<p>Centar za transparentnost koristi prikupljene podatke u razli\u010dite svrhe koje su navedene u nastavku.<\/p>\n<p>Centar za transparentnost koristi osobne podatke o na\u0161im (potencijalnim) potpisnicima za pru\u017eanje tra\u017eenih usluga. Na primjer, ako po\u0161aljete od kako biste nas obavijestili o svom interesu da postanete Potpisnik, koristit \u0107emo informacije koje ste dali da vam po\u0161aljemo komunikaciju o daljnjim koracima da postanete Potpisnik i informacije o na\u0161oj grupi.<\/p>\n<h2>Zadr\u017eavanje podataka<\/h2>\n<p>Centar za transparentnost \u0107e zadr\u017eati va\u0161e osobne podatke samo onoliko dugo koliko je potrebno za svrhe navedene u ovim Pravilima privatnosti. Zadr\u017eat \u0107emo i koristiti va\u0161e osobne podatke u mjeri u kojoj je to potrebno za ispunjavanje na\u0161ih zakonskih obveza (na primjer, ako smo du\u017eni zadr\u017eati va\u0161e podatke radi uskla\u0111ivanja s primjenjivim zakonima), rje\u0161avanje sporova i provo\u0111enje na\u0161ih pravnih ugovora i politika.<\/p>\n<p>Transparency Center \u0107e tako\u0111er zadr\u017eati podatke o upotrebi za potrebe interne analize. Podaci o kori\u0161tenju op\u0107enito se \u010duvaju kra\u0107e razdoblje, osim kada se ti podaci koriste za ja\u010danje sigurnosti ili pobolj\u0161anje funkcionalnosti na\u0161e usluge ili smo zakonski obvezni \u010duvati te podatke dulje vremensko razdoblje.<\/p>\n<h3>Prijenos podataka<\/h3>\n<p>Va\u0161i podaci, uklju\u010duju\u0107i osobne podatke, mogu se prenijeti na \u2014 i odr\u017eavati na \u2014 ra\u010dunalima koja se nalaze izvan va\u0161e dr\u017eave, pokrajine, dr\u017eave ili druge vladine jurisdikcije gdje se zakoni o za\u0161titi podataka mogu razlikovati od onih iz va\u0161e jurisdikcije.<\/p>\n<p>Imajte na umu da podatke, uklju\u010duju\u0107i osobne podatke, prenosimo u Belgiju i tamo ih obra\u0111ujemo. Na\u0161i webhosting poslu\u017eitelji i podatkovni centri nalaze se u Belgiji.<\/p>\n<p>Va\u0161 pristanak na ovu Politiku privatnosti nakon \u010dega slijedi podno\u0161enje takvih informacija predstavlja va\u0161 pristanak na taj prijenos.<\/p>\n<p>Centar za transparentnost \u0107e poduzeti sve razumno potrebne korake kako bi osigurao da se s va\u0161im podacima postupa sigurno i u skladu s ovom Politikom privatnosti i ne\u0107e do\u0107i do prijenosa va\u0161ih osobnih podataka u organizaciju ili dr\u017eavu osim ako ne postoje odgovaraju\u0107e kontrole uklju\u010duju\u0107i sigurnost Va\u0161ih podataka i drugih osobnih informacija.<\/p>\n<h3>Sigurnost podataka<\/h3>\n<p>Sigurnost va\u0161ih podataka nam je va\u017ena, ali zapamtite da nijedna metoda prijenosa putem interneta ili metoda elektroni\u010dke pohrane nije 100% sigurna. Iako nastojimo koristiti komercijalno prihvatljiva sredstva za za\u0161titu va\u0161ih osobnih podataka, ne mo\u017eemo jam\u010diti njihovu apsolutnu sigurnost.<\/p>\n<p>Sla\u017eete se i prihva\u0107ate rizike povezane s kori\u0161tenjem interneta.<\/p>\n<h3>Va\u0161a prava<\/h3>\n<p>Centar za transparentnost ima za cilj poduzeti razumne korake kako bi vam omogu\u0107io ispravak, izmjenu, brisanje ili ograni\u010davanje upotrebe va\u0161ih osobnih podataka.<\/p>\n<p>Ako \u017eelite biti informirani koje osobne podatke imamo o vama i ako \u017eelite da ih uklonimo iz na\u0161ih sustava, kontaktirajte nas.<\/p>\n<p>U odre\u0111enim okolnostima imate pravo:<\/p>\n<ul>\n<li>Za pristup i primanje kopije osobnih podataka koje imamo o vama<\/li>\n<li>Za ispravak svih neto\u010dnih osobnih podataka koji se \u010duvaju o vama<\/li>\n<li>Podnijeti prigovor nadle\u017enom nadzornom tijelu<\/li>\n<li>Zatra\u017eiti brisanje osobnih podataka koji se \u010duvaju o vama (\u201epravo na zaborav\u201c)<\/li>\n<\/ul>\n<p>Mo\u017eda imate pravo na prenosivost podataka, ako je primjenjivo na va\u0161u situaciju u skladu s va\u017ee\u0107im zakonom, za informacije koje dajete Centru za transparentnost. Ako imamo obvezu pridr\u017eavati se prenosivosti, mo\u017eete zatra\u017eiti da dobijete kopiju svoje osobne podatke u uobi\u010dajeno kori\u0161tenom elektroni\u010dkom obliku kako biste njima mogli upravljati i premje\u0161tati ih.<\/p>\n<p>Imajte na umu da vas mo\u017eemo zamoliti da potvrdite svoj identitet prije nego \u0161to odgovorite na takve zahtjeve.<\/p>\n<h3>Pru\u017eatelji usluga<\/h3>\n<p>Mo\u017eemo zaposliti tvrtke i pojedince tre\u0107ih strana da olak\u0161aju uslugu koju pru\u017eamo (&#8220;Pru\u017eatelji usluga&#8221;), da pru\u017ee uslugu u na\u0161e ime, da izvr\u0161e usluge povezane s uslugom ili da nam pomognu u analizi kako se na\u0161a usluga koristi. Konkretno, mo\u017eemo koristiti podr\u0161ku tre\u0107ih strana za hosting i odr\u017eavanje ove web stranice.<\/p>\n<p>Te tre\u0107e strane imaju pristup va\u0161im osobnim podacima samo kako bi obavljale te zadatke u na\u0161e ime i obvezuju se da ih ne\u0107e otkriti niti koristiti u bilo koju drugu svrhu.<\/p>\n<p>Odbacujemo svoju odgovornost i nismo odgovorni za bilo kakve tro\u0161kove i\/ili \u0161tete koje vam mogu prouzro\u010diti Davatelji usluga.<\/p>\n<h2>Analitika<\/h2>\n<p>Mo\u017eemo koristiti pru\u017eatelje usluga tre\u0107ih strana za pra\u0107enje i analizu kori\u0161tenja na\u0161e usluge.<\/p>\n<h3>Google Analytics<\/h3>\n<p>Google Analytics je usluga web analitike koju nudi Google koja prati i izvje\u0161\u0107uje o prometu na web stranici. Google koristi prikupljene podatke za pra\u0107enje i nadzor kori\u0161tenja na\u0161e usluge. Ovi se podaci dijele s drugim Googleovim uslugama. Google mo\u017ee koristiti prikupljene podatke za kontekstualizaciju i personalizaciju oglasa vlastite ogla\u0161iva\u010dke mre\u017ee.<\/p>\n<p>Mo\u017eete isklju\u010diti mogu\u0107nost da va\u0161a aktivnost na usluzi bude dostupna Google Analyticsu instaliranjem dodatka za preglednik za isklju\u010divanje Google Analytics. Dodatak sprje\u010dava Google Analytics JavaScript (ga.js, analytics.js i dc.js) da dijeli informacije s Google Analyticsom o aktivnostima posjeta.<\/p>\n<p>Za vi\u0161e informacija o Googleovim praksama privatnosti, posjetite web stranicu Googleovih uvjeta privatnosti: http:\/\/www.google.com\/intl\/hr\/policies\/privacy<\/p>\n<h2>Veze na druge stranice<\/h2>\n<p>Na\u0161a usluga mo\u017ee sadr\u017eavati poveznice na druge stranice kojima ne upravljamo. Ako kliknete na poveznicu tre\u0107e strane, bit \u0107ete preusmjereni na stranicu te tre\u0107e strane. Toplo vam savjetujemo da pregledate Politiku privatnosti svake stranice koju posjetite.<\/p>\n<p>Nemamo kontrolu i ne preuzimamo nikakvu odgovornost za sadr\u017eaj, politiku privatnosti ili praksu bilo kojih stranica ili usluga tre\u0107ih strana.<\/p>\n<h2>Privatnost djece<\/h2>\n<p>Na\u0161a usluga se ne obra\u0107a nikome mla\u0111em od 13 godina ili mla\u0111oj dobi ako je primjenjivo prema posebnom zakonu koji se mo\u017ee primjenjivati, ali ne mla\u0111oj od 13 godina (&#8220;Djeca&#8221;).<\/p>\n<p>Ne prikupljamo svjesno osobne podatke od bilo koga mla\u0111eg od 13 godina. Ako ste roditelj ili skrbnik i znate da nam je va\u0161e dijete dostavilo osobne podatke, molimo da nas kontaktirate. Ako saznamo da smo prikupili osobne podatke od djece bez provjere roditeljskog pristanka, poduzimamo korake za uklanjanje tih informacija s na\u0161ih poslu\u017eitelja.<\/p>\n<h2>Otkrivanje za provedbu zakona<\/h2>\n<p>Pod odre\u0111enim okolnostima, Centar za transparentnost mo\u017ee biti du\u017ean otkriti va\u0161e osobne podatke ako to zahtijeva zakon ili kao odgovor na valjane zahtjeve javnih tijela (npr. suda ili vladine agencije).<\/p>\n<h2>Pravni zahtjevi i ograni\u010denje odgovornosti<\/h2>\n<p>Centar za transparentnost mo\u017ee otkriti va\u0161e osobne podatke u dobroj vjeri da je takva radnja neophodna za:<\/p>\n<ul>\n<li>Za po\u0161tivanje zakonske obveze<\/li>\n<li>Za za\u0161titu i obranu prava ili imovine Centra za transparentnost<\/li>\n<li>Za sprje\u010davanje ili istra\u017eivanje mogu\u0107ih nepravilnosti u vezi s uslugom<\/li>\n<li>Radi za\u0161tite osobne sigurnosti korisnika usluge ili javnosti<\/li>\n<li>Radi za\u0161tite od pravne odgovornosti<\/li>\n<\/ul>\n<h2>Promjene ovih Pravila privatnosti<\/h2>\n<p>S vremena na vrijeme mo\u017eemo a\u017eurirati na\u0161u Politiku privatnosti. Obavijestit \u0107emo vas o svim promjenama objavljivanjem novih Pravila privatnosti na ovoj stranici.<\/p>\n<p>Savjetujemo vam da povremeno pregledate ovu Politiku privatnosti radi eventualnih promjena. Promjene ovih Pravila o privatnosti stupaju na snagu kada se objave na ovoj stranici.<\/p>\n<h2>Prijevara e-po\u0161tom<\/h2>\n<p>Prijevare putem e-po\u0161te dramati\u010dno su porasle posljednjih godina, kiberneti\u010dki kriminalci postaju pametniji i potrebna nam je va\u0161a pomo\u0107 u borbi protiv njih.<\/p>\n<p>Cyberkriminalci \u0107e upotrijebiti sva sredstva kako bi vas prevarili da podijelite svoje osobne podatke, svoje financijske podatke ili \u010dak zatra\u017eili da izvr\u0161ite ne\u017eeljena i kriminalna pla\u0107anja. Ve\u0107ina kiberneti\u010dkih kriminalaca poku\u0161at \u0107e kontaktirati visoke predstavnike tvrtke i poku\u0161ati stvoriti osje\u0107aj hitnosti.<\/p>\n<p>Imajte na umu da postoje mnoge prijevarne tehnike, a \u010dak i uz trenutne tehnologije, mnoge prijevare putem e-po\u0161te zaobi\u0107i \u0107e sigurnosne mjere koje su postavile tvrtke.<\/p>\n<h3>\u0160to u\u010diniti u slu\u010daju sumnje?<\/h3>\n<p>Ako niste sigurni je li e-po\u0161ta ispravna, va\u0161 najbolji prijatelj je va\u0161 ICT \/ IT \/ odjel za sigurnost. Oni mogu pomo\u0107i u istra\u017eivanju podrijetla i legitimnosti e-po\u0161te.<\/p>\n<h3>Kako prijaviti la\u017enu e-po\u0161tu?<\/h3>\n<p>Mo\u017eete nas kontaktirati na <a href=\"mailto:contact@disinfocode.vost.pt\">contact@disinfocode.vost.pt<\/a> kako biste prijavili la\u017enu e-po\u0161tu ili kako biste dobili pomo\u0107 u za\u0161titi svojih podataka. Dat \u0107emo sve od sebe kako bismo osigurali maksimalnu za\u0161titu.<\/p>\n<h2>Kontaktirajte nas<\/h2>\n<p>Ako imate bilo kakvih pitanja o ovim Pravilima privatnosti, <a href=\"mailto:contact@disinfocode.vost.pt\">obratite nam se putem ove e-po\u0161te<\/a> .<\/p>\n<\/div>\n      \n          <\/div>\n\n  <\/div>\n<\/section>\n","protected":false},"excerpt":{"rendered":"","protected":false},"author":62,"featured_media":0,"parent":0,"menu_order":0,"comment_status":"closed","ping_status":"closed","template":"","meta":{"_acf_changed":false,"footnotes":""},"class_list":["post-2650","page","type-page","status-publish","hentry"],"acf":[],"yoast_head":"<!-- This site is optimized with the Yoast SEO plugin v24.5 - https:\/\/yoast.com\/wordpress\/plugins\/seo\/ -->\n<title>Privatnost - Transparency Centre<\/title>\n<meta name=\"robots\" content=\"index, follow, max-snippet:-1, max-image-preview:large, max-video-preview:-1\" \/>\n<link rel=\"canonical\" href=\"https:\/\/test2.disinfocode.eu\/hr\/politika-privatnosti\/\" \/>\n<meta property=\"og:locale\" content=\"hr_HR\" \/>\n<meta property=\"og:type\" content=\"article\" \/>\n<meta property=\"og:title\" content=\"Privatnost - Transparency Centre\" \/>\n<meta property=\"og:url\" content=\"https:\/\/test2.disinfocode.eu\/hr\/politika-privatnosti\/\" \/>\n<meta property=\"og:site_name\" content=\"Transparency Centre\" \/>\n<meta property=\"article:modified_time\" content=\"2023-03-27T18:24:37+00:00\" \/>\n<meta name=\"twitter:card\" content=\"summary_large_image\" \/>\n<script type=\"application\/ld+json\" class=\"yoast-schema-graph\">{\"@context\":\"https:\/\/schema.org\",\"@graph\":[{\"@type\":\"WebPage\",\"@id\":\"https:\/\/test2.disinfocode.eu\/hr\/politika-privatnosti\/\",\"url\":\"https:\/\/test2.disinfocode.eu\/hr\/politika-privatnosti\/\",\"name\":\"Privatnost - Transparency Centre\",\"isPartOf\":{\"@id\":\"https:\/\/disinfocode.eu\/#website\"},\"datePublished\":\"2022-12-30T09:42:38+00:00\",\"dateModified\":\"2023-03-27T18:24:37+00:00\",\"inLanguage\":\"hr\",\"potentialAction\":[{\"@type\":\"ReadAction\",\"target\":[\"https:\/\/test2.disinfocode.eu\/hr\/politika-privatnosti\/\"]}]},{\"@type\":\"WebSite\",\"@id\":\"https:\/\/disinfocode.eu\/#website\",\"url\":\"https:\/\/disinfocode.eu\/\",\"name\":\"Transparency Centre\",\"description\":\"Discover the Code of Practice on Disinformation\",\"potentialAction\":[{\"@type\":\"SearchAction\",\"target\":{\"@type\":\"EntryPoint\",\"urlTemplate\":\"https:\/\/disinfocode.eu\/?s={search_term_string}\"},\"query-input\":{\"@type\":\"PropertyValueSpecification\",\"valueRequired\":true,\"valueName\":\"search_term_string\"}}],\"inLanguage\":\"hr\"}]}<\/script>\n<!-- \/ Yoast SEO plugin. -->","yoast_head_json":{"title":"Privatnost - Transparency Centre","robots":{"index":"index","follow":"follow","max-snippet":"max-snippet:-1","max-image-preview":"max-image-preview:large","max-video-preview":"max-video-preview:-1"},"canonical":"https:\/\/test2.disinfocode.eu\/hr\/politika-privatnosti\/","og_locale":"hr_HR","og_type":"article","og_title":"Privatnost - Transparency Centre","og_url":"https:\/\/test2.disinfocode.eu\/hr\/politika-privatnosti\/","og_site_name":"Transparency Centre","article_modified_time":"2023-03-27T18:24:37+00:00","twitter_card":"summary_large_image","schema":{"@context":"https:\/\/schema.org","@graph":[{"@type":"WebPage","@id":"https:\/\/test2.disinfocode.eu\/hr\/politika-privatnosti\/","url":"https:\/\/test2.disinfocode.eu\/hr\/politika-privatnosti\/","name":"Privatnost - Transparency Centre","isPartOf":{"@id":"https:\/\/disinfocode.eu\/#website"},"datePublished":"2022-12-30T09:42:38+00:00","dateModified":"2023-03-27T18:24:37+00:00","inLanguage":"hr","potentialAction":[{"@type":"ReadAction","target":["https:\/\/test2.disinfocode.eu\/hr\/politika-privatnosti\/"]}]},{"@type":"WebSite","@id":"https:\/\/disinfocode.eu\/#website","url":"https:\/\/disinfocode.eu\/","name":"Transparency Centre","description":"Discover the Code of Practice on Disinformation","potentialAction":[{"@type":"SearchAction","target":{"@type":"EntryPoint","urlTemplate":"https:\/\/disinfocode.eu\/?s={search_term_string}"},"query-input":{"@type":"PropertyValueSpecification","valueRequired":true,"valueName":"search_term_string"}}],"inLanguage":"hr"}]}},"_links":{"self":[{"href":"https:\/\/test2.disinfocode.eu\/hr\/wp-json\/wp\/v2\/pages\/2650","targetHints":{"allow":["GET"]}}],"collection":[{"href":"https:\/\/test2.disinfocode.eu\/hr\/wp-json\/wp\/v2\/pages"}],"about":[{"href":"https:\/\/test2.disinfocode.eu\/hr\/wp-json\/wp\/v2\/types\/page"}],"author":[{"embeddable":true,"href":"https:\/\/test2.disinfocode.eu\/hr\/wp-json\/wp\/v2\/users\/62"}],"replies":[{"embeddable":true,"href":"https:\/\/test2.disinfocode.eu\/hr\/wp-json\/wp\/v2\/comments?post=2650"}],"version-history":[{"count":0,"href":"https:\/\/test2.disinfocode.eu\/hr\/wp-json\/wp\/v2\/pages\/2650\/revisions"}],"wp:attachment":[{"href":"https:\/\/test2.disinfocode.eu\/hr\/wp-json\/wp\/v2\/media?parent=2650"}],"curies":[{"name":"wp","href":"https:\/\/api.w.org\/{rel}","templated":true}]}}