{"id":2613,"date":"2023-01-20T11:04:00","date_gmt":"2023-01-20T09:04:00","guid":{"rendered":"https:\/\/wp-dev.space\/zn\/transparency-center\/master\/izjava-o-pristupacnosti\/"},"modified":"2023-02-20T12:58:28","modified_gmt":"2023-02-20T12:58:28","slug":"izjava-o-dostupnosti","status":"publish","type":"page","link":"https:\/\/test2.disinfocode.eu\/hr\/izjava-o-dostupnosti\/","title":{"rendered":"Izjava o pristupa\u010dnosti"},"content":{"rendered":"\n<p><\/p>\n<section class=\"title-block title-block-m gutenberg-block  indigo-800\" >\n  <div class=\"sk-container sk-container--fl\">\n\n    <div class=\"title-block-content sk-container\">\n\n      \n            <h1 class=\"title-block-title\">Izjava o pristupa\u010dnosti<\/h1>\n    <\/div>\n\n  <\/div>\n<\/section>\n<section data-aos=\"fade-up\" data-aos-duration=\"1500\" class=\"text-block text-block-m gutenberg-block \" >\n  <div class=\"sk-container sk-container--fl\">\n\n    <div class=\"text-block-content sk-container\">\n\n              <div class=\"text-block-text\"><p>Transparency Center predan je osiguravanju digitalne pristupa\u010dnosti za osobe s invaliditetom. Kontinuirano pobolj\u0161avamo korisni\u010dko iskustvo za sve i primjenjujemo relevantne standarde pristupa\u010dnosti.<\/p>\n<h2>Mjere za podr\u0161ku pristupa\u010dnosti<\/h2>\n<p>Centar za transparentnost poduzima sljede\u0107e mjere kako bi osigurao dostupnost https:\/\/test2.disinfocode.eu\/:<\/p>\n<ul>\n<li>Slike imaju smislen alternativni tekst<\/li>\n<li>Linkovi su vizualno prepoznatljivi<\/li>\n<li>Kori\u0161tenje opisnih naslova odjeljaka<\/li>\n<li>Kori\u0161tenje ispravne semanti\u010dke strukture HTML elemenata<\/li>\n<li>Obrasci imaju opisne oznake<\/li>\n<li>Informacije ne ovise o boji, zvuku, obliku, veli\u010dini ili vizualnoj lokaciji<\/li>\n<li>Boja teksta i pozadine imaju dovoljan kontrast<\/li>\n<li>Sadr\u017eaj se ispravno skalira kada se zumira\/uve\u0107ava<\/li>\n<li>Kori\u0161tenje opisne oznake naslova<\/li>\n<li>Podr\u017eava navigaciju tipkovnicom<\/li>\n<li>Stanja fokusa vidljiva korisnicima tipkovnice<\/li>\n<li>Ispravne vrste HTML5 unosa<\/li>\n<li>Stranica ne istekne neo\u010dekivano<\/li>\n<li>Multimedija ima alternativne na\u010dine konzumiranja<\/li>\n<li>Kori\u0161tenje HTML atributa &#8216;lang&#8217;<\/li>\n<li>Kori\u0161tenje razumljivih oznaka ulaza<\/li>\n<li>Obrasci imaju korisne i dostupne poruke o pogre\u0161ci i verifikaciju<\/li>\n<li>Veze su opisne i daju namjeru<\/li>\n<li>Stranice su razumljive bez omogu\u0107enih stilova<\/li>\n<li>HTML je ispravan i bez gre\u0161aka<\/li>\n<li>Preuzimanja CSV datoteka i preuzimanja JSON datoteka neobra\u0111eni su skupovi podataka<\/li>\n<\/ul>\n<h2>Status uskla\u0111enosti<\/h2>\n<p>Smjernice za pristupa\u010dnost web sadr\u017eaja (WCAG) definiraju zahtjeve za dizajnere i programere kako bi pobolj\u0161ali pristupa\u010dnost za osobe s invaliditetom. Definira tri razine uskla\u0111enosti: razinu A, razinu AA i razinu AAA. Transparency Center djelomi\u010dno je uskla\u0111en s WCAG 2.1 razine AA. Djelomi\u010dno uskla\u0111eno zna\u010di da neki dijelovi sadr\u017eaja nisu u potpunosti uskla\u0111eni sa standardom pristupa\u010dnosti.<\/p>\n<h3>Dodatna razmatranja pristupa\u010dnosti<\/h3>\n<p class=\"basic-information conformance-additions\">Iako je na\u0161 cilj sukladnost WCAG 2.1 razine AA, tako\u0111er smo primijenili neke kriterije uspjeha razine AAA:<\/p>\n<ul>\n<li>Ne koristimo slike teksta.<\/li>\n<li>Sve funkcije su dostupne putem tipkovnice bez iznimke.<\/li>\n<li>Nema vremenskih ograni\u010denja na web stranici.<\/li>\n<li>Nijedan sadr\u017eaj ne treperi vi\u0161e od tri puta u sekundi.<\/li>\n<li>Obavje\u0161tavamo korisnike gdje se trenutno nalaze na stranici.<\/li>\n<li>Svrha svakog linka je jasna iz njegovog teksta.<\/li>\n<li>Organizirani sadr\u017eaj s naslovima.<\/li>\n<\/ul>\n<h2>Tehni\u010dke specifikacije<\/h2>\n<p>Pristupa\u010dnost Transparency Center-a oslanja se na sljede\u0107e tehnologije za rad s odre\u0111enom kombinacijom web-preglednika i svih pomo\u0107nih tehnologija ili dodataka instaliranih na va\u0161em ra\u010dunalu:<\/p>\n<ul class=\"technical-information technologies-used\">\n<li>HTML<\/li>\n<li>WAI-ARIJA<\/li>\n<li>CSS<\/li>\n<li>JavaScript<\/li>\n<li>PHP<\/li>\n<\/ul>\n<p>Ove se tehnologije oslanjaju na uskla\u0111enost s kori\u0161tenim standardima pristupa\u010dnosti.<\/p>\n<h2>Ograni\u010denja i alternative<\/h2>\n<p>Unato\u010d na\u0161im najve\u0107im naporima da osiguramo dostupnost Centra za transparentnost, mogu postojati neka ograni\u010denja. U nastavku je opis poznatih ograni\u010denja i mogu\u0107ih rje\u0161enja. Kontaktirajte nas ako uo\u010dite problem koji nije naveden u nastavku.<\/p>\n<p>Poznata ograni\u010denja za Transparency Center:<\/p>\n<ol class=\"technical-information accessibility-limitations\">\n<li>Automatski generirane PDF datoteke iz izvje\u0161\u0107a mo\u017eda nisu u potpunosti uskla\u0111ene<\/li>\n<li>U\u010ditane PDF datoteke od Potpisnika mo\u017eda nisu u potpunosti uskla\u0111ene<\/li>\n<\/ol>\n<h2>Povratne informacije<\/h2>\n<p>Pozdravljamo va\u0161e povratne informacije o pristupa\u010dnosti Centra za transparentnost. Obavijestite nas ako nai\u0111ete na prepreke pristupa\u010dnosti u Centru za transparentnost:<\/p>\n<p>E-mail: contact@disinfocode.vost.pt<\/p>\n<\/div>\n      \n          <\/div>\n\n  <\/div>\n<\/section>\n\n<p><\/p>\n","protected":false},"excerpt":{"rendered":"","protected":false},"author":93,"featured_media":0,"parent":0,"menu_order":0,"comment_status":"closed","ping_status":"closed","template":"","meta":{"_acf_changed":false,"footnotes":""},"class_list":["post-2613","page","type-page","status-publish","hentry"],"acf":[],"yoast_head":"<!-- This site is optimized with the Yoast SEO plugin v24.5 - https:\/\/yoast.com\/wordpress\/plugins\/seo\/ -->\n<title>Izjava o pristupa\u010dnosti - Transparency Centre<\/title>\n<meta name=\"robots\" content=\"index, follow, max-snippet:-1, max-image-preview:large, max-video-preview:-1\" \/>\n<link rel=\"canonical\" href=\"https:\/\/test2.disinfocode.eu\/hr\/izjava-o-dostupnosti\/\" \/>\n<meta property=\"og:locale\" content=\"hr_HR\" \/>\n<meta property=\"og:type\" content=\"article\" \/>\n<meta property=\"og:title\" content=\"Izjava o pristupa\u010dnosti - Transparency Centre\" \/>\n<meta property=\"og:url\" content=\"https:\/\/test2.disinfocode.eu\/hr\/izjava-o-dostupnosti\/\" \/>\n<meta property=\"og:site_name\" content=\"Transparency Centre\" \/>\n<meta property=\"article:modified_time\" content=\"2023-02-20T12:58:28+00:00\" \/>\n<meta name=\"twitter:card\" content=\"summary_large_image\" \/>\n<script type=\"application\/ld+json\" class=\"yoast-schema-graph\">{\"@context\":\"https:\/\/schema.org\",\"@graph\":[{\"@type\":\"WebPage\",\"@id\":\"https:\/\/test2.disinfocode.eu\/hr\/izjava-o-dostupnosti\/\",\"url\":\"https:\/\/test2.disinfocode.eu\/hr\/izjava-o-dostupnosti\/\",\"name\":\"Izjava o pristupa\u010dnosti - Transparency Centre\",\"isPartOf\":{\"@id\":\"https:\/\/disinfocode.eu\/#website\"},\"datePublished\":\"2023-01-20T09:04:00+00:00\",\"dateModified\":\"2023-02-20T12:58:28+00:00\",\"inLanguage\":\"hr\",\"potentialAction\":[{\"@type\":\"ReadAction\",\"target\":[\"https:\/\/test2.disinfocode.eu\/hr\/izjava-o-dostupnosti\/\"]}]},{\"@type\":\"WebSite\",\"@id\":\"https:\/\/disinfocode.eu\/#website\",\"url\":\"https:\/\/disinfocode.eu\/\",\"name\":\"Transparency Centre\",\"description\":\"Discover the Code of Practice on Disinformation\",\"potentialAction\":[{\"@type\":\"SearchAction\",\"target\":{\"@type\":\"EntryPoint\",\"urlTemplate\":\"https:\/\/disinfocode.eu\/?s={search_term_string}\"},\"query-input\":{\"@type\":\"PropertyValueSpecification\",\"valueRequired\":true,\"valueName\":\"search_term_string\"}}],\"inLanguage\":\"hr\"}]}<\/script>\n<!-- \/ Yoast SEO plugin. -->","yoast_head_json":{"title":"Izjava o pristupa\u010dnosti - Transparency Centre","robots":{"index":"index","follow":"follow","max-snippet":"max-snippet:-1","max-image-preview":"max-image-preview:large","max-video-preview":"max-video-preview:-1"},"canonical":"https:\/\/test2.disinfocode.eu\/hr\/izjava-o-dostupnosti\/","og_locale":"hr_HR","og_type":"article","og_title":"Izjava o pristupa\u010dnosti - Transparency Centre","og_url":"https:\/\/test2.disinfocode.eu\/hr\/izjava-o-dostupnosti\/","og_site_name":"Transparency Centre","article_modified_time":"2023-02-20T12:58:28+00:00","twitter_card":"summary_large_image","schema":{"@context":"https:\/\/schema.org","@graph":[{"@type":"WebPage","@id":"https:\/\/test2.disinfocode.eu\/hr\/izjava-o-dostupnosti\/","url":"https:\/\/test2.disinfocode.eu\/hr\/izjava-o-dostupnosti\/","name":"Izjava o pristupa\u010dnosti - Transparency Centre","isPartOf":{"@id":"https:\/\/disinfocode.eu\/#website"},"datePublished":"2023-01-20T09:04:00+00:00","dateModified":"2023-02-20T12:58:28+00:00","inLanguage":"hr","potentialAction":[{"@type":"ReadAction","target":["https:\/\/test2.disinfocode.eu\/hr\/izjava-o-dostupnosti\/"]}]},{"@type":"WebSite","@id":"https:\/\/disinfocode.eu\/#website","url":"https:\/\/disinfocode.eu\/","name":"Transparency Centre","description":"Discover the Code of Practice on Disinformation","potentialAction":[{"@type":"SearchAction","target":{"@type":"EntryPoint","urlTemplate":"https:\/\/disinfocode.eu\/?s={search_term_string}"},"query-input":{"@type":"PropertyValueSpecification","valueRequired":true,"valueName":"search_term_string"}}],"inLanguage":"hr"}]}},"_links":{"self":[{"href":"https:\/\/test2.disinfocode.eu\/hr\/wp-json\/wp\/v2\/pages\/2613","targetHints":{"allow":["GET"]}}],"collection":[{"href":"https:\/\/test2.disinfocode.eu\/hr\/wp-json\/wp\/v2\/pages"}],"about":[{"href":"https:\/\/test2.disinfocode.eu\/hr\/wp-json\/wp\/v2\/types\/page"}],"author":[{"embeddable":true,"href":"https:\/\/test2.disinfocode.eu\/hr\/wp-json\/wp\/v2\/users\/93"}],"replies":[{"embeddable":true,"href":"https:\/\/test2.disinfocode.eu\/hr\/wp-json\/wp\/v2\/comments?post=2613"}],"version-history":[{"count":2,"href":"https:\/\/test2.disinfocode.eu\/hr\/wp-json\/wp\/v2\/pages\/2613\/revisions"}],"predecessor-version":[{"id":2725,"href":"https:\/\/test2.disinfocode.eu\/hr\/wp-json\/wp\/v2\/pages\/2613\/revisions\/2725"}],"wp:attachment":[{"href":"https:\/\/test2.disinfocode.eu\/hr\/wp-json\/wp\/v2\/media?parent=2613"}],"curies":[{"name":"wp","href":"https:\/\/api.w.org\/{rel}","templated":true}]}}