{"id":2516,"date":"2023-01-25T11:41:28","date_gmt":"2023-01-25T10:41:28","guid":{"rendered":"https:\/\/wp-dev.space\/zn\/transparency-center\/master\/strukturni-pokazatelji\/"},"modified":"2023-02-20T01:22:18","modified_gmt":"2023-02-20T01:22:18","slug":"strukturni-pokazatelji","status":"publish","type":"page","link":"https:\/\/test2.disinfocode.eu\/hr\/strukturni-pokazatelji\/","title":{"rendered":"Strukturni pokazatelji"},"content":{"rendered":"<section class=\"title-block title-block-m gutenberg-block  indigo-800\" >\n  <div class=\"sk-container sk-container--fl\">\n\n    <div class=\"title-block-content sk-container\">\n\n      \n            <h1 class=\"title-block-title\">Strukturni pokazatelji<\/h1>\n    <\/div>\n\n  <\/div>\n<\/section>\n\n\n<section data-aos=\"fade-up\" data-aos-duration=\"1500\" class=\"text-block text-block-m gutenberg-block \" >\n  <div class=\"sk-container sk-container--fl\">\n\n    <div class=\"text-block-content sk-container\">\n\n              <div class=\"text-block-text\"><p style=\"text-align: center;\">U okviru Obveze 41 Kodeksa, potpisnici se obvezuju da \u0107e unutar Radne skupine raditi na razvoju strukturnih pokazatelja, osmi\u0161ljenih za procjenu u\u010dinkovitosti Kodeksa u smanjenju \u0161irenja dezinformacija na internetu za svakog od relevantnih potpisnika i za cijeli online ekosustav u EU i na razini dr\u017eave \u010dlanice. Potpisnici \u0107e u tom smislu sura\u0111ivati s relevantnim akterima, uklju\u010duju\u0107i ERGA i EDMO.<\/p>\n<p style=\"text-align: center;\">Kako bi to u\u010dinili, potpisnici su uspostavili radnu grupu u lipnju 2022. nakon predstavljanja Oja\u010danog kodeksa. Radna grupa \u0107e Radnu skupinu izvje\u0161\u0107ivati o svom napretku na tromjese\u010dnoj osnovi i konzultirati \u0107e se sa stru\u010dnjacima, uklju\u010duju\u0107i EDMO i ERGA.<\/p>\n<p style=\"text-align: center;\">Radna grupa \u0107e objaviti svoja mjerenja za strukturne pokazatelje u skladu s prvim cjelovitim izvje\u0161\u0107em potpisnika, kao i svoju potpunu metodologiju, uz razumijevanje da bi ona mogla jo\u0161 zahtijevati dorade tijekom vremena.<\/p>\n<\/div>\n      \n          <\/div>\n\n  <\/div>\n<\/section>\n","protected":false},"excerpt":{"rendered":"","protected":false},"author":93,"featured_media":0,"parent":0,"menu_order":0,"comment_status":"closed","ping_status":"closed","template":"","meta":{"_acf_changed":false,"footnotes":""},"class_list":["post-2516","page","type-page","status-publish","hentry"],"acf":[],"yoast_head":"<!-- This site is optimized with the Yoast SEO plugin v24.5 - https:\/\/yoast.com\/wordpress\/plugins\/seo\/ -->\n<title>Strukturni pokazatelji - Transparency Centre<\/title>\n<meta name=\"robots\" content=\"index, follow, max-snippet:-1, max-image-preview:large, max-video-preview:-1\" \/>\n<link rel=\"canonical\" href=\"https:\/\/test2.disinfocode.eu\/hr\/strukturni-pokazatelji\/\" \/>\n<meta property=\"og:locale\" content=\"hr_HR\" \/>\n<meta property=\"og:type\" content=\"article\" \/>\n<meta property=\"og:title\" content=\"Strukturni pokazatelji - Transparency Centre\" \/>\n<meta property=\"og:url\" content=\"https:\/\/test2.disinfocode.eu\/hr\/strukturni-pokazatelji\/\" \/>\n<meta property=\"og:site_name\" content=\"Transparency Centre\" \/>\n<meta property=\"article:modified_time\" content=\"2023-02-20T01:22:18+00:00\" \/>\n<meta name=\"twitter:card\" content=\"summary_large_image\" \/>\n<script type=\"application\/ld+json\" class=\"yoast-schema-graph\">{\"@context\":\"https:\/\/schema.org\",\"@graph\":[{\"@type\":\"WebPage\",\"@id\":\"https:\/\/test2.disinfocode.eu\/hr\/strukturni-pokazatelji\/\",\"url\":\"https:\/\/test2.disinfocode.eu\/hr\/strukturni-pokazatelji\/\",\"name\":\"Strukturni pokazatelji - Transparency Centre\",\"isPartOf\":{\"@id\":\"https:\/\/disinfocode.eu\/#website\"},\"datePublished\":\"2023-01-25T10:41:28+00:00\",\"dateModified\":\"2023-02-20T01:22:18+00:00\",\"inLanguage\":\"hr\",\"potentialAction\":[{\"@type\":\"ReadAction\",\"target\":[\"https:\/\/test2.disinfocode.eu\/hr\/strukturni-pokazatelji\/\"]}]},{\"@type\":\"WebSite\",\"@id\":\"https:\/\/disinfocode.eu\/#website\",\"url\":\"https:\/\/disinfocode.eu\/\",\"name\":\"Transparency Centre\",\"description\":\"Discover the Code of Practice on Disinformation\",\"potentialAction\":[{\"@type\":\"SearchAction\",\"target\":{\"@type\":\"EntryPoint\",\"urlTemplate\":\"https:\/\/disinfocode.eu\/?s={search_term_string}\"},\"query-input\":{\"@type\":\"PropertyValueSpecification\",\"valueRequired\":true,\"valueName\":\"search_term_string\"}}],\"inLanguage\":\"hr\"}]}<\/script>\n<!-- \/ Yoast SEO plugin. -->","yoast_head_json":{"title":"Strukturni pokazatelji - Transparency Centre","robots":{"index":"index","follow":"follow","max-snippet":"max-snippet:-1","max-image-preview":"max-image-preview:large","max-video-preview":"max-video-preview:-1"},"canonical":"https:\/\/test2.disinfocode.eu\/hr\/strukturni-pokazatelji\/","og_locale":"hr_HR","og_type":"article","og_title":"Strukturni pokazatelji - Transparency Centre","og_url":"https:\/\/test2.disinfocode.eu\/hr\/strukturni-pokazatelji\/","og_site_name":"Transparency Centre","article_modified_time":"2023-02-20T01:22:18+00:00","twitter_card":"summary_large_image","schema":{"@context":"https:\/\/schema.org","@graph":[{"@type":"WebPage","@id":"https:\/\/test2.disinfocode.eu\/hr\/strukturni-pokazatelji\/","url":"https:\/\/test2.disinfocode.eu\/hr\/strukturni-pokazatelji\/","name":"Strukturni pokazatelji - Transparency Centre","isPartOf":{"@id":"https:\/\/disinfocode.eu\/#website"},"datePublished":"2023-01-25T10:41:28+00:00","dateModified":"2023-02-20T01:22:18+00:00","inLanguage":"hr","potentialAction":[{"@type":"ReadAction","target":["https:\/\/test2.disinfocode.eu\/hr\/strukturni-pokazatelji\/"]}]},{"@type":"WebSite","@id":"https:\/\/disinfocode.eu\/#website","url":"https:\/\/disinfocode.eu\/","name":"Transparency Centre","description":"Discover the Code of Practice on Disinformation","potentialAction":[{"@type":"SearchAction","target":{"@type":"EntryPoint","urlTemplate":"https:\/\/disinfocode.eu\/?s={search_term_string}"},"query-input":{"@type":"PropertyValueSpecification","valueRequired":true,"valueName":"search_term_string"}}],"inLanguage":"hr"}]}},"_links":{"self":[{"href":"https:\/\/test2.disinfocode.eu\/hr\/wp-json\/wp\/v2\/pages\/2516","targetHints":{"allow":["GET"]}}],"collection":[{"href":"https:\/\/test2.disinfocode.eu\/hr\/wp-json\/wp\/v2\/pages"}],"about":[{"href":"https:\/\/test2.disinfocode.eu\/hr\/wp-json\/wp\/v2\/types\/page"}],"author":[{"embeddable":true,"href":"https:\/\/test2.disinfocode.eu\/hr\/wp-json\/wp\/v2\/users\/93"}],"replies":[{"embeddable":true,"href":"https:\/\/test2.disinfocode.eu\/hr\/wp-json\/wp\/v2\/comments?post=2516"}],"version-history":[{"count":2,"href":"https:\/\/test2.disinfocode.eu\/hr\/wp-json\/wp\/v2\/pages\/2516\/revisions"}],"predecessor-version":[{"id":2539,"href":"https:\/\/test2.disinfocode.eu\/hr\/wp-json\/wp\/v2\/pages\/2516\/revisions\/2539"}],"wp:attachment":[{"href":"https:\/\/test2.disinfocode.eu\/hr\/wp-json\/wp\/v2\/media?parent=2516"}],"curies":[{"name":"wp","href":"https:\/\/api.w.org\/{rel}","templated":true}]}}