{"id":2683,"date":"2023-01-23T14:17:37","date_gmt":"2023-01-23T14:17:37","guid":{"rendered":"https:\/\/wp-dev.space\/zn\/transparency-center\/master\/fianain\/"},"modified":"2023-02-09T03:18:39","modified_gmt":"2023-02-09T03:18:39","slug":"fianain","status":"publish","type":"page","link":"https:\/\/test2.disinfocode.eu\/ga\/fianain\/","title":{"rendered":"Fian\u00e1in"},"content":{"rendered":"<section class=\"title-block title-block-m gutenberg-block  indigo-800\" >\n  <div class=\"sk-container sk-container--fl\">\n\n    <div class=\"title-block-content sk-container\">\n\n      \n            <h1 class=\"title-block-title\">Fian\u00e1in<\/h1>\n    <\/div>\n\n  <\/div>\n<\/section>\n<section data-aos=\"fade-up\" data-aos-duration=\"1500\" class=\"text-block text-block-m gutenberg-block \" >\n  <div class=\"sk-container sk-container--fl\">\n\n    <div class=\"text-block-content sk-container\">\n\n              <div class=\"text-block-text\"><p>Bainimid \u00fas\u00e1id as fian\u00e1in agus teicneola\u00edochta\u00ed rianaithe cos\u00fala chun an ghn\u00edomha\u00edocht ar \u00e1r l\u00e1ithre\u00e1in ghr\u00e9as\u00e1in a rian\u00fa agus chun faisn\u00e9is \u00e1irithe a choinne\u00e1il.<\/p>\n<p>Is comhaid iad fian\u00e1in ina bhfuil m\u00e9id beag sonra\u00ed a bhf\u00e9adfadh aitheant\u00f3ir uath\u00fail gan ainm a bheith iontu. Seoltar fian\u00e1in chuig do bhrabhs\u00e1la\u00ed \u00f3 shu\u00edomh Gr\u00e9as\u00e1in agus st\u00f3r\u00e1iltear iad ar do ghl\u00e9as. Is iad na teicneola\u00edochta\u00ed rianaithe a \u00fas\u00e1idtear freisin rabhch\u00e1in, clibeanna, agus scripteanna chun faisn\u00e9is a bhaili\u00fa agus a rian\u00fa agus chun an tseirbh\u00eds a chuirimid ar f\u00e1il a fheabhs\u00fa agus a anail\u00edsi\u00fa.<\/p>\n<p>Is f\u00e9idir leat treoir a thabhairt do do bhrabhs\u00e1la\u00ed gach fian\u00e1n a dhi\u00falt\u00fa n\u00f3 a chur in i\u00fal nuair at\u00e1 fian\u00e1n \u00e1 sheoladh. Mura nglacann t\u00fa le fian\u00e1in, \u00e1fach, seans nach mbeidh t\u00fa in ann codanna \u00e1irithe d\u00e1r l\u00e1ithre\u00e1in ghr\u00e9as\u00e1in a \u00fas\u00e1id.<\/p>\n<p>Is iad na fian\u00e1in a \u00fas\u00e1idtear ar an su\u00edomh Gr\u00e9as\u00e1in seo n\u00e1:<\/p>\n<p><strong><div id=\"cmplz-cookies-overview\"><\/div><\/strong><\/p>\n<div><\/div>\n<\/div>\n      \n          <\/div>\n\n  <\/div>\n<\/section>\n","protected":false},"excerpt":{"rendered":"","protected":false},"author":93,"featured_media":0,"parent":0,"menu_order":0,"comment_status":"closed","ping_status":"closed","template":"","meta":{"_acf_changed":false,"footnotes":""},"class_list":["post-2683","page","type-page","status-publish","hentry"],"acf":[],"yoast_head":"<!-- This site is optimized with the Yoast SEO plugin v24.5 - https:\/\/yoast.com\/wordpress\/plugins\/seo\/ -->\n<title>Fian\u00e1in - Transparency Centre<\/title>\n<meta name=\"robots\" content=\"index, follow, max-snippet:-1, max-image-preview:large, max-video-preview:-1\" \/>\n<link rel=\"canonical\" href=\"https:\/\/test2.disinfocode.eu\/ga\/fianain\/\" \/>\n<meta property=\"og:locale\" content=\"ga_IE\" \/>\n<meta property=\"og:type\" content=\"article\" \/>\n<meta property=\"og:title\" content=\"Fian\u00e1in - Transparency Centre\" \/>\n<meta property=\"og:url\" content=\"https:\/\/test2.disinfocode.eu\/ga\/fianain\/\" \/>\n<meta property=\"og:site_name\" content=\"Transparency Centre\" \/>\n<meta property=\"article:modified_time\" content=\"2023-02-09T03:18:39+00:00\" \/>\n<meta name=\"twitter:card\" content=\"summary_large_image\" \/>\n<script type=\"application\/ld+json\" class=\"yoast-schema-graph\">{\"@context\":\"https:\/\/schema.org\",\"@graph\":[{\"@type\":\"WebPage\",\"@id\":\"https:\/\/test2.disinfocode.eu\/ga\/fianain\/\",\"url\":\"https:\/\/test2.disinfocode.eu\/ga\/fianain\/\",\"name\":\"Fian\u00e1in - Transparency Centre\",\"isPartOf\":{\"@id\":\"https:\/\/disinfocode.eu\/#website\"},\"datePublished\":\"2023-01-23T14:17:37+00:00\",\"dateModified\":\"2023-02-09T03:18:39+00:00\",\"inLanguage\":\"ga-IE\",\"potentialAction\":[{\"@type\":\"ReadAction\",\"target\":[\"https:\/\/test2.disinfocode.eu\/ga\/fianain\/\"]}]},{\"@type\":\"WebSite\",\"@id\":\"https:\/\/disinfocode.eu\/#website\",\"url\":\"https:\/\/disinfocode.eu\/\",\"name\":\"Transparency Centre\",\"description\":\"Discover the Code of Practice on Disinformation\",\"potentialAction\":[{\"@type\":\"SearchAction\",\"target\":{\"@type\":\"EntryPoint\",\"urlTemplate\":\"https:\/\/disinfocode.eu\/?s={search_term_string}\"},\"query-input\":{\"@type\":\"PropertyValueSpecification\",\"valueRequired\":true,\"valueName\":\"search_term_string\"}}],\"inLanguage\":\"ga-IE\"}]}<\/script>\n<!-- \/ Yoast SEO plugin. -->","yoast_head_json":{"title":"Fian\u00e1in - Transparency Centre","robots":{"index":"index","follow":"follow","max-snippet":"max-snippet:-1","max-image-preview":"max-image-preview:large","max-video-preview":"max-video-preview:-1"},"canonical":"https:\/\/test2.disinfocode.eu\/ga\/fianain\/","og_locale":"ga_IE","og_type":"article","og_title":"Fian\u00e1in - Transparency Centre","og_url":"https:\/\/test2.disinfocode.eu\/ga\/fianain\/","og_site_name":"Transparency Centre","article_modified_time":"2023-02-09T03:18:39+00:00","twitter_card":"summary_large_image","schema":{"@context":"https:\/\/schema.org","@graph":[{"@type":"WebPage","@id":"https:\/\/test2.disinfocode.eu\/ga\/fianain\/","url":"https:\/\/test2.disinfocode.eu\/ga\/fianain\/","name":"Fian\u00e1in - Transparency Centre","isPartOf":{"@id":"https:\/\/disinfocode.eu\/#website"},"datePublished":"2023-01-23T14:17:37+00:00","dateModified":"2023-02-09T03:18:39+00:00","inLanguage":"ga-IE","potentialAction":[{"@type":"ReadAction","target":["https:\/\/test2.disinfocode.eu\/ga\/fianain\/"]}]},{"@type":"WebSite","@id":"https:\/\/disinfocode.eu\/#website","url":"https:\/\/disinfocode.eu\/","name":"Transparency Centre","description":"Discover the Code of Practice on Disinformation","potentialAction":[{"@type":"SearchAction","target":{"@type":"EntryPoint","urlTemplate":"https:\/\/disinfocode.eu\/?s={search_term_string}"},"query-input":{"@type":"PropertyValueSpecification","valueRequired":true,"valueName":"search_term_string"}}],"inLanguage":"ga-IE"}]}},"_links":{"self":[{"href":"https:\/\/test2.disinfocode.eu\/ga\/wp-json\/wp\/v2\/pages\/2683","targetHints":{"allow":["GET"]}}],"collection":[{"href":"https:\/\/test2.disinfocode.eu\/ga\/wp-json\/wp\/v2\/pages"}],"about":[{"href":"https:\/\/test2.disinfocode.eu\/ga\/wp-json\/wp\/v2\/types\/page"}],"author":[{"embeddable":true,"href":"https:\/\/test2.disinfocode.eu\/ga\/wp-json\/wp\/v2\/users\/93"}],"replies":[{"embeddable":true,"href":"https:\/\/test2.disinfocode.eu\/ga\/wp-json\/wp\/v2\/comments?post=2683"}],"version-history":[{"count":0,"href":"https:\/\/test2.disinfocode.eu\/ga\/wp-json\/wp\/v2\/pages\/2683\/revisions"}],"wp:attachment":[{"href":"https:\/\/test2.disinfocode.eu\/ga\/wp-json\/wp\/v2\/media?parent=2683"}],"curies":[{"name":"wp","href":"https:\/\/api.w.org\/{rel}","templated":true}]}}