{"id":2660,"date":"2022-12-30T10:42:38","date_gmt":"2022-12-30T09:42:38","guid":{"rendered":"https:\/\/wp-dev.space\/zn\/transparency-center\/master\/priobhaideachas\/"},"modified":"2023-03-27T18:24:38","modified_gmt":"2023-03-27T18:24:38","slug":"beartas-priobhaideachais","status":"publish","type":"page","link":"https:\/\/test2.disinfocode.eu\/ga\/beartas-priobhaideachais\/","title":{"rendered":"Pr\u00edobh\u00e1ideachas"},"content":{"rendered":"<section class=\"title-block title-block-m gutenberg-block  indigo-800\" >\n  <div class=\"sk-container sk-container--fl\">\n\n    <div class=\"title-block-content sk-container\">\n\n      \n            <h1 class=\"title-block-title\">Pr\u00edobh\u00e1ideachas<\/h1>\n    <\/div>\n\n  <\/div>\n<\/section>\n<section data-aos=\"fade-up\" data-aos-duration=\"1500\" class=\"text-block text-block-m gutenberg-block \" >\n  <div class=\"sk-container sk-container--fl\">\n\n    <div class=\"text-block-content sk-container\">\n\n              <div class=\"text-block-text\"><p><strong>D\u00e1ta \u00e9ifeachtach: 9 Feabhra 2023<\/strong><\/p>\n<p>T\u00e1 an tIonad Tr\u00e9dhearcachta (\u201csinn\u201d, \u201cmuid\u201d, \u201c\u00e1r\u201d, n\u00f3 an \u201cEagra\u00edocht\u201d) tiomanta do phr\u00edobh\u00e1ideacht daoine aonair a thugann cuairt ar \u00e1r l\u00e1ithre\u00e1in ghr\u00e9as\u00e1in a chosaint. T\u00e1imid tiomanta do phr\u00edobh\u00e1ideachas a chosaint d\u2019eintitis dhl\u00edthi\u00fala ach amh\u00e1in m\u00e1 t\u00e1 feidhm aige de r\u00e9ir an dl\u00ed is infheidhme at\u00e1 i bhfeidhm. T\u00e1 an r\u00e1iteas pr\u00edobh\u00e1ideachta seo chun \u00e1r mbeartais a chur ar an eolas maidir le baili\u00fa, \u00fas\u00e1id agus nochtadh sonra\u00ed pearsanta agus t\u00fa ag brabhs\u00e1il ar \u00e1r su\u00edomhanna Gr\u00e9as\u00e1in agus na roghanna at\u00e1 agat maidir leis na sonra\u00ed sin.<\/p>\n<p>Tr\u00ed \u00fas\u00e1id a bhaint as \u00e1r su\u00edomh Gr\u00e9as\u00e1in, aonta\u00edonn t\u00fa le baili\u00fa agus \u00fas\u00e1id faisn\u00e9ise de r\u00e9ir an bheartais seo.<\/p>\n<p>M\u00e1 t\u00e1 aon cheist n\u00f3 gear\u00e1n agat maidir le cleachtais phr\u00edobh\u00e1ideachais na hEagra\u00edochta, d\u00e9an teagmh\u00e1il linn tr\u00ed \u00fas\u00e1id a bhaint as an r\u00edomhphost seo le do thoil.<\/p>\n<p>Cl\u00fada\u00edonn an r\u00e1iteas pr\u00edobh\u00e1ideachta seo an su\u00edomh Gr\u00e9as\u00e1in seo a leanas: https:\/\/test2.disinfocode.eu\/<\/p>\n<h2>Cad a bhail\u00edmid?<\/h2>\n<p>Bail\u00edmid na cine\u00e1lacha faisn\u00e9ise seo a leanas chun cr\u00edocha \u00e9ags\u00fala (liostaithe th\u00edos) chun \u00e1r seirbh\u00eds a shol\u00e1thar duit agus a fheabhs\u00fa:<\/p>\n<ul>\n<li>Sonra\u00ed Pearsanta<\/li>\n<li>Sonra\u00ed \u00das\u00e1ide<\/li>\n<li>Sonra\u00ed Su\u00edmh<\/li>\n<li>Sonra\u00ed Fian\u00e1in a Rian\u00fa<\/li>\n<\/ul>\n<h3>Sonra\u00ed Pearsanta<\/h3>\n<p>Nuair a dh\u00e9anann t\u00fa teagmh\u00e1il linn maidir le faisn\u00e9is a fh\u00e1il faoin\u00e1r seirbh\u00eds\u00ed, nuair a chl\u00e1ra\u00edonn t\u00fa chun freastal ar \u00e1r n-imeachta\u00ed n\u00f3 nuair a dh\u00e9anann t\u00fa iarratas ar obair linn, \u00e9il\u00edonn an L\u00e1rionad Tr\u00e9dhearcachta ort faisn\u00e9is teagmh\u00e1la phearsanta a shol\u00e1thar ar f\u00e9idir a \u00fas\u00e1id chun teagmh\u00e1il a dh\u00e9anamh leat n\u00f3 chun t\u00fa a aithint. F\u00e9adfaidh faisn\u00e9is inaitheanta phearsanta a bheith san \u00e1ireamh, ach n\u00edl s\u00e9 teoranta d\u00f3ibh:<\/p>\n<ul>\n<li>C\u00e9adainm agus sloinne<\/li>\n<li>Seoladh r\u00edomhphoist<\/li>\n<\/ul>\n<h3>Sonra\u00ed \u00das\u00e1ide<\/h3>\n<p>D\u2019fh\u00e9adfaimis faisn\u00e9is a bhaili\u00fa freisin faoin gcaoi a nd\u00e9antar rochtain ar an tseirbh\u00eds agus faoin gcaoi a n-\u00fas\u00e1idtear \u00e9 (\u201cSonra\u00ed \u00das\u00e1ide\u201d). D\u2019fh\u00e9adfadh go n-\u00e1ireofa\u00ed leis na sonra\u00ed \u00fas\u00e1ide seo faisn\u00e9is amhail seoladh Pr\u00f3tacail Idirl\u00edn do r\u00edomhaire (m.sh. seoladh IP), cine\u00e1l brabhs\u00e1la\u00ed, leagan brabhs\u00e1la\u00ed, leathanaigh \u00e1r su\u00edomhanna Gr\u00e9as\u00e1in a dtugann t\u00fa cuairt orthu, am agus d\u00e1ta do chuairte, an t-am a chaitear ar na leathanaigh sin, uath\u00fail aitheant\u00f3ir\u00ed feiste agus sonra\u00ed diagn\u00f3iseacha eile.<\/p>\n<h3>Sonra\u00ed Su\u00edmh<\/h3>\n<p>F\u00e9adfaimid faisn\u00e9is faoi do shu\u00edomh a \u00fas\u00e1id agus a st\u00f3r\u00e1il m\u00e1 thugann t\u00fa cead d\u00fainn \u00e9 sin a dh\u00e9anamh (\u201cSonra\u00ed Su\u00edmh\u201d). Bainimid \u00fas\u00e1id as na sonra\u00ed seo chun gn\u00e9ithe d\u00e1r seirbh\u00eds a shol\u00e1thar agus chun an tseirbh\u00eds a chuirimid ar f\u00e1il a fheabhs\u00fa agus a shaincheapadh.<\/p>\n<p>Is f\u00e9idir leat seirbh\u00eds\u00ed su\u00edmh a chumas\u00fa n\u00f3 a dh\u00edchumas\u00fa nuair a \u00fas\u00e1ideann t\u00fa \u00e1r su\u00edomhanna Gr\u00e9as\u00e1in am ar bith, tr\u00ed shocruithe do ghl\u00e9is.<\/p>\n<h3>Sonra\u00ed Fian\u00e1in a Rian\u00fa<\/h3>\n<p>Bainimid \u00fas\u00e1id as fian\u00e1in agus teicneola\u00edochta\u00ed rianaithe cos\u00fala chun an ghn\u00edomha\u00edocht ar \u00e1r l\u00e1ithre\u00e1in ghr\u00e9as\u00e1in a rian\u00fa agus chun faisn\u00e9is \u00e1irithe a choinne\u00e1il.<\/p>\n<p>T\u00e1 tuilleadh eolais faoi Fhian\u00e1in agus sampla\u00ed de na fian\u00e1in a \u00fas\u00e1idimid le f\u00e1il ar an <a href=\"https:\/\/test2.disinfocode.eu\/ga\/fianain\/\">leathanach Beartas Fian\u00e1n<\/a> .<\/p>\n<h2>Conas a \u00fas\u00e1idimid do shonra\u00ed?<\/h2>\n<p>\u00das\u00e1ideann an L\u00e1rionad Tr\u00e9dhearcachta na sonra\u00ed a bhail\u00edtear chun cr\u00edocha \u00e9ags\u00fala a shonra\u00edtear anseo ina dhiaidh seo.<\/p>\n<p>\u00das\u00e1ideann an L\u00e1rionad Tr\u00e9dhearcachta sonra\u00ed pearsanta maidir len\u00e1r S\u00ednitheoir\u00ed (ionchasacha) chun na seirbh\u00eds\u00ed a iarrtar a dh\u00e9anamh. Mar shampla, m\u00e1 chuireann t\u00fa isteach \u00f3 chun muid a chur ar an eolas faoi do sp\u00e9is le bheith i do Sh\u00ednitheoir, \u00fas\u00e1idfimid an fhaisn\u00e9is a chuir t\u00fa ar f\u00e1il chun cumars\u00e1id a sheoladh chugat maidir le c\u00e9imeanna breise chun bheith i do Sh\u00ednitheoir, agus faisn\u00e9is faoin\u00e1r ngr\u00fapa.<\/p>\n<h2>Coinne\u00e1il Sonra\u00ed<\/h2>\n<p>N\u00ed choinneoidh an L\u00e1rionad Tr\u00e9dhearcachta do shonra\u00ed pearsanta ach chomh fada agus is g\u00e1 chun na gcr\u00edoch at\u00e1 leagtha amach sa Bheartas Pr\u00edobh\u00e1ideachta seo. Coinneoimid agus \u00fas\u00e1idfimid do shonra\u00ed pearsanta a mh\u00e9id is g\u00e1 chun \u00e1r n-oibleag\u00e1id\u00ed dl\u00edthi\u00fala a chomhl\u00edonadh (mar shampla, m\u00e1 cheangla\u00edtear orainn do shonra\u00ed a choinne\u00e1il chun clo\u00ed leis na dl\u00edthe is infheidhme), d\u00edosp\u00f3id\u00ed a r\u00e9iteach, agus \u00e1r gcomhaontuithe agus \u00e1r mbeartais dl\u00ed a fhorfheidhmi\u00fa.<\/p>\n<p>Coime\u00e1dfaidh an tIonad Tr\u00e9dhearcachta sonra\u00ed \u00fas\u00e1ide freisin chun cr\u00edocha anail\u00edse inmhe\u00e1naigh. Go ginear\u00e1lta coinn\u00edtear sonra\u00ed \u00fas\u00e1ide ar feadh tr\u00e9imhse n\u00edos giorra, ach amh\u00e1in nuair a \u00fas\u00e1idtear na sonra\u00ed seo chun sl\u00e1nd\u00e1il a neart\u00fa n\u00f3 chun feidhmi\u00falacht \u00e1r seirbh\u00edse a fheabhs\u00fa, n\u00f3 nuair a bh\u00edonn oibleag\u00e1id dhl\u00edthi\u00fail orainn na sonra\u00ed seo a choinne\u00e1il ar feadh tr\u00e9imhs\u00ed ama n\u00edos faide.<\/p>\n<h3>Aistri\u00fa Sonra\u00ed<\/h3>\n<p>Is f\u00e9idir do chuid faisn\u00e9ise, lena n-\u00e1ir\u00edtear sonra\u00ed pearsanta, a aistri\u00fa chuig \u2014 agus a chothabh\u00e1il ar \u2014 r\u00edomhair\u00ed at\u00e1 suite lasmuigh de do st\u00e1t, c\u00faige, t\u00edr n\u00f3 dl\u00ednse rialtais eile \u00e1it a bhf\u00e9adfadh na dl\u00edthe cosanta sonra\u00ed a bheith difri\u00fail n\u00e1 na dl\u00edthe cosanta sonra\u00ed at\u00e1 agat.<\/p>\n<p>Tabhair faoi deara le do thoil go n-aistr\u00edmid na sonra\u00ed, lena n-\u00e1ir\u00edtear sonra\u00ed pearsanta, chuig an mBeilg agus go nd\u00e9anaimid pr\u00f3ise\u00e1il orthu ansin. T\u00e1 \u00e1r bhfreastalaithe gr\u00e9as\u00e1in agus \u00e1r n-ionaid sonra\u00ed lonnaithe sa Bheilg.<\/p>\n<p>Is ionann do thoili\u00fa leis an mBeartas Pr\u00edobh\u00e1ideachta seo agus faisn\u00e9is d\u00e1 leith\u00e9id a chur isteach ina dhiaidh sin agus do chomhaont\u00fa leis an aistri\u00fa sin.<\/p>\n<p>D\u00e9anfaidh an L\u00e1rionad Tr\u00e9dhearcachta gach beart is g\u00e1 le r\u00e9as\u00fan chun a chinnti\u00fa go gcaitear le do shonra\u00ed go sl\u00e1n agus de r\u00e9ir an Bheartais Pr\u00edobh\u00e1ideachta seo agus n\u00ed dh\u00e9anfar aon aistri\u00fa ar do shonra\u00ed pearsanta chuig eagra\u00edocht n\u00f3 t\u00edr mura bhfuil rialuithe leordh\u00f3thanacha i bhfeidhm lena n-\u00e1ir\u00edtear an tsl\u00e1nd\u00e1il. de do chuid sonra\u00ed agus faisn\u00e9is phearsanta eile.<\/p>\n<h3>Sl\u00e1nd\u00e1il Sonra\u00ed<\/h3>\n<p>T\u00e1 sl\u00e1nd\u00e1il do shonra\u00ed t\u00e1bhachtach d\u00fainne ach cuimhnigh nach bhfuil aon mhodh tarchuir thar an Idirl\u00edon, n\u00f3 modh st\u00f3r\u00e1la leictreonach 100% sl\u00e1n. C\u00e9 go nd\u00e9anaimid \u00e1r nd\u00edcheall modhanna inghlactha tr\u00e1cht\u00e1la a \u00fas\u00e1id chun do shonra\u00ed pearsanta a chosaint, n\u00ed f\u00e9idir linn a shl\u00e1nd\u00e1il ioml\u00e1n a r\u00e1th\u00fa.<\/p>\n<p>Aonta\u00edonn t\u00fa agus glacann t\u00fa leis na riosca\u00ed a bhaineann le h\u00fas\u00e1id an idirl\u00edn.<\/p>\n<h3>Do Chearta<\/h3>\n<p>T\u00e1 s\u00e9 mar aidhm ag an L\u00e1rionad Tr\u00e9dhearcachta c\u00e9imeanna r\u00e9as\u00fanta a ghlacadh chun ligean duit \u00fas\u00e1id do shonra\u00ed pearsanta a cheart\u00fa, a leas\u00fa, a scriosadh n\u00f3 a theorann\u00fa.<\/p>\n<p>M\u00e1s mian leat go gcuirf\u00ed ar an eolas t\u00fa cad iad na sonra\u00ed pearsanta at\u00e1 againn f\u00fat agus m\u00e1s mian leat go mbainf\u00ed den \u00e1r gc\u00f3rais iad, d\u00e9an teagmh\u00e1il linn le do thoil.<\/p>\n<p>I gc\u00fains\u00ed \u00e1irithe, t\u00e1 an ceart agat:<\/p>\n<ul>\n<li>Chun rochtain a fh\u00e1il agus c\u00f3ip de na sonra\u00ed pearsanta at\u00e1 againn f\u00fat a fh\u00e1il<\/li>\n<li>Chun aon sonra\u00ed pearsanta at\u00e1 \u00e1 gcoinne\u00e1il f\u00fat at\u00e1 m\u00edchruinn a cheart\u00fa<\/li>\n<li>Gear\u00e1n a dh\u00e9anamh le h\u00fadar\u00e1s inni\u00fail maoirseachta<\/li>\n<li>A iarraidh go scriosfar na sonra\u00ed pearsanta at\u00e1 \u00e1 gcoinne\u00e1il f\u00fat (\u201can ceart chun dearmad a dh\u00e9anamh\u201d)<\/li>\n<\/ul>\n<p>D\u2019fh\u00e9adfadh go mbeadh an ceart agat chun iniomparthacht sonra\u00ed, m\u00e1s infheidhme maidir le do ch\u00e1s de r\u00e9ir an dl\u00ed at\u00e1 i bhfeidhm, don fhaisn\u00e9is a shol\u00e1thra\u00edonn t\u00fa don L\u00e1rionad Tr\u00e9dhearcachta. M\u00e1 t\u00e1 dualgas orainn an iniomparthacht a chomhl\u00edonadh, is f\u00e9idir leat iarratas a dh\u00e9anamh chun c\u00f3ip a fh\u00e1il de do shonra\u00ed pearsanta i bhform\u00e1id leictreonach a \u00fas\u00e1idtear go coitianta ionas gur f\u00e9idir leat iad a bhainisti\u00fa agus a bhogadh.<\/p>\n<p>Tabhair faoi deara go bhf\u00e9adfaimis iarraidh ort d\u2019aitheantas a fh\u00edor\u00fa sula bhfreagr\u00f3imid iarratais d\u00e1 leith\u00e9id.<\/p>\n<h3>Sol\u00e1thraithe Seirbh\u00edse<\/h3>\n<p>F\u00e9adfaimid cuideachta\u00ed agus daoine aonair tr\u00ed\u00fa p\u00e1irt\u00ed a fhost\u00fa chun an tseirbh\u00eds a shol\u00e1thra\u00edmid (\u201cSol\u00e1thr\u00f3ir\u00ed Seirbh\u00edse\u201d) a \u00e9asc\u00fa, chun an tseirbh\u00eds a shol\u00e1thar ar \u00e1r son, chun seirbh\u00eds\u00ed a bhaineann le seirbh\u00eds a dh\u00e9anamh n\u00f3 chun cabhr\u00fa linn anail\u00eds a dh\u00e9anamh ar an gcaoi a n-\u00fas\u00e1idtear \u00e1r seirbh\u00eds. Go h\u00e1irithe, f\u00e9adfaimid taca\u00edocht tr\u00ed\u00fa p\u00e1irtithe a \u00fas\u00e1id chun an su\u00edomh Gr\u00e9as\u00e1in seo a \u00f3st\u00e1il agus a chothabh\u00e1il.<\/p>\n<p>N\u00edl rochtain ag na tr\u00ed\u00fa p\u00e1irtithe seo ar do shonra\u00ed pearsanta ach amh\u00e1in chun na tascanna seo a dh\u00e9anamh ar \u00e1r son agus t\u00e1 s\u00e9 de dhualgas orthu gan iad a nochtadh n\u00f3 a \u00fas\u00e1id chun aon chr\u00edche eile.<\/p>\n<p>Di\u00faltaimid \u00e1r ndliteanas agus n\u00edlimid freagrach as aon chostais agus\/n\u00f3 dam\u00e1ist\u00ed a d\u2019fh\u00e9adfadh Sol\u00e1thr\u00f3ir\u00ed Seirbh\u00edse a chur ort.<\/p>\n<h2>Anail\u00eds\u00edocht<\/h2>\n<p>D\u2019fh\u00e9adfaimis sol\u00e1thraithe seirbh\u00edse tr\u00ed\u00fa p\u00e1irt\u00ed a \u00fas\u00e1id chun monat\u00f3ireacht agus anail\u00eds a dh\u00e9anamh ar \u00fas\u00e1id \u00e1r seirbh\u00edse.<\/p>\n<h3>Google Analytics<\/h3>\n<p>Is seirbh\u00eds anail\u00eds\u00edochta gr\u00e9as\u00e1in \u00e9 Google Analytics a thairgeann Google a riana\u00edonn agus a thuairisc\u00edonn tr\u00e1cht l\u00e1ithre\u00e1n gr\u00e9as\u00e1in. \u00das\u00e1ideann Google na sonra\u00ed a bhail\u00edtear chun \u00fas\u00e1id \u00e1r Seirbh\u00edse a rian\u00fa agus monat\u00f3ireacht a dh\u00e9anamh uirthi. Roinntear na sonra\u00ed seo le seirbh\u00eds\u00ed eile Google. F\u00e9adfaidh Google na sonra\u00ed a bhail\u00edtear a \u00fas\u00e1id chun f\u00f3gra\u00ed a l\u00edonra f\u00f3gra\u00edochta f\u00e9in a chur i gcomhth\u00e9acs agus a phearsant\u00fa.<\/p>\n<p>Is f\u00e9idir leat tarraingt siar as do ghn\u00edomha\u00edocht ar an tSeirbh\u00eds a chur ar f\u00e1il do Google Analytics tr\u00ed bhreise\u00e1n brabhs\u00e1la\u00ed rogha an di\u00faltaithe Google Analytics a shuite\u00e1il. Cuireann an breise\u00e1n cosc ar Google Analytics JavaScript (ga.js, analytics.js, agus dc.js) faisn\u00e9is a roinnt le Google Analytics faoi ghn\u00edomha\u00edocht cuairteanna.<\/p>\n<p>Le haghaidh tuilleadh faisn\u00e9ise ar chleachtais phr\u00edobh\u00e1ideachais Google, tabhair cuairt ar leathanach gr\u00e9as\u00e1in T\u00e9arma\u00ed Pr\u00edobh\u00e1ideachta Google: http:\/\/www.google.com\/intl\/en\/policies\/privacy<\/p>\n<h2>Naisc chuig L\u00e1ithre\u00e1in Eile<\/h2>\n<p>D\u2019fh\u00e9adfadh naisc chuig su\u00edomhanna eile nach bhfuil \u00e1 bhfeidhmi\u00fa againn a bheith in\u00e1r seirbh\u00eds. M\u00e1 chlice\u00e1lann t\u00fa ar nasc tr\u00ed\u00fa p\u00e1irt\u00ed, d\u00edreofar chuig su\u00edomh an tr\u00ed\u00fa p\u00e1irt\u00ed sin th\u00fa. Molaimid go l\u00e1idir duit athbhreithni\u00fa a dh\u00e9anamh ar Bheartas Pr\u00edobh\u00e1ideachta gach l\u00e1ithre\u00e1n a dtugann t\u00fa cuairt air.<\/p>\n<p>N\u00edl aon smacht againn agus n\u00ed ghlacaimid aon fhreagracht as \u00e1bhar, polasaithe pr\u00edobh\u00e1ideachta n\u00f3 cleachtais aon su\u00edomh n\u00f3 seirbh\u00eds\u00ed tr\u00ed\u00fa p\u00e1irt\u00ed.<\/p>\n<h2>Pr\u00edobh\u00e1ideacht Leana\u00ed<\/h2>\n<p>N\u00ed thugann \u00e1r seirbh\u00eds aghaidh ar aon duine faoi 13 bliana d\u2019aois, n\u00f3 ar aois n\u00edos \u00f3ige m\u00e1s infheidhme de r\u00e9ir dl\u00ed sonrach a d\u2019fh\u00e9adfadh a bheith i bhfeidhm ach nach bhfuil n\u00edos \u00f3ige n\u00e1 13 bliana d\u2019aois (\u201cLeana\u00ed\u201d).<\/p>\n<p>N\u00ed bhail\u00edmid go feasach faisn\u00e9is inaitheanta phearsanta \u00f3 aon duine faoi bhun 13 bliana d\u2019aois. M\u00e1s tuismitheoir n\u00f3 caomhn\u00f3ir th\u00fa agus m\u00e1 t\u00e1 a fhios agat gur thug do leanbh sonra\u00ed pearsanta d\u00fainn, d\u00e9an teagmh\u00e1il linn le do thoil. M\u00e1 thagaimid ar an eolas go bhfuil sonra\u00ed pearsanta bailithe againn \u00f3 leana\u00ed gan toili\u00fa tuismitheora a fh\u00edor\u00fa, glacaimid c\u00e9imeanna chun an fhaisn\u00e9is sin a bhaint d\u00e1r bhfreastalaithe.<\/p>\n<h2>Nochtadh um Fhorfheidhmi\u00fa an Dl\u00ed<\/h2>\n<p>I gc\u00fains\u00ed \u00e1irithe, d\u2019fh\u00e9adfadh go n-iarrfa\u00ed ar an L\u00e1rionad Tr\u00e9dhearcachta do shonra\u00ed pearsanta a nochtadh m\u00e1s g\u00e1 sin a dh\u00e9anamh de r\u00e9ir an dl\u00ed n\u00f3 mar fhreagra ar iarratais bhail\u00ed \u00f3 \u00fadar\u00e1is phoibl\u00ed (m.sh. c\u00fairt n\u00f3 gn\u00edomhaireacht rialtais).<\/p>\n<h2>Ceanglais Dhl\u00edthi\u00fala agus teorainn freagrachta<\/h2>\n<p>F\u00e9adfaidh an L\u00e1rionad Tr\u00e9dhearcachta do shonra\u00ed pearsanta a nochtadh de mheon mac\u00e1nta go bhfuil g\u00e1 le gn\u00edomh den s\u00f3rt sin chun:<\/p>\n<ul>\n<li>Oibleag\u00e1id dhl\u00edthi\u00fail a chomhl\u00edonadh<\/li>\n<li>Chun cearta n\u00f3 maoin an Ionaid Tr\u00e9dhearcachta a chosaint agus a chosaint<\/li>\n<li>Chun \u00e9ag\u00f3ir fh\u00e9ideartha maidir leis an tseirbh\u00eds a chosc n\u00f3 a imscr\u00fad\u00fa<\/li>\n<li>S\u00e1bh\u00e1ilteacht phearsanta \u00fas\u00e1ideoir\u00ed na seirbh\u00edse n\u00f3 an phobail a chosaint<\/li>\n<li>Chun cosaint in aghaidh dliteanas dl\u00edthi\u00fail<\/li>\n<\/ul>\n<h2>Athruithe ar an bPolasa\u00ed Pr\u00edobh\u00e1ideachta seo<\/h2>\n<p>D\u2019fh\u00e9adfaimis \u00e1r bPolasa\u00ed Pr\u00edobh\u00e1ideachta a nuashonr\u00fa \u00f3 am go ch\u00e9ile. Cuirfimid in i\u00fal duit faoi aon athruithe tr\u00edd an bPolasa\u00ed Pr\u00edobh\u00e1ideachta nua a phost\u00e1il ar an leathanach seo.<\/p>\n<p>Moltar duit an Beartas Pr\u00edobh\u00e1ideachta seo a athbhreithni\u00fa go tr\u00e9imhsi\u00fail le haghaidh aon athruithe. B\u00edonn \u00e9ifeacht ag athruithe ar an bPolasa\u00ed Pr\u00edobh\u00e1ideachta seo nuair a phost\u00e1iltear ar an leathanach seo iad.<\/p>\n<h2>Calaois r\u00edomhphoist<\/h2>\n<p>T\u00e1 m\u00e9ad\u00fa m\u00f3r tagtha ar chalaois r\u00edomhphoist le blianta beaga anuas, t\u00e1 cibearchoireachta ag \u00e9ir\u00ed n\u00edos cliste agus t\u00e1 do chabhair ag teast\u00e1il uainn chun iad a chomhrac.<\/p>\n<p>Bainfidh cibearchoireachta \u00fas\u00e1id as aon mhodh is f\u00e9idir leo chun t\u00fa a bhualadh le do chuid faisn\u00e9ise pearsanta, do chuid faisn\u00e9ise airgeadais a roinnt n\u00f3 fi\u00fa iarraidh ort \u00edoca\u00edochta\u00ed coiri\u00fala gan iarraidh a dh\u00e9anamh. D\u00e9anfaidh formh\u00f3r na gcibearchoireachta iarracht teagmh\u00e1il a dh\u00e9anamh le hionadaithe ardleibh\u00e9il na cuideachta agus d\u00e9anfaidh siad iarracht pr\u00e1inne a chruth\u00fa.<\/p>\n<p>Cuimhnigh, le do thoil, go bhfuil go leor teicn\u00edc\u00ed calaoiseacha ann agus fi\u00fa le teicneola\u00edochta\u00ed reatha, seachn\u00f3idh go leor calaois r\u00edomhphoist na bearta sl\u00e1nd\u00e1la a chuir cuideachta\u00ed i bhfeidhm.<\/p>\n<h3>Cad a dh\u00e9anamh i gc\u00e1s amhrais?<\/h3>\n<p>Mura bhfuil t\u00fa cinnte an bhfuil an r\u00edomhphost legit, is \u00e9 do chara is fearr n\u00e1 do roinn TFC \/ TF \/ Sl\u00e1nd\u00e1la. Is f\u00e9idir leo cabhr\u00fa le fiosr\u00fa a dh\u00e9anamh ar thionscnamh agus ar dhlisteanacht an r\u00edomhphoist.<\/p>\n<h3>Conas r\u00edomhphoist chalaoiseacha a thuairisci\u00fa?<\/h3>\n<p>Is f\u00e9idir leat teagmh\u00e1il a dh\u00e9anamh linn ag <a href=\"mailto:contact@disinfocode.vost.pt\">contact@disinfocode.vost.pt<\/a> chun r\u00edomhphost calaoiseach a thuairisci\u00fa n\u00f3 chun cabhair a fh\u00e1il chun do shonra\u00ed a chosaint. D\u00e9anfaimid iarracht \u00e1r nd\u00edcheall cosaint uasta a chinnti\u00fa.<\/p>\n<h2>Glaoigh orainn<\/h2>\n<p>M\u00e1 t\u00e1 aon cheist agat faoin bPolasa\u00ed Pr\u00edobh\u00e1ideachta seo, <a href=\"mailto:contact@disinfocode.vost.pt\">d\u00e9an teagmh\u00e1il linn tr\u00edd an r\u00edomhphost seo le do thoil<\/a> .<\/p>\n<\/div>\n      \n          <\/div>\n\n  <\/div>\n<\/section>\n","protected":false},"excerpt":{"rendered":"","protected":false},"author":62,"featured_media":0,"parent":0,"menu_order":0,"comment_status":"closed","ping_status":"closed","template":"","meta":{"_acf_changed":false,"footnotes":""},"class_list":["post-2660","page","type-page","status-publish","hentry"],"acf":[],"yoast_head":"<!-- This site is optimized with the Yoast SEO plugin v24.5 - https:\/\/yoast.com\/wordpress\/plugins\/seo\/ -->\n<title>Pr\u00edobh\u00e1ideachas - Transparency Centre<\/title>\n<meta name=\"robots\" content=\"index, follow, max-snippet:-1, max-image-preview:large, max-video-preview:-1\" \/>\n<link rel=\"canonical\" href=\"https:\/\/test2.disinfocode.eu\/ga\/beartas-priobhaideachais\/\" \/>\n<meta property=\"og:locale\" content=\"ga_IE\" \/>\n<meta property=\"og:type\" content=\"article\" \/>\n<meta property=\"og:title\" content=\"Pr\u00edobh\u00e1ideachas - Transparency Centre\" \/>\n<meta property=\"og:url\" content=\"https:\/\/test2.disinfocode.eu\/ga\/beartas-priobhaideachais\/\" \/>\n<meta property=\"og:site_name\" content=\"Transparency Centre\" \/>\n<meta property=\"article:modified_time\" content=\"2023-03-27T18:24:38+00:00\" \/>\n<meta name=\"twitter:card\" content=\"summary_large_image\" \/>\n<script type=\"application\/ld+json\" class=\"yoast-schema-graph\">{\"@context\":\"https:\/\/schema.org\",\"@graph\":[{\"@type\":\"WebPage\",\"@id\":\"https:\/\/test2.disinfocode.eu\/ga\/beartas-priobhaideachais\/\",\"url\":\"https:\/\/test2.disinfocode.eu\/ga\/beartas-priobhaideachais\/\",\"name\":\"Pr\u00edobh\u00e1ideachas - Transparency Centre\",\"isPartOf\":{\"@id\":\"https:\/\/disinfocode.eu\/#website\"},\"datePublished\":\"2022-12-30T09:42:38+00:00\",\"dateModified\":\"2023-03-27T18:24:38+00:00\",\"inLanguage\":\"ga-IE\",\"potentialAction\":[{\"@type\":\"ReadAction\",\"target\":[\"https:\/\/test2.disinfocode.eu\/ga\/beartas-priobhaideachais\/\"]}]},{\"@type\":\"WebSite\",\"@id\":\"https:\/\/disinfocode.eu\/#website\",\"url\":\"https:\/\/disinfocode.eu\/\",\"name\":\"Transparency Centre\",\"description\":\"Discover the Code of Practice on Disinformation\",\"potentialAction\":[{\"@type\":\"SearchAction\",\"target\":{\"@type\":\"EntryPoint\",\"urlTemplate\":\"https:\/\/disinfocode.eu\/?s={search_term_string}\"},\"query-input\":{\"@type\":\"PropertyValueSpecification\",\"valueRequired\":true,\"valueName\":\"search_term_string\"}}],\"inLanguage\":\"ga-IE\"}]}<\/script>\n<!-- \/ Yoast SEO plugin. -->","yoast_head_json":{"title":"Pr\u00edobh\u00e1ideachas - Transparency Centre","robots":{"index":"index","follow":"follow","max-snippet":"max-snippet:-1","max-image-preview":"max-image-preview:large","max-video-preview":"max-video-preview:-1"},"canonical":"https:\/\/test2.disinfocode.eu\/ga\/beartas-priobhaideachais\/","og_locale":"ga_IE","og_type":"article","og_title":"Pr\u00edobh\u00e1ideachas - Transparency Centre","og_url":"https:\/\/test2.disinfocode.eu\/ga\/beartas-priobhaideachais\/","og_site_name":"Transparency Centre","article_modified_time":"2023-03-27T18:24:38+00:00","twitter_card":"summary_large_image","schema":{"@context":"https:\/\/schema.org","@graph":[{"@type":"WebPage","@id":"https:\/\/test2.disinfocode.eu\/ga\/beartas-priobhaideachais\/","url":"https:\/\/test2.disinfocode.eu\/ga\/beartas-priobhaideachais\/","name":"Pr\u00edobh\u00e1ideachas - Transparency Centre","isPartOf":{"@id":"https:\/\/disinfocode.eu\/#website"},"datePublished":"2022-12-30T09:42:38+00:00","dateModified":"2023-03-27T18:24:38+00:00","inLanguage":"ga-IE","potentialAction":[{"@type":"ReadAction","target":["https:\/\/test2.disinfocode.eu\/ga\/beartas-priobhaideachais\/"]}]},{"@type":"WebSite","@id":"https:\/\/disinfocode.eu\/#website","url":"https:\/\/disinfocode.eu\/","name":"Transparency Centre","description":"Discover the Code of Practice on Disinformation","potentialAction":[{"@type":"SearchAction","target":{"@type":"EntryPoint","urlTemplate":"https:\/\/disinfocode.eu\/?s={search_term_string}"},"query-input":{"@type":"PropertyValueSpecification","valueRequired":true,"valueName":"search_term_string"}}],"inLanguage":"ga-IE"}]}},"_links":{"self":[{"href":"https:\/\/test2.disinfocode.eu\/ga\/wp-json\/wp\/v2\/pages\/2660","targetHints":{"allow":["GET"]}}],"collection":[{"href":"https:\/\/test2.disinfocode.eu\/ga\/wp-json\/wp\/v2\/pages"}],"about":[{"href":"https:\/\/test2.disinfocode.eu\/ga\/wp-json\/wp\/v2\/types\/page"}],"author":[{"embeddable":true,"href":"https:\/\/test2.disinfocode.eu\/ga\/wp-json\/wp\/v2\/users\/62"}],"replies":[{"embeddable":true,"href":"https:\/\/test2.disinfocode.eu\/ga\/wp-json\/wp\/v2\/comments?post=2660"}],"version-history":[{"count":0,"href":"https:\/\/test2.disinfocode.eu\/ga\/wp-json\/wp\/v2\/pages\/2660\/revisions"}],"wp:attachment":[{"href":"https:\/\/test2.disinfocode.eu\/ga\/wp-json\/wp\/v2\/media?parent=2660"}],"curies":[{"name":"wp","href":"https:\/\/api.w.org\/{rel}","templated":true}]}}