{"id":2623,"date":"2023-01-20T11:04:00","date_gmt":"2023-01-20T09:04:00","guid":{"rendered":"https:\/\/wp-dev.space\/zn\/transparency-center\/master\/raiteas-inrochtaineachta\/"},"modified":"2023-02-20T12:58:31","modified_gmt":"2023-02-20T12:58:31","slug":"raiteas-inrochtaineachta","status":"publish","type":"page","link":"https:\/\/test2.disinfocode.eu\/ga\/raiteas-inrochtaineachta\/","title":{"rendered":"R\u00e1iteas Inrochtaineachta"},"content":{"rendered":"\n<p><\/p>\n<section class=\"title-block title-block-m gutenberg-block  indigo-800\" >\n  <div class=\"sk-container sk-container--fl\">\n\n    <div class=\"title-block-content sk-container\">\n\n      \n            <h1 class=\"title-block-title\">R\u00e1iteas Inrochtaineachta<\/h1>\n    <\/div>\n\n  <\/div>\n<\/section>\n<section data-aos=\"fade-up\" data-aos-duration=\"1500\" class=\"text-block text-block-m gutenberg-block \" >\n  <div class=\"sk-container sk-container--fl\">\n\n    <div class=\"text-block-content sk-container\">\n\n              <div class=\"text-block-text\"><p>T\u00e1 an tIonad Tr\u00e9dhearcachta tiomanta do inrochtaineacht dhigiteach a chinnti\u00fa do dhaoine faoi mh\u00edchumas. T\u00e1imid i gc\u00f3na\u00ed ag feabhs\u00fa eisp\u00e9ireas an \u00fas\u00e1ideora do ch\u00e1ch, agus ag cur na gcaighde\u00e1n inrochtaineachta \u00e1bhartha i bhfeidhm.<\/p>\n<h2>Bearta chun tac\u00fa le hinrochtaineacht<\/h2>\n<p>D\u00e9anann an L\u00e1rionad Tr\u00e9dhearcachta na bearta seo a leanas chun inrochtaineacht ar https:\/\/test2.disinfocode.eu\/ a chinnti\u00fa:<\/p>\n<ul>\n<li>T\u00e1 t\u00e9acs alt br\u00ed ag \u00edomh\u00e1nna<\/li>\n<li>T\u00e1 naisc inaitheanta \u00f3 thaobh amhairc de<\/li>\n<li>Ag baint \u00fas\u00e1ide as ceannteidil rann\u00e1in thuairisci\u00fala<\/li>\n<li>Ag baint \u00fas\u00e1ide as strucht\u00far ceart eilimint sh\u00e9imeantach HTML<\/li>\n<li>T\u00e1 lip\u00e9id thuairisci\u00fala ar fhoirmeacha<\/li>\n<li>N\u00ed bhraitheann faisn\u00e9is ar dhath, ar fhuaim, ar chruth, ar mh\u00e9id n\u00f3 ar shu\u00edomh amhairc<\/li>\n<li>T\u00e1 codarsnacht leordh\u00f3thanach idir an t\u00e9acs agus an dath c\u00falra<\/li>\n<li>Sc\u00e1la\u00ed \u00e1bhair i gceart nuair a dh\u00e9antar z\u00fam\u00e1il\/m\u00e9ad\u00fa air<\/li>\n<li>Ag baint \u00fas\u00e1ide as clib teideal tuairisci\u00fail<\/li>\n<li>Tacaigh le nasclean\u00faint m\u00e9archl\u00e1ir<\/li>\n<li>Staideanna f\u00f3cais infheicthe d&#8217;\u00fas\u00e1ideoir\u00ed m\u00e9archl\u00e1ir<\/li>\n<li>Cine\u00e1lacha ionchuir HTML5 ceart<\/li>\n<li>N\u00ed chuireann an su\u00edomh am saor gan choinne<\/li>\n<li>T\u00e1 beala\u00ed malartacha ag ilmhe\u00e1in le caitheamh<\/li>\n<li>Ag baint \u00fas\u00e1ide as an aitreab\u00faid HTML &#8216;lang&#8217;<\/li>\n<li>Lip\u00e9id ionchuir intuigthe a \u00fas\u00e1id<\/li>\n<li>B\u00edonn teachtaireachta\u00ed earr\u00e1ide agus f\u00edoraithe cabhrach agus inrochtana ag foirmeacha<\/li>\n<li>T\u00e1 naisc thuairisci\u00fail agus cuireann siad r\u00fan ar f\u00e1il<\/li>\n<li>T\u00e1 na leathanaigh intuigthe agus n\u00edl aon st\u00edleanna cumasaithe<\/li>\n<li>T\u00e1 HTML ceart agus saor \u00f3 earr\u00e1id\u00ed<\/li>\n<li>Is tacair shonra\u00ed amh iad \u00edosl\u00f3d\u00e1lacha comhaid CSV agus \u00edosl\u00f3d\u00e1lacha comhaid JSON<\/li>\n<\/ul>\n<h2>St\u00e1das comhl\u00edonta<\/h2>\n<p>Sainmh\u00edn\u00edonn na Treoirl\u00ednte um Inrochtaineacht \u00c1bhar Gr\u00e9as\u00e1in (WCAG) ceanglais do dhearth\u00f3ir\u00ed agus d\u2019fhorbr\u00f3ir\u00ed chun inrochtaineacht do dhaoine faoi mh\u00edchumas a fheabhs\u00fa. Sainmh\u00edn\u00edonn s\u00e9 tr\u00ed leibh\u00e9al comhl\u00edonta: Leibh\u00e9al A, Leibh\u00e9al AA, agus Leibh\u00e9al AAA. Comhl\u00edonann an L\u00e1rionad Tr\u00e9dhearcachta go p\u00e1irteach le WCAG 2.1 leibh\u00e9al AA. Cialla\u00edonn comhr\u00e9ireacht go p\u00e1irteach nach gclo\u00edonn codanna \u00e1irithe den \u00e1bhar go hioml\u00e1n leis an gcaighde\u00e1n inrochtaineachta.<\/p>\n<h3>Breithnithe rochtana breise<\/h3>\n<p class=\"basic-information conformance-additions\">C\u00e9 gurb \u00e9 an sprioc at\u00e1 againn n\u00e1 comhl\u00edonadh WCAG 2.1 Leibh\u00e9al AA, chuireamar roinnt Crit\u00e9ir Ratha Leibh\u00e9al AAA i bhfeidhm freisin:<\/p>\n<ul>\n<li>N\u00ed \u00fas\u00e1idimid \u00edomh\u00e1nna t\u00e9acs.<\/li>\n<li>T\u00e1 gach feidhmi\u00falacht inrochtana le m\u00e9archl\u00e1r gan aon eisceachta\u00ed.<\/li>\n<li>N\u00edl aon teorainn ama ar an l\u00e1ithre\u00e1n gr\u00e9as\u00e1in.<\/li>\n<li>N\u00ed flashes aon \u00e1bhar n\u00edos m\u00f3 n\u00e1 tr\u00ed huaire in aghaidh an tsoicind.<\/li>\n<li>Cuirimid \u00fas\u00e1ideoir\u00ed ar an eolas c\u00e1 bhfuil siad ar an su\u00edomh anois.<\/li>\n<li>T\u00e1 cusp\u00f3ir gach naisc soil\u00e9ir \u00f3na t\u00e9acs.<\/li>\n<li>\u00c1bhar eagraithe le ceannteidil.<\/li>\n<\/ul>\n<h2>Sonra\u00edochta\u00ed teicni\u00fala<\/h2>\n<p>Braitheann Inrochtaineacht an Ionaid Tr\u00e9dhearcachta ar na teicneola\u00edochta\u00ed seo a leanas chun oibri\u00fa leis an measc\u00e1n ar leith de bhrabhs\u00e1la\u00ed gr\u00e9as\u00e1in agus aon teicneola\u00edochta\u00ed c\u00fanta n\u00f3 breise\u00e1n at\u00e1 suite\u00e1ilte ar do r\u00edomhaire:<\/p>\n<ul class=\"technical-information technologies-used\">\n<li>HTML<\/li>\n<li>WAI-ARIA<\/li>\n<li>CSS<\/li>\n<li>JavaScript<\/li>\n<li>PHP<\/li>\n<\/ul>\n<p>B\u00edtear ag brath ar na teicneola\u00edochta\u00ed seo chun clo\u00ed leis na caighde\u00e1in inrochtaineachta a \u00fas\u00e1idtear.<\/p>\n<h2>Teorainneacha agus roghanna eile<\/h2>\n<p>In ainneoin \u00e1r n-iarrachta\u00ed is fearr chun inrochtaineacht an Ionaid Tr\u00e9dhearcachta a chinnti\u00fa, d&#8217;fh\u00e9adfadh roinnt teorainneacha a bheith i gceist. Seo th\u00edos cur s\u00edos ar na teorainneacha at\u00e1 ar eolas, agus ar r\u00e9itigh fh\u00e9ideartha. D\u00e9an teagmh\u00e1il linn le do thoil m\u00e1 thugann t\u00fa aird ar shaincheist nach bhfuil liostaithe th\u00edos.<\/p>\n<p>Teorainneacha aitheanta don Ionad Tr\u00e9dhearcachta:<\/p>\n<ol class=\"technical-information accessibility-limitations\">\n<li>Seans nach gcomhl\u00edontar comhaid PDF uathghinte \u00f3 thuarasc\u00e1lacha go hioml\u00e1n<\/li>\n<li>Seans nach bhfuil comhaid PDF uasl\u00f3d\u00e1ilte \u00f3 na S\u00ednitheoir\u00ed comhl\u00edonta go hioml\u00e1n<\/li>\n<\/ol>\n<h2>Aiseolas<\/h2>\n<p>F\u00e1ilt\u00edmid roimh aiseolas uait maidir le hinrochtaineacht an Ionaid Tr\u00e9dhearcachta. Cuir in i\u00fal d\u00fainn le do thoil m\u00e1 thagann t\u00fa trasna ar bhacainn\u00ed inrochtaineachta ar an Ionad Tr\u00e9dhearcachta:<\/p>\n<p>R-phost: contact@disinfocode.vost.pt<\/p>\n<\/div>\n      \n          <\/div>\n\n  <\/div>\n<\/section>\n\n<p><\/p>\n","protected":false},"excerpt":{"rendered":"","protected":false},"author":93,"featured_media":0,"parent":0,"menu_order":0,"comment_status":"closed","ping_status":"closed","template":"","meta":{"_acf_changed":false,"footnotes":""},"class_list":["post-2623","page","type-page","status-publish","hentry"],"acf":[],"yoast_head":"<!-- This site is optimized with the Yoast SEO plugin v24.5 - https:\/\/yoast.com\/wordpress\/plugins\/seo\/ -->\n<title>R\u00e1iteas Inrochtaineachta - Transparency Centre<\/title>\n<meta name=\"robots\" content=\"index, follow, max-snippet:-1, max-image-preview:large, max-video-preview:-1\" \/>\n<link rel=\"canonical\" href=\"https:\/\/test2.disinfocode.eu\/ga\/raiteas-inrochtaineachta\/\" \/>\n<meta property=\"og:locale\" content=\"ga_IE\" \/>\n<meta property=\"og:type\" content=\"article\" \/>\n<meta property=\"og:title\" content=\"R\u00e1iteas Inrochtaineachta - Transparency Centre\" \/>\n<meta property=\"og:url\" content=\"https:\/\/test2.disinfocode.eu\/ga\/raiteas-inrochtaineachta\/\" \/>\n<meta property=\"og:site_name\" content=\"Transparency Centre\" \/>\n<meta property=\"article:modified_time\" content=\"2023-02-20T12:58:31+00:00\" \/>\n<meta name=\"twitter:card\" content=\"summary_large_image\" \/>\n<script type=\"application\/ld+json\" class=\"yoast-schema-graph\">{\"@context\":\"https:\/\/schema.org\",\"@graph\":[{\"@type\":\"WebPage\",\"@id\":\"https:\/\/test2.disinfocode.eu\/ga\/raiteas-inrochtaineachta\/\",\"url\":\"https:\/\/test2.disinfocode.eu\/ga\/raiteas-inrochtaineachta\/\",\"name\":\"R\u00e1iteas Inrochtaineachta - Transparency Centre\",\"isPartOf\":{\"@id\":\"https:\/\/disinfocode.eu\/#website\"},\"datePublished\":\"2023-01-20T09:04:00+00:00\",\"dateModified\":\"2023-02-20T12:58:31+00:00\",\"inLanguage\":\"ga-IE\",\"potentialAction\":[{\"@type\":\"ReadAction\",\"target\":[\"https:\/\/test2.disinfocode.eu\/ga\/raiteas-inrochtaineachta\/\"]}]},{\"@type\":\"WebSite\",\"@id\":\"https:\/\/disinfocode.eu\/#website\",\"url\":\"https:\/\/disinfocode.eu\/\",\"name\":\"Transparency Centre\",\"description\":\"Discover the Code of Practice on Disinformation\",\"potentialAction\":[{\"@type\":\"SearchAction\",\"target\":{\"@type\":\"EntryPoint\",\"urlTemplate\":\"https:\/\/disinfocode.eu\/?s={search_term_string}\"},\"query-input\":{\"@type\":\"PropertyValueSpecification\",\"valueRequired\":true,\"valueName\":\"search_term_string\"}}],\"inLanguage\":\"ga-IE\"}]}<\/script>\n<!-- \/ Yoast SEO plugin. -->","yoast_head_json":{"title":"R\u00e1iteas Inrochtaineachta - Transparency Centre","robots":{"index":"index","follow":"follow","max-snippet":"max-snippet:-1","max-image-preview":"max-image-preview:large","max-video-preview":"max-video-preview:-1"},"canonical":"https:\/\/test2.disinfocode.eu\/ga\/raiteas-inrochtaineachta\/","og_locale":"ga_IE","og_type":"article","og_title":"R\u00e1iteas Inrochtaineachta - Transparency Centre","og_url":"https:\/\/test2.disinfocode.eu\/ga\/raiteas-inrochtaineachta\/","og_site_name":"Transparency Centre","article_modified_time":"2023-02-20T12:58:31+00:00","twitter_card":"summary_large_image","schema":{"@context":"https:\/\/schema.org","@graph":[{"@type":"WebPage","@id":"https:\/\/test2.disinfocode.eu\/ga\/raiteas-inrochtaineachta\/","url":"https:\/\/test2.disinfocode.eu\/ga\/raiteas-inrochtaineachta\/","name":"R\u00e1iteas Inrochtaineachta - Transparency Centre","isPartOf":{"@id":"https:\/\/disinfocode.eu\/#website"},"datePublished":"2023-01-20T09:04:00+00:00","dateModified":"2023-02-20T12:58:31+00:00","inLanguage":"ga-IE","potentialAction":[{"@type":"ReadAction","target":["https:\/\/test2.disinfocode.eu\/ga\/raiteas-inrochtaineachta\/"]}]},{"@type":"WebSite","@id":"https:\/\/disinfocode.eu\/#website","url":"https:\/\/disinfocode.eu\/","name":"Transparency Centre","description":"Discover the Code of Practice on Disinformation","potentialAction":[{"@type":"SearchAction","target":{"@type":"EntryPoint","urlTemplate":"https:\/\/disinfocode.eu\/?s={search_term_string}"},"query-input":{"@type":"PropertyValueSpecification","valueRequired":true,"valueName":"search_term_string"}}],"inLanguage":"ga-IE"}]}},"_links":{"self":[{"href":"https:\/\/test2.disinfocode.eu\/ga\/wp-json\/wp\/v2\/pages\/2623","targetHints":{"allow":["GET"]}}],"collection":[{"href":"https:\/\/test2.disinfocode.eu\/ga\/wp-json\/wp\/v2\/pages"}],"about":[{"href":"https:\/\/test2.disinfocode.eu\/ga\/wp-json\/wp\/v2\/types\/page"}],"author":[{"embeddable":true,"href":"https:\/\/test2.disinfocode.eu\/ga\/wp-json\/wp\/v2\/users\/93"}],"replies":[{"embeddable":true,"href":"https:\/\/test2.disinfocode.eu\/ga\/wp-json\/wp\/v2\/comments?post=2623"}],"version-history":[{"count":0,"href":"https:\/\/test2.disinfocode.eu\/ga\/wp-json\/wp\/v2\/pages\/2623\/revisions"}],"wp:attachment":[{"href":"https:\/\/test2.disinfocode.eu\/ga\/wp-json\/wp\/v2\/media?parent=2623"}],"curies":[{"name":"wp","href":"https:\/\/api.w.org\/{rel}","templated":true}]}}