{"id":2526,"date":"2023-01-25T11:41:28","date_gmt":"2023-01-25T10:41:28","guid":{"rendered":"https:\/\/wp-dev.space\/zn\/transparency-center\/master\/tascairi-struchturacha\/"},"modified":"2023-02-20T01:26:16","modified_gmt":"2023-02-20T01:26:16","slug":"tascairi-struchturacha","status":"publish","type":"page","link":"https:\/\/test2.disinfocode.eu\/ga\/tascairi-struchturacha\/","title":{"rendered":"T\u00e1scair\u00ed Strucht\u00faracha"},"content":{"rendered":"<section class=\"title-block title-block-m gutenberg-block  indigo-800\" >\n  <div class=\"sk-container sk-container--fl\">\n\n    <div class=\"title-block-content sk-container\">\n\n      \n            <h1 class=\"title-block-title\">T\u00e1scair\u00ed Strucht\u00faracha<\/h1>\n    <\/div>\n\n  <\/div>\n<\/section>\n\n\n<section data-aos=\"fade-up\" data-aos-duration=\"1500\" class=\"text-block text-block-m gutenberg-block \" >\n  <div class=\"sk-container sk-container--fl\">\n\n    <div class=\"text-block-content sk-container\">\n\n              <div class=\"text-block-text\"><p style=\"text-align: center;\">Faoi Ghealltanas 41 den Ch\u00f3d, geallann na S\u00ednitheoir\u00ed oibri\u00fa laistigh den Tascfh\u00f3rsa chun T\u00e1scair\u00ed Strucht\u00faracha a fhorbairt, at\u00e1 deartha chun meas\u00fan\u00fa a dh\u00e9anamh ar \u00e9ifeachtacht an Ch\u00f3id maidir le leathadh na d\u00edfhaisn\u00e9ise ar l\u00edne a laghd\u00fa do gach S\u00ednitheoir\u00ed \u00e1bhartha agus don \u00e9iceach\u00f3ras ar l\u00edne uile san Aontas Eorpach agus ar leibh\u00e9al na mBallst\u00e1t. Comhoibreoidh s\u00ednitheoir\u00ed le gn\u00edomhaithe \u00e1bhartha chuige sin, lena n-\u00e1ir\u00edtear ERGA agus EDMO.<\/p>\n<p style=\"text-align: center;\">Chun \u00e9 sin a dh\u00e9anamh, t\u00e1 Meitheal bunaithe ag na S\u00ednitheoir\u00ed i m\u00ed an Mheithimh 2022 tar \u00e9is an C\u00f3d Neartaithe a th\u00edolacadh. Tuairisceoidh an Mheitheal ar a dhul chun cinn don Tascfh\u00f3rsa ar bhonn r\u00e1ithe agus rachaidh s\u00e9 i gcomhairle le saineolaithe lena n-\u00e1ir\u00edtear EDMO agus ERGA.<\/p>\n<p style=\"text-align: center;\">Foilseoidh an Gr\u00fapa Oibre a Mheitheal do na T\u00e1scair\u00ed Strucht\u00fartha ag teacht leis an gc\u00e9ad tuarasc\u00e1il ioml\u00e1n \u00f3 na S\u00ednitheoir\u00ed, chomh maith lena modheola\u00edocht ioml\u00e1n, ar an tuiscint go bhf\u00e9adfadh go mbeadh g\u00e1 f\u00f3s le mionchoigeartuithe a dh\u00e9anamh orthu sin le himeacht ama.<\/p>\n<\/div>\n      \n          <\/div>\n\n  <\/div>\n<\/section>\n","protected":false},"excerpt":{"rendered":"","protected":false},"author":93,"featured_media":0,"parent":0,"menu_order":0,"comment_status":"closed","ping_status":"closed","template":"","meta":{"_acf_changed":false,"footnotes":""},"class_list":["post-2526","page","type-page","status-publish","hentry"],"acf":[],"yoast_head":"<!-- This site is optimized with the Yoast SEO plugin v24.5 - https:\/\/yoast.com\/wordpress\/plugins\/seo\/ -->\n<title>T\u00e1scair\u00ed Strucht\u00faracha - Transparency Centre<\/title>\n<meta name=\"robots\" content=\"index, follow, max-snippet:-1, max-image-preview:large, max-video-preview:-1\" \/>\n<link rel=\"canonical\" href=\"https:\/\/test2.disinfocode.eu\/ga\/tascairi-struchturacha\/\" \/>\n<meta property=\"og:locale\" content=\"ga_IE\" \/>\n<meta property=\"og:type\" content=\"article\" \/>\n<meta property=\"og:title\" content=\"T\u00e1scair\u00ed Strucht\u00faracha - Transparency Centre\" \/>\n<meta property=\"og:url\" content=\"https:\/\/test2.disinfocode.eu\/ga\/tascairi-struchturacha\/\" \/>\n<meta property=\"og:site_name\" content=\"Transparency Centre\" \/>\n<meta property=\"article:modified_time\" content=\"2023-02-20T01:26:16+00:00\" \/>\n<meta name=\"twitter:card\" content=\"summary_large_image\" \/>\n<script type=\"application\/ld+json\" class=\"yoast-schema-graph\">{\"@context\":\"https:\/\/schema.org\",\"@graph\":[{\"@type\":\"WebPage\",\"@id\":\"https:\/\/test2.disinfocode.eu\/ga\/tascairi-struchturacha\/\",\"url\":\"https:\/\/test2.disinfocode.eu\/ga\/tascairi-struchturacha\/\",\"name\":\"T\u00e1scair\u00ed Strucht\u00faracha - Transparency Centre\",\"isPartOf\":{\"@id\":\"https:\/\/disinfocode.eu\/#website\"},\"datePublished\":\"2023-01-25T10:41:28+00:00\",\"dateModified\":\"2023-02-20T01:26:16+00:00\",\"inLanguage\":\"ga-IE\",\"potentialAction\":[{\"@type\":\"ReadAction\",\"target\":[\"https:\/\/test2.disinfocode.eu\/ga\/tascairi-struchturacha\/\"]}]},{\"@type\":\"WebSite\",\"@id\":\"https:\/\/disinfocode.eu\/#website\",\"url\":\"https:\/\/disinfocode.eu\/\",\"name\":\"Transparency Centre\",\"description\":\"Discover the Code of Practice on Disinformation\",\"potentialAction\":[{\"@type\":\"SearchAction\",\"target\":{\"@type\":\"EntryPoint\",\"urlTemplate\":\"https:\/\/disinfocode.eu\/?s={search_term_string}\"},\"query-input\":{\"@type\":\"PropertyValueSpecification\",\"valueRequired\":true,\"valueName\":\"search_term_string\"}}],\"inLanguage\":\"ga-IE\"}]}<\/script>\n<!-- \/ Yoast SEO plugin. -->","yoast_head_json":{"title":"T\u00e1scair\u00ed Strucht\u00faracha - Transparency Centre","robots":{"index":"index","follow":"follow","max-snippet":"max-snippet:-1","max-image-preview":"max-image-preview:large","max-video-preview":"max-video-preview:-1"},"canonical":"https:\/\/test2.disinfocode.eu\/ga\/tascairi-struchturacha\/","og_locale":"ga_IE","og_type":"article","og_title":"T\u00e1scair\u00ed Strucht\u00faracha - Transparency Centre","og_url":"https:\/\/test2.disinfocode.eu\/ga\/tascairi-struchturacha\/","og_site_name":"Transparency Centre","article_modified_time":"2023-02-20T01:26:16+00:00","twitter_card":"summary_large_image","schema":{"@context":"https:\/\/schema.org","@graph":[{"@type":"WebPage","@id":"https:\/\/test2.disinfocode.eu\/ga\/tascairi-struchturacha\/","url":"https:\/\/test2.disinfocode.eu\/ga\/tascairi-struchturacha\/","name":"T\u00e1scair\u00ed Strucht\u00faracha - Transparency Centre","isPartOf":{"@id":"https:\/\/disinfocode.eu\/#website"},"datePublished":"2023-01-25T10:41:28+00:00","dateModified":"2023-02-20T01:26:16+00:00","inLanguage":"ga-IE","potentialAction":[{"@type":"ReadAction","target":["https:\/\/test2.disinfocode.eu\/ga\/tascairi-struchturacha\/"]}]},{"@type":"WebSite","@id":"https:\/\/disinfocode.eu\/#website","url":"https:\/\/disinfocode.eu\/","name":"Transparency Centre","description":"Discover the Code of Practice on Disinformation","potentialAction":[{"@type":"SearchAction","target":{"@type":"EntryPoint","urlTemplate":"https:\/\/disinfocode.eu\/?s={search_term_string}"},"query-input":{"@type":"PropertyValueSpecification","valueRequired":true,"valueName":"search_term_string"}}],"inLanguage":"ga-IE"}]}},"_links":{"self":[{"href":"https:\/\/test2.disinfocode.eu\/ga\/wp-json\/wp\/v2\/pages\/2526","targetHints":{"allow":["GET"]}}],"collection":[{"href":"https:\/\/test2.disinfocode.eu\/ga\/wp-json\/wp\/v2\/pages"}],"about":[{"href":"https:\/\/test2.disinfocode.eu\/ga\/wp-json\/wp\/v2\/types\/page"}],"author":[{"embeddable":true,"href":"https:\/\/test2.disinfocode.eu\/ga\/wp-json\/wp\/v2\/users\/93"}],"replies":[{"embeddable":true,"href":"https:\/\/test2.disinfocode.eu\/ga\/wp-json\/wp\/v2\/comments?post=2526"}],"version-history":[{"count":2,"href":"https:\/\/test2.disinfocode.eu\/ga\/wp-json\/wp\/v2\/pages\/2526\/revisions"}],"predecessor-version":[{"id":2563,"href":"https:\/\/test2.disinfocode.eu\/ga\/wp-json\/wp\/v2\/pages\/2526\/revisions\/2563"}],"wp:attachment":[{"href":"https:\/\/test2.disinfocode.eu\/ga\/wp-json\/wp\/v2\/media?parent=2526"}],"curies":[{"name":"wp","href":"https:\/\/api.w.org\/{rel}","templated":true}]}}