{"id":2656,"date":"2022-12-30T10:42:38","date_gmt":"2022-12-30T09:42:38","guid":{"rendered":"https:\/\/wp-dev.space\/zn\/transparency-center\/master\/confidentialite\/"},"modified":"2023-03-27T18:24:38","modified_gmt":"2023-03-27T18:24:38","slug":"politique-de-confidentialite","status":"publish","type":"page","link":"https:\/\/test2.disinfocode.eu\/fr\/politique-de-confidentialite\/","title":{"rendered":"Confidentialit\u00e9"},"content":{"rendered":"<section class=\"title-block title-block-m gutenberg-block  indigo-800\" >\n  <div class=\"sk-container sk-container--fl\">\n\n    <div class=\"title-block-content sk-container\">\n\n      \n            <h1 class=\"title-block-title\">Confidentialit\u00e9<\/h1>\n    <\/div>\n\n  <\/div>\n<\/section>\n<section data-aos=\"fade-up\" data-aos-duration=\"1500\" class=\"text-block text-block-m gutenberg-block \" >\n  <div class=\"sk-container sk-container--fl\">\n\n    <div class=\"text-block-content sk-container\">\n\n              <div class=\"text-block-text\"><p><strong>Date d&rsquo;entr\u00e9e en vigueur : 9 f\u00e9vrier 2023<\/strong><\/p>\n<p>Le Centre de Transparence (\u00ab\u00a0nous\u00a0\u00bb, \u00ab\u00a0notre\u00a0\u00bb, \u00ab\u00a0nos\u00a0\u00bb ou \u00ab\u00a0l&rsquo;Organisation\u00a0\u00bb) s&rsquo;engage \u00e0 prot\u00e9ger la confidentialit\u00e9 des personnes qui visitent ses sites web. Nous nous engageons \u00e0 prot\u00e9ger la vie priv\u00e9e des personnes morales uniquement si cela peut s&rsquo;appliquer conform\u00e9ment \u00e0 une loi applicable en vigueur. Cette d\u00e9claration de confidentialit\u00e9 a pour but d&rsquo;informer de nos politiques en mati\u00e8re de collecte, d&rsquo;utilisation et de divulgation des donn\u00e9es personnelles lorsque vous naviguez sur nos sites web et des choix que vous avez associ\u00e9s \u00e0 ces donn\u00e9es.<\/p>\n<p>En utilisant notre site web, vous acceptez la collecte et l&rsquo;utilisation d&rsquo;informations conform\u00e9ment \u00e0 la pr\u00e9sente politique.<\/p>\n<p>Si vous avez des questions ou des plaintes concernant les pratiques de l&rsquo;Organisation en mati\u00e8re de protection de la vie priv\u00e9e, veuillez nous contacter par le biais de ce courriel.<\/p>\n<p>Cette d\u00e9claration de confidentialit\u00e9 couvre le site web suivant : https:\/\/test2.disinfocode.eu\/.<\/p>\n<h2>Que recueillons-nous ?<\/h2>\n<p>Nous recueillons les types d&rsquo;informations suivants \u00e0 des fins diverses (\u00e9num\u00e9r\u00e9es ci-dessous) afin de vous fournir et d&rsquo;am\u00e9liorer notre service :<\/p>\n<ul>\n<li>Donn\u00e9es personnelles<\/li>\n<li>Donn\u00e9es d&rsquo;utilisation<\/li>\n<li>Donn\u00e9es de localisation<\/li>\n<li>Cookies de suivi des donn\u00e9es<\/li>\n<\/ul>\n<h3>Donn\u00e9es personnelles<\/h3>\n<p>Lorsque vous nous contactez pour recevoir des informations sur nos services, lorsque vous vous inscrivez pour participer \u00e0 nos \u00e9v\u00e9nements ou lorsque vous postulez pour travailler pour nous, le Transparency Centre vous demande de fournir des coordonn\u00e9es personnelles qui peuvent \u00eatre utilis\u00e9es pour vous contacter ou vous identifier. Les informations personnellement identifiables peuvent inclure, mais ne sont pas limit\u00e9es \u00e0 :<\/p>\n<ul>\n<li>Pr\u00e9nom et nom de famille<\/li>\n<li>Adresse \u00e9lectronique<\/li>\n<\/ul>\n<h3>Donn\u00e9es d&rsquo;utilisation<\/h3>\n<p>Nous pouvons \u00e9galement recueillir des informations sur la mani\u00e8re dont le service est consult\u00e9 et utilis\u00e9 (\u00ab\u00a0donn\u00e9es d&rsquo;utilisation\u00a0\u00bb). Ces donn\u00e9es d&rsquo;utilisation peuvent inclure des informations telles que l&rsquo;adresse de protocole Internet (par exemple, l&rsquo;adresse IP) de votre ordinateur, le type de navigateur, la version du navigateur, les pages de nos sites web que vous visitez, l&rsquo;heure et la date de votre visite, le temps pass\u00e9 sur ces pages, les identifiants uniques des appareils et d&rsquo;autres donn\u00e9es de diagnostic.<\/p>\n<h3>Donn\u00e9es de localisation<\/h3>\n<p>Nous pouvons utiliser et stocker des informations sur votre localisation si vous nous en donnez l&rsquo;autorisation (\u00ab\u00a0donn\u00e9es de localisation\u00a0\u00bb). Nous utilisons ces donn\u00e9es pour fournir des fonctionnalit\u00e9s de notre service et pour am\u00e9liorer et personnaliser le service que nous offrons.<\/p>\n<p>Vous pouvez activer ou d\u00e9sactiver les services de localisation lorsque vous utilisez nos sites web \u00e0 tout moment, via les param\u00e8tres de votre appareil.<\/p>\n<h3>Cookies de suivi des donn\u00e9es<\/h3>\n<p>Nous utilisons des cookies et des technologies de suivi similaires pour suivre l&rsquo;activit\u00e9 sur nos sites web et conserver certaines informations.<\/p>\n<p>Vous trouverez de plus amples informations sur les cookies et des exemples de cookies que nous utilisons sur la <a href=\"https:\/\/test2.disinfocode.eu\/fr\/cookies\/\">page Politique en mati\u00e8re de cookies<\/a>.<\/p>\n<h2>Comment utilisons-nous vos donn\u00e9es ?<\/h2>\n<p>Le Centre de Transparence utilise les donn\u00e9es collect\u00e9es \u00e0 diverses fins d\u00e9taill\u00e9es ci-apr\u00e8s.<\/p>\n<p>Le Centre de Transparence utilise les donn\u00e9es personnelles de nos (futurs) signataires pour ex\u00e9cuter les services demand\u00e9s. Par exemple, si vous soumettez un formulaire pour nous informer de votre int\u00e9r\u00eat \u00e0 devenir signataire, nous utiliserons les informations que vous avez fournies pour vous envoyer des communications sur les \u00e9tapes ult\u00e9rieures pour devenir signataire, et des informations sur notre groupe.<\/p>\n<h2>Conservation des donn\u00e9es<\/h2>\n<p>Le Transparency Centre ne conservera vos donn\u00e9es personnelles que pendant la dur\u00e9e n\u00e9cessaire aux fins \u00e9nonc\u00e9es dans la pr\u00e9sente politique de confidentialit\u00e9. Nous conserverons et utiliserons vos donn\u00e9es personnelles dans la mesure o\u00f9 cela est n\u00e9cessaire pour nous conformer \u00e0 nos obligations l\u00e9gales (par exemple, si nous sommes tenus de conserver vos donn\u00e9es pour nous conformer aux lois applicables), r\u00e9soudre des litiges et appliquer nos accords et politiques juridiques.<\/p>\n<p>Le Centre de Transparence conservera \u00e9galement les donn\u00e9es d&rsquo;utilisation \u00e0 des fins d&rsquo;analyse interne. Les donn\u00e9es d&rsquo;utilisation sont g\u00e9n\u00e9ralement conserv\u00e9es pendant une p\u00e9riode plus courte, sauf si ces donn\u00e9es sont utilis\u00e9es pour renforcer la s\u00e9curit\u00e9 ou am\u00e9liorer la fonctionnalit\u00e9 de notre service, ou si nous sommes l\u00e9galement tenus de conserver ces donn\u00e9es pendant des p\u00e9riodes plus longues.<\/p>\n<h3>Transfert de donn\u00e9es<\/h3>\n<p>Vos informations, y compris les donn\u00e9es \u00e0 caract\u00e8re personnel, peuvent \u00eatre transf\u00e9r\u00e9es vers &#8211; et conserv\u00e9es sur &#8211; des ordinateurs situ\u00e9s en dehors de votre \u00c9tat, province, pays ou autre juridiction gouvernementale o\u00f9 les lois sur la protection des donn\u00e9es peuvent diff\u00e9rer de celles de votre juridiction.<\/p>\n<p>Veuillez noter que nous transf\u00e9rons les donn\u00e9es, y compris les donn\u00e9es \u00e0 caract\u00e8re personnel, en Belgique et les traitons dans ce pays. Nos serveurs d&rsquo;h\u00e9bergement web et nos centres de donn\u00e9es sont situ\u00e9s en Belgique.<\/p>\n<p>Votre consentement \u00e0 la pr\u00e9sente politique de confidentialit\u00e9, suivi de votre soumission de ces informations, repr\u00e9sente votre accord \u00e0 ce transfert.<\/p>\n<p>Le Centre de transparence prendra toutes les mesures raisonnablement n\u00e9cessaires pour s&rsquo;assurer que vos donn\u00e9es sont trait\u00e9es en toute s\u00e9curit\u00e9 et conform\u00e9ment \u00e0 la pr\u00e9sente politique de confidentialit\u00e9 et aucun transfert de vos donn\u00e9es personnelles vers une organisation ou un pays n&rsquo;aura lieu sans que des contr\u00f4les ad\u00e9quats ne soient mis en place, y compris la s\u00e9curit\u00e9 de vos donn\u00e9es et autres informations personnelles.<\/p>\n<h3>S\u00e9curit\u00e9 des donn\u00e9es<\/h3>\n<p>La s\u00e9curit\u00e9 de vos donn\u00e9es est importante pour nous, mais n&rsquo;oubliez pas qu&rsquo;aucune m\u00e9thode de transmission sur Internet ou de stockage \u00e9lectronique n&rsquo;est s\u00fbre \u00e0 100 %. Bien que nous nous efforcions d&rsquo;utiliser des moyens commercialement acceptables pour prot\u00e9ger vos donn\u00e9es personnelles, nous ne pouvons pas garantir leur s\u00e9curit\u00e9 absolue.<\/p>\n<p>Vous reconnaissez et acceptez les risques li\u00e9s \u00e0 l&rsquo;utilisation de l&rsquo;internet.<\/p>\n<h3>Vos droits<\/h3>\n<p>Le Centre de Transparence s&rsquo;efforce de prendre des mesures raisonnables pour vous permettre de corriger, modifier, supprimer ou limiter l&rsquo;utilisation de vos donn\u00e9es personnelles.<\/p>\n<p>Si vous souhaitez \u00eatre inform\u00e9 des donn\u00e9es personnelles que nous d\u00e9tenons \u00e0 votre sujet et si vous voulez qu&rsquo;elles soient supprim\u00e9es de nos syst\u00e8mes, veuillez nous contacter.<\/p>\n<p>Dans certaines circonstances, vous avez le droit :<\/p>\n<ul>\n<li>Pour acc\u00e9der et recevoir une copie des donn\u00e9es personnelles que nous d\u00e9tenons \u00e0 votre sujet.<\/li>\n<li>rectifier les donn\u00e9es personnelles vous concernant qui sont inexactes.<\/li>\n<li>Pour d\u00e9poser une plainte aupr\u00e8s d&rsquo;une autorit\u00e9 de surveillance comp\u00e9tente<\/li>\n<li>Demander la suppression des donn\u00e9es personnelles vous concernant (\u00ab\u00a0droit \u00e0 l&rsquo;oubli\u00a0\u00bb).<\/li>\n<\/ul>\n<p>Vous pouvez avoir le droit \u00e0 la portabilit\u00e9 des donn\u00e9es, si elle est applicable \u00e0 votre situation conform\u00e9ment \u00e0 la loi en vigueur, pour les informations que vous fournissez au Centre de la transparence.Si nous avons l&rsquo;obligation de respecter la portabilit\u00e9, vous pouvez demander \u00e0 obtenir une copie de vos donn\u00e9es personnelles dans un format \u00e9lectronique couramment utilis\u00e9 afin que vous puissiez les g\u00e9rer et les d\u00e9placer.<\/p>\n<p>Veuillez noter que nous pouvons vous demander de v\u00e9rifier votre identit\u00e9 avant de r\u00e9pondre \u00e0 ces demandes.<\/p>\n<h3>Fournisseurs de services<\/h3>\n<p>Nous pouvons employer des soci\u00e9t\u00e9s et des personnes tierces pour faciliter le service que nous fournissons (les \u00ab\u00a0prestataires de services\u00a0\u00bb), pour fournir le service en notre nom, pour ex\u00e9cuter des services li\u00e9s au service ou pour nous aider \u00e0 analyser la fa\u00e7on dont notre service est utilis\u00e9. En particulier, nous pouvons avoir recours au soutien de tiers pour l&rsquo;h\u00e9bergement et la maintenance de ce site web.<\/p>\n<p>Ces tiers n&rsquo;ont acc\u00e8s \u00e0 vos donn\u00e9es personnelles que pour ex\u00e9cuter ces t\u00e2ches en notre nom et sont tenus de ne pas les divulguer ou les utiliser \u00e0 d&rsquo;autres fins.<\/p>\n<p>Nous d\u00e9clinons notre responsabilit\u00e9 et nous ne sommes pas responsables des co\u00fbts et\/ou dommages qui pourraient vous \u00eatre caus\u00e9s par les fournisseurs de services.<\/p>\n<h2>Analytique<\/h2>\n<p>Nous pouvons faire appel \u00e0 des prestataires de services tiers pour surveiller et analyser l&rsquo;utilisation de notre service.<\/p>\n<h3>Google Analytics<\/h3>\n<p>Google Analytics est un service d&rsquo;analyse Web propos\u00e9 par Google qui permet de suivre et de signaler le trafic sur un site Web. Google utilise les donn\u00e9es collect\u00e9es pour suivre et contr\u00f4ler l&rsquo;utilisation de notre service. Ces donn\u00e9es sont partag\u00e9es avec d&rsquo;autres services de Google. Google peut utiliser les donn\u00e9es collect\u00e9es pour contextualiser et personnaliser les annonces de son propre r\u00e9seau publicitaire.<\/p>\n<p>Vous pouvez refuser que vos activit\u00e9s sur le Service soient mises \u00e0 la disposition de Google Analytics en installant le module compl\u00e9mentaire de navigateur pour la d\u00e9sactivation de Google Analytics. Ce module compl\u00e9mentaire emp\u00eache le JavaScript de Google Analytics (ga.js, analytics.js et dc.js) de partager avec Google Analytics des informations sur l&rsquo;activit\u00e9 des visites.<\/p>\n<p>Pour plus d&rsquo;informations sur les pratiques de Google en mati\u00e8re de confidentialit\u00e9, veuillez consulter la page Web des conditions de confidentialit\u00e9 de Google : http:\/\/www.google.com\/intl\/en\/policies\/privacy.<\/p>\n<h2>Liens vers d&rsquo;autres sites<\/h2>\n<p>Notre service peut contenir des liens vers d&rsquo;autres sites qui ne sont pas exploit\u00e9s par nous. Si vous cliquez sur un lien tiers, vous serez dirig\u00e9 vers le site de ce tiers. Nous vous conseillons vivement de consulter la politique de confidentialit\u00e9 de chaque site que vous visitez.<\/p>\n<p>Nous n&rsquo;avons aucun contr\u00f4le et n&rsquo;assumons aucune responsabilit\u00e9 quant au contenu, aux politiques de confidentialit\u00e9 ou aux pratiques de tout site ou service tiers.<\/p>\n<h2>La vie priv\u00e9e des enfants<\/h2>\n<p>Notre service ne s&rsquo;adresse pas aux personnes \u00e2g\u00e9es de moins de 13 ans, ou d&rsquo;un \u00e2ge plus jeune le cas \u00e9ch\u00e9ant, conform\u00e9ment \u00e0 une loi sp\u00e9cifique qui peut s&rsquo;appliquer, mais pas moins de 13 ans (\u00ab\u00a0Enfants\u00a0\u00bb).<\/p>\n<p>Nous ne recueillons pas sciemment d&rsquo;informations personnellement identifiables aupr\u00e8s de personnes \u00e2g\u00e9es de moins de 13 ans. Si vous \u00eates un parent ou un tuteur et que vous savez que votre enfant nous a fourni des donn\u00e9es personnelles, veuillez nous contacter. Si nous nous rendons compte que nous avons collect\u00e9 des donn\u00e9es personnelles d&rsquo;enfants sans v\u00e9rification du consentement parental, nous prenons des mesures pour supprimer ces informations de nos serveurs.<\/p>\n<h2>Divulgation pour l&rsquo;application de la loi<\/h2>\n<p>Dans certaines circonstances, le Centre de Transparence peut \u00eatre tenu de divulguer vos donn\u00e9es personnelles si la loi l&rsquo;exige ou en r\u00e9ponse \u00e0 des demandes valables \u00e9manant d&rsquo;autorit\u00e9s publiques (par exemple, un tribunal ou une agence gouvernementale).<\/p>\n<h2>Exigences l\u00e9gales et limites de responsabilit\u00e9<\/h2>\n<p>Le Centre de Transparence peut divulguer vos donn\u00e9es personnelles en croyant de bonne foi qu&rsquo;une telle action est n\u00e9cessaire pour :<\/p>\n<ul>\n<li>Pour se conformer \u00e0 une obligation l\u00e9gale<\/li>\n<li>prot\u00e9ger et d\u00e9fendre les droits ou les biens du Centre de transparence<\/li>\n<li>pour pr\u00e9venir ou enqu\u00eater sur d&rsquo;\u00e9ventuels actes r\u00e9pr\u00e9hensibles en rapport avec le service<\/li>\n<li>pour prot\u00e9ger la s\u00e9curit\u00e9 personnelle des utilisateurs du service ou du public<\/li>\n<li>Pour se prot\u00e9ger contre la responsabilit\u00e9 l\u00e9gale<\/li>\n<\/ul>\n<h2>Modifications de la pr\u00e9sente politique de confidentialit\u00e9<\/h2>\n<p>Nous pouvons mettre \u00e0 jour notre politique de confidentialit\u00e9 de temps \u00e0 autre. Nous vous informerons de toute modification en publiant la nouvelle politique de confidentialit\u00e9 sur cette page.<\/p>\n<p>Nous vous conseillons de consulter r\u00e9guli\u00e8rement cette politique de confidentialit\u00e9 pour prendre connaissance des \u00e9ventuelles modifications. Les modifications apport\u00e9es \u00e0 la pr\u00e9sente politique de confidentialit\u00e9 entrent en vigueur lorsqu&rsquo;elles sont publi\u00e9es sur cette page.<\/p>\n<h2>Fraude par courriel<\/h2>\n<p>La fraude par courrier \u00e9lectronique a connu une croissance spectaculaire ces derni\u00e8res ann\u00e9es. Les cybercriminels deviennent plus intelligents et nous avons besoin de votre aide pour les combattre.<\/p>\n<p>Les cybercriminels utiliseront tous les moyens \u00e0 leur disposition pour vous inciter \u00e0 partager vos informations personnelles, vos informations financi\u00e8res ou m\u00eame vous demander d&rsquo;effectuer des paiements non sollicit\u00e9s et criminels. La plupart des cybercriminels essaieront de contacter des repr\u00e9sentants de haut niveau de l&rsquo;entreprise et tenteront de cr\u00e9er un sentiment d&rsquo;urgence.<\/p>\n<p>N&rsquo;oubliez pas qu&rsquo;il existe de nombreuses techniques frauduleuses et que, m\u00eame avec les technologies actuelles, de nombreux courriels frauduleux contournent les mesures de s\u00e9curit\u00e9 mises en place par les entreprises.<\/p>\n<h3>Que faire en cas de doute ?<\/h3>\n<p>Si vous n&rsquo;\u00eates pas s\u00fbr que l&rsquo;e-mail est l\u00e9gitime, votre meilleur ami est votre d\u00e9partement TIC \/ IT \/ S\u00e9curit\u00e9. Ils peuvent aider \u00e0 enqu\u00eater sur l&rsquo;origine et la l\u00e9gitimit\u00e9 de l&rsquo;e-mail.<\/p>\n<h3>Comment signaler les courriels frauduleux ?<\/h3>\n<p>Vous pouvez nous contacter \u00e0 l&rsquo;adresse <a href=\"mailto:contact@disinfocode.vost.pt\">contact@disinfocode.vost.pt<\/a> pour signaler un courriel frauduleux ou obtenir de l&rsquo;aide pour prot\u00e9ger vos donn\u00e9es. Nous ferons de notre mieux pour assurer une protection maximale.<\/p>\n<h2>Nous contacter<\/h2>\n<p>Si vous avez des questions sur cette politique de confidentialit\u00e9, <a href=\"mailto:contact@disinfocode.vost.pt\">veuillez nous contacter par le biais de ce courriel<\/a>.<\/p>\n<\/div>\n      \n          <\/div>\n\n  <\/div>\n<\/section>\n","protected":false},"excerpt":{"rendered":"","protected":false},"author":62,"featured_media":0,"parent":0,"menu_order":0,"comment_status":"closed","ping_status":"closed","template":"","meta":{"_acf_changed":false,"footnotes":""},"class_list":["post-2656","page","type-page","status-publish","hentry"],"acf":[],"yoast_head":"<!-- This site is optimized with the Yoast SEO plugin v24.5 - https:\/\/yoast.com\/wordpress\/plugins\/seo\/ -->\n<title>Confidentialit\u00e9 - Transparency Centre<\/title>\n<meta name=\"robots\" content=\"index, follow, max-snippet:-1, max-image-preview:large, max-video-preview:-1\" \/>\n<link rel=\"canonical\" href=\"https:\/\/test2.disinfocode.eu\/fr\/politique-de-confidentialite\/\" \/>\n<meta property=\"og:locale\" content=\"fr_FR\" \/>\n<meta property=\"og:type\" content=\"article\" \/>\n<meta property=\"og:title\" content=\"Confidentialit\u00e9 - Transparency Centre\" \/>\n<meta property=\"og:url\" content=\"https:\/\/test2.disinfocode.eu\/fr\/politique-de-confidentialite\/\" \/>\n<meta property=\"og:site_name\" content=\"Transparency Centre\" \/>\n<meta property=\"article:modified_time\" content=\"2023-03-27T18:24:38+00:00\" \/>\n<meta name=\"twitter:card\" content=\"summary_large_image\" \/>\n<script type=\"application\/ld+json\" class=\"yoast-schema-graph\">{\"@context\":\"https:\/\/schema.org\",\"@graph\":[{\"@type\":\"WebPage\",\"@id\":\"https:\/\/test2.disinfocode.eu\/fr\/politique-de-confidentialite\/\",\"url\":\"https:\/\/test2.disinfocode.eu\/fr\/politique-de-confidentialite\/\",\"name\":\"Confidentialit\u00e9 - Transparency Centre\",\"isPartOf\":{\"@id\":\"https:\/\/disinfocode.eu\/#website\"},\"datePublished\":\"2022-12-30T09:42:38+00:00\",\"dateModified\":\"2023-03-27T18:24:38+00:00\",\"inLanguage\":\"fr-FR\",\"potentialAction\":[{\"@type\":\"ReadAction\",\"target\":[\"https:\/\/test2.disinfocode.eu\/fr\/politique-de-confidentialite\/\"]}]},{\"@type\":\"WebSite\",\"@id\":\"https:\/\/disinfocode.eu\/#website\",\"url\":\"https:\/\/disinfocode.eu\/\",\"name\":\"Transparency Centre\",\"description\":\"Discover the Code of Practice on Disinformation\",\"potentialAction\":[{\"@type\":\"SearchAction\",\"target\":{\"@type\":\"EntryPoint\",\"urlTemplate\":\"https:\/\/disinfocode.eu\/?s={search_term_string}\"},\"query-input\":{\"@type\":\"PropertyValueSpecification\",\"valueRequired\":true,\"valueName\":\"search_term_string\"}}],\"inLanguage\":\"fr-FR\"}]}<\/script>\n<!-- \/ Yoast SEO plugin. -->","yoast_head_json":{"title":"Confidentialit\u00e9 - Transparency Centre","robots":{"index":"index","follow":"follow","max-snippet":"max-snippet:-1","max-image-preview":"max-image-preview:large","max-video-preview":"max-video-preview:-1"},"canonical":"https:\/\/test2.disinfocode.eu\/fr\/politique-de-confidentialite\/","og_locale":"fr_FR","og_type":"article","og_title":"Confidentialit\u00e9 - Transparency Centre","og_url":"https:\/\/test2.disinfocode.eu\/fr\/politique-de-confidentialite\/","og_site_name":"Transparency Centre","article_modified_time":"2023-03-27T18:24:38+00:00","twitter_card":"summary_large_image","schema":{"@context":"https:\/\/schema.org","@graph":[{"@type":"WebPage","@id":"https:\/\/test2.disinfocode.eu\/fr\/politique-de-confidentialite\/","url":"https:\/\/test2.disinfocode.eu\/fr\/politique-de-confidentialite\/","name":"Confidentialit\u00e9 - Transparency Centre","isPartOf":{"@id":"https:\/\/disinfocode.eu\/#website"},"datePublished":"2022-12-30T09:42:38+00:00","dateModified":"2023-03-27T18:24:38+00:00","inLanguage":"fr-FR","potentialAction":[{"@type":"ReadAction","target":["https:\/\/test2.disinfocode.eu\/fr\/politique-de-confidentialite\/"]}]},{"@type":"WebSite","@id":"https:\/\/disinfocode.eu\/#website","url":"https:\/\/disinfocode.eu\/","name":"Transparency Centre","description":"Discover the Code of Practice on Disinformation","potentialAction":[{"@type":"SearchAction","target":{"@type":"EntryPoint","urlTemplate":"https:\/\/disinfocode.eu\/?s={search_term_string}"},"query-input":{"@type":"PropertyValueSpecification","valueRequired":true,"valueName":"search_term_string"}}],"inLanguage":"fr-FR"}]}},"_links":{"self":[{"href":"https:\/\/test2.disinfocode.eu\/fr\/wp-json\/wp\/v2\/pages\/2656","targetHints":{"allow":["GET"]}}],"collection":[{"href":"https:\/\/test2.disinfocode.eu\/fr\/wp-json\/wp\/v2\/pages"}],"about":[{"href":"https:\/\/test2.disinfocode.eu\/fr\/wp-json\/wp\/v2\/types\/page"}],"author":[{"embeddable":true,"href":"https:\/\/test2.disinfocode.eu\/fr\/wp-json\/wp\/v2\/users\/62"}],"replies":[{"embeddable":true,"href":"https:\/\/test2.disinfocode.eu\/fr\/wp-json\/wp\/v2\/comments?post=2656"}],"version-history":[{"count":0,"href":"https:\/\/test2.disinfocode.eu\/fr\/wp-json\/wp\/v2\/pages\/2656\/revisions"}],"wp:attachment":[{"href":"https:\/\/test2.disinfocode.eu\/fr\/wp-json\/wp\/v2\/media?parent=2656"}],"curies":[{"name":"wp","href":"https:\/\/api.w.org\/{rel}","templated":true}]}}