{"id":2619,"date":"2023-01-20T11:04:00","date_gmt":"2023-01-20T09:04:00","guid":{"rendered":"https:\/\/wp-dev.space\/zn\/transparency-center\/master\/declaration-daccessibilite\/"},"modified":"2023-02-20T12:58:29","modified_gmt":"2023-02-20T12:58:29","slug":"declaration-daccessibilite","status":"publish","type":"page","link":"https:\/\/test2.disinfocode.eu\/fr\/declaration-daccessibilite\/","title":{"rendered":"D\u00e9claration d&rsquo;accessibilit\u00e9"},"content":{"rendered":"\n<p><\/p>\n<section class=\"title-block title-block-m gutenberg-block  indigo-800\" >\n  <div class=\"sk-container sk-container--fl\">\n\n    <div class=\"title-block-content sk-container\">\n\n      \n            <h1 class=\"title-block-title\">D\u00e9claration d&rsquo;accessibilit\u00e9<\/h1>\n    <\/div>\n\n  <\/div>\n<\/section>\n<section data-aos=\"fade-up\" data-aos-duration=\"1500\" class=\"text-block text-block-m gutenberg-block \" >\n  <div class=\"sk-container sk-container--fl\">\n\n    <div class=\"text-block-content sk-container\">\n\n              <div class=\"text-block-text\"><p>Le Centre de Transparence s&rsquo;engage \u00e0 garantir l&rsquo;accessibilit\u00e9 num\u00e9rique aux personnes handicap\u00e9es. Nous am\u00e9liorons en permanence l&rsquo;exp\u00e9rience utilisateur pour tous et appliquons les normes d&rsquo;accessibilit\u00e9 pertinentes.<\/p>\n<h2>Mesures en faveur de l&rsquo;accessibilit\u00e9<\/h2>\n<p>Le Centre de Transparence prend les mesures suivantes pour garantir l&rsquo;accessibilit\u00e9 de https:\/\/test2.disinfocode.eu\/ :<\/p>\n<ul>\n<li>Les images ont un texte alt significatif<\/li>\n<li>Les liens sont visuellement identifiables<\/li>\n<li>Utiliser des titres de section descriptifs<\/li>\n<li>Utilisation de la structure s\u00e9mantique correcte des \u00e9l\u00e9ments HTML<\/li>\n<li>Les formulaires ont des \u00e9tiquettes descriptives<\/li>\n<li>L&rsquo;information ne d\u00e9pend pas de la couleur, du son, de la forme, de la taille ou de l&#8217;emplacement visuel.<\/li>\n<li>Le texte et la couleur de fond pr\u00e9sentent un contraste suffisant<\/li>\n<li>Le contenu s&rsquo;\u00e9chelonne correctement en cas de zoom\/agrandissement<\/li>\n<li>Utiliser une balise titre descriptive<\/li>\n<li>Prise en charge de la navigation au clavier<\/li>\n<li>\u00c9tats du focus visibles pour les utilisateurs du clavier<\/li>\n<li>Types de saisie HTML5 corrects<\/li>\n<li>Le site ne se ferme pas de fa\u00e7on inattendue<\/li>\n<li>Le multim\u00e9dia a d&rsquo;autres fa\u00e7ons d&rsquo;\u00eatre consomm\u00e9<\/li>\n<li>Utilisation de l&rsquo;attribut \u00ab\u00a0lang\u00a0\u00bb du HTML<\/li>\n<li>Utilisation d&rsquo;\u00e9tiquettes d&rsquo;entr\u00e9es compr\u00e9hensibles<\/li>\n<li>Les formulaires comportent des messages d&rsquo;erreur et de v\u00e9rification utiles et accessibles<\/li>\n<li>Les liens sont descriptifs et fournissent une intention<\/li>\n<li>Les pages sont compr\u00e9hensibles sans que les styles soient activ\u00e9s<\/li>\n<li>Le HTML est correct et sans erreur<\/li>\n<li>Les t\u00e9l\u00e9chargements de fichiers CSV et JSON sont des ensembles de donn\u00e9es brutes.<\/li>\n<\/ul>\n<h2>Statut de conformit\u00e9<\/h2>\n<p>Les directives d&rsquo;accessibilit\u00e9 au contenu Web (WCAG) d\u00e9finissent les exigences auxquelles doivent se conformer les concepteurs et les d\u00e9veloppeurs afin d&rsquo;am\u00e9liorer l&rsquo;accessibilit\u00e9 pour les personnes handicap\u00e9es. Elle d\u00e9finit trois niveaux de conformit\u00e9 : Niveau A, Niveau AA, et Niveau AAA. Le Centre de transparence est partiellement conforme au WCAG 2.1 niveau AA. Partiellement conforme signifie que certaines parties du contenu ne sont pas enti\u00e8rement conformes \u00e0 la norme d&rsquo;accessibilit\u00e9.<\/p>\n<h3>Autres consid\u00e9rations relatives \u00e0 l&rsquo;accessibilit\u00e9<\/h3>\n<p class=\"basic-information conformance-additions\">Bien que notre objectif soit la conformit\u00e9 aux WCAG 2.1 niveau AA, nous avons \u00e9galement appliqu\u00e9 certains crit\u00e8res de r\u00e9ussite de niveau AAA :<\/p>\n<ul>\n<li>Nous n&rsquo;utilisons pas d&rsquo;images de texte.<\/li>\n<li>Toutes les fonctionnalit\u00e9s sont accessibles par le clavier, sans exception.<\/li>\n<li>Aucune limite de temps sur le site web.<\/li>\n<li>Aucun contenu ne clignote plus de trois fois par seconde.<\/li>\n<li>Nous informons les utilisateurs de l&rsquo;endroit o\u00f9 ils se trouvent sur le site.<\/li>\n<li>L&rsquo;objectif de chaque lien est clair \u00e0 partir de son texte.<\/li>\n<li>Organiser le contenu avec des rubriques.<\/li>\n<\/ul>\n<h2>Sp\u00e9cifications techniques<\/h2>\n<p>L&rsquo;accessibilit\u00e9 du Centre de transparence repose sur les technologies suivantes pour fonctionner avec la combinaison particuli\u00e8re de navigateur web et de technologies d&rsquo;assistance ou de plugins install\u00e9s sur votre ordinateur :<\/p>\n<ul class=\"technical-information technologies-used\">\n<li>HTML<\/li>\n<li>WAI-ARIA<\/li>\n<li>CSS<\/li>\n<li>JavaScript<\/li>\n<li>PHP<\/li>\n<\/ul>\n<p>La conformit\u00e9 aux normes d&rsquo;accessibilit\u00e9 utilis\u00e9es repose sur ces technologies.<\/p>\n<h2>Limites et alternatives<\/h2>\n<p>Malgr\u00e9 tous les efforts d\u00e9ploy\u00e9s pour garantir l&rsquo;accessibilit\u00e9 du Centre de Transparence, certaines limitations peuvent exister. Vous trouverez ci-dessous une description des limites connues et des solutions possibles. Veuillez nous contacter si vous observez un probl\u00e8me non r\u00e9pertori\u00e9 ci-dessous.<\/p>\n<p>Limitations connues pour le Centre de transparence :<\/p>\n<ol class=\"technical-information accessibility-limitations\">\n<li>Les fichiers PDF g\u00e9n\u00e9r\u00e9s automatiquement \u00e0 partir des rapports peuvent ne pas \u00eatre enti\u00e8rement conformes.<\/li>\n<li>Les fichiers PDF t\u00e9l\u00e9charg\u00e9s par les signataires peuvent ne pas \u00eatre enti\u00e8rement conformes.<\/li>\n<\/ol>\n<h2>Commentaires<\/h2>\n<p>Nous vous invitons \u00e0 nous faire part de vos commentaires sur l&rsquo;accessibilit\u00e9 du Centre de Transparence. Veuillez nous faire savoir si vous rencontrez des obstacles \u00e0 l&rsquo;accessibilit\u00e9 sur le Centre de Transparence :<\/p>\n<p>Courriel : contact@disinfocode.vost.pt<\/p>\n<\/div>\n      \n          <\/div>\n\n  <\/div>\n<\/section>\n\n<p><\/p>\n","protected":false},"excerpt":{"rendered":"","protected":false},"author":93,"featured_media":0,"parent":0,"menu_order":0,"comment_status":"closed","ping_status":"closed","template":"","meta":{"_acf_changed":false,"footnotes":""},"class_list":["post-2619","page","type-page","status-publish","hentry"],"acf":[],"yoast_head":"<!-- This site is optimized with the Yoast SEO plugin v24.5 - https:\/\/yoast.com\/wordpress\/plugins\/seo\/ -->\n<title>D\u00e9claration d&#039;accessibilit\u00e9 - Transparency Centre<\/title>\n<meta name=\"robots\" content=\"index, follow, max-snippet:-1, max-image-preview:large, max-video-preview:-1\" \/>\n<link rel=\"canonical\" href=\"https:\/\/test2.disinfocode.eu\/fr\/declaration-daccessibilite\/\" \/>\n<meta property=\"og:locale\" content=\"fr_FR\" \/>\n<meta property=\"og:type\" content=\"article\" \/>\n<meta property=\"og:title\" content=\"D\u00e9claration d&#039;accessibilit\u00e9 - Transparency Centre\" \/>\n<meta property=\"og:url\" content=\"https:\/\/test2.disinfocode.eu\/fr\/declaration-daccessibilite\/\" \/>\n<meta property=\"og:site_name\" content=\"Transparency Centre\" \/>\n<meta property=\"article:modified_time\" content=\"2023-02-20T12:58:29+00:00\" \/>\n<meta name=\"twitter:card\" content=\"summary_large_image\" \/>\n<script type=\"application\/ld+json\" class=\"yoast-schema-graph\">{\"@context\":\"https:\/\/schema.org\",\"@graph\":[{\"@type\":\"WebPage\",\"@id\":\"https:\/\/test2.disinfocode.eu\/fr\/declaration-daccessibilite\/\",\"url\":\"https:\/\/test2.disinfocode.eu\/fr\/declaration-daccessibilite\/\",\"name\":\"D\u00e9claration d'accessibilit\u00e9 - Transparency Centre\",\"isPartOf\":{\"@id\":\"https:\/\/disinfocode.eu\/#website\"},\"datePublished\":\"2023-01-20T09:04:00+00:00\",\"dateModified\":\"2023-02-20T12:58:29+00:00\",\"inLanguage\":\"fr-FR\",\"potentialAction\":[{\"@type\":\"ReadAction\",\"target\":[\"https:\/\/test2.disinfocode.eu\/fr\/declaration-daccessibilite\/\"]}]},{\"@type\":\"WebSite\",\"@id\":\"https:\/\/disinfocode.eu\/#website\",\"url\":\"https:\/\/disinfocode.eu\/\",\"name\":\"Transparency Centre\",\"description\":\"Discover the Code of Practice on Disinformation\",\"potentialAction\":[{\"@type\":\"SearchAction\",\"target\":{\"@type\":\"EntryPoint\",\"urlTemplate\":\"https:\/\/disinfocode.eu\/?s={search_term_string}\"},\"query-input\":{\"@type\":\"PropertyValueSpecification\",\"valueRequired\":true,\"valueName\":\"search_term_string\"}}],\"inLanguage\":\"fr-FR\"}]}<\/script>\n<!-- \/ Yoast SEO plugin. -->","yoast_head_json":{"title":"D\u00e9claration d'accessibilit\u00e9 - Transparency Centre","robots":{"index":"index","follow":"follow","max-snippet":"max-snippet:-1","max-image-preview":"max-image-preview:large","max-video-preview":"max-video-preview:-1"},"canonical":"https:\/\/test2.disinfocode.eu\/fr\/declaration-daccessibilite\/","og_locale":"fr_FR","og_type":"article","og_title":"D\u00e9claration d'accessibilit\u00e9 - Transparency Centre","og_url":"https:\/\/test2.disinfocode.eu\/fr\/declaration-daccessibilite\/","og_site_name":"Transparency Centre","article_modified_time":"2023-02-20T12:58:29+00:00","twitter_card":"summary_large_image","schema":{"@context":"https:\/\/schema.org","@graph":[{"@type":"WebPage","@id":"https:\/\/test2.disinfocode.eu\/fr\/declaration-daccessibilite\/","url":"https:\/\/test2.disinfocode.eu\/fr\/declaration-daccessibilite\/","name":"D\u00e9claration d'accessibilit\u00e9 - Transparency Centre","isPartOf":{"@id":"https:\/\/disinfocode.eu\/#website"},"datePublished":"2023-01-20T09:04:00+00:00","dateModified":"2023-02-20T12:58:29+00:00","inLanguage":"fr-FR","potentialAction":[{"@type":"ReadAction","target":["https:\/\/test2.disinfocode.eu\/fr\/declaration-daccessibilite\/"]}]},{"@type":"WebSite","@id":"https:\/\/disinfocode.eu\/#website","url":"https:\/\/disinfocode.eu\/","name":"Transparency Centre","description":"Discover the Code of Practice on Disinformation","potentialAction":[{"@type":"SearchAction","target":{"@type":"EntryPoint","urlTemplate":"https:\/\/disinfocode.eu\/?s={search_term_string}"},"query-input":{"@type":"PropertyValueSpecification","valueRequired":true,"valueName":"search_term_string"}}],"inLanguage":"fr-FR"}]}},"_links":{"self":[{"href":"https:\/\/test2.disinfocode.eu\/fr\/wp-json\/wp\/v2\/pages\/2619","targetHints":{"allow":["GET"]}}],"collection":[{"href":"https:\/\/test2.disinfocode.eu\/fr\/wp-json\/wp\/v2\/pages"}],"about":[{"href":"https:\/\/test2.disinfocode.eu\/fr\/wp-json\/wp\/v2\/types\/page"}],"author":[{"embeddable":true,"href":"https:\/\/test2.disinfocode.eu\/fr\/wp-json\/wp\/v2\/users\/93"}],"replies":[{"embeddable":true,"href":"https:\/\/test2.disinfocode.eu\/fr\/wp-json\/wp\/v2\/comments?post=2619"}],"version-history":[{"count":0,"href":"https:\/\/test2.disinfocode.eu\/fr\/wp-json\/wp\/v2\/pages\/2619\/revisions"}],"wp:attachment":[{"href":"https:\/\/test2.disinfocode.eu\/fr\/wp-json\/wp\/v2\/media?parent=2619"}],"curies":[{"name":"wp","href":"https:\/\/api.w.org\/{rel}","templated":true}]}}