{"id":2522,"date":"2023-01-25T11:41:28","date_gmt":"2023-01-25T10:41:28","guid":{"rendered":"https:\/\/wp-dev.space\/zn\/transparency-center\/master\/indicateurs-structurels\/"},"modified":"2023-02-20T01:25:33","modified_gmt":"2023-02-20T01:25:33","slug":"indicateurs-structurels","status":"publish","type":"page","link":"https:\/\/test2.disinfocode.eu\/fr\/indicateurs-structurels\/","title":{"rendered":"Indicateurs structurels"},"content":{"rendered":"<section class=\"title-block title-block-m gutenberg-block  indigo-800\" >\n  <div class=\"sk-container sk-container--fl\">\n\n    <div class=\"title-block-content sk-container\">\n\n      \n            <h1 class=\"title-block-title\">Indicateurs structurels<\/h1>\n    <\/div>\n\n  <\/div>\n<\/section>\n\n\n<section data-aos=\"fade-up\" data-aos-duration=\"1500\" class=\"text-block text-block-m gutenberg-block \" >\n  <div class=\"sk-container sk-container--fl\">\n\n    <div class=\"text-block-content sk-container\">\n\n              <div class=\"text-block-text\"><p style=\"text-align: center;\">En vertu de l&rsquo;engagement 41 du Code, les signataires s&rsquo;engagent \u00e0 participer au groupe de travail visant \u00e0 d\u00e9velopper des indicateurs structurels. Ceux-ci sont con\u00e7us pour \u00e9valuer l&rsquo;efficacit\u00e9 du Code dans la r\u00e9duction de la diffusion d\u2019\u00e9l\u00e9ments de d\u00e9sinformation en ligne. Cet examen s\u2019applique \u00e0 chacun des signataires concern\u00e9s ainsi qu\u2019\u00e0 l&rsquo;ensemble de l&rsquo;\u00e9cosyst\u00e8me en ligne au sein l&rsquo;UE et au niveau des \u00c9tats membres. Les signataires collaboreront avec les acteurs concern\u00e9s \u00e0 cet \u00e9gard, notamment l&rsquo;ERGA et l&rsquo;EDMO.<\/p>\n<p style=\"text-align: center;\">Pour ce faire, les signataires ont mis sur pied un groupe de travail en juin 2022 \u00e0 la suite de la pr\u00e9sentation du Code renforc\u00e9. Le groupe de travail rendra compte de ses progr\u00e8s au groupe de travail sur une base trimestrielle et consultera des experts, notamment l&rsquo;EDMO et l&rsquo;ERGA.<\/p>\n<p style=\"text-align: center;\">Il publiera ses mesures pour les indicateurs structurels bas\u00e9s sur le premier rapport complet des signataires, ainsi que l\u2019int\u00e9gralit\u00e9 de sa m\u00e9thodologie. Il con\u00e7oit que ces dispositions pourraient devoir \u00eatre affin\u00e9es au fil du temps.<\/p>\n<\/div>\n      \n          <\/div>\n\n  <\/div>\n<\/section>\n","protected":false},"excerpt":{"rendered":"","protected":false},"author":93,"featured_media":0,"parent":0,"menu_order":0,"comment_status":"closed","ping_status":"closed","template":"","meta":{"_acf_changed":false,"footnotes":""},"class_list":["post-2522","page","type-page","status-publish","hentry"],"acf":[],"yoast_head":"<!-- This site is optimized with the Yoast SEO plugin v24.5 - https:\/\/yoast.com\/wordpress\/plugins\/seo\/ -->\n<title>Indicateurs structurels - Transparency Centre<\/title>\n<meta name=\"robots\" content=\"index, follow, max-snippet:-1, max-image-preview:large, max-video-preview:-1\" \/>\n<link rel=\"canonical\" href=\"https:\/\/test2.disinfocode.eu\/fr\/indicateurs-structurels\/\" \/>\n<meta property=\"og:locale\" content=\"fr_FR\" \/>\n<meta property=\"og:type\" content=\"article\" \/>\n<meta property=\"og:title\" content=\"Indicateurs structurels - Transparency Centre\" \/>\n<meta property=\"og:url\" content=\"https:\/\/test2.disinfocode.eu\/fr\/indicateurs-structurels\/\" \/>\n<meta property=\"og:site_name\" content=\"Transparency Centre\" \/>\n<meta property=\"article:modified_time\" content=\"2023-02-20T01:25:33+00:00\" \/>\n<meta name=\"twitter:card\" content=\"summary_large_image\" \/>\n<script type=\"application\/ld+json\" class=\"yoast-schema-graph\">{\"@context\":\"https:\/\/schema.org\",\"@graph\":[{\"@type\":\"WebPage\",\"@id\":\"https:\/\/test2.disinfocode.eu\/fr\/indicateurs-structurels\/\",\"url\":\"https:\/\/test2.disinfocode.eu\/fr\/indicateurs-structurels\/\",\"name\":\"Indicateurs structurels - Transparency Centre\",\"isPartOf\":{\"@id\":\"https:\/\/disinfocode.eu\/#website\"},\"datePublished\":\"2023-01-25T10:41:28+00:00\",\"dateModified\":\"2023-02-20T01:25:33+00:00\",\"inLanguage\":\"fr-FR\",\"potentialAction\":[{\"@type\":\"ReadAction\",\"target\":[\"https:\/\/test2.disinfocode.eu\/fr\/indicateurs-structurels\/\"]}]},{\"@type\":\"WebSite\",\"@id\":\"https:\/\/disinfocode.eu\/#website\",\"url\":\"https:\/\/disinfocode.eu\/\",\"name\":\"Transparency Centre\",\"description\":\"Discover the Code of Practice on Disinformation\",\"potentialAction\":[{\"@type\":\"SearchAction\",\"target\":{\"@type\":\"EntryPoint\",\"urlTemplate\":\"https:\/\/disinfocode.eu\/?s={search_term_string}\"},\"query-input\":{\"@type\":\"PropertyValueSpecification\",\"valueRequired\":true,\"valueName\":\"search_term_string\"}}],\"inLanguage\":\"fr-FR\"}]}<\/script>\n<!-- \/ Yoast SEO plugin. -->","yoast_head_json":{"title":"Indicateurs structurels - Transparency Centre","robots":{"index":"index","follow":"follow","max-snippet":"max-snippet:-1","max-image-preview":"max-image-preview:large","max-video-preview":"max-video-preview:-1"},"canonical":"https:\/\/test2.disinfocode.eu\/fr\/indicateurs-structurels\/","og_locale":"fr_FR","og_type":"article","og_title":"Indicateurs structurels - Transparency Centre","og_url":"https:\/\/test2.disinfocode.eu\/fr\/indicateurs-structurels\/","og_site_name":"Transparency Centre","article_modified_time":"2023-02-20T01:25:33+00:00","twitter_card":"summary_large_image","schema":{"@context":"https:\/\/schema.org","@graph":[{"@type":"WebPage","@id":"https:\/\/test2.disinfocode.eu\/fr\/indicateurs-structurels\/","url":"https:\/\/test2.disinfocode.eu\/fr\/indicateurs-structurels\/","name":"Indicateurs structurels - Transparency Centre","isPartOf":{"@id":"https:\/\/disinfocode.eu\/#website"},"datePublished":"2023-01-25T10:41:28+00:00","dateModified":"2023-02-20T01:25:33+00:00","inLanguage":"fr-FR","potentialAction":[{"@type":"ReadAction","target":["https:\/\/test2.disinfocode.eu\/fr\/indicateurs-structurels\/"]}]},{"@type":"WebSite","@id":"https:\/\/disinfocode.eu\/#website","url":"https:\/\/disinfocode.eu\/","name":"Transparency Centre","description":"Discover the Code of Practice on Disinformation","potentialAction":[{"@type":"SearchAction","target":{"@type":"EntryPoint","urlTemplate":"https:\/\/disinfocode.eu\/?s={search_term_string}"},"query-input":{"@type":"PropertyValueSpecification","valueRequired":true,"valueName":"search_term_string"}}],"inLanguage":"fr-FR"}]}},"_links":{"self":[{"href":"https:\/\/test2.disinfocode.eu\/fr\/wp-json\/wp\/v2\/pages\/2522","targetHints":{"allow":["GET"]}}],"collection":[{"href":"https:\/\/test2.disinfocode.eu\/fr\/wp-json\/wp\/v2\/pages"}],"about":[{"href":"https:\/\/test2.disinfocode.eu\/fr\/wp-json\/wp\/v2\/types\/page"}],"author":[{"embeddable":true,"href":"https:\/\/test2.disinfocode.eu\/fr\/wp-json\/wp\/v2\/users\/93"}],"replies":[{"embeddable":true,"href":"https:\/\/test2.disinfocode.eu\/fr\/wp-json\/wp\/v2\/comments?post=2522"}],"version-history":[{"count":2,"href":"https:\/\/test2.disinfocode.eu\/fr\/wp-json\/wp\/v2\/pages\/2522\/revisions"}],"predecessor-version":[{"id":2555,"href":"https:\/\/test2.disinfocode.eu\/fr\/wp-json\/wp\/v2\/pages\/2522\/revisions\/2555"}],"wp:attachment":[{"href":"https:\/\/test2.disinfocode.eu\/fr\/wp-json\/wp\/v2\/media?parent=2522"}],"curies":[{"name":"wp","href":"https:\/\/api.w.org\/{rel}","templated":true}]}}