{"id":2135,"date":"2023-01-12T19:04:24","date_gmt":"2023-01-12T19:04:24","guid":{"rendered":"https:\/\/wp-dev.space\/zn\/transparency-center\/master\/signataires-potentiels\/"},"modified":"2023-02-06T01:25:19","modified_gmt":"2023-02-06T01:25:19","slug":"signataires-potentiels","status":"publish","type":"page","link":"https:\/\/test2.disinfocode.eu\/fr\/signataires-potentiels\/","title":{"rendered":"Signataires potentiels"},"content":{"rendered":"<section class=\"title-block title-block-m gutenberg-block  indigo-800\" >\n  <div class=\"sk-container sk-container--fl\">\n\n    <div class=\"title-block-content sk-container\">\n\n            <div class=\"title-block-description\">REJOIGNEZ-NOUS<\/div>\n      \n            <h1 class=\"title-block-title\">Signataires potentiels<\/h1>\n    <\/div>\n\n  <\/div>\n<\/section>\n\n\n<section data-aos=\"fade-up\" data-aos-duration=\"1500\" class=\"text-block text-block-m gutenberg-block \" >\n  <div class=\"sk-container sk-container--fl\">\n\n    <div class=\"text-block-content sk-container\">\n\n              <div class=\"text-block-text\"><div class=\"ewa-rteLine\">Le nouveau Code de bonnes pratiques contre la d\u00e9sinformation pr\u00e9sent\u00e9 le 16 juin 2022 est un instrument de cor\u00e9gulation novateur et adopt\u00e9 sur une base volontaire. Il a \u00e9t\u00e9 \u00e9labor\u00e9 et sign\u00e9 par 34 signataires. Les signataires actuels du Code, ainsi que la Commission, le Service europ\u00e9en pour l\u2019action ext\u00e9rieure (SEAE), le Groupe des r\u00e9gulateurs europ\u00e9ens des services de m\u00e9dias audiovisuels (ERGA) et l\u2019Observatoire europ\u00e9en des m\u00e9dias num\u00e9riques (EDMO), publient un appel \u00e0 manifestation d\u2019int\u00e9r\u00eat. Celui-ci invite de nouveaux acteurs de l\u2019\u00e9cosyst\u00e8me de l\u2019information en ligne actifs au sein de l\u2019UE \u00e0 adopter le Code.<\/div>\n<div class=\"ewa-rteLine\"><\/div>\n<div class=\"ewa-rteLine\">Les parties prenantes souhaitant devenir signataires doivent soumettre une br\u00e8ve pr\u00e9sentation de leur organisation par e-mail au groupe de travail. Elles y d\u00e9criront les services fournis ainsi que les engagements et les mesures qu\u2019elles souhaitent approuver dans le cadre du nouveau Code.<\/div>\n<\/div>\n      \n            <div class=\"text-block-buttons\">\n                    <a class=\"sk-btn sk-btn--primary sk-btn--2xl\" href=\"#form\"\n             target=\"_self\">Devenir signataire<\/a>\n      <\/div>\n          <\/div>\n\n  <\/div>\n<\/section>\n\n\n<section class=\"left-text left-text-m left-text \" >\n \n\n    <div class=\"left-text-content\">\n      <div class=\"left-text-row\">\n\n\n        <div class=\"left-text-column left-text-column-left\" data-aos=\"fade-right\" data-aos-duration=\"1500\">\n\n            <div class=\"left-text-item-image circle-icon\">\n        \n\n\t\n\t\n\t\n\t\t<?xml version=\"1.0\" encoding=\"UTF-8\"?> <svg xmlns=\"http:\/\/www.w3.org\/2000\/svg\" width=\"19\" height=\"22\" viewBox=\"0 0 19 22\" fill=\"none\"><path d=\"M17 11.5V5.8C17 4.11984 17 3.27976 16.673 2.63803C16.3854 2.07354 15.9265 1.6146 15.362 1.32698C14.7202 1 13.8802 1 12.2 1H5.8C4.11984 1 3.27976 1 2.63803 1.32698C2.07354 1.6146 1.6146 2.07354 1.32698 2.63803C1 3.27976 1 4.11984 1 5.8V16.2C1 17.8802 1 18.7202 1.32698 19.362C1.6146 19.9265 2.07354 20.3854 2.63803 20.673C3.27976 21 4.11984 21 5.8 21H9M11 10H5M7 14H5M13 6H5M11.5 18L13.5 20L18 15.5\" stroke=\"#444CE7\" stroke-width=\"2\" stroke-linecap=\"round\" stroke-linejoin=\"round\"><\/path><\/svg> \n\n\t\n\n      <\/div>\n    \n    <div class=\"left-text-text\">\n              <h2 class=\"left-text-title\">\u00c0 qui s\u2019adresse l\u2019appel ?<\/h2>\n      \n              <div class=\"left-text-description\"><div class=\"ewa-rteLine\">L\u2019appel s\u2019adresse \u00e0 un large \u00e9ventail de parties prenantes, notamment :<\/div>\n<div class=\"ewa-rteLine\">\u2013 les fournisseurs de services en ligne qui participent \u00e0 la diffusion de contenus au public, tels que les r\u00e9seaux sociaux, les applications de messagerie priv\u00e9e et les moteurs de recherche ;<\/div>\n<div class=\"ewa-rteLine\">\u2013 les acteurs du secteur de la publicit\u00e9 en ligne ;<\/div>\n<div class=\"ewa-rteLine\">\u2013 les fournisseurs de services de paiement \u00e9lectronique, de plateformes de commerce \u00e9lectronique et de syst\u00e8mes de dons ou de financement participatif, qui peuvent \u00eatre utilis\u00e9s pour diffuser des \u00e9l\u00e9ments de d\u00e9sinformation ;<\/div>\n<div class=\"ewa-rteLine\">\u2013 les parties prenantes qui fournissent des solutions technologiques pour lutter contre la d\u00e9sinformation ; et<\/div>\n<div class=\"ewa-rteLine\">\u2013 les v\u00e9rificateurs de faits et les organisations de la soci\u00e9t\u00e9 civile sp\u00e9cialis\u00e9es dans la lutte contre la d\u00e9sinformation.<\/div>\n<div class=\"ewa-rteLine\"><\/div>\n<div class=\"ewa-rteLine\">En adh\u00e9rant au Code de 2022, les nouveaux signataires feront partie d\u2019un forum \u00e0 l\u2019\u00e9chelle de l\u2019UE. Celui-ci rassemble une vari\u00e9t\u00e9 d\u2019acteurs concern\u00e9s qui cherchent \u00e0 renforcer leurs actions, \u00e0 partager les meilleures pratiques et \u00e0 am\u00e9liorer la coop\u00e9ration afin d\u2019att\u00e9nuer les risques d\u00e9coulant de la d\u00e9sinformation au sein de l\u2019UE.<\/div>\n<\/div>\n          <\/div>\n\n    <\/div>\n        \n\t\t<div class=\"left-text-column left-text-column-right\" data-aos=\"fade-left\" data-aos-duration=\"1500\">\n\n      <div class=\"left-text-container-image\">\n                  <div class=\"left-text-wrap-image sk-only-d\">\n            \n\n\t\n\t\n\t\n\t\t\t\t\t\t\t\t\t\t\t\t\t\t\t\t\t\t\t\t\t\t\t\t\t\t\t\t\t\t\t\t\t\t\n\t\t\t\t\n\t\t<picture>\n\t\t\t<source type=\"image\/webp\" sizes=\"(max-width: 991px) 710px, (max-width: 1279px) 940px, 1216px\" srcset=\"https:\/\/test2.disinfocode.eu\/wp-content\/uploads\/2023\/01\/signatory_desktop-100x0-c-default.webp 100w, https:\/\/test2.disinfocode.eu\/wp-content\/uploads\/2023\/01\/signatory_desktop-200x0-c-default.webp 200w, https:\/\/test2.disinfocode.eu\/wp-content\/uploads\/2023\/01\/signatory_desktop-400x0-c-default.webp 400w, https:\/\/test2.disinfocode.eu\/wp-content\/uploads\/2023\/01\/signatory_desktop-600x0-c-default.webp 600w, https:\/\/test2.disinfocode.eu\/wp-content\/uploads\/2023\/01\/signatory_desktop.webp 720w\">\n\t\t\t<source type=\"image\/jpeg\" sizes=\"(max-width: 991px) 710px, (max-width: 1279px) 940px, 1216px\" srcset=\"https:\/\/test2.disinfocode.eu\/wp-content\/uploads\/2023\/01\/signatory_desktop-100x0-c-default.jpg 100w, https:\/\/test2.disinfocode.eu\/wp-content\/uploads\/2023\/01\/signatory_desktop-200x0-c-default.jpg 200w, https:\/\/test2.disinfocode.eu\/wp-content\/uploads\/2023\/01\/signatory_desktop-400x0-c-default.jpg 400w, https:\/\/test2.disinfocode.eu\/wp-content\/uploads\/2023\/01\/signatory_desktop-600x0-c-default.jpg 600w, https:\/\/test2.disinfocode.eu\/wp-content\/uploads\/2023\/01\/signatory_desktop.jpg 720w\">\n\t\t\t<img loading=\"lazy\" decoding=\"async\" class=\"\" width=\"720\" height=\"560\" alt=\"Image de fond avec des formes g\u00e9om\u00e9triques jaunes\" src=\"https:\/\/test2.disinfocode.eu\/wp-content\/uploads\/2023\/01\/signatory_desktop.jpg\" loading=\"lazy\">\n\t\t<\/picture>\n\n\t\n\n          <\/div>\n                          <div class=\"left-text-wrap-image sk-only-m\">\n            \n\n\t\n\t\n\t\n\t\t\t\t\t\t\t\t\t\t\t\t\t\t\t\t\t\t\n\t\t\t\t\n\t\t<picture>\n\t\t\t<source type=\"image\/webp\" sizes=\"100vw\" srcset=\"https:\/\/test2.disinfocode.eu\/wp-content\/uploads\/2023\/01\/signatory_mobile-100x0-c-default.webp 100w, https:\/\/test2.disinfocode.eu\/wp-content\/uploads\/2023\/01\/signatory_mobile-200x0-c-default.webp 200w, https:\/\/test2.disinfocode.eu\/wp-content\/uploads\/2023\/01\/signatory_mobile.webp 375w\">\n\t\t\t<source type=\"image\/jpeg\" sizes=\"100vw\" srcset=\"https:\/\/test2.disinfocode.eu\/wp-content\/uploads\/2023\/01\/signatory_mobile-100x0-c-default.jpg 100w, https:\/\/test2.disinfocode.eu\/wp-content\/uploads\/2023\/01\/signatory_mobile-200x0-c-default.jpg 200w, https:\/\/test2.disinfocode.eu\/wp-content\/uploads\/2023\/01\/signatory_mobile.jpg 375w\">\n\t\t\t<img loading=\"lazy\" decoding=\"async\" class=\"\" width=\"375\" height=\"200\" alt=\"Image de fond avec des formes g\u00e9om\u00e9triques jaunes\" src=\"https:\/\/test2.disinfocode.eu\/wp-content\/uploads\/2023\/01\/signatory_mobile.jpg\" loading=\"lazy\">\n\t\t<\/picture>\n\n\t\n\n          <\/div>\n              <\/div>\n    <\/div>\n    \n    <\/div>\n\n\n\n\n    <\/div>\n\n\n<\/section>\n\n\n<section data-aos=\"fade-up\" data-aos-duration=\"1500\" id=\"form\" class=\"form form-m gutenberg-block \" >\n  <div class=\"sk-container\">\n\n    <div class=\"form-content\">\n      <div class=\"form-left-col\">\n              <div class=\"form-title\">Rejoignez les signataires du Centre de transparence<\/div>\n      \n              <div class=\"form-description\">Le groupe de travail du Code de bonnes pratiques attend avec impatience de d\u00e9couvrir es signataires potentiels qui soumettent une manifestation d\u2019int\u00e9r\u00eat.<\/div>\n      \n              <div class=\"form-signatories_form_id\"><div class=\"wpforms-container \" id=\"wpforms-5218\"><form id=\"wpforms-form-5218\" class=\"wpforms-validate wpforms-form wpforms-ajax-form\" data-formid=\"5218\" method=\"post\" enctype=\"multipart\/form-data\" action=\"\/fr\/wp-json\/wp\/v2\/pages\/2135\" data-token=\"7b8208f92fe8f5600af68896bb8a2a18\" data-token-time=\"1776458016\"><noscript class=\"wpforms-error-noscript\">Veuillez activer JavaScript dans votre navigateur pour remplir ce formulaire.<\/noscript><div class=\"wpforms-field-container\"><div id=\"wpforms-5218-field_1-container\" class=\"wpforms-field wpforms-field-text sk-form-field\" data-field-id=\"1\"><label class=\"wpforms-field-label\" for=\"wpforms-5218-field_1\">Signatory Name <span class=\"wpforms-required-label\">*<\/span><\/label><input type=\"text\" id=\"wpforms-5218-field_1\" class=\"wpforms-field-medium wpforms-field-required\" name=\"wpforms[fields][1]\" placeholder=\"Signatory Name\" required><\/div><div id=\"wpforms-5218-field_2-container\" class=\"wpforms-field wpforms-field-email sk-form-field\" data-field-id=\"2\"><label class=\"wpforms-field-label\" for=\"wpforms-5218-field_2\">Contact email address <span class=\"wpforms-required-label\">*<\/span><\/label><input type=\"email\" id=\"wpforms-5218-field_2\" class=\"wpforms-field-medium wpforms-field-required\" name=\"wpforms[fields][2]\" placeholder=\"you@company.com\" spellcheck=\"false\" required><\/div><div id=\"wpforms-5218-field_3-container\" class=\"wpforms-field wpforms-field-textarea sk-form-field\" data-field-id=\"3\"><label class=\"wpforms-field-label\" for=\"wpforms-5218-field_3\">List the Commitments and measures that are relevant <span class=\"wpforms-required-label\">*<\/span><\/label><textarea id=\"wpforms-5218-field_3\" class=\"wpforms-field-medium wpforms-field-required\" name=\"wpforms[fields][3]\" placeholder=\"Leave us a message...\" required><\/textarea><\/div><div id=\"wpforms-5218-field_4-container\" class=\"wpforms-field wpforms-field-textarea sk-form-field\" data-field-id=\"4\"><label class=\"wpforms-field-label\" for=\"wpforms-5218-field_4\">Reasoning for the choice of commitments and measures, as well as future plans <span class=\"wpforms-required-label\">*<\/span><\/label><textarea id=\"wpforms-5218-field_4\" class=\"wpforms-field-medium wpforms-field-required\" name=\"wpforms[fields][4]\" placeholder=\"Leave us a message...\" required><\/textarea><\/div><div id=\"wpforms-5218-field_5-container\" class=\"wpforms-field wpforms-field-checkbox sk-form-field\" data-field-id=\"5\"><label class=\"wpforms-field-label wpforms-label-hide\">Privacy Policy <span class=\"wpforms-required-label\">*<\/span><\/label><ul id=\"wpforms-5218-field_5\" class=\"wpforms-field-required\"><li class=\"choice-1 depth-1\"><input type=\"checkbox\" id=\"wpforms-5218-field_5_1\" name=\"wpforms[fields][5][]\" value=\"I have read and agree to the &lt;a target=&quot;_blanc&quot; href=&quot;\/privacy-policy\/&quot;&gt;Privacy Policy&lt;\/a&gt;\" required ><label class=\"wpforms-field-label-inline\" for=\"wpforms-5218-field_5_1\">I have read and agree to the <a target=\"_blanc\" href=\"\/privacy-policy\/\">Privacy Policy<\/a><\/label><\/li><\/ul><\/div><\/div><!-- .wpforms-field-container --><div class=\"wpforms-recaptcha-container wpforms-is-recaptcha wpforms-is-recaptcha-type-invisible\" ><div class=\"g-recaptcha\" data-sitekey=\"6LcnVi0kAAAAACxwmlGG6JJvBrUg6pP7MfhtORJu\" data-size=\"invisible\"><\/div><\/div><div class=\"wpforms-submit-container\" ><input type=\"hidden\" name=\"wpforms[id]\" value=\"5218\"><input type=\"hidden\" name=\"page_title\" value=\"\"><input type=\"hidden\" name=\"page_url\" value=\"https:\/\/test2.disinfocode.eu\/fr\/wp-json\/wp\/v2\/pages\/2135\"><button type=\"submit\" name=\"wpforms[submit]\" id=\"wpforms-submit-5218\" class=\"wpforms-submit sk-form-field sk-btn sk-btn--secondary sk-btn--full-w\" data-alt-text=\"Sending...\" data-submit-text=\"Submit\" aria-live=\"assertive\" value=\"wpforms-submit\">Submit<\/button><img decoding=\"async\" src=\"https:\/\/test2.disinfocode.eu\/wp-content\/plugins\/wpforms-lite\/assets\/images\/submit-spin.svg\" class=\"wpforms-submit-spinner\" style=\"display: none;\" width=\"26\" height=\"26\" alt=\"Chargement en cours\"><\/div><\/form><\/div>  <!-- .wpforms-container --><\/div>\n      \n    <\/div>\n    <div  class=\"form-right-col\">\n              \n\n\t\n\t\n\t\n\t\t\t\t\t\t\t\t\t\t\t\t\t\t\t\t\t\t\t\t\t\t\t\t\t\t\n\t\t\t\t\n\t\t<picture>\n\t\t\t<source type=\"image\/webp\" sizes=\"(max-width: 991px) 710px, (max-width: 1279px) 940px, 1216px\" srcset=\"https:\/\/test2.disinfocode.eu\/wp-content\/uploads\/2023\/01\/form_side-100x0-c-default.webp 100w, https:\/\/test2.disinfocode.eu\/wp-content\/uploads\/2023\/01\/form_side-200x0-c-default.webp 200w, https:\/\/test2.disinfocode.eu\/wp-content\/uploads\/2023\/01\/form_side-400x0-c-default.webp 400w, https:\/\/test2.disinfocode.eu\/wp-content\/uploads\/2023\/01\/form_side.webp 500w\">\n\t\t\t<source type=\"image\/jpeg\" sizes=\"(max-width: 991px) 710px, (max-width: 1279px) 940px, 1216px\" srcset=\"https:\/\/test2.disinfocode.eu\/wp-content\/uploads\/2023\/01\/form_side-100x0-c-default.jpg 100w, https:\/\/test2.disinfocode.eu\/wp-content\/uploads\/2023\/01\/form_side-200x0-c-default.jpg 200w, https:\/\/test2.disinfocode.eu\/wp-content\/uploads\/2023\/01\/form_side-400x0-c-default.jpg 400w, https:\/\/test2.disinfocode.eu\/wp-content\/uploads\/2023\/01\/form_side.jpg 500w\">\n\t\t\t<img loading=\"lazy\" decoding=\"async\" class=\"\" width=\"500\" height=\"944\" alt=\"Image de fond avec des formes g\u00e9om\u00e9triques bleues\" src=\"https:\/\/test2.disinfocode.eu\/wp-content\/uploads\/2023\/01\/form_side.jpg\" loading=\"lazy\">\n\t\t<\/picture>\n\n\t\n\n          <\/div>\n<\/div>\n<\/div>\n<\/section>\n","protected":false},"excerpt":{"rendered":"","protected":false},"author":93,"featured_media":0,"parent":0,"menu_order":0,"comment_status":"closed","ping_status":"closed","template":"","meta":{"_acf_changed":false,"footnotes":""},"class_list":["post-2135","page","type-page","status-publish","hentry"],"acf":[],"yoast_head":"<!-- This site is optimized with the Yoast SEO plugin v24.5 - https:\/\/yoast.com\/wordpress\/plugins\/seo\/ -->\n<title>Signataires potentiels - Transparency Centre<\/title>\n<meta name=\"robots\" content=\"index, follow, max-snippet:-1, max-image-preview:large, max-video-preview:-1\" \/>\n<link rel=\"canonical\" href=\"https:\/\/test2.disinfocode.eu\/fr\/signataires-potentiels\/\" \/>\n<meta property=\"og:locale\" content=\"fr_FR\" \/>\n<meta property=\"og:type\" content=\"article\" \/>\n<meta property=\"og:title\" content=\"Signataires potentiels - Transparency Centre\" \/>\n<meta property=\"og:url\" content=\"https:\/\/test2.disinfocode.eu\/fr\/signataires-potentiels\/\" \/>\n<meta property=\"og:site_name\" content=\"Transparency Centre\" \/>\n<meta property=\"article:modified_time\" content=\"2023-02-06T01:25:19+00:00\" \/>\n<meta name=\"twitter:card\" content=\"summary_large_image\" \/>\n<script type=\"application\/ld+json\" class=\"yoast-schema-graph\">{\"@context\":\"https:\/\/schema.org\",\"@graph\":[{\"@type\":\"WebPage\",\"@id\":\"https:\/\/test2.disinfocode.eu\/fr\/signataires-potentiels\/\",\"url\":\"https:\/\/test2.disinfocode.eu\/fr\/signataires-potentiels\/\",\"name\":\"Signataires potentiels - Transparency Centre\",\"isPartOf\":{\"@id\":\"https:\/\/disinfocode.eu\/#website\"},\"datePublished\":\"2023-01-12T19:04:24+00:00\",\"dateModified\":\"2023-02-06T01:25:19+00:00\",\"inLanguage\":\"fr-FR\",\"potentialAction\":[{\"@type\":\"ReadAction\",\"target\":[\"https:\/\/test2.disinfocode.eu\/fr\/signataires-potentiels\/\"]}]},{\"@type\":\"WebSite\",\"@id\":\"https:\/\/disinfocode.eu\/#website\",\"url\":\"https:\/\/disinfocode.eu\/\",\"name\":\"Transparency Centre\",\"description\":\"Discover the Code of Practice on Disinformation\",\"potentialAction\":[{\"@type\":\"SearchAction\",\"target\":{\"@type\":\"EntryPoint\",\"urlTemplate\":\"https:\/\/disinfocode.eu\/?s={search_term_string}\"},\"query-input\":{\"@type\":\"PropertyValueSpecification\",\"valueRequired\":true,\"valueName\":\"search_term_string\"}}],\"inLanguage\":\"fr-FR\"}]}<\/script>\n<!-- \/ Yoast SEO plugin. -->","yoast_head_json":{"title":"Signataires potentiels - Transparency Centre","robots":{"index":"index","follow":"follow","max-snippet":"max-snippet:-1","max-image-preview":"max-image-preview:large","max-video-preview":"max-video-preview:-1"},"canonical":"https:\/\/test2.disinfocode.eu\/fr\/signataires-potentiels\/","og_locale":"fr_FR","og_type":"article","og_title":"Signataires potentiels - Transparency Centre","og_url":"https:\/\/test2.disinfocode.eu\/fr\/signataires-potentiels\/","og_site_name":"Transparency Centre","article_modified_time":"2023-02-06T01:25:19+00:00","twitter_card":"summary_large_image","schema":{"@context":"https:\/\/schema.org","@graph":[{"@type":"WebPage","@id":"https:\/\/test2.disinfocode.eu\/fr\/signataires-potentiels\/","url":"https:\/\/test2.disinfocode.eu\/fr\/signataires-potentiels\/","name":"Signataires potentiels - Transparency Centre","isPartOf":{"@id":"https:\/\/disinfocode.eu\/#website"},"datePublished":"2023-01-12T19:04:24+00:00","dateModified":"2023-02-06T01:25:19+00:00","inLanguage":"fr-FR","potentialAction":[{"@type":"ReadAction","target":["https:\/\/test2.disinfocode.eu\/fr\/signataires-potentiels\/"]}]},{"@type":"WebSite","@id":"https:\/\/disinfocode.eu\/#website","url":"https:\/\/disinfocode.eu\/","name":"Transparency Centre","description":"Discover the Code of Practice on Disinformation","potentialAction":[{"@type":"SearchAction","target":{"@type":"EntryPoint","urlTemplate":"https:\/\/disinfocode.eu\/?s={search_term_string}"},"query-input":{"@type":"PropertyValueSpecification","valueRequired":true,"valueName":"search_term_string"}}],"inLanguage":"fr-FR"}]}},"_links":{"self":[{"href":"https:\/\/test2.disinfocode.eu\/fr\/wp-json\/wp\/v2\/pages\/2135","targetHints":{"allow":["GET"]}}],"collection":[{"href":"https:\/\/test2.disinfocode.eu\/fr\/wp-json\/wp\/v2\/pages"}],"about":[{"href":"https:\/\/test2.disinfocode.eu\/fr\/wp-json\/wp\/v2\/types\/page"}],"author":[{"embeddable":true,"href":"https:\/\/test2.disinfocode.eu\/fr\/wp-json\/wp\/v2\/users\/93"}],"replies":[{"embeddable":true,"href":"https:\/\/test2.disinfocode.eu\/fr\/wp-json\/wp\/v2\/comments?post=2135"}],"version-history":[{"count":2,"href":"https:\/\/test2.disinfocode.eu\/fr\/wp-json\/wp\/v2\/pages\/2135\/revisions"}],"predecessor-version":[{"id":2161,"href":"https:\/\/test2.disinfocode.eu\/fr\/wp-json\/wp\/v2\/pages\/2135\/revisions\/2161"}],"wp:attachment":[{"href":"https:\/\/test2.disinfocode.eu\/fr\/wp-json\/wp\/v2\/media?parent=2135"}],"curies":[{"name":"wp","href":"https:\/\/api.w.org\/{rel}","templated":true}]}}