{"id":2678,"date":"2023-01-23T14:17:37","date_gmt":"2023-01-23T14:17:37","guid":{"rendered":"https:\/\/wp-dev.space\/zn\/transparency-center\/master\/evasteet\/"},"modified":"2023-02-09T03:18:38","modified_gmt":"2023-02-09T03:18:38","slug":"evasteet","status":"publish","type":"page","link":"https:\/\/test2.disinfocode.eu\/fi\/evasteet\/","title":{"rendered":"Ev\u00e4steet"},"content":{"rendered":"<section class=\"title-block title-block-m gutenberg-block  indigo-800\" >\n  <div class=\"sk-container sk-container--fl\">\n\n    <div class=\"title-block-content sk-container\">\n\n      \n            <h1 class=\"title-block-title\">Ev\u00e4steet<\/h1>\n    <\/div>\n\n  <\/div>\n<\/section>\n<section data-aos=\"fade-up\" data-aos-duration=\"1500\" class=\"text-block text-block-m gutenberg-block \" >\n  <div class=\"sk-container sk-container--fl\">\n\n    <div class=\"text-block-content sk-container\">\n\n              <div class=\"text-block-text\"><p>K\u00e4yt\u00e4mme ev\u00e4steit\u00e4 ja muita vastaavia seurantatekniikoita seurataksemme toimintaa verkkosivustoillamme ja tallentaaksemme tiettyj\u00e4 tietoja.<\/p>\n<p>Ev\u00e4steet ovat tiedostoja, jotka sis\u00e4lt\u00e4v\u00e4t pienen m\u00e4\u00e4r\u00e4n tietoa, joka voi sis\u00e4lt\u00e4\u00e4 anonyymin yksil\u00f6llisen tunnisteen. Ev\u00e4steet l\u00e4hetet\u00e4\u00e4n selaimeesi verkkosivustolta ja tallennetaan laitteeseesi. Seurantatekniikoita ovat my\u00f6s majakat, tunnisteet ja skriptit, joita k\u00e4ytet\u00e4\u00e4n tietojen ker\u00e4\u00e4miseen ja seuraamiseen sek\u00e4 tarjoamamme palvelun parantamiseen ja analysointiin.<\/p>\n<p>Voit m\u00e4\u00e4r\u00e4t\u00e4 selaimesi kielt\u00e4ytym\u00e4\u00e4n kaikista ev\u00e4steist\u00e4 tai ilmoittamaan, kun ev\u00e4ste l\u00e4hetet\u00e4\u00e4n. Jos et kuitenkaan hyv\u00e4ksy ev\u00e4steit\u00e4, et ehk\u00e4 pysty k\u00e4ytt\u00e4m\u00e4\u00e4n joitakin verkkosivujemme osia.<\/p>\n<p>T\u00e4ll\u00e4 verkkosivustolla k\u00e4ytett\u00e4v\u00e4t ev\u00e4steet ovat:<\/p>\n<p><strong><div id=\"cmplz-cookies-overview\"><\/div><\/strong><\/p>\n<div><\/div>\n<\/div>\n      \n          <\/div>\n\n  <\/div>\n<\/section>\n","protected":false},"excerpt":{"rendered":"","protected":false},"author":93,"featured_media":0,"parent":0,"menu_order":0,"comment_status":"closed","ping_status":"closed","template":"","meta":{"_acf_changed":false,"footnotes":""},"class_list":["post-2678","page","type-page","status-publish","hentry"],"acf":[],"yoast_head":"<!-- This site is optimized with the Yoast SEO plugin v24.5 - https:\/\/yoast.com\/wordpress\/plugins\/seo\/ -->\n<title>Ev\u00e4steet - Transparency Centre<\/title>\n<meta name=\"robots\" content=\"index, follow, max-snippet:-1, max-image-preview:large, max-video-preview:-1\" \/>\n<link rel=\"canonical\" href=\"https:\/\/test2.disinfocode.eu\/fi\/evasteet\/\" \/>\n<meta property=\"og:locale\" content=\"fi_FI\" \/>\n<meta property=\"og:type\" content=\"article\" \/>\n<meta property=\"og:title\" content=\"Ev\u00e4steet - Transparency Centre\" \/>\n<meta property=\"og:url\" content=\"https:\/\/test2.disinfocode.eu\/fi\/evasteet\/\" \/>\n<meta property=\"og:site_name\" content=\"Transparency Centre\" \/>\n<meta property=\"article:modified_time\" content=\"2023-02-09T03:18:38+00:00\" \/>\n<meta name=\"twitter:card\" content=\"summary_large_image\" \/>\n<script type=\"application\/ld+json\" class=\"yoast-schema-graph\">{\"@context\":\"https:\/\/schema.org\",\"@graph\":[{\"@type\":\"WebPage\",\"@id\":\"https:\/\/test2.disinfocode.eu\/fi\/evasteet\/\",\"url\":\"https:\/\/test2.disinfocode.eu\/fi\/evasteet\/\",\"name\":\"Ev\u00e4steet - Transparency Centre\",\"isPartOf\":{\"@id\":\"https:\/\/disinfocode.eu\/#website\"},\"datePublished\":\"2023-01-23T14:17:37+00:00\",\"dateModified\":\"2023-02-09T03:18:38+00:00\",\"inLanguage\":\"fi\",\"potentialAction\":[{\"@type\":\"ReadAction\",\"target\":[\"https:\/\/test2.disinfocode.eu\/fi\/evasteet\/\"]}]},{\"@type\":\"WebSite\",\"@id\":\"https:\/\/disinfocode.eu\/#website\",\"url\":\"https:\/\/disinfocode.eu\/\",\"name\":\"Transparency Centre\",\"description\":\"Discover the Code of Practice on Disinformation\",\"potentialAction\":[{\"@type\":\"SearchAction\",\"target\":{\"@type\":\"EntryPoint\",\"urlTemplate\":\"https:\/\/disinfocode.eu\/?s={search_term_string}\"},\"query-input\":{\"@type\":\"PropertyValueSpecification\",\"valueRequired\":true,\"valueName\":\"search_term_string\"}}],\"inLanguage\":\"fi\"}]}<\/script>\n<!-- \/ Yoast SEO plugin. -->","yoast_head_json":{"title":"Ev\u00e4steet - Transparency Centre","robots":{"index":"index","follow":"follow","max-snippet":"max-snippet:-1","max-image-preview":"max-image-preview:large","max-video-preview":"max-video-preview:-1"},"canonical":"https:\/\/test2.disinfocode.eu\/fi\/evasteet\/","og_locale":"fi_FI","og_type":"article","og_title":"Ev\u00e4steet - Transparency Centre","og_url":"https:\/\/test2.disinfocode.eu\/fi\/evasteet\/","og_site_name":"Transparency Centre","article_modified_time":"2023-02-09T03:18:38+00:00","twitter_card":"summary_large_image","schema":{"@context":"https:\/\/schema.org","@graph":[{"@type":"WebPage","@id":"https:\/\/test2.disinfocode.eu\/fi\/evasteet\/","url":"https:\/\/test2.disinfocode.eu\/fi\/evasteet\/","name":"Ev\u00e4steet - Transparency Centre","isPartOf":{"@id":"https:\/\/disinfocode.eu\/#website"},"datePublished":"2023-01-23T14:17:37+00:00","dateModified":"2023-02-09T03:18:38+00:00","inLanguage":"fi","potentialAction":[{"@type":"ReadAction","target":["https:\/\/test2.disinfocode.eu\/fi\/evasteet\/"]}]},{"@type":"WebSite","@id":"https:\/\/disinfocode.eu\/#website","url":"https:\/\/disinfocode.eu\/","name":"Transparency Centre","description":"Discover the Code of Practice on Disinformation","potentialAction":[{"@type":"SearchAction","target":{"@type":"EntryPoint","urlTemplate":"https:\/\/disinfocode.eu\/?s={search_term_string}"},"query-input":{"@type":"PropertyValueSpecification","valueRequired":true,"valueName":"search_term_string"}}],"inLanguage":"fi"}]}},"_links":{"self":[{"href":"https:\/\/test2.disinfocode.eu\/fi\/wp-json\/wp\/v2\/pages\/2678","targetHints":{"allow":["GET"]}}],"collection":[{"href":"https:\/\/test2.disinfocode.eu\/fi\/wp-json\/wp\/v2\/pages"}],"about":[{"href":"https:\/\/test2.disinfocode.eu\/fi\/wp-json\/wp\/v2\/types\/page"}],"author":[{"embeddable":true,"href":"https:\/\/test2.disinfocode.eu\/fi\/wp-json\/wp\/v2\/users\/93"}],"replies":[{"embeddable":true,"href":"https:\/\/test2.disinfocode.eu\/fi\/wp-json\/wp\/v2\/comments?post=2678"}],"version-history":[{"count":0,"href":"https:\/\/test2.disinfocode.eu\/fi\/wp-json\/wp\/v2\/pages\/2678\/revisions"}],"wp:attachment":[{"href":"https:\/\/test2.disinfocode.eu\/fi\/wp-json\/wp\/v2\/media?parent=2678"}],"curies":[{"name":"wp","href":"https:\/\/api.w.org\/{rel}","templated":true}]}}