{"id":2655,"date":"2022-12-30T10:42:38","date_gmt":"2022-12-30T09:42:38","guid":{"rendered":"https:\/\/wp-dev.space\/zn\/transparency-center\/master\/yksityisyys\/"},"modified":"2023-03-27T18:24:37","modified_gmt":"2023-03-27T18:24:37","slug":"yksityisyyden-suojaa-koskeva-politiikka","status":"publish","type":"page","link":"https:\/\/test2.disinfocode.eu\/fi\/yksityisyyden-suojaa-koskeva-politiikka\/","title":{"rendered":"Yksityisyys"},"content":{"rendered":"<section class=\"title-block title-block-m gutenberg-block  indigo-800\" >\n  <div class=\"sk-container sk-container--fl\">\n\n    <div class=\"title-block-content sk-container\">\n\n      \n            <h1 class=\"title-block-title\">Yksityisyys<\/h1>\n    <\/div>\n\n  <\/div>\n<\/section>\n<section data-aos=\"fade-up\" data-aos-duration=\"1500\" class=\"text-block text-block-m gutenberg-block \" >\n  <div class=\"sk-container sk-container--fl\">\n\n    <div class=\"text-block-content sk-container\">\n\n              <div class=\"text-block-text\"><p><strong>Voimaantulop\u00e4iv\u00e4: 9. helmikuuta 2023<\/strong><\/p>\n<p>Avoimuuskeskus (&#8221;me&#8221;, &#8221;meid\u00e4n&#8221;, &#8221;meid\u00e4n&#8221; tai &#8221;organisaatio&#8221;) on sitoutunut suojelemaan verkkosivustoillamme vierailevien henkil\u00f6iden yksityisyytt\u00e4. Olemme sitoutuneet suojaamaan oikeushenkil\u00f6iden yksityisyydensuojaa vain, jos sit\u00e4 voidaan soveltaa voimassa olevan lain mukaan. T\u00e4m\u00e4n tietosuojalausekkeen tarkoituksena on tiedottaa k\u00e4yt\u00e4nn\u00f6ist\u00e4mme, jotka koskevat henkil\u00f6tietojen ker\u00e4\u00e4mist\u00e4, k\u00e4ytt\u00f6\u00e4 ja luovuttamista, kun selaat verkkosivujamme, sek\u00e4 n\u00e4ihin tietoihin liittyvist\u00e4 valinnoista.<\/p>\n<p>K\u00e4ytt\u00e4m\u00e4ll\u00e4 verkkosivustoamme hyv\u00e4ksyt tietojen ker\u00e4\u00e4misen ja k\u00e4yt\u00f6n t\u00e4m\u00e4n politiikan mukaisesti.<\/p>\n<p>Jos sinulla on kysymyksi\u00e4 tai valituksia organisaation tietosuojak\u00e4yt\u00e4nn\u00f6ist\u00e4, ota meihin yhteytt\u00e4 t\u00e4m\u00e4n s\u00e4hk\u00f6postin kautta.<\/p>\n<p>T\u00e4m\u00e4 tietosuojaseloste kattaa seuraavan verkkosivuston: https:\/\/test2.disinfocode.eu\/.<\/p>\n<h2>Mit\u00e4 me ker\u00e4\u00e4mme?<\/h2>\n<p>Ker\u00e4\u00e4mme seuraavanlaisia tietoja eri tarkoituksiin (lueteltu alla), jotta voimme tarjota ja parantaa palveluitamme sinulle:<\/p>\n<ul>\n<li>Henkil\u00f6tiedot<\/li>\n<li>K\u00e4ytt\u00f6tiedot<\/li>\n<li>Sijaintitiedot<\/li>\n<li>Seuranta ev\u00e4steiden tiedot<\/li>\n<\/ul>\n<h3>Henkil\u00f6tiedot<\/h3>\n<p>Kun otat meihin yhteytt\u00e4 saadaksesi tietoa palveluistamme, kun ilmoittaudut tapahtumiimme tai kun haet meille t\u00f6ihin, Avoimuuskeskus pyyt\u00e4\u00e4 sinua antamaan henkil\u00f6kohtaisia yhteystietojasi, joita voidaan k\u00e4ytt\u00e4\u00e4 yhteydenottoon tai tunnistamiseen. Henkil\u00f6kohtaisesti tunnistettavia tietoja voivat olla muun muassa:<\/p>\n<ul>\n<li>Etu- ja sukunimi<\/li>\n<li>S\u00e4hk\u00f6postiosoite<\/li>\n<\/ul>\n<h3>K\u00e4ytt\u00f6tiedot<\/h3>\n<p>Saatamme my\u00f6s ker\u00e4t\u00e4 tietoja siit\u00e4, miten palvelua k\u00e4ytet\u00e4\u00e4n (&#8221;k\u00e4ytt\u00f6tiedot&#8221;). N\u00e4ihin k\u00e4ytt\u00f6tietoihin voi sis\u00e4lty\u00e4 tietoja, kuten tietokoneen Internet-protokollaosoite (esim. IP-osoite), selaimen tyyppi, selainversio, verkkosivustomme sivut, joilla vierailet, vierailun aika ja p\u00e4iv\u00e4m\u00e4\u00e4r\u00e4, sivuilla vietetty aika, yksil\u00f6lliset laitetunnisteet ja muut diagnostiset tiedot.<\/p>\n<h3>Sijaintitiedot<\/h3>\n<p>Saatamme k\u00e4ytt\u00e4\u00e4 ja tallentaa sijaintitietojasi, jos annat meille luvan tehd\u00e4 niin (&#8221;sijaintitiedot&#8221;). K\u00e4yt\u00e4mme n\u00e4it\u00e4 tietoja palvelumme ominaisuuksien tarjoamiseen sek\u00e4 tarjoamamme palvelun parantamiseen ja mukauttamiseen.<\/p>\n<p>Voit ottaa sijaintipalvelut k\u00e4ytt\u00f6\u00f6n tai poistaa ne k\u00e4yt\u00f6st\u00e4 verkkosivustojamme k\u00e4ytt\u00e4ess\u00e4si milloin tahansa laitteesi asetusten kautta.<\/p>\n<h3>Seuranta ev\u00e4steiden tiedot<\/h3>\n<p>K\u00e4yt\u00e4mme ev\u00e4steit\u00e4 ja muita vastaavia seurantatekniikoita seurataksemme toimintaa verkkosivustoillamme ja tallentaaksemme tiettyj\u00e4 tietoja.<\/p>\n<p>Lis\u00e4tietoja ev\u00e4steist\u00e4 ja esimerkkej\u00e4 k\u00e4ytt\u00e4mist\u00e4mme ev\u00e4steist\u00e4 l\u00f6yd\u00e4t <a href=\"https:\/\/test2.disinfocode.eu\/fi\/evasteet\/\">Ev\u00e4stek\u00e4yt\u00e4nt\u00f6-sivulta<\/a>.<\/p>\n<h2>Miten k\u00e4yt\u00e4mme tietojasi?<\/h2>\n<p>Avoimuuskeskus k\u00e4ytt\u00e4\u00e4 ker\u00e4ttyj\u00e4 tietoja eri tarkoituksiin, jotka on eritelty j\u00e4ljemp\u00e4n\u00e4.<\/p>\n<p>Avoimuuskeskus k\u00e4ytt\u00e4\u00e4 (mahdollisten) allekirjoittajien henkil\u00f6tietoja pyydettyjen palvelujen suorittamiseksi. Jos esimerkiksi ilmoitat meille kiinnostuksestasi liitty\u00e4 allekirjoittajaksi, k\u00e4yt\u00e4mme antamiasi tietoja l\u00e4hett\u00e4\u00e4ksemme sinulle viestej\u00e4 allekirjoittajaksi liittymisen jatkotoimenpiteist\u00e4 ja tietoa ryhm\u00e4st\u00e4mme.<\/p>\n<h2>Tietojen s\u00e4ilytt\u00e4minen<\/h2>\n<p>L\u00e4pin\u00e4kyvyyskeskus s\u00e4ilytt\u00e4\u00e4 henkil\u00f6tietojasi vain niin kauan kuin se on tarpeen t\u00e4ss\u00e4 tietosuojak\u00e4yt\u00e4nn\u00f6ss\u00e4 esitettyjen tarkoitusten toteuttamiseksi. S\u00e4ilyt\u00e4mme ja k\u00e4yt\u00e4mme henkil\u00f6tietojasi siin\u00e4 m\u00e4\u00e4rin kuin on tarpeen lakis\u00e4\u00e4teisten velvoitteidemme noudattamiseksi (esimerkiksi jos meid\u00e4n on s\u00e4ilytett\u00e4v\u00e4 tietojasi sovellettavien lakien noudattamiseksi), riitojen ratkaisemiseksi ja oikeudellisten sopimustemme ja k\u00e4yt\u00e4nt\u00f6jemme noudattamisen valvomiseksi.<\/p>\n<p>Avoimuuskeskus s\u00e4ilytt\u00e4\u00e4 my\u00f6s k\u00e4ytt\u00f6tietoja sis\u00e4isi\u00e4 analyysitarkoituksia varten. K\u00e4ytt\u00f6tietoja s\u00e4ilytet\u00e4\u00e4n yleens\u00e4 lyhyemm\u00e4n ajan, paitsi silloin, kun n\u00e4it\u00e4 tietoja k\u00e4ytet\u00e4\u00e4n palvelumme turvallisuuden vahvistamiseen tai toiminnallisuuden parantamiseen tai kun olemme lain mukaan velvollisia s\u00e4ilytt\u00e4m\u00e4\u00e4n n\u00e4it\u00e4 tietoja pidemp\u00e4\u00e4n.<\/p>\n<h3>Tietojen siirto<\/h3>\n<p>Tietosi, mukaan lukien henkil\u00f6tiedot, saatetaan siirt\u00e4\u00e4 ja s\u00e4ilytt\u00e4\u00e4 tietokoneissa, jotka sijaitsevat osavaltiosi, maakuntasi, maasi tai muun valtion laink\u00e4ytt\u00f6alueen ulkopuolella, jossa tietosuojalains\u00e4\u00e4d\u00e4nt\u00f6 saattaa poiketa sinun laink\u00e4ytt\u00f6alueesi lains\u00e4\u00e4d\u00e4nn\u00f6st\u00e4.<\/p>\n<p>Huomaa, ett\u00e4 siirr\u00e4mme tiedot, mukaan lukien henkil\u00f6tiedot, Belgiaan ja k\u00e4sittelemme niit\u00e4 siell\u00e4. Webhosting-palvelimemme ja datakeskuksemme sijaitsevat Belgiassa.<\/p>\n<p>Suostumuksesi t\u00e4h\u00e4n tietosuojak\u00e4yt\u00e4nt\u00f6\u00f6n, jota seuraa kyseisten tietojen toimittaminen, merkitsee suostumustasi t\u00e4h\u00e4n siirtoon.<\/p>\n<p>L\u00e4pin\u00e4kyvyyskeskus toteuttaa kaikki kohtuudella tarvittavat toimenpiteet varmistaakseen, ett\u00e4 tietojasi k\u00e4sitell\u00e4\u00e4n turvallisesti ja t\u00e4m\u00e4n tietosuojak\u00e4yt\u00e4nn\u00f6n mukaisesti, eik\u00e4 henkil\u00f6tietojasi siirret\u00e4 organisaatioon tai maahan, ellei k\u00e4yt\u00f6ss\u00e4 ole riitt\u00e4vi\u00e4 valvontatoimia, mukaan lukien tietojesi ja muiden henkil\u00f6tietojen turvallisuus.<\/p>\n<h3>Tietoturva<\/h3>\n<p>Tietojesi turvallisuus on meille t\u00e4rke\u00e4\u00e4, mutta muista, ett\u00e4 mik\u00e4\u00e4n internetin v\u00e4lityksell\u00e4 tapahtuva siirtomenetelm\u00e4 tai s\u00e4hk\u00f6inen tallennusmenetelm\u00e4 ei ole 100-prosenttisen turvallinen. Vaikka pyrimme k\u00e4ytt\u00e4m\u00e4\u00e4n kaupallisesti hyv\u00e4ksytt\u00e4vi\u00e4 keinoja henkil\u00f6tietojesi suojaamiseksi, emme voi taata niiden ehdotonta turvallisuutta.<\/p>\n<p>Hyv\u00e4ksyt ja hyv\u00e4ksyt internetin k\u00e4ytt\u00f6\u00f6n liittyv\u00e4t riskit.<\/p>\n<h3>Oikeutesi<\/h3>\n<p>L\u00e4pin\u00e4kyvyyskeskus pyrkii toteuttamaan kohtuullisia toimia, jotta voit korjata, muuttaa, poistaa tai rajoittaa henkil\u00f6tietojesi k\u00e4ytt\u00f6\u00e4.<\/p>\n<p>Jos haluat tiet\u00e4\u00e4, mit\u00e4 henkil\u00f6tietoja meill\u00e4 on hallussamme sinusta ja jos haluat, ett\u00e4 ne poistetaan j\u00e4rjestelmist\u00e4mme, ota meihin yhteytt\u00e4.<\/p>\n<p>Tietyiss\u00e4 olosuhteissa sinulla on oikeus:<\/p>\n<ul>\n<li>saada tutustua sinusta hallussamme oleviin henkil\u00f6tietoihin ja saada niist\u00e4 kopio.<\/li>\n<li>Oikaista sinusta hallussapidetyt virheelliset henkil\u00f6tiedot.<\/li>\n<li>Valituksen tekeminen toimivaltaiselle valvontaviranomaiselle<\/li>\n<li>pyyt\u00e4\u00e4 sinua koskevien henkil\u00f6tietojen poistamista (&#8221;oikeus tulla unohdetuksi&#8221;).<\/li>\n<\/ul>\n<p>Sinulla voi olla oikeus tietojen siirrett\u00e4vyyteen, jos se on sovellettavissa tilanteeseesi voimassa olevan lains\u00e4\u00e4d\u00e4nn\u00f6n mukaisesti, avoimuuskeskukselle toimittamiesi tietojen osalta.Jos meill\u00e4 on velvollisuus noudattaa siirrett\u00e4vyytt\u00e4, voit pyyt\u00e4\u00e4 saada kopion henkil\u00f6tiedoistasi yleisesti k\u00e4ytetyss\u00e4 s\u00e4hk\u00f6isess\u00e4 muodossa, jotta voit hallita ja siirt\u00e4\u00e4 niit\u00e4.<\/p>\n<p>Huomaa, ett\u00e4 saatamme pyyt\u00e4\u00e4 sinua vahvistamaan henkil\u00f6llisyytesi ennen kuin vastaamme t\u00e4llaisiin pyynt\u00f6ihin.<\/p>\n<h3>Palveluntarjoajat<\/h3>\n<p>Saatamme k\u00e4ytt\u00e4\u00e4 kolmansia osapuolia ja yksityishenkil\u00f6it\u00e4 helpottamaan tarjoamaamme palvelua (&#8221;Palveluntarjoajat&#8221;), tarjoamaan palvelua puolestamme, suorittamaan palveluun liittyvi\u00e4 palveluja tai auttamaan meit\u00e4 palvelumme k\u00e4yt\u00f6n analysoinnissa. Saatamme erityisesti k\u00e4ytt\u00e4\u00e4 kolmansien osapuolten tukea t\u00e4m\u00e4n verkkosivuston is\u00e4nn\u00f6inniss\u00e4 ja yll\u00e4pidossa.<\/p>\n<p>N\u00e4ill\u00e4 kolmansilla osapuolilla on p\u00e4\u00e4sy henkil\u00f6tietoihisi vain n\u00e4iden teht\u00e4vien suorittamiseksi puolestamme, eiv\u00e4tk\u00e4 ne saa luovuttaa tai k\u00e4ytt\u00e4\u00e4 niit\u00e4 mihink\u00e4\u00e4n muuhun tarkoitukseen.<\/p>\n<p>Emme ole vastuussa mist\u00e4\u00e4n kustannuksista ja\/tai vahingoista, joita Palveluntarjoajat voivat aiheuttaa sinulle.<\/p>\n<h2>Analytiikka<\/h2>\n<p>Saatamme k\u00e4ytt\u00e4\u00e4 kolmannen osapuolen palveluntarjoajia palvelumme k\u00e4yt\u00f6n seurantaan ja analysointiin.<\/p>\n<h3>Google Analytics<\/h3>\n<p>Google Analytics on Googlen tarjoama web-analyysipalvelu, joka seuraa ja raportoi verkkosivuston liikennett\u00e4. Google k\u00e4ytt\u00e4\u00e4 ker\u00e4ttyj\u00e4 tietoja palvelumme k\u00e4yt\u00f6n seurantaan ja valvontaan. N\u00e4m\u00e4 tiedot jaetaan muiden Googlen palvelujen kanssa. Google voi k\u00e4ytt\u00e4\u00e4 ker\u00e4ttyj\u00e4 tietoja oman mainosverkostonsa mainosten kontekstualisointiin ja personointiin.<\/p>\n<p>Voit kielt\u00e4yty\u00e4 antamasta Google Analyticsin k\u00e4ytt\u00f6\u00f6n palvelussa tapahtuvaa toimintaasi asentamalla Google Analyticsin selaimen opt-out-lis\u00e4osan. Lis\u00e4osa est\u00e4\u00e4 Google Analyticsin JavaScripti\u00e4 (ga.js, analytics.js ja dc.js) jakamasta Google Analyticsin kanssa tietoja vierailuista.<\/p>\n<p>Lis\u00e4tietoja Googlen tietosuojak\u00e4yt\u00e4nn\u00f6ist\u00e4 on Googlen tietosuojaehdot -sivustolla: http:\/\/www.google.com\/intl\/en\/policies\/privacy.<\/p>\n<h2>Linkit muille sivustoille<\/h2>\n<p>Palvelumme voi sis\u00e4lt\u00e4\u00e4 linkkej\u00e4 muille sivustoille, joita me emme yll\u00e4pid\u00e4. Jos napsautat kolmannen osapuolen linkki\u00e4, sinut ohjataan kyseisen kolmannen osapuolen sivustolle. Suosittelemme, ett\u00e4 tutustut jokaisen vierailemasi sivuston tietosuojak\u00e4yt\u00e4nt\u00f6\u00f6n.<\/p>\n<p>Meill\u00e4 ei ole m\u00e4\u00e4r\u00e4ysvaltaa emmek\u00e4 ota vastuuta mink\u00e4\u00e4n kolmannen osapuolen sivustojen tai palveluiden sis\u00e4ll\u00f6st\u00e4, tietosuojak\u00e4yt\u00e4nn\u00f6ist\u00e4 tai k\u00e4yt\u00e4nn\u00f6ist\u00e4.<\/p>\n<h2>Lasten yksityisyys<\/h2>\n<p>Palvelumme ei ole tarkoitettu alle 13-vuotiaille tai alle 13-vuotiaille, jos sovellettava laki sit\u00e4 edellytt\u00e4\u00e4, mutta ei alle 13-vuotiaille (&#8221;Lapset&#8221;).<\/p>\n<p>Emme tietoisesti ker\u00e4\u00e4 henkil\u00f6kohtaisesti tunnistettavia tietoja alle 13-vuotiailta. Jos olet vanhempi tai huoltaja ja tied\u00e4t, ett\u00e4 lapsesi on antanut meille henkil\u00f6tietoja, ota meihin yhteytt\u00e4. Jos saamme tiet\u00e4\u00e4, ett\u00e4 olemme ker\u00e4nneet henkil\u00f6tietoja lapsilta ilman vanhempien suostumusta, ryhdymme toimiin poistaaksemme kyseiset tiedot palvelimiltamme.<\/p>\n<h2>Tietojen luovuttaminen lainvalvontaa varten<\/h2>\n<p>Tietyiss\u00e4 olosuhteissa Avoimuuskeskus voi olla velvollinen luovuttamaan henkil\u00f6tietojasi, jos laki tai viranomaisten (esim. tuomioistuimen tai valtion viraston) p\u00e4tev\u00e4t pyynn\u00f6t sit\u00e4 edellytt\u00e4v\u00e4t.<\/p>\n<h2>Oikeudelliset vaatimukset ja vastuun rajaaminen<\/h2>\n<p>L\u00e4pin\u00e4kyvyyskeskus voi luovuttaa henkil\u00f6tietojasi, jos se uskoo vilpitt\u00f6m\u00e4ss\u00e4 mieless\u00e4, ett\u00e4 t\u00e4llainen toiminta on tarpeen:<\/p>\n<ul>\n<li>lakis\u00e4\u00e4teisen velvoitteen noudattaminen<\/li>\n<li>Suojella ja puolustaa Avoimuuskeskuksen oikeuksia tai omaisuutta.<\/li>\n<li>Palveluun liittyvien mahdollisten v\u00e4\u00e4rink\u00e4yt\u00f6sten est\u00e4miseksi tai tutkimiseksi.<\/li>\n<li>Palvelun k\u00e4ytt\u00e4jien tai yleis\u00f6n henkil\u00f6kohtaisen turvallisuuden suojelemiseksi.<\/li>\n<li>Suojautua oikeudelliselta vastuulta<\/li>\n<\/ul>\n<h2>Muutokset t\u00e4h\u00e4n tietosuojak\u00e4yt\u00e4nt\u00f6\u00f6n<\/h2>\n<p>Saatamme p\u00e4ivitt\u00e4\u00e4 tietosuojak\u00e4yt\u00e4nt\u00f6\u00e4mme aika ajoin. Ilmoitamme sinulle kaikista muutoksista julkaisemalla uuden tietosuojak\u00e4yt\u00e4nn\u00f6n t\u00e4ll\u00e4 sivulla.<\/p>\n<p>Sinua kehotetaan tarkistamaan t\u00e4m\u00e4 tietosuojak\u00e4yt\u00e4nt\u00f6 s\u00e4\u00e4nn\u00f6llisesti mahdollisten muutosten varalta. T\u00e4h\u00e4n tietosuojak\u00e4yt\u00e4nt\u00f6\u00f6n tehdyt muutokset tulevat voimaan, kun ne julkaistaan t\u00e4ll\u00e4 sivulla.<\/p>\n<h2>S\u00e4hk\u00f6postipetos<\/h2>\n<p>S\u00e4hk\u00f6postihuijaukset ovat lis\u00e4\u00e4ntyneet viime vuosina dramaattisesti, ja verkkorikolliset ovat yh\u00e4 fiksumpia, ja tarvitsemme apuasi niiden torjunnassa.<\/p>\n<p>Verkkorikolliset k\u00e4ytt\u00e4v\u00e4t kaikkia mahdollisia keinoja huijatakseen sinut jakamaan henkil\u00f6tietojasi, taloudellisia tietojasi tai jopa pyyt\u00e4m\u00e4\u00e4n sinulta pyyt\u00e4m\u00e4tt\u00f6mi\u00e4 ja rikollisia maksuja. Useimmat tietoverkkorikolliset yritt\u00e4v\u00e4t ottaa yhteytt\u00e4 yrityksen korkean tason edustajiin ja yritt\u00e4v\u00e4t luoda tunteen kiireellisyydest\u00e4.<\/p>\n<p>Muistathan, ett\u00e4 petollisia tekniikoita on monia, ja jopa nykyteknologian avulla monet s\u00e4hk\u00f6postipetokset ohittavat yritysten k\u00e4ytt\u00f6\u00f6n ottamat turvatoimet.<\/p>\n<h3>Mit\u00e4 tehd\u00e4 ep\u00e4selviss\u00e4 tapauksissa?<\/h3>\n<p>Jos olet ep\u00e4varma siit\u00e4, onko s\u00e4hk\u00f6posti laillinen, paras yst\u00e4v\u00e4si on tieto- ja viestint\u00e4tekniikan \/ tietotekniikan \/ tietoturvaosasto. Ne voivat auttaa s\u00e4hk\u00f6postin alkuper\u00e4n ja laillisuuden tutkimisessa.<\/p>\n<h3>Miten ilmoittaa vilpillisist\u00e4 s\u00e4hk\u00f6posteista?<\/h3>\n<p>Voit ottaa meihin yhteytt\u00e4 osoitteessa <a href=\"mailto:contact@disinfocode.vost.pt\">contact@disinfocode.vost.pt<\/a> ilmoittaaksesi vilpillisest\u00e4 s\u00e4hk\u00f6postista tai saadaksesi apua tietojesi suojaamisessa. Yrit\u00e4mme parhaamme varmistaaksemme maksimaalisen suojan.<\/p>\n<h2>Ota yhteytt\u00e4<\/h2>\n<p>Jos sinulla on kysytt\u00e4v\u00e4\u00e4 t\u00e4st\u00e4 tietosuojak\u00e4yt\u00e4nn\u00f6st\u00e4, <a href=\"mailto:contact@disinfocode.vost.pt\">ota meihin yhteytt\u00e4 t\u00e4m\u00e4n s\u00e4hk\u00f6postin kautta<\/a>.<\/p>\n<\/div>\n      \n          <\/div>\n\n  <\/div>\n<\/section>\n","protected":false},"excerpt":{"rendered":"","protected":false},"author":62,"featured_media":0,"parent":0,"menu_order":0,"comment_status":"closed","ping_status":"closed","template":"","meta":{"_acf_changed":false,"footnotes":""},"class_list":["post-2655","page","type-page","status-publish","hentry"],"acf":[],"yoast_head":"<!-- This site is optimized with the Yoast SEO plugin v24.5 - https:\/\/yoast.com\/wordpress\/plugins\/seo\/ -->\n<title>Yksityisyys - Transparency Centre<\/title>\n<meta name=\"robots\" content=\"index, follow, max-snippet:-1, max-image-preview:large, max-video-preview:-1\" \/>\n<link rel=\"canonical\" href=\"https:\/\/test2.disinfocode.eu\/fi\/yksityisyyden-suojaa-koskeva-politiikka\/\" \/>\n<meta property=\"og:locale\" content=\"fi_FI\" \/>\n<meta property=\"og:type\" content=\"article\" \/>\n<meta property=\"og:title\" content=\"Yksityisyys - Transparency Centre\" \/>\n<meta property=\"og:url\" content=\"https:\/\/test2.disinfocode.eu\/fi\/yksityisyyden-suojaa-koskeva-politiikka\/\" \/>\n<meta property=\"og:site_name\" content=\"Transparency Centre\" \/>\n<meta property=\"article:modified_time\" content=\"2023-03-27T18:24:37+00:00\" \/>\n<meta name=\"twitter:card\" content=\"summary_large_image\" \/>\n<script type=\"application\/ld+json\" class=\"yoast-schema-graph\">{\"@context\":\"https:\/\/schema.org\",\"@graph\":[{\"@type\":\"WebPage\",\"@id\":\"https:\/\/test2.disinfocode.eu\/fi\/yksityisyyden-suojaa-koskeva-politiikka\/\",\"url\":\"https:\/\/test2.disinfocode.eu\/fi\/yksityisyyden-suojaa-koskeva-politiikka\/\",\"name\":\"Yksityisyys - Transparency Centre\",\"isPartOf\":{\"@id\":\"https:\/\/disinfocode.eu\/#website\"},\"datePublished\":\"2022-12-30T09:42:38+00:00\",\"dateModified\":\"2023-03-27T18:24:37+00:00\",\"inLanguage\":\"fi\",\"potentialAction\":[{\"@type\":\"ReadAction\",\"target\":[\"https:\/\/test2.disinfocode.eu\/fi\/yksityisyyden-suojaa-koskeva-politiikka\/\"]}]},{\"@type\":\"WebSite\",\"@id\":\"https:\/\/disinfocode.eu\/#website\",\"url\":\"https:\/\/disinfocode.eu\/\",\"name\":\"Transparency Centre\",\"description\":\"Discover the Code of Practice on Disinformation\",\"potentialAction\":[{\"@type\":\"SearchAction\",\"target\":{\"@type\":\"EntryPoint\",\"urlTemplate\":\"https:\/\/disinfocode.eu\/?s={search_term_string}\"},\"query-input\":{\"@type\":\"PropertyValueSpecification\",\"valueRequired\":true,\"valueName\":\"search_term_string\"}}],\"inLanguage\":\"fi\"}]}<\/script>\n<!-- \/ Yoast SEO plugin. -->","yoast_head_json":{"title":"Yksityisyys - Transparency Centre","robots":{"index":"index","follow":"follow","max-snippet":"max-snippet:-1","max-image-preview":"max-image-preview:large","max-video-preview":"max-video-preview:-1"},"canonical":"https:\/\/test2.disinfocode.eu\/fi\/yksityisyyden-suojaa-koskeva-politiikka\/","og_locale":"fi_FI","og_type":"article","og_title":"Yksityisyys - Transparency Centre","og_url":"https:\/\/test2.disinfocode.eu\/fi\/yksityisyyden-suojaa-koskeva-politiikka\/","og_site_name":"Transparency Centre","article_modified_time":"2023-03-27T18:24:37+00:00","twitter_card":"summary_large_image","schema":{"@context":"https:\/\/schema.org","@graph":[{"@type":"WebPage","@id":"https:\/\/test2.disinfocode.eu\/fi\/yksityisyyden-suojaa-koskeva-politiikka\/","url":"https:\/\/test2.disinfocode.eu\/fi\/yksityisyyden-suojaa-koskeva-politiikka\/","name":"Yksityisyys - Transparency Centre","isPartOf":{"@id":"https:\/\/disinfocode.eu\/#website"},"datePublished":"2022-12-30T09:42:38+00:00","dateModified":"2023-03-27T18:24:37+00:00","inLanguage":"fi","potentialAction":[{"@type":"ReadAction","target":["https:\/\/test2.disinfocode.eu\/fi\/yksityisyyden-suojaa-koskeva-politiikka\/"]}]},{"@type":"WebSite","@id":"https:\/\/disinfocode.eu\/#website","url":"https:\/\/disinfocode.eu\/","name":"Transparency Centre","description":"Discover the Code of Practice on Disinformation","potentialAction":[{"@type":"SearchAction","target":{"@type":"EntryPoint","urlTemplate":"https:\/\/disinfocode.eu\/?s={search_term_string}"},"query-input":{"@type":"PropertyValueSpecification","valueRequired":true,"valueName":"search_term_string"}}],"inLanguage":"fi"}]}},"_links":{"self":[{"href":"https:\/\/test2.disinfocode.eu\/fi\/wp-json\/wp\/v2\/pages\/2655","targetHints":{"allow":["GET"]}}],"collection":[{"href":"https:\/\/test2.disinfocode.eu\/fi\/wp-json\/wp\/v2\/pages"}],"about":[{"href":"https:\/\/test2.disinfocode.eu\/fi\/wp-json\/wp\/v2\/types\/page"}],"author":[{"embeddable":true,"href":"https:\/\/test2.disinfocode.eu\/fi\/wp-json\/wp\/v2\/users\/62"}],"replies":[{"embeddable":true,"href":"https:\/\/test2.disinfocode.eu\/fi\/wp-json\/wp\/v2\/comments?post=2655"}],"version-history":[{"count":0,"href":"https:\/\/test2.disinfocode.eu\/fi\/wp-json\/wp\/v2\/pages\/2655\/revisions"}],"wp:attachment":[{"href":"https:\/\/test2.disinfocode.eu\/fi\/wp-json\/wp\/v2\/media?parent=2655"}],"curies":[{"name":"wp","href":"https:\/\/api.w.org\/{rel}","templated":true}]}}