{"id":2618,"date":"2023-01-20T11:04:00","date_gmt":"2023-01-20T09:04:00","guid":{"rendered":"https:\/\/wp-dev.space\/zn\/transparency-center\/master\/saavutettavuusselvitys\/"},"modified":"2023-02-20T12:58:29","modified_gmt":"2023-02-20T12:58:29","slug":"esteettomyyslausunto","status":"publish","type":"page","link":"https:\/\/test2.disinfocode.eu\/fi\/esteettomyyslausunto\/","title":{"rendered":"Saavutettavuusselvitys"},"content":{"rendered":"\n<p><\/p>\n<section class=\"title-block title-block-m gutenberg-block  indigo-800\" >\n  <div class=\"sk-container sk-container--fl\">\n\n    <div class=\"title-block-content sk-container\">\n\n      \n            <h1 class=\"title-block-title\">Saavutettavuusselvitys<\/h1>\n    <\/div>\n\n  <\/div>\n<\/section>\n<section data-aos=\"fade-up\" data-aos-duration=\"1500\" class=\"text-block text-block-m gutenberg-block \" >\n  <div class=\"sk-container sk-container--fl\">\n\n    <div class=\"text-block-content sk-container\">\n\n              <div class=\"text-block-text\"><p>Avoimuuskeskus on sitoutunut varmistamaan digitaalisen saavutettavuuden vammaisille. Parannamme jatkuvasti kaikkien k\u00e4ytt\u00e4j\u00e4kokemusta ja sovellamme asianmukaisia saavutettavuusstandardeja.<\/p>\n<h2>Esteett\u00f6myytt\u00e4 tukevat toimenpiteet<\/h2>\n<p>Avoimuuskeskus toteuttaa seuraavat toimenpiteet varmistaakseen https:\/\/test2.disinfocode.eu\/ saatavuuden:<\/p>\n<ul>\n<li>Kuvilla on mielek\u00e4s alt-teksti<\/li>\n<li>Linkit ovat visuaalisesti tunnistettavissa<\/li>\n<li>Kuvailevien jaksootsikoiden k\u00e4ytt\u00e4minen<\/li>\n<li>Oikean semanttisen HTML-elementtirakenteen k\u00e4ytt\u00e4minen<\/li>\n<li>Lomakkeilla on kuvaavat merkinn\u00e4t<\/li>\n<li>Tieto ei riipu v\u00e4rist\u00e4, \u00e4\u00e4nest\u00e4, muodosta, koosta tai visuaalisesta sijainnista.<\/li>\n<li>Tekstin ja taustav\u00e4rin kontrasti on riitt\u00e4v\u00e4<\/li>\n<li>Sis\u00e4lt\u00f6 skaalautuu oikein zoomattaessa\/suurennettaessa<\/li>\n<li>Kuvaavan otsikkotunnisteen k\u00e4ytt\u00e4minen<\/li>\n<li>Tuki n\u00e4pp\u00e4imist\u00f6n navigoinnille<\/li>\n<li>N\u00e4pp\u00e4imist\u00f6n k\u00e4ytt\u00e4jille n\u00e4kyv\u00e4t tarkennustilat<\/li>\n<li>Oikeat HTML5-sy\u00f6tt\u00f6tyypit<\/li>\n<li>Sivusto ei katkea odottamatta<\/li>\n<li>Multimedialla on vaihtoehtoisia k\u00e4ytt\u00f6tapoja<\/li>\n<li>HTML:n &#8217;lang&#8217;-attribuutin k\u00e4ytt\u00e4minen<\/li>\n<li>Ymm\u00e4rrett\u00e4vien sy\u00f6tt\u00f6merkint\u00f6jen k\u00e4ytt\u00f6<\/li>\n<li>Lomakkeissa on hy\u00f6dyllisi\u00e4 ja helposti saatavilla olevia virhe- ja tarkistusviestej\u00e4.<\/li>\n<li>Linkit ovat kuvailevia ja tarkoituksenmukaisia<\/li>\n<li>Sivut ovat ymm\u00e4rrett\u00e4vi\u00e4 ilman k\u00e4yt\u00f6ss\u00e4 olevia tyylej\u00e4<\/li>\n<li>HTML on oikea ja virheet\u00f6n<\/li>\n<li>CSV-tiedostojen ja JSON-tiedostojen lataukset ovat raakatietoaineistoja.<\/li>\n<\/ul>\n<h2>Vaatimustenmukaisuuden tila<\/h2>\n<p>Verkkosis\u00e4ll\u00f6n saavutettavuusohjeissa (WCAG, Web Content Accessibility Guidelines) m\u00e4\u00e4ritell\u00e4\u00e4n suunnittelijoille ja kehitt\u00e4jille vaatimukset, joilla parannetaan vammaisten saavutettavuutta. Siin\u00e4 m\u00e4\u00e4ritell\u00e4\u00e4n kolme vaatimustenmukaisuuden tasoa: Taso A, taso AA ja taso AAA. Avoimuuskeskus on osittain WCAG 2.1:n tason AA mukainen. Osittain vaatimustenmukainen tarkoittaa, ett\u00e4 jotkin sis\u00e4ll\u00f6n osat eiv\u00e4t ole t\u00e4ysin saavutettavuusstandardin mukaisia.<\/p>\n<h3>Muita saavutettavuuteen liittyvi\u00e4 n\u00e4k\u00f6kohtia<\/h3>\n<p class=\"basic-information conformance-additions\">Vaikka tavoitteemme on WCAG 2.1:n tason AA mukainen, olemme soveltaneet my\u00f6s joitakin tason AAA menestyskriteerej\u00e4:<\/p>\n<ul>\n<li>Emme k\u00e4yt\u00e4 tekstin kuvia.<\/li>\n<li>Kaikki toiminnot ovat k\u00e4ytett\u00e4viss\u00e4 n\u00e4pp\u00e4imist\u00f6ll\u00e4 ilman poikkeuksia.<\/li>\n<li>Sivustolla ei ole aikarajoja.<\/li>\n<li>Mik\u00e4\u00e4n sis\u00e4lt\u00f6 ei v\u00e4l\u00e4hd\u00e4 useammin kuin kolme kertaa sekunnissa.<\/li>\n<li>Ilmoitamme k\u00e4ytt\u00e4jille, miss\u00e4 he ovat nyt sivustolla.<\/li>\n<li>Jokaisen linkin tarkoitus k\u00e4y ilmi sen tekstist\u00e4.<\/li>\n<li>J\u00e4rjestetty sis\u00e4lt\u00f6 otsikoilla.<\/li>\n<\/ul>\n<h2>Tekniset tiedot<\/h2>\n<p>L\u00e4pin\u00e4kyvyyskeskuksen saavutettavuus perustuu seuraaviin tekniikoihin, jotka toimivat tietyn selainyhdistelm\u00e4n ja tietokoneellesi asennettujen avustavien tekniikoiden tai liit\u00e4nn\u00e4isten kanssa:<\/p>\n<ul class=\"technical-information technologies-used\">\n<li>HTML<\/li>\n<li>WAI-ARIA<\/li>\n<li>CSS<\/li>\n<li>JavaScript<\/li>\n<li>PHP<\/li>\n<\/ul>\n<p>N\u00e4iden tekniikoiden avulla varmistetaan, ett\u00e4 ne ovat k\u00e4ytett\u00e4vien esteett\u00f6myysstandardien mukaisia.<\/p>\n<h2>Rajoitukset ja vaihtoehdot<\/h2>\n<p>Vaikka pyrimme parhaan kykymme mukaan varmistamaan avoimuuskeskuksen saavutettavuuden, joitakin rajoituksia saattaa esiinty\u00e4. Alla on kuvaus tunnetuista rajoituksista ja mahdollisista ratkaisuista. Ota meihin yhteytt\u00e4, jos havaitset ongelman, jota ei ole lueteltu alla.<\/p>\n<p>Avoimuuskeskuksen tunnetut rajoitukset:<\/p>\n<ol class=\"technical-information accessibility-limitations\">\n<li>Raporttien automaattisesti luodut PDF-tiedostot eiv\u00e4t v\u00e4ltt\u00e4m\u00e4tt\u00e4 ole t\u00e4ysin vaatimustenmukaisia.<\/li>\n<li>Allekirjoittajilta ladatut PDF-tiedostot eiv\u00e4t v\u00e4ltt\u00e4m\u00e4tt\u00e4 ole t\u00e4ysin vaatimustenmukaisia.<\/li>\n<\/ol>\n<h2>Palaute<\/h2>\n<p>Otamme mielell\u00e4mme vastaan palautetta avoimuuskeskuksen saavutettavuudesta. Ilmoita meille, jos kohtaat saavutettavuusesteet Transparency Centre -palvelussa:<\/p>\n<p>S\u00e4hk\u00f6posti: contact@disinfocode.vost.pt<\/p>\n<\/div>\n      \n          <\/div>\n\n  <\/div>\n<\/section>\n\n<p><\/p>\n","protected":false},"excerpt":{"rendered":"","protected":false},"author":93,"featured_media":0,"parent":0,"menu_order":0,"comment_status":"closed","ping_status":"closed","template":"","meta":{"_acf_changed":false,"footnotes":""},"class_list":["post-2618","page","type-page","status-publish","hentry"],"acf":[],"yoast_head":"<!-- This site is optimized with the Yoast SEO plugin v24.5 - https:\/\/yoast.com\/wordpress\/plugins\/seo\/ -->\n<title>Saavutettavuusselvitys - Transparency Centre<\/title>\n<meta name=\"robots\" content=\"index, follow, max-snippet:-1, max-image-preview:large, max-video-preview:-1\" \/>\n<link rel=\"canonical\" href=\"https:\/\/test2.disinfocode.eu\/fi\/esteettomyyslausunto\/\" \/>\n<meta property=\"og:locale\" content=\"fi_FI\" \/>\n<meta property=\"og:type\" content=\"article\" \/>\n<meta property=\"og:title\" content=\"Saavutettavuusselvitys - Transparency Centre\" \/>\n<meta property=\"og:url\" content=\"https:\/\/test2.disinfocode.eu\/fi\/esteettomyyslausunto\/\" \/>\n<meta property=\"og:site_name\" content=\"Transparency Centre\" \/>\n<meta property=\"article:modified_time\" content=\"2023-02-20T12:58:29+00:00\" \/>\n<meta name=\"twitter:card\" content=\"summary_large_image\" \/>\n<script type=\"application\/ld+json\" class=\"yoast-schema-graph\">{\"@context\":\"https:\/\/schema.org\",\"@graph\":[{\"@type\":\"WebPage\",\"@id\":\"https:\/\/test2.disinfocode.eu\/fi\/esteettomyyslausunto\/\",\"url\":\"https:\/\/test2.disinfocode.eu\/fi\/esteettomyyslausunto\/\",\"name\":\"Saavutettavuusselvitys - Transparency Centre\",\"isPartOf\":{\"@id\":\"https:\/\/disinfocode.eu\/#website\"},\"datePublished\":\"2023-01-20T09:04:00+00:00\",\"dateModified\":\"2023-02-20T12:58:29+00:00\",\"inLanguage\":\"fi\",\"potentialAction\":[{\"@type\":\"ReadAction\",\"target\":[\"https:\/\/test2.disinfocode.eu\/fi\/esteettomyyslausunto\/\"]}]},{\"@type\":\"WebSite\",\"@id\":\"https:\/\/disinfocode.eu\/#website\",\"url\":\"https:\/\/disinfocode.eu\/\",\"name\":\"Transparency Centre\",\"description\":\"Discover the Code of Practice on Disinformation\",\"potentialAction\":[{\"@type\":\"SearchAction\",\"target\":{\"@type\":\"EntryPoint\",\"urlTemplate\":\"https:\/\/disinfocode.eu\/?s={search_term_string}\"},\"query-input\":{\"@type\":\"PropertyValueSpecification\",\"valueRequired\":true,\"valueName\":\"search_term_string\"}}],\"inLanguage\":\"fi\"}]}<\/script>\n<!-- \/ Yoast SEO plugin. -->","yoast_head_json":{"title":"Saavutettavuusselvitys - Transparency Centre","robots":{"index":"index","follow":"follow","max-snippet":"max-snippet:-1","max-image-preview":"max-image-preview:large","max-video-preview":"max-video-preview:-1"},"canonical":"https:\/\/test2.disinfocode.eu\/fi\/esteettomyyslausunto\/","og_locale":"fi_FI","og_type":"article","og_title":"Saavutettavuusselvitys - Transparency Centre","og_url":"https:\/\/test2.disinfocode.eu\/fi\/esteettomyyslausunto\/","og_site_name":"Transparency Centre","article_modified_time":"2023-02-20T12:58:29+00:00","twitter_card":"summary_large_image","schema":{"@context":"https:\/\/schema.org","@graph":[{"@type":"WebPage","@id":"https:\/\/test2.disinfocode.eu\/fi\/esteettomyyslausunto\/","url":"https:\/\/test2.disinfocode.eu\/fi\/esteettomyyslausunto\/","name":"Saavutettavuusselvitys - Transparency Centre","isPartOf":{"@id":"https:\/\/disinfocode.eu\/#website"},"datePublished":"2023-01-20T09:04:00+00:00","dateModified":"2023-02-20T12:58:29+00:00","inLanguage":"fi","potentialAction":[{"@type":"ReadAction","target":["https:\/\/test2.disinfocode.eu\/fi\/esteettomyyslausunto\/"]}]},{"@type":"WebSite","@id":"https:\/\/disinfocode.eu\/#website","url":"https:\/\/disinfocode.eu\/","name":"Transparency Centre","description":"Discover the Code of Practice on Disinformation","potentialAction":[{"@type":"SearchAction","target":{"@type":"EntryPoint","urlTemplate":"https:\/\/disinfocode.eu\/?s={search_term_string}"},"query-input":{"@type":"PropertyValueSpecification","valueRequired":true,"valueName":"search_term_string"}}],"inLanguage":"fi"}]}},"_links":{"self":[{"href":"https:\/\/test2.disinfocode.eu\/fi\/wp-json\/wp\/v2\/pages\/2618","targetHints":{"allow":["GET"]}}],"collection":[{"href":"https:\/\/test2.disinfocode.eu\/fi\/wp-json\/wp\/v2\/pages"}],"about":[{"href":"https:\/\/test2.disinfocode.eu\/fi\/wp-json\/wp\/v2\/types\/page"}],"author":[{"embeddable":true,"href":"https:\/\/test2.disinfocode.eu\/fi\/wp-json\/wp\/v2\/users\/93"}],"replies":[{"embeddable":true,"href":"https:\/\/test2.disinfocode.eu\/fi\/wp-json\/wp\/v2\/comments?post=2618"}],"version-history":[{"count":0,"href":"https:\/\/test2.disinfocode.eu\/fi\/wp-json\/wp\/v2\/pages\/2618\/revisions"}],"wp:attachment":[{"href":"https:\/\/test2.disinfocode.eu\/fi\/wp-json\/wp\/v2\/media?parent=2618"}],"curies":[{"name":"wp","href":"https:\/\/api.w.org\/{rel}","templated":true}]}}