{"id":2521,"date":"2023-01-25T11:41:28","date_gmt":"2023-01-25T10:41:28","guid":{"rendered":"https:\/\/wp-dev.space\/zn\/transparency-center\/master\/rakenteelliset-indikaattorit\/"},"modified":"2023-02-20T01:28:09","modified_gmt":"2023-02-20T01:28:09","slug":"rakenteelliset-indikaattorit","status":"publish","type":"page","link":"https:\/\/test2.disinfocode.eu\/fi\/rakenteelliset-indikaattorit\/","title":{"rendered":"Rakenteelliset indikaattorit"},"content":{"rendered":"<section class=\"title-block title-block-m gutenberg-block  indigo-800\" >\n  <div class=\"sk-container sk-container--fl\">\n\n    <div class=\"title-block-content sk-container\">\n\n      \n            <h1 class=\"title-block-title\">Rakenteelliset indikaattorit<\/h1>\n    <\/div>\n\n  <\/div>\n<\/section>\n\n\n<section data-aos=\"fade-up\" data-aos-duration=\"1500\" class=\"text-block text-block-m gutenberg-block \" >\n  <div class=\"sk-container sk-container--fl\">\n\n    <div class=\"text-block-content sk-container\">\n\n              <div class=\"text-block-text\"><p style=\"text-align: center;\">K\u00e4yt\u00e4nnes\u00e4\u00e4nt\u00f6sitoumuksessa 41 allekirjoittajat sitoutuvat ty\u00f6skentelem\u00e4\u00e4n ty\u00f6ryhm\u00e4ss\u00e4 sellaisten rakenteellisten indikaattoreiden kehitt\u00e4miseksi, joiden avulla voidaan arvioida k\u00e4yt\u00e4nnes\u00e4\u00e4nt\u00f6jen tehokkuutta verkkodesinformaation levi\u00e4misen v\u00e4hent\u00e4misess\u00e4 kunkin asianomaisen allekirjoittajan osalta sek\u00e4 koko verkkoekosysteemin osalta EU:ssa ja sen j\u00e4senvaltioissa. Allekirjoittajat tekev\u00e4t t\u00e4ss\u00e4 yhteydess\u00e4 yhteisty\u00f6t\u00e4 asiaankuuluvien toimijoiden kanssa, kuten ERGA ja EDMO.<\/p>\n<p style=\"text-align: center;\">T\u00e4t\u00e4 varten allekirjoittajat ovat perustaneet ty\u00f6ryhm\u00e4n kes\u00e4kuussa 2022 sen j\u00e4lkeen, kun tiukennetut k\u00e4yt\u00e4nnes\u00e4\u00e4nn\u00f6t oli esitelty. Ty\u00f6ryhm\u00e4 raportoi edistymisest\u00e4\u00e4n ty\u00f6ryhm\u00e4lle kolmannesvuosittain ja kuulee asiantuntijoita, kuten EDMO:ta ja ERGA:ta.<\/p>\n<p style=\"text-align: center;\">Ty\u00f6ryhm\u00e4 julkaisee rakenneindikaattoreidensa mittaustulokset allekirjoittajien ensimm\u00e4isen t\u00e4ydellisen raportin mukaisesti, samoin kuin koko metodologiansa, kuitenkin niin, ett\u00e4 ne saattavat viel\u00e4 ajan mittaan vaatia tarkennuksia.<\/p>\n<\/div>\n      \n          <\/div>\n\n  <\/div>\n<\/section>\n","protected":false},"excerpt":{"rendered":"","protected":false},"author":93,"featured_media":0,"parent":0,"menu_order":0,"comment_status":"closed","ping_status":"closed","template":"","meta":{"_acf_changed":false,"footnotes":""},"class_list":["post-2521","page","type-page","status-publish","hentry"],"acf":[],"yoast_head":"<!-- This site is optimized with the Yoast SEO plugin v24.5 - https:\/\/yoast.com\/wordpress\/plugins\/seo\/ -->\n<title>Rakenteelliset indikaattorit - Transparency Centre<\/title>\n<meta name=\"robots\" content=\"index, follow, max-snippet:-1, max-image-preview:large, max-video-preview:-1\" \/>\n<link rel=\"canonical\" href=\"https:\/\/test2.disinfocode.eu\/fi\/rakenteelliset-indikaattorit\/\" \/>\n<meta property=\"og:locale\" content=\"fi_FI\" \/>\n<meta property=\"og:type\" content=\"article\" \/>\n<meta property=\"og:title\" content=\"Rakenteelliset indikaattorit - Transparency Centre\" \/>\n<meta property=\"og:url\" content=\"https:\/\/test2.disinfocode.eu\/fi\/rakenteelliset-indikaattorit\/\" \/>\n<meta property=\"og:site_name\" content=\"Transparency Centre\" \/>\n<meta property=\"article:modified_time\" content=\"2023-02-20T01:28:09+00:00\" \/>\n<meta name=\"twitter:card\" content=\"summary_large_image\" \/>\n<script type=\"application\/ld+json\" class=\"yoast-schema-graph\">{\"@context\":\"https:\/\/schema.org\",\"@graph\":[{\"@type\":\"WebPage\",\"@id\":\"https:\/\/test2.disinfocode.eu\/fi\/rakenteelliset-indikaattorit\/\",\"url\":\"https:\/\/test2.disinfocode.eu\/fi\/rakenteelliset-indikaattorit\/\",\"name\":\"Rakenteelliset indikaattorit - Transparency Centre\",\"isPartOf\":{\"@id\":\"https:\/\/disinfocode.eu\/#website\"},\"datePublished\":\"2023-01-25T10:41:28+00:00\",\"dateModified\":\"2023-02-20T01:28:09+00:00\",\"inLanguage\":\"fi\",\"potentialAction\":[{\"@type\":\"ReadAction\",\"target\":[\"https:\/\/test2.disinfocode.eu\/fi\/rakenteelliset-indikaattorit\/\"]}]},{\"@type\":\"WebSite\",\"@id\":\"https:\/\/disinfocode.eu\/#website\",\"url\":\"https:\/\/disinfocode.eu\/\",\"name\":\"Transparency Centre\",\"description\":\"Discover the Code of Practice on Disinformation\",\"potentialAction\":[{\"@type\":\"SearchAction\",\"target\":{\"@type\":\"EntryPoint\",\"urlTemplate\":\"https:\/\/disinfocode.eu\/?s={search_term_string}\"},\"query-input\":{\"@type\":\"PropertyValueSpecification\",\"valueRequired\":true,\"valueName\":\"search_term_string\"}}],\"inLanguage\":\"fi\"}]}<\/script>\n<!-- \/ Yoast SEO plugin. -->","yoast_head_json":{"title":"Rakenteelliset indikaattorit - Transparency Centre","robots":{"index":"index","follow":"follow","max-snippet":"max-snippet:-1","max-image-preview":"max-image-preview:large","max-video-preview":"max-video-preview:-1"},"canonical":"https:\/\/test2.disinfocode.eu\/fi\/rakenteelliset-indikaattorit\/","og_locale":"fi_FI","og_type":"article","og_title":"Rakenteelliset indikaattorit - Transparency Centre","og_url":"https:\/\/test2.disinfocode.eu\/fi\/rakenteelliset-indikaattorit\/","og_site_name":"Transparency Centre","article_modified_time":"2023-02-20T01:28:09+00:00","twitter_card":"summary_large_image","schema":{"@context":"https:\/\/schema.org","@graph":[{"@type":"WebPage","@id":"https:\/\/test2.disinfocode.eu\/fi\/rakenteelliset-indikaattorit\/","url":"https:\/\/test2.disinfocode.eu\/fi\/rakenteelliset-indikaattorit\/","name":"Rakenteelliset indikaattorit - Transparency Centre","isPartOf":{"@id":"https:\/\/disinfocode.eu\/#website"},"datePublished":"2023-01-25T10:41:28+00:00","dateModified":"2023-02-20T01:28:09+00:00","inLanguage":"fi","potentialAction":[{"@type":"ReadAction","target":["https:\/\/test2.disinfocode.eu\/fi\/rakenteelliset-indikaattorit\/"]}]},{"@type":"WebSite","@id":"https:\/\/disinfocode.eu\/#website","url":"https:\/\/disinfocode.eu\/","name":"Transparency Centre","description":"Discover the Code of Practice on Disinformation","potentialAction":[{"@type":"SearchAction","target":{"@type":"EntryPoint","urlTemplate":"https:\/\/disinfocode.eu\/?s={search_term_string}"},"query-input":{"@type":"PropertyValueSpecification","valueRequired":true,"valueName":"search_term_string"}}],"inLanguage":"fi"}]}},"_links":{"self":[{"href":"https:\/\/test2.disinfocode.eu\/fi\/wp-json\/wp\/v2\/pages\/2521","targetHints":{"allow":["GET"]}}],"collection":[{"href":"https:\/\/test2.disinfocode.eu\/fi\/wp-json\/wp\/v2\/pages"}],"about":[{"href":"https:\/\/test2.disinfocode.eu\/fi\/wp-json\/wp\/v2\/types\/page"}],"author":[{"embeddable":true,"href":"https:\/\/test2.disinfocode.eu\/fi\/wp-json\/wp\/v2\/users\/93"}],"replies":[{"embeddable":true,"href":"https:\/\/test2.disinfocode.eu\/fi\/wp-json\/wp\/v2\/comments?post=2521"}],"version-history":[{"count":2,"href":"https:\/\/test2.disinfocode.eu\/fi\/wp-json\/wp\/v2\/pages\/2521\/revisions"}],"predecessor-version":[{"id":2552,"href":"https:\/\/test2.disinfocode.eu\/fi\/wp-json\/wp\/v2\/pages\/2521\/revisions\/2552"}],"wp:attachment":[{"href":"https:\/\/test2.disinfocode.eu\/fi\/wp-json\/wp\/v2\/media?parent=2521"}],"curies":[{"name":"wp","href":"https:\/\/api.w.org\/{rel}","templated":true}]}}