{"id":2654,"date":"2022-12-30T10:42:38","date_gmt":"2022-12-30T09:42:38","guid":{"rendered":"https:\/\/wp-dev.space\/zn\/transparency-center\/master\/privaatsus\/"},"modified":"2023-03-27T18:24:37","modified_gmt":"2023-03-27T18:24:37","slug":"privaatsuspoliitika","status":"publish","type":"page","link":"https:\/\/test2.disinfocode.eu\/et\/privaatsuspoliitika\/","title":{"rendered":"Privaatsus"},"content":{"rendered":"<section class=\"title-block title-block-m gutenberg-block  indigo-800\" >\n  <div class=\"sk-container sk-container--fl\">\n\n    <div class=\"title-block-content sk-container\">\n\n      \n            <h1 class=\"title-block-title\">Privaatsus<\/h1>\n    <\/div>\n\n  <\/div>\n<\/section>\n<section data-aos=\"fade-up\" data-aos-duration=\"1500\" class=\"text-block text-block-m gutenberg-block \" >\n  <div class=\"sk-container sk-container--fl\">\n\n    <div class=\"text-block-content sk-container\">\n\n              <div class=\"text-block-text\"><p><strong>J\u00f5ustumiskuup\u00e4ev: 9. veebruar 2023<\/strong><\/p>\n<p>L\u00e4bipaistvuskeskus (&#8220;meie&#8221;, &#8220;meie&#8221;, &#8220;meie&#8221; v\u00f5i &#8220;organisatsioon&#8221;) on p\u00fchendunud meie veebisaite k\u00fclastavate isikute privaatsuse kaitsmisele. Oleme p\u00fchendunud juriidiliste isikute privaatsuse kaitsmisele ainult siis, kui see v\u00f5ib kehtiva seaduse kohaselt kehtida. K\u00e4esoleva privaatsusavalduse eesm\u00e4rk on teavitada teid meie p\u00f5him\u00f5tetest seoses isikuandmete kogumise, kasutamise ja avalikustamisega meie veebisaitide sirvimisel ning nende andmetega seotud valikutest.<\/p>\n<p>Kasutades meie veebisaiti, n\u00f5ustute teabe kogumise ja kasutamisega vastavalt k\u00e4esolevale poliitikale.<\/p>\n<p>Kui teil on k\u00fcsimusi v\u00f5i kaebusi seoses organisatsiooni privaatsustegevusega, v\u00f5tke meiega \u00fchendust selle e-posti teel.<\/p>\n<p>K\u00e4esolev privaatsusavaldus h\u00f5lmab j\u00e4rgmist veebisaiti: https:\/\/test2.disinfocode.eu\/.<\/p>\n<h2>Mida me kogume?<\/h2>\n<p>Me kogume j\u00e4rgmist liiki teavet erinevatel eesm\u00e4rkidel (loetletud allpool), et pakkuda ja parandada meie teenust teile:<\/p>\n<ul>\n<li>Isikuandmed<\/li>\n<li>Kasutusandmed<\/li>\n<li>Asukoha andmed<\/li>\n<li>J\u00e4lgimisk\u00fcpsiste andmed<\/li>\n<\/ul>\n<h3>Isikuandmed<\/h3>\n<p>Kui v\u00f5tate meiega \u00fchendust, et saada teavet meie teenuste kohta, kui registreerute meie \u00fcritustele v\u00f5i kui kandideerite meie juurde t\u00f6\u00f6le, n\u00f5uab L\u00e4bipaistvuse Keskus, et esitaksite isiklikud kontaktandmed, mida saab kasutada teiega \u00fchenduse v\u00f5tmiseks v\u00f5i teie tuvastamiseks. Isikuandmeid v\u00f5ivad olla muu hulgas j\u00e4rgmised:<\/p>\n<ul>\n<li>Ees- ja perekonnanimi<\/li>\n<li>E-posti aadress<\/li>\n<\/ul>\n<h3>Kasutusandmed<\/h3>\n<p>Samuti v\u00f5ime koguda teavet selle kohta, kuidas teenust kasutatakse ja kuidas seda kasutatakse (&#8220;kasutusandmed&#8221;). Need kasutusandmed v\u00f5ivad sisaldada sellist teavet nagu teie arvuti internetiprotokolli aadress (nt IP-aadress), brauseri t\u00fc\u00fcp, brauseri versioon, meie veebisaitide k\u00fclastatud lehek\u00fcljed, k\u00fclastamise aeg ja kuup\u00e4ev, nendel lehek\u00fclgedel veedetud aeg, unikaalsed seadme tunnused ja muud diagnostilised andmed.<\/p>\n<h3>Asukoha andmed<\/h3>\n<p>Me v\u00f5ime kasutada ja salvestada teavet teie asukoha kohta, kui te annate meile selleks loa (&#8220;asukohaandmed&#8221;). Me kasutame neid andmeid oma teenuse funktsioonide pakkumiseks ning pakutava teenuse t\u00e4iustamiseks ja kohandamiseks.<\/p>\n<p>Saate meie veebisaitide kasutamisel igal ajal oma seadme seadete kaudu asukohateenuseid lubada v\u00f5i keelata.<\/p>\n<h3>J\u00e4lgimisk\u00fcpsiste andmed<\/h3>\n<p>Me kasutame k\u00fcpsiseid ja sarnaseid j\u00e4lgimistehnoloogiaid, et j\u00e4lgida meie veebisaitide tegevust ja s\u00e4ilitada teatud teavet.<\/p>\n<p>Lisateavet k\u00fcpsiste kohta ja n\u00e4iteid meie poolt kasutatavate k\u00fcpsiste kohta leiate <a href=\"https:\/\/test2.disinfocode.eu\/et\/kupsised\/\">k\u00fcpsiste poliitika lehek\u00fcljelt<\/a>.<\/p>\n<h2>Kuidas me teie andmeid kasutame?<\/h2>\n<p>L\u00e4bipaistvuskeskus kasutab kogutud andmeid erinevatel eesm\u00e4rkidel, mida on \u00fcksikasjalikult kirjeldatud allpool.<\/p>\n<p>L\u00e4bipaistvuskeskus kasutab meie (tulevaste) allakirjutanute isikuandmeid taotletud teenuste osutamiseks. N\u00e4iteks kui te esitate meile teate oma huvist saada allakirjutajaks, siis kasutame teie esitatud teavet selleks, et saata teile teateid allakirjutajaks saamise edasiste sammude kohta ja teavet meie grupi kohta.<\/p>\n<h2>Andmete s\u00e4ilitamine<\/h2>\n<p>L\u00e4bipaistvuskeskus s\u00e4ilitab teie isikuandmeid ainult nii kaua, kui see on vajalik k\u00e4esolevas privaatsuspoliitikas s\u00e4testatud eesm\u00e4rkidel. Me s\u00e4ilitame ja kasutame teie isikuandmeid ulatuses, mis on vajalik meie juriidiliste kohustuste t\u00e4itmiseks (n\u00e4iteks kui me peame teie andmeid s\u00e4ilitama kohaldatavate seaduste t\u00e4itmiseks), vaidluste lahendamiseks ning meie juriidiliste lepingute ja p\u00f5him\u00f5tete j\u00f5ustamiseks.<\/p>\n<p>L\u00e4bipaistvuskeskus s\u00e4ilitab kasutusandmed ka sisemise anal\u00fc\u00fcsi eesm\u00e4rgil. Kasutusandmeid s\u00e4ilitatakse \u00fcldiselt l\u00fchemat aega, v\u00e4lja arvatud juhul, kui neid andmeid kasutatakse meie teenuse turvalisuse tugevdamiseks v\u00f5i funktsionaalsuse parandamiseks v\u00f5i kui meil on seadusest tulenev kohustus neid andmeid pikema aja jooksul s\u00e4ilitada.<\/p>\n<h3>Andmete edastamine<\/h3>\n<p>Teie andmed, sealhulgas isikuandmed, v\u00f5idakse edastada ja s\u00e4ilitada arvutites, mis asuvad v\u00e4ljaspool teie riiki, provintsi, riiki v\u00f5i muud riiklikku jurisdiktsiooni, kus andmekaitseseadused v\u00f5ivad erineda teie jurisdiktsiooni omadest.<\/p>\n<p>Pange t\u00e4hele, et me edastame andmed, sealhulgas isikuandmed, Belgiasse ja t\u00f6\u00f6tleme neid seal. Meie veebimajutuse serverid ja andmekeskused asuvad Belgias.<\/p>\n<p>Teie n\u00f5usolek k\u00e4esoleva privaatsuspoliitikaga, millele j\u00e4rgneb sellise teabe esitamine, kujutab endast teie n\u00f5usolekut selle edastamisega.<\/p>\n<p>L\u00e4bipaistvuskeskus v\u00f5tab k\u00f5ik m\u00f5istlikult vajalikud meetmed, et tagada teie andmete turvaline ja k\u00e4esoleva privaatsuspoliitika kohane t\u00f6\u00f6tlemine ning teie isikuandmete edastamine organisatsioonile v\u00f5i riigile ei toimu, kui ei ole tagatud piisav kontroll, sealhulgas teie andmete ja muude isikuandmete turvalisus.<\/p>\n<h3>Andmete turvalisus<\/h3>\n<p>Teie andmete turvalisus on meie jaoks oluline, kuid pidage meeles, et \u00fckski Interneti-\u00fclekande v\u00f5i elektroonilise salvestamise meetod ei ole 100% turvaline. Kuigi me p\u00fc\u00fcame kasutada teie isikuandmete kaitsmiseks kaubanduslikult vastuv\u00f5etavaid vahendeid, ei saa me tagada nende absoluutset turvalisust.<\/p>\n<p>Te n\u00f5ustute ja aktsepteerite interneti kasutamisega seotud riske.<\/p>\n<h3>Teie \u00f5igused<\/h3>\n<p>L\u00e4bipaistvuskeskuse eesm\u00e4rk on v\u00f5tta m\u00f5istlikke meetmeid, et v\u00f5imaldada teil oma isikuandmeid parandada, muuta, kustutada v\u00f5i piirata nende kasutamist.<\/p>\n<p>Kui soovite teada saada, milliseid isikuandmeid me teie kohta hoiame ja kui soovite, et need meie s\u00fcsteemidest eemaldataks, v\u00f5tke meiega \u00fchendust.<\/p>\n<p>Teatud tingimustel on teil \u00f5igus:<\/p>\n<ul>\n<li>p\u00e4\u00e4seda juurde teie kohta k\u00e4ivatele isikuandmetele ja saada nende koopia.<\/li>\n<li>parandada teie kohta s\u00e4ilitatavaid ebat\u00e4pseid isikuandmeid.<\/li>\n<li>esitada kaebus p\u00e4devale j\u00e4relevalveasutusele<\/li>\n<li>taotleda teie kohta hoitavate isikuandmete kustutamist (&#8220;\u00f5igus olla unustatud&#8221;).<\/li>\n<\/ul>\n<p>Teil v\u00f5ib olla \u00f5igus andmete \u00fclekantavusele, kui see on teie olukorra suhtes kohaldatav vastavalt kehtivale seadusele, l\u00e4bipaistvuskeskusele esitatud andmete puhul.Kui meil on kohustus t\u00e4ita \u00fclekantavust, v\u00f5ite taotleda oma isikuandmete koopiat \u00fcldkasutatavas elektroonilises vormingus, et saaksite neid hallata ja liigutada.<\/p>\n<p>Pange t\u00e4hele, et enne sellistele p\u00e4ringutele vastamist v\u00f5ime paluda teil oma isikusamasust kontrollida.<\/p>\n<h3>Teenusepakkujad<\/h3>\n<p>V\u00f5ime kasutada kolmandaid osapooled, kes h\u00f5lbustavad meie poolt pakutavat teenust (&#8220;teenusepakkujad&#8221;), osutavad teenust meie nimel, osutavad teenusega seotud teenuseid v\u00f5i aitavad meil anal\u00fc\u00fcsida, kuidas meie teenust kasutatakse. Eelk\u00f5ige v\u00f5ime kasutada kolmandate isikute abi selle veebisaidi haldamiseks ja hooldamiseks.<\/p>\n<p>Neil kolmandatel isikutel on juurdep\u00e4\u00e4s teie isikuandmetele ainult nende \u00fclesannete t\u00e4itmiseks meie nimel ja nad on kohustatud neid mitte avalikustama ega kasutama neid mis tahes muul eesm\u00e4rgil.<\/p>\n<p>Me keeldume oma vastutusest ja me ei vastuta kulude ja\/v\u00f5i kahjude eest, mida teenusepakkujad v\u00f5ivad teile tekitada.<\/p>\n<h2>Anal\u00fc\u00fctika<\/h2>\n<p>Me v\u00f5ime kasutada kolmanda osapoole teenusepakkujaid, et j\u00e4lgida ja anal\u00fc\u00fcsida meie teenuse kasutamist.<\/p>\n<h3>Google Analytics<\/h3>\n<p>Google Analytics on Google&#8217;i pakutav veebianal\u00fc\u00fctika teenus, mis j\u00e4lgib veebilehe liiklust ja annab selle kohta aru. Google kasutab kogutud andmeid meie teenuse kasutamise j\u00e4lgimiseks ja j\u00e4lgimiseks. Neid andmeid jagatakse teiste Google&#8217;i teenustega. Google v\u00f5ib kogutud andmeid kasutada oma reklaamiv\u00f5rgu reklaamide kontekstualiseerimiseks ja isikup\u00e4rastamiseks.<\/p>\n<p>V\u00f5ite loobuda oma tegevuse k\u00e4ttesaadavaks tegemisest Teenuses Google Analytics&#8217;ile, paigaldades Google Analyticsi loobumise brauserilisandi. Lisav\u00f5imalus takistab Google Analyticsi JavaScripti (ga.js, analytics.js ja dc.js) teabe jagamist Google Analyticsiga k\u00fclastuste aktiivsuse kohta.<\/p>\n<p>Lisateavet Google&#8217;i privaatsustavade kohta leiate Google&#8217;i privaatsustingimuste veebilehelt: http:\/\/www.google.com\/intl\/en\/policies\/privacy.<\/p>\n<h2>Lingid teistele veebilehtedele<\/h2>\n<p>Meie teenus v\u00f5ib sisaldada linke teistele veebilehtedele, mida me ei halda. Kui kl\u00f5psate kolmanda osapoole lingile, suunatakse teid selle kolmanda osapoole veebilehele. Soovitame tungivalt tutvuda iga k\u00fclastatava saidi privaatsuspoliitikaga.<\/p>\n<p>Me ei kontrolli ega vastuta kolmandate osapoolte veebisaitide v\u00f5i teenuste sisu, privaatsuspoliitikate v\u00f5i tavade eest.<\/p>\n<h2>Laste privaatsus<\/h2>\n<p>Meie teenus ei ole suunatud alla 13-aastastele v\u00f5i nooremale vanusele, kui see on kohaldatav, kuid mitte alla 13-aastastele (&#8220;Lapsed&#8221;).<\/p>\n<p>Me ei kogu teadlikult isikuandmeid alla 13-aastastelt. Kui olete lapsevanem v\u00f5i eestkostja ja teate, et teie laps on meile isikuandmeid edastanud, v\u00f5tke meiega \u00fchendust. Kui saame teada, et oleme kogunud laste isikuandmeid ilma vanemate n\u00f5usolekut kontrollimata, astume samme, et eemaldada need andmed meie serveritest.<\/p>\n<h2>Avalikustamine \u00f5iguskaitseasutustele<\/h2>\n<p>Teatud tingimustel v\u00f5ib L\u00e4bipaistvuskeskus olla kohustatud avalikustama teie isikuandmeid, kui seda n\u00f5uab seadus v\u00f5i kui see on vajalik vastuseks avaliku v\u00f5imu kandja (nt kohus v\u00f5i valitsusasutus) p\u00f5hjendatud taotlusele.<\/p>\n<h2>\u00d5iguslikud n\u00f5uded ja vastutuse piirid<\/h2>\n<p>L\u00e4bipaistvuskeskus v\u00f5ib avalikustada teie isikuandmeid heauskselt, kui ta on veendunud, et selline tegevus on vajalik selleks, et:<\/p>\n<ul>\n<li>Seadusliku kohustuse t\u00e4itmiseks<\/li>\n<li>kaitsta ja kaitsta l\u00e4bipaistvuskeskuse \u00f5igusi v\u00f5i omandit.<\/li>\n<li>Teenusega seotud v\u00f5imalike rikkumiste ennetamiseks v\u00f5i uurimiseks.<\/li>\n<li>Teenuse kasutajate v\u00f5i avalikkuse isikliku ohutuse kaitsmiseks.<\/li>\n<li>Kaitseks \u00f5igusliku vastutuse eest<\/li>\n<\/ul>\n<h2>Muudatused k\u00e4esolevasse privaatsuspoliitikasse<\/h2>\n<p>Me v\u00f5ime oma privaatsuspoliitikat aeg-ajalt ajakohastada. Me teavitame teid k\u00f5igist muudatustest, avaldades uue privaatsuspoliitika sellel lehek\u00fcljel.<\/p>\n<p>Soovitame teil perioodiliselt vaadata k\u00e4esolevat privaatsuspoliitikat l\u00e4bi, et teha selles muudatusi. K\u00e4esoleva privaatsuspoliitika muudatused j\u00f5ustuvad siis, kui need avaldatakse sellel lehek\u00fcljel.<\/p>\n<h2>E-pettus<\/h2>\n<p>E-pettused on viimastel aastatel j\u00e4rsult kasvanud, k\u00fcberkurjategijad muutuvad \u00fcha targemaks ja me vajame teie abi nende vastu v\u00f5itlemisel.<\/p>\n<p>K\u00fcberkurjategijad kasutavad k\u00f5iki v\u00f5imalikke vahendeid, et sundida teid jagama oma isikuandmeid, finantsteavet v\u00f5i isegi paluda teil teha soovimatuid ja kuritegelikke makseid. Enamik k\u00fcberkurjategijaid \u00fcritab v\u00f5tta \u00fchendust ettev\u00f5tte k\u00f5rgetasemeliste esindajatega ja \u00fcritab tekitada kiireloomulisuse tunnet.<\/p>\n<p>Palun pidage meeles, et on palju pettustehnikaid ja isegi praeguste tehnoloogiate abil m\u00f6\u00f6duvad paljud e-posti pettused ettev\u00f5tete kehtestatud turvameetmetest.<\/p>\n<h3>Mida teha kahtluse korral?<\/h3>\n<p>Kui te ei ole kindel, kas e-kiri on seaduslik, on teie parim s\u00f5ber teie IKT- \/ IT- \/ turvaosakond. Nad v\u00f5ivad aidata uurida e-kirja p\u00e4ritolu ja seaduslikkust.<\/p>\n<h3>Kuidas teatada pettuse teel saadetud e-kirjadest?<\/h3>\n<p>V\u00f5ite meiega \u00fchendust v\u00f5tta aadressil <a href=\"mailto:contact@disinfocode.vost.pt\">contact@disinfocode.vost.pt<\/a>, et teatada pettusest v\u00f5i saada abi oma andmete kaitsmisel. Anname endast parima, et tagada maksimaalne kaitse.<\/p>\n<h2>V\u00f5tke meiega \u00fchendust<\/h2>\n<p>Kui teil on k\u00fcsimusi k\u00e4esoleva privaatsuspoliitika kohta, <a href=\"mailto:contact@disinfocode.vost.pt\">v\u00f5tke meiega \u00fchendust selle e-kirja kaudu<\/a>.<\/p>\n<\/div>\n      \n          <\/div>\n\n  <\/div>\n<\/section>\n","protected":false},"excerpt":{"rendered":"","protected":false},"author":62,"featured_media":0,"parent":0,"menu_order":0,"comment_status":"closed","ping_status":"closed","template":"","meta":{"_acf_changed":false,"footnotes":""},"class_list":["post-2654","page","type-page","status-publish","hentry"],"acf":[],"yoast_head":"<!-- This site is optimized with the Yoast SEO plugin v24.5 - https:\/\/yoast.com\/wordpress\/plugins\/seo\/ -->\n<title>Privaatsus - Transparency Centre<\/title>\n<meta name=\"robots\" content=\"index, follow, max-snippet:-1, max-image-preview:large, max-video-preview:-1\" \/>\n<link rel=\"canonical\" href=\"https:\/\/test2.disinfocode.eu\/et\/privaatsuspoliitika\/\" \/>\n<meta property=\"og:locale\" content=\"et_EE\" \/>\n<meta property=\"og:type\" content=\"article\" \/>\n<meta property=\"og:title\" content=\"Privaatsus - Transparency Centre\" \/>\n<meta property=\"og:url\" content=\"https:\/\/test2.disinfocode.eu\/et\/privaatsuspoliitika\/\" \/>\n<meta property=\"og:site_name\" content=\"Transparency Centre\" \/>\n<meta property=\"article:modified_time\" content=\"2023-03-27T18:24:37+00:00\" \/>\n<meta name=\"twitter:card\" content=\"summary_large_image\" \/>\n<script type=\"application\/ld+json\" class=\"yoast-schema-graph\">{\"@context\":\"https:\/\/schema.org\",\"@graph\":[{\"@type\":\"WebPage\",\"@id\":\"https:\/\/test2.disinfocode.eu\/et\/privaatsuspoliitika\/\",\"url\":\"https:\/\/test2.disinfocode.eu\/et\/privaatsuspoliitika\/\",\"name\":\"Privaatsus - Transparency Centre\",\"isPartOf\":{\"@id\":\"https:\/\/disinfocode.eu\/#website\"},\"datePublished\":\"2022-12-30T09:42:38+00:00\",\"dateModified\":\"2023-03-27T18:24:37+00:00\",\"inLanguage\":\"et\",\"potentialAction\":[{\"@type\":\"ReadAction\",\"target\":[\"https:\/\/test2.disinfocode.eu\/et\/privaatsuspoliitika\/\"]}]},{\"@type\":\"WebSite\",\"@id\":\"https:\/\/disinfocode.eu\/#website\",\"url\":\"https:\/\/disinfocode.eu\/\",\"name\":\"Transparency Centre\",\"description\":\"Discover the Code of Practice on Disinformation\",\"potentialAction\":[{\"@type\":\"SearchAction\",\"target\":{\"@type\":\"EntryPoint\",\"urlTemplate\":\"https:\/\/disinfocode.eu\/?s={search_term_string}\"},\"query-input\":{\"@type\":\"PropertyValueSpecification\",\"valueRequired\":true,\"valueName\":\"search_term_string\"}}],\"inLanguage\":\"et\"}]}<\/script>\n<!-- \/ Yoast SEO plugin. -->","yoast_head_json":{"title":"Privaatsus - Transparency Centre","robots":{"index":"index","follow":"follow","max-snippet":"max-snippet:-1","max-image-preview":"max-image-preview:large","max-video-preview":"max-video-preview:-1"},"canonical":"https:\/\/test2.disinfocode.eu\/et\/privaatsuspoliitika\/","og_locale":"et_EE","og_type":"article","og_title":"Privaatsus - Transparency Centre","og_url":"https:\/\/test2.disinfocode.eu\/et\/privaatsuspoliitika\/","og_site_name":"Transparency Centre","article_modified_time":"2023-03-27T18:24:37+00:00","twitter_card":"summary_large_image","schema":{"@context":"https:\/\/schema.org","@graph":[{"@type":"WebPage","@id":"https:\/\/test2.disinfocode.eu\/et\/privaatsuspoliitika\/","url":"https:\/\/test2.disinfocode.eu\/et\/privaatsuspoliitika\/","name":"Privaatsus - Transparency Centre","isPartOf":{"@id":"https:\/\/disinfocode.eu\/#website"},"datePublished":"2022-12-30T09:42:38+00:00","dateModified":"2023-03-27T18:24:37+00:00","inLanguage":"et","potentialAction":[{"@type":"ReadAction","target":["https:\/\/test2.disinfocode.eu\/et\/privaatsuspoliitika\/"]}]},{"@type":"WebSite","@id":"https:\/\/disinfocode.eu\/#website","url":"https:\/\/disinfocode.eu\/","name":"Transparency Centre","description":"Discover the Code of Practice on Disinformation","potentialAction":[{"@type":"SearchAction","target":{"@type":"EntryPoint","urlTemplate":"https:\/\/disinfocode.eu\/?s={search_term_string}"},"query-input":{"@type":"PropertyValueSpecification","valueRequired":true,"valueName":"search_term_string"}}],"inLanguage":"et"}]}},"_links":{"self":[{"href":"https:\/\/test2.disinfocode.eu\/et\/wp-json\/wp\/v2\/pages\/2654","targetHints":{"allow":["GET"]}}],"collection":[{"href":"https:\/\/test2.disinfocode.eu\/et\/wp-json\/wp\/v2\/pages"}],"about":[{"href":"https:\/\/test2.disinfocode.eu\/et\/wp-json\/wp\/v2\/types\/page"}],"author":[{"embeddable":true,"href":"https:\/\/test2.disinfocode.eu\/et\/wp-json\/wp\/v2\/users\/62"}],"replies":[{"embeddable":true,"href":"https:\/\/test2.disinfocode.eu\/et\/wp-json\/wp\/v2\/comments?post=2654"}],"version-history":[{"count":0,"href":"https:\/\/test2.disinfocode.eu\/et\/wp-json\/wp\/v2\/pages\/2654\/revisions"}],"wp:attachment":[{"href":"https:\/\/test2.disinfocode.eu\/et\/wp-json\/wp\/v2\/media?parent=2654"}],"curies":[{"name":"wp","href":"https:\/\/api.w.org\/{rel}","templated":true}]}}