{"id":2617,"date":"2023-01-20T11:04:00","date_gmt":"2023-01-20T09:04:00","guid":{"rendered":"https:\/\/wp-dev.space\/zn\/transparency-center\/master\/holbustuse-avaldus\/"},"modified":"2023-02-20T12:58:28","modified_gmt":"2023-02-20T12:58:28","slug":"ligipaasetavuse-avaldus","status":"publish","type":"page","link":"https:\/\/test2.disinfocode.eu\/et\/ligipaasetavuse-avaldus\/","title":{"rendered":"H\u00f5lbustuse avaldus"},"content":{"rendered":"\n<p><\/p>\n<section class=\"title-block title-block-m gutenberg-block  indigo-800\" >\n  <div class=\"sk-container sk-container--fl\">\n\n    <div class=\"title-block-content sk-container\">\n\n      \n            <h1 class=\"title-block-title\">H\u00f5lbustuse avaldus<\/h1>\n    <\/div>\n\n  <\/div>\n<\/section>\n<section data-aos=\"fade-up\" data-aos-duration=\"1500\" class=\"text-block text-block-m gutenberg-block \" >\n  <div class=\"sk-container sk-container--fl\">\n\n    <div class=\"text-block-content sk-container\">\n\n              <div class=\"text-block-text\"><p>L\u00e4bipaistvuskeskus on v\u00f5tnud endale kohustuse tagada digitaalne ligip\u00e4\u00e4setavus puuetega inimestele. Parandame pidevalt kasutajakogemust k\u00f5igi jaoks ja kohaldame asjakohaseid juurdep\u00e4\u00e4setavusn\u00f5udeid.<\/p>\n<h2>Juurdep\u00e4\u00e4setavust toetavad meetmed<\/h2>\n<p>L\u00e4bipaistvuskeskus v\u00f5tab j\u00e4rgmised meetmed, et tagada juurdep\u00e4\u00e4s https:\/\/test2.disinfocode.eu\/:<\/p>\n<ul>\n<li>Piltidel on t\u00e4hendusrikas alt-tekst<\/li>\n<li>Lingid on visuaalselt tuvastatavad<\/li>\n<li>Kasutades kirjeldavaid jaotiste pealkirju<\/li>\n<li>\u00d5ige semantilise HTML-elemendi struktuuri kasutamine<\/li>\n<li>Vormidel on kirjeldavad sildid<\/li>\n<li>Teave ei s\u00f5ltu v\u00e4rvist, helist, kujust, suurusest ega visuaalsest asukohast.<\/li>\n<li>Teksti ja taustav\u00e4rvi kontrast on piisav<\/li>\n<li>Sisu skaleerub korralikult, kui seda suurendatakse\/suurendatakse<\/li>\n<li>Kasutades kirjeldavat pealkirja<\/li>\n<li>Toetage klaviatuuriga navigeerimist<\/li>\n<li>Klaviatuuri kasutajatele n\u00e4htavad fookuse olekud<\/li>\n<li>Korrektsed HTML5 sisendit\u00fc\u00fcbid<\/li>\n<li>Sait ei aja ootamatult v\u00e4lja<\/li>\n<li>Multimeedia tarbimiseks on alternatiivseid v\u00f5imalusi<\/li>\n<li>HTML &#8216;lang&#8217; atribuudi kasutamine<\/li>\n<li>Kasutades arusaadavaid sisendm\u00e4rgiseid<\/li>\n<li>Vormidel on kasulikud ja juurdep\u00e4\u00e4setavad veateated ja kontrollteated<\/li>\n<li>Lingid on kirjeldavad ja annavad kavatsuse<\/li>\n<li>Lehek\u00fcljed on arusaadavad, kui stiilid ei ole lubatud<\/li>\n<li>HTML on korrektne ja vigadeta<\/li>\n<li>CSV faili allalaadimine ja JSON faili allalaadimine on t\u00f6\u00f6tlemata andmekogumid.<\/li>\n<\/ul>\n<h2>Vastavuse staatus<\/h2>\n<p>Veebisisu juurdep\u00e4\u00e4setavuse suunistes (WCAG) on m\u00e4\u00e4ratletud n\u00f5uded disaineritele ja arendajatele, et parandada puuetega inimeste ligip\u00e4\u00e4setavust. Selles on m\u00e4\u00e4ratletud kolm vastavustaset: A-tase, AA-tase ja AAA-tase. L\u00e4bipaistvuse keskus vastab osaliselt WCAG 2.1 tasemele AA. Osaliselt vastav t\u00e4hendab, et m\u00f5ned sisu osad ei vasta t\u00e4ielikult juurdep\u00e4\u00e4setavuse standardile.<\/p>\n<h3>T\u00e4iendavad juurdep\u00e4\u00e4setavuse kaalutlused<\/h3>\n<p class=\"basic-information conformance-additions\">Kuigi meie eesm\u00e4rk on WCAG 2.1 taseme AA vastavus, oleme kohaldanud ka m\u00f5ningaid AAA taseme edukriteeriume:<\/p>\n<ul>\n<li>Me ei kasuta teksti kujutisi.<\/li>\n<li>K\u00f5ik funktsioonid on eranditult k\u00e4ttesaadavad klaviatuuri abil.<\/li>\n<li>Veebisaidil ei ole ajalisi piiranguid.<\/li>\n<li>\u00dckski sisu ei vilgu rohkem kui kolm korda sekundis.<\/li>\n<li>Me teavitame kasutajaid sellest, kus nad praegu saidil on.<\/li>\n<li>Iga lingi eesm\u00e4rk on selge selle tekstist.<\/li>\n<li>Korraldatud sisu pealkirjadega.<\/li>\n<\/ul>\n<h2>Tehnilised andmed<\/h2>\n<p>L\u00e4bipaistvuskeskuse juurdep\u00e4\u00e4setavus s\u00f5ltub j\u00e4rgmistest tehnoloogiatest, mis t\u00f6\u00f6tavad koos konkreetse veebilehitseja ja teie arvutisse paigaldatud abitehnoloogiate v\u00f5i lisaseadmete kombinatsiooniga:<\/p>\n<ul class=\"technical-information technologies-used\">\n<li>HTML<\/li>\n<li>WAI-ARIA<\/li>\n<li>CSS<\/li>\n<li>JavaScript<\/li>\n<li>PHP<\/li>\n<\/ul>\n<p>Nende tehnoloogiate vastavus kasutatavatele juurdep\u00e4\u00e4setavuse standarditele on tagatud.<\/p>\n<h2>Piirangud ja alternatiivid<\/h2>\n<p>Hoolimata meie j\u00f5upingutustest tagada l\u00e4bipaistvuskeskuse k\u00e4ttesaadavus, v\u00f5ib esineda m\u00f5ningaid piiranguid. Allpool on kirjeldatud teadaolevaid piiranguid ja v\u00f5imalikke lahendusi. Palun v\u00f5tke meiega \u00fchendust, kui t\u00e4heldate probleemi, mida allpool ei ole loetletud.<\/p>\n<p>L\u00e4bipaistvuse keskuse teadaolevad piirangud:<\/p>\n<ol class=\"technical-information accessibility-limitations\">\n<li>Aruannetest automaatselt genereeritud PDF-failid ei pruugi olla t\u00e4ielikult n\u00f5uetele vastavad.<\/li>\n<li>Allakirjutanute poolt \u00fcleslaaditud PDF-failid ei pruugi olla t\u00e4ielikult vastavuses.<\/li>\n<\/ol>\n<h2>Tagasiside<\/h2>\n<p>Ootame teie tagasisidet l\u00e4bipaistvuskeskuse juurdep\u00e4\u00e4setavuse kohta. Palun andke meile teada, kui teil tekib Transparency Centre&#8217;is ligip\u00e4\u00e4setavuse takistusi:<\/p>\n<p>E-post: contact@disinfocode.vost.pt<\/p>\n<\/div>\n      \n          <\/div>\n\n  <\/div>\n<\/section>\n\n<p><\/p>\n","protected":false},"excerpt":{"rendered":"","protected":false},"author":93,"featured_media":0,"parent":0,"menu_order":0,"comment_status":"closed","ping_status":"closed","template":"","meta":{"_acf_changed":false,"footnotes":""},"class_list":["post-2617","page","type-page","status-publish","hentry"],"acf":[],"yoast_head":"<!-- This site is optimized with the Yoast SEO plugin v24.5 - https:\/\/yoast.com\/wordpress\/plugins\/seo\/ -->\n<title>H\u00f5lbustuse avaldus - Transparency Centre<\/title>\n<meta name=\"robots\" content=\"index, follow, max-snippet:-1, max-image-preview:large, max-video-preview:-1\" \/>\n<link rel=\"canonical\" href=\"https:\/\/test2.disinfocode.eu\/et\/ligipaasetavuse-avaldus\/\" \/>\n<meta property=\"og:locale\" content=\"et_EE\" \/>\n<meta property=\"og:type\" content=\"article\" \/>\n<meta property=\"og:title\" content=\"H\u00f5lbustuse avaldus - Transparency Centre\" \/>\n<meta property=\"og:url\" content=\"https:\/\/test2.disinfocode.eu\/et\/ligipaasetavuse-avaldus\/\" \/>\n<meta property=\"og:site_name\" content=\"Transparency Centre\" \/>\n<meta property=\"article:modified_time\" content=\"2023-02-20T12:58:28+00:00\" \/>\n<meta name=\"twitter:card\" content=\"summary_large_image\" \/>\n<script type=\"application\/ld+json\" class=\"yoast-schema-graph\">{\"@context\":\"https:\/\/schema.org\",\"@graph\":[{\"@type\":\"WebPage\",\"@id\":\"https:\/\/test2.disinfocode.eu\/et\/ligipaasetavuse-avaldus\/\",\"url\":\"https:\/\/test2.disinfocode.eu\/et\/ligipaasetavuse-avaldus\/\",\"name\":\"H\u00f5lbustuse avaldus - Transparency Centre\",\"isPartOf\":{\"@id\":\"https:\/\/disinfocode.eu\/#website\"},\"datePublished\":\"2023-01-20T09:04:00+00:00\",\"dateModified\":\"2023-02-20T12:58:28+00:00\",\"inLanguage\":\"et\",\"potentialAction\":[{\"@type\":\"ReadAction\",\"target\":[\"https:\/\/test2.disinfocode.eu\/et\/ligipaasetavuse-avaldus\/\"]}]},{\"@type\":\"WebSite\",\"@id\":\"https:\/\/disinfocode.eu\/#website\",\"url\":\"https:\/\/disinfocode.eu\/\",\"name\":\"Transparency Centre\",\"description\":\"Discover the Code of Practice on Disinformation\",\"potentialAction\":[{\"@type\":\"SearchAction\",\"target\":{\"@type\":\"EntryPoint\",\"urlTemplate\":\"https:\/\/disinfocode.eu\/?s={search_term_string}\"},\"query-input\":{\"@type\":\"PropertyValueSpecification\",\"valueRequired\":true,\"valueName\":\"search_term_string\"}}],\"inLanguage\":\"et\"}]}<\/script>\n<!-- \/ Yoast SEO plugin. -->","yoast_head_json":{"title":"H\u00f5lbustuse avaldus - Transparency Centre","robots":{"index":"index","follow":"follow","max-snippet":"max-snippet:-1","max-image-preview":"max-image-preview:large","max-video-preview":"max-video-preview:-1"},"canonical":"https:\/\/test2.disinfocode.eu\/et\/ligipaasetavuse-avaldus\/","og_locale":"et_EE","og_type":"article","og_title":"H\u00f5lbustuse avaldus - Transparency Centre","og_url":"https:\/\/test2.disinfocode.eu\/et\/ligipaasetavuse-avaldus\/","og_site_name":"Transparency Centre","article_modified_time":"2023-02-20T12:58:28+00:00","twitter_card":"summary_large_image","schema":{"@context":"https:\/\/schema.org","@graph":[{"@type":"WebPage","@id":"https:\/\/test2.disinfocode.eu\/et\/ligipaasetavuse-avaldus\/","url":"https:\/\/test2.disinfocode.eu\/et\/ligipaasetavuse-avaldus\/","name":"H\u00f5lbustuse avaldus - Transparency Centre","isPartOf":{"@id":"https:\/\/disinfocode.eu\/#website"},"datePublished":"2023-01-20T09:04:00+00:00","dateModified":"2023-02-20T12:58:28+00:00","inLanguage":"et","potentialAction":[{"@type":"ReadAction","target":["https:\/\/test2.disinfocode.eu\/et\/ligipaasetavuse-avaldus\/"]}]},{"@type":"WebSite","@id":"https:\/\/disinfocode.eu\/#website","url":"https:\/\/disinfocode.eu\/","name":"Transparency Centre","description":"Discover the Code of Practice on Disinformation","potentialAction":[{"@type":"SearchAction","target":{"@type":"EntryPoint","urlTemplate":"https:\/\/disinfocode.eu\/?s={search_term_string}"},"query-input":{"@type":"PropertyValueSpecification","valueRequired":true,"valueName":"search_term_string"}}],"inLanguage":"et"}]}},"_links":{"self":[{"href":"https:\/\/test2.disinfocode.eu\/et\/wp-json\/wp\/v2\/pages\/2617","targetHints":{"allow":["GET"]}}],"collection":[{"href":"https:\/\/test2.disinfocode.eu\/et\/wp-json\/wp\/v2\/pages"}],"about":[{"href":"https:\/\/test2.disinfocode.eu\/et\/wp-json\/wp\/v2\/types\/page"}],"author":[{"embeddable":true,"href":"https:\/\/test2.disinfocode.eu\/et\/wp-json\/wp\/v2\/users\/93"}],"replies":[{"embeddable":true,"href":"https:\/\/test2.disinfocode.eu\/et\/wp-json\/wp\/v2\/comments?post=2617"}],"version-history":[{"count":2,"href":"https:\/\/test2.disinfocode.eu\/et\/wp-json\/wp\/v2\/pages\/2617\/revisions"}],"predecessor-version":[{"id":2734,"href":"https:\/\/test2.disinfocode.eu\/et\/wp-json\/wp\/v2\/pages\/2617\/revisions\/2734"}],"wp:attachment":[{"href":"https:\/\/test2.disinfocode.eu\/et\/wp-json\/wp\/v2\/media?parent=2617"}],"curies":[{"name":"wp","href":"https:\/\/api.w.org\/{rel}","templated":true}]}}