{"id":2520,"date":"2023-01-25T11:41:28","date_gmt":"2023-01-25T10:41:28","guid":{"rendered":"https:\/\/wp-dev.space\/zn\/transparency-center\/master\/struktuurinaitajad\/"},"modified":"2023-02-20T01:25:18","modified_gmt":"2023-02-20T01:25:18","slug":"struktuurinaitajad","status":"publish","type":"page","link":"https:\/\/test2.disinfocode.eu\/et\/struktuurinaitajad\/","title":{"rendered":"Struktuurin\u00e4itajad"},"content":{"rendered":"<section class=\"title-block title-block-m gutenberg-block  indigo-800\" >\n  <div class=\"sk-container sk-container--fl\">\n\n    <div class=\"title-block-content sk-container\">\n\n      \n            <h1 class=\"title-block-title\">Struktuurin\u00e4itajad<\/h1>\n    <\/div>\n\n  <\/div>\n<\/section>\n\n\n<section data-aos=\"fade-up\" data-aos-duration=\"1500\" class=\"text-block text-block-m gutenberg-block \" >\n  <div class=\"sk-container sk-container--fl\">\n\n    <div class=\"text-block-content sk-container\">\n\n              <div class=\"text-block-text\"><p style=\"text-align: center;\">Tegevusjuhendi 41. kohustuse kohaselt t\u00f6\u00f6tavad allakirjutanud rakker\u00fchmas v\u00e4lja struktuurin\u00e4itajad, mille eesm\u00e4rk on hinnata tegevusjuhendi t\u00f5husust veebip\u00f5hise v\u00e4\u00e4rinfo leviku v\u00e4hendamisel iga allakirjutanu ning kogu veebip\u00f5hise \u00f6kos\u00fcsteemi puhul ELis ja liikmesriikide tasandil. Sellega seoses teevad allakirjutanud koost\u00f6\u00f6d vastavate asutustega, sealhulgas ERGA ja EDMOga.<\/p>\n<p style=\"text-align: center;\">Selleks on allakirjutanud pooled moodustanud t\u00f6\u00f6r\u00fchma p\u00e4rast tugevdatud juhendi esitlemist 2022. aasta juunis. T\u00f6\u00f6r\u00fchm esitab iga kolme aasta tagant rakker\u00fchmale oma edusammude kohta aruande ning peab n\u00f5u ekspertidega, sealhulgas EDMO ja ERGAga.<\/p>\n<p style=\"text-align: center;\">T\u00f6\u00f6r\u00fchm avaldab oma struktuurin\u00e4itajate m\u00f5\u00f5dikud koosk\u00f5las allakirjutanute esimese t\u00e4ieliku aruandega, samuti oma t\u00e4ieliku metoodika, m\u00f5istes, et need v\u00f5ivad aja jooksul veel t\u00e4psustamist vajada.<\/p>\n<\/div>\n      \n          <\/div>\n\n  <\/div>\n<\/section>\n","protected":false},"excerpt":{"rendered":"","protected":false},"author":93,"featured_media":0,"parent":0,"menu_order":0,"comment_status":"closed","ping_status":"closed","template":"","meta":{"_acf_changed":false,"footnotes":""},"class_list":["post-2520","page","type-page","status-publish","hentry"],"acf":[],"yoast_head":"<!-- This site is optimized with the Yoast SEO plugin v24.5 - https:\/\/yoast.com\/wordpress\/plugins\/seo\/ -->\n<title>Struktuurin\u00e4itajad - Transparency Centre<\/title>\n<meta name=\"robots\" content=\"index, follow, max-snippet:-1, max-image-preview:large, max-video-preview:-1\" \/>\n<link rel=\"canonical\" href=\"https:\/\/test2.disinfocode.eu\/et\/struktuurinaitajad\/\" \/>\n<meta property=\"og:locale\" content=\"et_EE\" \/>\n<meta property=\"og:type\" content=\"article\" \/>\n<meta property=\"og:title\" content=\"Struktuurin\u00e4itajad - Transparency Centre\" \/>\n<meta property=\"og:url\" content=\"https:\/\/test2.disinfocode.eu\/et\/struktuurinaitajad\/\" \/>\n<meta property=\"og:site_name\" content=\"Transparency Centre\" \/>\n<meta property=\"article:modified_time\" content=\"2023-02-20T01:25:18+00:00\" \/>\n<meta name=\"twitter:card\" content=\"summary_large_image\" \/>\n<script type=\"application\/ld+json\" class=\"yoast-schema-graph\">{\"@context\":\"https:\/\/schema.org\",\"@graph\":[{\"@type\":\"WebPage\",\"@id\":\"https:\/\/test2.disinfocode.eu\/et\/struktuurinaitajad\/\",\"url\":\"https:\/\/test2.disinfocode.eu\/et\/struktuurinaitajad\/\",\"name\":\"Struktuurin\u00e4itajad - Transparency Centre\",\"isPartOf\":{\"@id\":\"https:\/\/disinfocode.eu\/#website\"},\"datePublished\":\"2023-01-25T10:41:28+00:00\",\"dateModified\":\"2023-02-20T01:25:18+00:00\",\"inLanguage\":\"et\",\"potentialAction\":[{\"@type\":\"ReadAction\",\"target\":[\"https:\/\/test2.disinfocode.eu\/et\/struktuurinaitajad\/\"]}]},{\"@type\":\"WebSite\",\"@id\":\"https:\/\/disinfocode.eu\/#website\",\"url\":\"https:\/\/disinfocode.eu\/\",\"name\":\"Transparency Centre\",\"description\":\"Discover the Code of Practice on Disinformation\",\"potentialAction\":[{\"@type\":\"SearchAction\",\"target\":{\"@type\":\"EntryPoint\",\"urlTemplate\":\"https:\/\/disinfocode.eu\/?s={search_term_string}\"},\"query-input\":{\"@type\":\"PropertyValueSpecification\",\"valueRequired\":true,\"valueName\":\"search_term_string\"}}],\"inLanguage\":\"et\"}]}<\/script>\n<!-- \/ Yoast SEO plugin. -->","yoast_head_json":{"title":"Struktuurin\u00e4itajad - Transparency Centre","robots":{"index":"index","follow":"follow","max-snippet":"max-snippet:-1","max-image-preview":"max-image-preview:large","max-video-preview":"max-video-preview:-1"},"canonical":"https:\/\/test2.disinfocode.eu\/et\/struktuurinaitajad\/","og_locale":"et_EE","og_type":"article","og_title":"Struktuurin\u00e4itajad - Transparency Centre","og_url":"https:\/\/test2.disinfocode.eu\/et\/struktuurinaitajad\/","og_site_name":"Transparency Centre","article_modified_time":"2023-02-20T01:25:18+00:00","twitter_card":"summary_large_image","schema":{"@context":"https:\/\/schema.org","@graph":[{"@type":"WebPage","@id":"https:\/\/test2.disinfocode.eu\/et\/struktuurinaitajad\/","url":"https:\/\/test2.disinfocode.eu\/et\/struktuurinaitajad\/","name":"Struktuurin\u00e4itajad - Transparency Centre","isPartOf":{"@id":"https:\/\/disinfocode.eu\/#website"},"datePublished":"2023-01-25T10:41:28+00:00","dateModified":"2023-02-20T01:25:18+00:00","inLanguage":"et","potentialAction":[{"@type":"ReadAction","target":["https:\/\/test2.disinfocode.eu\/et\/struktuurinaitajad\/"]}]},{"@type":"WebSite","@id":"https:\/\/disinfocode.eu\/#website","url":"https:\/\/disinfocode.eu\/","name":"Transparency Centre","description":"Discover the Code of Practice on Disinformation","potentialAction":[{"@type":"SearchAction","target":{"@type":"EntryPoint","urlTemplate":"https:\/\/disinfocode.eu\/?s={search_term_string}"},"query-input":{"@type":"PropertyValueSpecification","valueRequired":true,"valueName":"search_term_string"}}],"inLanguage":"et"}]}},"_links":{"self":[{"href":"https:\/\/test2.disinfocode.eu\/et\/wp-json\/wp\/v2\/pages\/2520","targetHints":{"allow":["GET"]}}],"collection":[{"href":"https:\/\/test2.disinfocode.eu\/et\/wp-json\/wp\/v2\/pages"}],"about":[{"href":"https:\/\/test2.disinfocode.eu\/et\/wp-json\/wp\/v2\/types\/page"}],"author":[{"embeddable":true,"href":"https:\/\/test2.disinfocode.eu\/et\/wp-json\/wp\/v2\/users\/93"}],"replies":[{"embeddable":true,"href":"https:\/\/test2.disinfocode.eu\/et\/wp-json\/wp\/v2\/comments?post=2520"}],"version-history":[{"count":4,"href":"https:\/\/test2.disinfocode.eu\/et\/wp-json\/wp\/v2\/pages\/2520\/revisions"}],"predecessor-version":[{"id":2550,"href":"https:\/\/test2.disinfocode.eu\/et\/wp-json\/wp\/v2\/pages\/2520\/revisions\/2550"}],"wp:attachment":[{"href":"https:\/\/test2.disinfocode.eu\/et\/wp-json\/wp\/v2\/media?parent=2520"}],"curies":[{"name":"wp","href":"https:\/\/api.w.org\/{rel}","templated":true}]}}