{"id":2670,"date":"2022-12-30T10:42:38","date_gmt":"2022-12-30T09:42:38","guid":{"rendered":"https:\/\/wp-dev.space\/zn\/transparency-center\/master\/privacidad\/"},"modified":"2023-03-27T18:35:06","modified_gmt":"2023-03-27T18:35:06","slug":"politica-de-privacidad","status":"publish","type":"page","link":"https:\/\/test2.disinfocode.eu\/es\/politica-de-privacidad\/","title":{"rendered":"Privacidad"},"content":{"rendered":"<section class=\"title-block title-block-m gutenberg-block  indigo-800\" >\n  <div class=\"sk-container sk-container--fl\">\n\n    <div class=\"title-block-content sk-container\">\n\n      \n            <h1 class=\"title-block-title\">Privacidad<\/h1>\n    <\/div>\n\n  <\/div>\n<\/section>\n<section data-aos=\"fade-up\" data-aos-duration=\"1500\" class=\"text-block text-block-m gutenberg-block \" >\n  <div class=\"sk-container sk-container--fl\">\n\n    <div class=\"text-block-content sk-container\">\n\n              <div class=\"text-block-text\"><p><strong>Fecha de entrada en vigor: 9 de febrero de 2023<\/strong><\/p>\n<p>El Centro de Transparencia (\u00abnosotros\u00bb, \u00abnuestro\u00bb o la \u00abOrganizaci\u00f3n\u00bb) se compromete a proteger la privacidad de las personas que visitan nuestros sitios web. Nos comprometemos a proteger la privacidad de las personas jur\u00eddicas s\u00f3lo en el caso de que sea aplicable conforme a la legislaci\u00f3n vigente. La presente declaraci\u00f3n de privacidad tiene por objeto informar de nuestras pol\u00edticas en materia de recogida, uso y divulgaci\u00f3n de datos personales cuando navega por nuestros sitios web, as\u00ed como de las opciones que tiene asociadas a dichos datos.<\/p>\n<p>Al utilizar nuestro sitio web, usted acepta la recogida y el uso de informaci\u00f3n de acuerdo con esta pol\u00edtica.<\/p>\n<p>Si tiene alguna pregunta o queja sobre las pr\u00e1cticas de privacidad de la Organizaci\u00f3n, p\u00f3ngase en contacto con nosotros a trav\u00e9s de este correo electr\u00f3nico.<\/p>\n<p>Esta declaraci\u00f3n de privacidad cubre el siguiente sitio web: https:\/\/test2.disinfocode.eu\/<\/p>\n<h2>\u00bfQu\u00e9 recopilamos?<\/h2>\n<p>Recopilamos los siguientes tipos de informaci\u00f3n con diversos fines (enumerados a continuaci\u00f3n) para prestarle y mejorar nuestro servicio:<\/p>\n<ul>\n<li>Datos personales<\/li>\n<li>Datos de uso<\/li>\n<li>Datos de localizaci\u00f3n<\/li>\n<li>Cookies de seguimiento de datos<\/li>\n<\/ul>\n<h3>Datos personales<\/h3>\n<p>Cuando se ponga en contacto con nosotros para recibir informaci\u00f3n sobre nuestros servicios, cuando se inscriba para asistir a nuestros actos o cuando solicite trabajar para nosotros, el Centro de Transparencia le pedir\u00e1 que facilite informaci\u00f3n personal de contacto que pueda utilizarse para ponerse en contacto con usted o identificarle. La informaci\u00f3n personal identificable puede incluir, pero no est\u00e1 limitada a:<\/p>\n<ul>\n<li>Nombre y apellidos<\/li>\n<li>Direcci\u00f3n de correo electr\u00f3nico<\/li>\n<\/ul>\n<h3>Datos de uso<\/h3>\n<p>Tambi\u00e9n podemos recopilar informaci\u00f3n sobre c\u00f3mo se accede al servicio y c\u00f3mo se utiliza (\u00abDatos de uso\u00bb). Estos datos de uso pueden incluir informaci\u00f3n como la direcci\u00f3n de protocolo de Internet de su ordenador (por ejemplo, la direcci\u00f3n IP), el tipo de navegador, la versi\u00f3n del navegador, las p\u00e1ginas de nuestros sitios web que visita, la hora y la fecha de su visita, el tiempo que pasa en esas p\u00e1ginas, identificadores \u00fanicos de dispositivos y otros datos de diagn\u00f3stico.<\/p>\n<h3>Datos de localizaci\u00f3n<\/h3>\n<p>Podemos utilizar y almacenar informaci\u00f3n sobre su ubicaci\u00f3n si nos da permiso para ello (\u00abDatos de Ubicaci\u00f3n\u00bb). Utilizamos estos datos para proporcionar funciones de nuestro servicio y para mejorar y personalizar el servicio que ofrecemos.<\/p>\n<p>Puede activar o desactivar los servicios de localizaci\u00f3n cuando utilice nuestros sitios web en cualquier momento, a trav\u00e9s de la configuraci\u00f3n de su dispositivo.<\/p>\n<h3>Cookies de seguimiento de datos<\/h3>\n<p>Utilizamos cookies y tecnolog\u00edas de seguimiento similares para rastrear la actividad en nuestros sitios web y conservar determinada informaci\u00f3n.<\/p>\n<p>Puede encontrar m\u00e1s informaci\u00f3n sobre Cookies y ejemplos de cookies que utilizamos en la <a href=\"https:\/\/test2.disinfocode.eu\/es\/cookies\/\">p\u00e1gina de Pol\u00edtica de Cookies<\/a>.<\/p>\n<h2>\u00bfC\u00f3mo utilizamos sus datos?<\/h2>\n<p>El Centro de Transparencia utiliza los datos recogidos para diversos fines que se detallan a continuaci\u00f3n.<\/p>\n<p>El Centro de Transparencia utiliza los datos personales de nuestros (posibles) Firmantes para llevar a cabo los servicios solicitados. Por ejemplo, si nos env\u00eda un de para informarnos de su inter\u00e9s por convertirse en Firmante, utilizaremos la informaci\u00f3n que nos ha facilitado para enviarle comunicaciones sobre los pasos a seguir para convertirse en Firmante, as\u00ed como informaci\u00f3n sobre nuestro grupo.<\/p>\n<h2>Conservaci\u00f3n de datos<\/h2>\n<p>El Centro de Transparencia conservar\u00e1 sus datos personales \u00fanicamente durante el tiempo que sea necesario para los fines establecidos en la presente Pol\u00edtica de Privacidad. Conservaremos y utilizaremos sus datos personales en la medida necesaria para cumplir nuestras obligaciones legales (por ejemplo, si estamos obligados a conservar sus datos para cumplir la legislaci\u00f3n aplicable), resolver litigios y hacer cumplir nuestros acuerdos legales y pol\u00edticas.<\/p>\n<p>El Centro de Transparencia tambi\u00e9n conservar\u00e1 los datos de uso con fines de an\u00e1lisis interno. Por lo general, los datos de uso se conservan durante un per\u00edodo m\u00e1s corto, excepto cuando estos datos se utilizan para reforzar la seguridad o mejorar la funcionalidad de nuestro servicio, o cuando estamos legalmente obligados a conservar estos datos durante per\u00edodos m\u00e1s largos.<\/p>\n<h3>Transferencia de datos<\/h3>\n<p>Su informaci\u00f3n, incluidos los datos personales, puede transferirse a ordenadores situados fuera de su estado, provincia, pa\u00eds u otra jurisdicci\u00f3n gubernamental donde la legislaci\u00f3n sobre protecci\u00f3n de datos pueda diferir de la de su jurisdicci\u00f3n, y mantenerse en dichos ordenadores.<\/p>\n<p>Tenga en cuenta que transferimos los datos, incluidos los personales, a B\u00e9lgica y los procesamos all\u00ed. Nuestros servidores de alojamiento web y centros de datos se encuentran en B\u00e9lgica.<\/p>\n<p>Su consentimiento a esta Pol\u00edtica de Privacidad seguido de su env\u00edo de dicha informaci\u00f3n representa su acuerdo a dicha transferencia.<\/p>\n<p>El Centro de Transparencia tomar\u00e1 todas las medidas razonablemente necesarias para garantizar que sus datos sean tratados de forma segura y de acuerdo con esta Pol\u00edtica de Privacidad y no se realizar\u00e1 ninguna transferencia de sus datos personales a una organizaci\u00f3n o a un pa\u00eds a menos que existan controles adecuados que incluyan la seguridad de sus datos y otra informaci\u00f3n personal.<\/p>\n<h3>Seguridad de los datos<\/h3>\n<p>La seguridad de sus datos es importante para nosotros, pero recuerde que ning\u00fan m\u00e9todo de transmisi\u00f3n por Internet o de almacenamiento electr\u00f3nico es seguro al 100%. Aunque nos esforzamos por utilizar medios comercialmente aceptables para proteger sus datos personales, no podemos garantizar su seguridad absoluta.<\/p>\n<p>Usted acepta los riesgos asociados al uso de Internet.<\/p>\n<h3>Sus derechos<\/h3>\n<p>El objetivo del Centro de Transparencia es adoptar medidas razonables que le permitan corregir, modificar, suprimir o limitar el uso de sus datos personales.<\/p>\n<p>Si desea que le informemos de qu\u00e9 datos personales tenemos sobre usted y si quiere que los eliminemos de nuestros sistemas, p\u00f3ngase en contacto con nosotros.<\/p>\n<p>En determinadas circunstancias, tiene derecho:<\/p>\n<ul>\n<li>Acceder y recibir una copia de los datos personales que tenemos sobre usted<\/li>\n<li>Rectificar cualquier dato personal inexacto que tengamos sobre usted.<\/li>\n<li>Presentar una reclamaci\u00f3n ante una autoridad de control competente<\/li>\n<li>Solicitar la supresi\u00f3n de sus datos personales (\u00abderecho al olvido\u00bb)<\/li>\n<\/ul>\n<p>Usted puede tener derecho a la portabilidad de los datos, si es aplicable a su situaci\u00f3n seg\u00fan la legislaci\u00f3n vigente, para la informaci\u00f3n que proporcione al Centro de Transparencia.En caso de que tengamos la obligaci\u00f3n de cumplir con la portabilidad, puede solicitar obtener una copia de sus datos personales en un formato electr\u00f3nico de uso com\u00fan para que pueda gestionarlos y trasladarlos.<\/p>\n<p>Tenga en cuenta que podemos pedirle que verifique su identidad antes de responder a dichas solicitudes.<\/p>\n<h3>Proveedores de servicios<\/h3>\n<p>Podemos emplear a terceras empresas y particulares para facilitar el servicio que prestamos (\u00abProveedores de servicios\u00bb), para prestar el servicio en nuestro nombre, para realizar servicios relacionados con el servicio o para ayudarnos a analizar c\u00f3mo se utiliza nuestro servicio. En particular, podemos utilizar el apoyo de terceros para el alojamiento y mantenimiento de este sitio web.<\/p>\n<p>Estos terceros s\u00f3lo tienen acceso a sus datos personales para realizar estas tareas en nuestro nombre y est\u00e1n obligados a no divulgarlos ni utilizarlos para ning\u00fan otro fin.<\/p>\n<p>Declinamos nuestra responsabilidad y no somos responsables de los costes y\/o da\u00f1os que puedan causarle los Proveedores de Servicios.<\/p>\n<h2>Anal\u00edtica<\/h2>\n<p>Podemos utilizar proveedores de servicios externos para supervisar y analizar el uso de nuestro servicio.<\/p>\n<h3>Google Analytics<\/h3>\n<p>Google Analytics es un servicio de an\u00e1lisis web ofrecido por Google que rastrea e informa sobre el tr\u00e1fico del sitio web. Google utiliza los datos recopilados para rastrear y supervisar el uso de nuestro Servicio. Estos datos se comparten con otros servicios de Google. Google puede utilizar los datos recopilados para contextualizar y personalizar los anuncios de su propia red publicitaria.<\/p>\n<p>Puede optar por no poner su actividad en el Servicio a disposici\u00f3n de Google Analytics instalando el complemento de inhabilitaci\u00f3n para navegadores de Google Analytics. El complemento impide que el JavaScript de Google Analytics (ga.js, analytics.js y dc.js) comparta informaci\u00f3n con Google Analytics sobre la actividad de las visitas.<\/p>\n<p>Para obtener m\u00e1s informaci\u00f3n sobre las pr\u00e1cticas de privacidad de Google, visite la p\u00e1gina web de las Condiciones de privacidad de Google: http:\/\/www.google.com\/intl\/en\/policies\/privacy.<\/p>\n<h2>Enlaces a otros sitios<\/h2>\n<p>Nuestro servicio puede contener enlaces a otros sitios que no son operados por nosotros. Si hace clic en un enlace de terceros, ser\u00e1 dirigido al sitio web de ese tercero. Le recomendamos encarecidamente que revise la pol\u00edtica de privacidad de cada sitio que visite.<\/p>\n<p>No tenemos ning\u00fan control ni asumimos ninguna responsabilidad por el contenido, las pol\u00edticas de privacidad o las pr\u00e1cticas de los sitios o servicios de terceros.<\/p>\n<h2>Privacidad de los ni\u00f1os<\/h2>\n<p>Nuestro servicio no se dirige a menores de 13 a\u00f1os, o de una edad inferior si procede en virtud de una ley espec\u00edfica que pueda aplicarse, pero que no sea inferior a 13 a\u00f1os (\u00abNi\u00f1os\u00bb).<\/p>\n<p>No recopilamos conscientemente informaci\u00f3n personal identificable de menores de 13 a\u00f1os. Si usted es padre o tutor y tiene conocimiento de que su hijo nos ha proporcionado datos personales, p\u00f3ngase en contacto con nosotros. Si tenemos conocimiento de que hemos recopilado datos personales de ni\u00f1os sin verificar el consentimiento paterno, tomamos medidas para eliminar esa informaci\u00f3n de nuestros servidores.<\/p>\n<h2>Divulgaci\u00f3n para la aplicaci\u00f3n de la ley<\/h2>\n<p>En determinadas circunstancias, el Centro de Transparencia puede verse obligado a revelar sus datos personales si as\u00ed se lo exige la ley o en respuesta a solicitudes v\u00e1lidas de las autoridades p\u00fablicas (por ejemplo, un tribunal o un organismo gubernamental).<\/p>\n<h2>Requisitos legales y l\u00edmite de responsabilidad<\/h2>\n<p>El Centro de Transparencia podr\u00e1 revelar sus datos personales en la creencia de buena fe de que dicha acci\u00f3n es necesaria para:<\/p>\n<ul>\n<li>Para cumplir una obligaci\u00f3n legal<\/li>\n<li>Proteger y defender los derechos o la propiedad del Centro de Transparencia<\/li>\n<li>Para prevenir o investigar posibles irregularidades relacionadas con el servicio<\/li>\n<li>Proteger la seguridad personal de los usuarios del servicio o del p\u00fablico.<\/li>\n<li>Para protegerse de la responsabilidad legal<\/li>\n<\/ul>\n<h2>Cambios en esta pol\u00edtica de privacidad<\/h2>\n<p>Podemos actualizar nuestra pol\u00edtica de privacidad de vez en cuando. Le notificaremos cualquier cambio publicando la nueva Pol\u00edtica de Privacidad en esta p\u00e1gina.<\/p>\n<p>Le recomendamos que revise peri\u00f3dicamente esta pol\u00edtica de privacidad para comprobar si se han producido cambios. Los cambios en esta pol\u00edtica de privacidad entran en vigor cuando se publican en esta p\u00e1gina.<\/p>\n<h2>Fraude por correo electr\u00f3nico<\/h2>\n<p>El fraude por correo electr\u00f3nico ha crecido espectacularmente en los \u00faltimos a\u00f1os, los ciberdelincuentes son cada vez m\u00e1s listos y necesitamos su ayuda para combatirlos.<\/p>\n<p>Los ciberdelincuentes utilizar\u00e1n cualquier medio a su alcance para enga\u00f1arle y hacerle compartir sus datos personales, su informaci\u00f3n financiera o incluso solicitarle que realice pagos no solicitados y delictivos. La mayor\u00eda de los ciberdelincuentes intentar\u00e1n ponerse en contacto con representantes de alto nivel de la empresa e intentar\u00e1n crear una sensaci\u00f3n de urgencia.<\/p>\n<p>Recuerde que existen muchas t\u00e9cnicas fraudulentas e incluso con las tecnolog\u00edas actuales, muchos fraudes por correo electr\u00f3nico eluden las medidas de seguridad establecidas por las empresas.<\/p>\n<h3>\u00bfQu\u00e9 hacer en caso de duda?<\/h3>\n<p>Si no est\u00e1 seguro de si el correo electr\u00f3nico es leg\u00edtimo, su mejor amigo es su departamento de TIC \/ TI \/ Seguridad. Pueden ayudar a investigar el origen y la legitimidad del correo electr\u00f3nico.<\/p>\n<h3>\u00bfC\u00f3mo denunciar correos electr\u00f3nicos fraudulentos?<\/h3>\n<p>Puede ponerse en contacto con nosotros en <a href=\"mailto:contact@disinfocode.vost.pt\">contact@disinfocode.vost.pt<\/a> para denunciar un correo electr\u00f3nico fraudulento u obtener ayuda para proteger sus datos. Haremos todo lo posible para garantizar la m\u00e1xima protecci\u00f3n.<\/p>\n<h2>Contacto<\/h2>\n<p>Si tiene alguna pregunta sobre esta Pol\u00edtica de privacidad, <a href=\"mailto:contact@disinfocode.vost.pt\">p\u00f3ngase en contacto con nosotros a trav\u00e9s de este correo electr\u00f3nico<\/a>.<\/p>\n<\/div>\n      \n          <\/div>\n\n  <\/div>\n<\/section>\n","protected":false},"excerpt":{"rendered":"","protected":false},"author":62,"featured_media":0,"parent":0,"menu_order":0,"comment_status":"closed","ping_status":"closed","template":"","meta":{"_acf_changed":false,"footnotes":""},"class_list":["post-2670","page","type-page","status-publish","hentry"],"acf":[],"yoast_head":"<!-- This site is optimized with the Yoast SEO plugin v24.5 - https:\/\/yoast.com\/wordpress\/plugins\/seo\/ -->\n<title>Privacidad - Transparency Centre<\/title>\n<meta name=\"robots\" content=\"index, follow, max-snippet:-1, max-image-preview:large, max-video-preview:-1\" \/>\n<link rel=\"canonical\" href=\"https:\/\/test2.disinfocode.eu\/es\/politica-de-privacidad\/\" \/>\n<meta property=\"og:locale\" content=\"es_ES\" \/>\n<meta property=\"og:type\" content=\"article\" \/>\n<meta property=\"og:title\" content=\"Privacidad - Transparency Centre\" \/>\n<meta property=\"og:url\" content=\"https:\/\/test2.disinfocode.eu\/es\/politica-de-privacidad\/\" \/>\n<meta property=\"og:site_name\" content=\"Transparency Centre\" \/>\n<meta property=\"article:modified_time\" content=\"2023-03-27T18:35:06+00:00\" \/>\n<meta name=\"twitter:card\" content=\"summary_large_image\" \/>\n<script type=\"application\/ld+json\" class=\"yoast-schema-graph\">{\"@context\":\"https:\/\/schema.org\",\"@graph\":[{\"@type\":\"WebPage\",\"@id\":\"https:\/\/test2.disinfocode.eu\/es\/politica-de-privacidad\/\",\"url\":\"https:\/\/test2.disinfocode.eu\/es\/politica-de-privacidad\/\",\"name\":\"Privacidad - Transparency Centre\",\"isPartOf\":{\"@id\":\"https:\/\/disinfocode.eu\/#website\"},\"datePublished\":\"2022-12-30T09:42:38+00:00\",\"dateModified\":\"2023-03-27T18:35:06+00:00\",\"inLanguage\":\"es\",\"potentialAction\":[{\"@type\":\"ReadAction\",\"target\":[\"https:\/\/test2.disinfocode.eu\/es\/politica-de-privacidad\/\"]}]},{\"@type\":\"WebSite\",\"@id\":\"https:\/\/disinfocode.eu\/#website\",\"url\":\"https:\/\/disinfocode.eu\/\",\"name\":\"Transparency Centre\",\"description\":\"Discover the Code of Practice on Disinformation\",\"potentialAction\":[{\"@type\":\"SearchAction\",\"target\":{\"@type\":\"EntryPoint\",\"urlTemplate\":\"https:\/\/disinfocode.eu\/?s={search_term_string}\"},\"query-input\":{\"@type\":\"PropertyValueSpecification\",\"valueRequired\":true,\"valueName\":\"search_term_string\"}}],\"inLanguage\":\"es\"}]}<\/script>\n<!-- \/ Yoast SEO plugin. -->","yoast_head_json":{"title":"Privacidad - Transparency Centre","robots":{"index":"index","follow":"follow","max-snippet":"max-snippet:-1","max-image-preview":"max-image-preview:large","max-video-preview":"max-video-preview:-1"},"canonical":"https:\/\/test2.disinfocode.eu\/es\/politica-de-privacidad\/","og_locale":"es_ES","og_type":"article","og_title":"Privacidad - Transparency Centre","og_url":"https:\/\/test2.disinfocode.eu\/es\/politica-de-privacidad\/","og_site_name":"Transparency Centre","article_modified_time":"2023-03-27T18:35:06+00:00","twitter_card":"summary_large_image","schema":{"@context":"https:\/\/schema.org","@graph":[{"@type":"WebPage","@id":"https:\/\/test2.disinfocode.eu\/es\/politica-de-privacidad\/","url":"https:\/\/test2.disinfocode.eu\/es\/politica-de-privacidad\/","name":"Privacidad - Transparency Centre","isPartOf":{"@id":"https:\/\/disinfocode.eu\/#website"},"datePublished":"2022-12-30T09:42:38+00:00","dateModified":"2023-03-27T18:35:06+00:00","inLanguage":"es","potentialAction":[{"@type":"ReadAction","target":["https:\/\/test2.disinfocode.eu\/es\/politica-de-privacidad\/"]}]},{"@type":"WebSite","@id":"https:\/\/disinfocode.eu\/#website","url":"https:\/\/disinfocode.eu\/","name":"Transparency Centre","description":"Discover the Code of Practice on Disinformation","potentialAction":[{"@type":"SearchAction","target":{"@type":"EntryPoint","urlTemplate":"https:\/\/disinfocode.eu\/?s={search_term_string}"},"query-input":{"@type":"PropertyValueSpecification","valueRequired":true,"valueName":"search_term_string"}}],"inLanguage":"es"}]}},"_links":{"self":[{"href":"https:\/\/test2.disinfocode.eu\/es\/wp-json\/wp\/v2\/pages\/2670","targetHints":{"allow":["GET"]}}],"collection":[{"href":"https:\/\/test2.disinfocode.eu\/es\/wp-json\/wp\/v2\/pages"}],"about":[{"href":"https:\/\/test2.disinfocode.eu\/es\/wp-json\/wp\/v2\/types\/page"}],"author":[{"embeddable":true,"href":"https:\/\/test2.disinfocode.eu\/es\/wp-json\/wp\/v2\/users\/62"}],"replies":[{"embeddable":true,"href":"https:\/\/test2.disinfocode.eu\/es\/wp-json\/wp\/v2\/comments?post=2670"}],"version-history":[{"count":0,"href":"https:\/\/test2.disinfocode.eu\/es\/wp-json\/wp\/v2\/pages\/2670\/revisions"}],"wp:attachment":[{"href":"https:\/\/test2.disinfocode.eu\/es\/wp-json\/wp\/v2\/media?parent=2670"}],"curies":[{"name":"wp","href":"https:\/\/api.w.org\/{rel}","templated":true}]}}