{"id":2647,"date":"2023-01-20T11:04:00","date_gmt":"2023-01-20T09:04:00","guid":{"rendered":"https:\/\/wp-dev.space\/zn\/transparency-center\/master\/declaracion-de-accesibilidad\/"},"modified":"2023-02-20T12:58:15","modified_gmt":"2023-02-20T12:58:15","slug":"declaracion-de-accesibilidad","status":"publish","type":"page","link":"https:\/\/test2.disinfocode.eu\/es\/declaracion-de-accesibilidad\/","title":{"rendered":"Declaraci\u00f3n de accesibilidad"},"content":{"rendered":"\n<p><\/p>\n<section class=\"title-block title-block-m gutenberg-block  indigo-800\" >\n  <div class=\"sk-container sk-container--fl\">\n\n    <div class=\"title-block-content sk-container\">\n\n      \n            <h1 class=\"title-block-title\">Declaraci\u00f3n de accesibilidad<\/h1>\n    <\/div>\n\n  <\/div>\n<\/section>\n<section data-aos=\"fade-up\" data-aos-duration=\"1500\" class=\"text-block text-block-m gutenberg-block \" >\n  <div class=\"sk-container sk-container--fl\">\n\n    <div class=\"text-block-content sk-container\">\n\n              <div class=\"text-block-text\"><p>El Centro de Transparencia se compromete a garantizar la accesibilidad digital de las personas con discapacidad. Mejoramos continuamente la experiencia de usuario para todos y aplicamos las normas de accesibilidad pertinentes.<\/p>\n<h2>Medidas de apoyo a la accesibilidad<\/h2>\n<p>El Centro de Transparencia adopta las siguientes medidas para garantizar la accesibilidad de https:\/\/test2.disinfocode.eu\/:<\/p>\n<ul>\n<li>Las im\u00e1genes tienen un texto alternativo significativo<\/li>\n<li>Los enlaces son visualmente identificables<\/li>\n<li>Utilizar t\u00edtulos de secci\u00f3n descriptivos<\/li>\n<li>Uso correcto de la estructura sem\u00e1ntica de los elementos HTML<\/li>\n<li>Los formularios tienen etiquetas descriptivas<\/li>\n<li>La informaci\u00f3n no depende del color, el sonido, la forma, el tama\u00f1o o la ubicaci\u00f3n visual<\/li>\n<li>El texto y el color de fondo tienen suficiente contraste<\/li>\n<li>El contenido se escala correctamente al ampliarlo\/ampliarlo.<\/li>\n<li>Utilizar una etiqueta de t\u00edtulo descriptiva<\/li>\n<li>Navegaci\u00f3n mediante teclado<\/li>\n<li>Estados de enfoque visibles para los usuarios de teclado<\/li>\n<li>Tipos de entrada HTML5 correctos<\/li>\n<li>El sitio no se cierra inesperadamente<\/li>\n<li>Los multimedia tienen formas alternativas de consumirse<\/li>\n<li>Uso del atributo HTML &#8216;lang<\/li>\n<li>Utilizar etiquetas de entradas comprensibles<\/li>\n<li>Los formularios tienen mensajes de error y verificaci\u00f3n \u00fatiles y accesibles<\/li>\n<li>Los enlaces son descriptivos y proporcionan la intenci\u00f3n<\/li>\n<li>Las p\u00e1ginas son comprensibles sin estilos activados<\/li>\n<li>HTML correcto y sin errores<\/li>\n<li>Las descargas de archivos CSV y JSON son conjuntos de datos en bruto<\/li>\n<\/ul>\n<h2>Estado de conformidad<\/h2>\n<p>Las Pautas de Accesibilidad al Contenido en la Web (WCAG) definen los requisitos para que dise\u00f1adores y desarrolladores mejoren la accesibilidad de las personas con discapacidad. Define tres niveles de conformidad: Nivel A, Nivel AA y Nivel AAA. El Centro de Transparencia es parcialmente conforme con el nivel AA de las WCAG 2.1. Parcialmente conforme significa que algunas partes del contenido no se ajustan plenamente a la norma de accesibilidad.<\/p>\n<h3>Consideraciones adicionales sobre accesibilidad<\/h3>\n<p class=\"basic-information conformance-additions\">Aunque nuestro objetivo es la conformidad con el nivel AA de las WCAG 2.1, tambi\u00e9n hemos aplicado algunos criterios de \u00e9xito de nivel AAA:<\/p>\n<ul>\n<li>No utilizamos im\u00e1genes de texto.<\/li>\n<li>Todas las funciones son accesibles por teclado, sin excepciones.<\/li>\n<li>No hay l\u00edmites de tiempo en el sitio web.<\/li>\n<li>Ning\u00fan contenido parpadea m\u00e1s de tres veces por segundo.<\/li>\n<li>Informamos a los usuarios del lugar del sitio en el que se encuentran.<\/li>\n<li>El prop\u00f3sito de cada enlace queda claro en su texto.<\/li>\n<li>Contenido organizado con encabezamientos.<\/li>\n<\/ul>\n<h2>Especificaciones t\u00e9cnicas<\/h2>\n<p>La accesibilidad del Centro de Transparencia depende de las siguientes tecnolog\u00edas para funcionar con la combinaci\u00f3n concreta de navegador web y cualquier tecnolog\u00eda de asistencia o complemento instalado en su ordenador:<\/p>\n<ul class=\"technical-information technologies-used\">\n<li>HTML<\/li>\n<li>WAI-ARIA<\/li>\n<li>CSS<\/li>\n<li>JavaScript<\/li>\n<li>PHP<\/li>\n<\/ul>\n<p>Estas tecnolog\u00edas se basan en la conformidad con las normas de accesibilidad utilizadas.<\/p>\n<h2>Limitaciones y alternativas<\/h2>\n<p>A pesar de nuestros esfuerzos por garantizar la accesibilidad del Centro de Transparencia, puede haber algunas limitaciones. A continuaci\u00f3n se describen las limitaciones conocidas y las posibles soluciones. P\u00f3ngase en contacto con nosotros si observa alg\u00fan problema que no figure en la siguiente lista.<\/p>\n<p>Limitaciones conocidas del Centro de Transparencia:<\/p>\n<ol class=\"technical-information accessibility-limitations\">\n<li>Es posible que los archivos PDF generados autom\u00e1ticamente a partir de informes no sean totalmente conformes.<\/li>\n<li>Es posible que los archivos PDF cargados por los firmantes no sean totalmente conformes.<\/li>\n<\/ol>\n<h2>Comentarios<\/h2>\n<p>Agradecemos sus comentarios sobre la accesibilidad del Centro de Transparencia. Por favor, inf\u00f3rmenos si encuentra barreras de accesibilidad en el Centro de Transparencia:<\/p>\n<p>Correo electr\u00f3nico: contact@disinfocode.vost.pt<\/p>\n<\/div>\n      \n          <\/div>\n\n  <\/div>\n<\/section>\n\n<p><\/p>\n","protected":false},"excerpt":{"rendered":"","protected":false},"author":93,"featured_media":0,"parent":0,"menu_order":0,"comment_status":"closed","ping_status":"closed","template":"","meta":{"_acf_changed":false,"footnotes":""},"class_list":["post-2647","page","type-page","status-publish","hentry"],"acf":[],"yoast_head":"<!-- This site is optimized with the Yoast SEO plugin v24.5 - https:\/\/yoast.com\/wordpress\/plugins\/seo\/ -->\n<title>Declaraci\u00f3n de accesibilidad - Transparency Centre<\/title>\n<meta name=\"robots\" content=\"index, follow, max-snippet:-1, max-image-preview:large, max-video-preview:-1\" \/>\n<link rel=\"canonical\" href=\"https:\/\/test2.disinfocode.eu\/es\/declaracion-de-accesibilidad\/\" \/>\n<meta property=\"og:locale\" content=\"es_ES\" \/>\n<meta property=\"og:type\" content=\"article\" \/>\n<meta property=\"og:title\" content=\"Declaraci\u00f3n de accesibilidad - Transparency Centre\" \/>\n<meta property=\"og:url\" content=\"https:\/\/test2.disinfocode.eu\/es\/declaracion-de-accesibilidad\/\" \/>\n<meta property=\"og:site_name\" content=\"Transparency Centre\" \/>\n<meta property=\"article:modified_time\" content=\"2023-02-20T12:58:15+00:00\" \/>\n<meta name=\"twitter:card\" content=\"summary_large_image\" \/>\n<script type=\"application\/ld+json\" class=\"yoast-schema-graph\">{\"@context\":\"https:\/\/schema.org\",\"@graph\":[{\"@type\":\"WebPage\",\"@id\":\"https:\/\/test2.disinfocode.eu\/es\/declaracion-de-accesibilidad\/\",\"url\":\"https:\/\/test2.disinfocode.eu\/es\/declaracion-de-accesibilidad\/\",\"name\":\"Declaraci\u00f3n de accesibilidad - Transparency Centre\",\"isPartOf\":{\"@id\":\"https:\/\/disinfocode.eu\/#website\"},\"datePublished\":\"2023-01-20T09:04:00+00:00\",\"dateModified\":\"2023-02-20T12:58:15+00:00\",\"inLanguage\":\"es\",\"potentialAction\":[{\"@type\":\"ReadAction\",\"target\":[\"https:\/\/test2.disinfocode.eu\/es\/declaracion-de-accesibilidad\/\"]}]},{\"@type\":\"WebSite\",\"@id\":\"https:\/\/disinfocode.eu\/#website\",\"url\":\"https:\/\/disinfocode.eu\/\",\"name\":\"Transparency Centre\",\"description\":\"Discover the Code of Practice on Disinformation\",\"potentialAction\":[{\"@type\":\"SearchAction\",\"target\":{\"@type\":\"EntryPoint\",\"urlTemplate\":\"https:\/\/disinfocode.eu\/?s={search_term_string}\"},\"query-input\":{\"@type\":\"PropertyValueSpecification\",\"valueRequired\":true,\"valueName\":\"search_term_string\"}}],\"inLanguage\":\"es\"}]}<\/script>\n<!-- \/ Yoast SEO plugin. -->","yoast_head_json":{"title":"Declaraci\u00f3n de accesibilidad - Transparency Centre","robots":{"index":"index","follow":"follow","max-snippet":"max-snippet:-1","max-image-preview":"max-image-preview:large","max-video-preview":"max-video-preview:-1"},"canonical":"https:\/\/test2.disinfocode.eu\/es\/declaracion-de-accesibilidad\/","og_locale":"es_ES","og_type":"article","og_title":"Declaraci\u00f3n de accesibilidad - Transparency Centre","og_url":"https:\/\/test2.disinfocode.eu\/es\/declaracion-de-accesibilidad\/","og_site_name":"Transparency Centre","article_modified_time":"2023-02-20T12:58:15+00:00","twitter_card":"summary_large_image","schema":{"@context":"https:\/\/schema.org","@graph":[{"@type":"WebPage","@id":"https:\/\/test2.disinfocode.eu\/es\/declaracion-de-accesibilidad\/","url":"https:\/\/test2.disinfocode.eu\/es\/declaracion-de-accesibilidad\/","name":"Declaraci\u00f3n de accesibilidad - Transparency Centre","isPartOf":{"@id":"https:\/\/disinfocode.eu\/#website"},"datePublished":"2023-01-20T09:04:00+00:00","dateModified":"2023-02-20T12:58:15+00:00","inLanguage":"es","potentialAction":[{"@type":"ReadAction","target":["https:\/\/test2.disinfocode.eu\/es\/declaracion-de-accesibilidad\/"]}]},{"@type":"WebSite","@id":"https:\/\/disinfocode.eu\/#website","url":"https:\/\/disinfocode.eu\/","name":"Transparency Centre","description":"Discover the Code of Practice on Disinformation","potentialAction":[{"@type":"SearchAction","target":{"@type":"EntryPoint","urlTemplate":"https:\/\/disinfocode.eu\/?s={search_term_string}"},"query-input":{"@type":"PropertyValueSpecification","valueRequired":true,"valueName":"search_term_string"}}],"inLanguage":"es"}]}},"_links":{"self":[{"href":"https:\/\/test2.disinfocode.eu\/es\/wp-json\/wp\/v2\/pages\/2647","targetHints":{"allow":["GET"]}}],"collection":[{"href":"https:\/\/test2.disinfocode.eu\/es\/wp-json\/wp\/v2\/pages"}],"about":[{"href":"https:\/\/test2.disinfocode.eu\/es\/wp-json\/wp\/v2\/types\/page"}],"author":[{"embeddable":true,"href":"https:\/\/test2.disinfocode.eu\/es\/wp-json\/wp\/v2\/users\/93"}],"replies":[{"embeddable":true,"href":"https:\/\/test2.disinfocode.eu\/es\/wp-json\/wp\/v2\/comments?post=2647"}],"version-history":[{"count":2,"href":"https:\/\/test2.disinfocode.eu\/es\/wp-json\/wp\/v2\/pages\/2647\/revisions"}],"predecessor-version":[{"id":2743,"href":"https:\/\/test2.disinfocode.eu\/es\/wp-json\/wp\/v2\/pages\/2647\/revisions\/2743"}],"wp:attachment":[{"href":"https:\/\/test2.disinfocode.eu\/es\/wp-json\/wp\/v2\/media?parent=2647"}],"curies":[{"name":"wp","href":"https:\/\/api.w.org\/{rel}","templated":true}]}}