{"id":2620,"date":"2023-01-20T11:04:00","date_gmt":"2023-01-20T09:04:00","guid":{"rendered":"https:\/\/wp-dev.space\/zn\/transparency-center\/master\/zuganglichkeitserklarung\/"},"modified":"2023-02-20T12:58:30","modified_gmt":"2023-02-20T12:58:30","slug":"zugaenglichkeitserklaerung","status":"publish","type":"page","link":"https:\/\/test2.disinfocode.eu\/de\/zugaenglichkeitserklaerung\/","title":{"rendered":"Zug\u00e4nglichkeitserkl\u00e4rung"},"content":{"rendered":"\n<p><\/p>\n<section class=\"title-block title-block-m gutenberg-block  indigo-800\" >\n  <div class=\"sk-container sk-container--fl\">\n\n    <div class=\"title-block-content sk-container\">\n\n      \n            <h1 class=\"title-block-title\">Zug\u00e4nglichkeitserkl\u00e4rung<\/h1>\n    <\/div>\n\n  <\/div>\n<\/section>\n<section data-aos=\"fade-up\" data-aos-duration=\"1500\" class=\"text-block text-block-m gutenberg-block \" >\n  <div class=\"sk-container sk-container--fl\">\n\n    <div class=\"text-block-content sk-container\">\n\n              <div class=\"text-block-text\"><p>Das Transparenzzentrum setzt sich f\u00fcr die digitale Zug\u00e4nglichkeit f\u00fcr Menschen mit Behinderungen ein. Wir arbeiten st\u00e4ndig an der Verbesserung der Benutzerfreundlichkeit f\u00fcr alle und an der Anwendung der einschl\u00e4gigen Normen f\u00fcr die Barrierefreiheit.<\/p>\n<h2>Ma\u00dfnahmen zur F\u00f6rderung der Barrierefreiheit<\/h2>\n<p>Die Transparenzstelle ergreift die folgenden Ma\u00dfnahmen, um die Zug\u00e4nglichkeit von https:\/\/test2.disinfocode.eu\/ zu gew\u00e4hrleisten:<\/p>\n<ul>\n<li>Bilder haben einen aussagekr\u00e4ftigen Alt-Text<\/li>\n<li>Links sind visuell identifizierbar<\/li>\n<li>Beschreibende Abschnitts\u00fcberschriften verwenden<\/li>\n<li>Verwendung der korrekten semantischen HTML-Elementstruktur<\/li>\n<li>Formulare haben beschreibende Etiketten<\/li>\n<li>Informationen h\u00e4ngen nicht von Farbe, Klang, Form, Gr\u00f6\u00dfe oder visuellem Standort ab.<\/li>\n<li>Text und Hintergrundfarbe haben einen ausreichenden Kontrast<\/li>\n<li>Inhalt wird beim Zoomen\/Vergr\u00f6\u00dfern richtig skaliert<\/li>\n<li>Verwendung eines beschreibenden Titel-Tags<\/li>\n<li>Unterst\u00fctzung der Tastaturnavigation<\/li>\n<li>Fokuszust\u00e4nde f\u00fcr Tastaturbenutzer sichtbar<\/li>\n<li>Korrekte HTML5-Eingabetypen<\/li>\n<li>Die Website wird nicht unerwartet unterbrochen<\/li>\n<li>Multimedia kann auf andere Weise konsumiert werden<\/li>\n<li>Verwendung des HTML-Attributs &#8218;lang&#8216;<\/li>\n<li>Verst\u00e4ndliche Beschriftungen der Eing\u00e4nge verwenden<\/li>\n<li>Formulare haben hilfreiche und verst\u00e4ndliche Fehler- und \u00dcberpr\u00fcfungsmeldungen<\/li>\n<li>Die Links sind beschreibend und vermitteln die Absicht<\/li>\n<li>Seiten sind verst\u00e4ndlich, wenn keine Stile aktiviert sind<\/li>\n<li>HTML ist korrekt und fehlerfrei<\/li>\n<li>CSV-Datei-Downloads und JSON-Datei-Downloads sind Rohdatens\u00e4tze<\/li>\n<\/ul>\n<h2>Status der Konformit\u00e4t<\/h2>\n<p>Die Web Content Accessibility Guidelines (WCAG) definieren Anforderungen an Designer und Entwickler, um die Zug\u00e4nglichkeit f\u00fcr Menschen mit Behinderungen zu verbessern. Sie definiert drei Konformit\u00e4tsstufen: Stufe A, Stufe AA und Stufe AAA. Das Transparenzzentrum ist teilweise konform mit WCAG 2.1 Stufe AA. Teilweise konform bedeutet, dass einige Teile des Inhalts nicht vollst\u00e4ndig mit dem Standard f\u00fcr Barrierefreiheit \u00fcbereinstimmen.<\/p>\n<h3>Zus\u00e4tzliche \u00dcberlegungen zur Zug\u00e4nglichkeit<\/h3>\n<p class=\"basic-information conformance-additions\">Obwohl unser Ziel die Konformit\u00e4t mit WCAG 2.1 Stufe AA ist, haben wir auch einige Erfolgskriterien der Stufe AAA angewendet:<\/p>\n<ul>\n<li>Wir verwenden keine Bilder von Text.<\/li>\n<li>Alle Funktionen sind ausnahmslos \u00fcber die Tastatur zug\u00e4nglich.<\/li>\n<li>Keine zeitlichen Beschr\u00e4nkungen auf der Website.<\/li>\n<li>Kein Inhalt blinkt mehr als drei Mal pro Sekunde.<\/li>\n<li>Wir informieren die Nutzer dar\u00fcber, wo sie sich gerade auf der Website befinden.<\/li>\n<li>Der Zweck eines jeden Links geht aus seinem Text hervor.<\/li>\n<li>Organisierte Inhalte mit \u00dcberschriften.<\/li>\n<\/ul>\n<h2>Technische Daten<\/h2>\n<p>Die Zug\u00e4nglichkeit des Transparenzzentrums h\u00e4ngt von den folgenden Technologien ab, die mit der jeweiligen Kombination aus Webbrowser und eventuell auf Ihrem Computer installierten Hilfstechnologien oder Plugins funktionieren:<\/p>\n<ul class=\"technical-information technologies-used\">\n<li>HTML<\/li>\n<li>WAI-ARIA<\/li>\n<li>CSS<\/li>\n<li>JavaScript<\/li>\n<li>PHP<\/li>\n<\/ul>\n<p>Diese Technologien werden f\u00fcr die \u00dcbereinstimmung mit den verwendeten Zug\u00e4nglichkeitsstandards herangezogen.<\/p>\n<h2>Beschr\u00e4nkungen und Alternativen<\/h2>\n<p>Trotz unserer Bem\u00fchungen, die Zug\u00e4nglichkeit des Transparenzzentrums zu gew\u00e4hrleisten, kann es zu einigen Einschr\u00e4nkungen kommen. Im Folgenden werden die bekannten Einschr\u00e4nkungen und m\u00f6gliche L\u00f6sungen beschrieben. Bitte kontaktieren Sie uns, wenn Sie ein Problem beobachten, das hier nicht aufgef\u00fchrt ist.<\/p>\n<p>Bekannte Einschr\u00e4nkungen f\u00fcr Transparency Centre:<\/p>\n<ol class=\"technical-information accessibility-limitations\">\n<li>Automatisch erstellte PDF-Dateien aus Berichten sind m\u00f6glicherweise nicht vollst\u00e4ndig konform<\/li>\n<li>Die von den Unterzeichnern hochgeladenen PDF-Dateien sind m\u00f6glicherweise nicht vollst\u00e4ndig konform.<\/li>\n<\/ol>\n<h2>R\u00fcckmeldung<\/h2>\n<p>Wir freuen uns \u00fcber Ihr Feedback zur Zug\u00e4nglichkeit des Transparenzzentrums. Bitte teilen Sie uns mit, wenn Sie bei Transparency Centre auf Barrieren sto\u00dfen:<\/p>\n<p>E-Mail: contact@disinfocode.vost.pt<\/p>\n<\/div>\n      \n          <\/div>\n\n  <\/div>\n<\/section>\n\n<p><\/p>\n","protected":false},"excerpt":{"rendered":"","protected":false},"author":93,"featured_media":0,"parent":0,"menu_order":0,"comment_status":"closed","ping_status":"closed","template":"","meta":{"_acf_changed":false,"footnotes":""},"class_list":["post-2620","page","type-page","status-publish","hentry"],"acf":[],"yoast_head":"<!-- This site is optimized with the Yoast SEO plugin v24.5 - https:\/\/yoast.com\/wordpress\/plugins\/seo\/ -->\n<title>Zug\u00e4nglichkeitserkl\u00e4rung - Transparency Centre<\/title>\n<meta name=\"robots\" content=\"index, follow, max-snippet:-1, max-image-preview:large, max-video-preview:-1\" \/>\n<link rel=\"canonical\" href=\"https:\/\/test2.disinfocode.eu\/de\/zugaenglichkeitserklaerung\/\" \/>\n<meta property=\"og:locale\" content=\"de_DE\" \/>\n<meta property=\"og:type\" content=\"article\" \/>\n<meta property=\"og:title\" content=\"Zug\u00e4nglichkeitserkl\u00e4rung - Transparency Centre\" \/>\n<meta property=\"og:url\" content=\"https:\/\/test2.disinfocode.eu\/de\/zugaenglichkeitserklaerung\/\" \/>\n<meta property=\"og:site_name\" content=\"Transparency Centre\" \/>\n<meta property=\"article:modified_time\" content=\"2023-02-20T12:58:30+00:00\" \/>\n<meta name=\"twitter:card\" content=\"summary_large_image\" \/>\n<script type=\"application\/ld+json\" class=\"yoast-schema-graph\">{\"@context\":\"https:\/\/schema.org\",\"@graph\":[{\"@type\":\"WebPage\",\"@id\":\"https:\/\/test2.disinfocode.eu\/de\/zugaenglichkeitserklaerung\/\",\"url\":\"https:\/\/test2.disinfocode.eu\/de\/zugaenglichkeitserklaerung\/\",\"name\":\"Zug\u00e4nglichkeitserkl\u00e4rung - Transparency Centre\",\"isPartOf\":{\"@id\":\"https:\/\/disinfocode.eu\/#website\"},\"datePublished\":\"2023-01-20T09:04:00+00:00\",\"dateModified\":\"2023-02-20T12:58:30+00:00\",\"inLanguage\":\"de\",\"potentialAction\":[{\"@type\":\"ReadAction\",\"target\":[\"https:\/\/test2.disinfocode.eu\/de\/zugaenglichkeitserklaerung\/\"]}]},{\"@type\":\"WebSite\",\"@id\":\"https:\/\/disinfocode.eu\/#website\",\"url\":\"https:\/\/disinfocode.eu\/\",\"name\":\"Transparency Centre\",\"description\":\"Discover the Code of Practice on Disinformation\",\"potentialAction\":[{\"@type\":\"SearchAction\",\"target\":{\"@type\":\"EntryPoint\",\"urlTemplate\":\"https:\/\/disinfocode.eu\/?s={search_term_string}\"},\"query-input\":{\"@type\":\"PropertyValueSpecification\",\"valueRequired\":true,\"valueName\":\"search_term_string\"}}],\"inLanguage\":\"de\"}]}<\/script>\n<!-- \/ Yoast SEO plugin. -->","yoast_head_json":{"title":"Zug\u00e4nglichkeitserkl\u00e4rung - Transparency Centre","robots":{"index":"index","follow":"follow","max-snippet":"max-snippet:-1","max-image-preview":"max-image-preview:large","max-video-preview":"max-video-preview:-1"},"canonical":"https:\/\/test2.disinfocode.eu\/de\/zugaenglichkeitserklaerung\/","og_locale":"de_DE","og_type":"article","og_title":"Zug\u00e4nglichkeitserkl\u00e4rung - Transparency Centre","og_url":"https:\/\/test2.disinfocode.eu\/de\/zugaenglichkeitserklaerung\/","og_site_name":"Transparency Centre","article_modified_time":"2023-02-20T12:58:30+00:00","twitter_card":"summary_large_image","schema":{"@context":"https:\/\/schema.org","@graph":[{"@type":"WebPage","@id":"https:\/\/test2.disinfocode.eu\/de\/zugaenglichkeitserklaerung\/","url":"https:\/\/test2.disinfocode.eu\/de\/zugaenglichkeitserklaerung\/","name":"Zug\u00e4nglichkeitserkl\u00e4rung - Transparency Centre","isPartOf":{"@id":"https:\/\/disinfocode.eu\/#website"},"datePublished":"2023-01-20T09:04:00+00:00","dateModified":"2023-02-20T12:58:30+00:00","inLanguage":"de","potentialAction":[{"@type":"ReadAction","target":["https:\/\/test2.disinfocode.eu\/de\/zugaenglichkeitserklaerung\/"]}]},{"@type":"WebSite","@id":"https:\/\/disinfocode.eu\/#website","url":"https:\/\/disinfocode.eu\/","name":"Transparency Centre","description":"Discover the Code of Practice on Disinformation","potentialAction":[{"@type":"SearchAction","target":{"@type":"EntryPoint","urlTemplate":"https:\/\/disinfocode.eu\/?s={search_term_string}"},"query-input":{"@type":"PropertyValueSpecification","valueRequired":true,"valueName":"search_term_string"}}],"inLanguage":"de"}]}},"_links":{"self":[{"href":"https:\/\/test2.disinfocode.eu\/de\/wp-json\/wp\/v2\/pages\/2620","targetHints":{"allow":["GET"]}}],"collection":[{"href":"https:\/\/test2.disinfocode.eu\/de\/wp-json\/wp\/v2\/pages"}],"about":[{"href":"https:\/\/test2.disinfocode.eu\/de\/wp-json\/wp\/v2\/types\/page"}],"author":[{"embeddable":true,"href":"https:\/\/test2.disinfocode.eu\/de\/wp-json\/wp\/v2\/users\/93"}],"replies":[{"embeddable":true,"href":"https:\/\/test2.disinfocode.eu\/de\/wp-json\/wp\/v2\/comments?post=2620"}],"version-history":[{"count":0,"href":"https:\/\/test2.disinfocode.eu\/de\/wp-json\/wp\/v2\/pages\/2620\/revisions"}],"wp:attachment":[{"href":"https:\/\/test2.disinfocode.eu\/de\/wp-json\/wp\/v2\/media?parent=2620"}],"curies":[{"name":"wp","href":"https:\/\/api.w.org\/{rel}","templated":true}]}}