{"id":2523,"date":"2023-01-25T11:41:28","date_gmt":"2023-01-25T10:41:28","guid":{"rendered":"https:\/\/wp-dev.space\/zn\/transparency-center\/master\/strukturelle-indikatoren\/"},"modified":"2023-02-20T01:25:45","modified_gmt":"2023-02-20T01:25:45","slug":"strukturelle-indikatoren","status":"publish","type":"page","link":"https:\/\/test2.disinfocode.eu\/de\/strukturelle-indikatoren\/","title":{"rendered":"Strukturelle Indikatoren"},"content":{"rendered":"<section class=\"title-block title-block-m gutenberg-block  indigo-800\" >\n  <div class=\"sk-container sk-container--fl\">\n\n    <div class=\"title-block-content sk-container\">\n\n      \n            <h1 class=\"title-block-title\">Strukturelle Indikatoren<\/h1>\n    <\/div>\n\n  <\/div>\n<\/section>\n\n\n<section data-aos=\"fade-up\" data-aos-duration=\"1500\" class=\"text-block text-block-m gutenberg-block \" >\n  <div class=\"sk-container sk-container--fl\">\n\n    <div class=\"text-block-content sk-container\">\n\n              <div class=\"text-block-text\"><p style=\"text-align: center;\">Gem\u00e4\u00df Verpflichtung 41 des Kodex verpflichten sich die Unterzeichner, im Rahmen der Taskforce an der Entwicklung von Strukturindikatoren zu arbeiten, mit denen die Wirksamkeit des Kodex bei der Eind\u00e4mmung der Verbreitung von Online-Desinformation f\u00fcr jeden der betreffenden Unterzeichner und f\u00fcr das gesamte Online-\u00d6kosystem in der EU und auf Ebene der Mitgliedstaaten bewertet werden soll. Die Unterzeichner werden in dieser Hinsicht mit den einschl\u00e4gigen Akteuren, einschlie\u00dflich ERGA und EDMO, zusammenarbeiten.<\/p>\n<p style=\"text-align: center;\">Zu diesem Zweck haben die Unterzeichner im Juni 2022 im Anschluss an die Vorlage des versch\u00e4rften Kodex eine Arbeitsgruppe eingerichtet. Die Arbeitsgruppe wird der Taskforce alle drei Jahre \u00fcber ihre Fortschritte berichten und sich mit Experten, einschlie\u00dflich EDMO und ERGA, beraten.<\/p>\n<p style=\"text-align: center;\">Die Arbeitsgruppe wird ihre Messungen f\u00fcr die Strukturindikatoren in \u00dcbereinstimmung mit dem ersten vollst\u00e4ndigen Bericht der Unterzeichner sowie ihre vollst\u00e4ndige Methodik ver\u00f6ffentlichen, wobei sie davon ausgeht, dass diese im Laufe der Zeit noch verfeinert werden m\u00fcssen.<\/p>\n<\/div>\n      \n          <\/div>\n\n  <\/div>\n<\/section>\n","protected":false},"excerpt":{"rendered":"","protected":false},"author":93,"featured_media":0,"parent":0,"menu_order":0,"comment_status":"closed","ping_status":"closed","template":"","meta":{"_acf_changed":false,"footnotes":""},"class_list":["post-2523","page","type-page","status-publish","hentry"],"acf":[],"yoast_head":"<!-- This site is optimized with the Yoast SEO plugin v24.5 - https:\/\/yoast.com\/wordpress\/plugins\/seo\/ -->\n<title>Strukturelle Indikatoren - Transparency Centre<\/title>\n<meta name=\"robots\" content=\"index, follow, max-snippet:-1, max-image-preview:large, max-video-preview:-1\" \/>\n<link rel=\"canonical\" href=\"https:\/\/test2.disinfocode.eu\/de\/strukturelle-indikatoren\/\" \/>\n<meta property=\"og:locale\" content=\"de_DE\" \/>\n<meta property=\"og:type\" content=\"article\" \/>\n<meta property=\"og:title\" content=\"Strukturelle Indikatoren - Transparency Centre\" \/>\n<meta property=\"og:url\" content=\"https:\/\/test2.disinfocode.eu\/de\/strukturelle-indikatoren\/\" \/>\n<meta property=\"og:site_name\" content=\"Transparency Centre\" \/>\n<meta property=\"article:modified_time\" content=\"2023-02-20T01:25:45+00:00\" \/>\n<meta name=\"twitter:card\" content=\"summary_large_image\" \/>\n<script type=\"application\/ld+json\" class=\"yoast-schema-graph\">{\"@context\":\"https:\/\/schema.org\",\"@graph\":[{\"@type\":\"WebPage\",\"@id\":\"https:\/\/test2.disinfocode.eu\/de\/strukturelle-indikatoren\/\",\"url\":\"https:\/\/test2.disinfocode.eu\/de\/strukturelle-indikatoren\/\",\"name\":\"Strukturelle Indikatoren - Transparency Centre\",\"isPartOf\":{\"@id\":\"https:\/\/disinfocode.eu\/#website\"},\"datePublished\":\"2023-01-25T10:41:28+00:00\",\"dateModified\":\"2023-02-20T01:25:45+00:00\",\"inLanguage\":\"de\",\"potentialAction\":[{\"@type\":\"ReadAction\",\"target\":[\"https:\/\/test2.disinfocode.eu\/de\/strukturelle-indikatoren\/\"]}]},{\"@type\":\"WebSite\",\"@id\":\"https:\/\/disinfocode.eu\/#website\",\"url\":\"https:\/\/disinfocode.eu\/\",\"name\":\"Transparency Centre\",\"description\":\"Discover the Code of Practice on Disinformation\",\"potentialAction\":[{\"@type\":\"SearchAction\",\"target\":{\"@type\":\"EntryPoint\",\"urlTemplate\":\"https:\/\/disinfocode.eu\/?s={search_term_string}\"},\"query-input\":{\"@type\":\"PropertyValueSpecification\",\"valueRequired\":true,\"valueName\":\"search_term_string\"}}],\"inLanguage\":\"de\"}]}<\/script>\n<!-- \/ Yoast SEO plugin. -->","yoast_head_json":{"title":"Strukturelle Indikatoren - Transparency Centre","robots":{"index":"index","follow":"follow","max-snippet":"max-snippet:-1","max-image-preview":"max-image-preview:large","max-video-preview":"max-video-preview:-1"},"canonical":"https:\/\/test2.disinfocode.eu\/de\/strukturelle-indikatoren\/","og_locale":"de_DE","og_type":"article","og_title":"Strukturelle Indikatoren - Transparency Centre","og_url":"https:\/\/test2.disinfocode.eu\/de\/strukturelle-indikatoren\/","og_site_name":"Transparency Centre","article_modified_time":"2023-02-20T01:25:45+00:00","twitter_card":"summary_large_image","schema":{"@context":"https:\/\/schema.org","@graph":[{"@type":"WebPage","@id":"https:\/\/test2.disinfocode.eu\/de\/strukturelle-indikatoren\/","url":"https:\/\/test2.disinfocode.eu\/de\/strukturelle-indikatoren\/","name":"Strukturelle Indikatoren - Transparency Centre","isPartOf":{"@id":"https:\/\/disinfocode.eu\/#website"},"datePublished":"2023-01-25T10:41:28+00:00","dateModified":"2023-02-20T01:25:45+00:00","inLanguage":"de","potentialAction":[{"@type":"ReadAction","target":["https:\/\/test2.disinfocode.eu\/de\/strukturelle-indikatoren\/"]}]},{"@type":"WebSite","@id":"https:\/\/disinfocode.eu\/#website","url":"https:\/\/disinfocode.eu\/","name":"Transparency Centre","description":"Discover the Code of Practice on Disinformation","potentialAction":[{"@type":"SearchAction","target":{"@type":"EntryPoint","urlTemplate":"https:\/\/disinfocode.eu\/?s={search_term_string}"},"query-input":{"@type":"PropertyValueSpecification","valueRequired":true,"valueName":"search_term_string"}}],"inLanguage":"de"}]}},"_links":{"self":[{"href":"https:\/\/test2.disinfocode.eu\/de\/wp-json\/wp\/v2\/pages\/2523","targetHints":{"allow":["GET"]}}],"collection":[{"href":"https:\/\/test2.disinfocode.eu\/de\/wp-json\/wp\/v2\/pages"}],"about":[{"href":"https:\/\/test2.disinfocode.eu\/de\/wp-json\/wp\/v2\/types\/page"}],"author":[{"embeddable":true,"href":"https:\/\/test2.disinfocode.eu\/de\/wp-json\/wp\/v2\/users\/93"}],"replies":[{"embeddable":true,"href":"https:\/\/test2.disinfocode.eu\/de\/wp-json\/wp\/v2\/comments?post=2523"}],"version-history":[{"count":2,"href":"https:\/\/test2.disinfocode.eu\/de\/wp-json\/wp\/v2\/pages\/2523\/revisions"}],"predecessor-version":[{"id":2557,"href":"https:\/\/test2.disinfocode.eu\/de\/wp-json\/wp\/v2\/pages\/2523\/revisions\/2557"}],"wp:attachment":[{"href":"https:\/\/test2.disinfocode.eu\/de\/wp-json\/wp\/v2\/media?parent=2523"}],"curies":[{"name":"wp","href":"https:\/\/api.w.org\/{rel}","templated":true}]}}