{"id":2652,"date":"2022-12-30T10:42:38","date_gmt":"2022-12-30T09:42:38","guid":{"rendered":"https:\/\/wp-dev.space\/zn\/transparency-center\/master\/privatlivets-fred\/"},"modified":"2023-03-27T18:24:37","modified_gmt":"2023-03-27T18:24:37","slug":"politik-for-beskyttelse-af-personlige-oplysninger","status":"publish","type":"page","link":"https:\/\/test2.disinfocode.eu\/da\/politik-for-beskyttelse-af-personlige-oplysninger\/","title":{"rendered":"Privatlivets fred"},"content":{"rendered":"<section class=\"title-block title-block-m gutenberg-block  indigo-800\" >\n  <div class=\"sk-container sk-container--fl\">\n\n    <div class=\"title-block-content sk-container\">\n\n      \n            <h1 class=\"title-block-title\">Privatlivets fred<\/h1>\n    <\/div>\n\n  <\/div>\n<\/section>\n<section data-aos=\"fade-up\" data-aos-duration=\"1500\" class=\"text-block text-block-m gutenberg-block \" >\n  <div class=\"sk-container sk-container--fl\">\n\n    <div class=\"text-block-content sk-container\">\n\n              <div class=\"text-block-text\"><p><strong>Ikrafttr\u00e6delsesdato: 9. februar 2023<\/strong><\/p>\n<p>Gennemsigtighedscentret (&#8220;os&#8221;, &#8220;vi&#8221;, &#8220;vores&#8221; eller &#8220;organisationen&#8221;) er forpligtet til at beskytte privatlivets fred for de personer, der bes\u00f8ger vores websteder. Vi forpligter os til kun at beskytte privatlivets fred for juridiske enheder, hvis det kan g\u00e6lde i henhold til g\u00e6ldende lovgivning. Denne erkl\u00e6ring om beskyttelse af personlige oplysninger har til form\u00e5l at informere om vores politikker vedr\u00f8rende indsamling, brug og videregivelse af personlige oplysninger, n\u00e5r du surfer p\u00e5 vores websteder, og de valg, du har i forbindelse med disse oplysninger.<\/p>\n<p>Ved at bruge vores websted accepterer du, at vi indsamler og bruger oplysninger i overensstemmelse med denne politik.<\/p>\n<p>Hvis du har sp\u00f8rgsm\u00e5l eller klager vedr\u00f8rende organisationens praksis for beskyttelse af personlige oplysninger, bedes du kontakte os via denne e-mail.<\/p>\n<p>Denne erkl\u00e6ring om beskyttelse af personlige oplysninger d\u00e6kker f\u00f8lgende websted: https:\/\/test2.disinfocode.eu\/<\/p>\n<h2>Hvad indsamler vi?<\/h2>\n<p>Vi indsamler f\u00f8lgende typer oplysninger til forskellige form\u00e5l (anf\u00f8rt nedenfor) for at kunne levere og forbedre vores service til dig:<\/p>\n<ul>\n<li>Personlige oplysninger<\/li>\n<li>Brugsdata<\/li>\n<li>Oplysninger om placering<\/li>\n<li>Sporing af cookies data<\/li>\n<\/ul>\n<h3>Personlige oplysninger<\/h3>\n<p>N\u00e5r du kontakter os for at f\u00e5 oplysninger om vores tjenester, n\u00e5r du tilmelder dig for at deltage i vores arrangementer, eller n\u00e5r du ans\u00f8ger om at arbejde for os, kr\u00e6ver Transparency Centre, at du oplyser personlige kontaktoplysninger, der kan bruges til at kontakte eller identificere dig. Personligt identificerbare oplysninger kan omfatte, men er ikke begr\u00e6nset til, f\u00f8lgende:<\/p>\n<ul>\n<li>Fornavn og efternavn<\/li>\n<li>E-mail-adresse<\/li>\n<\/ul>\n<h3>Brugsdata<\/h3>\n<p>Vi kan ogs\u00e5 indsamle oplysninger om, hvordan tjenesten tilg\u00e5s og bruges (&#8220;Brugsdata&#8221;). Disse brugsdata kan omfatte oplysninger s\u00e5som din computers internetprotokoladresse (f.eks. IP-adresse), browsertype, browserversion, de sider p\u00e5 vores websteder, som du bes\u00f8ger, tidspunkt og dato for dit bes\u00f8g, den tid, du bruger p\u00e5 disse sider, unikke enhedsidentifikatorer og andre diagnostiske data.<\/p>\n<h3>Oplysninger om placering<\/h3>\n<p>Vi kan bruge og gemme oplysninger om din placering, hvis du giver os tilladelse til det (&#8220;Placeringsdata&#8221;). Vi bruger disse data til at levere funktioner i vores service og til at forbedre og tilpasse den service, vi tilbyder.<\/p>\n<p>Du kan til enhver tid aktivere eller deaktivere lokaliseringstjenester, n\u00e5r du bruger vores websteder, via indstillingerne p\u00e5 din enhed.<\/p>\n<h3>Sporing af cookies data<\/h3>\n<p>Vi bruger cookies og lignende sporingsteknologier til at spore aktiviteten p\u00e5 vores websteder og opbevare visse oplysninger.<\/p>\n<p>Du kan finde flere oplysninger om cookies og eksempler p\u00e5 cookies, som vi bruger, p\u00e5 <a href=\"https:\/\/test2.disinfocode.eu\/da\/cookies\/\">siden Cookiepolitik<\/a>.<\/p>\n<h2>Hvordan bruger vi dine data?<\/h2>\n<p>Gennemsigtighedscentret anvender de indsamlede oplysninger til forskellige form\u00e5l, der beskrives n\u00e6rmere nedenfor.<\/p>\n<p>Transparency Centre bruger personoplysninger om vores (potentielle) underskrivere til at udf\u00f8re de \u00f8nskede tjenester. Hvis du f.eks. indsender en ans\u00f8gning for at informere os om din interesse i at blive undertegnede, vil vi bruge de oplysninger, du har givet os, til at sende dig meddelelser om yderligere skridt til at blive undertegnede og oplysninger om vores gruppe.<\/p>\n<h2>Opbevaring af data<\/h2>\n<p>Gennemsigtighedscentret opbevarer kun dine personlige oplysninger s\u00e5 l\u00e6nge som n\u00f8dvendigt til de form\u00e5l, der er beskrevet i denne privatlivspolitik. Vi opbevarer og bruger dine personoplysninger i det omfang, det er n\u00f8dvendigt for at overholde vores juridiske forpligtelser (f.eks. hvis vi er forpligtet til at opbevare dine data for at overholde g\u00e6ldende lovgivning), l\u00f8se tvister og h\u00e5ndh\u00e6ve vores juridiske aftaler og politikker.<\/p>\n<p>Transparency Centre opbevarer ogs\u00e5 brugsdata til interne analyseform\u00e5l. Brugsdata opbevares generelt i en kortere periode, undtagen n\u00e5r disse data bruges til at styrke sikkerheden eller forbedre funktionaliteten af vores tjeneste, eller n\u00e5r vi er juridisk forpligtet til at opbevare disse data i l\u00e6ngere perioder.<\/p>\n<h3>Overf\u00f8rsel af data<\/h3>\n<p>Dine oplysninger, herunder personoplysninger, kan blive overf\u00f8rt til &#8211; og opbevaret p\u00e5 &#8211; computere uden for din stat, provins, land eller anden statslig jurisdiktion, hvor databeskyttelseslovgivningen kan afvige fra lovgivningen i din jurisdiktion.<\/p>\n<p>Bem\u00e6rk venligst, at vi overf\u00f8rer data, herunder personoplysninger, til Belgien og behandler dem der. Vores webhosting-servere og datacentre er placeret i Belgien.<\/p>\n<p>Dit samtykke til denne politik om beskyttelse af personlige oplysninger efterfulgt af din indsendelse af s\u00e5danne oplysninger repr\u00e6senterer din accept af denne overf\u00f8rsel.<\/p>\n<p>Gennemsigtighedscentret vil tage alle rimeligt n\u00f8dvendige skridt for at sikre, at dine data behandles sikkert og i overensstemmelse med denne privatlivspolitik, og ingen overf\u00f8rsel af dine personlige data til en organisation eller et land vil finde sted, medmindre der er tilstr\u00e6kkelige kontroller p\u00e5 plads, herunder sikkerheden af dine data og andre personlige oplysninger.<\/p>\n<h3>Sikkerhed af data<\/h3>\n<p>Sikkerheden af dine data er vigtig for os, men husk, at ingen metode til overf\u00f8rsel via internettet eller elektronisk lagring er 100 % sikker. Selv om vi bestr\u00e6ber os p\u00e5 at bruge kommercielt acceptable midler til at beskytte dine personlige data, kan vi ikke garantere deres absolutte sikkerhed.<\/p>\n<p>Du accepterer og accepterer de risici, der er forbundet med brugen af internettet.<\/p>\n<h3>Dine rettigheder<\/h3>\n<p>Gennemsigtighedscentret bestr\u00e6ber sig p\u00e5 at tage rimelige skridt for at give dig mulighed for at rette, \u00e6ndre, slette eller begr\u00e6nse brugen af dine personoplysninger.<\/p>\n<p>Hvis du \u00f8nsker at f\u00e5 oplyst, hvilke personoplysninger vi har om dig, og hvis du \u00f8nsker at f\u00e5 dem fjernet fra vores systemer, bedes du kontakte os.<\/p>\n<p>Under visse omst\u00e6ndigheder har du ret til at:<\/p>\n<ul>\n<li>At f\u00e5 adgang til og modtage en kopi af de personlige oplysninger, vi har om dig<\/li>\n<li>At berigtige eventuelle personoplysninger om dig, der er un\u00f8jagtige<\/li>\n<li>At indgive en klage til en kompetent tilsynsmyndighed<\/li>\n<li>At anmode om sletning af personoplysninger om dig (&#8220;retten til at blive glemt&#8221;)<\/li>\n<\/ul>\n<p>Du kan have ret til dataportabilitet, hvis det er relevant for din situation i henhold til g\u00e6ldende lovgivning, for de oplysninger, du giver til Transparenscentret.Hvis vi har pligt til at overholde portabiliteten, kan du anmode om at f\u00e5 en kopi af dine personoplysninger i et almindeligt anvendt elektronisk format, s\u00e5 du kan administrere og flytte dem.<\/p>\n<p>Bem\u00e6rk venligst, at vi kan bede dig om at bekr\u00e6fte din identitet, f\u00f8r vi besvarer s\u00e5danne anmodninger.<\/p>\n<h3>Tjenesteudbydere<\/h3>\n<p>Vi kan ans\u00e6tte tredjepartsvirksomheder og enkeltpersoner til at lette den service, vi tilbyder (&#8220;tjenesteudbydere&#8221;), til at levere servicen p\u00e5 vores vegne, til at udf\u00f8re servicerelaterede tjenester eller til at hj\u00e6lpe os med at analysere, hvordan vores service bruges. Vi kan is\u00e6r bruge st\u00f8tte fra tredjeparter til hosting og vedligeholdelse af dette websted.<\/p>\n<p>Disse tredjeparter har kun adgang til dine personlige oplysninger for at udf\u00f8re disse opgaver p\u00e5 vores vegne og er forpligtet til ikke at videregive eller bruge dem til andre form\u00e5l.<\/p>\n<p>Vi fraskriver os vores ansvar og er ikke ansvarlige for omkostninger og\/eller skader, som tjenesteudbydere m\u00e5tte p\u00e5f\u00f8re dig.<\/p>\n<h2>Analyse<\/h2>\n<p>Vi kan bruge tredjepartstjenesteudbydere til at overv\u00e5ge og analysere brugen af vores tjeneste.<\/p>\n<h3>Google Analytics<\/h3>\n<p>Google Analytics er en webanalysetjeneste, der tilbydes af Google, og som registrerer og rapporterer trafik p\u00e5 websites. Google bruger de indsamlede data til at spore og overv\u00e5ge brugen af vores tjeneste. Disse data deles med andre Google-tjenester. Google kan bruge de indsamlede data til at kontekstualisere og tilpasse annoncerne i sit eget reklamenetv\u00e6rk.<\/p>\n<p>Du kan frav\u00e6lge at g\u00f8re din aktivitet p\u00e5 Tjenesten tilg\u00e6ngelig for Google Analytics ved at installere Google Analytics opt-out browser add-on. Tilf\u00f8jelsen forhindrer Google Analytics JavaScript (ga.js, analytics.js og dc.js) i at dele oplysninger med Google Analytics om bes\u00f8gsaktivitet.<\/p>\n<p>Du kan f\u00e5 flere oplysninger om Googles praksis for beskyttelse af personlige oplysninger p\u00e5 Googles websted om vilk\u00e5r for beskyttelse af personlige oplysninger: http:\/\/www.google.com\/intl\/en\/policies\/privacy<\/p>\n<h2>Links til andre websteder<\/h2>\n<p>Vores tjeneste kan indeholde links til andre websteder, som ikke drives af os. Hvis du klikker p\u00e5 et link fra en tredjepart, vil du blive sendt videre til den p\u00e5g\u00e6ldende tredjeparts websted. Vi anbefaler kraftigt, at du gennemg\u00e5r fortrolighedspolitikken for alle de websteder, du bes\u00f8ger.<\/p>\n<p>Vi har ingen kontrol over og p\u00e5tager os intet ansvar for indholdet, fortrolighedspolitikker eller praksis p\u00e5 tredjeparts websteder eller tjenester.<\/p>\n<h2>B\u00f8rns privatliv<\/h2>\n<p>Vores tjeneste henvender sig ikke til personer under 13 \u00e5r, eller en yngre alder, hvis det er relevant i henhold til en specifik lov, der m\u00e5tte g\u00e6lde, men ikke yngre end 13 \u00e5r (&#8220;b\u00f8rn&#8221;).<\/p>\n<p>Vi indsamler ikke bevidst personligt identificerbare oplysninger fra personer under 13 \u00e5r. Hvis du er for\u00e6lder eller v\u00e6rge og er klar over, at dit barn har givet os personlige oplysninger, bedes du kontakte os. Hvis vi bliver opm\u00e6rksomme p\u00e5, at vi har indsamlet personlige oplysninger fra b\u00f8rn uden at kontrollere for\u00e6ldrenes samtykke, tr\u00e6ffer vi foranstaltninger til at fjerne disse oplysninger fra vores servere.<\/p>\n<h2>Videregivelse til retsh\u00e5ndh\u00e6velse<\/h2>\n<p>Under visse omst\u00e6ndigheder kan Transparenscentret v\u00e6re forpligtet til at videregive dine personoplysninger, hvis det kr\u00e6ves ved lov eller som svar p\u00e5 gyldige anmodninger fra offentlige myndigheder (f.eks. en domstol eller et statsligt organ).<\/p>\n<h2>Juridiske krav og ansvarsbegr\u00e6nsning<\/h2>\n<p>Gennemsigtighedscentret kan videregive dine personlige oplysninger i god tro, at en s\u00e5dan handling er n\u00f8dvendig for at:<\/p>\n<ul>\n<li>For at overholde en retlig forpligtelse<\/li>\n<li>For at beskytte og forsvare gennemsigtighedscentrets rettigheder eller ejendom<\/li>\n<li>For at forebygge eller efterforske eventuelle forseelser i forbindelse med tjenesten<\/li>\n<li>For at beskytte den personlige sikkerhed for brugerne af tjenesten eller offentligheden<\/li>\n<li>For at beskytte mod juridisk ansvar<\/li>\n<\/ul>\n<h2>\u00c6ndringer af denne politik om beskyttelse af personlige oplysninger<\/h2>\n<p>Vi kan opdatere vores privatlivspolitik fra tid til anden. Vi vil underrette dig om eventuelle \u00e6ndringer ved at offentligg\u00f8re den nye fortrolighedspolitik p\u00e5 denne side.<\/p>\n<p>Du anbefales at gennemg\u00e5 denne fortrolighedspolitik regelm\u00e6ssigt for at se eventuelle \u00e6ndringer. \u00c6ndringer af denne fortrolighedspolitik tr\u00e6der i kraft, n\u00e5r de offentligg\u00f8res p\u00e5 denne side.<\/p>\n<h2>Svindel med e-mail<\/h2>\n<p>E-mail-svindel er vokset dramatisk i de seneste \u00e5r, cyberkriminelle er blevet klogere, og vi har brug for din hj\u00e6lp til at bek\u00e6mpe dem.<\/p>\n<p>Cyberkriminelle vil bruge alle midler, de kan, for at narre dig til at dele dine personlige oplysninger, dine finansielle oplysninger eller endda bede dig om at foretage uopfordrede og kriminelle betalinger. De fleste cyberkriminelle vil fors\u00f8ge at kontakte repr\u00e6sentanter p\u00e5 h\u00f8jt niveau i virksomheden og fors\u00f8ge at skabe en f\u00f8lelse af, at det haster.<\/p>\n<p>Husk, at der findes mange svigagtige teknikker, og selv med de nuv\u00e6rende teknologier er der mange e-mailsvindelfors\u00f8g, der omg\u00e5r de sikkerhedsforanstaltninger, som virksomhederne har indf\u00f8rt.<\/p>\n<h3>Hvad g\u00f8r man i tvivlstilf\u00e6lde?<\/h3>\n<p>Hvis du er usikker p\u00e5, om e-mailen er \u00e6gte, er din bedste ven din IKT-\/IT-\/sikkerhedsafdeling. De kan hj\u00e6lpe med at unders\u00f8ge e-mailens oprindelse og legitimitet.<\/p>\n<h3>Hvordan indberetter jeg svigagtige e-mails?<\/h3>\n<p>Du kan kontakte os p\u00e5 <a href=\"mailto:contact@disinfocode.vost.pt\">contact@disinfocode.vost.pt<\/a> for at rapportere en bedragerisk e-mail eller f\u00e5 hj\u00e6lp til at beskytte dine data. Vi vil g\u00f8re vores bedste for at sikre maksimal beskyttelse.<\/p>\n<h2>Kontakt os<\/h2>\n<p>Hvis du har sp\u00f8rgsm\u00e5l om denne fortrolighedspolitik, <a href=\"mailto:contact@disinfocode.vost.pt\">bedes du kontakte os via denne e-mail<\/a>.<\/p>\n<\/div>\n      \n          <\/div>\n\n  <\/div>\n<\/section>\n","protected":false},"excerpt":{"rendered":"","protected":false},"author":62,"featured_media":0,"parent":0,"menu_order":0,"comment_status":"closed","ping_status":"closed","template":"","meta":{"_acf_changed":false,"footnotes":""},"class_list":["post-2652","page","type-page","status-publish","hentry"],"acf":[],"yoast_head":"<!-- This site is optimized with the Yoast SEO plugin v24.5 - https:\/\/yoast.com\/wordpress\/plugins\/seo\/ -->\n<title>Privatlivets fred - Transparency Centre<\/title>\n<meta name=\"robots\" content=\"index, follow, max-snippet:-1, max-image-preview:large, max-video-preview:-1\" \/>\n<link rel=\"canonical\" href=\"https:\/\/test2.disinfocode.eu\/da\/politik-for-beskyttelse-af-personlige-oplysninger\/\" \/>\n<meta property=\"og:locale\" content=\"da_DK\" \/>\n<meta property=\"og:type\" content=\"article\" \/>\n<meta property=\"og:title\" content=\"Privatlivets fred - Transparency Centre\" \/>\n<meta property=\"og:url\" content=\"https:\/\/test2.disinfocode.eu\/da\/politik-for-beskyttelse-af-personlige-oplysninger\/\" \/>\n<meta property=\"og:site_name\" content=\"Transparency Centre\" \/>\n<meta property=\"article:modified_time\" content=\"2023-03-27T18:24:37+00:00\" \/>\n<meta name=\"twitter:card\" content=\"summary_large_image\" \/>\n<script type=\"application\/ld+json\" class=\"yoast-schema-graph\">{\"@context\":\"https:\/\/schema.org\",\"@graph\":[{\"@type\":\"WebPage\",\"@id\":\"https:\/\/test2.disinfocode.eu\/da\/politik-for-beskyttelse-af-personlige-oplysninger\/\",\"url\":\"https:\/\/test2.disinfocode.eu\/da\/politik-for-beskyttelse-af-personlige-oplysninger\/\",\"name\":\"Privatlivets fred - Transparency Centre\",\"isPartOf\":{\"@id\":\"https:\/\/disinfocode.eu\/#website\"},\"datePublished\":\"2022-12-30T09:42:38+00:00\",\"dateModified\":\"2023-03-27T18:24:37+00:00\",\"inLanguage\":\"da-DK\",\"potentialAction\":[{\"@type\":\"ReadAction\",\"target\":[\"https:\/\/test2.disinfocode.eu\/da\/politik-for-beskyttelse-af-personlige-oplysninger\/\"]}]},{\"@type\":\"WebSite\",\"@id\":\"https:\/\/disinfocode.eu\/#website\",\"url\":\"https:\/\/disinfocode.eu\/\",\"name\":\"Transparency Centre\",\"description\":\"Discover the Code of Practice on Disinformation\",\"potentialAction\":[{\"@type\":\"SearchAction\",\"target\":{\"@type\":\"EntryPoint\",\"urlTemplate\":\"https:\/\/disinfocode.eu\/?s={search_term_string}\"},\"query-input\":{\"@type\":\"PropertyValueSpecification\",\"valueRequired\":true,\"valueName\":\"search_term_string\"}}],\"inLanguage\":\"da-DK\"}]}<\/script>\n<!-- \/ Yoast SEO plugin. -->","yoast_head_json":{"title":"Privatlivets fred - Transparency Centre","robots":{"index":"index","follow":"follow","max-snippet":"max-snippet:-1","max-image-preview":"max-image-preview:large","max-video-preview":"max-video-preview:-1"},"canonical":"https:\/\/test2.disinfocode.eu\/da\/politik-for-beskyttelse-af-personlige-oplysninger\/","og_locale":"da_DK","og_type":"article","og_title":"Privatlivets fred - Transparency Centre","og_url":"https:\/\/test2.disinfocode.eu\/da\/politik-for-beskyttelse-af-personlige-oplysninger\/","og_site_name":"Transparency Centre","article_modified_time":"2023-03-27T18:24:37+00:00","twitter_card":"summary_large_image","schema":{"@context":"https:\/\/schema.org","@graph":[{"@type":"WebPage","@id":"https:\/\/test2.disinfocode.eu\/da\/politik-for-beskyttelse-af-personlige-oplysninger\/","url":"https:\/\/test2.disinfocode.eu\/da\/politik-for-beskyttelse-af-personlige-oplysninger\/","name":"Privatlivets fred - Transparency Centre","isPartOf":{"@id":"https:\/\/disinfocode.eu\/#website"},"datePublished":"2022-12-30T09:42:38+00:00","dateModified":"2023-03-27T18:24:37+00:00","inLanguage":"da-DK","potentialAction":[{"@type":"ReadAction","target":["https:\/\/test2.disinfocode.eu\/da\/politik-for-beskyttelse-af-personlige-oplysninger\/"]}]},{"@type":"WebSite","@id":"https:\/\/disinfocode.eu\/#website","url":"https:\/\/disinfocode.eu\/","name":"Transparency Centre","description":"Discover the Code of Practice on Disinformation","potentialAction":[{"@type":"SearchAction","target":{"@type":"EntryPoint","urlTemplate":"https:\/\/disinfocode.eu\/?s={search_term_string}"},"query-input":{"@type":"PropertyValueSpecification","valueRequired":true,"valueName":"search_term_string"}}],"inLanguage":"da-DK"}]}},"_links":{"self":[{"href":"https:\/\/test2.disinfocode.eu\/da\/wp-json\/wp\/v2\/pages\/2652","targetHints":{"allow":["GET"]}}],"collection":[{"href":"https:\/\/test2.disinfocode.eu\/da\/wp-json\/wp\/v2\/pages"}],"about":[{"href":"https:\/\/test2.disinfocode.eu\/da\/wp-json\/wp\/v2\/types\/page"}],"author":[{"embeddable":true,"href":"https:\/\/test2.disinfocode.eu\/da\/wp-json\/wp\/v2\/users\/62"}],"replies":[{"embeddable":true,"href":"https:\/\/test2.disinfocode.eu\/da\/wp-json\/wp\/v2\/comments?post=2652"}],"version-history":[{"count":0,"href":"https:\/\/test2.disinfocode.eu\/da\/wp-json\/wp\/v2\/pages\/2652\/revisions"}],"wp:attachment":[{"href":"https:\/\/test2.disinfocode.eu\/da\/wp-json\/wp\/v2\/media?parent=2652"}],"curies":[{"name":"wp","href":"https:\/\/api.w.org\/{rel}","templated":true}]}}