{"id":2674,"date":"2023-01-23T14:17:37","date_gmt":"2023-01-23T14:17:37","guid":{"rendered":"https:\/\/wp-dev.space\/zn\/transparency-center\/master\/soubory-cookie\/"},"modified":"2023-02-09T03:18:39","modified_gmt":"2023-02-09T03:18:39","slug":"soubory-cookie","status":"publish","type":"page","link":"https:\/\/test2.disinfocode.eu\/cs\/soubory-cookie\/","title":{"rendered":"Soubory cookie"},"content":{"rendered":"<section class=\"title-block title-block-m gutenberg-block  indigo-800\" >\n  <div class=\"sk-container sk-container--fl\">\n\n    <div class=\"title-block-content sk-container\">\n\n      \n            <h1 class=\"title-block-title\">Soubory cookie<\/h1>\n    <\/div>\n\n  <\/div>\n<\/section>\n<section data-aos=\"fade-up\" data-aos-duration=\"1500\" class=\"text-block text-block-m gutenberg-block \" >\n  <div class=\"sk-container sk-container--fl\">\n\n    <div class=\"text-block-content sk-container\">\n\n              <div class=\"text-block-text\"><p>Ke sledov\u00e1n\u00ed aktivity na na\u0161ich webov\u00fdch str\u00e1nk\u00e1ch a uchov\u00e1v\u00e1n\u00ed ur\u010dit\u00fdch informac\u00ed pou\u017e\u00edv\u00e1me soubory cookie a podobn\u00e9 sledovac\u00ed technologie.<\/p>\n<p>Soubory cookie jsou soubory s mal\u00fdm mno\u017estv\u00edm dat, kter\u00e9 mohou obsahovat anonymn\u00ed jedine\u010dn\u00fd identifik\u00e1tor. Soubory cookie jsou odes\u00edl\u00e1ny do prohl\u00ed\u017ee\u010de z webov\u00fdch str\u00e1nek a ukl\u00e1d\u00e1ny do va\u0161eho za\u0159\u00edzen\u00ed. Ke shroma\u017e\u010fov\u00e1n\u00ed a sledov\u00e1n\u00ed informac\u00ed a ke zlep\u0161ov\u00e1n\u00ed a anal\u00fdze n\u00e1mi poskytovan\u00fdch slu\u017eeb se pou\u017e\u00edvaj\u00ed tak\u00e9 sledovac\u00ed technologie, jako jsou maj\u00e1ky, zna\u010dky a skripty.<\/p>\n<p>Sv\u00e9mu prohl\u00ed\u017ee\u010di m\u016f\u017eete na\u0159\u00eddit, aby odm\u00edtal v\u0161echny soubory cookie nebo aby informoval o odes\u00edl\u00e1n\u00ed soubor\u016f cookie. Pokud v\u0161ak soubory cookie nep\u0159ijmete, je mo\u017en\u00e9, \u017ee n\u011bkter\u00e9 \u010d\u00e1sti na\u0161ich webov\u00fdch str\u00e1nek nebudete moci pou\u017e\u00edvat.<\/p>\n<p>Na t\u011bchto webov\u00fdch str\u00e1nk\u00e1ch se pou\u017e\u00edvaj\u00ed tyto soubory cookie:<\/p>\n<p><strong><div id=\"cmplz-cookies-overview\"><\/div><\/strong><\/p>\n<div><\/div>\n<\/div>\n      \n          <\/div>\n\n  <\/div>\n<\/section>\n","protected":false},"excerpt":{"rendered":"","protected":false},"author":93,"featured_media":0,"parent":0,"menu_order":0,"comment_status":"closed","ping_status":"closed","template":"","meta":{"_acf_changed":false,"footnotes":""},"class_list":["post-2674","page","type-page","status-publish","hentry"],"acf":[],"yoast_head":"<!-- This site is optimized with the Yoast SEO plugin v24.5 - https:\/\/yoast.com\/wordpress\/plugins\/seo\/ -->\n<title>Soubory cookie - Transparency Centre<\/title>\n<meta name=\"robots\" content=\"index, follow, max-snippet:-1, max-image-preview:large, max-video-preview:-1\" \/>\n<link rel=\"canonical\" href=\"https:\/\/test2.disinfocode.eu\/cs\/soubory-cookie\/\" \/>\n<meta property=\"og:locale\" content=\"cs_CZ\" \/>\n<meta property=\"og:type\" content=\"article\" \/>\n<meta property=\"og:title\" content=\"Soubory cookie - Transparency Centre\" \/>\n<meta property=\"og:url\" content=\"https:\/\/test2.disinfocode.eu\/cs\/soubory-cookie\/\" \/>\n<meta property=\"og:site_name\" content=\"Transparency Centre\" \/>\n<meta property=\"article:modified_time\" content=\"2023-02-09T03:18:39+00:00\" \/>\n<meta name=\"twitter:card\" content=\"summary_large_image\" \/>\n<script type=\"application\/ld+json\" class=\"yoast-schema-graph\">{\"@context\":\"https:\/\/schema.org\",\"@graph\":[{\"@type\":\"WebPage\",\"@id\":\"https:\/\/test2.disinfocode.eu\/cs\/soubory-cookie\/\",\"url\":\"https:\/\/test2.disinfocode.eu\/cs\/soubory-cookie\/\",\"name\":\"Soubory cookie - Transparency Centre\",\"isPartOf\":{\"@id\":\"https:\/\/disinfocode.eu\/#website\"},\"datePublished\":\"2023-01-23T14:17:37+00:00\",\"dateModified\":\"2023-02-09T03:18:39+00:00\",\"inLanguage\":\"cs\",\"potentialAction\":[{\"@type\":\"ReadAction\",\"target\":[\"https:\/\/test2.disinfocode.eu\/cs\/soubory-cookie\/\"]}]},{\"@type\":\"WebSite\",\"@id\":\"https:\/\/disinfocode.eu\/#website\",\"url\":\"https:\/\/disinfocode.eu\/\",\"name\":\"Transparency Centre\",\"description\":\"Discover the Code of Practice on Disinformation\",\"potentialAction\":[{\"@type\":\"SearchAction\",\"target\":{\"@type\":\"EntryPoint\",\"urlTemplate\":\"https:\/\/disinfocode.eu\/?s={search_term_string}\"},\"query-input\":{\"@type\":\"PropertyValueSpecification\",\"valueRequired\":true,\"valueName\":\"search_term_string\"}}],\"inLanguage\":\"cs\"}]}<\/script>\n<!-- \/ Yoast SEO plugin. -->","yoast_head_json":{"title":"Soubory cookie - Transparency Centre","robots":{"index":"index","follow":"follow","max-snippet":"max-snippet:-1","max-image-preview":"max-image-preview:large","max-video-preview":"max-video-preview:-1"},"canonical":"https:\/\/test2.disinfocode.eu\/cs\/soubory-cookie\/","og_locale":"cs_CZ","og_type":"article","og_title":"Soubory cookie - Transparency Centre","og_url":"https:\/\/test2.disinfocode.eu\/cs\/soubory-cookie\/","og_site_name":"Transparency Centre","article_modified_time":"2023-02-09T03:18:39+00:00","twitter_card":"summary_large_image","schema":{"@context":"https:\/\/schema.org","@graph":[{"@type":"WebPage","@id":"https:\/\/test2.disinfocode.eu\/cs\/soubory-cookie\/","url":"https:\/\/test2.disinfocode.eu\/cs\/soubory-cookie\/","name":"Soubory cookie - Transparency Centre","isPartOf":{"@id":"https:\/\/disinfocode.eu\/#website"},"datePublished":"2023-01-23T14:17:37+00:00","dateModified":"2023-02-09T03:18:39+00:00","inLanguage":"cs","potentialAction":[{"@type":"ReadAction","target":["https:\/\/test2.disinfocode.eu\/cs\/soubory-cookie\/"]}]},{"@type":"WebSite","@id":"https:\/\/disinfocode.eu\/#website","url":"https:\/\/disinfocode.eu\/","name":"Transparency Centre","description":"Discover the Code of Practice on Disinformation","potentialAction":[{"@type":"SearchAction","target":{"@type":"EntryPoint","urlTemplate":"https:\/\/disinfocode.eu\/?s={search_term_string}"},"query-input":{"@type":"PropertyValueSpecification","valueRequired":true,"valueName":"search_term_string"}}],"inLanguage":"cs"}]}},"_links":{"self":[{"href":"https:\/\/test2.disinfocode.eu\/cs\/wp-json\/wp\/v2\/pages\/2674","targetHints":{"allow":["GET"]}}],"collection":[{"href":"https:\/\/test2.disinfocode.eu\/cs\/wp-json\/wp\/v2\/pages"}],"about":[{"href":"https:\/\/test2.disinfocode.eu\/cs\/wp-json\/wp\/v2\/types\/page"}],"author":[{"embeddable":true,"href":"https:\/\/test2.disinfocode.eu\/cs\/wp-json\/wp\/v2\/users\/93"}],"replies":[{"embeddable":true,"href":"https:\/\/test2.disinfocode.eu\/cs\/wp-json\/wp\/v2\/comments?post=2674"}],"version-history":[{"count":0,"href":"https:\/\/test2.disinfocode.eu\/cs\/wp-json\/wp\/v2\/pages\/2674\/revisions"}],"wp:attachment":[{"href":"https:\/\/test2.disinfocode.eu\/cs\/wp-json\/wp\/v2\/media?parent=2674"}],"curies":[{"name":"wp","href":"https:\/\/api.w.org\/{rel}","templated":true}]}}