{"id":2614,"date":"2023-01-20T11:04:00","date_gmt":"2023-01-20T09:04:00","guid":{"rendered":"https:\/\/wp-dev.space\/zn\/transparency-center\/master\/prohlaseni-o-pristupnosti\/"},"modified":"2023-02-20T12:58:29","modified_gmt":"2023-02-20T12:58:29","slug":"prohlaseni-o-pristupnosti","status":"publish","type":"page","link":"https:\/\/test2.disinfocode.eu\/cs\/prohlaseni-o-pristupnosti\/","title":{"rendered":"Prohl\u00e1\u0161en\u00ed o p\u0159\u00edstupnosti"},"content":{"rendered":"\n<p><\/p>\n<section class=\"title-block title-block-m gutenberg-block  indigo-800\" >\n  <div class=\"sk-container sk-container--fl\">\n\n    <div class=\"title-block-content sk-container\">\n\n      \n            <h1 class=\"title-block-title\">Prohl\u00e1\u0161en\u00ed o p\u0159\u00edstupnosti<\/h1>\n    <\/div>\n\n  <\/div>\n<\/section>\n<section data-aos=\"fade-up\" data-aos-duration=\"1500\" class=\"text-block text-block-m gutenberg-block \" >\n  <div class=\"sk-container sk-container--fl\">\n\n    <div class=\"text-block-content sk-container\">\n\n              <div class=\"text-block-text\"><p>Centrum Transparency se zav\u00e1zalo zajistit digit\u00e1ln\u00ed p\u0159\u00edstupnost pro osoby se zdravotn\u00edm posti\u017een\u00edm. Neust\u00e1le zlep\u0161ujeme u\u017eivatelsk\u00fd komfort pro v\u0161echny a uplat\u0148ujeme p\u0159\u00edslu\u0161n\u00e9 standardy p\u0159\u00edstupnosti.<\/p>\n<h2>Opat\u0159en\u00ed na podporu p\u0159\u00edstupnosti<\/h2>\n<p>Centrum pro transparentnost p\u0159ij\u00edm\u00e1 n\u00e1sleduj\u00edc\u00ed opat\u0159en\u00ed k zaji\u0161t\u011bn\u00ed p\u0159\u00edstupnosti str\u00e1nek https:\/\/test2.disinfocode.eu\/:<\/p>\n<ul>\n<li>Obr\u00e1zky maj\u00ed smyslupln\u00fd alt text<\/li>\n<li>Odkazy jsou vizu\u00e1ln\u011b identifikovateln\u00e9<\/li>\n<li>Pou\u017e\u00edv\u00e1n\u00ed popisn\u00fdch nadpis\u016f odd\u00edl\u016f<\/li>\n<li>Pou\u017eit\u00ed spr\u00e1vn\u00e9 s\u00e9mantick\u00e9 struktury prvk\u016f HTML<\/li>\n<li>Formul\u00e1\u0159e maj\u00ed popisn\u00e9 \u0161t\u00edtky<\/li>\n<li>Informace nez\u00e1vis\u00ed na barv\u011b, zvuku, tvaru, velikosti nebo vizu\u00e1ln\u00ed poloze.<\/li>\n<li>Text a barva pozad\u00ed jsou dostate\u010dn\u011b kontrastn\u00ed<\/li>\n<li>Spr\u00e1vn\u00e9 \u0161k\u00e1lov\u00e1n\u00ed obsahu p\u0159i zv\u011bt\u0161en\u00ed\/zv\u011bt\u0161en\u00ed<\/li>\n<li>Pou\u017eit\u00ed popisn\u00e9 zna\u010dky titulku<\/li>\n<li>Podpora navigace pomoc\u00ed kl\u00e1vesnice<\/li>\n<li>Stavy zaost\u0159en\u00ed viditeln\u00e9 pro u\u017eivatele kl\u00e1vesnice<\/li>\n<li>Spr\u00e1vn\u00e9 typy vstup\u016f HTML5<\/li>\n<li>Str\u00e1nky se neo\u010dek\u00e1van\u011b nevyp\u00ednaj\u00ed<\/li>\n<li>Multim\u00e9dia lze konzumovat alternativn\u00edmi zp\u016fsoby<\/li>\n<li>Pou\u017eit\u00ed atributu &#8218;lang&#8216; jazyka HTML<\/li>\n<li>Pou\u017e\u00edv\u00e1n\u00ed srozumiteln\u00fdch vstupn\u00edch \u0161t\u00edtk\u016f<\/li>\n<li>Formul\u00e1\u0159e maj\u00ed u\u017eite\u010dn\u00e9 a p\u0159\u00edstupn\u00e9 chybov\u00e9 a ov\u011b\u0159ovac\u00ed zpr\u00e1vy.<\/li>\n<li>Odkazy jsou popisn\u00e9 a uv\u00e1d\u011bj\u00ed z\u00e1m\u011br<\/li>\n<li>Str\u00e1nky jsou srozumiteln\u00e9 bez zapnut\u00fdch styl\u016f<\/li>\n<li>HTML je spr\u00e1vn\u00e9 a bez chyb<\/li>\n<li>Soubory CSV ke sta\u017een\u00ed a soubory JSON ke sta\u017een\u00ed jsou soubory nezpracovan\u00fdch dat.<\/li>\n<\/ul>\n<h2>Stav shody<\/h2>\n<p>Pokyny pro p\u0159\u00edstupnost webov\u00e9ho obsahu (WCAG) definuj\u00ed po\u017eadavky na n\u00e1vrh\u00e1\u0159e a v\u00fdvoj\u00e1\u0159e, aby zlep\u0161ili p\u0159\u00edstupnost pro osoby se zdravotn\u00edm posti\u017een\u00edm. Definuje t\u0159i \u00farovn\u011b shody: \u00darove\u0148 A, \u00farove\u0148 AA a \u00farove\u0148 AAA. Centrum transparentnosti je \u010d\u00e1ste\u010dn\u011b v souladu s \u00farovn\u00ed AA normy WCAG 2.1. \u010c\u00e1ste\u010dn\u011b vyhovuj\u00edc\u00ed znamen\u00e1, \u017ee n\u011bkter\u00e9 \u010d\u00e1sti obsahu nejsou zcela v souladu se standardem p\u0159\u00edstupnosti.<\/p>\n<h3>Dal\u0161\u00ed aspekty p\u0159\u00edstupnosti<\/h3>\n<p class=\"basic-information conformance-additions\">A\u010dkoli je na\u0161\u00edm c\u00edlem shoda s WCAG 2.1 \u00farovn\u011b AA, pou\u017eili jsme tak\u00e9 n\u011bkter\u00e1 krit\u00e9ria \u00fasp\u011b\u0161nosti \u00farovn\u011b AAA:<\/p>\n<ul>\n<li>Nepou\u017e\u00edv\u00e1me obr\u00e1zky textu.<\/li>\n<li>V\u0161echny funkce jsou bez v\u00fdjimky p\u0159\u00edstupn\u00e9 pomoc\u00ed kl\u00e1vesnice.<\/li>\n<li>Na webov\u00fdch str\u00e1nk\u00e1ch nejsou \u017e\u00e1dn\u00e1 \u010dasov\u00e1 omezen\u00ed.<\/li>\n<li>\u017d\u00e1dn\u00fd obsah neblik\u00e1 v\u00edce ne\u017e t\u0159ikr\u00e1t za sekundu.<\/li>\n<li>U\u017eivatele informujeme o tom, kde se na webu pr\u00e1v\u011b nach\u00e1zej\u00ed.<\/li>\n<li>\u00da\u010del ka\u017ed\u00e9ho odkazu je z\u0159ejm\u00fd z jeho textu.<\/li>\n<li>Uspo\u0159\u00e1dan\u00fd obsah s nadpisy.<\/li>\n<\/ul>\n<h2>Technick\u00e9 specifikace<\/h2>\n<p>P\u0159\u00edstupnost Centra pro transparentnost z\u00e1vis\u00ed na n\u00e1sleduj\u00edc\u00edch technologi\u00edch, kter\u00e9 funguj\u00ed s konkr\u00e9tn\u00ed kombinac\u00ed webov\u00e9ho prohl\u00ed\u017ee\u010de a asisten\u010dn\u00edch technologi\u00ed nebo z\u00e1suvn\u00fdch modul\u016f nainstalovan\u00fdch ve va\u0161em po\u010d\u00edta\u010di:<\/p>\n<ul class=\"technical-information technologies-used\">\n<li>HTML<\/li>\n<li>WAI-ARIA<\/li>\n<li>CSS<\/li>\n<li>JavaScript<\/li>\n<li>PHP<\/li>\n<\/ul>\n<p>Na tyto technologie se spol\u00e9h\u00e1 z hlediska shody s pou\u017e\u00edvan\u00fdmi standardy p\u0159\u00edstupnosti.<\/p>\n<h2>Omezen\u00ed a alternativy<\/h2>\n<p>I p\u0159es na\u0161i snahu o zaji\u0161t\u011bn\u00ed p\u0159\u00edstupnosti Centra pro transparentnost se mohou vyskytnout ur\u010dit\u00e1 omezen\u00ed. N\u00ed\u017ee je uveden popis zn\u00e1m\u00fdch omezen\u00ed a mo\u017en\u00fdch \u0159e\u0161en\u00ed. Pokud zjist\u00edte probl\u00e9m, kter\u00fd nen\u00ed uveden n\u00ed\u017ee, kontaktujte n\u00e1s.<\/p>\n<p>Zn\u00e1m\u00e1 omezen\u00ed pro st\u0159edisko Transparency Centre:<\/p>\n<ol class=\"technical-information accessibility-limitations\">\n<li>Automaticky generovan\u00e9 soubory PDF ze zpr\u00e1v nemus\u00ed b\u00fdt pln\u011b v souladu s p\u0159edpisy.<\/li>\n<li>Nahran\u00e9 soubory PDF od signat\u00e1\u0159\u016f nemus\u00ed b\u00fdt zcela v souladu s p\u0159edpisy.<\/li>\n<\/ol>\n<h2>Zp\u011btn\u00e1 vazba<\/h2>\n<p>Uv\u00edt\u00e1me va\u0161i zp\u011btnou vazbu ohledn\u011b p\u0159\u00edstupnosti centra Transparency Centre. Dejte n\u00e1m pros\u00edm v\u011bd\u011bt, pokud naraz\u00edte na p\u0159ek\u00e1\u017eky v p\u0159\u00edstupnosti Centra pro transparentnost:<\/p>\n<p>E-mail: contact@disinfocode.vost.pt<\/p>\n<\/div>\n      \n          <\/div>\n\n  <\/div>\n<\/section>\n\n<p><\/p>\n","protected":false},"excerpt":{"rendered":"","protected":false},"author":93,"featured_media":0,"parent":0,"menu_order":0,"comment_status":"closed","ping_status":"closed","template":"","meta":{"_acf_changed":false,"footnotes":""},"class_list":["post-2614","page","type-page","status-publish","hentry"],"acf":[],"yoast_head":"<!-- This site is optimized with the Yoast SEO plugin v24.5 - https:\/\/yoast.com\/wordpress\/plugins\/seo\/ -->\n<title>Prohl\u00e1\u0161en\u00ed o p\u0159\u00edstupnosti - Transparency Centre<\/title>\n<meta name=\"robots\" content=\"index, follow, max-snippet:-1, max-image-preview:large, max-video-preview:-1\" \/>\n<link rel=\"canonical\" href=\"https:\/\/test2.disinfocode.eu\/cs\/prohlaseni-o-pristupnosti\/\" \/>\n<meta property=\"og:locale\" content=\"cs_CZ\" \/>\n<meta property=\"og:type\" content=\"article\" \/>\n<meta property=\"og:title\" content=\"Prohl\u00e1\u0161en\u00ed o p\u0159\u00edstupnosti - Transparency Centre\" \/>\n<meta property=\"og:url\" content=\"https:\/\/test2.disinfocode.eu\/cs\/prohlaseni-o-pristupnosti\/\" \/>\n<meta property=\"og:site_name\" content=\"Transparency Centre\" \/>\n<meta property=\"article:modified_time\" content=\"2023-02-20T12:58:29+00:00\" \/>\n<meta name=\"twitter:card\" content=\"summary_large_image\" \/>\n<script type=\"application\/ld+json\" class=\"yoast-schema-graph\">{\"@context\":\"https:\/\/schema.org\",\"@graph\":[{\"@type\":\"WebPage\",\"@id\":\"https:\/\/test2.disinfocode.eu\/cs\/prohlaseni-o-pristupnosti\/\",\"url\":\"https:\/\/test2.disinfocode.eu\/cs\/prohlaseni-o-pristupnosti\/\",\"name\":\"Prohl\u00e1\u0161en\u00ed o p\u0159\u00edstupnosti - Transparency Centre\",\"isPartOf\":{\"@id\":\"https:\/\/disinfocode.eu\/#website\"},\"datePublished\":\"2023-01-20T09:04:00+00:00\",\"dateModified\":\"2023-02-20T12:58:29+00:00\",\"inLanguage\":\"cs\",\"potentialAction\":[{\"@type\":\"ReadAction\",\"target\":[\"https:\/\/test2.disinfocode.eu\/cs\/prohlaseni-o-pristupnosti\/\"]}]},{\"@type\":\"WebSite\",\"@id\":\"https:\/\/disinfocode.eu\/#website\",\"url\":\"https:\/\/disinfocode.eu\/\",\"name\":\"Transparency Centre\",\"description\":\"Discover the Code of Practice on Disinformation\",\"potentialAction\":[{\"@type\":\"SearchAction\",\"target\":{\"@type\":\"EntryPoint\",\"urlTemplate\":\"https:\/\/disinfocode.eu\/?s={search_term_string}\"},\"query-input\":{\"@type\":\"PropertyValueSpecification\",\"valueRequired\":true,\"valueName\":\"search_term_string\"}}],\"inLanguage\":\"cs\"}]}<\/script>\n<!-- \/ Yoast SEO plugin. -->","yoast_head_json":{"title":"Prohl\u00e1\u0161en\u00ed o p\u0159\u00edstupnosti - Transparency Centre","robots":{"index":"index","follow":"follow","max-snippet":"max-snippet:-1","max-image-preview":"max-image-preview:large","max-video-preview":"max-video-preview:-1"},"canonical":"https:\/\/test2.disinfocode.eu\/cs\/prohlaseni-o-pristupnosti\/","og_locale":"cs_CZ","og_type":"article","og_title":"Prohl\u00e1\u0161en\u00ed o p\u0159\u00edstupnosti - Transparency Centre","og_url":"https:\/\/test2.disinfocode.eu\/cs\/prohlaseni-o-pristupnosti\/","og_site_name":"Transparency Centre","article_modified_time":"2023-02-20T12:58:29+00:00","twitter_card":"summary_large_image","schema":{"@context":"https:\/\/schema.org","@graph":[{"@type":"WebPage","@id":"https:\/\/test2.disinfocode.eu\/cs\/prohlaseni-o-pristupnosti\/","url":"https:\/\/test2.disinfocode.eu\/cs\/prohlaseni-o-pristupnosti\/","name":"Prohl\u00e1\u0161en\u00ed o p\u0159\u00edstupnosti - Transparency Centre","isPartOf":{"@id":"https:\/\/disinfocode.eu\/#website"},"datePublished":"2023-01-20T09:04:00+00:00","dateModified":"2023-02-20T12:58:29+00:00","inLanguage":"cs","potentialAction":[{"@type":"ReadAction","target":["https:\/\/test2.disinfocode.eu\/cs\/prohlaseni-o-pristupnosti\/"]}]},{"@type":"WebSite","@id":"https:\/\/disinfocode.eu\/#website","url":"https:\/\/disinfocode.eu\/","name":"Transparency Centre","description":"Discover the Code of Practice on Disinformation","potentialAction":[{"@type":"SearchAction","target":{"@type":"EntryPoint","urlTemplate":"https:\/\/disinfocode.eu\/?s={search_term_string}"},"query-input":{"@type":"PropertyValueSpecification","valueRequired":true,"valueName":"search_term_string"}}],"inLanguage":"cs"}]}},"_links":{"self":[{"href":"https:\/\/test2.disinfocode.eu\/cs\/wp-json\/wp\/v2\/pages\/2614","targetHints":{"allow":["GET"]}}],"collection":[{"href":"https:\/\/test2.disinfocode.eu\/cs\/wp-json\/wp\/v2\/pages"}],"about":[{"href":"https:\/\/test2.disinfocode.eu\/cs\/wp-json\/wp\/v2\/types\/page"}],"author":[{"embeddable":true,"href":"https:\/\/test2.disinfocode.eu\/cs\/wp-json\/wp\/v2\/users\/93"}],"replies":[{"embeddable":true,"href":"https:\/\/test2.disinfocode.eu\/cs\/wp-json\/wp\/v2\/comments?post=2614"}],"version-history":[{"count":3,"href":"https:\/\/test2.disinfocode.eu\/cs\/wp-json\/wp\/v2\/pages\/2614\/revisions"}],"predecessor-version":[{"id":2728,"href":"https:\/\/test2.disinfocode.eu\/cs\/wp-json\/wp\/v2\/pages\/2614\/revisions\/2728"}],"wp:attachment":[{"href":"https:\/\/test2.disinfocode.eu\/cs\/wp-json\/wp\/v2\/media?parent=2614"}],"curies":[{"name":"wp","href":"https:\/\/api.w.org\/{rel}","templated":true}]}}